{"id":674,"date":"2015-02-10T04:21:12","date_gmt":"2015-02-10T04:21:12","guid":{"rendered":"http:\/\/taxhelplaw.com\/sp\/?page_id=674"},"modified":"2023-02-12T20:53:22","modified_gmt":"2023-02-12T20:53:22","slug":"enlaces-vitales-y-recursos","status":"publish","type":"page","link":"https:\/\/taxhelplaw.com\/sptax\/firma\/enlaces-vitales-y-recursos\/","title":{"rendered":"Enlaces Vitales y Recursos"},"content":{"rendered":"<p><strong>Otros profesionales en Colorado del Sur que lo pueden asistir con su problema de impuestos:<\/strong><\/p>\n<ul>\n<li><span style=\"color: #0000ff;\" data-darkreader-inline-color=\"\"><a style=\"color: #0000ff;\" title=\"Robert Bradley\" href=\"https:\/\/southerncoloradolawfirm.com\/\" target=\"_blank\" rel=\"noopener noreferrer\" data-darkreader-inline-color=\"\">Robert Bradley, JD<\/a><\/span> - El principal abogado de bancarrotas (abogado concursal) en Pueblo.<\/li>\n<li><span style=\"color: #0000ff;\" data-darkreader-inline-color=\"\"><a style=\"color: #0000ff;\" title=\"Linda M. Hopkins\" href=\"https:\/\/taxhelpreturns.com\/\" target=\"_blank\" rel=\"noopener noreferrer\" data-darkreader-inline-color=\"\">TaxHelpReturns<\/a><\/span> - Linda M. Hopkins - Preparaci\u00f3n de impuestos, registros de libros y contabilidad en Denver, Colorado.<\/li>\n<\/ul>\n<p>Blogs:<\/p>\n<ul>\n<li><span style=\"color: #0000ff;\" data-darkreader-inline-color=\"\"><a style=\"color: #0000ff;\" title=\"El Blog de TaxHelpAudit - Exprese su opini\u00f3n\" href=\"https:\/\/taxhelpaudit.wordpress.com\/\" target=\"_blank\" rel=\"noopener noreferrer\" data-darkreader-inline-color=\"\">El Blog de TaxHelpLaw (en ingl\u00e9s)<\/a><\/span><\/li>\n<li><span style=\"color: #0000ff;\" data-darkreader-inline-color=\"\"><a style=\"color: #0000ff;\" title=\"P\u00e1gina del blog del Defensor de los Contribuyentes\" href=\"https:\/\/taxhelplaw.com\/sptax\/blog\/\" target=\"_blank\" rel=\"noopener noreferrer\" data-darkreader-inline-color=\"\">El Defensor de los Contribuyentes<\/a><\/span><\/li>\n<\/ul>\n<p>Biblioteca de TaxHelp:<\/p>\n<p><span style=\"color: #0000ff;\" data-darkreader-inline-color=\"\"><a class=\"popup\" style=\"color: #0000ff;\" title=\"Gu\u00eda de ayuda de TaxHelp\" href=\"\/sptax\/wp-content\/uploads\/2016\/03\/4RsTaxHelp-Guide-to-Your-Rightspdf-1.pdf\" target=\"_blank\" rel=\"noopener noreferrer\" data-darkreader-inline-color=\"\">Gu\u00eda para que se represente s\u00f3lo en una auditor\u00eda del IRS (en ingl\u00e9s)<\/a><\/span><\/p>\n<p><span style=\"color: #0000ff;\" data-darkreader-inline-color=\"\"><a class=\"popup\" style=\"color: #0000ff;\" title=\"Los diez errores m\u00e1s comunes de casos del IRS\" href=\"https:\/\/taxhelplaw.com\/sptax\/firma\/enlaces-vitales-y-recursos\/10-errores-mas-comunes-con-el-irs\/\" target=\"_blank\" rel=\"noopener noreferrer\" data-darkreader-inline-color=\"\">Los diez errores m\u00e1s comunes de casos del IRS (en espa\u00f1ol)<\/a><\/span><\/p>\n<p><span style=\"color: #0000ff;\" data-darkreader-inline-color=\"\"><a class=\"popup\" style=\"color: #0000ff;\" title=\"Qu\u00e9 es una auditor\u00eda?\" href=\"https:\/\/taxhelplaw.com\/sptax\/wp-content\/uploads\/2023\/02\/Que.es_.Auditoria.pdf\" target=\"_blank\" rel=\"noopener noreferrer\" data-darkreader-inline-color=\"\">Qu\u00e9 es una auditor\u00eda<\/a><\/span><\/p>\n<p><span style=\"color: #0000ff;\" data-darkreader-inline-color=\"\"><a class=\"popup\" style=\"color: #0000ff;\" title=\"Gu\u00eda de TaxHelp para los cobros del IRS\" href=\"https:\/\/taxhelplaw.com\/sptax\/wp-content\/uploads\/2023\/02\/IRS-COLLECTIONS-sp.pdf\" target=\"_blank\" rel=\"noopener noreferrer\" data-darkreader-inline-color=\"\">Gu\u00eda de TaxHelp para los cobros del IRS<\/a><\/span><\/p>\n<p>Otros enlaces \u00fatiles:<\/p>\n<p><span style=\"color: #0000ff;\" data-darkreader-inline-color=\"\"><a class=\"popup\" style=\"color: #0000ff;\" href=\"https:\/\/taxhelplaw.com\/sptax\/autodefensa-contra-una-auditoria-del-irs\/\" target=\"_blank\" rel=\"noopener noreferrer\" data-darkreader-inline-color=\"\">Representarse a s\u00ed mismo en una Auditor\u00eda del IRS (en ingl\u00e9s)<\/a><\/span><\/p>\n<p><a class=\"popup\" href=\"https:\/\/www.irs.gov\/es\/spanish\" target=\"_blank\" rel=\"noopener noreferrer\">IRS (en espa\u00f1ol)<\/a><\/p>\n<p><span style=\"color: #0000ff;\" data-darkreader-inline-color=\"\"><a class=\"popup\" href=\"https:\/\/apps.irs.gov\/app\/picklist\/list\/formsPublications.html\" target=\"_blank\" rel=\"noopener noreferrer\">Formularios &amp; Publicaciones del IRS (en ingl\u00e9s)<\/a> <\/span><\/p>\n<p><span style=\"color: #0000ff;\" data-darkreader-inline-color=\"\"><a class=\"popup\" href=\"https:\/\/www.irs.gov\/es\/help\/telephone-assistance\" target=\"_blank\" rel=\"noopener noreferrer\">C\u00f3mo ponerse en contacto con el IRS<\/a> (en espa\u00f1ol)<\/span><\/p>\n<p><a class=\"popup\" href=\"https:\/\/www.irs.gov\/es\/help\/tac-locations-where-in-person-document-verification-is-provided\" target=\"_blank\" rel=\"noopener noreferrer\">Localizaci\u00f3n de los Centros de Asistencia a los Contribuyentes (TAC) donde se provee revisi\u00f3n de documentos en persona (en espa\u00f1ol)<\/a><\/p>\n<p><span style=\"color: #0000ff;\" data-darkreader-inline-color=\"\"><a class=\"popup\" style=\"color: #0000ff;\" title=\"Defensor de los Contribuyentes\" href=\"https:\/\/www.irs.gov\/es\/advocate\/local-taxpayer-advocate\" target=\"_blank\" rel=\"noopener noreferrer\" data-darkreader-inline-color=\"\">Comun\u00edquese con el Defensor del Contribuyente Local<\/a><\/span><\/p>\n<p><span style=\"color: #0000ff;\" data-darkreader-inline-color=\"\"><a class=\"popup\" style=\"color: #0000ff;\" title=\"Tribunal Federal de Primera Instancia - Colorado\" href=\"\/\/www.cod.uscourts.gov\/\" target=\"_blank\" rel=\"noopener noreferrer\" data-darkreader-inline-color=\"\">Tribunal Federal de Primera Instancia - Colorado (en ingl\u00e9s)<\/a><\/span><\/p>\n<p><span style=\"color: #0000ff;\" data-darkreader-inline-color=\"\"><a class=\"popup\" style=\"color: #0000ff;\" title=\"Tribunal Tributario de los Estados Unidos\" href=\"https:\/\/www.ustaxcourt.gov\/\" target=\"_blank\" rel=\"noopener noreferrer\" data-darkreader-inline-color=\"\">Tribunal Tributario de los Estados Unidos (en ingl\u00e9s)<\/a><\/span><\/p>\n<p><span style=\"color: #0000ff;\" data-darkreader-inline-color=\"\"><a class=\"popup\" style=\"color: #0000ff;\" href=\"https:\/\/home.treasury.gov\/utility\/languages\/espanol\" target=\"_blank\" rel=\"noopener noreferrer\" data-darkreader-inline-color=\"\">Departamento del Tesoro (en espa\u00f1ol)<\/a><\/span><\/p>\n<p><span style=\"color: #0000ff;\" data-darkreader-inline-color=\"\"><a class=\"popup\" style=\"color: #0000ff;\" href=\"https:\/\/www.colorado.gov\/tax\" target=\"_blank\" rel=\"noopener noreferrer\" data-darkreader-inline-color=\"\">Departamento de Ingresos P\u00fablicos (en ingl\u00e9s)<\/a><\/span><\/p>\n<p><span style=\"color: #0000ff;\" data-darkreader-inline-color=\"\"><a class=\"popup\" style=\"color: #0000ff;\" href=\"\/\/www.cobar.org\/\" target=\"_blank\" rel=\"noopener noreferrer\" data-darkreader-inline-color=\"\">Colegio de Abogados de Colorado (en ingl\u00e9s)<\/a><\/span><\/p>\n<p><span style=\"color: #0000ff;\" data-darkreader-inline-color=\"\"><a class=\"popup\" style=\"color: #0000ff;\" href=\"https:\/\/cscl.colibraries.org\/\" target=\"_blank\" rel=\"noopener noreferrer\" data-darkreader-inline-color=\"\">Librer\u00eda de la Corte Suprema de Colorado (en ingles)<\/a><\/span><\/p>\n<p>&nbsp;<\/p>\n<p><a href=\"https:\/\/taxhelplaw.com\/sptax\/sample-page-2\/contactenos\/\"><img loading=\"lazy\" decoding=\"async\" class=\"aligncenter size-full wp-image-3464\" title=\"Enlaces vitales y recursos en espa\u00f1ol\" src=\"https:\/\/taxhelplaw.com\/sptax\/wp-content\/uploads\/2022\/01\/taxhelpenespanol.jpg\" alt=\"Enlaces vitales y recursos en espa\u00f1ol.Abogado de derecho fiscal en Colorado Springs. Abogado de impuestos en Colorado Springs\" width=\"300\" height=\"101\" \/><\/a><\/p>\n","protected":false},"excerpt":{"rendered":"<p>Otros profesionales en Colorado del Sur que lo pueden asistir con su problema de impuestos: Robert Bradley, JD &#8211; El principal abogado de bancarrotas (abogado concursal) en Pueblo. TaxHelpReturns &#8211; Linda M. Hopkins &#8211; Preparaci\u00f3n de impuestos, registros de libros y contabilidad en Denver, Colorado. Blogs: El Blog de TaxHelpLaw (en ingl\u00e9s) El Defensor de [&hellip;]<\/p>\n","protected":false},"author":1,"featured_media":0,"parent":1866,"menu_order":3,"comment_status":"open","ping_status":"closed","template":"","meta":{"_genesis_hide_title":false,"_genesis_hide_breadcrumbs":false,"_genesis_hide_singular_image":false,"_genesis_hide_footer_widgets":false,"_genesis_custom_body_class":"","_genesis_custom_post_class":"","_genesis_layout":"","footnotes":""},"class_list":{"0":"post-674","1":"page","2":"type-page","3":"status-publish","5":"entry"},"yoast_head":"<!-- This site is optimized with the Yoast SEO Premium plugin v27.0 (Yoast SEO v27.4) - https:\/\/yoast.com\/product\/yoast-seo-premium-wordpress\/ -->\n<title>Enlaces vitales y recursos para solucionar su problema fiscal<\/title>\n<meta name=\"description\" content=\"Enlaces vitales y recursos de TaxHelpLaw, todo lo que necesita para solucionar sus problemas de impuestos.\" \/>\n<meta name=\"robots\" content=\"index, follow, max-snippet:-1, max-image-preview:large, max-video-preview:-1\" \/>\n<link rel=\"canonical\" href=\"https:\/\/taxhelplaw.com\/sptax\/firma\/enlaces-vitales-y-recursos\/\" \/>\n<meta property=\"og:locale\" content=\"es_MX\" \/>\n<meta property=\"og:type\" content=\"article\" \/>\n<meta property=\"og:title\" content=\"Enlaces Vitales y Recursos\" \/>\n<meta property=\"og:description\" content=\"Enlaces vitales y recursos de TaxHelpLaw, todo lo que necesita para solucionar sus problemas de impuestos.\" \/>\n<meta property=\"og:url\" content=\"https:\/\/taxhelplaw.com\/sptax\/firma\/enlaces-vitales-y-recursos\/\" \/>\n<meta property=\"og:site_name\" content=\"J. David Hopkins, JD LLM\" \/>\n<meta property=\"article:modified_time\" content=\"2023-02-12T20:53:22+00:00\" \/>\n<meta property=\"og:image\" content=\"https:\/\/taxhelplaw.com\/sptax\/wp-content\/uploads\/2022\/01\/taxhelpenespanol.jpg\" \/>\n<meta name=\"twitter:card\" content=\"summary_large_image\" \/>\n<meta name=\"twitter:label1\" content=\"Tiempo de lectura\" \/>\n\t<meta name=\"twitter:data1\" content=\"2 minutos\" \/>\n<script type=\"application\/ld+json\" class=\"yoast-schema-graph\">{\"@context\":\"https:\\\/\\\/schema.org\",\"@graph\":[{\"@type\":\"WebPage\",\"@id\":\"https:\\\/\\\/taxhelplaw.com\\\/sptax\\\/firma\\\/enlaces-vitales-y-recursos\\\/\",\"url\":\"https:\\\/\\\/taxhelplaw.com\\\/sptax\\\/firma\\\/enlaces-vitales-y-recursos\\\/\",\"name\":\"Enlaces vitales y recursos para solucionar su problema fiscal\",\"isPartOf\":{\"@id\":\"https:\\\/\\\/taxhelplaw.com\\\/sptax\\\/#website\"},\"primaryImageOfPage\":{\"@id\":\"https:\\\/\\\/taxhelplaw.com\\\/sptax\\\/firma\\\/enlaces-vitales-y-recursos\\\/#primaryimage\"},\"image\":{\"@id\":\"https:\\\/\\\/taxhelplaw.com\\\/sptax\\\/firma\\\/enlaces-vitales-y-recursos\\\/#primaryimage\"},\"thumbnailUrl\":\"https:\\\/\\\/taxhelplaw.com\\\/sptax\\\/wp-content\\\/uploads\\\/2022\\\/01\\\/taxhelpenespanol.jpg\",\"datePublished\":\"2015-02-10T04:21:12+00:00\",\"dateModified\":\"2023-02-12T20:53:22+00:00\",\"description\":\"Enlaces vitales y recursos de TaxHelpLaw, todo lo que necesita para solucionar sus problemas de impuestos.\",\"breadcrumb\":{\"@id\":\"https:\\\/\\\/taxhelplaw.com\\\/sptax\\\/firma\\\/enlaces-vitales-y-recursos\\\/#breadcrumb\"},\"inLanguage\":\"es\",\"potentialAction\":[{\"@type\":\"ReadAction\",\"target\":[\"https:\\\/\\\/taxhelplaw.com\\\/sptax\\\/firma\\\/enlaces-vitales-y-recursos\\\/\"]}]},{\"@type\":\"ImageObject\",\"inLanguage\":\"es\",\"@id\":\"https:\\\/\\\/taxhelplaw.com\\\/sptax\\\/firma\\\/enlaces-vitales-y-recursos\\\/#primaryimage\",\"url\":\"https:\\\/\\\/taxhelplaw.com\\\/sptax\\\/wp-content\\\/uploads\\\/2022\\\/01\\\/taxhelpenespanol.jpg\",\"contentUrl\":\"https:\\\/\\\/taxhelplaw.com\\\/sptax\\\/wp-content\\\/uploads\\\/2022\\\/01\\\/taxhelpenespanol.jpg\",\"width\":300,\"height\":101},{\"@type\":\"BreadcrumbList\",\"@id\":\"https:\\\/\\\/taxhelplaw.com\\\/sptax\\\/firma\\\/enlaces-vitales-y-recursos\\\/#breadcrumb\",\"itemListElement\":[{\"@type\":\"ListItem\",\"position\":1,\"name\":\"Home\",\"item\":\"https:\\\/\\\/taxhelplaw.com\\\/sptax\\\/\"},{\"@type\":\"ListItem\",\"position\":2,\"name\":\"Firma\",\"item\":\"https:\\\/\\\/taxhelplaw.com\\\/sptax\\\/firma\\\/\"},{\"@type\":\"ListItem\",\"position\":3,\"name\":\"Enlaces Vitales y Recursos\"}]},{\"@type\":\"WebSite\",\"@id\":\"https:\\\/\\\/taxhelplaw.com\\\/sptax\\\/#website\",\"url\":\"https:\\\/\\\/taxhelplaw.com\\\/sptax\\\/\",\"name\":\"J. David Hopkins, JD LLM\",\"description\":\"Maestr\u00eda en Derecho Tributario\",\"publisher\":{\"@id\":\"https:\\\/\\\/taxhelplaw.com\\\/sptax\\\/#organization\"},\"alternateName\":\"TaxHelpLaw en Espa\u00f1ol\",\"potentialAction\":[{\"@type\":\"SearchAction\",\"target\":{\"@type\":\"EntryPoint\",\"urlTemplate\":\"https:\\\/\\\/taxhelplaw.com\\\/sptax\\\/?s={search_term_string}\"},\"query-input\":{\"@type\":\"PropertyValueSpecification\",\"valueRequired\":true,\"valueName\":\"search_term_string\"}}],\"inLanguage\":\"es\"},{\"@type\":\"Organization\",\"@id\":\"https:\\\/\\\/taxhelplaw.com\\\/sptax\\\/#organization\",\"name\":\"TaxHelp, Inc.\",\"url\":\"https:\\\/\\\/taxhelplaw.com\\\/sptax\\\/\",\"logo\":{\"@type\":\"ImageObject\",\"inLanguage\":\"es\",\"@id\":\"https:\\\/\\\/taxhelplaw.com\\\/sptax\\\/#\\\/schema\\\/logo\\\/image\\\/\",\"url\":\"https:\\\/\\\/taxhelplaw.com\\\/sptax\\\/wp-content\\\/uploads\\\/2022\\\/01\\\/taxhelpenespanol.jpg\",\"contentUrl\":\"https:\\\/\\\/taxhelplaw.com\\\/sptax\\\/wp-content\\\/uploads\\\/2022\\\/01\\\/taxhelpenespanol.jpg\",\"width\":300,\"height\":101,\"caption\":\"TaxHelp, Inc.\"},\"image\":{\"@id\":\"https:\\\/\\\/taxhelplaw.com\\\/sptax\\\/#\\\/schema\\\/logo\\\/image\\\/\"}}]}<\/script>\n<!-- \/ Yoast SEO Premium plugin. -->","yoast_head_json":{"title":"Enlaces vitales y recursos para solucionar su problema fiscal","description":"Enlaces vitales y recursos de TaxHelpLaw, todo lo que necesita para solucionar sus problemas de impuestos.","robots":{"index":"index","follow":"follow","max-snippet":"max-snippet:-1","max-image-preview":"max-image-preview:large","max-video-preview":"max-video-preview:-1"},"canonical":"https:\/\/taxhelplaw.com\/sptax\/firma\/enlaces-vitales-y-recursos\/","og_locale":"es_MX","og_type":"article","og_title":"Enlaces Vitales y Recursos","og_description":"Enlaces vitales y recursos de TaxHelpLaw, todo lo que necesita para solucionar sus problemas de impuestos.","og_url":"https:\/\/taxhelplaw.com\/sptax\/firma\/enlaces-vitales-y-recursos\/","og_site_name":"J. David Hopkins, JD LLM","article_modified_time":"2023-02-12T20:53:22+00:00","og_image":[{"url":"https:\/\/taxhelplaw.com\/sptax\/wp-content\/uploads\/2022\/01\/taxhelpenespanol.jpg","type":"","width":"","height":""}],"twitter_card":"summary_large_image","twitter_misc":{"Tiempo de lectura":"2 minutos"},"schema":{"@context":"https:\/\/schema.org","@graph":[{"@type":"WebPage","@id":"https:\/\/taxhelplaw.com\/sptax\/firma\/enlaces-vitales-y-recursos\/","url":"https:\/\/taxhelplaw.com\/sptax\/firma\/enlaces-vitales-y-recursos\/","name":"Enlaces vitales y recursos para solucionar su problema fiscal","isPartOf":{"@id":"https:\/\/taxhelplaw.com\/sptax\/#website"},"primaryImageOfPage":{"@id":"https:\/\/taxhelplaw.com\/sptax\/firma\/enlaces-vitales-y-recursos\/#primaryimage"},"image":{"@id":"https:\/\/taxhelplaw.com\/sptax\/firma\/enlaces-vitales-y-recursos\/#primaryimage"},"thumbnailUrl":"https:\/\/taxhelplaw.com\/sptax\/wp-content\/uploads\/2022\/01\/taxhelpenespanol.jpg","datePublished":"2015-02-10T04:21:12+00:00","dateModified":"2023-02-12T20:53:22+00:00","description":"Enlaces vitales y recursos de TaxHelpLaw, todo lo que necesita para solucionar sus problemas de impuestos.","breadcrumb":{"@id":"https:\/\/taxhelplaw.com\/sptax\/firma\/enlaces-vitales-y-recursos\/#breadcrumb"},"inLanguage":"es","potentialAction":[{"@type":"ReadAction","target":["https:\/\/taxhelplaw.com\/sptax\/firma\/enlaces-vitales-y-recursos\/"]}]},{"@type":"ImageObject","inLanguage":"es","@id":"https:\/\/taxhelplaw.com\/sptax\/firma\/enlaces-vitales-y-recursos\/#primaryimage","url":"https:\/\/taxhelplaw.com\/sptax\/wp-content\/uploads\/2022\/01\/taxhelpenespanol.jpg","contentUrl":"https:\/\/taxhelplaw.com\/sptax\/wp-content\/uploads\/2022\/01\/taxhelpenespanol.jpg","width":300,"height":101},{"@type":"BreadcrumbList","@id":"https:\/\/taxhelplaw.com\/sptax\/firma\/enlaces-vitales-y-recursos\/#breadcrumb","itemListElement":[{"@type":"ListItem","position":1,"name":"Home","item":"https:\/\/taxhelplaw.com\/sptax\/"},{"@type":"ListItem","position":2,"name":"Firma","item":"https:\/\/taxhelplaw.com\/sptax\/firma\/"},{"@type":"ListItem","position":3,"name":"Enlaces Vitales y Recursos"}]},{"@type":"WebSite","@id":"https:\/\/taxhelplaw.com\/sptax\/#website","url":"https:\/\/taxhelplaw.com\/sptax\/","name":"J. David Hopkins, JD LLM","description":"Maestr\u00eda en Derecho Tributario","publisher":{"@id":"https:\/\/taxhelplaw.com\/sptax\/#organization"},"alternateName":"TaxHelpLaw en Espa\u00f1ol","potentialAction":[{"@type":"SearchAction","target":{"@type":"EntryPoint","urlTemplate":"https:\/\/taxhelplaw.com\/sptax\/?s={search_term_string}"},"query-input":{"@type":"PropertyValueSpecification","valueRequired":true,"valueName":"search_term_string"}}],"inLanguage":"es"},{"@type":"Organization","@id":"https:\/\/taxhelplaw.com\/sptax\/#organization","name":"TaxHelp, Inc.","url":"https:\/\/taxhelplaw.com\/sptax\/","logo":{"@type":"ImageObject","inLanguage":"es","@id":"https:\/\/taxhelplaw.com\/sptax\/#\/schema\/logo\/image\/","url":"https:\/\/taxhelplaw.com\/sptax\/wp-content\/uploads\/2022\/01\/taxhelpenespanol.jpg","contentUrl":"https:\/\/taxhelplaw.com\/sptax\/wp-content\/uploads\/2022\/01\/taxhelpenespanol.jpg","width":300,"height":101,"caption":"TaxHelp, Inc."},"image":{"@id":"https:\/\/taxhelplaw.com\/sptax\/#\/schema\/logo\/image\/"}}]}},"jetpack_sharing_enabled":false,"_links":{"self":[{"href":"https:\/\/taxhelplaw.com\/sptax\/wp-json\/wp\/v2\/pages\/674","targetHints":{"allow":["GET"]}}],"collection":[{"href":"https:\/\/taxhelplaw.com\/sptax\/wp-json\/wp\/v2\/pages"}],"about":[{"href":"https:\/\/taxhelplaw.com\/sptax\/wp-json\/wp\/v2\/types\/page"}],"author":[{"embeddable":true,"href":"https:\/\/taxhelplaw.com\/sptax\/wp-json\/wp\/v2\/users\/1"}],"replies":[{"embeddable":true,"href":"https:\/\/taxhelplaw.com\/sptax\/wp-json\/wp\/v2\/comments?post=674"}],"version-history":[{"count":26,"href":"https:\/\/taxhelplaw.com\/sptax\/wp-json\/wp\/v2\/pages\/674\/revisions"}],"predecessor-version":[{"id":6670,"href":"https:\/\/taxhelplaw.com\/sptax\/wp-json\/wp\/v2\/pages\/674\/revisions\/6670"}],"up":[{"embeddable":true,"href":"https:\/\/taxhelplaw.com\/sptax\/wp-json\/wp\/v2\/pages\/1866"}],"wp:attachment":[{"href":"https:\/\/taxhelplaw.com\/sptax\/wp-json\/wp\/v2\/media?parent=674"}],"curies":[{"name":"wp","href":"https:\/\/api.w.org\/{rel}","templated":true}]}}