{"id":570,"date":"2015-02-08T07:16:51","date_gmt":"2015-02-08T07:16:51","guid":{"rendered":"http:\/\/taxhelplaw.com\/sp\/?page_id=570"},"modified":"2023-03-28T15:23:09","modified_gmt":"2023-03-28T15:23:09","slug":"aviso-cp230","status":"publish","type":"page","link":"https:\/\/taxhelplaw.com\/sptax\/soluciones\/impuestos-de-negocio\/aviso-cp230\/","title":{"rendered":"Aviso CP230"},"content":{"rendered":"<p>El <a href=\"https:\/\/www.irs.gov\/es\/individuals\/understanding-your-irs-notice-or-letter\" rel=\"noopener\" target=\"_blank\">IRS<\/a> usa el Aviso CP230 para informarle que han ajustado su cuenta porque sus registros difieren de la informaci\u00f3n que usted present\u00f3 en su declaraci\u00f3n de impuesto. Este aviso es b\u00e1sicamente el mismo que env\u00edan a los <span style=\"color: #0000ff;\"><a style=\"color: #0000ff;\" title=\"Aviso CP24\" href=\"https:\/\/taxhelplaw.com\/sptax\/soluciones\/pasos-de-casos-errores-de-declaracion\/aviso-cp24-y-cp20\/\">individuos<\/a><\/span>. El problema es que las multas e intereses del IRS son tan altos que realmente pueden perjudicar al negocio. Para corregir el problema hay que investigar y revisar los archivos cuidadosamente.<\/p>\n<p>A menudo, los archivos del IRS tienen errores o tal vez usaron su pago para otro periodo de tiempo. O tal vez hay algo incorrecto en su declaraci\u00f3n de impuesto. Si el IRS tiene raz\u00f3n y usted debe, habr\u00e1 que hacer un acuerdo de pago.<\/p>\n<p>Hasta que el problema se resuelva, el IRS va a querer cobrarle o sea que lo mejor ser\u00eda empezar a pagar. Le van a devolver el dinero si se descubre que usted no lo deb\u00eda, pero por lo menos, mientras tanto no lo van a molestar.<\/p>\n<p>Podr\u00eda ser posible conseguir una rebaja de las multas para reducir la factura. Este proceso se hace separadamente y requiere un procedimiento especial.<\/p>\n<p>Usted debe pedirle al IRS las <a href=\"https:\/\/www.irs.gov\/es\/individuals\/get-transcript\" target=\"_blank\" rel=\"noopener\">transcripciones<\/a> de su negocio para compararlas con sus propios registros. Tal vez tenga que presentar una declaraci\u00f3n de impuesto modificada.<\/p>\n<p>Si usted ha recibido el Aviso CP230 vea los Pasos de Casis a seguir de <a title=\"Pasos de Casos \u2013 Impuestos de Negocio\" href=\"\/\/taxhelplaw.com\/sptax\/soluciones\/impuestos-de-negocio\/\"><span style=\"color: #0000ff;\">Impuestos de negocios<\/span><\/a> y Pasos de Casos a seguir de <a title=\"Pasos de Casos \u2013 Cobros\" href=\"\/\/taxhelplaw.com\/sptax\/soluciones\/cobros\/\"><span style=\"color: #0000ff;\">Cobros<\/span><\/a> antes de hacer una cita con el Lic. Hopkins.<\/p>\n<div class=\"one-half first\">\n<h6>Versi\u00f3n en ingl\u00e9s:<\/h6>\n<\/div>\n<div class=\"one-half\"><a href=\"\/sptax\/wp-content\/uploads\/2015\/02\/AvisoCP230-1.jpg\" class=\"popup\">Notice CP230<\/a><\/div>\n<p>&nbsp;<\/p>\n<div>\n<h6>Nuestra traducci\u00f3n al espa\u00f1ol:<\/h6>\n<\/div>\n<p><a title=\"Pasos de Casos \u2013 Cobros\" href=\"\/\/taxhelplaw.com\/sptax\/soluciones\/cobros\/\"><img loading=\"lazy\" decoding=\"async\" class=\"alignleft size-full wp-image-750\" src=\"https:\/\/taxhelplaw.com\/sptax\/wp-content\/uploads\/2023\/03\/Avisocp230enespanol-scaled.jpg\" alt=\"Aviso CP230 de IRS\" width=\"1238\" height=\"1665\" \/><\/a><\/p>\n<p><a href=\"https:\/\/taxhelplaw.com\/sptax\/sample-page-2\/contactenos\/\"><img loading=\"lazy\" decoding=\"async\" class=\"aligncenter size-full wp-image-3464\" title=\"Aviso CP230 del IRS\" src=\"https:\/\/taxhelplaw.com\/sptax\/wp-content\/uploads\/2022\/01\/taxhelpenespanol.jpg\" alt=\"Aviso CP230 del IRS. Abogado de derecho fiscal en Colorado Springs. Abogado de impuestos en Colorado Springs\" width=\"300\" height=\"101\" \/><\/a><\/p>\n","protected":false},"excerpt":{"rendered":"<p>El IRS usa el Aviso CP230 para informarle que han ajustado su cuenta porque sus registros difieren de la informaci\u00f3n que usted present\u00f3 en su declaraci\u00f3n de impuesto. Este aviso es b\u00e1sicamente el mismo que env\u00edan a los individuos. El problema es que las multas e intereses del IRS son tan altos que realmente pueden [&hellip;]<\/p>\n","protected":false},"author":1,"featured_media":0,"parent":294,"menu_order":12,"comment_status":"closed","ping_status":"closed","template":"","meta":{"_genesis_hide_title":false,"_genesis_hide_breadcrumbs":false,"_genesis_hide_singular_image":false,"_genesis_hide_footer_widgets":false,"_genesis_custom_body_class":"","_genesis_custom_post_class":"","_genesis_layout":"","footnotes":""},"class_list":{"0":"post-570","1":"page","2":"type-page","3":"status-publish","5":"entry"},"yoast_head":"<!-- This site is optimized with the Yoast SEO Premium plugin v27.0 (Yoast SEO v27.3) - https:\/\/yoast.com\/product\/yoast-seo-premium-wordpress\/ -->\n<title>Aviso CP230. Registros difieren. Ajuste de cuentas - TaxHelpLaw<\/title>\n<meta name=\"description\" content=\"Aviso CP230 del IRS: contacte a nuestro abogado fiscal, el Lic. Hopkins, quien puede resolver problemas relacionados con impuestos y el IRS.\" \/>\n<meta name=\"robots\" content=\"index, follow, max-snippet:-1, max-image-preview:large, max-video-preview:-1\" \/>\n<link rel=\"canonical\" href=\"https:\/\/taxhelplaw.com\/sptax\/soluciones\/impuestos-de-negocio\/aviso-cp230\/\" \/>\n<meta property=\"og:locale\" content=\"es_MX\" \/>\n<meta property=\"og:type\" content=\"article\" \/>\n<meta property=\"og:title\" content=\"Aviso CP230\" \/>\n<meta property=\"og:description\" content=\"Aviso CP230 del IRS: contacte a nuestro abogado fiscal, el Lic. Hopkins, quien puede resolver problemas relacionados con impuestos y el IRS.\" \/>\n<meta property=\"og:url\" content=\"https:\/\/taxhelplaw.com\/sptax\/soluciones\/impuestos-de-negocio\/aviso-cp230\/\" \/>\n<meta property=\"og:site_name\" content=\"J. David Hopkins, JD LLM\" \/>\n<meta property=\"article:modified_time\" content=\"2023-03-28T15:23:09+00:00\" \/>\n<meta property=\"og:image\" content=\"https:\/\/taxhelplaw.com\/sptax\/wp-content\/uploads\/2023\/03\/Avisocp230enespanol-scaled.jpg\" \/>\n<meta name=\"twitter:card\" content=\"summary_large_image\" \/>\n<meta name=\"twitter:label1\" content=\"Tiempo de lectura\" \/>\n\t<meta name=\"twitter:data1\" content=\"2 minutos\" \/>\n<script type=\"application\/ld+json\" class=\"yoast-schema-graph\">{\"@context\":\"https:\\\/\\\/schema.org\",\"@graph\":[{\"@type\":\"WebPage\",\"@id\":\"https:\\\/\\\/taxhelplaw.com\\\/sptax\\\/soluciones\\\/impuestos-de-negocio\\\/aviso-cp230\\\/\",\"url\":\"https:\\\/\\\/taxhelplaw.com\\\/sptax\\\/soluciones\\\/impuestos-de-negocio\\\/aviso-cp230\\\/\",\"name\":\"Aviso CP230. Registros difieren. Ajuste de cuentas - TaxHelpLaw\",\"isPartOf\":{\"@id\":\"https:\\\/\\\/taxhelplaw.com\\\/sptax\\\/#website\"},\"primaryImageOfPage\":{\"@id\":\"https:\\\/\\\/taxhelplaw.com\\\/sptax\\\/soluciones\\\/impuestos-de-negocio\\\/aviso-cp230\\\/#primaryimage\"},\"image\":{\"@id\":\"https:\\\/\\\/taxhelplaw.com\\\/sptax\\\/soluciones\\\/impuestos-de-negocio\\\/aviso-cp230\\\/#primaryimage\"},\"thumbnailUrl\":\"https:\\\/\\\/taxhelplaw.com\\\/sptax\\\/wp-content\\\/uploads\\\/2023\\\/03\\\/Avisocp230enespanol-scaled.jpg\",\"datePublished\":\"2015-02-08T07:16:51+00:00\",\"dateModified\":\"2023-03-28T15:23:09+00:00\",\"description\":\"Aviso CP230 del IRS: contacte a nuestro abogado fiscal, el Lic. Hopkins, quien puede resolver problemas relacionados con impuestos y el IRS.\",\"breadcrumb\":{\"@id\":\"https:\\\/\\\/taxhelplaw.com\\\/sptax\\\/soluciones\\\/impuestos-de-negocio\\\/aviso-cp230\\\/#breadcrumb\"},\"inLanguage\":\"es\",\"potentialAction\":[{\"@type\":\"ReadAction\",\"target\":[\"https:\\\/\\\/taxhelplaw.com\\\/sptax\\\/soluciones\\\/impuestos-de-negocio\\\/aviso-cp230\\\/\"]}]},{\"@type\":\"ImageObject\",\"inLanguage\":\"es\",\"@id\":\"https:\\\/\\\/taxhelplaw.com\\\/sptax\\\/soluciones\\\/impuestos-de-negocio\\\/aviso-cp230\\\/#primaryimage\",\"url\":\"https:\\\/\\\/taxhelplaw.com\\\/sptax\\\/wp-content\\\/uploads\\\/2023\\\/03\\\/Avisocp230enespanol-scaled.jpg\",\"contentUrl\":\"https:\\\/\\\/taxhelplaw.com\\\/sptax\\\/wp-content\\\/uploads\\\/2023\\\/03\\\/Avisocp230enespanol-scaled.jpg\",\"width\":1995,\"height\":2560},{\"@type\":\"BreadcrumbList\",\"@id\":\"https:\\\/\\\/taxhelplaw.com\\\/sptax\\\/soluciones\\\/impuestos-de-negocio\\\/aviso-cp230\\\/#breadcrumb\",\"itemListElement\":[{\"@type\":\"ListItem\",\"position\":1,\"name\":\"Home\",\"item\":\"https:\\\/\\\/taxhelplaw.com\\\/sptax\\\/\"},{\"@type\":\"ListItem\",\"position\":2,\"name\":\"Soluciones\",\"item\":\"https:\\\/\\\/taxhelplaw.com\\\/sptax\\\/soluciones\\\/\"},{\"@type\":\"ListItem\",\"position\":3,\"name\":\"Impuestos de Negocios\",\"item\":\"https:\\\/\\\/taxhelplaw.com\\\/sptax\\\/soluciones\\\/impuestos-de-negocio\\\/\"},{\"@type\":\"ListItem\",\"position\":4,\"name\":\"Aviso CP230\"}]},{\"@type\":\"WebSite\",\"@id\":\"https:\\\/\\\/taxhelplaw.com\\\/sptax\\\/#website\",\"url\":\"https:\\\/\\\/taxhelplaw.com\\\/sptax\\\/\",\"name\":\"J. David Hopkins, JD LLM\",\"description\":\"Maestr\u00eda en Derecho Tributario\",\"publisher\":{\"@id\":\"https:\\\/\\\/taxhelplaw.com\\\/sptax\\\/#organization\"},\"alternateName\":\"TaxHelpLaw en Espa\u00f1ol\",\"potentialAction\":[{\"@type\":\"SearchAction\",\"target\":{\"@type\":\"EntryPoint\",\"urlTemplate\":\"https:\\\/\\\/taxhelplaw.com\\\/sptax\\\/?s={search_term_string}\"},\"query-input\":{\"@type\":\"PropertyValueSpecification\",\"valueRequired\":true,\"valueName\":\"search_term_string\"}}],\"inLanguage\":\"es\"},{\"@type\":\"Organization\",\"@id\":\"https:\\\/\\\/taxhelplaw.com\\\/sptax\\\/#organization\",\"name\":\"TaxHelp, Inc.\",\"url\":\"https:\\\/\\\/taxhelplaw.com\\\/sptax\\\/\",\"logo\":{\"@type\":\"ImageObject\",\"inLanguage\":\"es\",\"@id\":\"https:\\\/\\\/taxhelplaw.com\\\/sptax\\\/#\\\/schema\\\/logo\\\/image\\\/\",\"url\":\"https:\\\/\\\/taxhelplaw.com\\\/sptax\\\/wp-content\\\/uploads\\\/2022\\\/01\\\/taxhelpenespanol.jpg\",\"contentUrl\":\"https:\\\/\\\/taxhelplaw.com\\\/sptax\\\/wp-content\\\/uploads\\\/2022\\\/01\\\/taxhelpenespanol.jpg\",\"width\":300,\"height\":101,\"caption\":\"TaxHelp, Inc.\"},\"image\":{\"@id\":\"https:\\\/\\\/taxhelplaw.com\\\/sptax\\\/#\\\/schema\\\/logo\\\/image\\\/\"}}]}<\/script>\n<!-- \/ Yoast SEO Premium plugin. -->","yoast_head_json":{"title":"Aviso CP230. Registros difieren. Ajuste de cuentas - TaxHelpLaw","description":"Aviso CP230 del IRS: contacte a nuestro abogado fiscal, el Lic. Hopkins, quien puede resolver problemas relacionados con impuestos y el IRS.","robots":{"index":"index","follow":"follow","max-snippet":"max-snippet:-1","max-image-preview":"max-image-preview:large","max-video-preview":"max-video-preview:-1"},"canonical":"https:\/\/taxhelplaw.com\/sptax\/soluciones\/impuestos-de-negocio\/aviso-cp230\/","og_locale":"es_MX","og_type":"article","og_title":"Aviso CP230","og_description":"Aviso CP230 del IRS: contacte a nuestro abogado fiscal, el Lic. Hopkins, quien puede resolver problemas relacionados con impuestos y el IRS.","og_url":"https:\/\/taxhelplaw.com\/sptax\/soluciones\/impuestos-de-negocio\/aviso-cp230\/","og_site_name":"J. David Hopkins, JD LLM","article_modified_time":"2023-03-28T15:23:09+00:00","og_image":[{"url":"https:\/\/taxhelplaw.com\/sptax\/wp-content\/uploads\/2023\/03\/Avisocp230enespanol-scaled.jpg","type":"","width":"","height":""}],"twitter_card":"summary_large_image","twitter_misc":{"Tiempo de lectura":"2 minutos"},"schema":{"@context":"https:\/\/schema.org","@graph":[{"@type":"WebPage","@id":"https:\/\/taxhelplaw.com\/sptax\/soluciones\/impuestos-de-negocio\/aviso-cp230\/","url":"https:\/\/taxhelplaw.com\/sptax\/soluciones\/impuestos-de-negocio\/aviso-cp230\/","name":"Aviso CP230. Registros difieren. Ajuste de cuentas - TaxHelpLaw","isPartOf":{"@id":"https:\/\/taxhelplaw.com\/sptax\/#website"},"primaryImageOfPage":{"@id":"https:\/\/taxhelplaw.com\/sptax\/soluciones\/impuestos-de-negocio\/aviso-cp230\/#primaryimage"},"image":{"@id":"https:\/\/taxhelplaw.com\/sptax\/soluciones\/impuestos-de-negocio\/aviso-cp230\/#primaryimage"},"thumbnailUrl":"https:\/\/taxhelplaw.com\/sptax\/wp-content\/uploads\/2023\/03\/Avisocp230enespanol-scaled.jpg","datePublished":"2015-02-08T07:16:51+00:00","dateModified":"2023-03-28T15:23:09+00:00","description":"Aviso CP230 del IRS: contacte a nuestro abogado fiscal, el Lic. Hopkins, quien puede resolver problemas relacionados con impuestos y el IRS.","breadcrumb":{"@id":"https:\/\/taxhelplaw.com\/sptax\/soluciones\/impuestos-de-negocio\/aviso-cp230\/#breadcrumb"},"inLanguage":"es","potentialAction":[{"@type":"ReadAction","target":["https:\/\/taxhelplaw.com\/sptax\/soluciones\/impuestos-de-negocio\/aviso-cp230\/"]}]},{"@type":"ImageObject","inLanguage":"es","@id":"https:\/\/taxhelplaw.com\/sptax\/soluciones\/impuestos-de-negocio\/aviso-cp230\/#primaryimage","url":"https:\/\/taxhelplaw.com\/sptax\/wp-content\/uploads\/2023\/03\/Avisocp230enespanol-scaled.jpg","contentUrl":"https:\/\/taxhelplaw.com\/sptax\/wp-content\/uploads\/2023\/03\/Avisocp230enespanol-scaled.jpg","width":1995,"height":2560},{"@type":"BreadcrumbList","@id":"https:\/\/taxhelplaw.com\/sptax\/soluciones\/impuestos-de-negocio\/aviso-cp230\/#breadcrumb","itemListElement":[{"@type":"ListItem","position":1,"name":"Home","item":"https:\/\/taxhelplaw.com\/sptax\/"},{"@type":"ListItem","position":2,"name":"Soluciones","item":"https:\/\/taxhelplaw.com\/sptax\/soluciones\/"},{"@type":"ListItem","position":3,"name":"Impuestos de Negocios","item":"https:\/\/taxhelplaw.com\/sptax\/soluciones\/impuestos-de-negocio\/"},{"@type":"ListItem","position":4,"name":"Aviso CP230"}]},{"@type":"WebSite","@id":"https:\/\/taxhelplaw.com\/sptax\/#website","url":"https:\/\/taxhelplaw.com\/sptax\/","name":"J. David Hopkins, JD LLM","description":"Maestr\u00eda en Derecho Tributario","publisher":{"@id":"https:\/\/taxhelplaw.com\/sptax\/#organization"},"alternateName":"TaxHelpLaw en Espa\u00f1ol","potentialAction":[{"@type":"SearchAction","target":{"@type":"EntryPoint","urlTemplate":"https:\/\/taxhelplaw.com\/sptax\/?s={search_term_string}"},"query-input":{"@type":"PropertyValueSpecification","valueRequired":true,"valueName":"search_term_string"}}],"inLanguage":"es"},{"@type":"Organization","@id":"https:\/\/taxhelplaw.com\/sptax\/#organization","name":"TaxHelp, Inc.","url":"https:\/\/taxhelplaw.com\/sptax\/","logo":{"@type":"ImageObject","inLanguage":"es","@id":"https:\/\/taxhelplaw.com\/sptax\/#\/schema\/logo\/image\/","url":"https:\/\/taxhelplaw.com\/sptax\/wp-content\/uploads\/2022\/01\/taxhelpenespanol.jpg","contentUrl":"https:\/\/taxhelplaw.com\/sptax\/wp-content\/uploads\/2022\/01\/taxhelpenespanol.jpg","width":300,"height":101,"caption":"TaxHelp, Inc."},"image":{"@id":"https:\/\/taxhelplaw.com\/sptax\/#\/schema\/logo\/image\/"}}]}},"jetpack_sharing_enabled":true,"_links":{"self":[{"href":"https:\/\/taxhelplaw.com\/sptax\/wp-json\/wp\/v2\/pages\/570","targetHints":{"allow":["GET"]}}],"collection":[{"href":"https:\/\/taxhelplaw.com\/sptax\/wp-json\/wp\/v2\/pages"}],"about":[{"href":"https:\/\/taxhelplaw.com\/sptax\/wp-json\/wp\/v2\/types\/page"}],"author":[{"embeddable":true,"href":"https:\/\/taxhelplaw.com\/sptax\/wp-json\/wp\/v2\/users\/1"}],"replies":[{"embeddable":true,"href":"https:\/\/taxhelplaw.com\/sptax\/wp-json\/wp\/v2\/comments?post=570"}],"version-history":[{"count":9,"href":"https:\/\/taxhelplaw.com\/sptax\/wp-json\/wp\/v2\/pages\/570\/revisions"}],"predecessor-version":[{"id":7661,"href":"https:\/\/taxhelplaw.com\/sptax\/wp-json\/wp\/v2\/pages\/570\/revisions\/7661"}],"up":[{"embeddable":true,"href":"https:\/\/taxhelplaw.com\/sptax\/wp-json\/wp\/v2\/pages\/294"}],"wp:attachment":[{"href":"https:\/\/taxhelplaw.com\/sptax\/wp-json\/wp\/v2\/media?parent=570"}],"curies":[{"name":"wp","href":"https:\/\/api.w.org\/{rel}","templated":true}]}}