{"id":568,"date":"2015-02-08T07:15:07","date_gmt":"2015-02-08T07:15:07","guid":{"rendered":"http:\/\/taxhelplaw.com\/sp\/?page_id=568"},"modified":"2023-04-03T02:07:00","modified_gmt":"2023-04-03T02:07:00","slug":"carta-1153","status":"publish","type":"page","link":"https:\/\/taxhelplaw.com\/sptax\/soluciones\/impuestos-de-negocio\/carta-1153\/","title":{"rendered":"Carta 1153"},"content":{"rendered":"<p>El <a href=\"https:\/\/www.irs.gov\/es\/individuals\/understanding-your-irs-notice-or-letter\" target=\"_blank\" rel=\"noopener\">IRS<\/a> usa la Carta 1153 para proponer la tasaci\u00f3n de la Multa por recuperaci\u00f3n del fondo fiduciario contra las personas responsables. Cuando un negocio no paga los impuestos de retenci\u00f3n del empleado, el IRS tiene derecho a cobrarles a las personas que deber\u00edan haberlo pagado (las personas responsables). Especialmente tienen derecho a cobrarles a los signatarios de las cuentas bancarias.<\/p>\n<p>Ya que se les ha dado cr\u00e9dito por los impuestos a los empleados y la Ley de Contribuci\u00f3n al Seguro Federal (FICA por sus siglas in ingles), el IRS piensa que las personas responsables han robado dinero de los Estados Unidos.<\/p>\n<p>Si el negocio es una corporaci\u00f3n (S o C en ingl\u00e9s), las personas a cargo no son legalmente responsables por la parte de negocio del impuesto (la mitad de FICA) pero son responsables por el resto. Con el <a class=\"popup\" title=\"Anexo C, Formulario 1040\" href=\"\/\/www.irs.gov\/pub\/irs-pdf\/f1040sc.pdf\" rel=\"noopener\"><span style=\"color: #0000ff;\">Anexo<\/span> <span style=\"color: #0000ff;\">C<\/span><\/a>, trabajador por cuenta propia, las personas a cargo son responsables por la totalidad del impuesto.<\/p>\n<p>Usted tiene 60 d\u00edas para <a title=\"Pasos de Casos \u2013 Apelaciones del IRS\" href=\"\/\/taxhelplaw.com\/sptax\/soluciones\/pasos-de-casos-apelaciones-del-irs\/\"><span style=\"color: #0000ff;\">Apelar<\/span><\/a> la decisi\u00f3n del IRS antes de la tasaci\u00f3n. Despu\u00e9s de que se haya hecho la determinaci\u00f3n de impuesto, usted puede apelar el embargo o gravamen con la <a class=\"popup\" title=\"Formulario 12153 Solicitud para una audencia\" href=\"\/\/www.irs.gov\/pub\/irs-pdf\/f12153sp.pdf\" target=\"_blank\" rel=\"noopener\"><span style=\"color: #0000ff;\">Apelaci\u00f3n de proceso<\/span><\/a> debido para cobro donde la responsabilidad subyacente estar\u00e1 en cuesti\u00f3n.<\/p>\n<p>La manera m\u00e1s tradicional, y la mejor, es pagar el impuesto en su totalidad, o una porci\u00f3n, y presentar un reclamo de reembolso con el Formulario <a class=\"popup\" title=\"Formulario 843\" href=\"\/\/www.irs.gov\/pub\/irs-pdf\/f843.pdf\" rel=\"noopener\"><span style=\"color: #0000ff;\">843<\/span><\/a>. El IRS va a ignorar su reclamo pero en 6 meses usted puede hacerle juicio a los Estados Unidos en el Tribunal Federal de Primera Instancia. Este es un foro justo y puede analizar su caso de manera independiente.<\/p>\n<h6>Usted va a necesitar ayuda de un abogado fiscal si ha recibido la Carta 1153<\/h6>\n<p>Si usted admite que es la persona a cargo, no tiene sentido disputar (use el Formulario <a title=\"Formulario 2751\" href=\"\/sptax\/wp-content\/uploads\/2015\/02\/Form2751-1.pdf\" class=\"popup\" rel=\"noopener\"><span style=\"color: #0000ff;\">2751<\/span><\/a>). En este caso, es mejor seguir los Pasos de Casos de <a title=\"Pasos de Casos \u2013 Cobros\" href=\"\/\/taxhelplaw.com\/sptax\/soluciones\/cobros\/\"><span style=\"color: #0000ff;\">Cobros<\/span><\/a> donde hay informaci\u00f3n, formularios e instrucciones.<\/p>\n<p>Si usted piensa que no es responsable por este impuesto, puede apelar al IRS. Tendr\u00e1 que presentar una demanda de reembolso y hacerle juicio a los Estados Unidos en el Tribunal Federal de Primera Instancia. Si el caso se decide en el tribunal, ya no se pueden hacer m\u00e1s apelaciones al IRS.<\/p>\n<p>Vea los Pasos de Casos de Impuesto de <a title=\"Pasos de Casos \u2013 Impuestos de Negocio\" href=\"\/\/taxhelplaw.com\/sptax\/soluciones\/impuestos-de-negocio\/\"><span style=\"color: #0000ff;\">negocios<\/span><\/a> donde hay m\u00e1s informaci\u00f3n, formularios e instrucciones para confrontar al IRS.<\/p>\n<p>P\u00f3ngase en contacto con nuestro abogado fiscal, el Lic. Hopkins, si ha recibido la Carta 1153 y tiene dudas.<\/p>\n<div class=\"one-half first\">\n<h6>Versi\u00f3n en ingl\u00e9s:<\/h6>\n<\/div>\n<div class=\"one-half\"><a href=\"\/sptax\/wp-content\/uploads\/2015\/02\/Carta1153-1.jpg\" class=\"popup\">Letter 1153<\/a><\/div>\n<p>&nbsp;<\/p>\n<div>\n<h6>Nuestra traducci\u00f3n al espa\u00f1ol:<\/h6>\n<\/div>\n<p><a title=\"Pasos de Casos \u2013 Impuestos de Negocio\" href=\"\/\/taxhelplaw.com\/sptax\/soluciones\/impuestos-de-negocio\/\"><img loading=\"lazy\" decoding=\"async\" class=\"alignleft size-full wp-image-973\" src=\"https:\/\/taxhelplaw.com\/sptax\/wp-content\/uploads\/2023\/03\/Carta1153enespanol.jpg\" alt=\"IRS Carta 1153\" width=\"1243\" height=\"1658\" \/><\/a><\/p>\n<p><a href=\"https:\/\/taxhelplaw.com\/sptax\/sample-page-2\/contactenos\/\"><img loading=\"lazy\" decoding=\"async\" class=\"aligncenter size-full wp-image-3464\" title=\"Carta 1153 del IRS\" src=\"https:\/\/taxhelplaw.com\/sptax\/wp-content\/uploads\/2022\/01\/taxhelpenespanol.jpg\" alt=\"Carta 1153 del IRS. Abogado de derecho fiscal en Colorado Springs. Abogado de impuestos en Colorado Springs\" width=\"300\" height=\"101\" \/><\/a><\/p>\n","protected":false},"excerpt":{"rendered":"<p>El IRS usa la Carta 1153 para proponer la tasaci\u00f3n de la Multa por recuperaci\u00f3n del fondo fiduciario contra las personas responsables. Cuando un negocio no paga los impuestos de retenci\u00f3n del empleado, el IRS tiene derecho a cobrarles a las personas que deber\u00edan haberlo pagado (las personas responsables). Especialmente tienen derecho a cobrarles a [&hellip;]<\/p>\n","protected":false},"author":1,"featured_media":0,"parent":294,"menu_order":20,"comment_status":"closed","ping_status":"closed","template":"","meta":{"_genesis_hide_title":false,"_genesis_hide_breadcrumbs":false,"_genesis_hide_singular_image":false,"_genesis_hide_footer_widgets":false,"_genesis_custom_body_class":"","_genesis_custom_post_class":"","_genesis_layout":"","footnotes":""},"class_list":{"0":"post-568","1":"page","2":"type-page","3":"status-publish","5":"entry"},"yoast_head":"<!-- This site is optimized with the Yoast SEO Premium plugin v27.0 (Yoast SEO v27.4) - https:\/\/yoast.com\/product\/yoast-seo-premium-wordpress\/ -->\n<title>Carta 1153. Multa - J. David Hopkins, JD LLM<\/title>\n<meta name=\"description\" content=\"Carta 1153 del IRS: Multa por recuperaci\u00f3n del fondo fiduciario. Visite nuestro sitio web para leer m\u00e1s al respecto.\" \/>\n<meta name=\"robots\" content=\"index, follow, max-snippet:-1, max-image-preview:large, max-video-preview:-1\" \/>\n<link rel=\"canonical\" href=\"https:\/\/taxhelplaw.com\/sptax\/soluciones\/impuestos-de-negocio\/carta-1153\/\" \/>\n<meta property=\"og:locale\" content=\"es_MX\" \/>\n<meta property=\"og:type\" content=\"article\" \/>\n<meta property=\"og:title\" content=\"Carta 1153\" \/>\n<meta property=\"og:description\" content=\"Carta 1153 del IRS: Multa por recuperaci\u00f3n del fondo fiduciario. Visite nuestro sitio web para leer m\u00e1s al respecto.\" \/>\n<meta property=\"og:url\" content=\"https:\/\/taxhelplaw.com\/sptax\/soluciones\/impuestos-de-negocio\/carta-1153\/\" \/>\n<meta property=\"og:site_name\" content=\"J. David Hopkins, JD LLM\" \/>\n<meta property=\"article:modified_time\" content=\"2023-04-03T02:07:00+00:00\" \/>\n<meta property=\"og:image\" content=\"https:\/\/taxhelplaw.com\/sptax\/wp-content\/uploads\/2023\/03\/Carta1153enespanol.jpg\" \/>\n<meta name=\"twitter:card\" content=\"summary_large_image\" \/>\n<meta name=\"twitter:label1\" content=\"Tiempo de lectura\" \/>\n\t<meta name=\"twitter:data1\" content=\"3 minutos\" \/>\n<script type=\"application\/ld+json\" class=\"yoast-schema-graph\">{\"@context\":\"https:\\\/\\\/schema.org\",\"@graph\":[{\"@type\":\"WebPage\",\"@id\":\"https:\\\/\\\/taxhelplaw.com\\\/sptax\\\/soluciones\\\/impuestos-de-negocio\\\/carta-1153\\\/\",\"url\":\"https:\\\/\\\/taxhelplaw.com\\\/sptax\\\/soluciones\\\/impuestos-de-negocio\\\/carta-1153\\\/\",\"name\":\"Carta 1153. Multa - J. David Hopkins, JD LLM\",\"isPartOf\":{\"@id\":\"https:\\\/\\\/taxhelplaw.com\\\/sptax\\\/#website\"},\"primaryImageOfPage\":{\"@id\":\"https:\\\/\\\/taxhelplaw.com\\\/sptax\\\/soluciones\\\/impuestos-de-negocio\\\/carta-1153\\\/#primaryimage\"},\"image\":{\"@id\":\"https:\\\/\\\/taxhelplaw.com\\\/sptax\\\/soluciones\\\/impuestos-de-negocio\\\/carta-1153\\\/#primaryimage\"},\"thumbnailUrl\":\"https:\\\/\\\/taxhelplaw.com\\\/sptax\\\/wp-content\\\/uploads\\\/2023\\\/03\\\/Carta1153enespanol.jpg\",\"datePublished\":\"2015-02-08T07:15:07+00:00\",\"dateModified\":\"2023-04-03T02:07:00+00:00\",\"description\":\"Carta 1153 del IRS: Multa por recuperaci\u00f3n del fondo fiduciario. Visite nuestro sitio web para leer m\u00e1s al respecto.\",\"breadcrumb\":{\"@id\":\"https:\\\/\\\/taxhelplaw.com\\\/sptax\\\/soluciones\\\/impuestos-de-negocio\\\/carta-1153\\\/#breadcrumb\"},\"inLanguage\":\"es\",\"potentialAction\":[{\"@type\":\"ReadAction\",\"target\":[\"https:\\\/\\\/taxhelplaw.com\\\/sptax\\\/soluciones\\\/impuestos-de-negocio\\\/carta-1153\\\/\"]}]},{\"@type\":\"ImageObject\",\"inLanguage\":\"es\",\"@id\":\"https:\\\/\\\/taxhelplaw.com\\\/sptax\\\/soluciones\\\/impuestos-de-negocio\\\/carta-1153\\\/#primaryimage\",\"url\":\"https:\\\/\\\/taxhelplaw.com\\\/sptax\\\/wp-content\\\/uploads\\\/2023\\\/03\\\/Carta1153enespanol.jpg\",\"contentUrl\":\"https:\\\/\\\/taxhelplaw.com\\\/sptax\\\/wp-content\\\/uploads\\\/2023\\\/03\\\/Carta1153enespanol.jpg\",\"width\":1698,\"height\":2198},{\"@type\":\"BreadcrumbList\",\"@id\":\"https:\\\/\\\/taxhelplaw.com\\\/sptax\\\/soluciones\\\/impuestos-de-negocio\\\/carta-1153\\\/#breadcrumb\",\"itemListElement\":[{\"@type\":\"ListItem\",\"position\":1,\"name\":\"Home\",\"item\":\"https:\\\/\\\/taxhelplaw.com\\\/sptax\\\/\"},{\"@type\":\"ListItem\",\"position\":2,\"name\":\"Soluciones\",\"item\":\"https:\\\/\\\/taxhelplaw.com\\\/sptax\\\/soluciones\\\/\"},{\"@type\":\"ListItem\",\"position\":3,\"name\":\"Impuestos de Negocios\",\"item\":\"https:\\\/\\\/taxhelplaw.com\\\/sptax\\\/soluciones\\\/impuestos-de-negocio\\\/\"},{\"@type\":\"ListItem\",\"position\":4,\"name\":\"Carta 1153\"}]},{\"@type\":\"WebSite\",\"@id\":\"https:\\\/\\\/taxhelplaw.com\\\/sptax\\\/#website\",\"url\":\"https:\\\/\\\/taxhelplaw.com\\\/sptax\\\/\",\"name\":\"J. David Hopkins, JD LLM\",\"description\":\"Maestr\u00eda en Derecho Tributario\",\"publisher\":{\"@id\":\"https:\\\/\\\/taxhelplaw.com\\\/sptax\\\/#organization\"},\"alternateName\":\"TaxHelpLaw en Espa\u00f1ol\",\"potentialAction\":[{\"@type\":\"SearchAction\",\"target\":{\"@type\":\"EntryPoint\",\"urlTemplate\":\"https:\\\/\\\/taxhelplaw.com\\\/sptax\\\/?s={search_term_string}\"},\"query-input\":{\"@type\":\"PropertyValueSpecification\",\"valueRequired\":true,\"valueName\":\"search_term_string\"}}],\"inLanguage\":\"es\"},{\"@type\":\"Organization\",\"@id\":\"https:\\\/\\\/taxhelplaw.com\\\/sptax\\\/#organization\",\"name\":\"TaxHelp, Inc.\",\"url\":\"https:\\\/\\\/taxhelplaw.com\\\/sptax\\\/\",\"logo\":{\"@type\":\"ImageObject\",\"inLanguage\":\"es\",\"@id\":\"https:\\\/\\\/taxhelplaw.com\\\/sptax\\\/#\\\/schema\\\/logo\\\/image\\\/\",\"url\":\"https:\\\/\\\/taxhelplaw.com\\\/sptax\\\/wp-content\\\/uploads\\\/2022\\\/01\\\/taxhelpenespanol.jpg\",\"contentUrl\":\"https:\\\/\\\/taxhelplaw.com\\\/sptax\\\/wp-content\\\/uploads\\\/2022\\\/01\\\/taxhelpenespanol.jpg\",\"width\":300,\"height\":101,\"caption\":\"TaxHelp, Inc.\"},\"image\":{\"@id\":\"https:\\\/\\\/taxhelplaw.com\\\/sptax\\\/#\\\/schema\\\/logo\\\/image\\\/\"}}]}<\/script>\n<!-- \/ Yoast SEO Premium plugin. -->","yoast_head_json":{"title":"Carta 1153. Multa - J. David Hopkins, JD LLM","description":"Carta 1153 del IRS: Multa por recuperaci\u00f3n del fondo fiduciario. Visite nuestro sitio web para leer m\u00e1s al respecto.","robots":{"index":"index","follow":"follow","max-snippet":"max-snippet:-1","max-image-preview":"max-image-preview:large","max-video-preview":"max-video-preview:-1"},"canonical":"https:\/\/taxhelplaw.com\/sptax\/soluciones\/impuestos-de-negocio\/carta-1153\/","og_locale":"es_MX","og_type":"article","og_title":"Carta 1153","og_description":"Carta 1153 del IRS: Multa por recuperaci\u00f3n del fondo fiduciario. Visite nuestro sitio web para leer m\u00e1s al respecto.","og_url":"https:\/\/taxhelplaw.com\/sptax\/soluciones\/impuestos-de-negocio\/carta-1153\/","og_site_name":"J. David Hopkins, JD LLM","article_modified_time":"2023-04-03T02:07:00+00:00","og_image":[{"url":"https:\/\/taxhelplaw.com\/sptax\/wp-content\/uploads\/2023\/03\/Carta1153enespanol.jpg","type":"","width":"","height":""}],"twitter_card":"summary_large_image","twitter_misc":{"Tiempo de lectura":"3 minutos"},"schema":{"@context":"https:\/\/schema.org","@graph":[{"@type":"WebPage","@id":"https:\/\/taxhelplaw.com\/sptax\/soluciones\/impuestos-de-negocio\/carta-1153\/","url":"https:\/\/taxhelplaw.com\/sptax\/soluciones\/impuestos-de-negocio\/carta-1153\/","name":"Carta 1153. Multa - J. David Hopkins, JD LLM","isPartOf":{"@id":"https:\/\/taxhelplaw.com\/sptax\/#website"},"primaryImageOfPage":{"@id":"https:\/\/taxhelplaw.com\/sptax\/soluciones\/impuestos-de-negocio\/carta-1153\/#primaryimage"},"image":{"@id":"https:\/\/taxhelplaw.com\/sptax\/soluciones\/impuestos-de-negocio\/carta-1153\/#primaryimage"},"thumbnailUrl":"https:\/\/taxhelplaw.com\/sptax\/wp-content\/uploads\/2023\/03\/Carta1153enespanol.jpg","datePublished":"2015-02-08T07:15:07+00:00","dateModified":"2023-04-03T02:07:00+00:00","description":"Carta 1153 del IRS: Multa por recuperaci\u00f3n del fondo fiduciario. Visite nuestro sitio web para leer m\u00e1s al respecto.","breadcrumb":{"@id":"https:\/\/taxhelplaw.com\/sptax\/soluciones\/impuestos-de-negocio\/carta-1153\/#breadcrumb"},"inLanguage":"es","potentialAction":[{"@type":"ReadAction","target":["https:\/\/taxhelplaw.com\/sptax\/soluciones\/impuestos-de-negocio\/carta-1153\/"]}]},{"@type":"ImageObject","inLanguage":"es","@id":"https:\/\/taxhelplaw.com\/sptax\/soluciones\/impuestos-de-negocio\/carta-1153\/#primaryimage","url":"https:\/\/taxhelplaw.com\/sptax\/wp-content\/uploads\/2023\/03\/Carta1153enespanol.jpg","contentUrl":"https:\/\/taxhelplaw.com\/sptax\/wp-content\/uploads\/2023\/03\/Carta1153enespanol.jpg","width":1698,"height":2198},{"@type":"BreadcrumbList","@id":"https:\/\/taxhelplaw.com\/sptax\/soluciones\/impuestos-de-negocio\/carta-1153\/#breadcrumb","itemListElement":[{"@type":"ListItem","position":1,"name":"Home","item":"https:\/\/taxhelplaw.com\/sptax\/"},{"@type":"ListItem","position":2,"name":"Soluciones","item":"https:\/\/taxhelplaw.com\/sptax\/soluciones\/"},{"@type":"ListItem","position":3,"name":"Impuestos de Negocios","item":"https:\/\/taxhelplaw.com\/sptax\/soluciones\/impuestos-de-negocio\/"},{"@type":"ListItem","position":4,"name":"Carta 1153"}]},{"@type":"WebSite","@id":"https:\/\/taxhelplaw.com\/sptax\/#website","url":"https:\/\/taxhelplaw.com\/sptax\/","name":"J. David Hopkins, JD LLM","description":"Maestr\u00eda en Derecho Tributario","publisher":{"@id":"https:\/\/taxhelplaw.com\/sptax\/#organization"},"alternateName":"TaxHelpLaw en Espa\u00f1ol","potentialAction":[{"@type":"SearchAction","target":{"@type":"EntryPoint","urlTemplate":"https:\/\/taxhelplaw.com\/sptax\/?s={search_term_string}"},"query-input":{"@type":"PropertyValueSpecification","valueRequired":true,"valueName":"search_term_string"}}],"inLanguage":"es"},{"@type":"Organization","@id":"https:\/\/taxhelplaw.com\/sptax\/#organization","name":"TaxHelp, Inc.","url":"https:\/\/taxhelplaw.com\/sptax\/","logo":{"@type":"ImageObject","inLanguage":"es","@id":"https:\/\/taxhelplaw.com\/sptax\/#\/schema\/logo\/image\/","url":"https:\/\/taxhelplaw.com\/sptax\/wp-content\/uploads\/2022\/01\/taxhelpenespanol.jpg","contentUrl":"https:\/\/taxhelplaw.com\/sptax\/wp-content\/uploads\/2022\/01\/taxhelpenespanol.jpg","width":300,"height":101,"caption":"TaxHelp, Inc."},"image":{"@id":"https:\/\/taxhelplaw.com\/sptax\/#\/schema\/logo\/image\/"}}]}},"jetpack_sharing_enabled":true,"_links":{"self":[{"href":"https:\/\/taxhelplaw.com\/sptax\/wp-json\/wp\/v2\/pages\/568","targetHints":{"allow":["GET"]}}],"collection":[{"href":"https:\/\/taxhelplaw.com\/sptax\/wp-json\/wp\/v2\/pages"}],"about":[{"href":"https:\/\/taxhelplaw.com\/sptax\/wp-json\/wp\/v2\/types\/page"}],"author":[{"embeddable":true,"href":"https:\/\/taxhelplaw.com\/sptax\/wp-json\/wp\/v2\/users\/1"}],"replies":[{"embeddable":true,"href":"https:\/\/taxhelplaw.com\/sptax\/wp-json\/wp\/v2\/comments?post=568"}],"version-history":[{"count":12,"href":"https:\/\/taxhelplaw.com\/sptax\/wp-json\/wp\/v2\/pages\/568\/revisions"}],"predecessor-version":[{"id":7700,"href":"https:\/\/taxhelplaw.com\/sptax\/wp-json\/wp\/v2\/pages\/568\/revisions\/7700"}],"up":[{"embeddable":true,"href":"https:\/\/taxhelplaw.com\/sptax\/wp-json\/wp\/v2\/pages\/294"}],"wp:attachment":[{"href":"https:\/\/taxhelplaw.com\/sptax\/wp-json\/wp\/v2\/media?parent=568"}],"curies":[{"name":"wp","href":"https:\/\/api.w.org\/{rel}","templated":true}]}}