{"id":560,"date":"2015-02-08T07:03:15","date_gmt":"2015-02-08T07:03:15","guid":{"rendered":"http:\/\/taxhelplaw.com\/sp\/?page_id=560"},"modified":"2023-03-28T15:18:34","modified_gmt":"2023-03-28T15:18:34","slug":"aviso-cp187","status":"publish","type":"page","link":"https:\/\/taxhelplaw.com\/sptax\/soluciones\/impuestos-de-negocio\/aviso-cp187\/","title":{"rendered":"Aviso CP187"},"content":{"rendered":"<p>El Aviso CP187 del <a href=\"https:\/\/www.irs.gov\/es\/individuals\/understanding-your-irs-notice-or-letter\" target=\"_blank\" rel=\"noopener\">IRS<\/a> es un recordatorio similar al <a title=\"Aviso CP160\" target=\"_blank\" href=\"\/\/taxhelplaw.com\/sptax\/soluciones\/impuestos-de-negocio\/aviso-cp160\/\" rel=\"noopener\"><span style=\"color: #0000ff;\">CP160<\/span><\/a> y <a title=\"Aviso CP163\" target=\"_blank\" href=\"\/\/taxhelplaw.com\/sptax\/soluciones\/impuestos-de-negocio\/aviso-cp163\/\" rel=\"noopener\"><span style=\"color: #0000ff;\">CP163<\/span><\/a>. Generalmente estos avisos involucran al <a class=\"popup\" title=\"Formulario 941\" href=\"\/\/www.irs.gov\/pub\/irs-pdf\/f941.pdf\" rel=\"noopener\"><span style=\"color: #0000ff;\">Formulario 941<\/span><\/a>, impuesto de retenci\u00f3n del empleado. A pesar de que el problema persiste, el IRS no busca el cobro activamente por lo que usted tiene tiempo de investigar y dedicarse al caso.<\/p>\n<p>Los impuestos del Formulario 941 no se liquidan en caso de bancarrota y el IRS, muy probablemente, aplicar\u00e1 un impuesto al due\u00f1o del negocio (o a las personas responsables por pagar impuestos), as\u00ed que el IRS tiene dos maneras de cobrar.<\/p>\n<p>A menudo, las multas e intereses del IRS son tan altos que el negocio se ve forzado a cerrar. Entonces la persona responsable tendr\u00e1 que hacer arreglos con el IRS. Si las condiciones son favorables se recomienda un ofrecimiento de transacci\u00f3n.<\/p>\n<p>Si el negocio permanece abierto o cierra sus puertas, hay que hacer planes para revertir este problema. Si es posible pagar los impuestos, hay que seguir con esos planes. Si realmente los impuestos no se pueden pagar habr\u00e1 que hacer otros arreglos.<\/p>\n<p>Si usted ha recibido el Aviso CP187\u00a0 nuestro abogado fiscal le puede preparar un Plan de Acci\u00f3n. Por favor vea los Pasos de Casos a seguir de <a title=\"Pasos de Casos \u2013 Impuestos de Negocio\" href=\"\/\/taxhelplaw.com\/sptax\/soluciones\/impuestos-de-negocio\/\"><span style=\"color: #0000ff;\">Impuestos de negocios<\/span><\/a> y Pasos de Casos de <a title=\"Pasos de Casos \u2013 Cobros\" href=\"\/\/taxhelplaw.com\/sptax\/soluciones\/cobros\/\"><span style=\"color: #0000ff;\">Cobros<\/span><\/a> antes de hacer una cita con el Lic. Hopkins.<\/p>\n<div class=\"one-half first\">\n<h6>Versi\u00f3n en ingl\u00e9s:<\/h6>\n<\/div>\n<div class=\"one-half\"><a href=\"\/sptax\/wp-content\/uploads\/2015\/02\/Aviso-CP187-1.jpg\" class=\"popup\">Notice CP187<\/a><\/div>\n<p>&nbsp;<\/p>\n<div>\n<h6>Nuestra traducci\u00f3n al espa\u00f1ol:<\/h6>\n<\/div>\n<p><a title=\"Pasos de Casos \u2013 Cobros\" href=\"\/\/taxhelplaw.com\/sptax\/soluciones\/cobros\/\"><img loading=\"lazy\" decoding=\"async\" class=\"alignleft size-full wp-image-1103\" src=\"https:\/\/taxhelplaw.com\/sptax\/wp-content\/uploads\/2023\/03\/Avisocp187enespanol_Page_1-scaled.jpg\" alt=\"Aviso CP187\" width=\"1246\" height=\"1666\" \/><\/a><\/p>\n<p><a href=\"https:\/\/taxhelplaw.com\/sptax\/wp-content\/uploads\/2022\/01\/taxhelpenespanol.jpg\"><img loading=\"lazy\" decoding=\"async\" class=\"aligncenter size-full wp-image-3464\" title=\"Aviso CP187 del IRS\" src=\"https:\/\/taxhelplaw.com\/sptax\/wp-content\/uploads\/2022\/01\/taxhelpenespanol.jpg\" alt=\"Aviso CP187 del IRS. Abogado de derecho fiscal en Colorado Springs. Abogado de impuestos en Colorado Springs\" width=\"300\" height=\"101\" \/><\/a><\/p>\n","protected":false},"excerpt":{"rendered":"<p>El Aviso CP187 del IRS es un recordatorio similar al CP160 y CP163. Generalmente estos avisos involucran al Formulario 941, impuesto de retenci\u00f3n del empleado. A pesar de que el problema persiste, el IRS no busca el cobro activamente por lo que usted tiene tiempo de investigar y dedicarse al caso. Los impuestos del Formulario [&hellip;]<\/p>\n","protected":false},"author":1,"featured_media":0,"parent":294,"menu_order":10,"comment_status":"closed","ping_status":"closed","template":"","meta":{"_genesis_hide_title":false,"_genesis_hide_breadcrumbs":false,"_genesis_hide_singular_image":false,"_genesis_hide_footer_widgets":false,"_genesis_custom_body_class":"","_genesis_custom_post_class":"","_genesis_layout":"","footnotes":""},"class_list":{"0":"post-560","1":"page","2":"type-page","3":"status-publish","5":"entry"},"yoast_head":"<!-- This site is optimized with the Yoast SEO Premium plugin v27.0 (Yoast SEO v27.3) - https:\/\/yoast.com\/product\/yoast-seo-premium-wordpress\/ -->\n<title>Aviso CP187. Recordatorio de saldo deudor - TaxHelpLaw<\/title>\n<meta name=\"description\" content=\"Aviso CP187 del IRS: p\u00f3ngase en contacto con nuestro abogado de impuestos quien resolver\u00e1 sus problemas con el IRS.\" \/>\n<meta name=\"robots\" content=\"index, follow, max-snippet:-1, max-image-preview:large, max-video-preview:-1\" \/>\n<link rel=\"canonical\" href=\"https:\/\/taxhelplaw.com\/sptax\/soluciones\/impuestos-de-negocio\/aviso-cp187\/\" \/>\n<meta property=\"og:locale\" content=\"es_MX\" \/>\n<meta property=\"og:type\" content=\"article\" \/>\n<meta property=\"og:title\" content=\"Aviso CP187\" \/>\n<meta property=\"og:description\" content=\"Aviso CP187 del IRS: p\u00f3ngase en contacto con nuestro abogado de impuestos quien resolver\u00e1 sus problemas con el IRS.\" \/>\n<meta property=\"og:url\" content=\"https:\/\/taxhelplaw.com\/sptax\/soluciones\/impuestos-de-negocio\/aviso-cp187\/\" \/>\n<meta property=\"og:site_name\" content=\"J. David Hopkins, JD LLM\" \/>\n<meta property=\"article:modified_time\" content=\"2023-03-28T15:18:34+00:00\" \/>\n<meta property=\"og:image\" content=\"https:\/\/taxhelplaw.com\/sptax\/wp-content\/uploads\/2023\/03\/Avisocp187enespanol_Page_1-scaled.jpg\" \/>\n<meta name=\"twitter:card\" content=\"summary_large_image\" \/>\n<meta name=\"twitter:label1\" content=\"Tiempo de lectura\" \/>\n\t<meta name=\"twitter:data1\" content=\"2 minutos\" \/>\n<script type=\"application\/ld+json\" class=\"yoast-schema-graph\">{\"@context\":\"https:\\\/\\\/schema.org\",\"@graph\":[{\"@type\":\"WebPage\",\"@id\":\"https:\\\/\\\/taxhelplaw.com\\\/sptax\\\/soluciones\\\/impuestos-de-negocio\\\/aviso-cp187\\\/\",\"url\":\"https:\\\/\\\/taxhelplaw.com\\\/sptax\\\/soluciones\\\/impuestos-de-negocio\\\/aviso-cp187\\\/\",\"name\":\"Aviso CP187. Recordatorio de saldo deudor - TaxHelpLaw\",\"isPartOf\":{\"@id\":\"https:\\\/\\\/taxhelplaw.com\\\/sptax\\\/#website\"},\"primaryImageOfPage\":{\"@id\":\"https:\\\/\\\/taxhelplaw.com\\\/sptax\\\/soluciones\\\/impuestos-de-negocio\\\/aviso-cp187\\\/#primaryimage\"},\"image\":{\"@id\":\"https:\\\/\\\/taxhelplaw.com\\\/sptax\\\/soluciones\\\/impuestos-de-negocio\\\/aviso-cp187\\\/#primaryimage\"},\"thumbnailUrl\":\"https:\\\/\\\/taxhelplaw.com\\\/sptax\\\/wp-content\\\/uploads\\\/2023\\\/03\\\/Avisocp187enespanol_Page_1-scaled.jpg\",\"datePublished\":\"2015-02-08T07:03:15+00:00\",\"dateModified\":\"2023-03-28T15:18:34+00:00\",\"description\":\"Aviso CP187 del IRS: p\u00f3ngase en contacto con nuestro abogado de impuestos quien resolver\u00e1 sus problemas con el IRS.\",\"breadcrumb\":{\"@id\":\"https:\\\/\\\/taxhelplaw.com\\\/sptax\\\/soluciones\\\/impuestos-de-negocio\\\/aviso-cp187\\\/#breadcrumb\"},\"inLanguage\":\"es\",\"potentialAction\":[{\"@type\":\"ReadAction\",\"target\":[\"https:\\\/\\\/taxhelplaw.com\\\/sptax\\\/soluciones\\\/impuestos-de-negocio\\\/aviso-cp187\\\/\"]}]},{\"@type\":\"ImageObject\",\"inLanguage\":\"es\",\"@id\":\"https:\\\/\\\/taxhelplaw.com\\\/sptax\\\/soluciones\\\/impuestos-de-negocio\\\/aviso-cp187\\\/#primaryimage\",\"url\":\"https:\\\/\\\/taxhelplaw.com\\\/sptax\\\/wp-content\\\/uploads\\\/2023\\\/03\\\/Avisocp187enespanol_Page_1-scaled.jpg\",\"contentUrl\":\"https:\\\/\\\/taxhelplaw.com\\\/sptax\\\/wp-content\\\/uploads\\\/2023\\\/03\\\/Avisocp187enespanol_Page_1-scaled.jpg\",\"width\":1995,\"height\":2560},{\"@type\":\"BreadcrumbList\",\"@id\":\"https:\\\/\\\/taxhelplaw.com\\\/sptax\\\/soluciones\\\/impuestos-de-negocio\\\/aviso-cp187\\\/#breadcrumb\",\"itemListElement\":[{\"@type\":\"ListItem\",\"position\":1,\"name\":\"Home\",\"item\":\"https:\\\/\\\/taxhelplaw.com\\\/sptax\\\/\"},{\"@type\":\"ListItem\",\"position\":2,\"name\":\"Soluciones\",\"item\":\"https:\\\/\\\/taxhelplaw.com\\\/sptax\\\/soluciones\\\/\"},{\"@type\":\"ListItem\",\"position\":3,\"name\":\"Impuestos de Negocios\",\"item\":\"https:\\\/\\\/taxhelplaw.com\\\/sptax\\\/soluciones\\\/impuestos-de-negocio\\\/\"},{\"@type\":\"ListItem\",\"position\":4,\"name\":\"Aviso CP187\"}]},{\"@type\":\"WebSite\",\"@id\":\"https:\\\/\\\/taxhelplaw.com\\\/sptax\\\/#website\",\"url\":\"https:\\\/\\\/taxhelplaw.com\\\/sptax\\\/\",\"name\":\"J. David Hopkins, JD LLM\",\"description\":\"Maestr\u00eda en Derecho Tributario\",\"publisher\":{\"@id\":\"https:\\\/\\\/taxhelplaw.com\\\/sptax\\\/#organization\"},\"alternateName\":\"TaxHelpLaw en Espa\u00f1ol\",\"potentialAction\":[{\"@type\":\"SearchAction\",\"target\":{\"@type\":\"EntryPoint\",\"urlTemplate\":\"https:\\\/\\\/taxhelplaw.com\\\/sptax\\\/?s={search_term_string}\"},\"query-input\":{\"@type\":\"PropertyValueSpecification\",\"valueRequired\":true,\"valueName\":\"search_term_string\"}}],\"inLanguage\":\"es\"},{\"@type\":\"Organization\",\"@id\":\"https:\\\/\\\/taxhelplaw.com\\\/sptax\\\/#organization\",\"name\":\"TaxHelp, Inc.\",\"url\":\"https:\\\/\\\/taxhelplaw.com\\\/sptax\\\/\",\"logo\":{\"@type\":\"ImageObject\",\"inLanguage\":\"es\",\"@id\":\"https:\\\/\\\/taxhelplaw.com\\\/sptax\\\/#\\\/schema\\\/logo\\\/image\\\/\",\"url\":\"https:\\\/\\\/taxhelplaw.com\\\/sptax\\\/wp-content\\\/uploads\\\/2022\\\/01\\\/taxhelpenespanol.jpg\",\"contentUrl\":\"https:\\\/\\\/taxhelplaw.com\\\/sptax\\\/wp-content\\\/uploads\\\/2022\\\/01\\\/taxhelpenespanol.jpg\",\"width\":300,\"height\":101,\"caption\":\"TaxHelp, Inc.\"},\"image\":{\"@id\":\"https:\\\/\\\/taxhelplaw.com\\\/sptax\\\/#\\\/schema\\\/logo\\\/image\\\/\"}}]}<\/script>\n<!-- \/ Yoast SEO Premium plugin. -->","yoast_head_json":{"title":"Aviso CP187. Recordatorio de saldo deudor - TaxHelpLaw","description":"Aviso CP187 del IRS: p\u00f3ngase en contacto con nuestro abogado de impuestos quien resolver\u00e1 sus problemas con el IRS.","robots":{"index":"index","follow":"follow","max-snippet":"max-snippet:-1","max-image-preview":"max-image-preview:large","max-video-preview":"max-video-preview:-1"},"canonical":"https:\/\/taxhelplaw.com\/sptax\/soluciones\/impuestos-de-negocio\/aviso-cp187\/","og_locale":"es_MX","og_type":"article","og_title":"Aviso CP187","og_description":"Aviso CP187 del IRS: p\u00f3ngase en contacto con nuestro abogado de impuestos quien resolver\u00e1 sus problemas con el IRS.","og_url":"https:\/\/taxhelplaw.com\/sptax\/soluciones\/impuestos-de-negocio\/aviso-cp187\/","og_site_name":"J. David Hopkins, JD LLM","article_modified_time":"2023-03-28T15:18:34+00:00","og_image":[{"url":"https:\/\/taxhelplaw.com\/sptax\/wp-content\/uploads\/2023\/03\/Avisocp187enespanol_Page_1-scaled.jpg","type":"","width":"","height":""}],"twitter_card":"summary_large_image","twitter_misc":{"Tiempo de lectura":"2 minutos"},"schema":{"@context":"https:\/\/schema.org","@graph":[{"@type":"WebPage","@id":"https:\/\/taxhelplaw.com\/sptax\/soluciones\/impuestos-de-negocio\/aviso-cp187\/","url":"https:\/\/taxhelplaw.com\/sptax\/soluciones\/impuestos-de-negocio\/aviso-cp187\/","name":"Aviso CP187. Recordatorio de saldo deudor - TaxHelpLaw","isPartOf":{"@id":"https:\/\/taxhelplaw.com\/sptax\/#website"},"primaryImageOfPage":{"@id":"https:\/\/taxhelplaw.com\/sptax\/soluciones\/impuestos-de-negocio\/aviso-cp187\/#primaryimage"},"image":{"@id":"https:\/\/taxhelplaw.com\/sptax\/soluciones\/impuestos-de-negocio\/aviso-cp187\/#primaryimage"},"thumbnailUrl":"https:\/\/taxhelplaw.com\/sptax\/wp-content\/uploads\/2023\/03\/Avisocp187enespanol_Page_1-scaled.jpg","datePublished":"2015-02-08T07:03:15+00:00","dateModified":"2023-03-28T15:18:34+00:00","description":"Aviso CP187 del IRS: p\u00f3ngase en contacto con nuestro abogado de impuestos quien resolver\u00e1 sus problemas con el IRS.","breadcrumb":{"@id":"https:\/\/taxhelplaw.com\/sptax\/soluciones\/impuestos-de-negocio\/aviso-cp187\/#breadcrumb"},"inLanguage":"es","potentialAction":[{"@type":"ReadAction","target":["https:\/\/taxhelplaw.com\/sptax\/soluciones\/impuestos-de-negocio\/aviso-cp187\/"]}]},{"@type":"ImageObject","inLanguage":"es","@id":"https:\/\/taxhelplaw.com\/sptax\/soluciones\/impuestos-de-negocio\/aviso-cp187\/#primaryimage","url":"https:\/\/taxhelplaw.com\/sptax\/wp-content\/uploads\/2023\/03\/Avisocp187enespanol_Page_1-scaled.jpg","contentUrl":"https:\/\/taxhelplaw.com\/sptax\/wp-content\/uploads\/2023\/03\/Avisocp187enespanol_Page_1-scaled.jpg","width":1995,"height":2560},{"@type":"BreadcrumbList","@id":"https:\/\/taxhelplaw.com\/sptax\/soluciones\/impuestos-de-negocio\/aviso-cp187\/#breadcrumb","itemListElement":[{"@type":"ListItem","position":1,"name":"Home","item":"https:\/\/taxhelplaw.com\/sptax\/"},{"@type":"ListItem","position":2,"name":"Soluciones","item":"https:\/\/taxhelplaw.com\/sptax\/soluciones\/"},{"@type":"ListItem","position":3,"name":"Impuestos de Negocios","item":"https:\/\/taxhelplaw.com\/sptax\/soluciones\/impuestos-de-negocio\/"},{"@type":"ListItem","position":4,"name":"Aviso CP187"}]},{"@type":"WebSite","@id":"https:\/\/taxhelplaw.com\/sptax\/#website","url":"https:\/\/taxhelplaw.com\/sptax\/","name":"J. David Hopkins, JD LLM","description":"Maestr\u00eda en Derecho Tributario","publisher":{"@id":"https:\/\/taxhelplaw.com\/sptax\/#organization"},"alternateName":"TaxHelpLaw en Espa\u00f1ol","potentialAction":[{"@type":"SearchAction","target":{"@type":"EntryPoint","urlTemplate":"https:\/\/taxhelplaw.com\/sptax\/?s={search_term_string}"},"query-input":{"@type":"PropertyValueSpecification","valueRequired":true,"valueName":"search_term_string"}}],"inLanguage":"es"},{"@type":"Organization","@id":"https:\/\/taxhelplaw.com\/sptax\/#organization","name":"TaxHelp, Inc.","url":"https:\/\/taxhelplaw.com\/sptax\/","logo":{"@type":"ImageObject","inLanguage":"es","@id":"https:\/\/taxhelplaw.com\/sptax\/#\/schema\/logo\/image\/","url":"https:\/\/taxhelplaw.com\/sptax\/wp-content\/uploads\/2022\/01\/taxhelpenespanol.jpg","contentUrl":"https:\/\/taxhelplaw.com\/sptax\/wp-content\/uploads\/2022\/01\/taxhelpenespanol.jpg","width":300,"height":101,"caption":"TaxHelp, Inc."},"image":{"@id":"https:\/\/taxhelplaw.com\/sptax\/#\/schema\/logo\/image\/"}}]}},"jetpack_sharing_enabled":true,"_links":{"self":[{"href":"https:\/\/taxhelplaw.com\/sptax\/wp-json\/wp\/v2\/pages\/560","targetHints":{"allow":["GET"]}}],"collection":[{"href":"https:\/\/taxhelplaw.com\/sptax\/wp-json\/wp\/v2\/pages"}],"about":[{"href":"https:\/\/taxhelplaw.com\/sptax\/wp-json\/wp\/v2\/types\/page"}],"author":[{"embeddable":true,"href":"https:\/\/taxhelplaw.com\/sptax\/wp-json\/wp\/v2\/users\/1"}],"replies":[{"embeddable":true,"href":"https:\/\/taxhelplaw.com\/sptax\/wp-json\/wp\/v2\/comments?post=560"}],"version-history":[{"count":8,"href":"https:\/\/taxhelplaw.com\/sptax\/wp-json\/wp\/v2\/pages\/560\/revisions"}],"predecessor-version":[{"id":7658,"href":"https:\/\/taxhelplaw.com\/sptax\/wp-json\/wp\/v2\/pages\/560\/revisions\/7658"}],"up":[{"embeddable":true,"href":"https:\/\/taxhelplaw.com\/sptax\/wp-json\/wp\/v2\/pages\/294"}],"wp:attachment":[{"href":"https:\/\/taxhelplaw.com\/sptax\/wp-json\/wp\/v2\/media?parent=560"}],"curies":[{"name":"wp","href":"https:\/\/api.w.org\/{rel}","templated":true}]}}