{"id":554,"date":"2015-02-08T06:53:00","date_gmt":"2015-02-08T06:53:00","guid":{"rendered":"http:\/\/taxhelplaw.com\/sp\/?page_id=554"},"modified":"2023-03-12T03:17:17","modified_gmt":"2023-03-12T03:17:17","slug":"formulario-5278","status":"publish","type":"page","link":"https:\/\/taxhelplaw.com\/sptax\/soluciones\/pasos-de-casos-auditorias\/formulario-5278\/","title":{"rendered":"Formulario 5278"},"content":{"rendered":"<p>El Formulario 5278 es esencialmente igual que el Formulario <a title=\"Formulario 4549\" href=\"\/\/taxhelplaw.com\/sptax\/soluciones\/pasos-de-casos-auditorias\/formulario-4549\/\">4549<\/a>. Se usa para proponer cambios a su declaraci\u00f3n de impuestos en una auditor\u00eda o para respaldar la emisi\u00f3n del <a title=\"Carta 3219 y Carta 531 \u2013 Aviso de Deficiencia\" href=\"\/\/taxhelplaw.com\/sptax\/soluciones\/pasos-de-casos-auditorias\/carta-3219-y-carta-531-aviso-de-deficiencia\/\">Aviso de deficiencia<\/a>.<\/p>\n<p>Aceptar y firmar este documento tiene implicaciones legales as\u00ed que por favor NO firme la segunda p\u00e1gina si no est\u00e1 de acuerdo. No es una factura entonces \u00a1no se d\u00e9 por vencido! Dependiendo de su rapidez en contestar podr\u00edamos solicitar una revisi\u00f3n de este formulario, o si no podemos <a title=\"Pasos de Casos \u2013 Apelaciones del IRS\" href=\"\/\/taxhelplaw.com\/sptax\/soluciones\/pasos-de-casos-apelaciones-del-irs\/\">apelar<\/a> o ir al <a title=\"Pasos de Casos \u2013 Corte\" href=\"\/\/taxhelplaw.com\/sptax\/soluciones\/pasos-de-casos-corte\/\">tribunal tributario<\/a>.<\/p>\n<p>Sus opciones son: 1) pagar la factura, 2) obtener m\u00e1s evidencia o leyes para respaldar el caso, 3) apelar al gerente del agente, 4) apelar al IRS, o 5) esperar a que le env\u00eden el Aviso de deficiencia y reclamar en el tribunal tributario. Vea los Pasos de Casos a seguir- <a title=\"Pasos de Casos \u2013 Apelaciones del IRS\" href=\"\/\/taxhelplaw.com\/sptax\/soluciones\/pasos-de-casos-apelaciones-del-irs\/\">Apelaciones<\/a> del IRS o Pasos de Casos - <a title=\"Pasos de Casos \u2013 Corte\" href=\"\/\/taxhelplaw.com\/sptax\/soluciones\/pasos-de-casos-corte\/\">Procesos judiciales<\/a>.<\/p>\n<p>Si usted est\u00e1 de acuerdo con los c\u00e1lculos del Formulario 5278, f\u00edrmelo y env\u00edelo por correo certificado al agente del IRS cuya direcci\u00f3n est\u00e1 en la segunda p\u00e1gina o en la <a title=\"Carta 525\" href=\"\/\/taxhelplaw.com\/sptax\/soluciones\/pasos-de-casos-auditorias\/cartas-525-692-1912\/\">Carta 692<\/a> o <a title=\"Carta 525\" href=\"\/\/taxhelplaw.com\/sptax\/soluciones\/pasos-de-casos-auditorias\/cartas-525-692-1912\/\">1912<\/a>, si las ha recibido. Tambi\u00e9n les puede enviar dinero pero si no puede pagar la suma total, el IRS le env\u00eda <a title=\"Aviso CP714\" href=\"\/\/taxhelplaw.com\/sptax\/soluciones\/cobros\/aviso-cp714\/\">una factura<\/a> con instrucciones. <em>Vea<\/em> Pasos de Casos - <a title=\"Pasos de Casos \u2013 Cobros\" href=\"\/\/taxhelplaw.com\/sptax\/soluciones\/cobros\/\">Cobros<\/a>.<\/p>\n<p>Si usted no responde al Formulario 5278, el IRS le env\u00eda un <a title=\"Carta 3219 y Carta 531 \u2013 Aviso de Deficiencia\" href=\"\/\/taxhelplaw.com\/sptax\/soluciones\/pasos-de-casos-auditorias\/carta-3219-y-carta-531-aviso-de-deficiencia\/\">Aviso de deficiencia<\/a>. Esto le da 90 d\u00edas para reclamar en el tribunal tributario. Si usted no presenta una demanda, el IRS le enviar\u00e1 una factura por sus impuestos. El tribunal tributario es, a menudo, la mejor elecci\u00f3n.<\/p>\n<p>Generalmente usted tiene 3 a\u00f1os para ser auditado por el IRS. Si se est\u00e1 acabando el tiempo, probablemente le van a pedir que firme una pr\u00f3rroga (Formulario <a class=\"popup\" title=\"Formulario 872\" href=\"\/sptax\/wp-content\/uploads\/2015\/02\/Form-872-1.pdf\" target=\"_blank\" rel=\"noopener\">872<\/a>) as\u00ed pueden continuar examin\u00e1ndolo. Por favor no firme este documento sin ayuda legal, nosotros generalmente no le otorgamos pr\u00f3rrogas al IRS.<\/p>\n<p>Ya que una auditor\u00eda es un proceso legal, la gu\u00eda de un abogado es muy importante. Tenemos <a title=\"Pasos de Casos \u2013 Auditorias\" href=\"\/\/taxhelplaw.com\/sptax\/soluciones\/pasos-de-casos-auditorias\/\" target=\"_blank\" rel=\"noopener\">Pasos de Casos<\/a> para preparar los documentos necesarios para la cita confidencial con el abogado. \u00c9l es su defensor y le preparar\u00e1 un Plan de Acci\u00f3n para sus necesidades espec\u00edficas.<\/p>\n<p><span style=\"text-decoration: underline;\">Problemas con ingresos<\/span>: el IRS mira a sus transcripciones de salario e ingresos, cuentas bancarias y su estilo de vida para determinar su ingreso. Usted debe obtener estas transcripciones del agente del IRS o llame al 1-800-829-1040, para compararlas con sus propios documentos.<\/p>\n<p>El IRS considera que todos los dep\u00f3sitos en su cuenta bancaria son ingreso, a no ser que usted pruebe que no son. Este puede ser un trabajo tedioso, por lo tanto hemos creado un <a href=\"https:\/\/taxhelplaw.com\/sptax\/autodefensa-contra-una-auditoria-del-irs\/\" target=\"_blank\" rel=\"noopener\">Programa<\/a> en TaxHelpAudit para facilitar este proceso. Hay una secci\u00f3n que muestra \u201cC\u00f3mo probar que los dep\u00f3sitos no son ingreso\u201d.<\/p>\n<p><span style=\"text-decoration: underline;\">Problemas con deducciones<\/span>: el agente del IRS tal vez le niegue varias deducciones sin darle una buena raz\u00f3n. Generalmente es porque no hay suficiente evidencia o porque no est\u00e1 organizada adecuadamente.<\/p>\n<p>El IRS no tiene permitido darle consejo legal o decirle c\u00f3mo organizar sus archivos. Vea que in\u00fatiles son los \u201cconsejos\u201d que dan (en ingl\u00e9s). Cada pregunta debe ser respondida cuidadosamente y con evidencia; usted va a necesitar m\u00e1s que unos recibos o cheques cancelados. Tendr\u00e1 que proveer t\u00edtulos, p\u00f3liza del seguro, documentos de compras y transacciones, contratos, records de empleados, de tribunales, p\u00fablicos, etc. Si no hay suficiente evidencia o si no est\u00e1 organizada correctamente, le rechazar\u00e1n el caso. Adem\u00e1s, le pueden dar una <a href=\"\/sptax\/wp-content\/uploads\/2015\/02\/26USC6662-1.pdf\" target=\"_blank\" rel=\"noopener\">multa<\/a> por imprecisi\u00f3n o negligencia de mantenimiento de registros, o una <a href=\"\/sptax\/wp-content\/uploads\/2015\/02\/CFR-26Sec.1.6662-3b1-1.pdf\" target=\"_blank\" rel=\"noopener\">multa<\/a> relacionada con la exactitud de sus documentos (<em>Vea<\/em> el Aviso <a title=\"Aviso 746\" href=\"\/sptax\/wp-content\/uploads\/2015\/02\/n746-1.pdf\" target=\"_blank\" rel=\"noopener\">746<\/a>).<\/p>\n<p><span style=\"text-decoration: underline;\">Prep\u00e1rese s\u00f3lo<\/span>: Si quiere prepararse para el <a href=\"https:\/\/www.irs.gov\/es\/businesses\/small-businesses-self-employed\/irs-audits\" target=\"_blank\" rel=\"noopener\">IRS<\/a> y ahorrar dinero, se puede hacer miembro de <a href=\"https:\/\/taxhelplaw.com\/sptax\/autodefensa-contra-una-auditoria-del-irs\/\" target=\"_blank\" rel=\"noopener\">TaxHelpAudit.com<\/a> donde le mostramos con texto, audio y video c\u00f3mo organizar todos sus expedientes. \u00a1H\u00e1galo usted mismo y ahorre mucho tiempo y dinero!<\/p>\n<p>Es buena idea que usted mismo prepare sus expedientes ya que usted conoce sus asuntos y puede obtener los documentos y tabular los gastos m\u00e1s eficientemente.<\/p>\n<p><span style=\"text-decoration: underline;\">Documentos perdidos<\/span>: Tal vez usted est\u00e1 preocupado por esta auditor\u00eda porque no ha mantenido sus archivos, o los ha perdido y no est\u00e1n disponibles. A no ser que haya usado dinero en efectivo, los archivos de banco o tarjetas de cr\u00e9dito se pueden recrear. Y, a\u00fan si ha utilizado una gran cantidad de dinero en efectivo, podemos obtener declaraciones juradas o utilizar los est\u00e1ndares de la industria para obtener una cifra negociada razonable. Vea <a title=\"Pasos de Casos \u2013 Documentos perdidos\" href=\"\/\/taxhelplaw.com\/sptax\/soluciones\/pasos-de-casos-documentos-perdidos\/\" target=\"_blank\" rel=\"noopener\">Documentos perdidos<\/a>.<\/p>\n<p><span style=\"text-decoration: underline;\">Consulte a un abogado<\/span>: Si usted ha recibido el Formulario 5278 y se prepara solo, igual deber\u00eda conseguir ayuda legal. Para ayudar a prepararlo para una cita productiva con el abogado, hemos creado estos <a title=\"Pasos de Casos \u2013 Auditorias\" href=\"\/\/taxhelplaw.com\/sptax\/soluciones\/pasos-de-casos-auditorias\/\" target=\"_blank\" rel=\"noopener\">Pasos de Casos<\/a>. Usted ahorrar\u00e1 tiempo y dinero si junta todos los documentos que el abogado necesita. El Lic. Hopkins le preparar\u00e1 un Plan de Acci\u00f3n usando t\u00e1cticas espec\u00edficas para su caso.<\/p>\n<div class=\"one-half first\">\n<h6>Versi\u00f3n en ingl\u00e9s:<\/h6>\n<\/div>\n<div class=\"one-half\"><a href=\"\/sptax\/wp-content\/uploads\/2015\/02\/Formulario-5278-1.jpg\" class=\"popup\">Form 5278<\/a><\/div>\n<p>&nbsp;<\/p>\n<div>\n<h6>Nuestra traducci\u00f3n al espa\u00f1ol:<\/h6>\n<\/div>\n<p><a title=\"Pasos de Casos \u2013 Auditorias\" href=\"\/\/taxhelplaw.com\/sptax\/soluciones\/pasos-de-casos-auditorias\/\"><img loading=\"lazy\" decoding=\"async\" class=\"alignleft size-full wp-image-1302\" src=\"https:\/\/taxhelplaw.com\/sptax\/wp-content\/uploads\/2023\/03\/Form5278enespanol.jpg\" alt=\"Formulario 5278\" width=\"1241\" height=\"1665\" \/><\/a><\/p>\n<p><a href=\"https:\/\/taxhelplaw.com\/sptax\/sample-page-2\/contactenos\/\"><img loading=\"lazy\" decoding=\"async\" class=\"aligncenter size-full wp-image-3464\" title=\"Formulario 5278 del IRS\" src=\"https:\/\/taxhelplaw.com\/sptax\/wp-content\/uploads\/2022\/01\/taxhelpenespanol.jpg\" alt=\"Formulario 5278 del IRS Abogado de derecho fiscal en Colorado Springs. Abogado de impuestos en Colorado Springs\" width=\"300\" height=\"101\" \/><\/a><\/p>\n","protected":false},"excerpt":{"rendered":"<p>El Formulario 5278 es esencialmente igual que el Formulario 4549. Se usa para proponer cambios a su declaraci\u00f3n de impuestos en una auditor\u00eda o para respaldar la emisi\u00f3n del Aviso de deficiencia. Aceptar y firmar este documento tiene implicaciones legales as\u00ed que por favor NO firme la segunda p\u00e1gina si no est\u00e1 de acuerdo. No [&hellip;]<\/p>\n","protected":false},"author":1,"featured_media":0,"parent":164,"menu_order":10,"comment_status":"closed","ping_status":"closed","template":"","meta":{"_genesis_hide_title":false,"_genesis_hide_breadcrumbs":false,"_genesis_hide_singular_image":false,"_genesis_hide_footer_widgets":false,"_genesis_custom_body_class":"","_genesis_custom_post_class":"","_genesis_layout":"","footnotes":""},"class_list":{"0":"post-554","1":"page","2":"type-page","3":"status-publish","5":"entry"},"yoast_head":"<!-- This site is optimized with the Yoast SEO Premium plugin v27.0 (Yoast SEO v27.4) - https:\/\/yoast.com\/product\/yoast-seo-premium-wordpress\/ -->\n<title>Formulario 5278 \u00bfQu\u00e9 opciones tiene? El abogado explica - TaxHelpLaw<\/title>\n<meta name=\"description\" content=\"Formulario 5278 del IRS: proponer cambios a su declaraci\u00f3n de impuestos en una auditor\u00eda o para respaldar la emisi\u00f3n del Aviso de deficiencia.\" \/>\n<meta name=\"robots\" content=\"index, follow, max-snippet:-1, max-image-preview:large, max-video-preview:-1\" \/>\n<link rel=\"canonical\" href=\"https:\/\/taxhelplaw.com\/sptax\/soluciones\/pasos-de-casos-auditorias\/formulario-5278\/\" \/>\n<meta property=\"og:locale\" content=\"es_MX\" \/>\n<meta property=\"og:type\" content=\"article\" \/>\n<meta property=\"og:title\" content=\"Formulario 5278\" \/>\n<meta property=\"og:description\" content=\"Formulario 5278 del IRS: proponer cambios a su declaraci\u00f3n de impuestos en una auditor\u00eda o para respaldar la emisi\u00f3n del Aviso de deficiencia.\" \/>\n<meta property=\"og:url\" content=\"https:\/\/taxhelplaw.com\/sptax\/soluciones\/pasos-de-casos-auditorias\/formulario-5278\/\" \/>\n<meta property=\"og:site_name\" content=\"J. David Hopkins, JD LLM\" \/>\n<meta property=\"article:modified_time\" content=\"2023-03-12T03:17:17+00:00\" \/>\n<meta property=\"og:image\" content=\"https:\/\/taxhelplaw.com\/sptax\/wp-content\/uploads\/2023\/03\/Form5278enespanol.jpg\" \/>\n<meta name=\"twitter:card\" content=\"summary_large_image\" \/>\n<meta name=\"twitter:label1\" content=\"Tiempo de lectura\" \/>\n\t<meta name=\"twitter:data1\" content=\"5 minutos\" \/>\n<script type=\"application\/ld+json\" class=\"yoast-schema-graph\">{\"@context\":\"https:\\\/\\\/schema.org\",\"@graph\":[{\"@type\":\"WebPage\",\"@id\":\"https:\\\/\\\/taxhelplaw.com\\\/sptax\\\/soluciones\\\/pasos-de-casos-auditorias\\\/formulario-5278\\\/\",\"url\":\"https:\\\/\\\/taxhelplaw.com\\\/sptax\\\/soluciones\\\/pasos-de-casos-auditorias\\\/formulario-5278\\\/\",\"name\":\"Formulario 5278 \u00bfQu\u00e9 opciones tiene? El abogado explica - TaxHelpLaw\",\"isPartOf\":{\"@id\":\"https:\\\/\\\/taxhelplaw.com\\\/sptax\\\/#website\"},\"primaryImageOfPage\":{\"@id\":\"https:\\\/\\\/taxhelplaw.com\\\/sptax\\\/soluciones\\\/pasos-de-casos-auditorias\\\/formulario-5278\\\/#primaryimage\"},\"image\":{\"@id\":\"https:\\\/\\\/taxhelplaw.com\\\/sptax\\\/soluciones\\\/pasos-de-casos-auditorias\\\/formulario-5278\\\/#primaryimage\"},\"thumbnailUrl\":\"https:\\\/\\\/taxhelplaw.com\\\/sptax\\\/wp-content\\\/uploads\\\/2023\\\/03\\\/Form5278enespanol.jpg\",\"datePublished\":\"2015-02-08T06:53:00+00:00\",\"dateModified\":\"2023-03-12T03:17:17+00:00\",\"description\":\"Formulario 5278 del IRS: proponer cambios a su declaraci\u00f3n de impuestos en una auditor\u00eda o para respaldar la emisi\u00f3n del Aviso de deficiencia.\",\"breadcrumb\":{\"@id\":\"https:\\\/\\\/taxhelplaw.com\\\/sptax\\\/soluciones\\\/pasos-de-casos-auditorias\\\/formulario-5278\\\/#breadcrumb\"},\"inLanguage\":\"es\",\"potentialAction\":[{\"@type\":\"ReadAction\",\"target\":[\"https:\\\/\\\/taxhelplaw.com\\\/sptax\\\/soluciones\\\/pasos-de-casos-auditorias\\\/formulario-5278\\\/\"]}]},{\"@type\":\"ImageObject\",\"inLanguage\":\"es\",\"@id\":\"https:\\\/\\\/taxhelplaw.com\\\/sptax\\\/soluciones\\\/pasos-de-casos-auditorias\\\/formulario-5278\\\/#primaryimage\",\"url\":\"https:\\\/\\\/taxhelplaw.com\\\/sptax\\\/wp-content\\\/uploads\\\/2023\\\/03\\\/Form5278enespanol.jpg\",\"contentUrl\":\"https:\\\/\\\/taxhelplaw.com\\\/sptax\\\/wp-content\\\/uploads\\\/2023\\\/03\\\/Form5278enespanol.jpg\",\"width\":1298,\"height\":1581},{\"@type\":\"BreadcrumbList\",\"@id\":\"https:\\\/\\\/taxhelplaw.com\\\/sptax\\\/soluciones\\\/pasos-de-casos-auditorias\\\/formulario-5278\\\/#breadcrumb\",\"itemListElement\":[{\"@type\":\"ListItem\",\"position\":1,\"name\":\"Home\",\"item\":\"https:\\\/\\\/taxhelplaw.com\\\/sptax\\\/\"},{\"@type\":\"ListItem\",\"position\":2,\"name\":\"Soluciones\",\"item\":\"https:\\\/\\\/taxhelplaw.com\\\/sptax\\\/soluciones\\\/\"},{\"@type\":\"ListItem\",\"position\":3,\"name\":\"Auditor\u00edas\",\"item\":\"https:\\\/\\\/taxhelplaw.com\\\/sptax\\\/soluciones\\\/pasos-de-casos-auditorias\\\/\"},{\"@type\":\"ListItem\",\"position\":4,\"name\":\"Formulario 5278\"}]},{\"@type\":\"WebSite\",\"@id\":\"https:\\\/\\\/taxhelplaw.com\\\/sptax\\\/#website\",\"url\":\"https:\\\/\\\/taxhelplaw.com\\\/sptax\\\/\",\"name\":\"J. David Hopkins, JD LLM\",\"description\":\"Maestr\u00eda en Derecho Tributario\",\"publisher\":{\"@id\":\"https:\\\/\\\/taxhelplaw.com\\\/sptax\\\/#organization\"},\"alternateName\":\"TaxHelpLaw en Espa\u00f1ol\",\"potentialAction\":[{\"@type\":\"SearchAction\",\"target\":{\"@type\":\"EntryPoint\",\"urlTemplate\":\"https:\\\/\\\/taxhelplaw.com\\\/sptax\\\/?s={search_term_string}\"},\"query-input\":{\"@type\":\"PropertyValueSpecification\",\"valueRequired\":true,\"valueName\":\"search_term_string\"}}],\"inLanguage\":\"es\"},{\"@type\":\"Organization\",\"@id\":\"https:\\\/\\\/taxhelplaw.com\\\/sptax\\\/#organization\",\"name\":\"TaxHelp, Inc.\",\"url\":\"https:\\\/\\\/taxhelplaw.com\\\/sptax\\\/\",\"logo\":{\"@type\":\"ImageObject\",\"inLanguage\":\"es\",\"@id\":\"https:\\\/\\\/taxhelplaw.com\\\/sptax\\\/#\\\/schema\\\/logo\\\/image\\\/\",\"url\":\"https:\\\/\\\/taxhelplaw.com\\\/sptax\\\/wp-content\\\/uploads\\\/2022\\\/01\\\/taxhelpenespanol.jpg\",\"contentUrl\":\"https:\\\/\\\/taxhelplaw.com\\\/sptax\\\/wp-content\\\/uploads\\\/2022\\\/01\\\/taxhelpenespanol.jpg\",\"width\":300,\"height\":101,\"caption\":\"TaxHelp, Inc.\"},\"image\":{\"@id\":\"https:\\\/\\\/taxhelplaw.com\\\/sptax\\\/#\\\/schema\\\/logo\\\/image\\\/\"}}]}<\/script>\n<!-- \/ Yoast SEO Premium plugin. -->","yoast_head_json":{"title":"Formulario 5278 \u00bfQu\u00e9 opciones tiene? El abogado explica - TaxHelpLaw","description":"Formulario 5278 del IRS: proponer cambios a su declaraci\u00f3n de impuestos en una auditor\u00eda o para respaldar la emisi\u00f3n del Aviso de deficiencia.","robots":{"index":"index","follow":"follow","max-snippet":"max-snippet:-1","max-image-preview":"max-image-preview:large","max-video-preview":"max-video-preview:-1"},"canonical":"https:\/\/taxhelplaw.com\/sptax\/soluciones\/pasos-de-casos-auditorias\/formulario-5278\/","og_locale":"es_MX","og_type":"article","og_title":"Formulario 5278","og_description":"Formulario 5278 del IRS: proponer cambios a su declaraci\u00f3n de impuestos en una auditor\u00eda o para respaldar la emisi\u00f3n del Aviso de deficiencia.","og_url":"https:\/\/taxhelplaw.com\/sptax\/soluciones\/pasos-de-casos-auditorias\/formulario-5278\/","og_site_name":"J. David Hopkins, JD LLM","article_modified_time":"2023-03-12T03:17:17+00:00","og_image":[{"url":"https:\/\/taxhelplaw.com\/sptax\/wp-content\/uploads\/2023\/03\/Form5278enespanol.jpg","type":"","width":"","height":""}],"twitter_card":"summary_large_image","twitter_misc":{"Tiempo de lectura":"5 minutos"},"schema":{"@context":"https:\/\/schema.org","@graph":[{"@type":"WebPage","@id":"https:\/\/taxhelplaw.com\/sptax\/soluciones\/pasos-de-casos-auditorias\/formulario-5278\/","url":"https:\/\/taxhelplaw.com\/sptax\/soluciones\/pasos-de-casos-auditorias\/formulario-5278\/","name":"Formulario 5278 \u00bfQu\u00e9 opciones tiene? El abogado explica - TaxHelpLaw","isPartOf":{"@id":"https:\/\/taxhelplaw.com\/sptax\/#website"},"primaryImageOfPage":{"@id":"https:\/\/taxhelplaw.com\/sptax\/soluciones\/pasos-de-casos-auditorias\/formulario-5278\/#primaryimage"},"image":{"@id":"https:\/\/taxhelplaw.com\/sptax\/soluciones\/pasos-de-casos-auditorias\/formulario-5278\/#primaryimage"},"thumbnailUrl":"https:\/\/taxhelplaw.com\/sptax\/wp-content\/uploads\/2023\/03\/Form5278enespanol.jpg","datePublished":"2015-02-08T06:53:00+00:00","dateModified":"2023-03-12T03:17:17+00:00","description":"Formulario 5278 del IRS: proponer cambios a su declaraci\u00f3n de impuestos en una auditor\u00eda o para respaldar la emisi\u00f3n del Aviso de deficiencia.","breadcrumb":{"@id":"https:\/\/taxhelplaw.com\/sptax\/soluciones\/pasos-de-casos-auditorias\/formulario-5278\/#breadcrumb"},"inLanguage":"es","potentialAction":[{"@type":"ReadAction","target":["https:\/\/taxhelplaw.com\/sptax\/soluciones\/pasos-de-casos-auditorias\/formulario-5278\/"]}]},{"@type":"ImageObject","inLanguage":"es","@id":"https:\/\/taxhelplaw.com\/sptax\/soluciones\/pasos-de-casos-auditorias\/formulario-5278\/#primaryimage","url":"https:\/\/taxhelplaw.com\/sptax\/wp-content\/uploads\/2023\/03\/Form5278enespanol.jpg","contentUrl":"https:\/\/taxhelplaw.com\/sptax\/wp-content\/uploads\/2023\/03\/Form5278enespanol.jpg","width":1298,"height":1581},{"@type":"BreadcrumbList","@id":"https:\/\/taxhelplaw.com\/sptax\/soluciones\/pasos-de-casos-auditorias\/formulario-5278\/#breadcrumb","itemListElement":[{"@type":"ListItem","position":1,"name":"Home","item":"https:\/\/taxhelplaw.com\/sptax\/"},{"@type":"ListItem","position":2,"name":"Soluciones","item":"https:\/\/taxhelplaw.com\/sptax\/soluciones\/"},{"@type":"ListItem","position":3,"name":"Auditor\u00edas","item":"https:\/\/taxhelplaw.com\/sptax\/soluciones\/pasos-de-casos-auditorias\/"},{"@type":"ListItem","position":4,"name":"Formulario 5278"}]},{"@type":"WebSite","@id":"https:\/\/taxhelplaw.com\/sptax\/#website","url":"https:\/\/taxhelplaw.com\/sptax\/","name":"J. David Hopkins, JD LLM","description":"Maestr\u00eda en Derecho Tributario","publisher":{"@id":"https:\/\/taxhelplaw.com\/sptax\/#organization"},"alternateName":"TaxHelpLaw en Espa\u00f1ol","potentialAction":[{"@type":"SearchAction","target":{"@type":"EntryPoint","urlTemplate":"https:\/\/taxhelplaw.com\/sptax\/?s={search_term_string}"},"query-input":{"@type":"PropertyValueSpecification","valueRequired":true,"valueName":"search_term_string"}}],"inLanguage":"es"},{"@type":"Organization","@id":"https:\/\/taxhelplaw.com\/sptax\/#organization","name":"TaxHelp, Inc.","url":"https:\/\/taxhelplaw.com\/sptax\/","logo":{"@type":"ImageObject","inLanguage":"es","@id":"https:\/\/taxhelplaw.com\/sptax\/#\/schema\/logo\/image\/","url":"https:\/\/taxhelplaw.com\/sptax\/wp-content\/uploads\/2022\/01\/taxhelpenespanol.jpg","contentUrl":"https:\/\/taxhelplaw.com\/sptax\/wp-content\/uploads\/2022\/01\/taxhelpenespanol.jpg","width":300,"height":101,"caption":"TaxHelp, Inc."},"image":{"@id":"https:\/\/taxhelplaw.com\/sptax\/#\/schema\/logo\/image\/"}}]}},"jetpack_sharing_enabled":true,"_links":{"self":[{"href":"https:\/\/taxhelplaw.com\/sptax\/wp-json\/wp\/v2\/pages\/554","targetHints":{"allow":["GET"]}}],"collection":[{"href":"https:\/\/taxhelplaw.com\/sptax\/wp-json\/wp\/v2\/pages"}],"about":[{"href":"https:\/\/taxhelplaw.com\/sptax\/wp-json\/wp\/v2\/types\/page"}],"author":[{"embeddable":true,"href":"https:\/\/taxhelplaw.com\/sptax\/wp-json\/wp\/v2\/users\/1"}],"replies":[{"embeddable":true,"href":"https:\/\/taxhelplaw.com\/sptax\/wp-json\/wp\/v2\/comments?post=554"}],"version-history":[{"count":12,"href":"https:\/\/taxhelplaw.com\/sptax\/wp-json\/wp\/v2\/pages\/554\/revisions"}],"predecessor-version":[{"id":7523,"href":"https:\/\/taxhelplaw.com\/sptax\/wp-json\/wp\/v2\/pages\/554\/revisions\/7523"}],"up":[{"embeddable":true,"href":"https:\/\/taxhelplaw.com\/sptax\/wp-json\/wp\/v2\/pages\/164"}],"wp:attachment":[{"href":"https:\/\/taxhelplaw.com\/sptax\/wp-json\/wp\/v2\/media?parent=554"}],"curies":[{"name":"wp","href":"https:\/\/api.w.org\/{rel}","templated":true}]}}