{"id":540,"date":"2015-02-08T06:26:15","date_gmt":"2015-02-08T06:26:15","guid":{"rendered":"http:\/\/taxhelplaw.com\/sp\/?page_id=540"},"modified":"2023-04-03T14:36:08","modified_gmt":"2023-04-03T14:36:08","slug":"carta-2205","status":"publish","type":"page","link":"https:\/\/taxhelplaw.com\/sptax\/soluciones\/pasos-de-casos-auditorias\/carta-2205\/","title":{"rendered":"Cartas 2205, 2205-A y 2205-B"},"content":{"rendered":"<p>El IRS usa la Carta 2205-A para informarle acerca de una auditor\u00eda y le da el nombre, n\u00fameros de tel\u00e9fono y fax, y direcci\u00f3n de la oficina del agente. Ponga esta informaci\u00f3n en su tel\u00e9fono celular as\u00ed sabe qui\u00e9n le habla y tiene los detalles cuando est\u00e1 lejos de sus papeles. La Carta 2205-A es para individuos y la Carta 2205-B es para Negocios.<\/p>\n<p>El IRS ha dise\u00f1ado la Carta 2205-B espec\u00edficamente para auditor\u00edas de corporaciones \u201cS\u201d (S corporations en ingl\u00e9s). Ya que las ganancias y p\u00e9rdidas de este tipo de corporaci\u00f3n est\u00e1n ligadas a su declaraci\u00f3n de impuesto personal, el IRS va a investigar a su negocio y a usted tambi\u00e9n.<\/p>\n<p>El IRS a menudo le pide m\u00e1s informaci\u00f3n de lo que realmente necesita. Usted tiene la obligaci\u00f3n de presentar su caso de manera adecuada. El IRS generalmente sospecha de las p\u00e9rdidas reclamadas. Si usted ha tenido una p\u00e9rdida, van a analizar las razones en su negocio, y tambi\u00e9n su estilo de vida.<\/p>\n<p>A veces el resumen de los problemas se encuentra en la parte inferior de la Carta 2205-A pero m\u00e1s com\u00fanmente env\u00edan el Formulario <a title=\"Formulario 4564\" href=\"\/\/taxhelplaw.com\/sptax\/soluciones\/pasos-de-casos-auditorias\/formulario-4564\/\">4564<\/a> para hacerle preguntas. \u00a1Estos formularios son importantes porque si no responde correctamente pierde su caso!<\/p>\n<p>Nosotros recomendamos ayuda legal pero no siempre se necesita representaci\u00f3n completa. Si desea consultar a un abogado fiscal para obtener consejos o representaci\u00f3n, por favor siga los Pasos de Casos de <a title=\"Pasos de Casos \u2013 Auditorias\" href=\"\/\/taxhelplaw.com\/sptax\/soluciones\/pasos-de-casos-auditorias\/\">Auditor\u00eda<\/a> y p\u00f3ngase en contacto con el Lic. Hopkins.<\/p>\n<p>Alguien tiene que organizar sus archivos ya que el <a href=\"https:\/\/www.irs.gov\/es\" target=\"_blank\" rel=\"noopener\">IRS<\/a> los rechazar\u00e1 si no est\u00e1n presentados de manera adecuada. Una investigaci\u00f3n de este tipo requiere bastante evidencia que debe ser preparada de forma espec\u00edfica.<\/p>\n<p>Usted podr\u00eda contratar a un contador p\u00fablico, un tenedor de libros, o un abogado pero le costar\u00e1 dinero. Nosotros creemos que lo mejor es que usted prepare los documentos por su cuenta. Usted conoce sus asuntos y tiene acceso a la informaci\u00f3n de bancos y otros establecimientos. Para organizar los archivos correctamente, usted va a necesitar ayuda. El IRS no le va a decir c\u00f3mo hacerlo. \u00a1Vea los \u201c<a class=\"popup\" href=\"\/sptax\/wp-content\/uploads\/2015\/02\/IRSTips-1.pdf\" target=\"_blank\" rel=\"noopener\">consejos<\/a>\u201d in\u00fatiles que ofrecen! (en ingl\u00e9s).<\/p>\n<p><span style=\"text-decoration: underline;\">Auto preparaci\u00f3n<\/span>: Si quiere ahorrar dinero y prepararse por su cuenta, hemos creado el sitio <a href=\"https:\/\/taxhelplaw.com\/sptax\/autodefensa-contra-una-auditoria-del-irs\/\" target=\"_blank\" rel=\"noopener\">TaxHelpLaw.com<\/a> donde encontrar\u00e1 videos, grabaciones y explicaciones en detalle para prepararse para el IRS.<\/p>\n<p><span style=\"text-decoration: underline;\">Documentos perdidos<\/span>: Tal vez usted est\u00e1 preocupado por esta auditor\u00eda porque no ha mantenido sus archivos, o los ha perdido y no est\u00e1n disponibles. A no ser que haya usado dinero en efectivo, los archivos de banco o tarjetas de cr\u00e9dito se pueden recrear. Y, a\u00fan si ha utilizado una gran cantidad de dinero en efectivo, podemos obtener declaraciones juradas. Tambi\u00e9n podemos utilizar los est\u00e1ndares de la industria para obtener una cifra negociada razonable. <em>Vea<\/em> <a title=\"Pasos de Casos \u2013 Documentos perdidos\" href=\"\/\/taxhelplaw.com\/sptax\/soluciones\/pasos-de-casos-documentos-perdidos\/\">Documentos perdidos<\/a>.<\/p>\n<p><span style=\"text-decoration: underline;\">Ayuda legal<\/span>: Si usted ha recibido Cartas 2205, 2205-A o 2205-B del IRS, siga los <a title=\"Pasos de Casos \u2013 Auditorias\" href=\"\/\/taxhelplaw.com\/sptax\/soluciones\/pasos-de-casos-auditorias\/\">Pasos de Casos<\/a> y p\u00f3ngase en contacto con nuestro abogado fiscal, el Lic. Hopkins de TaxHelpLaw para obtener asesoramiento legal.<br \/>\n&nbsp;<br \/>\nCarta 2205:<\/p>\n<div class=\"one-half first\">\n<h6>Versi\u00f3n en ingl\u00e9s:<\/h6>\n<\/div>\n<div class=\"one-half\"><a href=\"https:\/\/taxhelplaw.com\/sptax\/wp-content\/uploads\/2023\/03\/AuditLetter-2205.jpg\" class=\"popup\">Letter 2205<\/a><\/div>\n<p>&nbsp;<\/p>\n<div>\n<h6>Nuestra traducci\u00f3n al espa\u00f1ol:<\/h6>\n<\/div>\n<p><a title=\"Pasos de Casos \u2013 Auditorias\" href=\"\/\/taxhelplaw.com\/sptax\/soluciones\/pasos-de-casos-auditorias\/\"><img loading=\"lazy\" decoding=\"async\" class=\"alignleft size-full wp-image-1297\" src=\"https:\/\/taxhelplaw.com\/sptax\/wp-content\/uploads\/2023\/03\/Carta2205enespanol.jpg\" alt=\"Carta 2205-A\" width=\"1246\" height=\"1636\" \/><\/a><\/p>\n<p>&nbsp;<\/p>\n<p>Carta 2205-A:<\/p>\n<div class=\"one-half first\">\n<h6>Versi\u00f3n en ingl\u00e9s:<\/h6>\n<\/div>\n<div class=\"one-half\"><a href=\"\/sptax\/wp-content\/uploads\/2015\/02\/Carta-2205A-1.jpg\" class=\"popup\">Letter 2205A<\/a><\/div>\n<p>&nbsp;<\/p>\n<div>\n<h6>Nuestra traducci\u00f3n al espa\u00f1ol:<\/h6>\n<\/div>\n<p><a title=\"Pasos de Casos \u2013 Auditorias\" href=\"\/\/taxhelplaw.com\/sptax\/soluciones\/pasos-de-casos-auditorias\/\"><img loading=\"lazy\" decoding=\"async\" class=\"alignleft size-full wp-image-1297\" src=\"https:\/\/taxhelplaw.com\/sptax\/wp-content\/uploads\/2023\/04\/Auditoria2205Aenespanol.jpg\" alt=\"Carta 2205-A\" width=\"1246\" height=\"1636\" \/><\/a><\/p>\n<p>&nbsp;<br \/>\nCarta 2205-B:<\/p>\n<div class=\"one-half first\">\n<h6>Versi\u00f3n en ingl\u00e9s:<\/h6>\n<\/div>\n<div class=\"one-half\"><a href=\"\/sptax\/wp-content\/uploads\/2015\/02\/Carta-2205-B-1.jpg\" class=\"popup\">Letter 2205-B<\/a><\/div>\n<p>&nbsp;<\/p>\n<div>\n<h6>Nuestra traducci\u00f3n al espa\u00f1ol:<\/h6>\n<\/div>\n<p><a title=\"Pasos de Casos \u2013 Auditorias\" href=\"\/\/taxhelplaw.com\/sptax\/soluciones\/pasos-de-casos-auditorias\/\"><img loading=\"lazy\" decoding=\"async\" class=\"alignleft size-full wp-image-1298\" src=\"https:\/\/taxhelplaw.com\/sptax\/wp-content\/uploads\/2023\/03\/2205-Benespanol.jpg\" alt=\"Carta 2205-B\" width=\"1250\" height=\"1637\" \/><\/a><\/p>\n<p><a href=\"https:\/\/taxhelplaw.com\/sptax\/sample-page-2\/contactenos\/\"><img loading=\"lazy\" decoding=\"async\" class=\"aligncenter size-full wp-image-3464\" title=\"Cartas 2205-A y 2205-B del IRS\" src=\"https:\/\/taxhelplaw.com\/sptax\/wp-content\/uploads\/2022\/01\/taxhelpenespanol.jpg\" alt=\"Cartas 2205-A y 2205-B del IRS Abogado de derecho fiscal en Colorado Springs. Abogado de impuestos en Colorado Springs\" width=\"300\" height=\"101\" \/><\/a><\/p>\n","protected":false},"excerpt":{"rendered":"<p>El IRS usa la Carta 2205-A para informarle acerca de una auditor\u00eda y le da el nombre, n\u00fameros de tel\u00e9fono y fax, y direcci\u00f3n de la oficina del agente. Ponga esta informaci\u00f3n en su tel\u00e9fono celular as\u00ed sabe qui\u00e9n le habla y tiene los detalles cuando est\u00e1 lejos de sus papeles. La Carta 2205-A es [&hellip;]<\/p>\n","protected":false},"author":1,"featured_media":0,"parent":164,"menu_order":5,"comment_status":"closed","ping_status":"closed","template":"","meta":{"_genesis_hide_title":false,"_genesis_hide_breadcrumbs":false,"_genesis_hide_singular_image":false,"_genesis_hide_footer_widgets":false,"_genesis_custom_body_class":"","_genesis_custom_post_class":"","_genesis_layout":"","footnotes":""},"class_list":{"0":"post-540","1":"page","2":"type-page","3":"status-publish","5":"entry"},"yoast_head":"<!-- This site is optimized with the Yoast SEO Premium plugin v27.0 (Yoast SEO v27.4) - https:\/\/yoast.com\/product\/yoast-seo-premium-wordpress\/ -->\n<title>Cartas 2205-A y 2205-B del IRS. C\u00f3mo responder - TaxHelpLaw<\/title>\n<meta name=\"description\" content=\"Cartas 2205-A y 2205-B del IRS: se usan para informarle acerca de una auditor\u00eda. Recomendamos ayuda legal, usted se tiene que preparar.\" \/>\n<meta name=\"robots\" content=\"index, follow, max-snippet:-1, max-image-preview:large, max-video-preview:-1\" \/>\n<link rel=\"canonical\" href=\"https:\/\/taxhelplaw.com\/sptax\/soluciones\/pasos-de-casos-auditorias\/carta-2205\/\" \/>\n<meta property=\"og:locale\" content=\"es_MX\" \/>\n<meta property=\"og:type\" content=\"article\" \/>\n<meta property=\"og:title\" content=\"Cartas 2205, 2205-A y 2205-B\" \/>\n<meta property=\"og:description\" content=\"Cartas 2205-A y 2205-B del IRS: se usan para informarle acerca de una auditor\u00eda. Recomendamos ayuda legal, usted se tiene que preparar.\" \/>\n<meta property=\"og:url\" content=\"https:\/\/taxhelplaw.com\/sptax\/soluciones\/pasos-de-casos-auditorias\/carta-2205\/\" \/>\n<meta property=\"og:site_name\" content=\"J. David Hopkins, JD LLM\" \/>\n<meta property=\"article:modified_time\" content=\"2023-04-03T14:36:08+00:00\" \/>\n<meta property=\"og:image\" content=\"https:\/\/taxhelplaw.com\/sptax\/wp-content\/uploads\/2023\/03\/Carta2205enespanol.jpg\" \/>\n<meta name=\"twitter:card\" content=\"summary_large_image\" \/>\n<meta name=\"twitter:label1\" content=\"Tiempo de lectura\" \/>\n\t<meta name=\"twitter:data1\" content=\"4 minutos\" \/>\n<script type=\"application\/ld+json\" class=\"yoast-schema-graph\">{\"@context\":\"https:\\\/\\\/schema.org\",\"@graph\":[{\"@type\":\"WebPage\",\"@id\":\"https:\\\/\\\/taxhelplaw.com\\\/sptax\\\/soluciones\\\/pasos-de-casos-auditorias\\\/carta-2205\\\/\",\"url\":\"https:\\\/\\\/taxhelplaw.com\\\/sptax\\\/soluciones\\\/pasos-de-casos-auditorias\\\/carta-2205\\\/\",\"name\":\"Cartas 2205-A y 2205-B del IRS. C\u00f3mo responder - TaxHelpLaw\",\"isPartOf\":{\"@id\":\"https:\\\/\\\/taxhelplaw.com\\\/sptax\\\/#website\"},\"primaryImageOfPage\":{\"@id\":\"https:\\\/\\\/taxhelplaw.com\\\/sptax\\\/soluciones\\\/pasos-de-casos-auditorias\\\/carta-2205\\\/#primaryimage\"},\"image\":{\"@id\":\"https:\\\/\\\/taxhelplaw.com\\\/sptax\\\/soluciones\\\/pasos-de-casos-auditorias\\\/carta-2205\\\/#primaryimage\"},\"thumbnailUrl\":\"https:\\\/\\\/taxhelplaw.com\\\/sptax\\\/wp-content\\\/uploads\\\/2023\\\/03\\\/Carta2205enespanol.jpg\",\"datePublished\":\"2015-02-08T06:26:15+00:00\",\"dateModified\":\"2023-04-03T14:36:08+00:00\",\"description\":\"Cartas 2205-A y 2205-B del IRS: se usan para informarle acerca de una auditor\u00eda. Recomendamos ayuda legal, usted se tiene que preparar.\",\"breadcrumb\":{\"@id\":\"https:\\\/\\\/taxhelplaw.com\\\/sptax\\\/soluciones\\\/pasos-de-casos-auditorias\\\/carta-2205\\\/#breadcrumb\"},\"inLanguage\":\"es\",\"potentialAction\":[{\"@type\":\"ReadAction\",\"target\":[\"https:\\\/\\\/taxhelplaw.com\\\/sptax\\\/soluciones\\\/pasos-de-casos-auditorias\\\/carta-2205\\\/\"]}]},{\"@type\":\"ImageObject\",\"inLanguage\":\"es\",\"@id\":\"https:\\\/\\\/taxhelplaw.com\\\/sptax\\\/soluciones\\\/pasos-de-casos-auditorias\\\/carta-2205\\\/#primaryimage\",\"url\":\"https:\\\/\\\/taxhelplaw.com\\\/sptax\\\/wp-content\\\/uploads\\\/2023\\\/03\\\/Carta2205enespanol.jpg\",\"contentUrl\":\"https:\\\/\\\/taxhelplaw.com\\\/sptax\\\/wp-content\\\/uploads\\\/2023\\\/03\\\/Carta2205enespanol.jpg\",\"width\":1275,\"height\":1650},{\"@type\":\"BreadcrumbList\",\"@id\":\"https:\\\/\\\/taxhelplaw.com\\\/sptax\\\/soluciones\\\/pasos-de-casos-auditorias\\\/carta-2205\\\/#breadcrumb\",\"itemListElement\":[{\"@type\":\"ListItem\",\"position\":1,\"name\":\"Home\",\"item\":\"https:\\\/\\\/taxhelplaw.com\\\/sptax\\\/\"},{\"@type\":\"ListItem\",\"position\":2,\"name\":\"Soluciones\",\"item\":\"https:\\\/\\\/taxhelplaw.com\\\/sptax\\\/soluciones\\\/\"},{\"@type\":\"ListItem\",\"position\":3,\"name\":\"Auditor\u00edas\",\"item\":\"https:\\\/\\\/taxhelplaw.com\\\/sptax\\\/soluciones\\\/pasos-de-casos-auditorias\\\/\"},{\"@type\":\"ListItem\",\"position\":4,\"name\":\"Cartas 2205, 2205-A y 2205-B\"}]},{\"@type\":\"WebSite\",\"@id\":\"https:\\\/\\\/taxhelplaw.com\\\/sptax\\\/#website\",\"url\":\"https:\\\/\\\/taxhelplaw.com\\\/sptax\\\/\",\"name\":\"J. David Hopkins, JD LLM\",\"description\":\"Maestr\u00eda en Derecho Tributario\",\"publisher\":{\"@id\":\"https:\\\/\\\/taxhelplaw.com\\\/sptax\\\/#organization\"},\"alternateName\":\"TaxHelpLaw en Espa\u00f1ol\",\"potentialAction\":[{\"@type\":\"SearchAction\",\"target\":{\"@type\":\"EntryPoint\",\"urlTemplate\":\"https:\\\/\\\/taxhelplaw.com\\\/sptax\\\/?s={search_term_string}\"},\"query-input\":{\"@type\":\"PropertyValueSpecification\",\"valueRequired\":true,\"valueName\":\"search_term_string\"}}],\"inLanguage\":\"es\"},{\"@type\":\"Organization\",\"@id\":\"https:\\\/\\\/taxhelplaw.com\\\/sptax\\\/#organization\",\"name\":\"TaxHelp, Inc.\",\"url\":\"https:\\\/\\\/taxhelplaw.com\\\/sptax\\\/\",\"logo\":{\"@type\":\"ImageObject\",\"inLanguage\":\"es\",\"@id\":\"https:\\\/\\\/taxhelplaw.com\\\/sptax\\\/#\\\/schema\\\/logo\\\/image\\\/\",\"url\":\"https:\\\/\\\/taxhelplaw.com\\\/sptax\\\/wp-content\\\/uploads\\\/2022\\\/01\\\/taxhelpenespanol.jpg\",\"contentUrl\":\"https:\\\/\\\/taxhelplaw.com\\\/sptax\\\/wp-content\\\/uploads\\\/2022\\\/01\\\/taxhelpenespanol.jpg\",\"width\":300,\"height\":101,\"caption\":\"TaxHelp, Inc.\"},\"image\":{\"@id\":\"https:\\\/\\\/taxhelplaw.com\\\/sptax\\\/#\\\/schema\\\/logo\\\/image\\\/\"}}]}<\/script>\n<!-- \/ Yoast SEO Premium plugin. -->","yoast_head_json":{"title":"Cartas 2205-A y 2205-B del IRS. C\u00f3mo responder - TaxHelpLaw","description":"Cartas 2205-A y 2205-B del IRS: se usan para informarle acerca de una auditor\u00eda. Recomendamos ayuda legal, usted se tiene que preparar.","robots":{"index":"index","follow":"follow","max-snippet":"max-snippet:-1","max-image-preview":"max-image-preview:large","max-video-preview":"max-video-preview:-1"},"canonical":"https:\/\/taxhelplaw.com\/sptax\/soluciones\/pasos-de-casos-auditorias\/carta-2205\/","og_locale":"es_MX","og_type":"article","og_title":"Cartas 2205, 2205-A y 2205-B","og_description":"Cartas 2205-A y 2205-B del IRS: se usan para informarle acerca de una auditor\u00eda. Recomendamos ayuda legal, usted se tiene que preparar.","og_url":"https:\/\/taxhelplaw.com\/sptax\/soluciones\/pasos-de-casos-auditorias\/carta-2205\/","og_site_name":"J. David Hopkins, JD LLM","article_modified_time":"2023-04-03T14:36:08+00:00","og_image":[{"url":"https:\/\/taxhelplaw.com\/sptax\/wp-content\/uploads\/2023\/03\/Carta2205enespanol.jpg","type":"","width":"","height":""}],"twitter_card":"summary_large_image","twitter_misc":{"Tiempo de lectura":"4 minutos"},"schema":{"@context":"https:\/\/schema.org","@graph":[{"@type":"WebPage","@id":"https:\/\/taxhelplaw.com\/sptax\/soluciones\/pasos-de-casos-auditorias\/carta-2205\/","url":"https:\/\/taxhelplaw.com\/sptax\/soluciones\/pasos-de-casos-auditorias\/carta-2205\/","name":"Cartas 2205-A y 2205-B del IRS. C\u00f3mo responder - TaxHelpLaw","isPartOf":{"@id":"https:\/\/taxhelplaw.com\/sptax\/#website"},"primaryImageOfPage":{"@id":"https:\/\/taxhelplaw.com\/sptax\/soluciones\/pasos-de-casos-auditorias\/carta-2205\/#primaryimage"},"image":{"@id":"https:\/\/taxhelplaw.com\/sptax\/soluciones\/pasos-de-casos-auditorias\/carta-2205\/#primaryimage"},"thumbnailUrl":"https:\/\/taxhelplaw.com\/sptax\/wp-content\/uploads\/2023\/03\/Carta2205enespanol.jpg","datePublished":"2015-02-08T06:26:15+00:00","dateModified":"2023-04-03T14:36:08+00:00","description":"Cartas 2205-A y 2205-B del IRS: se usan para informarle acerca de una auditor\u00eda. Recomendamos ayuda legal, usted se tiene que preparar.","breadcrumb":{"@id":"https:\/\/taxhelplaw.com\/sptax\/soluciones\/pasos-de-casos-auditorias\/carta-2205\/#breadcrumb"},"inLanguage":"es","potentialAction":[{"@type":"ReadAction","target":["https:\/\/taxhelplaw.com\/sptax\/soluciones\/pasos-de-casos-auditorias\/carta-2205\/"]}]},{"@type":"ImageObject","inLanguage":"es","@id":"https:\/\/taxhelplaw.com\/sptax\/soluciones\/pasos-de-casos-auditorias\/carta-2205\/#primaryimage","url":"https:\/\/taxhelplaw.com\/sptax\/wp-content\/uploads\/2023\/03\/Carta2205enespanol.jpg","contentUrl":"https:\/\/taxhelplaw.com\/sptax\/wp-content\/uploads\/2023\/03\/Carta2205enespanol.jpg","width":1275,"height":1650},{"@type":"BreadcrumbList","@id":"https:\/\/taxhelplaw.com\/sptax\/soluciones\/pasos-de-casos-auditorias\/carta-2205\/#breadcrumb","itemListElement":[{"@type":"ListItem","position":1,"name":"Home","item":"https:\/\/taxhelplaw.com\/sptax\/"},{"@type":"ListItem","position":2,"name":"Soluciones","item":"https:\/\/taxhelplaw.com\/sptax\/soluciones\/"},{"@type":"ListItem","position":3,"name":"Auditor\u00edas","item":"https:\/\/taxhelplaw.com\/sptax\/soluciones\/pasos-de-casos-auditorias\/"},{"@type":"ListItem","position":4,"name":"Cartas 2205, 2205-A y 2205-B"}]},{"@type":"WebSite","@id":"https:\/\/taxhelplaw.com\/sptax\/#website","url":"https:\/\/taxhelplaw.com\/sptax\/","name":"J. David Hopkins, JD LLM","description":"Maestr\u00eda en Derecho Tributario","publisher":{"@id":"https:\/\/taxhelplaw.com\/sptax\/#organization"},"alternateName":"TaxHelpLaw en Espa\u00f1ol","potentialAction":[{"@type":"SearchAction","target":{"@type":"EntryPoint","urlTemplate":"https:\/\/taxhelplaw.com\/sptax\/?s={search_term_string}"},"query-input":{"@type":"PropertyValueSpecification","valueRequired":true,"valueName":"search_term_string"}}],"inLanguage":"es"},{"@type":"Organization","@id":"https:\/\/taxhelplaw.com\/sptax\/#organization","name":"TaxHelp, Inc.","url":"https:\/\/taxhelplaw.com\/sptax\/","logo":{"@type":"ImageObject","inLanguage":"es","@id":"https:\/\/taxhelplaw.com\/sptax\/#\/schema\/logo\/image\/","url":"https:\/\/taxhelplaw.com\/sptax\/wp-content\/uploads\/2022\/01\/taxhelpenespanol.jpg","contentUrl":"https:\/\/taxhelplaw.com\/sptax\/wp-content\/uploads\/2022\/01\/taxhelpenespanol.jpg","width":300,"height":101,"caption":"TaxHelp, Inc."},"image":{"@id":"https:\/\/taxhelplaw.com\/sptax\/#\/schema\/logo\/image\/"}}]}},"jetpack_sharing_enabled":true,"_links":{"self":[{"href":"https:\/\/taxhelplaw.com\/sptax\/wp-json\/wp\/v2\/pages\/540","targetHints":{"allow":["GET"]}}],"collection":[{"href":"https:\/\/taxhelplaw.com\/sptax\/wp-json\/wp\/v2\/pages"}],"about":[{"href":"https:\/\/taxhelplaw.com\/sptax\/wp-json\/wp\/v2\/types\/page"}],"author":[{"embeddable":true,"href":"https:\/\/taxhelplaw.com\/sptax\/wp-json\/wp\/v2\/users\/1"}],"replies":[{"embeddable":true,"href":"https:\/\/taxhelplaw.com\/sptax\/wp-json\/wp\/v2\/comments?post=540"}],"version-history":[{"count":15,"href":"https:\/\/taxhelplaw.com\/sptax\/wp-json\/wp\/v2\/pages\/540\/revisions"}],"predecessor-version":[{"id":7709,"href":"https:\/\/taxhelplaw.com\/sptax\/wp-json\/wp\/v2\/pages\/540\/revisions\/7709"}],"up":[{"embeddable":true,"href":"https:\/\/taxhelplaw.com\/sptax\/wp-json\/wp\/v2\/pages\/164"}],"wp:attachment":[{"href":"https:\/\/taxhelplaw.com\/sptax\/wp-json\/wp\/v2\/media?parent=540"}],"curies":[{"name":"wp","href":"https:\/\/api.w.org\/{rel}","templated":true}]}}