{"id":538,"date":"2015-02-08T06:24:40","date_gmt":"2015-02-08T06:24:40","guid":{"rendered":"http:\/\/taxhelplaw.com\/sp\/?page_id=538"},"modified":"2023-04-08T14:23:55","modified_gmt":"2023-04-08T14:23:55","slug":"carta-566","status":"publish","type":"page","link":"https:\/\/taxhelplaw.com\/sptax\/soluciones\/pasos-de-casos-auditorias\/carta-566\/","title":{"rendered":"Carta 566"},"content":{"rendered":"<p>El IRS usa la Carta 566 o CP566SP para informarle de una auditor\u00eda. La carta puede venir con preguntas o con el Formulario <a title=\"Formulario 4564\" href=\"\/\/taxhelplaw.com\/sptax\/soluciones\/pasos-de-casos-auditorias\/formulario-4564\/\">4564<\/a> o el Formulario <a title=\"Formulario 886A\" href=\"\/\/taxhelplaw.com\/sptax\/soluciones\/pasos-de-casos-auditorias\/formulario-886a\/\">886A<\/a>.<\/p>\n<p>El <a href=\"https:\/\/www.irs.gov\/es\" target=\"_blank\" rel=\"noopener\">IRS<\/a> a menudo le pide m\u00e1s informaci\u00f3n de lo que realmente necesita, pero usted tambi\u00e9n tiene la obligaci\u00f3n de presentar su caso de manera adecuada. Si no responde correctamente, le rechazar\u00e1n el caso.<\/p>\n<p>Las preguntas que hacen son espec\u00edficas y sus respuestas deben ser exactas. Nuestro abogado fiscal, el Lic. Hopkins, le puede mostrar c\u00f3mo se hace.<\/p>\n<p>Para aconsejarle sobre los documentos que hay que revisar, hemos creado los <a title=\"Pasos de Casos \u2013 Auditorias\" href=\"\/\/taxhelplaw.com\/sptax\/soluciones\/pasos-de-casos-auditorias\/\">Pasos de Casos<\/a> a seguir para prepararse para la cita confidencial con el abogado. Vamos a preparar un Plan de Acci\u00f3n para solucionar este problema por el menor costo posible.<\/p>\n<p>Alguien tiene que poner sus documentos en orden o el IRS ni siquiera los mirar\u00e1. Lo puede hacer usted mismo o pagarle a un contador p\u00fablico, tenedor de libros o un abogado.<\/p>\n<p>Prep\u00e1rese solo: Si quiere prepararse para el IRS y ahorrar dinero, se puede hacer miembro de <a href=\"https:\/\/taxhelplaw.com\/sptax\/autodefensa-contra-una-auditoria-del-irs\/\">TaxHelpLaw.com<\/a> donde le mostramos con explicaciones detalladas, grabaciones y videos c\u00f3mo organizar sus expedientes y prepararse para la auditor\u00eda. Tambi\u00e9n hay estrategias usadas por los abogados y explicaciones de las \u201ctrampitas\u201d del IRS.<\/p>\n<p>Es buena idea que usted mismo prepare sus expedientes ya que usted conoce sus asuntos. Tambi\u00e9n puede obtener los documentos y tabular los gastos m\u00e1s eficientemente.<\/p>\n<p>Consulte a un abogado: Si usted se prepara solo, igual deber\u00eda conseguir ayuda legal. Para ayudar a prepararlo para una cita productiva con el abogado, hemos creado estos <a title=\"Pasos de Casos \u2013 Auditorias\" href=\"\/\/taxhelplaw.com\/sptax\/soluciones\/pasos-de-casos-auditorias\/\">Pasos de Casos<\/a> a seguir. Usted ahorrar\u00e1 tiempo y dinero si junta todos los documentos que el abogado necesita. Si usted ha recibido la Carta 566 y necesita ayuda, el Lic. Hopkins le preparar\u00e1 un Plan de Acci\u00f3n usando t\u00e1cticas espec\u00edficas para su caso.<\/p>\n<div class=\"one-half first\">\n<h6>Versi\u00f3n en ingl\u00e9s:<\/h6>\n<\/div>\n<div class=\"one-half\"><a href=\"\/sptax\/wp-content\/uploads\/2015\/02\/Carta-566-1.jpg\" class=\"popup\">Letter 566<\/a><\/div>\n<p>&nbsp;<\/p>\n<div>\n<h6>Nuestra traducci\u00f3n al espa\u00f1ol:<\/h6>\n<\/div>\n<p><a title=\"Pasos de Casos \u2013 Auditorias\" href=\"\/\/taxhelplaw.com\/sptax\/soluciones\/pasos-de-casos-auditorias\/\"><img loading=\"lazy\" decoding=\"async\" class=\"alignleft size-full wp-image-1290\" src=\"https:\/\/taxhelplaw.com\/sptax\/wp-content\/uploads\/2023\/04\/Carta566enespanol.jpg\" alt=\"Carta 566\" width=\"1249\" height=\"1645\" \/><\/a><\/p>\n<p><a href=\"https:\/\/taxhelplaw.com\/sptax\/sample-page-2\/contactenos\/\"><img loading=\"lazy\" decoding=\"async\" class=\"aligncenter size-full wp-image-3464\" title=\"Carta 566 del IRS\" src=\"https:\/\/taxhelplaw.com\/sptax\/wp-content\/uploads\/2022\/01\/taxhelpenespanol.jpg\" alt=\"Carta 566 del IRS Abogado de derecho fiscal en Colorado Springs. Abogado de impuestos en Colorado Springs\" width=\"300\" height=\"101\" \/><\/a><\/p>\n","protected":false},"excerpt":{"rendered":"<p>El IRS usa la Carta 566 o CP566SP para informarle de una auditor\u00eda. La carta puede venir con preguntas o con el Formulario 4564 o el Formulario 886A. El IRS a menudo le pide m\u00e1s informaci\u00f3n de lo que realmente necesita, pero usted tambi\u00e9n tiene la obligaci\u00f3n de presentar su caso de manera adecuada. Si [&hellip;]<\/p>\n","protected":false},"author":1,"featured_media":0,"parent":164,"menu_order":3,"comment_status":"closed","ping_status":"closed","template":"","meta":{"_genesis_hide_title":false,"_genesis_hide_breadcrumbs":false,"_genesis_hide_singular_image":false,"_genesis_hide_footer_widgets":false,"_genesis_custom_body_class":"","_genesis_custom_post_class":"","_genesis_layout":"","footnotes":""},"class_list":{"0":"post-538","1":"page","2":"type-page","3":"status-publish","5":"entry"},"yoast_head":"<!-- This site is optimized with the Yoast SEO Premium plugin v27.0 (Yoast SEO v27.4) - https:\/\/yoast.com\/product\/yoast-seo-premium-wordpress\/ -->\n<title>Carta 566 del IRS: Aprenda estrategias - J. David Hopkins, JD LLM<\/title>\n<meta name=\"description\" content=\"Carta 566: se usa para informarle de una auditor\u00eda. Ser organizado es muy importante. Visite nuestro sitio web y ll\u00e1menos.\" \/>\n<meta name=\"robots\" content=\"index, follow, max-snippet:-1, max-image-preview:large, max-video-preview:-1\" \/>\n<link rel=\"canonical\" href=\"https:\/\/taxhelplaw.com\/sptax\/soluciones\/pasos-de-casos-auditorias\/carta-566\/\" \/>\n<meta property=\"og:locale\" content=\"es_MX\" \/>\n<meta property=\"og:type\" content=\"article\" \/>\n<meta property=\"og:title\" content=\"Carta 566\" \/>\n<meta property=\"og:description\" content=\"Carta 566: se usa para informarle de una auditor\u00eda. Ser organizado es muy importante. Visite nuestro sitio web y ll\u00e1menos.\" \/>\n<meta property=\"og:url\" content=\"https:\/\/taxhelplaw.com\/sptax\/soluciones\/pasos-de-casos-auditorias\/carta-566\/\" \/>\n<meta property=\"og:site_name\" content=\"J. David Hopkins, JD LLM\" \/>\n<meta property=\"article:modified_time\" content=\"2023-04-08T14:23:55+00:00\" \/>\n<meta property=\"og:image\" content=\"https:\/\/taxhelplaw.com\/sptax\/wp-content\/uploads\/2023\/04\/Carta566enespanol.jpg\" \/>\n<meta name=\"twitter:card\" content=\"summary_large_image\" \/>\n<meta name=\"twitter:label1\" content=\"Tiempo de lectura\" \/>\n\t<meta name=\"twitter:data1\" content=\"2 minutos\" \/>\n<script type=\"application\/ld+json\" class=\"yoast-schema-graph\">{\"@context\":\"https:\\\/\\\/schema.org\",\"@graph\":[{\"@type\":\"WebPage\",\"@id\":\"https:\\\/\\\/taxhelplaw.com\\\/sptax\\\/soluciones\\\/pasos-de-casos-auditorias\\\/carta-566\\\/\",\"url\":\"https:\\\/\\\/taxhelplaw.com\\\/sptax\\\/soluciones\\\/pasos-de-casos-auditorias\\\/carta-566\\\/\",\"name\":\"Carta 566 del IRS: Aprenda estrategias - J. David Hopkins, JD LLM\",\"isPartOf\":{\"@id\":\"https:\\\/\\\/taxhelplaw.com\\\/sptax\\\/#website\"},\"primaryImageOfPage\":{\"@id\":\"https:\\\/\\\/taxhelplaw.com\\\/sptax\\\/soluciones\\\/pasos-de-casos-auditorias\\\/carta-566\\\/#primaryimage\"},\"image\":{\"@id\":\"https:\\\/\\\/taxhelplaw.com\\\/sptax\\\/soluciones\\\/pasos-de-casos-auditorias\\\/carta-566\\\/#primaryimage\"},\"thumbnailUrl\":\"https:\\\/\\\/taxhelplaw.com\\\/sptax\\\/wp-content\\\/uploads\\\/2023\\\/04\\\/Carta566enespanol.jpg\",\"datePublished\":\"2015-02-08T06:24:40+00:00\",\"dateModified\":\"2023-04-08T14:23:55+00:00\",\"description\":\"Carta 566: se usa para informarle de una auditor\u00eda. Ser organizado es muy importante. Visite nuestro sitio web y ll\u00e1menos.\",\"breadcrumb\":{\"@id\":\"https:\\\/\\\/taxhelplaw.com\\\/sptax\\\/soluciones\\\/pasos-de-casos-auditorias\\\/carta-566\\\/#breadcrumb\"},\"inLanguage\":\"es\",\"potentialAction\":[{\"@type\":\"ReadAction\",\"target\":[\"https:\\\/\\\/taxhelplaw.com\\\/sptax\\\/soluciones\\\/pasos-de-casos-auditorias\\\/carta-566\\\/\"]}]},{\"@type\":\"ImageObject\",\"inLanguage\":\"es\",\"@id\":\"https:\\\/\\\/taxhelplaw.com\\\/sptax\\\/soluciones\\\/pasos-de-casos-auditorias\\\/carta-566\\\/#primaryimage\",\"url\":\"https:\\\/\\\/taxhelplaw.com\\\/sptax\\\/wp-content\\\/uploads\\\/2023\\\/04\\\/Carta566enespanol.jpg\",\"contentUrl\":\"https:\\\/\\\/taxhelplaw.com\\\/sptax\\\/wp-content\\\/uploads\\\/2023\\\/04\\\/Carta566enespanol.jpg\",\"width\":1670,\"height\":2173},{\"@type\":\"BreadcrumbList\",\"@id\":\"https:\\\/\\\/taxhelplaw.com\\\/sptax\\\/soluciones\\\/pasos-de-casos-auditorias\\\/carta-566\\\/#breadcrumb\",\"itemListElement\":[{\"@type\":\"ListItem\",\"position\":1,\"name\":\"Home\",\"item\":\"https:\\\/\\\/taxhelplaw.com\\\/sptax\\\/\"},{\"@type\":\"ListItem\",\"position\":2,\"name\":\"Soluciones\",\"item\":\"https:\\\/\\\/taxhelplaw.com\\\/sptax\\\/soluciones\\\/\"},{\"@type\":\"ListItem\",\"position\":3,\"name\":\"Auditor\u00edas\",\"item\":\"https:\\\/\\\/taxhelplaw.com\\\/sptax\\\/soluciones\\\/pasos-de-casos-auditorias\\\/\"},{\"@type\":\"ListItem\",\"position\":4,\"name\":\"Carta 566\"}]},{\"@type\":\"WebSite\",\"@id\":\"https:\\\/\\\/taxhelplaw.com\\\/sptax\\\/#website\",\"url\":\"https:\\\/\\\/taxhelplaw.com\\\/sptax\\\/\",\"name\":\"J. David Hopkins, JD LLM\",\"description\":\"Maestr\u00eda en Derecho Tributario\",\"publisher\":{\"@id\":\"https:\\\/\\\/taxhelplaw.com\\\/sptax\\\/#organization\"},\"alternateName\":\"TaxHelpLaw en Espa\u00f1ol\",\"potentialAction\":[{\"@type\":\"SearchAction\",\"target\":{\"@type\":\"EntryPoint\",\"urlTemplate\":\"https:\\\/\\\/taxhelplaw.com\\\/sptax\\\/?s={search_term_string}\"},\"query-input\":{\"@type\":\"PropertyValueSpecification\",\"valueRequired\":true,\"valueName\":\"search_term_string\"}}],\"inLanguage\":\"es\"},{\"@type\":\"Organization\",\"@id\":\"https:\\\/\\\/taxhelplaw.com\\\/sptax\\\/#organization\",\"name\":\"TaxHelp, Inc.\",\"url\":\"https:\\\/\\\/taxhelplaw.com\\\/sptax\\\/\",\"logo\":{\"@type\":\"ImageObject\",\"inLanguage\":\"es\",\"@id\":\"https:\\\/\\\/taxhelplaw.com\\\/sptax\\\/#\\\/schema\\\/logo\\\/image\\\/\",\"url\":\"https:\\\/\\\/taxhelplaw.com\\\/sptax\\\/wp-content\\\/uploads\\\/2022\\\/01\\\/taxhelpenespanol.jpg\",\"contentUrl\":\"https:\\\/\\\/taxhelplaw.com\\\/sptax\\\/wp-content\\\/uploads\\\/2022\\\/01\\\/taxhelpenespanol.jpg\",\"width\":300,\"height\":101,\"caption\":\"TaxHelp, Inc.\"},\"image\":{\"@id\":\"https:\\\/\\\/taxhelplaw.com\\\/sptax\\\/#\\\/schema\\\/logo\\\/image\\\/\"}}]}<\/script>\n<!-- \/ Yoast SEO Premium plugin. -->","yoast_head_json":{"title":"Carta 566 del IRS: Aprenda estrategias - J. David Hopkins, JD LLM","description":"Carta 566: se usa para informarle de una auditor\u00eda. Ser organizado es muy importante. Visite nuestro sitio web y ll\u00e1menos.","robots":{"index":"index","follow":"follow","max-snippet":"max-snippet:-1","max-image-preview":"max-image-preview:large","max-video-preview":"max-video-preview:-1"},"canonical":"https:\/\/taxhelplaw.com\/sptax\/soluciones\/pasos-de-casos-auditorias\/carta-566\/","og_locale":"es_MX","og_type":"article","og_title":"Carta 566","og_description":"Carta 566: se usa para informarle de una auditor\u00eda. Ser organizado es muy importante. Visite nuestro sitio web y ll\u00e1menos.","og_url":"https:\/\/taxhelplaw.com\/sptax\/soluciones\/pasos-de-casos-auditorias\/carta-566\/","og_site_name":"J. David Hopkins, JD LLM","article_modified_time":"2023-04-08T14:23:55+00:00","og_image":[{"url":"https:\/\/taxhelplaw.com\/sptax\/wp-content\/uploads\/2023\/04\/Carta566enespanol.jpg","type":"","width":"","height":""}],"twitter_card":"summary_large_image","twitter_misc":{"Tiempo de lectura":"2 minutos"},"schema":{"@context":"https:\/\/schema.org","@graph":[{"@type":"WebPage","@id":"https:\/\/taxhelplaw.com\/sptax\/soluciones\/pasos-de-casos-auditorias\/carta-566\/","url":"https:\/\/taxhelplaw.com\/sptax\/soluciones\/pasos-de-casos-auditorias\/carta-566\/","name":"Carta 566 del IRS: Aprenda estrategias - J. David Hopkins, JD LLM","isPartOf":{"@id":"https:\/\/taxhelplaw.com\/sptax\/#website"},"primaryImageOfPage":{"@id":"https:\/\/taxhelplaw.com\/sptax\/soluciones\/pasos-de-casos-auditorias\/carta-566\/#primaryimage"},"image":{"@id":"https:\/\/taxhelplaw.com\/sptax\/soluciones\/pasos-de-casos-auditorias\/carta-566\/#primaryimage"},"thumbnailUrl":"https:\/\/taxhelplaw.com\/sptax\/wp-content\/uploads\/2023\/04\/Carta566enespanol.jpg","datePublished":"2015-02-08T06:24:40+00:00","dateModified":"2023-04-08T14:23:55+00:00","description":"Carta 566: se usa para informarle de una auditor\u00eda. Ser organizado es muy importante. Visite nuestro sitio web y ll\u00e1menos.","breadcrumb":{"@id":"https:\/\/taxhelplaw.com\/sptax\/soluciones\/pasos-de-casos-auditorias\/carta-566\/#breadcrumb"},"inLanguage":"es","potentialAction":[{"@type":"ReadAction","target":["https:\/\/taxhelplaw.com\/sptax\/soluciones\/pasos-de-casos-auditorias\/carta-566\/"]}]},{"@type":"ImageObject","inLanguage":"es","@id":"https:\/\/taxhelplaw.com\/sptax\/soluciones\/pasos-de-casos-auditorias\/carta-566\/#primaryimage","url":"https:\/\/taxhelplaw.com\/sptax\/wp-content\/uploads\/2023\/04\/Carta566enespanol.jpg","contentUrl":"https:\/\/taxhelplaw.com\/sptax\/wp-content\/uploads\/2023\/04\/Carta566enespanol.jpg","width":1670,"height":2173},{"@type":"BreadcrumbList","@id":"https:\/\/taxhelplaw.com\/sptax\/soluciones\/pasos-de-casos-auditorias\/carta-566\/#breadcrumb","itemListElement":[{"@type":"ListItem","position":1,"name":"Home","item":"https:\/\/taxhelplaw.com\/sptax\/"},{"@type":"ListItem","position":2,"name":"Soluciones","item":"https:\/\/taxhelplaw.com\/sptax\/soluciones\/"},{"@type":"ListItem","position":3,"name":"Auditor\u00edas","item":"https:\/\/taxhelplaw.com\/sptax\/soluciones\/pasos-de-casos-auditorias\/"},{"@type":"ListItem","position":4,"name":"Carta 566"}]},{"@type":"WebSite","@id":"https:\/\/taxhelplaw.com\/sptax\/#website","url":"https:\/\/taxhelplaw.com\/sptax\/","name":"J. David Hopkins, JD LLM","description":"Maestr\u00eda en Derecho Tributario","publisher":{"@id":"https:\/\/taxhelplaw.com\/sptax\/#organization"},"alternateName":"TaxHelpLaw en Espa\u00f1ol","potentialAction":[{"@type":"SearchAction","target":{"@type":"EntryPoint","urlTemplate":"https:\/\/taxhelplaw.com\/sptax\/?s={search_term_string}"},"query-input":{"@type":"PropertyValueSpecification","valueRequired":true,"valueName":"search_term_string"}}],"inLanguage":"es"},{"@type":"Organization","@id":"https:\/\/taxhelplaw.com\/sptax\/#organization","name":"TaxHelp, Inc.","url":"https:\/\/taxhelplaw.com\/sptax\/","logo":{"@type":"ImageObject","inLanguage":"es","@id":"https:\/\/taxhelplaw.com\/sptax\/#\/schema\/logo\/image\/","url":"https:\/\/taxhelplaw.com\/sptax\/wp-content\/uploads\/2022\/01\/taxhelpenespanol.jpg","contentUrl":"https:\/\/taxhelplaw.com\/sptax\/wp-content\/uploads\/2022\/01\/taxhelpenespanol.jpg","width":300,"height":101,"caption":"TaxHelp, Inc."},"image":{"@id":"https:\/\/taxhelplaw.com\/sptax\/#\/schema\/logo\/image\/"}}]}},"jetpack_sharing_enabled":true,"_links":{"self":[{"href":"https:\/\/taxhelplaw.com\/sptax\/wp-json\/wp\/v2\/pages\/538","targetHints":{"allow":["GET"]}}],"collection":[{"href":"https:\/\/taxhelplaw.com\/sptax\/wp-json\/wp\/v2\/pages"}],"about":[{"href":"https:\/\/taxhelplaw.com\/sptax\/wp-json\/wp\/v2\/types\/page"}],"author":[{"embeddable":true,"href":"https:\/\/taxhelplaw.com\/sptax\/wp-json\/wp\/v2\/users\/1"}],"replies":[{"embeddable":true,"href":"https:\/\/taxhelplaw.com\/sptax\/wp-json\/wp\/v2\/comments?post=538"}],"version-history":[{"count":11,"href":"https:\/\/taxhelplaw.com\/sptax\/wp-json\/wp\/v2\/pages\/538\/revisions"}],"predecessor-version":[{"id":7731,"href":"https:\/\/taxhelplaw.com\/sptax\/wp-json\/wp\/v2\/pages\/538\/revisions\/7731"}],"up":[{"embeddable":true,"href":"https:\/\/taxhelplaw.com\/sptax\/wp-json\/wp\/v2\/pages\/164"}],"wp:attachment":[{"href":"https:\/\/taxhelplaw.com\/sptax\/wp-json\/wp\/v2\/media?parent=538"}],"curies":[{"name":"wp","href":"https:\/\/api.w.org\/{rel}","templated":true}]}}