{"id":535,"date":"2015-02-08T06:16:39","date_gmt":"2015-02-08T06:16:39","guid":{"rendered":"http:\/\/taxhelplaw.com\/sp\/?page_id=535"},"modified":"2023-04-06T02:36:28","modified_gmt":"2023-04-06T02:36:28","slug":"cartas-525-692-1912","status":"publish","type":"page","link":"https:\/\/taxhelplaw.com\/sptax\/soluciones\/pasos-de-casos-auditorias\/cartas-525-692-1912\/","title":{"rendered":"Cartas 525, 692 y 1912"},"content":{"rendered":"<p>Las Cartas 525, 692 y 1912 son cartas de presentaci\u00f3n del Formulario <a title=\"Formulario 4549\" href=\"\/\/taxhelplaw.com\/sptax\/soluciones\/pasos-de-casos-auditorias\/formulario-4549\/\">4549<\/a>. Resumen el proceso a seguir si usted est\u00e1 de acuerdo o si est\u00e1 en desacuerdo con las conclusiones. Por favor no firme el Formulario 4549 sin asesoramiento jur\u00eddico. Una auditor\u00eda del IRS es un proceso legal para investigarlo.<\/p>\n<p>La mejor manera de manejar cualquier proceso legal es 1) preparar su caso y 2) consultar con un abogado.<\/p>\n<p>Al recibir las Cartas 525, 696 o 1912 usted tendr\u00e1 que preparar su caso y organizar sus archivos. Lo puede hacer por su cuenta o contratar a un contador, o a nosotros. Para ahorrar dinero, le conviene comprar uno de los programas de <a href=\"https:\/\/taxhelplaw.com\/sptax\/autodefensa-contra-una-auditoria-del-irs\/\">TaxHelpLaw.com<\/a>. Estos programas le muestran, con videos, grabaciones y publicaciones exactamente c\u00f3mo reunir y organizar TODOS los documentos. \u00a1Usted ahorrar\u00e1 mucho tiempo y dinero!<\/p>\n<p>Durante este proceso legal, usted podr\u00eda ponerse en contacto con nuestro abogado fiscal, quien lo guiar\u00e1 con consejos y le advertir\u00e1 de los trucos del IRS. Tambi\u00e9n lo puede representar en el tribunal.<\/p>\n<p>Como est\u00e1 explicado en la p\u00e1gina del Formulario 4549, usted puede presentar otra evidencia o ley al agente del IRS, o <a title=\"Pasos de Casos \u2013 Apelaciones del IRS\" href=\"\/\/taxhelplaw.com\/sptax\/soluciones\/pasos-de-casos-apelaciones-del-irs\/\">Apelar<\/a> la decisi\u00f3n dentro del IRS, o en el <a title=\"Pasos de Casos \u2013 Corte\" href=\"\/\/taxhelplaw.com\/sptax\/soluciones\/pasos-de-casos-corte\/\">Tribunal Fiscal<\/a>.<\/p>\n<p>Ser auditado por el <a href=\"https:\/\/www.irs.gov\/es\/businesses\/small-businesses-self-employed\/irs-audits\" target=\"_blank\" rel=\"noopener\">IRS<\/a> generalmente lleva 3 a\u00f1os. Si el tiempo se est\u00e1 acabando, lo m\u00e1s probable es que le pidan que firme una pr\u00f3rroga (<a class=\"popup\" title=\"Formulario 872\" href=\"\/sptax\/wp-content\/uploads\/2015\/02\/Form-872-1.pdf\" rel=\"noopener\">Formulario 872<\/a>) de modo que lo puedan seguir examinando. Por favor no firme este documento sin asesoramiento legal. Nosotros generalmente no concedemos pr\u00f3rrogas al IRS.<\/p>\n<p>Si usted ha recibido las Cartas 525, 692 y 1912 y tiene dudas, p\u00f3ngase en contacto con nuestro abogado fiscal, el Lic. Hopkins, en Colorado Springs o Pueblo.<\/p>\n<h5>Carta 525:<\/h5>\n<div class=\"one-half first\">\n<h6>Versi\u00f3n en ingl\u00e9s:<\/h6>\n<\/div>\n<div class=\"one-half\"><a href=\"\/sptax\/wp-content\/uploads\/2015\/02\/Carta-525-1.jpg\" class=\"popup\">Letter 525<\/a><\/div>\n<p>&nbsp;<\/p>\n<div>\n<h6>Nuestra traducci\u00f3n al espa\u00f1ol:<\/h6>\n<\/div>\n<p><a title=\"Pasos de Casos \u2013 Auditorias\" href=\"\/\/taxhelplaw.com\/sptax\/soluciones\/pasos-de-casos-auditorias\/\"><img loading=\"lazy\" decoding=\"async\" class=\"alignleft size-full wp-image-1286\" src=\"https:\/\/taxhelplaw.com\/sptax\/wp-content\/uploads\/2023\/04\/Carta525enespanol.jpg\" alt=\"Carta 525\" width=\"1249\" height=\"1640\" \/><\/a><\/p>\n<p>&nbsp;<\/p>\n<h5>Carta 692:<\/h5>\n<div class=\"one-half first\">\n<h6>Versi\u00f3n en ingl\u00e9s:<\/h6>\n<\/div>\n<div class=\"one-half\"><a href=\"\/sptax\/wp-content\/uploads\/2015\/02\/Carta-692-1.jpg\" class=\"popup\">Letter 692<\/a><\/div>\n<p>&nbsp;<\/p>\n<div>\n<h6>Nuestra traducci\u00f3n al espa\u00f1ol:<\/h6>\n<\/div>\n<p><a href=\"\/sptax\/wp-content\/uploads\/2015\/02\/Carta-692-1.jpg\"><img loading=\"lazy\" decoding=\"async\" class=\"alignleft size-full wp-image-1285\" src=\"https:\/\/taxhelplaw.com\/sptax\/wp-content\/uploads\/2023\/04\/Carta692enespanol.jpg\" alt=\"Carta 692\" width=\"1248\" height=\"1667\" \/><\/a><\/p>\n<p>&nbsp;<\/p>\n<h5>Carta 1912:<\/h5>\n<div class=\"one-half first\">\n<h6>Versi\u00f3n en ingl\u00e9s:<\/h6>\n<\/div>\n<div class=\"one-half\"><a href=\"\/sptax\/wp-content\/uploads\/2015\/02\/Carta-1912-1.jpg\" class=\"popup\">Letter 1912<\/a><\/div>\n<p>&nbsp;<\/p>\n<div>\n<h6>Nuestra traducci\u00f3n al espa\u00f1ol:<\/h6>\n<\/div>\n<p><a title=\"Pasos de Casos \u2013 Auditorias\" href=\"\/\/taxhelplaw.com\/sptax\/soluciones\/pasos-de-casos-auditorias\/\"><img loading=\"lazy\" decoding=\"async\" class=\"alignleft size-full wp-image-1284\" src=\"https:\/\/taxhelplaw.com\/sptax\/wp-content\/uploads\/2023\/04\/Carta1912enespanol.jpg\" alt=\"Carta 1912\" width=\"1248\" height=\"1667\" \/><\/a><\/p>\n<p><a href=\"https:\/\/taxhelplaw.com\/sptax\/sample-page-2\/contactenos\/\"><img loading=\"lazy\" decoding=\"async\" class=\"aligncenter size-full wp-image-3464\" title=\"Cartas 525, 692 y 1912 del IRS\" src=\"https:\/\/taxhelplaw.com\/sptax\/wp-content\/uploads\/2022\/01\/taxhelpenespanol.jpg\" alt=\"Cartas 525, 692 y 1912 del IRS Abogado de derecho fiscal en Colorado Springs. Abogado de impuestos en Colorado Springs\" width=\"300\" height=\"101\" \/><\/a><\/p>\n","protected":false},"excerpt":{"rendered":"<p>Las Cartas 525, 692 y 1912 son cartas de presentaci\u00f3n del Formulario 4549. Resumen el proceso a seguir si usted est\u00e1 de acuerdo o si est\u00e1 en desacuerdo con las conclusiones. Por favor no firme el Formulario 4549 sin asesoramiento jur\u00eddico. Una auditor\u00eda del IRS es un proceso legal para investigarlo. La mejor manera de [&hellip;]<\/p>\n","protected":false},"author":1,"featured_media":0,"parent":164,"menu_order":2,"comment_status":"closed","ping_status":"closed","template":"","meta":{"_genesis_hide_title":false,"_genesis_hide_breadcrumbs":false,"_genesis_hide_singular_image":false,"_genesis_hide_footer_widgets":false,"_genesis_custom_body_class":"","_genesis_custom_post_class":"","_genesis_layout":"","footnotes":""},"class_list":{"0":"post-535","1":"page","2":"type-page","3":"status-publish","5":"entry"},"yoast_head":"<!-- This site is optimized with the Yoast SEO Premium plugin v27.0 (Yoast SEO v27.5) - https:\/\/yoast.com\/product\/yoast-seo-premium-wordpress\/ -->\n<title>Cartas 525, 692 y 1912 del IRS. Tenga cuidado con lo que firma - TaxHelp<\/title>\n<meta name=\"description\" content=\"Las Cartas del IRS 525, 692 y 1912 son cartas de presentaci\u00f3n del Formulario 4549. \u00bfNo entiende su carta del IRS? Le explicamos.\" \/>\n<meta name=\"robots\" content=\"index, follow, max-snippet:-1, max-image-preview:large, max-video-preview:-1\" \/>\n<link rel=\"canonical\" href=\"https:\/\/taxhelplaw.com\/sptax\/soluciones\/pasos-de-casos-auditorias\/cartas-525-692-1912\/\" \/>\n<meta property=\"og:locale\" content=\"es_MX\" \/>\n<meta property=\"og:type\" content=\"article\" \/>\n<meta property=\"og:title\" content=\"Cartas 525, 692 y 1912\" \/>\n<meta property=\"og:description\" content=\"Las Cartas del IRS 525, 692 y 1912 son cartas de presentaci\u00f3n del Formulario 4549. \u00bfNo entiende su carta del IRS? Le explicamos.\" \/>\n<meta property=\"og:url\" content=\"https:\/\/taxhelplaw.com\/sptax\/soluciones\/pasos-de-casos-auditorias\/cartas-525-692-1912\/\" \/>\n<meta property=\"og:site_name\" content=\"J. David Hopkins, JD LLM\" \/>\n<meta property=\"article:modified_time\" content=\"2023-04-06T02:36:28+00:00\" \/>\n<meta property=\"og:image\" content=\"https:\/\/taxhelplaw.com\/sptax\/wp-content\/uploads\/2023\/04\/Carta525enespanol.jpg\" \/>\n<meta name=\"twitter:card\" content=\"summary_large_image\" \/>\n<meta name=\"twitter:label1\" content=\"Tiempo de lectura\" \/>\n\t<meta name=\"twitter:data1\" content=\"3 minutos\" \/>\n<script type=\"application\/ld+json\" class=\"yoast-schema-graph\">{\"@context\":\"https:\\\/\\\/schema.org\",\"@graph\":[{\"@type\":\"WebPage\",\"@id\":\"https:\\\/\\\/taxhelplaw.com\\\/sptax\\\/soluciones\\\/pasos-de-casos-auditorias\\\/cartas-525-692-1912\\\/\",\"url\":\"https:\\\/\\\/taxhelplaw.com\\\/sptax\\\/soluciones\\\/pasos-de-casos-auditorias\\\/cartas-525-692-1912\\\/\",\"name\":\"Cartas 525, 692 y 1912 del IRS. Tenga cuidado con lo que firma - TaxHelp\",\"isPartOf\":{\"@id\":\"https:\\\/\\\/taxhelplaw.com\\\/sptax\\\/#website\"},\"primaryImageOfPage\":{\"@id\":\"https:\\\/\\\/taxhelplaw.com\\\/sptax\\\/soluciones\\\/pasos-de-casos-auditorias\\\/cartas-525-692-1912\\\/#primaryimage\"},\"image\":{\"@id\":\"https:\\\/\\\/taxhelplaw.com\\\/sptax\\\/soluciones\\\/pasos-de-casos-auditorias\\\/cartas-525-692-1912\\\/#primaryimage\"},\"thumbnailUrl\":\"https:\\\/\\\/taxhelplaw.com\\\/sptax\\\/wp-content\\\/uploads\\\/2023\\\/04\\\/Carta525enespanol.jpg\",\"datePublished\":\"2015-02-08T06:16:39+00:00\",\"dateModified\":\"2023-04-06T02:36:28+00:00\",\"description\":\"Las Cartas del IRS 525, 692 y 1912 son cartas de presentaci\u00f3n del Formulario 4549. \u00bfNo entiende su carta del IRS? Le explicamos.\",\"breadcrumb\":{\"@id\":\"https:\\\/\\\/taxhelplaw.com\\\/sptax\\\/soluciones\\\/pasos-de-casos-auditorias\\\/cartas-525-692-1912\\\/#breadcrumb\"},\"inLanguage\":\"es\",\"potentialAction\":[{\"@type\":\"ReadAction\",\"target\":[\"https:\\\/\\\/taxhelplaw.com\\\/sptax\\\/soluciones\\\/pasos-de-casos-auditorias\\\/cartas-525-692-1912\\\/\"]}]},{\"@type\":\"ImageObject\",\"inLanguage\":\"es\",\"@id\":\"https:\\\/\\\/taxhelplaw.com\\\/sptax\\\/soluciones\\\/pasos-de-casos-auditorias\\\/cartas-525-692-1912\\\/#primaryimage\",\"url\":\"https:\\\/\\\/taxhelplaw.com\\\/sptax\\\/wp-content\\\/uploads\\\/2023\\\/04\\\/Carta525enespanol.jpg\",\"contentUrl\":\"https:\\\/\\\/taxhelplaw.com\\\/sptax\\\/wp-content\\\/uploads\\\/2023\\\/04\\\/Carta525enespanol.jpg\",\"width\":1700,\"height\":2200},{\"@type\":\"BreadcrumbList\",\"@id\":\"https:\\\/\\\/taxhelplaw.com\\\/sptax\\\/soluciones\\\/pasos-de-casos-auditorias\\\/cartas-525-692-1912\\\/#breadcrumb\",\"itemListElement\":[{\"@type\":\"ListItem\",\"position\":1,\"name\":\"Home\",\"item\":\"https:\\\/\\\/taxhelplaw.com\\\/sptax\\\/\"},{\"@type\":\"ListItem\",\"position\":2,\"name\":\"Soluciones\",\"item\":\"https:\\\/\\\/taxhelplaw.com\\\/sptax\\\/soluciones\\\/\"},{\"@type\":\"ListItem\",\"position\":3,\"name\":\"Auditor\u00edas\",\"item\":\"https:\\\/\\\/taxhelplaw.com\\\/sptax\\\/soluciones\\\/pasos-de-casos-auditorias\\\/\"},{\"@type\":\"ListItem\",\"position\":4,\"name\":\"Cartas 525, 692 y 1912\"}]},{\"@type\":\"WebSite\",\"@id\":\"https:\\\/\\\/taxhelplaw.com\\\/sptax\\\/#website\",\"url\":\"https:\\\/\\\/taxhelplaw.com\\\/sptax\\\/\",\"name\":\"J. David Hopkins, JD LLM\",\"description\":\"Maestr\u00eda en Derecho Tributario\",\"publisher\":{\"@id\":\"https:\\\/\\\/taxhelplaw.com\\\/sptax\\\/#organization\"},\"alternateName\":\"TaxHelpLaw en Espa\u00f1ol\",\"potentialAction\":[{\"@type\":\"SearchAction\",\"target\":{\"@type\":\"EntryPoint\",\"urlTemplate\":\"https:\\\/\\\/taxhelplaw.com\\\/sptax\\\/?s={search_term_string}\"},\"query-input\":{\"@type\":\"PropertyValueSpecification\",\"valueRequired\":true,\"valueName\":\"search_term_string\"}}],\"inLanguage\":\"es\"},{\"@type\":\"Organization\",\"@id\":\"https:\\\/\\\/taxhelplaw.com\\\/sptax\\\/#organization\",\"name\":\"TaxHelp, Inc.\",\"url\":\"https:\\\/\\\/taxhelplaw.com\\\/sptax\\\/\",\"logo\":{\"@type\":\"ImageObject\",\"inLanguage\":\"es\",\"@id\":\"https:\\\/\\\/taxhelplaw.com\\\/sptax\\\/#\\\/schema\\\/logo\\\/image\\\/\",\"url\":\"https:\\\/\\\/taxhelplaw.com\\\/sptax\\\/wp-content\\\/uploads\\\/2022\\\/01\\\/taxhelpenespanol.jpg\",\"contentUrl\":\"https:\\\/\\\/taxhelplaw.com\\\/sptax\\\/wp-content\\\/uploads\\\/2022\\\/01\\\/taxhelpenespanol.jpg\",\"width\":300,\"height\":101,\"caption\":\"TaxHelp, Inc.\"},\"image\":{\"@id\":\"https:\\\/\\\/taxhelplaw.com\\\/sptax\\\/#\\\/schema\\\/logo\\\/image\\\/\"}}]}<\/script>\n<!-- \/ Yoast SEO Premium plugin. -->","yoast_head_json":{"title":"Cartas 525, 692 y 1912 del IRS. Tenga cuidado con lo que firma - TaxHelp","description":"Las Cartas del IRS 525, 692 y 1912 son cartas de presentaci\u00f3n del Formulario 4549. \u00bfNo entiende su carta del IRS? Le explicamos.","robots":{"index":"index","follow":"follow","max-snippet":"max-snippet:-1","max-image-preview":"max-image-preview:large","max-video-preview":"max-video-preview:-1"},"canonical":"https:\/\/taxhelplaw.com\/sptax\/soluciones\/pasos-de-casos-auditorias\/cartas-525-692-1912\/","og_locale":"es_MX","og_type":"article","og_title":"Cartas 525, 692 y 1912","og_description":"Las Cartas del IRS 525, 692 y 1912 son cartas de presentaci\u00f3n del Formulario 4549. \u00bfNo entiende su carta del IRS? Le explicamos.","og_url":"https:\/\/taxhelplaw.com\/sptax\/soluciones\/pasos-de-casos-auditorias\/cartas-525-692-1912\/","og_site_name":"J. David Hopkins, JD LLM","article_modified_time":"2023-04-06T02:36:28+00:00","og_image":[{"url":"https:\/\/taxhelplaw.com\/sptax\/wp-content\/uploads\/2023\/04\/Carta525enespanol.jpg","type":"","width":"","height":""}],"twitter_card":"summary_large_image","twitter_misc":{"Tiempo de lectura":"3 minutos"},"schema":{"@context":"https:\/\/schema.org","@graph":[{"@type":"WebPage","@id":"https:\/\/taxhelplaw.com\/sptax\/soluciones\/pasos-de-casos-auditorias\/cartas-525-692-1912\/","url":"https:\/\/taxhelplaw.com\/sptax\/soluciones\/pasos-de-casos-auditorias\/cartas-525-692-1912\/","name":"Cartas 525, 692 y 1912 del IRS. Tenga cuidado con lo que firma - TaxHelp","isPartOf":{"@id":"https:\/\/taxhelplaw.com\/sptax\/#website"},"primaryImageOfPage":{"@id":"https:\/\/taxhelplaw.com\/sptax\/soluciones\/pasos-de-casos-auditorias\/cartas-525-692-1912\/#primaryimage"},"image":{"@id":"https:\/\/taxhelplaw.com\/sptax\/soluciones\/pasos-de-casos-auditorias\/cartas-525-692-1912\/#primaryimage"},"thumbnailUrl":"https:\/\/taxhelplaw.com\/sptax\/wp-content\/uploads\/2023\/04\/Carta525enespanol.jpg","datePublished":"2015-02-08T06:16:39+00:00","dateModified":"2023-04-06T02:36:28+00:00","description":"Las Cartas del IRS 525, 692 y 1912 son cartas de presentaci\u00f3n del Formulario 4549. \u00bfNo entiende su carta del IRS? Le explicamos.","breadcrumb":{"@id":"https:\/\/taxhelplaw.com\/sptax\/soluciones\/pasos-de-casos-auditorias\/cartas-525-692-1912\/#breadcrumb"},"inLanguage":"es","potentialAction":[{"@type":"ReadAction","target":["https:\/\/taxhelplaw.com\/sptax\/soluciones\/pasos-de-casos-auditorias\/cartas-525-692-1912\/"]}]},{"@type":"ImageObject","inLanguage":"es","@id":"https:\/\/taxhelplaw.com\/sptax\/soluciones\/pasos-de-casos-auditorias\/cartas-525-692-1912\/#primaryimage","url":"https:\/\/taxhelplaw.com\/sptax\/wp-content\/uploads\/2023\/04\/Carta525enespanol.jpg","contentUrl":"https:\/\/taxhelplaw.com\/sptax\/wp-content\/uploads\/2023\/04\/Carta525enespanol.jpg","width":1700,"height":2200},{"@type":"BreadcrumbList","@id":"https:\/\/taxhelplaw.com\/sptax\/soluciones\/pasos-de-casos-auditorias\/cartas-525-692-1912\/#breadcrumb","itemListElement":[{"@type":"ListItem","position":1,"name":"Home","item":"https:\/\/taxhelplaw.com\/sptax\/"},{"@type":"ListItem","position":2,"name":"Soluciones","item":"https:\/\/taxhelplaw.com\/sptax\/soluciones\/"},{"@type":"ListItem","position":3,"name":"Auditor\u00edas","item":"https:\/\/taxhelplaw.com\/sptax\/soluciones\/pasos-de-casos-auditorias\/"},{"@type":"ListItem","position":4,"name":"Cartas 525, 692 y 1912"}]},{"@type":"WebSite","@id":"https:\/\/taxhelplaw.com\/sptax\/#website","url":"https:\/\/taxhelplaw.com\/sptax\/","name":"J. David Hopkins, JD LLM","description":"Maestr\u00eda en Derecho Tributario","publisher":{"@id":"https:\/\/taxhelplaw.com\/sptax\/#organization"},"alternateName":"TaxHelpLaw en Espa\u00f1ol","potentialAction":[{"@type":"SearchAction","target":{"@type":"EntryPoint","urlTemplate":"https:\/\/taxhelplaw.com\/sptax\/?s={search_term_string}"},"query-input":{"@type":"PropertyValueSpecification","valueRequired":true,"valueName":"search_term_string"}}],"inLanguage":"es"},{"@type":"Organization","@id":"https:\/\/taxhelplaw.com\/sptax\/#organization","name":"TaxHelp, Inc.","url":"https:\/\/taxhelplaw.com\/sptax\/","logo":{"@type":"ImageObject","inLanguage":"es","@id":"https:\/\/taxhelplaw.com\/sptax\/#\/schema\/logo\/image\/","url":"https:\/\/taxhelplaw.com\/sptax\/wp-content\/uploads\/2022\/01\/taxhelpenespanol.jpg","contentUrl":"https:\/\/taxhelplaw.com\/sptax\/wp-content\/uploads\/2022\/01\/taxhelpenespanol.jpg","width":300,"height":101,"caption":"TaxHelp, Inc."},"image":{"@id":"https:\/\/taxhelplaw.com\/sptax\/#\/schema\/logo\/image\/"}}]}},"jetpack_sharing_enabled":true,"_links":{"self":[{"href":"https:\/\/taxhelplaw.com\/sptax\/wp-json\/wp\/v2\/pages\/535","targetHints":{"allow":["GET"]}}],"collection":[{"href":"https:\/\/taxhelplaw.com\/sptax\/wp-json\/wp\/v2\/pages"}],"about":[{"href":"https:\/\/taxhelplaw.com\/sptax\/wp-json\/wp\/v2\/types\/page"}],"author":[{"embeddable":true,"href":"https:\/\/taxhelplaw.com\/sptax\/wp-json\/wp\/v2\/users\/1"}],"replies":[{"embeddable":true,"href":"https:\/\/taxhelplaw.com\/sptax\/wp-json\/wp\/v2\/comments?post=535"}],"version-history":[{"count":14,"href":"https:\/\/taxhelplaw.com\/sptax\/wp-json\/wp\/v2\/pages\/535\/revisions"}],"predecessor-version":[{"id":7727,"href":"https:\/\/taxhelplaw.com\/sptax\/wp-json\/wp\/v2\/pages\/535\/revisions\/7727"}],"up":[{"embeddable":true,"href":"https:\/\/taxhelplaw.com\/sptax\/wp-json\/wp\/v2\/pages\/164"}],"wp:attachment":[{"href":"https:\/\/taxhelplaw.com\/sptax\/wp-json\/wp\/v2\/media?parent=535"}],"curies":[{"name":"wp","href":"https:\/\/api.w.org\/{rel}","templated":true}]}}