{"id":533,"date":"2015-02-08T06:13:13","date_gmt":"2015-02-08T06:13:13","guid":{"rendered":"http:\/\/taxhelplaw.com\/sp\/?page_id=533"},"modified":"2022-01-30T05:46:22","modified_gmt":"2022-01-30T05:46:22","slug":"carta-3228","status":"publish","type":"page","link":"https:\/\/taxhelplaw.com\/sptax\/soluciones\/cobros\/carta-3228\/","title":{"rendered":"Carta 3228"},"content":{"rendered":"<p>El IRS usa la Carta 3228 para recordarle que usted debe impuestos. Esta carta, que es similar al Aviso <strong><a title=\"Aviso CP771\" href=\"\/\/taxhelplaw.com\/sptax\/soluciones\/cobros\/aviso-cp771\/\">CP771<\/a><\/strong>, indica que el embargo de su propiedad no es inminente. Su situaci\u00f3n no es extremadamente urgente pero la carta es un recordatorio del problema.<\/p>\n<p>Probablemente el IRS ya le ha enviado un <a title=\"Aviso CP604\" href=\"\/\/taxhelplaw.com\/sptax\/soluciones\/cobros\/aviso-cp604\/\"><strong>Aviso<\/strong><\/a> de intenci\u00f3n de aplicar un embargo as\u00ed que pueden apoderarse de su propiedad e ingresos en cualquier momento, pero usted todav\u00eda tiene tiempo de solucionar el problema.<\/p>\n<p>Como se explica en los Pasos de Casos, tendremos que obtener los archivos del IRS as\u00ed como sus propios archivos para determinar si, en efecto, usted debe el impuesto. P\u00f3ngase en contacto con nuestro abogado fiscal, el Lic. Hopkins, para investigar su caso. Si en realidad usted no tiene un saldo deudor, prepararemos todos los documentos para reducir o eliminar el impuesto.<\/p>\n<p>Si usted debe el impuesto (todo o una parte), vamos a explorar todas las opciones para reducir, eliminar o mitigar los efectos de esta factura.<\/p>\n<p>Es muy posible que usted tenga que enviar al IRS toda la informaci\u00f3n requerida en el Formulario <a title=\"Formulario 433-A\" href=\"\/\/www.irs.gov\/pub\/irs-pdf\/f433asp.pdf\" class=\"popup\" target=\"_blank\" rel=\"noopener\"><strong>433A<\/strong><\/a> o el Formulario <a title=\"Formulario 433-F\" href=\"\/\/www.irs.gov\/pub\/irs-pdf\/f433fsp.pdf\" class=\"popup\" target=\"_blank\" rel=\"noopener\"><strong>433F<\/strong><\/a>, lo cual toma mucho tiempo y esfuerzo. Por favor tome nuestros <a title=\"Webinars\" href=\"\/\/taxhelplaw.com\/webinars-shop\/\"><strong>Webinars<\/strong><\/a> (Ingl\u00e9s) para obtener consejos de nuestro abogado fiscal quien provee trucos y trampitas para completar estos formularios.<\/p>\n<p>Por favor siga los <a title=\"Pasos de Casos \u2013 Cobros\" href=\"\/\/taxhelplaw.com\/sptax\/soluciones\/cobros\/\" target=\"_blank\" rel=\"noopener\"><strong>Pasos de Casos<\/strong><\/a> de la Carta 3228 y p\u00f3ngase en contacto con el Lic. Hopkins en Colorado Springs o Pueblo. \u00a1\u00c9l puede crear un <strong>Plan de Acci\u00f3n<\/strong> para beneficiarlo ahora y en el futuro!<\/p>\n<p><a title=\"Pasos de Casos \u2013 Cobros\" href=\"\/\/taxhelplaw.com\/sptax\/soluciones\/cobros\/\"><img loading=\"lazy\" decoding=\"async\" class=\"alignleft size-full wp-image-1280\" src=\"\/sptax\/wp-content\/uploads\/2015\/02\/Carta-3228-1.jpg\" alt=\"Carta 3228\" width=\"1249\" height=\"1662\" \/><\/a><\/p>\n<p>  <a href=\"https:\/\/taxhelplaw.com\/sptax\/wp-content\/uploads\/2022\/01\/taxhelpenespanol.jpg\"><img loading=\"lazy\" decoding=\"async\" class=\"aligncenter size-full wp-image-3464\"\ntitle=\n \"Carta 3228 del IRS\" src=\"https:\/\/taxhelplaw.com\/sptax\/wp-content\/uploads\/2022\/01\/taxhelpenespanol.jpg\" \n alt=\"Carta 3228 del IRS. \nAbogado de derecho fiscal en Colorado Springs. Abogado de impuestos en Colorado Springs\" width=\"300\" height=\"101\" \/><\/a><\/p>\n","protected":false},"excerpt":{"rendered":"<p>El IRS usa la Carta 3228 para recordarle que usted debe impuestos. Esta carta, que es similar al Aviso CP771, indica que el embargo de su propiedad no es inminente. Su situaci\u00f3n no es extremadamente urgente pero la carta es un recordatorio del problema. Probablemente el IRS ya le ha enviado un Aviso de intenci\u00f3n [&hellip;]<\/p>\n","protected":false},"author":1,"featured_media":0,"parent":146,"menu_order":30,"comment_status":"closed","ping_status":"closed","template":"","meta":{"_genesis_hide_title":false,"_genesis_hide_breadcrumbs":false,"_genesis_hide_singular_image":false,"_genesis_hide_footer_widgets":false,"_genesis_custom_body_class":"","_genesis_custom_post_class":"","_genesis_layout":"","footnotes":""},"class_list":{"0":"post-533","1":"page","2":"type-page","3":"status-publish","5":"entry"},"yoast_head":"<!-- This site is optimized with the Yoast SEO Premium plugin v27.0 (Yoast SEO v27.4) - https:\/\/yoast.com\/product\/yoast-seo-premium-wordpress\/ -->\n<title>Carta 3228. Nuestro abogado investiga sus problemas - TaxHelpLaw<\/title>\n<meta name=\"description\" content=\"Carta 3228 del IRS: le recuerdan que usted debe impuestos. Esta carta es similar al Aviso CP771. El embargo no es inminente.\" \/>\n<meta name=\"robots\" content=\"index, follow, max-snippet:-1, max-image-preview:large, max-video-preview:-1\" \/>\n<link rel=\"canonical\" href=\"https:\/\/taxhelplaw.com\/sptax\/soluciones\/cobros\/carta-3228\/\" \/>\n<meta property=\"og:locale\" content=\"es_MX\" \/>\n<meta property=\"og:type\" content=\"article\" \/>\n<meta property=\"og:title\" content=\"Carta 3228\" \/>\n<meta property=\"og:description\" content=\"Carta 3228 del IRS: le recuerdan que usted debe impuestos. Esta carta es similar al Aviso CP771. El embargo no es inminente.\" \/>\n<meta property=\"og:url\" content=\"https:\/\/taxhelplaw.com\/sptax\/soluciones\/cobros\/carta-3228\/\" \/>\n<meta property=\"og:site_name\" content=\"J. David Hopkins, JD LLM\" \/>\n<meta property=\"article:modified_time\" content=\"2022-01-30T05:46:22+00:00\" \/>\n<meta property=\"og:image\" content=\"https:\/\/taxhelplaw.com\/sptax\/wp-content\/uploads\/2015\/02\/Carta-3228-1.jpg\" \/>\n<meta name=\"twitter:card\" content=\"summary_large_image\" \/>\n<meta name=\"twitter:label1\" content=\"Tiempo de lectura\" \/>\n\t<meta name=\"twitter:data1\" content=\"1 minuto\" \/>\n<script type=\"application\/ld+json\" class=\"yoast-schema-graph\">{\"@context\":\"https:\\\/\\\/schema.org\",\"@graph\":[{\"@type\":\"WebPage\",\"@id\":\"https:\\\/\\\/taxhelplaw.com\\\/sptax\\\/soluciones\\\/cobros\\\/carta-3228\\\/\",\"url\":\"https:\\\/\\\/taxhelplaw.com\\\/sptax\\\/soluciones\\\/cobros\\\/carta-3228\\\/\",\"name\":\"Carta 3228. Nuestro abogado investiga sus problemas - TaxHelpLaw\",\"isPartOf\":{\"@id\":\"https:\\\/\\\/taxhelplaw.com\\\/sptax\\\/#website\"},\"primaryImageOfPage\":{\"@id\":\"https:\\\/\\\/taxhelplaw.com\\\/sptax\\\/soluciones\\\/cobros\\\/carta-3228\\\/#primaryimage\"},\"image\":{\"@id\":\"https:\\\/\\\/taxhelplaw.com\\\/sptax\\\/soluciones\\\/cobros\\\/carta-3228\\\/#primaryimage\"},\"thumbnailUrl\":\"https:\\\/\\\/taxhelplaw.com\\\/sptax\\\/wp-content\\\/uploads\\\/2022\\\/01\\\/taxhelpenespanol.jpg\",\"datePublished\":\"2015-02-08T06:13:13+00:00\",\"dateModified\":\"2022-01-30T05:46:22+00:00\",\"description\":\"Carta 3228 del IRS: le recuerdan que usted debe impuestos. Esta carta es similar al Aviso CP771. El embargo no es inminente.\",\"breadcrumb\":{\"@id\":\"https:\\\/\\\/taxhelplaw.com\\\/sptax\\\/soluciones\\\/cobros\\\/carta-3228\\\/#breadcrumb\"},\"inLanguage\":\"es\",\"potentialAction\":[{\"@type\":\"ReadAction\",\"target\":[\"https:\\\/\\\/taxhelplaw.com\\\/sptax\\\/soluciones\\\/cobros\\\/carta-3228\\\/\"]}]},{\"@type\":\"ImageObject\",\"inLanguage\":\"es\",\"@id\":\"https:\\\/\\\/taxhelplaw.com\\\/sptax\\\/soluciones\\\/cobros\\\/carta-3228\\\/#primaryimage\",\"url\":\"https:\\\/\\\/taxhelplaw.com\\\/sptax\\\/wp-content\\\/uploads\\\/2022\\\/01\\\/taxhelpenespanol.jpg\",\"contentUrl\":\"https:\\\/\\\/taxhelplaw.com\\\/sptax\\\/wp-content\\\/uploads\\\/2022\\\/01\\\/taxhelpenespanol.jpg\",\"width\":300,\"height\":101},{\"@type\":\"BreadcrumbList\",\"@id\":\"https:\\\/\\\/taxhelplaw.com\\\/sptax\\\/soluciones\\\/cobros\\\/carta-3228\\\/#breadcrumb\",\"itemListElement\":[{\"@type\":\"ListItem\",\"position\":1,\"name\":\"Home\",\"item\":\"https:\\\/\\\/taxhelplaw.com\\\/sptax\\\/\"},{\"@type\":\"ListItem\",\"position\":2,\"name\":\"Soluciones\",\"item\":\"https:\\\/\\\/taxhelplaw.com\\\/sptax\\\/soluciones\\\/\"},{\"@type\":\"ListItem\",\"position\":3,\"name\":\"Cobros\",\"item\":\"https:\\\/\\\/taxhelplaw.com\\\/sptax\\\/soluciones\\\/cobros\\\/\"},{\"@type\":\"ListItem\",\"position\":4,\"name\":\"Carta 3228\"}]},{\"@type\":\"WebSite\",\"@id\":\"https:\\\/\\\/taxhelplaw.com\\\/sptax\\\/#website\",\"url\":\"https:\\\/\\\/taxhelplaw.com\\\/sptax\\\/\",\"name\":\"J. David Hopkins, JD LLM\",\"description\":\"Maestr\u00eda en Derecho Tributario\",\"publisher\":{\"@id\":\"https:\\\/\\\/taxhelplaw.com\\\/sptax\\\/#organization\"},\"alternateName\":\"TaxHelpLaw en Espa\u00f1ol\",\"potentialAction\":[{\"@type\":\"SearchAction\",\"target\":{\"@type\":\"EntryPoint\",\"urlTemplate\":\"https:\\\/\\\/taxhelplaw.com\\\/sptax\\\/?s={search_term_string}\"},\"query-input\":{\"@type\":\"PropertyValueSpecification\",\"valueRequired\":true,\"valueName\":\"search_term_string\"}}],\"inLanguage\":\"es\"},{\"@type\":\"Organization\",\"@id\":\"https:\\\/\\\/taxhelplaw.com\\\/sptax\\\/#organization\",\"name\":\"TaxHelp, Inc.\",\"url\":\"https:\\\/\\\/taxhelplaw.com\\\/sptax\\\/\",\"logo\":{\"@type\":\"ImageObject\",\"inLanguage\":\"es\",\"@id\":\"https:\\\/\\\/taxhelplaw.com\\\/sptax\\\/#\\\/schema\\\/logo\\\/image\\\/\",\"url\":\"https:\\\/\\\/taxhelplaw.com\\\/sptax\\\/wp-content\\\/uploads\\\/2022\\\/01\\\/taxhelpenespanol.jpg\",\"contentUrl\":\"https:\\\/\\\/taxhelplaw.com\\\/sptax\\\/wp-content\\\/uploads\\\/2022\\\/01\\\/taxhelpenespanol.jpg\",\"width\":300,\"height\":101,\"caption\":\"TaxHelp, Inc.\"},\"image\":{\"@id\":\"https:\\\/\\\/taxhelplaw.com\\\/sptax\\\/#\\\/schema\\\/logo\\\/image\\\/\"}}]}<\/script>\n<!-- \/ Yoast SEO Premium plugin. -->","yoast_head_json":{"title":"Carta 3228. Nuestro abogado investiga sus problemas - TaxHelpLaw","description":"Carta 3228 del IRS: le recuerdan que usted debe impuestos. Esta carta es similar al Aviso CP771. El embargo no es inminente.","robots":{"index":"index","follow":"follow","max-snippet":"max-snippet:-1","max-image-preview":"max-image-preview:large","max-video-preview":"max-video-preview:-1"},"canonical":"https:\/\/taxhelplaw.com\/sptax\/soluciones\/cobros\/carta-3228\/","og_locale":"es_MX","og_type":"article","og_title":"Carta 3228","og_description":"Carta 3228 del IRS: le recuerdan que usted debe impuestos. Esta carta es similar al Aviso CP771. El embargo no es inminente.","og_url":"https:\/\/taxhelplaw.com\/sptax\/soluciones\/cobros\/carta-3228\/","og_site_name":"J. David Hopkins, JD LLM","article_modified_time":"2022-01-30T05:46:22+00:00","og_image":[{"url":"https:\/\/taxhelplaw.com\/sptax\/wp-content\/uploads\/2015\/02\/Carta-3228-1.jpg","type":"","width":"","height":""}],"twitter_card":"summary_large_image","twitter_misc":{"Tiempo de lectura":"1 minuto"},"schema":{"@context":"https:\/\/schema.org","@graph":[{"@type":"WebPage","@id":"https:\/\/taxhelplaw.com\/sptax\/soluciones\/cobros\/carta-3228\/","url":"https:\/\/taxhelplaw.com\/sptax\/soluciones\/cobros\/carta-3228\/","name":"Carta 3228. Nuestro abogado investiga sus problemas - TaxHelpLaw","isPartOf":{"@id":"https:\/\/taxhelplaw.com\/sptax\/#website"},"primaryImageOfPage":{"@id":"https:\/\/taxhelplaw.com\/sptax\/soluciones\/cobros\/carta-3228\/#primaryimage"},"image":{"@id":"https:\/\/taxhelplaw.com\/sptax\/soluciones\/cobros\/carta-3228\/#primaryimage"},"thumbnailUrl":"https:\/\/taxhelplaw.com\/sptax\/wp-content\/uploads\/2022\/01\/taxhelpenespanol.jpg","datePublished":"2015-02-08T06:13:13+00:00","dateModified":"2022-01-30T05:46:22+00:00","description":"Carta 3228 del IRS: le recuerdan que usted debe impuestos. Esta carta es similar al Aviso CP771. El embargo no es inminente.","breadcrumb":{"@id":"https:\/\/taxhelplaw.com\/sptax\/soluciones\/cobros\/carta-3228\/#breadcrumb"},"inLanguage":"es","potentialAction":[{"@type":"ReadAction","target":["https:\/\/taxhelplaw.com\/sptax\/soluciones\/cobros\/carta-3228\/"]}]},{"@type":"ImageObject","inLanguage":"es","@id":"https:\/\/taxhelplaw.com\/sptax\/soluciones\/cobros\/carta-3228\/#primaryimage","url":"https:\/\/taxhelplaw.com\/sptax\/wp-content\/uploads\/2022\/01\/taxhelpenespanol.jpg","contentUrl":"https:\/\/taxhelplaw.com\/sptax\/wp-content\/uploads\/2022\/01\/taxhelpenespanol.jpg","width":300,"height":101},{"@type":"BreadcrumbList","@id":"https:\/\/taxhelplaw.com\/sptax\/soluciones\/cobros\/carta-3228\/#breadcrumb","itemListElement":[{"@type":"ListItem","position":1,"name":"Home","item":"https:\/\/taxhelplaw.com\/sptax\/"},{"@type":"ListItem","position":2,"name":"Soluciones","item":"https:\/\/taxhelplaw.com\/sptax\/soluciones\/"},{"@type":"ListItem","position":3,"name":"Cobros","item":"https:\/\/taxhelplaw.com\/sptax\/soluciones\/cobros\/"},{"@type":"ListItem","position":4,"name":"Carta 3228"}]},{"@type":"WebSite","@id":"https:\/\/taxhelplaw.com\/sptax\/#website","url":"https:\/\/taxhelplaw.com\/sptax\/","name":"J. David Hopkins, JD LLM","description":"Maestr\u00eda en Derecho Tributario","publisher":{"@id":"https:\/\/taxhelplaw.com\/sptax\/#organization"},"alternateName":"TaxHelpLaw en Espa\u00f1ol","potentialAction":[{"@type":"SearchAction","target":{"@type":"EntryPoint","urlTemplate":"https:\/\/taxhelplaw.com\/sptax\/?s={search_term_string}"},"query-input":{"@type":"PropertyValueSpecification","valueRequired":true,"valueName":"search_term_string"}}],"inLanguage":"es"},{"@type":"Organization","@id":"https:\/\/taxhelplaw.com\/sptax\/#organization","name":"TaxHelp, Inc.","url":"https:\/\/taxhelplaw.com\/sptax\/","logo":{"@type":"ImageObject","inLanguage":"es","@id":"https:\/\/taxhelplaw.com\/sptax\/#\/schema\/logo\/image\/","url":"https:\/\/taxhelplaw.com\/sptax\/wp-content\/uploads\/2022\/01\/taxhelpenespanol.jpg","contentUrl":"https:\/\/taxhelplaw.com\/sptax\/wp-content\/uploads\/2022\/01\/taxhelpenespanol.jpg","width":300,"height":101,"caption":"TaxHelp, Inc."},"image":{"@id":"https:\/\/taxhelplaw.com\/sptax\/#\/schema\/logo\/image\/"}}]}},"jetpack_sharing_enabled":true,"_links":{"self":[{"href":"https:\/\/taxhelplaw.com\/sptax\/wp-json\/wp\/v2\/pages\/533","targetHints":{"allow":["GET"]}}],"collection":[{"href":"https:\/\/taxhelplaw.com\/sptax\/wp-json\/wp\/v2\/pages"}],"about":[{"href":"https:\/\/taxhelplaw.com\/sptax\/wp-json\/wp\/v2\/types\/page"}],"author":[{"embeddable":true,"href":"https:\/\/taxhelplaw.com\/sptax\/wp-json\/wp\/v2\/users\/1"}],"replies":[{"embeddable":true,"href":"https:\/\/taxhelplaw.com\/sptax\/wp-json\/wp\/v2\/comments?post=533"}],"version-history":[{"count":6,"href":"https:\/\/taxhelplaw.com\/sptax\/wp-json\/wp\/v2\/pages\/533\/revisions"}],"predecessor-version":[{"id":3585,"href":"https:\/\/taxhelplaw.com\/sptax\/wp-json\/wp\/v2\/pages\/533\/revisions\/3585"}],"up":[{"embeddable":true,"href":"https:\/\/taxhelplaw.com\/sptax\/wp-json\/wp\/v2\/pages\/146"}],"wp:attachment":[{"href":"https:\/\/taxhelplaw.com\/sptax\/wp-json\/wp\/v2\/media?parent=533"}],"curies":[{"name":"wp","href":"https:\/\/api.w.org\/{rel}","templated":true}]}}