{"id":531,"date":"2015-02-08T06:11:41","date_gmt":"2015-02-08T06:11:41","guid":{"rendered":"http:\/\/taxhelplaw.com\/sp\/?page_id=531"},"modified":"2023-03-13T21:20:10","modified_gmt":"2023-03-13T21:20:10","slug":"carta-3174","status":"publish","type":"page","link":"https:\/\/taxhelplaw.com\/sptax\/soluciones\/cobros\/carta-3174\/","title":{"rendered":"Carta 3174 y 3174-A"},"content":{"rendered":"<p>El IRS usa la Carta 3174 (o 3174-A) para recordarle que usted tiene un saldo deudor, la env\u00edan despu\u00e9s del aviso de intenci\u00f3n de aplicar un <a title=\"Aviso CP604\" href=\"\/\/taxhelplaw.com\/sptax\/soluciones\/cobros\/aviso-cp604\/\">embargo<\/a>. No est\u00e1n obligados a enviar la Carta 3174 pero lo hacen de cortes\u00eda.<\/p>\n<p>Este aviso se usa como carta de presentaci\u00f3n de un embargo, o m\u00e1s de uno, de <a title=\"Formulario 668-A(c)\" href=\"\/\/taxhelplaw.com\/sptax\/soluciones\/cobros\/formulario-668-ac\/\">cuentas bancarias<\/a> o <a title=\"Formulario 668-W(c)\" href=\"\/\/taxhelplaw.com\/sptax\/soluciones\/cobros\/formulario-668-wc\/\">salarios<\/a>. Por lo tanto, la Carta 3174 es benigna pero con o sin embargos, la situaci\u00f3n es peligrosa y se debe corregir inmediatamente antes de que el IRS tome posesi\u00f3n de sus bienes.<\/p>\n<p>El m\u00e9todo usado para retener los embargos y estabilizar su vida depende de su situaci\u00f3n con el IRS. Si usted no ha presentado todas las declaraciones de impuesto, el IRS no liberar\u00e1 los embargos. <em>Vea<\/em> <a title=\"Pasos de Casos \u2013 Solicitud de declaraci\u00f3n\" href=\"\/\/taxhelplaw.com\/sptax\/soluciones\/pasos-de-casos-solicitud-de-declaracion\/\">impuestos sin presentar<\/a>.<\/p>\n<p>Si usted ha presentado todas las declaraciones de impuestos, tenemos que revisarlas a ver si hay errores. Somos habilidosos para descubrir errores en declaraciones de impuestos y revertir deudas.<\/p>\n<p>Si usted debe impuestos, tenemos que explorar varios m\u00e9todos para reducir o eliminar la deuda. Tenga en cuenta que cada t\u00e1ctica tiene consecuencias positivas y negativas, por consiguiente hay que ser cuidadoso, preciso y persistente.<\/p>\n<p>Lo m\u00e1s probable es que tenga que completar el Formulario <a class=\"popup\" title=\"Formulario 433-F\" href=\"\/\/www.irs.gov\/pub\/irs-pdf\/f433fsp.pdf\" rel=\"noopener\">433F<\/a> o el Formulario <a class=\"popup\" title=\"Formulario 433A\" href=\"\/\/www.irs.gov\/pub\/irs-pdf\/f433asp.pdf\" rel=\"noopener\">433A<\/a> los cuales se usan para declarar su situaci\u00f3n financiera al IRS. Basados en esta informaci\u00f3n, ellos determinan cu\u00e1nto le pueden cobrar. Si estos formularios no se completan adecuadamente, el IRS los rechaza y comienzan los cobros. Por tal motivo y ya que la situaci\u00f3n es tan importante, hemos creado <a title=\"Webinars\" href=\"https:\/\/taxhelplaw.com\/sptax\/recursos-gratis\/seminarios-web-gratis\/\">Webinars<\/a> (espa\u00f1ol) para ayudarlo con los formularios y a enfrentar al IRS.<\/p>\n<p>Por favor siga los <a title=\"Pasos de Casos \u2013 Cobros\" href=\"\/\/taxhelplaw.com\/sptax\/soluciones\/cobros\/\" rel=\"noopener\">Pasos de Casos<\/a> para ver una explicaci\u00f3n m\u00e1s detallada y las estrategias de nuestro abogado fiscal.<\/p>\n<div class=\"one-half first\">\n<h6>Versi\u00f3n en ingl\u00e9s:<\/h6>\n<\/div>\n<div class=\"one-half\"><a href=\"\/sptax\/wp-content\/uploads\/2015\/02\/Carta-3174-A-1.jpg\" class=\"popup\">Letter 3174A<\/a><\/div>\n<p>&nbsp;<\/p>\n<div>\n<h6>Nuestra traducci\u00f3n al espa\u00f1ol:<\/h6>\n<\/div>\n<p><a title=\"Pasos de Casos \u2013 Cobros\" href=\"\/\/taxhelplaw.com\/sptax\/soluciones\/cobros\/\"><img loading=\"lazy\" decoding=\"async\" class=\"alignleft size-full wp-image-1277\" src=\"https:\/\/taxhelplaw.com\/sptax\/wp-content\/uploads\/2023\/03\/Letter-3174Aenespanol.jpg\" alt=\"Carta 3174A\" width=\"1246\" height=\"1636\" \/><\/a><\/p>\n<p>  <a href=\"https:\/\/taxhelplaw.com\/sptax\/sample-page-2\/contactenos\/\"><img loading=\"lazy\" decoding=\"async\" class=\"aligncenter size-full wp-image-3464\" title=\"Carta 3174 del IRS\" src=\"https:\/\/taxhelplaw.com\/sptax\/wp-content\/uploads\/2022\/01\/taxhelpenespanol.jpg\" alt=\"Carta 3174 del IRS. Abogado de derecho fiscal en Colorado Springs. Abogado de impuestos en Colorado Springs\" width=\"300\" height=\"101\" \/><\/a><\/p>\n","protected":false},"excerpt":{"rendered":"<p>El IRS usa la Carta 3174 (o 3174-A) para recordarle que usted tiene un saldo deudor, la env\u00edan despu\u00e9s del aviso de intenci\u00f3n de aplicar un embargo. No est\u00e1n obligados a enviar la Carta 3174 pero lo hacen de cortes\u00eda. Este aviso se usa como carta de presentaci\u00f3n de un embargo, o m\u00e1s de uno, [&hellip;]<\/p>\n","protected":false},"author":1,"featured_media":0,"parent":146,"menu_order":28,"comment_status":"closed","ping_status":"closed","template":"","meta":{"_genesis_hide_title":false,"_genesis_hide_breadcrumbs":false,"_genesis_hide_singular_image":false,"_genesis_hide_footer_widgets":false,"_genesis_custom_body_class":"","_genesis_custom_post_class":"","_genesis_layout":"","footnotes":""},"class_list":{"0":"post-531","1":"page","2":"type-page","3":"status-publish","5":"entry"},"yoast_head":"<!-- This site is optimized with the Yoast SEO Premium plugin v27.0 (Yoast SEO v27.3) - https:\/\/yoast.com\/product\/yoast-seo-premium-wordpress\/ -->\n<title>Carta 3174 \u00a1Su situaci\u00f3n puede ser peligrosa! - TaxHelpLaw<\/title>\n<meta name=\"description\" content=\"Carta 3174 (o 3174-A) del IRS: le recuerdan que usted tiene un saldo deudor, la env\u00edan despu\u00e9s del aviso de embargo. Lo podemos ayudar.\" \/>\n<meta name=\"robots\" content=\"index, follow, max-snippet:-1, max-image-preview:large, max-video-preview:-1\" \/>\n<link rel=\"canonical\" href=\"https:\/\/taxhelplaw.com\/sptax\/soluciones\/cobros\/carta-3174\/\" \/>\n<meta property=\"og:locale\" content=\"es_MX\" \/>\n<meta property=\"og:type\" content=\"article\" \/>\n<meta property=\"og:title\" content=\"Carta 3174 y 3174-A\" \/>\n<meta property=\"og:description\" content=\"Carta 3174 (o 3174-A) del IRS: le recuerdan que usted tiene un saldo deudor, la env\u00edan despu\u00e9s del aviso de embargo. Lo podemos ayudar.\" \/>\n<meta property=\"og:url\" content=\"https:\/\/taxhelplaw.com\/sptax\/soluciones\/cobros\/carta-3174\/\" \/>\n<meta property=\"og:site_name\" content=\"J. David Hopkins, JD LLM\" \/>\n<meta property=\"article:modified_time\" content=\"2023-03-13T21:20:10+00:00\" \/>\n<meta property=\"og:image\" content=\"https:\/\/taxhelplaw.com\/sptax\/wp-content\/uploads\/2023\/03\/Letter-3174Aenespanol.jpg\" \/>\n<meta name=\"twitter:card\" content=\"summary_large_image\" \/>\n<meta name=\"twitter:label1\" content=\"Tiempo de lectura\" \/>\n\t<meta name=\"twitter:data1\" content=\"2 minutos\" \/>\n<script type=\"application\/ld+json\" class=\"yoast-schema-graph\">{\"@context\":\"https:\\\/\\\/schema.org\",\"@graph\":[{\"@type\":\"WebPage\",\"@id\":\"https:\\\/\\\/taxhelplaw.com\\\/sptax\\\/soluciones\\\/cobros\\\/carta-3174\\\/\",\"url\":\"https:\\\/\\\/taxhelplaw.com\\\/sptax\\\/soluciones\\\/cobros\\\/carta-3174\\\/\",\"name\":\"Carta 3174 \u00a1Su situaci\u00f3n puede ser peligrosa! - TaxHelpLaw\",\"isPartOf\":{\"@id\":\"https:\\\/\\\/taxhelplaw.com\\\/sptax\\\/#website\"},\"primaryImageOfPage\":{\"@id\":\"https:\\\/\\\/taxhelplaw.com\\\/sptax\\\/soluciones\\\/cobros\\\/carta-3174\\\/#primaryimage\"},\"image\":{\"@id\":\"https:\\\/\\\/taxhelplaw.com\\\/sptax\\\/soluciones\\\/cobros\\\/carta-3174\\\/#primaryimage\"},\"thumbnailUrl\":\"https:\\\/\\\/taxhelplaw.com\\\/sptax\\\/wp-content\\\/uploads\\\/2023\\\/03\\\/Letter-3174Aenespanol.jpg\",\"datePublished\":\"2015-02-08T06:11:41+00:00\",\"dateModified\":\"2023-03-13T21:20:10+00:00\",\"description\":\"Carta 3174 (o 3174-A) del IRS: le recuerdan que usted tiene un saldo deudor, la env\u00edan despu\u00e9s del aviso de embargo. Lo podemos ayudar.\",\"breadcrumb\":{\"@id\":\"https:\\\/\\\/taxhelplaw.com\\\/sptax\\\/soluciones\\\/cobros\\\/carta-3174\\\/#breadcrumb\"},\"inLanguage\":\"es\",\"potentialAction\":[{\"@type\":\"ReadAction\",\"target\":[\"https:\\\/\\\/taxhelplaw.com\\\/sptax\\\/soluciones\\\/cobros\\\/carta-3174\\\/\"]}]},{\"@type\":\"ImageObject\",\"inLanguage\":\"es\",\"@id\":\"https:\\\/\\\/taxhelplaw.com\\\/sptax\\\/soluciones\\\/cobros\\\/carta-3174\\\/#primaryimage\",\"url\":\"https:\\\/\\\/taxhelplaw.com\\\/sptax\\\/wp-content\\\/uploads\\\/2023\\\/03\\\/Letter-3174Aenespanol.jpg\",\"contentUrl\":\"https:\\\/\\\/taxhelplaw.com\\\/sptax\\\/wp-content\\\/uploads\\\/2023\\\/03\\\/Letter-3174Aenespanol.jpg\",\"width\":1275,\"height\":1650},{\"@type\":\"BreadcrumbList\",\"@id\":\"https:\\\/\\\/taxhelplaw.com\\\/sptax\\\/soluciones\\\/cobros\\\/carta-3174\\\/#breadcrumb\",\"itemListElement\":[{\"@type\":\"ListItem\",\"position\":1,\"name\":\"Home\",\"item\":\"https:\\\/\\\/taxhelplaw.com\\\/sptax\\\/\"},{\"@type\":\"ListItem\",\"position\":2,\"name\":\"Soluciones\",\"item\":\"https:\\\/\\\/taxhelplaw.com\\\/sptax\\\/soluciones\\\/\"},{\"@type\":\"ListItem\",\"position\":3,\"name\":\"Cobros\",\"item\":\"https:\\\/\\\/taxhelplaw.com\\\/sptax\\\/soluciones\\\/cobros\\\/\"},{\"@type\":\"ListItem\",\"position\":4,\"name\":\"Carta 3174 y 3174-A\"}]},{\"@type\":\"WebSite\",\"@id\":\"https:\\\/\\\/taxhelplaw.com\\\/sptax\\\/#website\",\"url\":\"https:\\\/\\\/taxhelplaw.com\\\/sptax\\\/\",\"name\":\"J. David Hopkins, JD LLM\",\"description\":\"Maestr\u00eda en Derecho Tributario\",\"publisher\":{\"@id\":\"https:\\\/\\\/taxhelplaw.com\\\/sptax\\\/#organization\"},\"alternateName\":\"TaxHelpLaw en Espa\u00f1ol\",\"potentialAction\":[{\"@type\":\"SearchAction\",\"target\":{\"@type\":\"EntryPoint\",\"urlTemplate\":\"https:\\\/\\\/taxhelplaw.com\\\/sptax\\\/?s={search_term_string}\"},\"query-input\":{\"@type\":\"PropertyValueSpecification\",\"valueRequired\":true,\"valueName\":\"search_term_string\"}}],\"inLanguage\":\"es\"},{\"@type\":\"Organization\",\"@id\":\"https:\\\/\\\/taxhelplaw.com\\\/sptax\\\/#organization\",\"name\":\"TaxHelp, Inc.\",\"url\":\"https:\\\/\\\/taxhelplaw.com\\\/sptax\\\/\",\"logo\":{\"@type\":\"ImageObject\",\"inLanguage\":\"es\",\"@id\":\"https:\\\/\\\/taxhelplaw.com\\\/sptax\\\/#\\\/schema\\\/logo\\\/image\\\/\",\"url\":\"https:\\\/\\\/taxhelplaw.com\\\/sptax\\\/wp-content\\\/uploads\\\/2022\\\/01\\\/taxhelpenespanol.jpg\",\"contentUrl\":\"https:\\\/\\\/taxhelplaw.com\\\/sptax\\\/wp-content\\\/uploads\\\/2022\\\/01\\\/taxhelpenespanol.jpg\",\"width\":300,\"height\":101,\"caption\":\"TaxHelp, Inc.\"},\"image\":{\"@id\":\"https:\\\/\\\/taxhelplaw.com\\\/sptax\\\/#\\\/schema\\\/logo\\\/image\\\/\"}}]}<\/script>\n<!-- \/ Yoast SEO Premium plugin. -->","yoast_head_json":{"title":"Carta 3174 \u00a1Su situaci\u00f3n puede ser peligrosa! - TaxHelpLaw","description":"Carta 3174 (o 3174-A) del IRS: le recuerdan que usted tiene un saldo deudor, la env\u00edan despu\u00e9s del aviso de embargo. Lo podemos ayudar.","robots":{"index":"index","follow":"follow","max-snippet":"max-snippet:-1","max-image-preview":"max-image-preview:large","max-video-preview":"max-video-preview:-1"},"canonical":"https:\/\/taxhelplaw.com\/sptax\/soluciones\/cobros\/carta-3174\/","og_locale":"es_MX","og_type":"article","og_title":"Carta 3174 y 3174-A","og_description":"Carta 3174 (o 3174-A) del IRS: le recuerdan que usted tiene un saldo deudor, la env\u00edan despu\u00e9s del aviso de embargo. Lo podemos ayudar.","og_url":"https:\/\/taxhelplaw.com\/sptax\/soluciones\/cobros\/carta-3174\/","og_site_name":"J. David Hopkins, JD LLM","article_modified_time":"2023-03-13T21:20:10+00:00","og_image":[{"url":"https:\/\/taxhelplaw.com\/sptax\/wp-content\/uploads\/2023\/03\/Letter-3174Aenespanol.jpg","type":"","width":"","height":""}],"twitter_card":"summary_large_image","twitter_misc":{"Tiempo de lectura":"2 minutos"},"schema":{"@context":"https:\/\/schema.org","@graph":[{"@type":"WebPage","@id":"https:\/\/taxhelplaw.com\/sptax\/soluciones\/cobros\/carta-3174\/","url":"https:\/\/taxhelplaw.com\/sptax\/soluciones\/cobros\/carta-3174\/","name":"Carta 3174 \u00a1Su situaci\u00f3n puede ser peligrosa! - TaxHelpLaw","isPartOf":{"@id":"https:\/\/taxhelplaw.com\/sptax\/#website"},"primaryImageOfPage":{"@id":"https:\/\/taxhelplaw.com\/sptax\/soluciones\/cobros\/carta-3174\/#primaryimage"},"image":{"@id":"https:\/\/taxhelplaw.com\/sptax\/soluciones\/cobros\/carta-3174\/#primaryimage"},"thumbnailUrl":"https:\/\/taxhelplaw.com\/sptax\/wp-content\/uploads\/2023\/03\/Letter-3174Aenespanol.jpg","datePublished":"2015-02-08T06:11:41+00:00","dateModified":"2023-03-13T21:20:10+00:00","description":"Carta 3174 (o 3174-A) del IRS: le recuerdan que usted tiene un saldo deudor, la env\u00edan despu\u00e9s del aviso de embargo. Lo podemos ayudar.","breadcrumb":{"@id":"https:\/\/taxhelplaw.com\/sptax\/soluciones\/cobros\/carta-3174\/#breadcrumb"},"inLanguage":"es","potentialAction":[{"@type":"ReadAction","target":["https:\/\/taxhelplaw.com\/sptax\/soluciones\/cobros\/carta-3174\/"]}]},{"@type":"ImageObject","inLanguage":"es","@id":"https:\/\/taxhelplaw.com\/sptax\/soluciones\/cobros\/carta-3174\/#primaryimage","url":"https:\/\/taxhelplaw.com\/sptax\/wp-content\/uploads\/2023\/03\/Letter-3174Aenespanol.jpg","contentUrl":"https:\/\/taxhelplaw.com\/sptax\/wp-content\/uploads\/2023\/03\/Letter-3174Aenespanol.jpg","width":1275,"height":1650},{"@type":"BreadcrumbList","@id":"https:\/\/taxhelplaw.com\/sptax\/soluciones\/cobros\/carta-3174\/#breadcrumb","itemListElement":[{"@type":"ListItem","position":1,"name":"Home","item":"https:\/\/taxhelplaw.com\/sptax\/"},{"@type":"ListItem","position":2,"name":"Soluciones","item":"https:\/\/taxhelplaw.com\/sptax\/soluciones\/"},{"@type":"ListItem","position":3,"name":"Cobros","item":"https:\/\/taxhelplaw.com\/sptax\/soluciones\/cobros\/"},{"@type":"ListItem","position":4,"name":"Carta 3174 y 3174-A"}]},{"@type":"WebSite","@id":"https:\/\/taxhelplaw.com\/sptax\/#website","url":"https:\/\/taxhelplaw.com\/sptax\/","name":"J. David Hopkins, JD LLM","description":"Maestr\u00eda en Derecho Tributario","publisher":{"@id":"https:\/\/taxhelplaw.com\/sptax\/#organization"},"alternateName":"TaxHelpLaw en Espa\u00f1ol","potentialAction":[{"@type":"SearchAction","target":{"@type":"EntryPoint","urlTemplate":"https:\/\/taxhelplaw.com\/sptax\/?s={search_term_string}"},"query-input":{"@type":"PropertyValueSpecification","valueRequired":true,"valueName":"search_term_string"}}],"inLanguage":"es"},{"@type":"Organization","@id":"https:\/\/taxhelplaw.com\/sptax\/#organization","name":"TaxHelp, Inc.","url":"https:\/\/taxhelplaw.com\/sptax\/","logo":{"@type":"ImageObject","inLanguage":"es","@id":"https:\/\/taxhelplaw.com\/sptax\/#\/schema\/logo\/image\/","url":"https:\/\/taxhelplaw.com\/sptax\/wp-content\/uploads\/2022\/01\/taxhelpenespanol.jpg","contentUrl":"https:\/\/taxhelplaw.com\/sptax\/wp-content\/uploads\/2022\/01\/taxhelpenespanol.jpg","width":300,"height":101,"caption":"TaxHelp, Inc."},"image":{"@id":"https:\/\/taxhelplaw.com\/sptax\/#\/schema\/logo\/image\/"}}]}},"jetpack_sharing_enabled":true,"_links":{"self":[{"href":"https:\/\/taxhelplaw.com\/sptax\/wp-json\/wp\/v2\/pages\/531","targetHints":{"allow":["GET"]}}],"collection":[{"href":"https:\/\/taxhelplaw.com\/sptax\/wp-json\/wp\/v2\/pages"}],"about":[{"href":"https:\/\/taxhelplaw.com\/sptax\/wp-json\/wp\/v2\/types\/page"}],"author":[{"embeddable":true,"href":"https:\/\/taxhelplaw.com\/sptax\/wp-json\/wp\/v2\/users\/1"}],"replies":[{"embeddable":true,"href":"https:\/\/taxhelplaw.com\/sptax\/wp-json\/wp\/v2\/comments?post=531"}],"version-history":[{"count":8,"href":"https:\/\/taxhelplaw.com\/sptax\/wp-json\/wp\/v2\/pages\/531\/revisions"}],"predecessor-version":[{"id":7548,"href":"https:\/\/taxhelplaw.com\/sptax\/wp-json\/wp\/v2\/pages\/531\/revisions\/7548"}],"up":[{"embeddable":true,"href":"https:\/\/taxhelplaw.com\/sptax\/wp-json\/wp\/v2\/pages\/146"}],"wp:attachment":[{"href":"https:\/\/taxhelplaw.com\/sptax\/wp-json\/wp\/v2\/media?parent=531"}],"curies":[{"name":"wp","href":"https:\/\/api.w.org\/{rel}","templated":true}]}}