{"id":529,"date":"2015-02-08T06:10:22","date_gmt":"2015-02-08T06:10:22","guid":{"rendered":"http:\/\/taxhelplaw.com\/sp\/?page_id=529"},"modified":"2023-03-03T03:28:45","modified_gmt":"2023-03-03T03:28:45","slug":"carta-3172","status":"publish","type":"page","link":"https:\/\/taxhelplaw.com\/sptax\/soluciones\/cobros\/carta-3172\/","title":{"rendered":"Carta 3172"},"content":{"rendered":"<p>El IRS usa la Carta 3172 para informarle que ha presentado un gravamen por impuestos federales. El Formulario <a title=\"Formulario 668(y)(c)\" href=\"\/\/taxhelplaw.com\/sptax\/soluciones\/cobros\/formulario-668yc\/\"><strong>668(y)(c)<\/strong><\/a> es el embargo presentado en las oficinas del condado.<\/p>\n<p>Con esta carta generalmente hay una invitaci\u00f3n para <a title=\"Apelaciones del IRS\" href=\"\/\/taxhelplaw.com\/sptax\/soluciones\/pasos-de-casos-apelaciones-del-irs\/\">Apelar<\/a> el gravamen (Formulario <a class=\"popup\" title=\"Formulario 12153\" href=\"\/\/www.irs.gov\/pub\/irs-pdf\/f12153sp.pdf\" rel=\"noopener\">12153<\/a>). Hay que tener cuidado ya que una apelaci\u00f3n a menudo es un vano intento y extiende la ley de prescripci\u00f3n.<\/p>\n<p>Nosotros creemos en explorar las t\u00e9cnicas tradicionales para reducir, mitigar o eliminar esta deuda. Tenga en cuenta que cualquier t\u00e9cnica usada tiene consecuencias positivas y negativas. Por ejemplo, usted podr\u00eda presentar el Cap\u00edtulo 7 de la Ley de Bancarrota y tal vez, prevenir al IRS que le cobre.<\/p>\n<p>Sin embargo, la bancarrota no elimina el embargo, el cual sigue teniendo efecto. Solamente el Cap\u00edtulo 13 de la Ley de Bancarrota, un ofrecimiento de transacci\u00f3n o el pago en su totalidad del impuesto, multas e intereses liberan el gravamen por impuestos federales.<\/p>\n<p>Por lo tanto, tenemos que encontrar maneras creativas de acentuar lo positivo y minimizar lo negativo. Por favor, siga los <a title=\"Pasos de Casos \u2013 Cobros\" href=\"\/\/taxhelplaw.com\/sptax\/soluciones\/cobros\/\">Pasos de Casos<\/a> de la Carta 3172 del IRS y p\u00f3ngase en contacto con nuestro abogado fiscal, el Lic. Hopkins, en Colorado Springs o Pueblo, quien crear\u00e1 un Plan de Acci\u00f3n para beneficiarlo.<\/p>\n<div class=\"one-half first\">\n<h6>Versi\u00f3n en ingl\u00e9s:<\/h6>\n<\/div>\n<div class=\"one-half\"><a href=\"\/sptax\/wp-content\/uploads\/2015\/02\/Carta-3172-1.jpg\" class=\"popup\">Notice 3172<\/a><\/div>\n<p>&nbsp;<\/p>\n<h6>Nuestra traducci\u00f3n al espa\u00f1ol:<\/h6>\n<p><a title=\"Pasos de Casos \u2013 Cobros\" href=\"\/\/taxhelplaw.com\/sptax\/soluciones\/cobros\/\"><img loading=\"lazy\" decoding=\"async\" class=\"alignleft size-full wp-image-1275\" src=\"https:\/\/taxhelplaw.com\/sptax\/wp-content\/uploads\/2023\/03\/Carta.3172.en_.espanol.jpg\" alt=\"Carta 3172\" width=\"1250\" height=\"1664\" \/><\/a><\/p>\n<p><a href=\"https:\/\/taxhelplaw.com\/sptax\/sample-page-2\/contactenos\/\"><img loading=\"lazy\" decoding=\"async\" class=\"aligncenter size-full wp-image-3464\" title=\"Carta 3172 del IRS\" src=\"https:\/\/taxhelplaw.com\/sptax\/wp-content\/uploads\/2022\/01\/taxhelpenespanol.jpg\" alt=\"Carta 3172 del IRS. Abogado de derecho fiscal en Colorado Springs. Abogado de impuestos en Colorado Springs\" width=\"300\" height=\"101\" \/><\/a><\/p>\n","protected":false},"excerpt":{"rendered":"<p>El IRS usa la Carta 3172 para informarle que ha presentado un gravamen por impuestos federales. El Formulario 668(y)(c) es el embargo presentado en las oficinas del condado. Con esta carta generalmente hay una invitaci\u00f3n para Apelar el gravamen (Formulario 12153). Hay que tener cuidado ya que una apelaci\u00f3n a menudo es un vano intento [&hellip;]<\/p>\n","protected":false},"author":1,"featured_media":0,"parent":146,"menu_order":26,"comment_status":"closed","ping_status":"closed","template":"","meta":{"_genesis_hide_title":false,"_genesis_hide_breadcrumbs":false,"_genesis_hide_singular_image":false,"_genesis_hide_footer_widgets":false,"_genesis_custom_body_class":"","_genesis_custom_post_class":"","_genesis_layout":"","footnotes":""},"class_list":{"0":"post-529","1":"page","2":"type-page","3":"status-publish","5":"entry"},"yoast_head":"<!-- This site is optimized with the Yoast SEO Premium plugin v27.0 (Yoast SEO v27.3) - https:\/\/yoast.com\/product\/yoast-seo-premium-wordpress\/ -->\n<title>Carta 3172 \u00a1El Lic. Hopkins lo aconseja! - TaxHelpLaw<\/title>\n<meta name=\"description\" content=\"Carta 3172 del IRS: le informan que ha presentado un gravamen por impuestos federales. Nuestro abogado fiscal se ocupar\u00e1 de su caso. Ll\u00e1menos.\" \/>\n<meta name=\"robots\" content=\"index, follow, max-snippet:-1, max-image-preview:large, max-video-preview:-1\" \/>\n<link rel=\"canonical\" href=\"https:\/\/taxhelplaw.com\/sptax\/soluciones\/cobros\/carta-3172\/\" \/>\n<meta property=\"og:locale\" content=\"es_MX\" \/>\n<meta property=\"og:type\" content=\"article\" \/>\n<meta property=\"og:title\" content=\"Carta 3172\" \/>\n<meta property=\"og:description\" content=\"Carta 3172 del IRS: le informan que ha presentado un gravamen por impuestos federales. Nuestro abogado fiscal se ocupar\u00e1 de su caso. Ll\u00e1menos.\" \/>\n<meta property=\"og:url\" content=\"https:\/\/taxhelplaw.com\/sptax\/soluciones\/cobros\/carta-3172\/\" \/>\n<meta property=\"og:site_name\" content=\"J. David Hopkins, JD LLM\" \/>\n<meta property=\"article:modified_time\" content=\"2023-03-03T03:28:45+00:00\" \/>\n<meta property=\"og:image\" content=\"https:\/\/taxhelplaw.com\/sptax\/wp-content\/uploads\/2023\/03\/Carta.3172.en_.espanol.jpg\" \/>\n<meta name=\"twitter:card\" content=\"summary_large_image\" \/>\n<meta name=\"twitter:label1\" content=\"Tiempo de lectura\" \/>\n\t<meta name=\"twitter:data1\" content=\"2 minutos\" \/>\n<script type=\"application\/ld+json\" class=\"yoast-schema-graph\">{\"@context\":\"https:\\\/\\\/schema.org\",\"@graph\":[{\"@type\":\"WebPage\",\"@id\":\"https:\\\/\\\/taxhelplaw.com\\\/sptax\\\/soluciones\\\/cobros\\\/carta-3172\\\/\",\"url\":\"https:\\\/\\\/taxhelplaw.com\\\/sptax\\\/soluciones\\\/cobros\\\/carta-3172\\\/\",\"name\":\"Carta 3172 \u00a1El Lic. Hopkins lo aconseja! - TaxHelpLaw\",\"isPartOf\":{\"@id\":\"https:\\\/\\\/taxhelplaw.com\\\/sptax\\\/#website\"},\"primaryImageOfPage\":{\"@id\":\"https:\\\/\\\/taxhelplaw.com\\\/sptax\\\/soluciones\\\/cobros\\\/carta-3172\\\/#primaryimage\"},\"image\":{\"@id\":\"https:\\\/\\\/taxhelplaw.com\\\/sptax\\\/soluciones\\\/cobros\\\/carta-3172\\\/#primaryimage\"},\"thumbnailUrl\":\"https:\\\/\\\/taxhelplaw.com\\\/sptax\\\/wp-content\\\/uploads\\\/2023\\\/03\\\/Carta.3172.en_.espanol.jpg\",\"datePublished\":\"2015-02-08T06:10:22+00:00\",\"dateModified\":\"2023-03-03T03:28:45+00:00\",\"description\":\"Carta 3172 del IRS: le informan que ha presentado un gravamen por impuestos federales. Nuestro abogado fiscal se ocupar\u00e1 de su caso. Ll\u00e1menos.\",\"breadcrumb\":{\"@id\":\"https:\\\/\\\/taxhelplaw.com\\\/sptax\\\/soluciones\\\/cobros\\\/carta-3172\\\/#breadcrumb\"},\"inLanguage\":\"es\",\"potentialAction\":[{\"@type\":\"ReadAction\",\"target\":[\"https:\\\/\\\/taxhelplaw.com\\\/sptax\\\/soluciones\\\/cobros\\\/carta-3172\\\/\"]}]},{\"@type\":\"ImageObject\",\"inLanguage\":\"es\",\"@id\":\"https:\\\/\\\/taxhelplaw.com\\\/sptax\\\/soluciones\\\/cobros\\\/carta-3172\\\/#primaryimage\",\"url\":\"https:\\\/\\\/taxhelplaw.com\\\/sptax\\\/wp-content\\\/uploads\\\/2023\\\/03\\\/Carta.3172.en_.espanol.jpg\",\"contentUrl\":\"https:\\\/\\\/taxhelplaw.com\\\/sptax\\\/wp-content\\\/uploads\\\/2023\\\/03\\\/Carta.3172.en_.espanol.jpg\",\"width\":1275,\"height\":1754},{\"@type\":\"BreadcrumbList\",\"@id\":\"https:\\\/\\\/taxhelplaw.com\\\/sptax\\\/soluciones\\\/cobros\\\/carta-3172\\\/#breadcrumb\",\"itemListElement\":[{\"@type\":\"ListItem\",\"position\":1,\"name\":\"Home\",\"item\":\"https:\\\/\\\/taxhelplaw.com\\\/sptax\\\/\"},{\"@type\":\"ListItem\",\"position\":2,\"name\":\"Soluciones\",\"item\":\"https:\\\/\\\/taxhelplaw.com\\\/sptax\\\/soluciones\\\/\"},{\"@type\":\"ListItem\",\"position\":3,\"name\":\"Cobros\",\"item\":\"https:\\\/\\\/taxhelplaw.com\\\/sptax\\\/soluciones\\\/cobros\\\/\"},{\"@type\":\"ListItem\",\"position\":4,\"name\":\"Carta 3172\"}]},{\"@type\":\"WebSite\",\"@id\":\"https:\\\/\\\/taxhelplaw.com\\\/sptax\\\/#website\",\"url\":\"https:\\\/\\\/taxhelplaw.com\\\/sptax\\\/\",\"name\":\"J. David Hopkins, JD LLM\",\"description\":\"Maestr\u00eda en Derecho Tributario\",\"publisher\":{\"@id\":\"https:\\\/\\\/taxhelplaw.com\\\/sptax\\\/#organization\"},\"alternateName\":\"TaxHelpLaw en Espa\u00f1ol\",\"potentialAction\":[{\"@type\":\"SearchAction\",\"target\":{\"@type\":\"EntryPoint\",\"urlTemplate\":\"https:\\\/\\\/taxhelplaw.com\\\/sptax\\\/?s={search_term_string}\"},\"query-input\":{\"@type\":\"PropertyValueSpecification\",\"valueRequired\":true,\"valueName\":\"search_term_string\"}}],\"inLanguage\":\"es\"},{\"@type\":\"Organization\",\"@id\":\"https:\\\/\\\/taxhelplaw.com\\\/sptax\\\/#organization\",\"name\":\"TaxHelp, Inc.\",\"url\":\"https:\\\/\\\/taxhelplaw.com\\\/sptax\\\/\",\"logo\":{\"@type\":\"ImageObject\",\"inLanguage\":\"es\",\"@id\":\"https:\\\/\\\/taxhelplaw.com\\\/sptax\\\/#\\\/schema\\\/logo\\\/image\\\/\",\"url\":\"https:\\\/\\\/taxhelplaw.com\\\/sptax\\\/wp-content\\\/uploads\\\/2022\\\/01\\\/taxhelpenespanol.jpg\",\"contentUrl\":\"https:\\\/\\\/taxhelplaw.com\\\/sptax\\\/wp-content\\\/uploads\\\/2022\\\/01\\\/taxhelpenespanol.jpg\",\"width\":300,\"height\":101,\"caption\":\"TaxHelp, Inc.\"},\"image\":{\"@id\":\"https:\\\/\\\/taxhelplaw.com\\\/sptax\\\/#\\\/schema\\\/logo\\\/image\\\/\"}}]}<\/script>\n<!-- \/ Yoast SEO Premium plugin. -->","yoast_head_json":{"title":"Carta 3172 \u00a1El Lic. Hopkins lo aconseja! - TaxHelpLaw","description":"Carta 3172 del IRS: le informan que ha presentado un gravamen por impuestos federales. Nuestro abogado fiscal se ocupar\u00e1 de su caso. Ll\u00e1menos.","robots":{"index":"index","follow":"follow","max-snippet":"max-snippet:-1","max-image-preview":"max-image-preview:large","max-video-preview":"max-video-preview:-1"},"canonical":"https:\/\/taxhelplaw.com\/sptax\/soluciones\/cobros\/carta-3172\/","og_locale":"es_MX","og_type":"article","og_title":"Carta 3172","og_description":"Carta 3172 del IRS: le informan que ha presentado un gravamen por impuestos federales. Nuestro abogado fiscal se ocupar\u00e1 de su caso. Ll\u00e1menos.","og_url":"https:\/\/taxhelplaw.com\/sptax\/soluciones\/cobros\/carta-3172\/","og_site_name":"J. David Hopkins, JD LLM","article_modified_time":"2023-03-03T03:28:45+00:00","og_image":[{"url":"https:\/\/taxhelplaw.com\/sptax\/wp-content\/uploads\/2023\/03\/Carta.3172.en_.espanol.jpg","type":"","width":"","height":""}],"twitter_card":"summary_large_image","twitter_misc":{"Tiempo de lectura":"2 minutos"},"schema":{"@context":"https:\/\/schema.org","@graph":[{"@type":"WebPage","@id":"https:\/\/taxhelplaw.com\/sptax\/soluciones\/cobros\/carta-3172\/","url":"https:\/\/taxhelplaw.com\/sptax\/soluciones\/cobros\/carta-3172\/","name":"Carta 3172 \u00a1El Lic. Hopkins lo aconseja! - TaxHelpLaw","isPartOf":{"@id":"https:\/\/taxhelplaw.com\/sptax\/#website"},"primaryImageOfPage":{"@id":"https:\/\/taxhelplaw.com\/sptax\/soluciones\/cobros\/carta-3172\/#primaryimage"},"image":{"@id":"https:\/\/taxhelplaw.com\/sptax\/soluciones\/cobros\/carta-3172\/#primaryimage"},"thumbnailUrl":"https:\/\/taxhelplaw.com\/sptax\/wp-content\/uploads\/2023\/03\/Carta.3172.en_.espanol.jpg","datePublished":"2015-02-08T06:10:22+00:00","dateModified":"2023-03-03T03:28:45+00:00","description":"Carta 3172 del IRS: le informan que ha presentado un gravamen por impuestos federales. Nuestro abogado fiscal se ocupar\u00e1 de su caso. Ll\u00e1menos.","breadcrumb":{"@id":"https:\/\/taxhelplaw.com\/sptax\/soluciones\/cobros\/carta-3172\/#breadcrumb"},"inLanguage":"es","potentialAction":[{"@type":"ReadAction","target":["https:\/\/taxhelplaw.com\/sptax\/soluciones\/cobros\/carta-3172\/"]}]},{"@type":"ImageObject","inLanguage":"es","@id":"https:\/\/taxhelplaw.com\/sptax\/soluciones\/cobros\/carta-3172\/#primaryimage","url":"https:\/\/taxhelplaw.com\/sptax\/wp-content\/uploads\/2023\/03\/Carta.3172.en_.espanol.jpg","contentUrl":"https:\/\/taxhelplaw.com\/sptax\/wp-content\/uploads\/2023\/03\/Carta.3172.en_.espanol.jpg","width":1275,"height":1754},{"@type":"BreadcrumbList","@id":"https:\/\/taxhelplaw.com\/sptax\/soluciones\/cobros\/carta-3172\/#breadcrumb","itemListElement":[{"@type":"ListItem","position":1,"name":"Home","item":"https:\/\/taxhelplaw.com\/sptax\/"},{"@type":"ListItem","position":2,"name":"Soluciones","item":"https:\/\/taxhelplaw.com\/sptax\/soluciones\/"},{"@type":"ListItem","position":3,"name":"Cobros","item":"https:\/\/taxhelplaw.com\/sptax\/soluciones\/cobros\/"},{"@type":"ListItem","position":4,"name":"Carta 3172"}]},{"@type":"WebSite","@id":"https:\/\/taxhelplaw.com\/sptax\/#website","url":"https:\/\/taxhelplaw.com\/sptax\/","name":"J. David Hopkins, JD LLM","description":"Maestr\u00eda en Derecho Tributario","publisher":{"@id":"https:\/\/taxhelplaw.com\/sptax\/#organization"},"alternateName":"TaxHelpLaw en Espa\u00f1ol","potentialAction":[{"@type":"SearchAction","target":{"@type":"EntryPoint","urlTemplate":"https:\/\/taxhelplaw.com\/sptax\/?s={search_term_string}"},"query-input":{"@type":"PropertyValueSpecification","valueRequired":true,"valueName":"search_term_string"}}],"inLanguage":"es"},{"@type":"Organization","@id":"https:\/\/taxhelplaw.com\/sptax\/#organization","name":"TaxHelp, Inc.","url":"https:\/\/taxhelplaw.com\/sptax\/","logo":{"@type":"ImageObject","inLanguage":"es","@id":"https:\/\/taxhelplaw.com\/sptax\/#\/schema\/logo\/image\/","url":"https:\/\/taxhelplaw.com\/sptax\/wp-content\/uploads\/2022\/01\/taxhelpenespanol.jpg","contentUrl":"https:\/\/taxhelplaw.com\/sptax\/wp-content\/uploads\/2022\/01\/taxhelpenespanol.jpg","width":300,"height":101,"caption":"TaxHelp, Inc."},"image":{"@id":"https:\/\/taxhelplaw.com\/sptax\/#\/schema\/logo\/image\/"}}]}},"jetpack_sharing_enabled":true,"_links":{"self":[{"href":"https:\/\/taxhelplaw.com\/sptax\/wp-json\/wp\/v2\/pages\/529","targetHints":{"allow":["GET"]}}],"collection":[{"href":"https:\/\/taxhelplaw.com\/sptax\/wp-json\/wp\/v2\/pages"}],"about":[{"href":"https:\/\/taxhelplaw.com\/sptax\/wp-json\/wp\/v2\/types\/page"}],"author":[{"embeddable":true,"href":"https:\/\/taxhelplaw.com\/sptax\/wp-json\/wp\/v2\/users\/1"}],"replies":[{"embeddable":true,"href":"https:\/\/taxhelplaw.com\/sptax\/wp-json\/wp\/v2\/comments?post=529"}],"version-history":[{"count":6,"href":"https:\/\/taxhelplaw.com\/sptax\/wp-json\/wp\/v2\/pages\/529\/revisions"}],"predecessor-version":[{"id":7446,"href":"https:\/\/taxhelplaw.com\/sptax\/wp-json\/wp\/v2\/pages\/529\/revisions\/7446"}],"up":[{"embeddable":true,"href":"https:\/\/taxhelplaw.com\/sptax\/wp-json\/wp\/v2\/pages\/146"}],"wp:attachment":[{"href":"https:\/\/taxhelplaw.com\/sptax\/wp-json\/wp\/v2\/media?parent=529"}],"curies":[{"name":"wp","href":"https:\/\/api.w.org\/{rel}","templated":true}]}}