{"id":527,"date":"2015-02-08T06:05:55","date_gmt":"2015-02-08T06:05:55","guid":{"rendered":"http:\/\/taxhelplaw.com\/sp\/?page_id=527"},"modified":"2022-01-30T05:45:43","modified_gmt":"2022-01-30T05:45:43","slug":"carta-1741","status":"publish","type":"page","link":"https:\/\/taxhelplaw.com\/sptax\/soluciones\/cobros\/carta-1741\/","title":{"rendered":"Carta 1741"},"content":{"rendered":"<p>El IRS usa la Carta 1741 en casos de saldos peque\u00f1os para informarle que van a retrasar su acuerdo de pago. Tambi\u00e9n le piden que les hable para discutir informaci\u00f3n acerca de sus ingresos y gastos. Esta carta es similar a la Carta <span style=\"color: #0000ff;\"><a style=\"color: #0000ff;\" title=\"Carta 2272C\" href=\"\/\/taxhelplaw.com\/sptax\/soluciones\/cobros\/carta-2272c\/\"><strong>2272C<\/strong><\/a><\/span>.<\/p>\n<p>Puede ser que usted les hable y no haya problemas, pero lo mejor es prepararse <em>antes<\/em> de llamarlos por tel\u00e9fono. La informaci\u00f3n que necesitan, que es acerca de sus ingresos y gastos, est\u00e1 en el Formulario <span style=\"color: #0000ff;\"><a class=\"popup\" style=\"color: #0000ff;\" title=\"Formulario 433-F\" href=\"\/\/www.irs.gov\/pub\/irs-pdf\/f433fsp.pdf\" target=\"_blank\" rel=\"noopener\"><strong>433F<\/strong><\/a><\/span>. Usted lo puede usar junto con el Formulario <span style=\"color: #0000ff;\"><a class=\"popup\" style=\"color: #0000ff;\" title=\"Formulario 9465\" href=\"\/\/www.irs.gov\/pub\/irs-pdf\/f9465sp.pdf\" target=\"_blank\" rel=\"noopener\"><strong>9465<\/strong><\/a><\/span> para pedir un acuerdo de pago.<\/p>\n<p>Lo m\u00e1s seguro es que el IRS le pida prueba de ingresos, o sea varios recibos de sueldo. Generalmente quieren saber cu\u00e1l es el ingreso de su hogar, a pesar de que otros habitantes de la casa no sean responsables por los impuestos.<\/p>\n<p>Tambi\u00e9n quieren prueba de sus gastos y facturas a pagar. Prep\u00e1rese para enviarles todos los recibos de renta, hipoteca, salud, transporte, seguros, manutenci\u00f3n, etc. Si usted tiene una m\u00e1quina de fax, ser\u00eda m\u00e1s conveniente. Recuerde que el IRS no usa correo electr\u00f3nico.<\/p>\n<p>B\u00e1sicamente, ya que su saldo deudor no es enorme, tiene que dividir la deuda por 72 lo cual ser\u00eda la cantidad en el acuerdo de pago. Pero, si usted demuestra con el Formulario <a class=\"popup\" title=\"Formulario 433F\" href=\"https:\/\/www.irs.gov\/pub\/irs-pdf\/f433fsp.pdf\" target=\"_blank\" rel=\"noopener\"><strong>433F<\/strong><\/a>, que no puede pagar esa suma, le rebajar\u00edan la cantidad.<\/p>\n<p>\u00a1Nuestros <a title=\"Webinars\" href=\"\/\/taxhelplaw.com\/webinars-shop\/\"><strong>Webinars<\/strong><\/a> (en ingl\u00e9s) le muestran exactamente qu\u00e9 papeles reunir para probar su caso al IRS!<\/p>\n<p>Pero el asunto no se acaba aqu\u00ed. Valdr\u00eda la pena revisar el caso para ver si la deuda se puede rebajar de todas maneras. Si usted a recibido la Carta 1741, siga los <span style=\"color: #0000ff;\"><a style=\"color: #0000ff;\" title=\"Pasos de Casos \u2013 Cobros\" href=\"\/\/taxhelplaw.com\/sptax\/soluciones\/cobros\/\"><strong>Pasos de Casos<\/strong><\/a><\/span> y p\u00f3ngase en contacto con el Lic. Hopkins, nuestro abogado fiscal, quien le crear\u00e1 un <strong>Plan de Acci\u00f3n<\/strong> para beneficiarlo.<\/p>\n<p><a title=\"Pasos de Casos \u2013 Cobros\" href=\"\/\/taxhelplaw.com\/sptax\/soluciones\/cobros\/\"><img loading=\"lazy\" decoding=\"async\" class=\"alignleft size-full wp-image-1271\" src=\"\/sptax\/wp-content\/uploads\/2015\/02\/Carta-1741-1.jpg\" alt=\"Carta 1741\" width=\"1230\" height=\"1636\" \/><\/a><\/p>\n<p><a href=\"https:\/\/taxhelplaw.com\/sptax\/wp-content\/uploads\/2022\/01\/taxhelpenespanol.jpg\"><img loading=\"lazy\" decoding=\"async\" class=\"aligncenter size-full wp-image-3464\" title=\"Carta 1741 del IRS\" src=\"https:\/\/taxhelplaw.com\/sptax\/wp-content\/uploads\/2022\/01\/taxhelpenespanol.jpg\" alt=\"Carta 1741 del IRS. Abogado de derecho fiscal en Colorado Springs. Abogado de impuestos en Colorado Springs\" width=\"300\" height=\"101\" \/><\/a><\/p>\n","protected":false},"excerpt":{"rendered":"<p>El IRS usa la Carta 1741 en casos de saldos peque\u00f1os para informarle que van a retrasar su acuerdo de pago. Tambi\u00e9n le piden que les hable para discutir informaci\u00f3n acerca de sus ingresos y gastos. Esta carta es similar a la Carta 2272C. Puede ser que usted les hable y no haya problemas, pero [&hellip;]<\/p>\n","protected":false},"author":1,"featured_media":0,"parent":146,"menu_order":20,"comment_status":"closed","ping_status":"closed","template":"","meta":{"_genesis_hide_title":false,"_genesis_hide_breadcrumbs":false,"_genesis_hide_singular_image":false,"_genesis_hide_footer_widgets":false,"_genesis_custom_body_class":"","_genesis_custom_post_class":"","_genesis_layout":"","footnotes":""},"class_list":{"0":"post-527","1":"page","2":"type-page","3":"status-publish","5":"entry"},"yoast_head":"<!-- This site is optimized with the Yoast SEO Premium plugin v27.0 (Yoast SEO v27.4) - https:\/\/yoast.com\/product\/yoast-seo-premium-wordpress\/ -->\n<title>Carta 1741. Nuestro abogado lo prepara para el IRS - TaxHelpLaw<\/title>\n<meta name=\"description\" content=\"Carta 1741 del IRS: se usa en casos de saldos peque\u00f1os para informarle que van a retrasar su acuerdo de pago. Visite nuestro sitio web.\" \/>\n<meta name=\"robots\" content=\"index, follow, max-snippet:-1, max-image-preview:large, max-video-preview:-1\" \/>\n<link rel=\"canonical\" href=\"https:\/\/taxhelplaw.com\/sptax\/soluciones\/cobros\/carta-1741\/\" \/>\n<meta property=\"og:locale\" content=\"es_MX\" \/>\n<meta property=\"og:type\" content=\"article\" \/>\n<meta property=\"og:title\" content=\"Carta 1741\" \/>\n<meta property=\"og:description\" content=\"Carta 1741 del IRS: se usa en casos de saldos peque\u00f1os para informarle que van a retrasar su acuerdo de pago. Visite nuestro sitio web.\" \/>\n<meta property=\"og:url\" content=\"https:\/\/taxhelplaw.com\/sptax\/soluciones\/cobros\/carta-1741\/\" \/>\n<meta property=\"og:site_name\" content=\"J. David Hopkins, JD LLM\" \/>\n<meta property=\"article:modified_time\" content=\"2022-01-30T05:45:43+00:00\" \/>\n<meta property=\"og:image\" content=\"https:\/\/taxhelplaw.com\/sptax\/wp-content\/uploads\/2015\/02\/Carta-1741-1.jpg\" \/>\n<meta name=\"twitter:card\" content=\"summary_large_image\" \/>\n<meta name=\"twitter:label1\" content=\"Tiempo de lectura\" \/>\n\t<meta name=\"twitter:data1\" content=\"2 minutos\" \/>\n<script type=\"application\/ld+json\" class=\"yoast-schema-graph\">{\"@context\":\"https:\\\/\\\/schema.org\",\"@graph\":[{\"@type\":\"WebPage\",\"@id\":\"https:\\\/\\\/taxhelplaw.com\\\/sptax\\\/soluciones\\\/cobros\\\/carta-1741\\\/\",\"url\":\"https:\\\/\\\/taxhelplaw.com\\\/sptax\\\/soluciones\\\/cobros\\\/carta-1741\\\/\",\"name\":\"Carta 1741. Nuestro abogado lo prepara para el IRS - TaxHelpLaw\",\"isPartOf\":{\"@id\":\"https:\\\/\\\/taxhelplaw.com\\\/sptax\\\/#website\"},\"primaryImageOfPage\":{\"@id\":\"https:\\\/\\\/taxhelplaw.com\\\/sptax\\\/soluciones\\\/cobros\\\/carta-1741\\\/#primaryimage\"},\"image\":{\"@id\":\"https:\\\/\\\/taxhelplaw.com\\\/sptax\\\/soluciones\\\/cobros\\\/carta-1741\\\/#primaryimage\"},\"thumbnailUrl\":\"https:\\\/\\\/taxhelplaw.com\\\/sptax\\\/wp-content\\\/uploads\\\/2022\\\/01\\\/taxhelpenespanol.jpg\",\"datePublished\":\"2015-02-08T06:05:55+00:00\",\"dateModified\":\"2022-01-30T05:45:43+00:00\",\"description\":\"Carta 1741 del IRS: se usa en casos de saldos peque\u00f1os para informarle que van a retrasar su acuerdo de pago. Visite nuestro sitio web.\",\"breadcrumb\":{\"@id\":\"https:\\\/\\\/taxhelplaw.com\\\/sptax\\\/soluciones\\\/cobros\\\/carta-1741\\\/#breadcrumb\"},\"inLanguage\":\"es\",\"potentialAction\":[{\"@type\":\"ReadAction\",\"target\":[\"https:\\\/\\\/taxhelplaw.com\\\/sptax\\\/soluciones\\\/cobros\\\/carta-1741\\\/\"]}]},{\"@type\":\"ImageObject\",\"inLanguage\":\"es\",\"@id\":\"https:\\\/\\\/taxhelplaw.com\\\/sptax\\\/soluciones\\\/cobros\\\/carta-1741\\\/#primaryimage\",\"url\":\"https:\\\/\\\/taxhelplaw.com\\\/sptax\\\/wp-content\\\/uploads\\\/2022\\\/01\\\/taxhelpenespanol.jpg\",\"contentUrl\":\"https:\\\/\\\/taxhelplaw.com\\\/sptax\\\/wp-content\\\/uploads\\\/2022\\\/01\\\/taxhelpenespanol.jpg\",\"width\":300,\"height\":101},{\"@type\":\"BreadcrumbList\",\"@id\":\"https:\\\/\\\/taxhelplaw.com\\\/sptax\\\/soluciones\\\/cobros\\\/carta-1741\\\/#breadcrumb\",\"itemListElement\":[{\"@type\":\"ListItem\",\"position\":1,\"name\":\"Home\",\"item\":\"https:\\\/\\\/taxhelplaw.com\\\/sptax\\\/\"},{\"@type\":\"ListItem\",\"position\":2,\"name\":\"Soluciones\",\"item\":\"https:\\\/\\\/taxhelplaw.com\\\/sptax\\\/soluciones\\\/\"},{\"@type\":\"ListItem\",\"position\":3,\"name\":\"Cobros\",\"item\":\"https:\\\/\\\/taxhelplaw.com\\\/sptax\\\/soluciones\\\/cobros\\\/\"},{\"@type\":\"ListItem\",\"position\":4,\"name\":\"Carta 1741\"}]},{\"@type\":\"WebSite\",\"@id\":\"https:\\\/\\\/taxhelplaw.com\\\/sptax\\\/#website\",\"url\":\"https:\\\/\\\/taxhelplaw.com\\\/sptax\\\/\",\"name\":\"J. David Hopkins, JD LLM\",\"description\":\"Maestr\u00eda en Derecho Tributario\",\"publisher\":{\"@id\":\"https:\\\/\\\/taxhelplaw.com\\\/sptax\\\/#organization\"},\"alternateName\":\"TaxHelpLaw en Espa\u00f1ol\",\"potentialAction\":[{\"@type\":\"SearchAction\",\"target\":{\"@type\":\"EntryPoint\",\"urlTemplate\":\"https:\\\/\\\/taxhelplaw.com\\\/sptax\\\/?s={search_term_string}\"},\"query-input\":{\"@type\":\"PropertyValueSpecification\",\"valueRequired\":true,\"valueName\":\"search_term_string\"}}],\"inLanguage\":\"es\"},{\"@type\":\"Organization\",\"@id\":\"https:\\\/\\\/taxhelplaw.com\\\/sptax\\\/#organization\",\"name\":\"TaxHelp, Inc.\",\"url\":\"https:\\\/\\\/taxhelplaw.com\\\/sptax\\\/\",\"logo\":{\"@type\":\"ImageObject\",\"inLanguage\":\"es\",\"@id\":\"https:\\\/\\\/taxhelplaw.com\\\/sptax\\\/#\\\/schema\\\/logo\\\/image\\\/\",\"url\":\"https:\\\/\\\/taxhelplaw.com\\\/sptax\\\/wp-content\\\/uploads\\\/2022\\\/01\\\/taxhelpenespanol.jpg\",\"contentUrl\":\"https:\\\/\\\/taxhelplaw.com\\\/sptax\\\/wp-content\\\/uploads\\\/2022\\\/01\\\/taxhelpenespanol.jpg\",\"width\":300,\"height\":101,\"caption\":\"TaxHelp, Inc.\"},\"image\":{\"@id\":\"https:\\\/\\\/taxhelplaw.com\\\/sptax\\\/#\\\/schema\\\/logo\\\/image\\\/\"}}]}<\/script>\n<!-- \/ Yoast SEO Premium plugin. -->","yoast_head_json":{"title":"Carta 1741. Nuestro abogado lo prepara para el IRS - TaxHelpLaw","description":"Carta 1741 del IRS: se usa en casos de saldos peque\u00f1os para informarle que van a retrasar su acuerdo de pago. Visite nuestro sitio web.","robots":{"index":"index","follow":"follow","max-snippet":"max-snippet:-1","max-image-preview":"max-image-preview:large","max-video-preview":"max-video-preview:-1"},"canonical":"https:\/\/taxhelplaw.com\/sptax\/soluciones\/cobros\/carta-1741\/","og_locale":"es_MX","og_type":"article","og_title":"Carta 1741","og_description":"Carta 1741 del IRS: se usa en casos de saldos peque\u00f1os para informarle que van a retrasar su acuerdo de pago. Visite nuestro sitio web.","og_url":"https:\/\/taxhelplaw.com\/sptax\/soluciones\/cobros\/carta-1741\/","og_site_name":"J. David Hopkins, JD LLM","article_modified_time":"2022-01-30T05:45:43+00:00","og_image":[{"url":"https:\/\/taxhelplaw.com\/sptax\/wp-content\/uploads\/2015\/02\/Carta-1741-1.jpg","type":"","width":"","height":""}],"twitter_card":"summary_large_image","twitter_misc":{"Tiempo de lectura":"2 minutos"},"schema":{"@context":"https:\/\/schema.org","@graph":[{"@type":"WebPage","@id":"https:\/\/taxhelplaw.com\/sptax\/soluciones\/cobros\/carta-1741\/","url":"https:\/\/taxhelplaw.com\/sptax\/soluciones\/cobros\/carta-1741\/","name":"Carta 1741. Nuestro abogado lo prepara para el IRS - TaxHelpLaw","isPartOf":{"@id":"https:\/\/taxhelplaw.com\/sptax\/#website"},"primaryImageOfPage":{"@id":"https:\/\/taxhelplaw.com\/sptax\/soluciones\/cobros\/carta-1741\/#primaryimage"},"image":{"@id":"https:\/\/taxhelplaw.com\/sptax\/soluciones\/cobros\/carta-1741\/#primaryimage"},"thumbnailUrl":"https:\/\/taxhelplaw.com\/sptax\/wp-content\/uploads\/2022\/01\/taxhelpenespanol.jpg","datePublished":"2015-02-08T06:05:55+00:00","dateModified":"2022-01-30T05:45:43+00:00","description":"Carta 1741 del IRS: se usa en casos de saldos peque\u00f1os para informarle que van a retrasar su acuerdo de pago. Visite nuestro sitio web.","breadcrumb":{"@id":"https:\/\/taxhelplaw.com\/sptax\/soluciones\/cobros\/carta-1741\/#breadcrumb"},"inLanguage":"es","potentialAction":[{"@type":"ReadAction","target":["https:\/\/taxhelplaw.com\/sptax\/soluciones\/cobros\/carta-1741\/"]}]},{"@type":"ImageObject","inLanguage":"es","@id":"https:\/\/taxhelplaw.com\/sptax\/soluciones\/cobros\/carta-1741\/#primaryimage","url":"https:\/\/taxhelplaw.com\/sptax\/wp-content\/uploads\/2022\/01\/taxhelpenespanol.jpg","contentUrl":"https:\/\/taxhelplaw.com\/sptax\/wp-content\/uploads\/2022\/01\/taxhelpenespanol.jpg","width":300,"height":101},{"@type":"BreadcrumbList","@id":"https:\/\/taxhelplaw.com\/sptax\/soluciones\/cobros\/carta-1741\/#breadcrumb","itemListElement":[{"@type":"ListItem","position":1,"name":"Home","item":"https:\/\/taxhelplaw.com\/sptax\/"},{"@type":"ListItem","position":2,"name":"Soluciones","item":"https:\/\/taxhelplaw.com\/sptax\/soluciones\/"},{"@type":"ListItem","position":3,"name":"Cobros","item":"https:\/\/taxhelplaw.com\/sptax\/soluciones\/cobros\/"},{"@type":"ListItem","position":4,"name":"Carta 1741"}]},{"@type":"WebSite","@id":"https:\/\/taxhelplaw.com\/sptax\/#website","url":"https:\/\/taxhelplaw.com\/sptax\/","name":"J. David Hopkins, JD LLM","description":"Maestr\u00eda en Derecho Tributario","publisher":{"@id":"https:\/\/taxhelplaw.com\/sptax\/#organization"},"alternateName":"TaxHelpLaw en Espa\u00f1ol","potentialAction":[{"@type":"SearchAction","target":{"@type":"EntryPoint","urlTemplate":"https:\/\/taxhelplaw.com\/sptax\/?s={search_term_string}"},"query-input":{"@type":"PropertyValueSpecification","valueRequired":true,"valueName":"search_term_string"}}],"inLanguage":"es"},{"@type":"Organization","@id":"https:\/\/taxhelplaw.com\/sptax\/#organization","name":"TaxHelp, Inc.","url":"https:\/\/taxhelplaw.com\/sptax\/","logo":{"@type":"ImageObject","inLanguage":"es","@id":"https:\/\/taxhelplaw.com\/sptax\/#\/schema\/logo\/image\/","url":"https:\/\/taxhelplaw.com\/sptax\/wp-content\/uploads\/2022\/01\/taxhelpenespanol.jpg","contentUrl":"https:\/\/taxhelplaw.com\/sptax\/wp-content\/uploads\/2022\/01\/taxhelpenespanol.jpg","width":300,"height":101,"caption":"TaxHelp, Inc."},"image":{"@id":"https:\/\/taxhelplaw.com\/sptax\/#\/schema\/logo\/image\/"}}]}},"jetpack_sharing_enabled":true,"_links":{"self":[{"href":"https:\/\/taxhelplaw.com\/sptax\/wp-json\/wp\/v2\/pages\/527","targetHints":{"allow":["GET"]}}],"collection":[{"href":"https:\/\/taxhelplaw.com\/sptax\/wp-json\/wp\/v2\/pages"}],"about":[{"href":"https:\/\/taxhelplaw.com\/sptax\/wp-json\/wp\/v2\/types\/page"}],"author":[{"embeddable":true,"href":"https:\/\/taxhelplaw.com\/sptax\/wp-json\/wp\/v2\/users\/1"}],"replies":[{"embeddable":true,"href":"https:\/\/taxhelplaw.com\/sptax\/wp-json\/wp\/v2\/comments?post=527"}],"version-history":[{"count":5,"href":"https:\/\/taxhelplaw.com\/sptax\/wp-json\/wp\/v2\/pages\/527\/revisions"}],"predecessor-version":[{"id":3578,"href":"https:\/\/taxhelplaw.com\/sptax\/wp-json\/wp\/v2\/pages\/527\/revisions\/3578"}],"up":[{"embeddable":true,"href":"https:\/\/taxhelplaw.com\/sptax\/wp-json\/wp\/v2\/pages\/146"}],"wp:attachment":[{"href":"https:\/\/taxhelplaw.com\/sptax\/wp-json\/wp\/v2\/media?parent=527"}],"curies":[{"name":"wp","href":"https:\/\/api.w.org\/{rel}","templated":true}]}}