{"id":5259,"date":"2023-01-28T23:09:04","date_gmt":"2023-01-28T23:09:04","guid":{"rendered":"https:\/\/taxhelplaw.com\/sptax\/?page_id=5259"},"modified":"2023-02-24T03:05:04","modified_gmt":"2023-02-24T03:05:04","slug":"politica-de-privacidad","status":"publish","type":"page","link":"https:\/\/taxhelplaw.com\/sptax\/autodefensa-contra-una-auditoria-del-irs\/politica-de-privacidad\/","title":{"rendered":"Pol\u00edtica de privacidad"},"content":{"rendered":"<div style=\"font-family: arial;\">\n<p><img decoding=\"async\" class=\"alignright wp-image-8104 size-full\" src=\"https:\/\/taxhelplaw.com\/sptax\/wp-content\/uploads\/2022\/12\/taxhelpenespanol.282x69.jpg\" alt=\"Pol\u00edtica de privacidad - TaxHelpAudit.com\" width=\"300 \" \/><\/p>\n<p><em>\u00bfQu\u00e9 informaci\u00f3n recopilamos?<\/em><\/p>\n<p>Recopilamos informaci\u00f3n de usted cuando se registra en nuestro sitio, realiza un pedido o se suscribe a nuestro bolet\u00edn.<\/p>\n<p>Al realizar un pedido o registrarse en nuestro sitio, seg\u00fan corresponda, se le puede solicitar que ingrese su: nombre, direcci\u00f3n de correo electr\u00f3nico, n\u00famero de tel\u00e9fono o informaci\u00f3n de tarjeta de cr\u00e9dito. Sin embargo, puede visitar nuestro sitio de forma an\u00f3nima.<\/p>\n<p><em>\u00bfPara qu\u00e9 usamos su informaci\u00f3n?<\/em><\/p>\n<p>Cualquier informaci\u00f3n que recopilamos de usted puede usarse de una de las siguientes maneras:<\/p>\n<p>; Para procesar transacciones<\/p>\n<blockquote><p>Su informaci\u00f3n, ya sea p\u00fablica o privada, no se vender\u00e1, intercambiar\u00e1, transferir\u00e1 ni entregar\u00e1 a ninguna otra empresa por ning\u00fan motivo, sin su consentimiento, salvo con el prop\u00f3sito expreso de entregar el producto comprado o el servicio solicitado.<\/p><\/blockquote>\n<p>; Para enviar correos electr\u00f3nicos regularmente<\/p>\n<blockquote><p>La direcci\u00f3n de correo electr\u00f3nico que proporcione para el procesamiento del pedido solo se utilizar\u00e1 para enviarle informaci\u00f3n y actualizaciones relacionadas con su pedido.<\/p><\/blockquote>\n<p><em>\u00bfC\u00f3mo protegemos su informaci\u00f3n?<\/em><\/p>\n<p>Implementamos una variedad de medidas de seguridad para mantener la seguridad de su informaci\u00f3n personal cuando realiza un pedido o ingresa, env\u00eda o accede a su informaci\u00f3n personal.<\/p>\n<p>Ofrecemos el uso de un servidor seguro. Toda la informaci\u00f3n crediticia\/confidencial suministrada se transmite a trav\u00e9s de la tecnolog\u00eda \"Secure Socket Layer (SSL)\" y luego se cifra en nuestra base de datos de proveedores de puerta de enlace de PayPal para que solo puedan acceder aquellos autorizados con derechos especiales de acceso a dichos sistemas, y deben mantener la confidencialidad de la informaci\u00f3n.<\/p>\n<p>Despu\u00e9s de una transacci\u00f3n, su informaci\u00f3n privada (tarjetas de cr\u00e9dito, n\u00fameros de seguro social, finanzas, etc.) no se almacenar\u00e1 en nuestros servidores.<\/p>\n<p><em>\u00bfUtilizamos cookies?<\/em><\/p>\n<p><span class=\"HwtZe\" lang=\"es\"><span class=\"jCAhz ChMk0b\"><span class=\"ryNqvb\">Usamos cookies para facilitar el uso del sitio web TaxHelpLaw.com, pero caducan dentro de 1 d\u00eda despu\u00e9s de visitar TaxHelpLaw.com.<\/span><\/span><\/span><\/p>\n<p><em>\u00bfDivulgamos alguna informaci\u00f3n a terceros?<\/em><\/p>\n<p>No vendemos, intercambiamos ni transferimos a terceros su informaci\u00f3n de identificaci\u00f3n personal. Esto no incluye a terceros de confianza que nos ayudan a operar nuestro sitio web, llevar a cabo nuestro negocio o prestarle servicios, siempre que esas partes acuerden mantener esta informaci\u00f3n confidencial. Tambi\u00e9n podemos divulgar su informaci\u00f3n cuando creamos que la divulgaci\u00f3n es apropiada para cumplir con la ley, hacer cumplir las pol\u00edticas de nuestro sitio o proteger nuestros derechos, propiedad o seguridad o los de otros. Sin embargo, la informaci\u00f3n del visitante no identificable personalmente se puede proporcionar a otras partes para marketing, publicidad u otros usos.<\/p>\n<p><em>Cumplimiento de la Ley de Protecci\u00f3n de la Privacidad en L\u00ednea de California<\/em><\/p>\n<p>Debido a que valoramos su privacidad, hemos tomado las precauciones necesarias para cumplir con la Ley de protecci\u00f3n de la privacidad en l\u00ednea de California. Por lo tanto, no distribuiremos su informaci\u00f3n personal a terceros sin su consentimiento.<\/p>\n<p><em>Solo pol\u00edtica de privacidad en l\u00ednea<\/em><\/p>\n<p>Esta Pol\u00edtica de privacidad en l\u00ednea se aplica solo a la informaci\u00f3n recopilada a trav\u00e9s de nuestro sitio web y no a la informaci\u00f3n recopilada fuera de l\u00ednea.<\/p>\n<p><em>T\u00e9rminos y condiciones<\/em><\/p>\n<p>Visite tambi\u00e9n nuestra secci\u00f3n de T\u00e9rminos y condiciones que establece el uso, las exenciones de responsabilidad y las limitaciones de responsabilidad que rigen el uso de nuestro sitio web <a title=\"T\u00e9rminos y condiciones de TaxHelp\" href=\"https:\/\/taxhelplaw.com\/sptax\/autodefensa-contra-una-auditoria-del-irs\/terminos-y-condiciones\/\" target=\"_blank\" rel=\"noopener\">T\u00e9rminos y condiciones<\/a>.<\/p>\n<p><em>Su consentimiento<\/em><\/p>\n<p>Al utilizar nuestro sitio, acepta nuestra Pol\u00edtica de privacidad en l\u00ednea.<\/p>\n<p><em>Cambios en nuestra Pol\u00edtica de Privacidad<\/em><\/p>\n<p>Si decidimos cambiar nuestra Pol\u00edtica de privacidad, publicaremos esos cambios en esta p\u00e1gina.<\/p>\n<p><em>Comun\u00edquese con nosotros<\/em><\/p>\n<p>Si tiene alguna pregunta con respecto a esta Pol\u00edtica de privacidad, puede comunicarse con nosotros utilizando la informaci\u00f3n a continuaci\u00f3n.<\/p>\n<p>TaxHelp, Inc.<br \/>\n1501 W. Kiowa, #B<br \/>\nColorado Springs, CO 80904<br \/>\n<a href=\"mailto:TaxHelpLaw@gmail.com\"><strong>Info@TaxHelpLaw.com<\/strong><\/a><\/p>\n<div>\n<hr \/>\n<\/div>\n<\/div>\n","protected":false},"excerpt":{"rendered":"<p>\u00bfQu\u00e9 informaci\u00f3n recopilamos? Recopilamos informaci\u00f3n de usted cuando se registra en nuestro sitio, realiza un pedido o se suscribe a nuestro bolet\u00edn. Al realizar un pedido o registrarse en nuestro sitio, seg\u00fan corresponda, se le puede solicitar que ingrese su: nombre, direcci\u00f3n de correo electr\u00f3nico, n\u00famero de tel\u00e9fono o informaci\u00f3n de tarjeta de cr\u00e9dito. Sin [&hellip;]<\/p>\n","protected":false},"author":1,"featured_media":0,"parent":5219,"menu_order":6,"comment_status":"closed","ping_status":"closed","template":"page_landing.php","meta":{"_genesis_hide_title":false,"_genesis_hide_breadcrumbs":false,"_genesis_hide_singular_image":false,"_genesis_hide_footer_widgets":false,"_genesis_custom_body_class":"","_genesis_custom_post_class":"","_genesis_layout":"","footnotes":""},"class_list":{"0":"post-5259","1":"page","2":"type-page","3":"status-publish","5":"entry"},"yoast_head":"<!-- This site is optimized with the Yoast SEO Premium plugin v27.0 (Yoast SEO v27.3) - https:\/\/yoast.com\/product\/yoast-seo-premium-wordpress\/ -->\n<title>Pol\u00edtica de privacidad - J. David Hopkins, JD LLM<\/title>\n<meta name=\"robots\" content=\"noindex, nofollow\" \/>\n<meta property=\"og:locale\" content=\"es_MX\" \/>\n<meta property=\"og:type\" content=\"article\" \/>\n<meta property=\"og:title\" content=\"Pol\u00edtica de privacidad\" \/>\n<meta property=\"og:description\" content=\"\u00bfQu\u00e9 informaci\u00f3n recopilamos? Recopilamos informaci\u00f3n de usted cuando se registra en nuestro sitio, realiza un pedido o se suscribe a nuestro bolet\u00edn. Al realizar un pedido o registrarse en nuestro sitio, seg\u00fan corresponda, se le puede solicitar que ingrese su: nombre, direcci\u00f3n de correo electr\u00f3nico, n\u00famero de tel\u00e9fono o informaci\u00f3n de tarjeta de cr\u00e9dito. Sin [&hellip;]\" \/>\n<meta property=\"og:url\" content=\"https:\/\/taxhelplaw.com\/sptax\/autodefensa-contra-una-auditoria-del-irs\/politica-de-privacidad\/\" \/>\n<meta property=\"og:site_name\" content=\"J. David Hopkins, JD LLM\" \/>\n<meta property=\"article:modified_time\" content=\"2023-02-24T03:05:04+00:00\" \/>\n<meta property=\"og:image\" content=\"https:\/\/taxhelplaw.com\/sptax\/wp-content\/uploads\/2022\/12\/taxhelpenespanol.282x69.jpg\" \/>\n<meta name=\"twitter:card\" content=\"summary_large_image\" \/>\n<meta name=\"twitter:label1\" content=\"Tiempo de lectura\" \/>\n\t<meta name=\"twitter:data1\" content=\"3 minutos\" \/>\n<script type=\"application\/ld+json\" class=\"yoast-schema-graph\">{\"@context\":\"https:\\\/\\\/schema.org\",\"@graph\":[{\"@type\":\"WebPage\",\"@id\":\"https:\\\/\\\/taxhelplaw.com\\\/sptax\\\/autodefensa-contra-una-auditoria-del-irs\\\/politica-de-privacidad\\\/\",\"url\":\"https:\\\/\\\/taxhelplaw.com\\\/sptax\\\/autodefensa-contra-una-auditoria-del-irs\\\/politica-de-privacidad\\\/\",\"name\":\"Pol\u00edtica de privacidad - J. David Hopkins, JD LLM\",\"isPartOf\":{\"@id\":\"https:\\\/\\\/taxhelplaw.com\\\/sptax\\\/#website\"},\"primaryImageOfPage\":{\"@id\":\"https:\\\/\\\/taxhelplaw.com\\\/sptax\\\/autodefensa-contra-una-auditoria-del-irs\\\/politica-de-privacidad\\\/#primaryimage\"},\"image\":{\"@id\":\"https:\\\/\\\/taxhelplaw.com\\\/sptax\\\/autodefensa-contra-una-auditoria-del-irs\\\/politica-de-privacidad\\\/#primaryimage\"},\"thumbnailUrl\":\"https:\\\/\\\/taxhelplaw.com\\\/sptax\\\/wp-content\\\/uploads\\\/2022\\\/12\\\/taxhelpenespanol.282x69.jpg\",\"datePublished\":\"2023-01-28T23:09:04+00:00\",\"dateModified\":\"2023-02-24T03:05:04+00:00\",\"breadcrumb\":{\"@id\":\"https:\\\/\\\/taxhelplaw.com\\\/sptax\\\/autodefensa-contra-una-auditoria-del-irs\\\/politica-de-privacidad\\\/#breadcrumb\"},\"inLanguage\":\"es\",\"potentialAction\":[{\"@type\":\"ReadAction\",\"target\":[\"https:\\\/\\\/taxhelplaw.com\\\/sptax\\\/autodefensa-contra-una-auditoria-del-irs\\\/politica-de-privacidad\\\/\"]}]},{\"@type\":\"ImageObject\",\"inLanguage\":\"es\",\"@id\":\"https:\\\/\\\/taxhelplaw.com\\\/sptax\\\/autodefensa-contra-una-auditoria-del-irs\\\/politica-de-privacidad\\\/#primaryimage\",\"url\":\"https:\\\/\\\/taxhelplaw.com\\\/sptax\\\/wp-content\\\/uploads\\\/2022\\\/12\\\/taxhelpenespanol.282x69.jpg\",\"contentUrl\":\"https:\\\/\\\/taxhelplaw.com\\\/sptax\\\/wp-content\\\/uploads\\\/2022\\\/12\\\/taxhelpenespanol.282x69.jpg\",\"width\":282,\"height\":69,\"caption\":\"Add a subheading\"},{\"@type\":\"BreadcrumbList\",\"@id\":\"https:\\\/\\\/taxhelplaw.com\\\/sptax\\\/autodefensa-contra-una-auditoria-del-irs\\\/politica-de-privacidad\\\/#breadcrumb\",\"itemListElement\":[{\"@type\":\"ListItem\",\"position\":1,\"name\":\"Home\",\"item\":\"https:\\\/\\\/taxhelplaw.com\\\/sptax\\\/\"},{\"@type\":\"ListItem\",\"position\":2,\"name\":\"AutoDefensa contra una auditor\u00eda del IRS\",\"item\":\"https:\\\/\\\/taxhelplaw.com\\\/sptax\\\/autodefensa-contra-una-auditoria-del-irs\\\/\"},{\"@type\":\"ListItem\",\"position\":3,\"name\":\"Pol\u00edtica de privacidad\"}]},{\"@type\":\"WebSite\",\"@id\":\"https:\\\/\\\/taxhelplaw.com\\\/sptax\\\/#website\",\"url\":\"https:\\\/\\\/taxhelplaw.com\\\/sptax\\\/\",\"name\":\"J. David Hopkins, JD LLM\",\"description\":\"Maestr\u00eda en Derecho Tributario\",\"publisher\":{\"@id\":\"https:\\\/\\\/taxhelplaw.com\\\/sptax\\\/#organization\"},\"alternateName\":\"TaxHelpLaw en Espa\u00f1ol\",\"potentialAction\":[{\"@type\":\"SearchAction\",\"target\":{\"@type\":\"EntryPoint\",\"urlTemplate\":\"https:\\\/\\\/taxhelplaw.com\\\/sptax\\\/?s={search_term_string}\"},\"query-input\":{\"@type\":\"PropertyValueSpecification\",\"valueRequired\":true,\"valueName\":\"search_term_string\"}}],\"inLanguage\":\"es\"},{\"@type\":\"Organization\",\"@id\":\"https:\\\/\\\/taxhelplaw.com\\\/sptax\\\/#organization\",\"name\":\"TaxHelp, Inc.\",\"url\":\"https:\\\/\\\/taxhelplaw.com\\\/sptax\\\/\",\"logo\":{\"@type\":\"ImageObject\",\"inLanguage\":\"es\",\"@id\":\"https:\\\/\\\/taxhelplaw.com\\\/sptax\\\/#\\\/schema\\\/logo\\\/image\\\/\",\"url\":\"https:\\\/\\\/taxhelplaw.com\\\/sptax\\\/wp-content\\\/uploads\\\/2022\\\/01\\\/taxhelpenespanol.jpg\",\"contentUrl\":\"https:\\\/\\\/taxhelplaw.com\\\/sptax\\\/wp-content\\\/uploads\\\/2022\\\/01\\\/taxhelpenespanol.jpg\",\"width\":300,\"height\":101,\"caption\":\"TaxHelp, Inc.\"},\"image\":{\"@id\":\"https:\\\/\\\/taxhelplaw.com\\\/sptax\\\/#\\\/schema\\\/logo\\\/image\\\/\"}}]}<\/script>\n<!-- \/ Yoast SEO Premium plugin. -->","yoast_head_json":{"title":"Pol\u00edtica de privacidad - J. David Hopkins, JD LLM","robots":{"index":"noindex","follow":"nofollow"},"og_locale":"es_MX","og_type":"article","og_title":"Pol\u00edtica de privacidad","og_description":"\u00bfQu\u00e9 informaci\u00f3n recopilamos? Recopilamos informaci\u00f3n de usted cuando se registra en nuestro sitio, realiza un pedido o se suscribe a nuestro bolet\u00edn. Al realizar un pedido o registrarse en nuestro sitio, seg\u00fan corresponda, se le puede solicitar que ingrese su: nombre, direcci\u00f3n de correo electr\u00f3nico, n\u00famero de tel\u00e9fono o informaci\u00f3n de tarjeta de cr\u00e9dito. Sin [&hellip;]","og_url":"https:\/\/taxhelplaw.com\/sptax\/autodefensa-contra-una-auditoria-del-irs\/politica-de-privacidad\/","og_site_name":"J. David Hopkins, JD LLM","article_modified_time":"2023-02-24T03:05:04+00:00","og_image":[{"url":"https:\/\/taxhelplaw.com\/sptax\/wp-content\/uploads\/2022\/12\/taxhelpenespanol.282x69.jpg","type":"","width":"","height":""}],"twitter_card":"summary_large_image","twitter_misc":{"Tiempo de lectura":"3 minutos"},"schema":{"@context":"https:\/\/schema.org","@graph":[{"@type":"WebPage","@id":"https:\/\/taxhelplaw.com\/sptax\/autodefensa-contra-una-auditoria-del-irs\/politica-de-privacidad\/","url":"https:\/\/taxhelplaw.com\/sptax\/autodefensa-contra-una-auditoria-del-irs\/politica-de-privacidad\/","name":"Pol\u00edtica de privacidad - J. David Hopkins, JD LLM","isPartOf":{"@id":"https:\/\/taxhelplaw.com\/sptax\/#website"},"primaryImageOfPage":{"@id":"https:\/\/taxhelplaw.com\/sptax\/autodefensa-contra-una-auditoria-del-irs\/politica-de-privacidad\/#primaryimage"},"image":{"@id":"https:\/\/taxhelplaw.com\/sptax\/autodefensa-contra-una-auditoria-del-irs\/politica-de-privacidad\/#primaryimage"},"thumbnailUrl":"https:\/\/taxhelplaw.com\/sptax\/wp-content\/uploads\/2022\/12\/taxhelpenespanol.282x69.jpg","datePublished":"2023-01-28T23:09:04+00:00","dateModified":"2023-02-24T03:05:04+00:00","breadcrumb":{"@id":"https:\/\/taxhelplaw.com\/sptax\/autodefensa-contra-una-auditoria-del-irs\/politica-de-privacidad\/#breadcrumb"},"inLanguage":"es","potentialAction":[{"@type":"ReadAction","target":["https:\/\/taxhelplaw.com\/sptax\/autodefensa-contra-una-auditoria-del-irs\/politica-de-privacidad\/"]}]},{"@type":"ImageObject","inLanguage":"es","@id":"https:\/\/taxhelplaw.com\/sptax\/autodefensa-contra-una-auditoria-del-irs\/politica-de-privacidad\/#primaryimage","url":"https:\/\/taxhelplaw.com\/sptax\/wp-content\/uploads\/2022\/12\/taxhelpenespanol.282x69.jpg","contentUrl":"https:\/\/taxhelplaw.com\/sptax\/wp-content\/uploads\/2022\/12\/taxhelpenespanol.282x69.jpg","width":282,"height":69,"caption":"Add a subheading"},{"@type":"BreadcrumbList","@id":"https:\/\/taxhelplaw.com\/sptax\/autodefensa-contra-una-auditoria-del-irs\/politica-de-privacidad\/#breadcrumb","itemListElement":[{"@type":"ListItem","position":1,"name":"Home","item":"https:\/\/taxhelplaw.com\/sptax\/"},{"@type":"ListItem","position":2,"name":"AutoDefensa contra una auditor\u00eda del IRS","item":"https:\/\/taxhelplaw.com\/sptax\/autodefensa-contra-una-auditoria-del-irs\/"},{"@type":"ListItem","position":3,"name":"Pol\u00edtica de privacidad"}]},{"@type":"WebSite","@id":"https:\/\/taxhelplaw.com\/sptax\/#website","url":"https:\/\/taxhelplaw.com\/sptax\/","name":"J. David Hopkins, JD LLM","description":"Maestr\u00eda en Derecho Tributario","publisher":{"@id":"https:\/\/taxhelplaw.com\/sptax\/#organization"},"alternateName":"TaxHelpLaw en Espa\u00f1ol","potentialAction":[{"@type":"SearchAction","target":{"@type":"EntryPoint","urlTemplate":"https:\/\/taxhelplaw.com\/sptax\/?s={search_term_string}"},"query-input":{"@type":"PropertyValueSpecification","valueRequired":true,"valueName":"search_term_string"}}],"inLanguage":"es"},{"@type":"Organization","@id":"https:\/\/taxhelplaw.com\/sptax\/#organization","name":"TaxHelp, Inc.","url":"https:\/\/taxhelplaw.com\/sptax\/","logo":{"@type":"ImageObject","inLanguage":"es","@id":"https:\/\/taxhelplaw.com\/sptax\/#\/schema\/logo\/image\/","url":"https:\/\/taxhelplaw.com\/sptax\/wp-content\/uploads\/2022\/01\/taxhelpenespanol.jpg","contentUrl":"https:\/\/taxhelplaw.com\/sptax\/wp-content\/uploads\/2022\/01\/taxhelpenespanol.jpg","width":300,"height":101,"caption":"TaxHelp, Inc."},"image":{"@id":"https:\/\/taxhelplaw.com\/sptax\/#\/schema\/logo\/image\/"}}]}},"jetpack_sharing_enabled":true,"_links":{"self":[{"href":"https:\/\/taxhelplaw.com\/sptax\/wp-json\/wp\/v2\/pages\/5259","targetHints":{"allow":["GET"]}}],"collection":[{"href":"https:\/\/taxhelplaw.com\/sptax\/wp-json\/wp\/v2\/pages"}],"about":[{"href":"https:\/\/taxhelplaw.com\/sptax\/wp-json\/wp\/v2\/types\/page"}],"author":[{"embeddable":true,"href":"https:\/\/taxhelplaw.com\/sptax\/wp-json\/wp\/v2\/users\/1"}],"replies":[{"embeddable":true,"href":"https:\/\/taxhelplaw.com\/sptax\/wp-json\/wp\/v2\/comments?post=5259"}],"version-history":[{"count":4,"href":"https:\/\/taxhelplaw.com\/sptax\/wp-json\/wp\/v2\/pages\/5259\/revisions"}],"predecessor-version":[{"id":6189,"href":"https:\/\/taxhelplaw.com\/sptax\/wp-json\/wp\/v2\/pages\/5259\/revisions\/6189"}],"up":[{"embeddable":true,"href":"https:\/\/taxhelplaw.com\/sptax\/wp-json\/wp\/v2\/pages\/5219"}],"wp:attachment":[{"href":"https:\/\/taxhelplaw.com\/sptax\/wp-json\/wp\/v2\/media?parent=5259"}],"curies":[{"name":"wp","href":"https:\/\/api.w.org\/{rel}","templated":true}]}}