{"id":5256,"date":"2023-01-28T23:09:33","date_gmt":"2023-01-28T23:09:33","guid":{"rendered":"https:\/\/taxhelplaw.com\/sptax\/?page_id=5256"},"modified":"2023-02-24T02:51:27","modified_gmt":"2023-02-24T02:51:27","slug":"terminos-y-condiciones","status":"publish","type":"page","link":"https:\/\/taxhelplaw.com\/sptax\/autodefensa-contra-una-auditoria-del-irs\/terminos-y-condiciones\/","title":{"rendered":"T\u00e9rminos y condiciones"},"content":{"rendered":"<p>Bienvenido a TaxHelpAudit.com. Este sitio web es propiedad y est\u00e1 operado por TaxHelp, Inc. Al visitar nuestro sitio web y acceder a la informaci\u00f3n, los recursos, los servicios, los productos y las herramientas que proporcionamos, usted comprende y est\u00e1 de acuerdo con aceptar y cumplir los siguientes t\u00e9rminos y condiciones como se establece en este acuerdo (en lo sucesivo, \"Acuerdo de usuario\"), junto con los t\u00e9rminos y condiciones establecidos en nuestras reglas de privacidad (consulte la secci\u00f3n Reglas de privacidad a continuaci\u00f3n para ver m\u00e1s informaci\u00f3n).<\/p>\n<p>Este acuerdo est\u00e1 en vigor a partir del [fecha de hoy].<\/p>\n<p>Podemos modificar este Acuerdo de usuario ocasionalmente. Cuando lo hagamos, lo notificaremos por correo electr\u00f3nico, si es un miembro registrado de este sitio web. Por lo tanto, es muy importante que nos informe cuando cambie su direcci\u00f3n de correo electr\u00f3nico. Puede hacerlo actualizando su informaci\u00f3n en <a href=\"https:\/\/taxhelplaw.com\/sptax\/autodefensa-contra-una-auditoria-del-irs\/entre\/\" target=\"_blank\" rel=\"noopener noreferrer\">Mi perfil<\/a> o envi\u00e1ndonos un correo electr\u00f3nico a <a href=\"mailto:TaxHelpLaw@gmail.com\">Info@TaxHelpLaw.com<\/a>. Cualquier cambio a este Acuerdo de usuario tambi\u00e9n se reflejar\u00e1 en el sitio web. Si contin\u00faa utilizando el sitio web despu\u00e9s de que se haya publicado cualquier modificaci\u00f3n a este Acuerdo de usuario, acepta estar sujeto al nuevo Acuerdo de usuario. Si no desea estar sujeto al nuevo Acuerdo de usuario, no utilice el sitio web.<\/p>\n<h6>Uso y conducta responsable<\/h6>\n<p>Al visitar nuestro sitio web y acceder a la informaci\u00f3n, los recursos, los servicios, los productos y las herramientas que le brindamos, ya sea directa o indirectamente (en lo sucesivo, \"Recursos\"), acepta usar estos Recursos solo para los fines previstos seg\u00fan lo permitido por (a) los t\u00e9rminos de este Acuerdo de usuario, y (b) las leyes aplicables, los reglamentos y las pr\u00e1cticas o pautas en l\u00ednea generalmente aceptadas.<\/p>\n<p>En donde, usted entiende que:<\/p>\n<p>a. Para acceder a nuestros Recursos, es posible que deba proporcionar cierta informaci\u00f3n sobre usted (como identificaci\u00f3n, detalles de contacto, etc.) como parte del proceso de registro o como parte de su capacidad para utilizar los Recursos. Usted acepta que cualquier informaci\u00f3n que proporcione siempre ser\u00e1 precisa, correcta y actualizada. TaxHelpLaw.com utiliza cookies para monitorear las preferencias de navegaci\u00f3n y brindarle el mejor contenido. Si permite el uso de cookies, es posible que almacenemos la informaci\u00f3n recibida por Google Analytics para que la utilicen terceros.<\/p>\n<p>b. Usted es responsable de mantener la confidencialidad de cualquier informaci\u00f3n de inicio de sesi\u00f3n asociada con cualquier cuenta que utilice para acceder a nuestros Recursos. En consecuencia, usted es responsable de todas las actividades que ocurran en su(s) cuenta(s).<\/p>\n<p>c. Est\u00e1 estrictamente prohibido acceder o intentar acceder a cualquiera de nuestros Recursos por cualquier medio que no sea a trav\u00e9s de los medios que proporcionamos. Usted acepta espec\u00edficamente no acceder ni intentar acceder a ninguno de nuestros Recursos a trav\u00e9s de ning\u00fan medio automatizado, inmoral o poco convencional.<\/p>\n<p>d. Est\u00e1 estrictamente prohibido participar en cualquier actividad que interrumpa o interfiera con nuestros Recursos, incluidos los servidores y\/o las redes a las que est\u00e1n ubicados o conectados nuestros Recursos.<\/p>\n<p>e. Est\u00e1 estrictamente prohibido intentar copiar, duplicar, reproducir, vender, comercializar o revender nuestros Recursos.<\/p>\n<p>f. Usted es el \u00fanico responsable de las consecuencias, p\u00e9rdidas o da\u00f1os en los que podamos incurrir o sufrir directa o indirectamente debido a cualquier actividad no autorizada realizada por usted, como se explic\u00f3 anteriormente, y puede incurrir en responsabilidad penal o civil.<\/p>\n<p>g. Podemos proporcionar varias herramientas de comunicaci\u00f3n abierta en nuestro sitio web, como comentarios de blog, publicaciones de blog, chat p\u00fablico, foros, tableros de mensajes, grupos de noticias, calificaciones y rese\u00f1as de productos, varios servicios de redes sociales, etc. controlar o monitorear el contenido publicado por los usuarios de estas diversas herramientas de comunicaci\u00f3n, lo que significa que si elige usar estas herramientas para enviar cualquier tipo de contenido a nuestro sitio web, entonces es su responsabilidad personal usar estas herramientas de manera responsable y \u00e9tica . Al publicar informaci\u00f3n o utilizar cualquier herramienta de comunicaci\u00f3n abierta como se mencion\u00f3, usted acepta que no cargar\u00e1, publicar\u00e1, compartir\u00e1 ni distribuir\u00e1 ning\u00fan contenido que:<\/p>\n<p>i. Sea ilegal, amenazante, difamatorio, abusivo, acosador, degradante, intimidante, fraudulento, enga\u00f1oso, invasivo, racista o contenga cualquier tipo de lenguaje sugerente, inapropiado o expl\u00edcito;<br \/>\nii. Infrinja cualquier marca comercial, patente, secreto comercial, derecho de autor u otro derecho de propiedad de cualquier parte;<br \/>\niii. Contenga cualquier tipo de publicidad no autorizada o no solicitada; y\/o<br \/>\niiii. Se hace pasar por cualquier persona o entidad, incluidos los empleados o representantes de TaxHelpAudit.com.<\/p>\n<p>Tenemos el derecho, a nuestro exclusivo criterio, de eliminar cualquier contenido que, a nuestro juicio, no cumpla con este Acuerdo de usuario, junto con cualquier contenido que consideremos ofensivo, da\u00f1ino, objetable, inexacto o que viole cualquier derecho de terceros, incluidos los derechos de autor o las marcas registradas. No somos responsables de ning\u00fan retraso o falla en la eliminaci\u00f3n de dicho contenido. Si publica contenido que elegimos eliminar, por la presente acepta dicha eliminaci\u00f3n y renuncia a cualquier reclamo contra nosotros.<\/p>\n<p>H. No asumimos ninguna responsabilidad por el contenido publicado por usted o cualquier otro usuario externo de nuestro sitio web. Sin embargo, cualquier contenido publicado por usted utilizando cualquier herramienta de comunicaci\u00f3n abierta en nuestro sitio web, siempre que no viole ni infrinja los derechos de terceros, derechos de autor o marcas registradas, se convierte en propiedad de TaxHelp, Inc. y, como tal, nos otorga una licencia perpetua, irrevocable, mundial, libre de regal\u00edas y exclusiva para reproducir, modificar, adaptar, traducir, publicar, exhibir p\u00fablicamente y\/o distribuir como creamos conveniente. Esto solo se refiere y se aplica al contenido publicado a trav\u00e9s de herramientas de comunicaci\u00f3n abierta como se describe, y no se refiere a la informaci\u00f3n que se proporciona como parte del proceso de registro, necesaria para utilizar nuestros Recursos. Toda la informaci\u00f3n proporcionada como parte de nuestro proceso de registro est\u00e1 cubierta por nuestra<a href=\"https:\/\/taxhelplaw.com\/sptax\/autodefensa-contra-una-auditoria-del-irs\/politica-de-privacidad\/\" target=\"_blank\" rel=\"noopener noreferrer\"> Pol\u00edtica de Privacidad<\/a>.<\/p>\n<p id=\"tw-target-text\" class=\"tw-data-text tw-text-large tw-ta\" dir=\"ltr\" data-placeholder=\"Translation\"><span class=\"Y2IQFc\" lang=\"es\">i.Ni nosotros ni terceros brindamos ninguna garant\u00eda en cuanto a la precisi\u00f3n, puntualidad, rendimiento, completitud o idoneidad de la informaci\u00f3n y los materiales encontrados u ofrecidos en TaxHelpLaw.com para cualquier prop\u00f3sito en particular. Usted reconoce que dicha informaci\u00f3n y materiales pueden contener inexactitudes o errores y excluimos expresamente la responsabilidad por tales inexactitudes o errores en la m\u00e1xima medida permitida por la ley.<\/span><\/p>\n<p dir=\"ltr\" data-placeholder=\"Translation\">Su uso de cualquier informaci\u00f3n o material en TaxHelpLaw.com es bajo su propio riesgo, por el cual J. David Hopkins o TaxHelp, Inc. no ser\u00e1n responsables. Ser\u00e1 su propia responsabilidad asegurarse de que cualquier producto, servicio o informaci\u00f3n disponible a trav\u00e9s de TaxHelpLaw.com cumpla con sus requisitos espec\u00edficos.<\/p>\n<p>Usted acepta indemnizar y eximir de responsabilidad a TaxHelp, Inc. y su empresa matriz y afiliadas, y sus directores, funcionarios, gerentes, empleados, donantes, agentes, otorgantes de licencias, herederos, representantes personales y legales, tutores, sucesores y cesionarios de y contra todo p\u00e9rdidas, gastos, da\u00f1os y costos, incluidos los honorarios razonables de los abogados, que resulten de cualquier violaci\u00f3n de este Acuerdo de usuario o el incumplimiento de cualquier obligaci\u00f3n relacionada con su cuenta incurrida por usted o cualquier otra persona que use su cuenta. Nos reservamos el derecho de asumir la defensa exclusiva de cualquier reclamo por el cual tengamos derecho a indemnizaci\u00f3n en virtud de este Acuerdo de usuario. En tal caso, deber\u00e1 brindarnos la cooperaci\u00f3n que razonablemente le solicitemos.<\/p>\n<p>j. Este sitio web proporciona informaci\u00f3n destinada a ayudarlo con su preparaci\u00f3n para una auditor\u00eda del IRS. Este sitio web y la informaci\u00f3n contenida en \u00e9l no constituye asesoramiento legal. El uso de nuestros Recursos no crea una relaci\u00f3n Abogado-Cliente. Si lo desea, TaxHelp, Inc. puede brindarle representaci\u00f3n legal por parte de un abogado con licencia, pero esa representaci\u00f3n no comienza hasta que ambas partes entren en un acuerdo por separado.<\/p>\n<h6>Privacidad<\/h6>\n<p>Su privacidad es muy importante para nosotros, por lo que hemos creado una Pol\u00edtica de privacidad separada para explicar en detalle c\u00f3mo recopilamos, administramos, procesamos, aseguramos y almacenamos su informaci\u00f3n privada. Nuestra Pol\u00edtica de privacidad est\u00e1 incluida en este Acuerdo de usuario. Para leer nuestra Pol\u00edtica de privacidad en su totalidad, <a href=\"https:\/\/taxhelplaw.com\/sptax\/autodefensa-contra-una-auditoria-del-irs\/politica-de-privacidad\/\" target=\"_blank\" rel=\"noopener noreferrer\">haga clic aqu\u00ed.<\/a><\/p>\n<h6>Limitaci\u00f3n de Garant\u00edas<\/h6>\n<p>Al usar nuestro sitio web, usted comprende y acepta que todos los Recursos que proporcionamos son \"tal cual\" y \"seg\u00fan disponibilidad\". Esto significa que no declaramos ni garantizamos que:<br \/>\ni) el uso de nuestros Recursos satisfar\u00e1 sus necesidades o requerimientos;<br \/>\nii) el uso de nuestros Recursos ser\u00e1 ininterrumpido, oportuno, seguro o libre de errores;<br \/>\niii) la informaci\u00f3n obtenida mediante el uso de nuestros Recursos ser\u00e1 precisa o confiable; y<br \/>\niv) se reparar\u00e1 o corregir\u00e1 cualquier defecto en la operaci\u00f3n o funcionalidad de cualquiera de los Recursos que proporcionamos.<\/p>\n<p>Adem\u00e1s, usted entiende y acepta que:<\/p>\n<p>v) cualquier contenido descargado u obtenido de otro modo a trav\u00e9s del uso de nuestros Recursos se realiza bajo su propia discreci\u00f3n y riesgo, y usted es el \u00fanico responsable de cualquier da\u00f1o a su computadora u otros dispositivos por cualquier p\u00e9rdida de datos que pueda resultar de la descarga de tal contenido; y<br \/>\nvi) ninguna informaci\u00f3n o consejo, ya sea expl\u00edcito, impl\u00edcito, oral o escrito, obtenido por usted de TaxHelp, Inc. o a trav\u00e9s de cualquiera de los Recursos que proporcionamos crear\u00e1 ninguna garant\u00eda o condici\u00f3n de ning\u00fan tipo, excepto las que se describen expresamente en este Acuerdo del Usuario.<\/p>\n<p>vii) <strong>el uso del sitio web TaxHelpAudit.com no constituye ni infiere ninguna representaci\u00f3n del usuario ante el IRS de TaxHelpAudit, TaxHelpLaw o el abogado J. David Hopkins.\u00a0 <\/strong><strong>No se establece ning\u00fan privilegio abogado-cliente ni relaci\u00f3n legal alguna con TaxHelpAudit, TaxHelpLaw o el abogado J. David Hopkins, por usar el sitio web TaxHelpAudit.com.<\/strong><\/p>\n<p>De vez en cuando, TaxHelpLaw.com tambi\u00e9n puede incluir enlaces a otros sitios web. Estos enlaces se incluyen para su conveniencia para proporcionar m\u00e1s informaci\u00f3n. No significa que respaldamos los objetivos de los enlaces. No tenemos ninguna responsabilidad por el contenido de los sitios web vinculados.<\/p>\n<p>A MENOS QUE SE EXPRESE LO CONTRARIO POR ESCRITO, TaxHelp, Inc. RENUNCIA EXPRESAMENTE A TODAS LAS GARANT\u00cdAS Y CONDICIONES DE CUALQUIER TIPO, YA SEA EXPL\u00cdCITA O IMPL\u00cdCITA, INCLUIDAS, ENTRE OTRAS, LAS GARANT\u00cdAS Y CONDICIONES IMPL\u00cdCITAS DE COMERCIABILIDAD, IDONEIDAD PARA UN PROP\u00d3SITO PARTICULAR Y NO VIOLACI\u00d3N.<\/p>\n<h6>Limitaci\u00f3n de responsabilidad<\/h6>\n<p>Junto con la Limitaci\u00f3n de Garant\u00edas como se explic\u00f3 anteriormente, usted comprende y acepta expresamente que cualquier reclamo contra nosotros se limitar\u00e1 a la cantidad que pag\u00f3, si la hubiere, por el uso de productos y\/o servicios. TaxHelp, Inc. no ser\u00e1 responsable de ninguna p\u00e9rdida o da\u00f1o directo, indirecto, incidental, consecuente o ejemplar en el que pueda incurrir como resultado del uso de nuestros Recursos, o como resultado de cualquier cambio, p\u00e9rdida o corrupci\u00f3n de datos, cancelaci\u00f3n, p\u00e9rdida de acceso o tiempo de inactividad en la medida en que se apliquen las leyes de limitaci\u00f3n de responsabilidad aplicables.<\/p>\n<h6>Derechos de autor\/Marcas registradas<\/h6>\n<p>Todo el contenido y los materiales disponibles en TaxHelpAudit.com, incluidos, entre otros, texto, gr\u00e1ficos, nombre del sitio web, c\u00f3digo, im\u00e1genes y logotipos, son propiedad intelectual de TaxHelp, Inc. y est\u00e1n protegidos por las leyes de derechos de autor y marcas registradas aplicables. Cualquier uso inapropiado, que incluye, entre otros, la reproducci\u00f3n, distribuci\u00f3n, visualizaci\u00f3n o transmisi\u00f3n de cualquier contenido de este sitio est\u00e1 estrictamente prohibido, a menos que TaxHelp, Inc. lo autorice espec\u00edficamente.<\/p>\n<h6>Terminaci\u00f3n de uso<\/h6>\n<p>Usted acepta que podemos, a nuestro exclusivo criterio, suspender o cancelar su acceso a todo o parte de nuestro sitio web y recursos con o sin previo aviso y por cualquier motivo, incluido, entre otros, el incumplimiento de este Acuerdo de usuario. Cualquier sospecha de actividad ilegal, fraudulenta o abusiva puede ser motivo para terminar su relaci\u00f3n y puede remitirse a las autoridades policiales correspondientes. Tras la suspensi\u00f3n o rescisi\u00f3n, cesar\u00e1 inmediatamente su derecho a utilizar los Recursos que proporcionamos, y nos reservamos el derecho de eliminar o eliminar cualquier informaci\u00f3n que pueda tener archivada con nosotros, incluida cualquier cuenta o informaci\u00f3n de inicio de sesi\u00f3n.<\/p>\n<h6>Ley aplicable<\/h6>\n<p>Este sitio web est\u00e1 controlado por TaxHelp, Inc. desde nuestras oficinas ubicadas en el estado de Colorado, EE. UU. Puede ser accedido por la mayor\u00eda de los pa\u00edses del mundo. Como cada pa\u00eds tiene leyes que pueden diferir de las de Colorado, al acceder a nuestro sitio web, usted acepta que los estatutos y leyes de Colorado, sin tener en cuenta el conflicto de leyes y la Convenci\u00f3n de las Naciones Unidas sobre la Venta Internacional de Mercader\u00edas, se aplicar\u00e1n a todos los asuntos relacionados con el uso de este sitio web y la compra de cualquier producto o servicio a trav\u00e9s de este sitio.<\/p>\n<p>Adem\u00e1s, cualquier acci\u00f3n para hacer cumplir este Acuerdo de usuario se presentar\u00e1 en los tribunales federales o estatales ubicados en Colorado, EE. UU. Por la presente, acepta la jurisdicci\u00f3n personal de dichos tribunales y renuncia a cualquier objeci\u00f3n jurisdiccional, de lugar o de foro inconveniente a dichos tribunales.<\/p>\n<h6>Informaci\u00f3n de contacto<\/h6>\n<p>Si tiene alguna pregunta o comentario sobre estos T\u00e9rminos de servicio descriptos anteriormente, puede comunicarse con nosotros a:<\/p>\n<p>TaxHelp, Inc.<br \/>\n1501 W. Kiowa St., #B<br \/>\nColorado Springs, CO 80904<br \/>\nUSA<\/p>\n","protected":false},"excerpt":{"rendered":"<p>Bienvenido a TaxHelpAudit.com. Este sitio web es propiedad y est\u00e1 operado por TaxHelp, Inc. Al visitar nuestro sitio web y acceder a la informaci\u00f3n, los recursos, los servicios, los productos y las herramientas que proporcionamos, usted comprende y est\u00e1 de acuerdo con aceptar y cumplir los siguientes t\u00e9rminos y condiciones como se establece en este [&hellip;]<\/p>\n","protected":false},"author":1,"featured_media":0,"parent":5219,"menu_order":4,"comment_status":"closed","ping_status":"closed","template":"page_landing.php","meta":{"_genesis_hide_title":false,"_genesis_hide_breadcrumbs":false,"_genesis_hide_singular_image":false,"_genesis_hide_footer_widgets":false,"_genesis_custom_body_class":"","_genesis_custom_post_class":"","_genesis_layout":"","footnotes":""},"class_list":{"0":"post-5256","1":"page","2":"type-page","3":"status-publish","5":"entry"},"yoast_head":"<!-- This site is optimized with the Yoast SEO Premium plugin v27.0 (Yoast SEO v27.3) - https:\/\/yoast.com\/product\/yoast-seo-premium-wordpress\/ -->\n<title>T\u00e9rminos y condiciones - J. David Hopkins, JD LLM<\/title>\n<meta name=\"robots\" content=\"noindex, nofollow\" \/>\n<meta property=\"og:locale\" content=\"es_MX\" \/>\n<meta property=\"og:type\" content=\"article\" \/>\n<meta property=\"og:title\" content=\"T\u00e9rminos y condiciones\" \/>\n<meta property=\"og:description\" content=\"Bienvenido a TaxHelpAudit.com. Este sitio web es propiedad y est\u00e1 operado por TaxHelp, Inc. Al visitar nuestro sitio web y acceder a la informaci\u00f3n, los recursos, los servicios, los productos y las herramientas que proporcionamos, usted comprende y est\u00e1 de acuerdo con aceptar y cumplir los siguientes t\u00e9rminos y condiciones como se establece en este [&hellip;]\" \/>\n<meta property=\"og:url\" content=\"https:\/\/taxhelplaw.com\/sptax\/autodefensa-contra-una-auditoria-del-irs\/terminos-y-condiciones\/\" \/>\n<meta property=\"og:site_name\" content=\"J. David Hopkins, JD LLM\" \/>\n<meta property=\"article:modified_time\" content=\"2023-02-24T02:51:27+00:00\" \/>\n<meta name=\"twitter:card\" content=\"summary_large_image\" \/>\n<meta name=\"twitter:label1\" content=\"Tiempo de lectura\" \/>\n\t<meta name=\"twitter:data1\" content=\"10 minutos\" \/>\n<script type=\"application\/ld+json\" class=\"yoast-schema-graph\">{\"@context\":\"https:\\\/\\\/schema.org\",\"@graph\":[{\"@type\":\"WebPage\",\"@id\":\"https:\\\/\\\/taxhelplaw.com\\\/sptax\\\/autodefensa-contra-una-auditoria-del-irs\\\/terminos-y-condiciones\\\/\",\"url\":\"https:\\\/\\\/taxhelplaw.com\\\/sptax\\\/autodefensa-contra-una-auditoria-del-irs\\\/terminos-y-condiciones\\\/\",\"name\":\"T\u00e9rminos y condiciones - J. David Hopkins, JD LLM\",\"isPartOf\":{\"@id\":\"https:\\\/\\\/taxhelplaw.com\\\/sptax\\\/#website\"},\"datePublished\":\"2023-01-28T23:09:33+00:00\",\"dateModified\":\"2023-02-24T02:51:27+00:00\",\"breadcrumb\":{\"@id\":\"https:\\\/\\\/taxhelplaw.com\\\/sptax\\\/autodefensa-contra-una-auditoria-del-irs\\\/terminos-y-condiciones\\\/#breadcrumb\"},\"inLanguage\":\"es\",\"potentialAction\":[{\"@type\":\"ReadAction\",\"target\":[\"https:\\\/\\\/taxhelplaw.com\\\/sptax\\\/autodefensa-contra-una-auditoria-del-irs\\\/terminos-y-condiciones\\\/\"]}]},{\"@type\":\"BreadcrumbList\",\"@id\":\"https:\\\/\\\/taxhelplaw.com\\\/sptax\\\/autodefensa-contra-una-auditoria-del-irs\\\/terminos-y-condiciones\\\/#breadcrumb\",\"itemListElement\":[{\"@type\":\"ListItem\",\"position\":1,\"name\":\"Home\",\"item\":\"https:\\\/\\\/taxhelplaw.com\\\/sptax\\\/\"},{\"@type\":\"ListItem\",\"position\":2,\"name\":\"AutoDefensa contra una auditor\u00eda del IRS\",\"item\":\"https:\\\/\\\/taxhelplaw.com\\\/sptax\\\/autodefensa-contra-una-auditoria-del-irs\\\/\"},{\"@type\":\"ListItem\",\"position\":3,\"name\":\"T\u00e9rminos y condiciones\"}]},{\"@type\":\"WebSite\",\"@id\":\"https:\\\/\\\/taxhelplaw.com\\\/sptax\\\/#website\",\"url\":\"https:\\\/\\\/taxhelplaw.com\\\/sptax\\\/\",\"name\":\"J. David Hopkins, JD LLM\",\"description\":\"Maestr\u00eda en Derecho Tributario\",\"publisher\":{\"@id\":\"https:\\\/\\\/taxhelplaw.com\\\/sptax\\\/#organization\"},\"alternateName\":\"TaxHelpLaw en Espa\u00f1ol\",\"potentialAction\":[{\"@type\":\"SearchAction\",\"target\":{\"@type\":\"EntryPoint\",\"urlTemplate\":\"https:\\\/\\\/taxhelplaw.com\\\/sptax\\\/?s={search_term_string}\"},\"query-input\":{\"@type\":\"PropertyValueSpecification\",\"valueRequired\":true,\"valueName\":\"search_term_string\"}}],\"inLanguage\":\"es\"},{\"@type\":\"Organization\",\"@id\":\"https:\\\/\\\/taxhelplaw.com\\\/sptax\\\/#organization\",\"name\":\"TaxHelp, Inc.\",\"url\":\"https:\\\/\\\/taxhelplaw.com\\\/sptax\\\/\",\"logo\":{\"@type\":\"ImageObject\",\"inLanguage\":\"es\",\"@id\":\"https:\\\/\\\/taxhelplaw.com\\\/sptax\\\/#\\\/schema\\\/logo\\\/image\\\/\",\"url\":\"https:\\\/\\\/taxhelplaw.com\\\/sptax\\\/wp-content\\\/uploads\\\/2022\\\/01\\\/taxhelpenespanol.jpg\",\"contentUrl\":\"https:\\\/\\\/taxhelplaw.com\\\/sptax\\\/wp-content\\\/uploads\\\/2022\\\/01\\\/taxhelpenespanol.jpg\",\"width\":300,\"height\":101,\"caption\":\"TaxHelp, Inc.\"},\"image\":{\"@id\":\"https:\\\/\\\/taxhelplaw.com\\\/sptax\\\/#\\\/schema\\\/logo\\\/image\\\/\"}}]}<\/script>\n<!-- \/ Yoast SEO Premium plugin. -->","yoast_head_json":{"title":"T\u00e9rminos y condiciones - J. David Hopkins, JD LLM","robots":{"index":"noindex","follow":"nofollow"},"og_locale":"es_MX","og_type":"article","og_title":"T\u00e9rminos y condiciones","og_description":"Bienvenido a TaxHelpAudit.com. Este sitio web es propiedad y est\u00e1 operado por TaxHelp, Inc. Al visitar nuestro sitio web y acceder a la informaci\u00f3n, los recursos, los servicios, los productos y las herramientas que proporcionamos, usted comprende y est\u00e1 de acuerdo con aceptar y cumplir los siguientes t\u00e9rminos y condiciones como se establece en este [&hellip;]","og_url":"https:\/\/taxhelplaw.com\/sptax\/autodefensa-contra-una-auditoria-del-irs\/terminos-y-condiciones\/","og_site_name":"J. David Hopkins, JD LLM","article_modified_time":"2023-02-24T02:51:27+00:00","twitter_card":"summary_large_image","twitter_misc":{"Tiempo de lectura":"10 minutos"},"schema":{"@context":"https:\/\/schema.org","@graph":[{"@type":"WebPage","@id":"https:\/\/taxhelplaw.com\/sptax\/autodefensa-contra-una-auditoria-del-irs\/terminos-y-condiciones\/","url":"https:\/\/taxhelplaw.com\/sptax\/autodefensa-contra-una-auditoria-del-irs\/terminos-y-condiciones\/","name":"T\u00e9rminos y condiciones - J. David Hopkins, JD LLM","isPartOf":{"@id":"https:\/\/taxhelplaw.com\/sptax\/#website"},"datePublished":"2023-01-28T23:09:33+00:00","dateModified":"2023-02-24T02:51:27+00:00","breadcrumb":{"@id":"https:\/\/taxhelplaw.com\/sptax\/autodefensa-contra-una-auditoria-del-irs\/terminos-y-condiciones\/#breadcrumb"},"inLanguage":"es","potentialAction":[{"@type":"ReadAction","target":["https:\/\/taxhelplaw.com\/sptax\/autodefensa-contra-una-auditoria-del-irs\/terminos-y-condiciones\/"]}]},{"@type":"BreadcrumbList","@id":"https:\/\/taxhelplaw.com\/sptax\/autodefensa-contra-una-auditoria-del-irs\/terminos-y-condiciones\/#breadcrumb","itemListElement":[{"@type":"ListItem","position":1,"name":"Home","item":"https:\/\/taxhelplaw.com\/sptax\/"},{"@type":"ListItem","position":2,"name":"AutoDefensa contra una auditor\u00eda del IRS","item":"https:\/\/taxhelplaw.com\/sptax\/autodefensa-contra-una-auditoria-del-irs\/"},{"@type":"ListItem","position":3,"name":"T\u00e9rminos y condiciones"}]},{"@type":"WebSite","@id":"https:\/\/taxhelplaw.com\/sptax\/#website","url":"https:\/\/taxhelplaw.com\/sptax\/","name":"J. David Hopkins, JD LLM","description":"Maestr\u00eda en Derecho Tributario","publisher":{"@id":"https:\/\/taxhelplaw.com\/sptax\/#organization"},"alternateName":"TaxHelpLaw en Espa\u00f1ol","potentialAction":[{"@type":"SearchAction","target":{"@type":"EntryPoint","urlTemplate":"https:\/\/taxhelplaw.com\/sptax\/?s={search_term_string}"},"query-input":{"@type":"PropertyValueSpecification","valueRequired":true,"valueName":"search_term_string"}}],"inLanguage":"es"},{"@type":"Organization","@id":"https:\/\/taxhelplaw.com\/sptax\/#organization","name":"TaxHelp, Inc.","url":"https:\/\/taxhelplaw.com\/sptax\/","logo":{"@type":"ImageObject","inLanguage":"es","@id":"https:\/\/taxhelplaw.com\/sptax\/#\/schema\/logo\/image\/","url":"https:\/\/taxhelplaw.com\/sptax\/wp-content\/uploads\/2022\/01\/taxhelpenespanol.jpg","contentUrl":"https:\/\/taxhelplaw.com\/sptax\/wp-content\/uploads\/2022\/01\/taxhelpenespanol.jpg","width":300,"height":101,"caption":"TaxHelp, Inc."},"image":{"@id":"https:\/\/taxhelplaw.com\/sptax\/#\/schema\/logo\/image\/"}}]}},"jetpack_sharing_enabled":true,"_links":{"self":[{"href":"https:\/\/taxhelplaw.com\/sptax\/wp-json\/wp\/v2\/pages\/5256","targetHints":{"allow":["GET"]}}],"collection":[{"href":"https:\/\/taxhelplaw.com\/sptax\/wp-json\/wp\/v2\/pages"}],"about":[{"href":"https:\/\/taxhelplaw.com\/sptax\/wp-json\/wp\/v2\/types\/page"}],"author":[{"embeddable":true,"href":"https:\/\/taxhelplaw.com\/sptax\/wp-json\/wp\/v2\/users\/1"}],"replies":[{"embeddable":true,"href":"https:\/\/taxhelplaw.com\/sptax\/wp-json\/wp\/v2\/comments?post=5256"}],"version-history":[{"count":6,"href":"https:\/\/taxhelplaw.com\/sptax\/wp-json\/wp\/v2\/pages\/5256\/revisions"}],"predecessor-version":[{"id":6187,"href":"https:\/\/taxhelplaw.com\/sptax\/wp-json\/wp\/v2\/pages\/5256\/revisions\/6187"}],"up":[{"embeddable":true,"href":"https:\/\/taxhelplaw.com\/sptax\/wp-json\/wp\/v2\/pages\/5219"}],"wp:attachment":[{"href":"https:\/\/taxhelplaw.com\/sptax\/wp-json\/wp\/v2\/media?parent=5256"}],"curies":[{"name":"wp","href":"https:\/\/api.w.org\/{rel}","templated":true}]}}