{"id":523,"date":"2015-02-08T05:59:06","date_gmt":"2015-02-08T05:59:06","guid":{"rendered":"http:\/\/taxhelplaw.com\/sp\/?page_id=523"},"modified":"2023-03-27T00:54:29","modified_gmt":"2023-03-27T00:54:29","slug":"aviso-cp92","status":"publish","type":"page","link":"https:\/\/taxhelplaw.com\/sptax\/soluciones\/cobros\/aviso-cp92\/","title":{"rendered":"Aviso CP92"},"content":{"rendered":"<p>El IRS usa el Aviso CP92 para informarle que han usado su reembolso para pagar impuestos. El aviso tambi\u00e9n lo invita a Apelar esta incautaci\u00f3n, debido proceso de cobro (Formulario <a class=\"popup\" title=\"Formulario 12153\" href=\"\/\/www.irs.gov\/pub\/irs-pdf\/f12153sp.pdf\" rel=\"noopener\">12153<\/a>). No siempre es sensato apelar aunque la apelaci\u00f3n sea exitosa, muchas veces es un esfuerzo en vano. El problema es que extiende la ley de prescripci\u00f3n. <em>Vea<\/em> los Pasos de Casos de <a title=\"Pasos de Casos \u2013 Apelaciones del IRS\" href=\"\/\/taxhelplaw.com\/sptax\/soluciones\/pasos-de-casos-apelaciones-del-irs\/\">Apelaciones<\/a>.<\/p>\n<p>En vez de empeorar la situaci\u00f3n con procedimientos innecesarios, por lo general es mejor encontrar m\u00e9todos para reducir o eliminar la deuda y luego iniciar los procedimientos. <em>\u00a1No siga los consejos del IRS ya que empeorar\u00e1 la situaci\u00f3n!<\/em><\/p>\n<p>Es buena idea usar otros procedimientos como por ejemplo, el <a title=\"Pasos de Casos \u2013 Corte\" href=\"\/\/taxhelplaw.com\/sptax\/soluciones\/pasos-de-casos-corte\/\">tribunal<\/a>, reducci\u00f3n de <a title=\"Pasos de Casos \u2013 Multas e Intereses\" href=\"\/\/taxhelplaw.com\/sptax\/soluciones\/pasos-de-casos-multas-e-intereses\/\">multas<\/a>, reclamaci\u00f3n de <a class=\"popup\" title=\"Formulario 843\" href=\"\/\/www.irs.gov\/pub\/irs-pdf\/f843.pdf\" rel=\"noopener\">reembolso<\/a> o declaraciones <a class=\"popup\" title=\"Formulario 1040X\" href=\"\/\/www.irs.gov\/pub\/irs-pdf\/f1040x.pdf\" rel=\"noopener\">enmendadas<\/a> para reducir o disolver este impuesto. O simplemente siga las v\u00edas tradicionales del IRS para resolver el problema. Los funcionarios del IRS pueden lograr tantos resultados como las apelaciones (y m\u00e1s en algunos casos).<\/p>\n<p>Puede ser que reciba un reembolso de estos impuestos confiscados pero no se sorprenda si eso nunca sucede. Por favor vea los Pasos de Casos de <a title=\"Pasos de Casos \u2013 Cobros\" href=\"\/\/taxhelplaw.com\/sptax\/soluciones\/cobros\/\" target=\"_blank\" rel=\"noopener\">Cobros<\/a> donde hay m\u00e1s informaci\u00f3n m\u00e1s detallada, formularios y t\u00e1cticas.<\/p>\n<p>Si usted ha recibido el Aviso CP92, p\u00f3ngase en contacto con nuestro abogado fiscal, el Lic. Hopkins, si tiene dudas.<br \/>\n&nbsp;<\/p>\n<div class=\"one-half first\">\n<h6>Versi\u00f3n en ingl\u00e9s:<\/h6>\n<\/div>\n<div class=\"one-half\"><a href=\"\/sptax\/wp-content\/uploads\/2015\/02\/Aviso-CP92-1.jpg\" class=\"popup\">Notice CP92<\/a><\/div>\n<p>&nbsp;<\/p>\n<h6>Nuestra traducci\u00f3n al espa\u00f1ol:<\/h6>\n<p><a title=\"Pasos de Casos \u2013 Cobros\" href=\"\/\/taxhelplaw.com\/sptax\/soluciones\/cobros\/\"><img loading=\"lazy\" decoding=\"async\" class=\"alignleft size-full wp-image-1262\" src=\"https:\/\/taxhelplaw.com\/sptax\/wp-content\/uploads\/2023\/02\/CP92-en-espanol.jpg\" alt=\"Aviso CP92\" width=\"1230\" height=\"1650\" \/><\/a><\/p>\n<p><a href=\"https:\/\/taxhelplaw.com\/sptax\/sample-page-2\/contactenos\/\"><img loading=\"lazy\" decoding=\"async\" class=\"aligncenter size-full wp-image-3464\" title=\"Aviso CP92 del IRS\" src=\"https:\/\/taxhelplaw.com\/sptax\/wp-content\/uploads\/2022\/01\/taxhelpenespanol.jpg\" alt=\"Aviso CP92 del IRS. Abogado de derecho fiscal en Colorado Springs. Abogado de impuestos en Colorado Springs\" width=\"300\" height=\"101\" \/><\/a><\/p>\n","protected":false},"excerpt":{"rendered":"<p>El IRS usa el Aviso CP92 para informarle que han usado su reembolso para pagar impuestos. El aviso tambi\u00e9n lo invita a Apelar esta incautaci\u00f3n, debido proceso de cobro (Formulario 12153). No siempre es sensato apelar aunque la apelaci\u00f3n sea exitosa, muchas veces es un esfuerzo en vano. El problema es que extiende la ley [&hellip;]<\/p>\n","protected":false},"author":1,"featured_media":0,"parent":146,"menu_order":10,"comment_status":"closed","ping_status":"closed","template":"","meta":{"_genesis_hide_title":false,"_genesis_hide_breadcrumbs":false,"_genesis_hide_singular_image":false,"_genesis_hide_footer_widgets":false,"_genesis_custom_body_class":"","_genesis_custom_post_class":"","_genesis_layout":"","footnotes":""},"class_list":{"0":"post-523","1":"page","2":"type-page","3":"status-publish","5":"entry"},"yoast_head":"<!-- This site is optimized with the Yoast SEO Premium plugin v27.0 (Yoast SEO v27.4) - https:\/\/yoast.com\/product\/yoast-seo-premium-wordpress\/ -->\n<title>Aviso CP92. Reduzca o elimine la deuda - TaxHelpLaw<\/title>\n<meta name=\"description\" content=\"Aviso CP92 del IRS: han usado su reembolso para pagar impuestos. Encuentre m\u00e1s informaci\u00f3n en nuestro sitio web y ll\u00e1menos.\" \/>\n<meta name=\"robots\" content=\"index, follow, max-snippet:-1, max-image-preview:large, max-video-preview:-1\" \/>\n<link rel=\"canonical\" href=\"https:\/\/taxhelplaw.com\/sptax\/soluciones\/cobros\/aviso-cp92\/\" \/>\n<meta property=\"og:locale\" content=\"es_MX\" \/>\n<meta property=\"og:type\" content=\"article\" \/>\n<meta property=\"og:title\" content=\"Aviso CP92\" \/>\n<meta property=\"og:description\" content=\"Aviso CP92 del IRS: han usado su reembolso para pagar impuestos. Encuentre m\u00e1s informaci\u00f3n en nuestro sitio web y ll\u00e1menos.\" \/>\n<meta property=\"og:url\" content=\"https:\/\/taxhelplaw.com\/sptax\/soluciones\/cobros\/aviso-cp92\/\" \/>\n<meta property=\"og:site_name\" content=\"J. David Hopkins, JD LLM\" \/>\n<meta property=\"article:modified_time\" content=\"2023-03-27T00:54:29+00:00\" \/>\n<meta property=\"og:image\" content=\"https:\/\/taxhelplaw.com\/sptax\/wp-content\/uploads\/2023\/02\/CP92-en-espanol.jpg\" \/>\n<meta name=\"twitter:card\" content=\"summary_large_image\" \/>\n<meta name=\"twitter:label1\" content=\"Tiempo de lectura\" \/>\n\t<meta name=\"twitter:data1\" content=\"2 minutos\" \/>\n<script type=\"application\/ld+json\" class=\"yoast-schema-graph\">{\"@context\":\"https:\\\/\\\/schema.org\",\"@graph\":[{\"@type\":\"WebPage\",\"@id\":\"https:\\\/\\\/taxhelplaw.com\\\/sptax\\\/soluciones\\\/cobros\\\/aviso-cp92\\\/\",\"url\":\"https:\\\/\\\/taxhelplaw.com\\\/sptax\\\/soluciones\\\/cobros\\\/aviso-cp92\\\/\",\"name\":\"Aviso CP92. Reduzca o elimine la deuda - TaxHelpLaw\",\"isPartOf\":{\"@id\":\"https:\\\/\\\/taxhelplaw.com\\\/sptax\\\/#website\"},\"primaryImageOfPage\":{\"@id\":\"https:\\\/\\\/taxhelplaw.com\\\/sptax\\\/soluciones\\\/cobros\\\/aviso-cp92\\\/#primaryimage\"},\"image\":{\"@id\":\"https:\\\/\\\/taxhelplaw.com\\\/sptax\\\/soluciones\\\/cobros\\\/aviso-cp92\\\/#primaryimage\"},\"thumbnailUrl\":\"https:\\\/\\\/taxhelplaw.com\\\/sptax\\\/wp-content\\\/uploads\\\/2023\\\/02\\\/CP92-en-espanol.jpg\",\"datePublished\":\"2015-02-08T05:59:06+00:00\",\"dateModified\":\"2023-03-27T00:54:29+00:00\",\"description\":\"Aviso CP92 del IRS: han usado su reembolso para pagar impuestos. Encuentre m\u00e1s informaci\u00f3n en nuestro sitio web y ll\u00e1menos.\",\"breadcrumb\":{\"@id\":\"https:\\\/\\\/taxhelplaw.com\\\/sptax\\\/soluciones\\\/cobros\\\/aviso-cp92\\\/#breadcrumb\"},\"inLanguage\":\"es\",\"potentialAction\":[{\"@type\":\"ReadAction\",\"target\":[\"https:\\\/\\\/taxhelplaw.com\\\/sptax\\\/soluciones\\\/cobros\\\/aviso-cp92\\\/\"]}]},{\"@type\":\"ImageObject\",\"inLanguage\":\"es\",\"@id\":\"https:\\\/\\\/taxhelplaw.com\\\/sptax\\\/soluciones\\\/cobros\\\/aviso-cp92\\\/#primaryimage\",\"url\":\"https:\\\/\\\/taxhelplaw.com\\\/sptax\\\/wp-content\\\/uploads\\\/2023\\\/02\\\/CP92-en-espanol.jpg\",\"contentUrl\":\"https:\\\/\\\/taxhelplaw.com\\\/sptax\\\/wp-content\\\/uploads\\\/2023\\\/02\\\/CP92-en-espanol.jpg\",\"width\":1284,\"height\":1662},{\"@type\":\"BreadcrumbList\",\"@id\":\"https:\\\/\\\/taxhelplaw.com\\\/sptax\\\/soluciones\\\/cobros\\\/aviso-cp92\\\/#breadcrumb\",\"itemListElement\":[{\"@type\":\"ListItem\",\"position\":1,\"name\":\"Home\",\"item\":\"https:\\\/\\\/taxhelplaw.com\\\/sptax\\\/\"},{\"@type\":\"ListItem\",\"position\":2,\"name\":\"Soluciones\",\"item\":\"https:\\\/\\\/taxhelplaw.com\\\/sptax\\\/soluciones\\\/\"},{\"@type\":\"ListItem\",\"position\":3,\"name\":\"Cobros\",\"item\":\"https:\\\/\\\/taxhelplaw.com\\\/sptax\\\/soluciones\\\/cobros\\\/\"},{\"@type\":\"ListItem\",\"position\":4,\"name\":\"Aviso CP92\"}]},{\"@type\":\"WebSite\",\"@id\":\"https:\\\/\\\/taxhelplaw.com\\\/sptax\\\/#website\",\"url\":\"https:\\\/\\\/taxhelplaw.com\\\/sptax\\\/\",\"name\":\"J. David Hopkins, JD LLM\",\"description\":\"Maestr\u00eda en Derecho Tributario\",\"publisher\":{\"@id\":\"https:\\\/\\\/taxhelplaw.com\\\/sptax\\\/#organization\"},\"alternateName\":\"TaxHelpLaw en Espa\u00f1ol\",\"potentialAction\":[{\"@type\":\"SearchAction\",\"target\":{\"@type\":\"EntryPoint\",\"urlTemplate\":\"https:\\\/\\\/taxhelplaw.com\\\/sptax\\\/?s={search_term_string}\"},\"query-input\":{\"@type\":\"PropertyValueSpecification\",\"valueRequired\":true,\"valueName\":\"search_term_string\"}}],\"inLanguage\":\"es\"},{\"@type\":\"Organization\",\"@id\":\"https:\\\/\\\/taxhelplaw.com\\\/sptax\\\/#organization\",\"name\":\"TaxHelp, Inc.\",\"url\":\"https:\\\/\\\/taxhelplaw.com\\\/sptax\\\/\",\"logo\":{\"@type\":\"ImageObject\",\"inLanguage\":\"es\",\"@id\":\"https:\\\/\\\/taxhelplaw.com\\\/sptax\\\/#\\\/schema\\\/logo\\\/image\\\/\",\"url\":\"https:\\\/\\\/taxhelplaw.com\\\/sptax\\\/wp-content\\\/uploads\\\/2022\\\/01\\\/taxhelpenespanol.jpg\",\"contentUrl\":\"https:\\\/\\\/taxhelplaw.com\\\/sptax\\\/wp-content\\\/uploads\\\/2022\\\/01\\\/taxhelpenespanol.jpg\",\"width\":300,\"height\":101,\"caption\":\"TaxHelp, Inc.\"},\"image\":{\"@id\":\"https:\\\/\\\/taxhelplaw.com\\\/sptax\\\/#\\\/schema\\\/logo\\\/image\\\/\"}}]}<\/script>\n<!-- \/ Yoast SEO Premium plugin. -->","yoast_head_json":{"title":"Aviso CP92. Reduzca o elimine la deuda - TaxHelpLaw","description":"Aviso CP92 del IRS: han usado su reembolso para pagar impuestos. Encuentre m\u00e1s informaci\u00f3n en nuestro sitio web y ll\u00e1menos.","robots":{"index":"index","follow":"follow","max-snippet":"max-snippet:-1","max-image-preview":"max-image-preview:large","max-video-preview":"max-video-preview:-1"},"canonical":"https:\/\/taxhelplaw.com\/sptax\/soluciones\/cobros\/aviso-cp92\/","og_locale":"es_MX","og_type":"article","og_title":"Aviso CP92","og_description":"Aviso CP92 del IRS: han usado su reembolso para pagar impuestos. Encuentre m\u00e1s informaci\u00f3n en nuestro sitio web y ll\u00e1menos.","og_url":"https:\/\/taxhelplaw.com\/sptax\/soluciones\/cobros\/aviso-cp92\/","og_site_name":"J. David Hopkins, JD LLM","article_modified_time":"2023-03-27T00:54:29+00:00","og_image":[{"url":"https:\/\/taxhelplaw.com\/sptax\/wp-content\/uploads\/2023\/02\/CP92-en-espanol.jpg","type":"","width":"","height":""}],"twitter_card":"summary_large_image","twitter_misc":{"Tiempo de lectura":"2 minutos"},"schema":{"@context":"https:\/\/schema.org","@graph":[{"@type":"WebPage","@id":"https:\/\/taxhelplaw.com\/sptax\/soluciones\/cobros\/aviso-cp92\/","url":"https:\/\/taxhelplaw.com\/sptax\/soluciones\/cobros\/aviso-cp92\/","name":"Aviso CP92. Reduzca o elimine la deuda - TaxHelpLaw","isPartOf":{"@id":"https:\/\/taxhelplaw.com\/sptax\/#website"},"primaryImageOfPage":{"@id":"https:\/\/taxhelplaw.com\/sptax\/soluciones\/cobros\/aviso-cp92\/#primaryimage"},"image":{"@id":"https:\/\/taxhelplaw.com\/sptax\/soluciones\/cobros\/aviso-cp92\/#primaryimage"},"thumbnailUrl":"https:\/\/taxhelplaw.com\/sptax\/wp-content\/uploads\/2023\/02\/CP92-en-espanol.jpg","datePublished":"2015-02-08T05:59:06+00:00","dateModified":"2023-03-27T00:54:29+00:00","description":"Aviso CP92 del IRS: han usado su reembolso para pagar impuestos. Encuentre m\u00e1s informaci\u00f3n en nuestro sitio web y ll\u00e1menos.","breadcrumb":{"@id":"https:\/\/taxhelplaw.com\/sptax\/soluciones\/cobros\/aviso-cp92\/#breadcrumb"},"inLanguage":"es","potentialAction":[{"@type":"ReadAction","target":["https:\/\/taxhelplaw.com\/sptax\/soluciones\/cobros\/aviso-cp92\/"]}]},{"@type":"ImageObject","inLanguage":"es","@id":"https:\/\/taxhelplaw.com\/sptax\/soluciones\/cobros\/aviso-cp92\/#primaryimage","url":"https:\/\/taxhelplaw.com\/sptax\/wp-content\/uploads\/2023\/02\/CP92-en-espanol.jpg","contentUrl":"https:\/\/taxhelplaw.com\/sptax\/wp-content\/uploads\/2023\/02\/CP92-en-espanol.jpg","width":1284,"height":1662},{"@type":"BreadcrumbList","@id":"https:\/\/taxhelplaw.com\/sptax\/soluciones\/cobros\/aviso-cp92\/#breadcrumb","itemListElement":[{"@type":"ListItem","position":1,"name":"Home","item":"https:\/\/taxhelplaw.com\/sptax\/"},{"@type":"ListItem","position":2,"name":"Soluciones","item":"https:\/\/taxhelplaw.com\/sptax\/soluciones\/"},{"@type":"ListItem","position":3,"name":"Cobros","item":"https:\/\/taxhelplaw.com\/sptax\/soluciones\/cobros\/"},{"@type":"ListItem","position":4,"name":"Aviso CP92"}]},{"@type":"WebSite","@id":"https:\/\/taxhelplaw.com\/sptax\/#website","url":"https:\/\/taxhelplaw.com\/sptax\/","name":"J. David Hopkins, JD LLM","description":"Maestr\u00eda en Derecho Tributario","publisher":{"@id":"https:\/\/taxhelplaw.com\/sptax\/#organization"},"alternateName":"TaxHelpLaw en Espa\u00f1ol","potentialAction":[{"@type":"SearchAction","target":{"@type":"EntryPoint","urlTemplate":"https:\/\/taxhelplaw.com\/sptax\/?s={search_term_string}"},"query-input":{"@type":"PropertyValueSpecification","valueRequired":true,"valueName":"search_term_string"}}],"inLanguage":"es"},{"@type":"Organization","@id":"https:\/\/taxhelplaw.com\/sptax\/#organization","name":"TaxHelp, Inc.","url":"https:\/\/taxhelplaw.com\/sptax\/","logo":{"@type":"ImageObject","inLanguage":"es","@id":"https:\/\/taxhelplaw.com\/sptax\/#\/schema\/logo\/image\/","url":"https:\/\/taxhelplaw.com\/sptax\/wp-content\/uploads\/2022\/01\/taxhelpenespanol.jpg","contentUrl":"https:\/\/taxhelplaw.com\/sptax\/wp-content\/uploads\/2022\/01\/taxhelpenespanol.jpg","width":300,"height":101,"caption":"TaxHelp, Inc."},"image":{"@id":"https:\/\/taxhelplaw.com\/sptax\/#\/schema\/logo\/image\/"}}]}},"jetpack_sharing_enabled":true,"_links":{"self":[{"href":"https:\/\/taxhelplaw.com\/sptax\/wp-json\/wp\/v2\/pages\/523","targetHints":{"allow":["GET"]}}],"collection":[{"href":"https:\/\/taxhelplaw.com\/sptax\/wp-json\/wp\/v2\/pages"}],"about":[{"href":"https:\/\/taxhelplaw.com\/sptax\/wp-json\/wp\/v2\/types\/page"}],"author":[{"embeddable":true,"href":"https:\/\/taxhelplaw.com\/sptax\/wp-json\/wp\/v2\/users\/1"}],"replies":[{"embeddable":true,"href":"https:\/\/taxhelplaw.com\/sptax\/wp-json\/wp\/v2\/comments?post=523"}],"version-history":[{"count":9,"href":"https:\/\/taxhelplaw.com\/sptax\/wp-json\/wp\/v2\/pages\/523\/revisions"}],"predecessor-version":[{"id":7628,"href":"https:\/\/taxhelplaw.com\/sptax\/wp-json\/wp\/v2\/pages\/523\/revisions\/7628"}],"up":[{"embeddable":true,"href":"https:\/\/taxhelplaw.com\/sptax\/wp-json\/wp\/v2\/pages\/146"}],"wp:attachment":[{"href":"https:\/\/taxhelplaw.com\/sptax\/wp-json\/wp\/v2\/media?parent=523"}],"curies":[{"name":"wp","href":"https:\/\/api.w.org\/{rel}","templated":true}]}}