{"id":511,"date":"2015-02-08T05:50:50","date_gmt":"2015-02-08T05:50:50","guid":{"rendered":"http:\/\/taxhelplaw.com\/sp\/?page_id=511"},"modified":"2023-02-28T03:27:05","modified_gmt":"2023-02-28T03:27:05","slug":"aviso-cp15","status":"publish","type":"page","link":"https:\/\/taxhelplaw.com\/sptax\/soluciones\/cobros\/aviso-cp15\/","title":{"rendered":"Aviso CP15"},"content":{"rendered":"<p>El <a href=\"https:\/\/www.irs.gov\/es\/individuals\/understanding-your-irs-notice-or-letter\" target=\"_blank\" rel=\"noopener\"> IRS<\/a> env\u00eda el Aviso CP15 para comunicarle que lo han multado por presentar una \u201cdeclaraci\u00f3n de impuestos fr\u00edvola\u201d. Este es un aviso peligroso no solamente porque lo han tasado unilateralmente pero tambi\u00e9n porque usted ser\u00e1 objeto de mayor escrutinio. Significa que han calificado su declaraci\u00f3n de impuesto \u201cfr\u00edvola\u201d.<\/p>\n<p>El Aviso 15B (abajo) se usa para imponerle la contribuci\u00f3n correspondiente a los empleadores de negocios a usted, por ser la persona responsable por la Multa por recuperaci\u00f3n del fondo fiduciario.<\/p>\n<p>Es posible <a title=\"Pasos de Casos \u2013 Apelaciones del IRS\" href=\"\/\/taxhelplaw.com\/sptax\/soluciones\/pasos-de-casos-apelaciones-del-irs\/\" target=\"_blank\" rel=\"noopener\"><span style=\"color: #0000ff;\">apelar<\/span><\/a> esta decisi\u00f3n pero incluso con la apelaci\u00f3n del debido <strong><span style=\"color: #0000ff;\"><a class=\"popup\" style=\"color: #0000ff;\" title=\"Formulario 12153\" href=\"https:\/\/www.irs.gov\/pub\/irs-pdf\/f12153sp.pdf\" rel=\"noopener\">proceso de cobros<\/a><\/span><\/strong>, es muy probable que el IRS no revierta la determinaci\u00f3n sin evidencia convincente.<\/p>\n<p>El m\u00e9todo tradicional (y la \u00fanica manera segura de que su caso sea escuchado) es pagar la multa, o una parte, y luego presentar el Formulario <a class=\"popup\" title=\"Formulario 843\" href=\"https:\/\/www.irs.gov\/pub\/irs-pdf\/f843.pdf\" rel=\"noopener\"><span style=\"color: #0000ff;\">843<\/span><\/a>, Solicitud de Reembolso. Si el IRS no act\u00faa o si niega su reclamo, usted les puede hacer juicio en el Tribunal Federal de Primera Instancia.<\/p>\n<p>Es bastante trabajo revertir esta multa y hay trampas y trucos en el camino para los incautos.<\/p>\n<p>Dado que la evaluaci\u00f3n es unilateral, no le dar\u00e1n a conocer el motivo exacto de la sanci\u00f3n. Tal vez necesite la ayuda de la Ley de Libertad de Informaci\u00f3n (FOIA por sus siglas en ingles). <em>Vea<\/em> <a class=\"popup\" title=\"FOIA Gu\u00eda\" href=\"\/sptax\/wp-content\/uploads\/2015\/02\/irs_foia_guide-1.pdf\" rel=\"noopener\"><span style=\"color: #0000ff;\">las reglas<\/span><\/a> y <a class=\"popup\" title=\"FOIA Instrucci\u00f3nes\" href=\"\/sptax\/wp-content\/uploads\/2015\/02\/FOIAInstructions-1.pdf\" rel=\"noopener\"><span style=\"color: #0000ff;\">requisitos<\/span><\/a>.<\/p>\n<p>Si usted ha recibido el Aviso CP15, vea los Pasos de Casos de <a title=\"Pasos de Casos \u2013 Cobros\" href=\"\/\/taxhelplaw.com\/sptax\/soluciones\/cobros\/\"><span style=\"color: #0000ff;\">Cobros<\/span><\/a> o los Pasos de Casos de <a title=\"Pasos de Casos \u2013 Corte\" href=\"\/\/taxhelplaw.com\/sptax\/soluciones\/pasos-de-casos-corte\/\"><span style=\"color: #0000ff;\">Casos de corte<\/span><\/a> y p\u00f3ngase en contacto con el Lic. Hopkins.<\/p>\n<h5>Aviso CP15 para Individuos (<a href=\"https:\/\/taxhelplaw.com\/sptax\/wp-content\/uploads\/2015\/02\/AvisoCP15-1.jpg\" class=\"popup\">Versi\u00f3n en ingl\u00e9s<\/a>)<\/h5>\n<h6>Nuestra traducci\u00f3n al espa\u00f1ol:<\/h6>\n<p><a title=\"Pasos de Casos \u2013 Corte\" href=\"\/\/taxhelplaw.com\/sptax\/soluciones\/pasos-de-casos-corte\/\"><img loading=\"lazy\" decoding=\"async\" class=\"alignleft size-full wp-image-1096\" src=\"https:\/\/taxhelplaw.com\/sptax\/wp-content\/uploads\/2023\/02\/CP15-en-espanol-scaled.jpg\" alt=\"Aviso CP15 del IRS\" width=\"1230\" height=\"1636\" \/><\/a><\/p>\n<p>&nbsp;<\/p>\n<h5>Aviso CP15B para Negocios (<a href=\"https:\/\/taxhelplaw.com\/sptax\/wp-content\/uploads\/2015\/02\/AvisoCP15B-1.jpg\" class=\"popup\">Versi\u00f3n en ingl\u00e9s<\/a>)<\/h5>\n<h6>Nuestra traducci\u00f3n al espa\u00f1ol:<\/h6>\n<p><a title=\"Pasos de Casos \u2013 Impuestos de Negocio\" href=\"\/\/taxhelplaw.com\/sptax\/soluciones\/impuestos-de-negocio\/\"><img loading=\"lazy\" decoding=\"async\" class=\"alignleft size-full wp-image-1024\" src=\"https:\/\/taxhelplaw.com\/sptax\/wp-content\/uploads\/2023\/02\/cp15b-en-espanol.jpg\" alt=\"Aviso CP15B\" width=\"1230\" height=\"1648\" \/><\/a><\/p>\n<p><a href=\"https:\/\/taxhelplaw.com\/sptax\/sample-page-2\/contactenos\/\"><img loading=\"lazy\" decoding=\"async\" class=\"aligncenter size-full wp-image-3464\" title=\"Aviso CP15 del IRS\" src=\"https:\/\/taxhelplaw.com\/sptax\/wp-content\/uploads\/2022\/01\/taxhelpenespanol.jpg\" alt=\"Aviso CP15 del IRS Abogado de derecho fiscal en Colorado Springs. Abogado de impuestos en Colorado Springs\" width=\"300\" height=\"101\" \/><\/a><\/p>\n","protected":false},"excerpt":{"rendered":"<p>El IRS env\u00eda el Aviso CP15 para comunicarle que lo han multado por presentar una \u201cdeclaraci\u00f3n de impuestos fr\u00edvola\u201d. Este es un aviso peligroso no solamente porque lo han tasado unilateralmente pero tambi\u00e9n porque usted ser\u00e1 objeto de mayor escrutinio. Significa que han calificado su declaraci\u00f3n de impuesto \u201cfr\u00edvola\u201d. El Aviso 15B (abajo) se usa [&hellip;]<\/p>\n","protected":false},"author":1,"featured_media":0,"parent":146,"menu_order":2,"comment_status":"closed","ping_status":"closed","template":"","meta":{"_genesis_hide_title":false,"_genesis_hide_breadcrumbs":false,"_genesis_hide_singular_image":false,"_genesis_hide_footer_widgets":false,"_genesis_custom_body_class":"","_genesis_custom_post_class":"","_genesis_layout":"","footnotes":""},"class_list":{"0":"post-511","1":"page","2":"type-page","3":"status-publish","5":"entry"},"yoast_head":"<!-- This site is optimized with the Yoast SEO Premium plugin v27.0 (Yoast SEO v27.4) - https:\/\/yoast.com\/product\/yoast-seo-premium-wordpress\/ -->\n<title>Aviso CP15. Estrategias de abogado fiscal para responder - TaxHelpLaw<\/title>\n<meta name=\"description\" content=\"Aviso CP15 del IRS: indica que han aplicado una multa contra usted, usualmente para impuestos del fondo fiduciario o declaraciones fr\u00edvolas.\" \/>\n<meta name=\"robots\" content=\"index, follow, max-snippet:-1, max-image-preview:large, max-video-preview:-1\" \/>\n<link rel=\"canonical\" href=\"https:\/\/taxhelplaw.com\/sptax\/soluciones\/cobros\/aviso-cp15\/\" \/>\n<meta property=\"og:locale\" content=\"es_MX\" \/>\n<meta property=\"og:type\" content=\"article\" \/>\n<meta property=\"og:title\" content=\"Aviso CP15\" \/>\n<meta property=\"og:description\" content=\"Aviso CP15 del IRS: indica que han aplicado una multa contra usted, usualmente para impuestos del fondo fiduciario o declaraciones fr\u00edvolas.\" \/>\n<meta property=\"og:url\" content=\"https:\/\/taxhelplaw.com\/sptax\/soluciones\/cobros\/aviso-cp15\/\" \/>\n<meta property=\"og:site_name\" content=\"J. David Hopkins, JD LLM\" \/>\n<meta property=\"article:modified_time\" content=\"2023-02-28T03:27:05+00:00\" \/>\n<meta property=\"og:image\" content=\"https:\/\/taxhelplaw.com\/sptax\/wp-content\/uploads\/2023\/02\/CP15-en-espanol-scaled.jpg\" \/>\n<meta name=\"twitter:card\" content=\"summary_large_image\" \/>\n<meta name=\"twitter:label1\" content=\"Tiempo de lectura\" \/>\n\t<meta name=\"twitter:data1\" content=\"2 minutos\" \/>\n<script type=\"application\/ld+json\" class=\"yoast-schema-graph\">{\"@context\":\"https:\\\/\\\/schema.org\",\"@graph\":[{\"@type\":\"WebPage\",\"@id\":\"https:\\\/\\\/taxhelplaw.com\\\/sptax\\\/soluciones\\\/cobros\\\/aviso-cp15\\\/\",\"url\":\"https:\\\/\\\/taxhelplaw.com\\\/sptax\\\/soluciones\\\/cobros\\\/aviso-cp15\\\/\",\"name\":\"Aviso CP15. Estrategias de abogado fiscal para responder - TaxHelpLaw\",\"isPartOf\":{\"@id\":\"https:\\\/\\\/taxhelplaw.com\\\/sptax\\\/#website\"},\"primaryImageOfPage\":{\"@id\":\"https:\\\/\\\/taxhelplaw.com\\\/sptax\\\/soluciones\\\/cobros\\\/aviso-cp15\\\/#primaryimage\"},\"image\":{\"@id\":\"https:\\\/\\\/taxhelplaw.com\\\/sptax\\\/soluciones\\\/cobros\\\/aviso-cp15\\\/#primaryimage\"},\"thumbnailUrl\":\"https:\\\/\\\/taxhelplaw.com\\\/sptax\\\/wp-content\\\/uploads\\\/2023\\\/02\\\/CP15-en-espanol-scaled.jpg\",\"datePublished\":\"2015-02-08T05:50:50+00:00\",\"dateModified\":\"2023-02-28T03:27:05+00:00\",\"description\":\"Aviso CP15 del IRS: indica que han aplicado una multa contra usted, usualmente para impuestos del fondo fiduciario o declaraciones fr\u00edvolas.\",\"breadcrumb\":{\"@id\":\"https:\\\/\\\/taxhelplaw.com\\\/sptax\\\/soluciones\\\/cobros\\\/aviso-cp15\\\/#breadcrumb\"},\"inLanguage\":\"es\",\"potentialAction\":[{\"@type\":\"ReadAction\",\"target\":[\"https:\\\/\\\/taxhelplaw.com\\\/sptax\\\/soluciones\\\/cobros\\\/aviso-cp15\\\/\"]}]},{\"@type\":\"ImageObject\",\"inLanguage\":\"es\",\"@id\":\"https:\\\/\\\/taxhelplaw.com\\\/sptax\\\/soluciones\\\/cobros\\\/aviso-cp15\\\/#primaryimage\",\"url\":\"https:\\\/\\\/taxhelplaw.com\\\/sptax\\\/wp-content\\\/uploads\\\/2023\\\/02\\\/CP15-en-espanol-scaled.jpg\",\"contentUrl\":\"https:\\\/\\\/taxhelplaw.com\\\/sptax\\\/wp-content\\\/uploads\\\/2023\\\/02\\\/CP15-en-espanol-scaled.jpg\",\"width\":1891,\"height\":2560},{\"@type\":\"BreadcrumbList\",\"@id\":\"https:\\\/\\\/taxhelplaw.com\\\/sptax\\\/soluciones\\\/cobros\\\/aviso-cp15\\\/#breadcrumb\",\"itemListElement\":[{\"@type\":\"ListItem\",\"position\":1,\"name\":\"Home\",\"item\":\"https:\\\/\\\/taxhelplaw.com\\\/sptax\\\/\"},{\"@type\":\"ListItem\",\"position\":2,\"name\":\"Soluciones\",\"item\":\"https:\\\/\\\/taxhelplaw.com\\\/sptax\\\/soluciones\\\/\"},{\"@type\":\"ListItem\",\"position\":3,\"name\":\"Cobros\",\"item\":\"https:\\\/\\\/taxhelplaw.com\\\/sptax\\\/soluciones\\\/cobros\\\/\"},{\"@type\":\"ListItem\",\"position\":4,\"name\":\"Aviso CP15\"}]},{\"@type\":\"WebSite\",\"@id\":\"https:\\\/\\\/taxhelplaw.com\\\/sptax\\\/#website\",\"url\":\"https:\\\/\\\/taxhelplaw.com\\\/sptax\\\/\",\"name\":\"J. David Hopkins, JD LLM\",\"description\":\"Maestr\u00eda en Derecho Tributario\",\"publisher\":{\"@id\":\"https:\\\/\\\/taxhelplaw.com\\\/sptax\\\/#organization\"},\"alternateName\":\"TaxHelpLaw en Espa\u00f1ol\",\"potentialAction\":[{\"@type\":\"SearchAction\",\"target\":{\"@type\":\"EntryPoint\",\"urlTemplate\":\"https:\\\/\\\/taxhelplaw.com\\\/sptax\\\/?s={search_term_string}\"},\"query-input\":{\"@type\":\"PropertyValueSpecification\",\"valueRequired\":true,\"valueName\":\"search_term_string\"}}],\"inLanguage\":\"es\"},{\"@type\":\"Organization\",\"@id\":\"https:\\\/\\\/taxhelplaw.com\\\/sptax\\\/#organization\",\"name\":\"TaxHelp, Inc.\",\"url\":\"https:\\\/\\\/taxhelplaw.com\\\/sptax\\\/\",\"logo\":{\"@type\":\"ImageObject\",\"inLanguage\":\"es\",\"@id\":\"https:\\\/\\\/taxhelplaw.com\\\/sptax\\\/#\\\/schema\\\/logo\\\/image\\\/\",\"url\":\"https:\\\/\\\/taxhelplaw.com\\\/sptax\\\/wp-content\\\/uploads\\\/2022\\\/01\\\/taxhelpenespanol.jpg\",\"contentUrl\":\"https:\\\/\\\/taxhelplaw.com\\\/sptax\\\/wp-content\\\/uploads\\\/2022\\\/01\\\/taxhelpenespanol.jpg\",\"width\":300,\"height\":101,\"caption\":\"TaxHelp, Inc.\"},\"image\":{\"@id\":\"https:\\\/\\\/taxhelplaw.com\\\/sptax\\\/#\\\/schema\\\/logo\\\/image\\\/\"}}]}<\/script>\n<!-- \/ Yoast SEO Premium plugin. -->","yoast_head_json":{"title":"Aviso CP15. Estrategias de abogado fiscal para responder - TaxHelpLaw","description":"Aviso CP15 del IRS: indica que han aplicado una multa contra usted, usualmente para impuestos del fondo fiduciario o declaraciones fr\u00edvolas.","robots":{"index":"index","follow":"follow","max-snippet":"max-snippet:-1","max-image-preview":"max-image-preview:large","max-video-preview":"max-video-preview:-1"},"canonical":"https:\/\/taxhelplaw.com\/sptax\/soluciones\/cobros\/aviso-cp15\/","og_locale":"es_MX","og_type":"article","og_title":"Aviso CP15","og_description":"Aviso CP15 del IRS: indica que han aplicado una multa contra usted, usualmente para impuestos del fondo fiduciario o declaraciones fr\u00edvolas.","og_url":"https:\/\/taxhelplaw.com\/sptax\/soluciones\/cobros\/aviso-cp15\/","og_site_name":"J. David Hopkins, JD LLM","article_modified_time":"2023-02-28T03:27:05+00:00","og_image":[{"url":"https:\/\/taxhelplaw.com\/sptax\/wp-content\/uploads\/2023\/02\/CP15-en-espanol-scaled.jpg","type":"","width":"","height":""}],"twitter_card":"summary_large_image","twitter_misc":{"Tiempo de lectura":"2 minutos"},"schema":{"@context":"https:\/\/schema.org","@graph":[{"@type":"WebPage","@id":"https:\/\/taxhelplaw.com\/sptax\/soluciones\/cobros\/aviso-cp15\/","url":"https:\/\/taxhelplaw.com\/sptax\/soluciones\/cobros\/aviso-cp15\/","name":"Aviso CP15. Estrategias de abogado fiscal para responder - TaxHelpLaw","isPartOf":{"@id":"https:\/\/taxhelplaw.com\/sptax\/#website"},"primaryImageOfPage":{"@id":"https:\/\/taxhelplaw.com\/sptax\/soluciones\/cobros\/aviso-cp15\/#primaryimage"},"image":{"@id":"https:\/\/taxhelplaw.com\/sptax\/soluciones\/cobros\/aviso-cp15\/#primaryimage"},"thumbnailUrl":"https:\/\/taxhelplaw.com\/sptax\/wp-content\/uploads\/2023\/02\/CP15-en-espanol-scaled.jpg","datePublished":"2015-02-08T05:50:50+00:00","dateModified":"2023-02-28T03:27:05+00:00","description":"Aviso CP15 del IRS: indica que han aplicado una multa contra usted, usualmente para impuestos del fondo fiduciario o declaraciones fr\u00edvolas.","breadcrumb":{"@id":"https:\/\/taxhelplaw.com\/sptax\/soluciones\/cobros\/aviso-cp15\/#breadcrumb"},"inLanguage":"es","potentialAction":[{"@type":"ReadAction","target":["https:\/\/taxhelplaw.com\/sptax\/soluciones\/cobros\/aviso-cp15\/"]}]},{"@type":"ImageObject","inLanguage":"es","@id":"https:\/\/taxhelplaw.com\/sptax\/soluciones\/cobros\/aviso-cp15\/#primaryimage","url":"https:\/\/taxhelplaw.com\/sptax\/wp-content\/uploads\/2023\/02\/CP15-en-espanol-scaled.jpg","contentUrl":"https:\/\/taxhelplaw.com\/sptax\/wp-content\/uploads\/2023\/02\/CP15-en-espanol-scaled.jpg","width":1891,"height":2560},{"@type":"BreadcrumbList","@id":"https:\/\/taxhelplaw.com\/sptax\/soluciones\/cobros\/aviso-cp15\/#breadcrumb","itemListElement":[{"@type":"ListItem","position":1,"name":"Home","item":"https:\/\/taxhelplaw.com\/sptax\/"},{"@type":"ListItem","position":2,"name":"Soluciones","item":"https:\/\/taxhelplaw.com\/sptax\/soluciones\/"},{"@type":"ListItem","position":3,"name":"Cobros","item":"https:\/\/taxhelplaw.com\/sptax\/soluciones\/cobros\/"},{"@type":"ListItem","position":4,"name":"Aviso CP15"}]},{"@type":"WebSite","@id":"https:\/\/taxhelplaw.com\/sptax\/#website","url":"https:\/\/taxhelplaw.com\/sptax\/","name":"J. David Hopkins, JD LLM","description":"Maestr\u00eda en Derecho Tributario","publisher":{"@id":"https:\/\/taxhelplaw.com\/sptax\/#organization"},"alternateName":"TaxHelpLaw en Espa\u00f1ol","potentialAction":[{"@type":"SearchAction","target":{"@type":"EntryPoint","urlTemplate":"https:\/\/taxhelplaw.com\/sptax\/?s={search_term_string}"},"query-input":{"@type":"PropertyValueSpecification","valueRequired":true,"valueName":"search_term_string"}}],"inLanguage":"es"},{"@type":"Organization","@id":"https:\/\/taxhelplaw.com\/sptax\/#organization","name":"TaxHelp, Inc.","url":"https:\/\/taxhelplaw.com\/sptax\/","logo":{"@type":"ImageObject","inLanguage":"es","@id":"https:\/\/taxhelplaw.com\/sptax\/#\/schema\/logo\/image\/","url":"https:\/\/taxhelplaw.com\/sptax\/wp-content\/uploads\/2022\/01\/taxhelpenespanol.jpg","contentUrl":"https:\/\/taxhelplaw.com\/sptax\/wp-content\/uploads\/2022\/01\/taxhelpenespanol.jpg","width":300,"height":101,"caption":"TaxHelp, Inc."},"image":{"@id":"https:\/\/taxhelplaw.com\/sptax\/#\/schema\/logo\/image\/"}}]}},"jetpack_sharing_enabled":true,"_links":{"self":[{"href":"https:\/\/taxhelplaw.com\/sptax\/wp-json\/wp\/v2\/pages\/511","targetHints":{"allow":["GET"]}}],"collection":[{"href":"https:\/\/taxhelplaw.com\/sptax\/wp-json\/wp\/v2\/pages"}],"about":[{"href":"https:\/\/taxhelplaw.com\/sptax\/wp-json\/wp\/v2\/types\/page"}],"author":[{"embeddable":true,"href":"https:\/\/taxhelplaw.com\/sptax\/wp-json\/wp\/v2\/users\/1"}],"replies":[{"embeddable":true,"href":"https:\/\/taxhelplaw.com\/sptax\/wp-json\/wp\/v2\/comments?post=511"}],"version-history":[{"count":18,"href":"https:\/\/taxhelplaw.com\/sptax\/wp-json\/wp\/v2\/pages\/511\/revisions"}],"predecessor-version":[{"id":7439,"href":"https:\/\/taxhelplaw.com\/sptax\/wp-json\/wp\/v2\/pages\/511\/revisions\/7439"}],"up":[{"embeddable":true,"href":"https:\/\/taxhelplaw.com\/sptax\/wp-json\/wp\/v2\/pages\/146"}],"wp:attachment":[{"href":"https:\/\/taxhelplaw.com\/sptax\/wp-json\/wp\/v2\/media?parent=511"}],"curies":[{"name":"wp","href":"https:\/\/api.w.org\/{rel}","templated":true}]}}