{"id":5107,"date":"2023-01-06T15:46:32","date_gmt":"2023-01-06T15:46:32","guid":{"rendered":"https:\/\/taxhelplaw.com\/sptax\/?page_id=5107"},"modified":"2023-02-24T18:47:48","modified_gmt":"2023-02-24T18:47:48","slug":"webinar-formulario-433a","status":"publish","type":"page","link":"https:\/\/taxhelplaw.com\/sptax\/recursos-gratis\/seminarios-web-gratis\/webinar-formulario-433a\/","title":{"rendered":"Webinar &#8211; Formulario 433A"},"content":{"rendered":"<p>Tome este Webinar para aprender a completar el Formulario 433A de la manera que el IRS quiere. Puede ser dif\u00edcil y hay que hacerlo cuidadosamente, por eso el abogado de impuestos, el Lic. Hopkins, le muestra c\u00f3mo hacerlo para ganar.<\/p>\n<h6>Baje el Formulario 433A <a class=\"popup\" href=\"https:\/\/taxhelplaw.com\/sptax\/wp-content\/uploads\/2023\/01\/f433asp.pdf\">aqu\u00ed<\/a>. Impr\u00edmalo y ll\u00e9nelo a mano con l\u00e1piz para que lo podamos revisar y corregir luego.<br \/>\nUse la <a class=\"popup\" href=\"https:\/\/taxhelplaw.com\/irs-letters-notices\/item-______________________\/\">m\u00e1quina sumadora<\/a> y la <a class=\"popup\" href=\"https:\/\/taxhelplaw.com\/wp-content\/uploads\/2022\/12\/ExpenseSPREADSHEET.pdf\">Planilla de gastos<\/a> para completar el formulario.<\/h6>\n<p>&nbsp;<\/p>\n<p><iframe loading=\"lazy\" title=\"YouTube video player\" src=\"https:\/\/www.youtube-nocookie.com\/embed\/ZfM3wqwkkgw\" width=\"660\" height=\"400\" frameborder=\"0\" allowfullscreen=\"allowfullscreen\"><\/iframe><\/p>\n<p>Estos son los est\u00e1ndares nacionales a los que se hace referencia en el seminario web:<\/p>\n<div class=\"one-fourth first\"><a class=\"popup\" href=\"https:\/\/taxhelplaw.com\/sptax\/wp-content\/uploads\/2023\/02\/estandares.pdf\">Est\u00e1ndares Nacionales<\/a><\/div>\n<div class=\"one-fourth\"><a class=\"popup\" href=\"https:\/\/taxhelplaw.com\/sptax\/wp-content\/uploads\/2023\/01\/Gastos.de_.la_.casa_.pdf\">Gastos del hogar<\/a><\/div>\n<div class=\"one-fourth\"><a class=\"popup\" href=\"https:\/\/taxhelplaw.com\/sptax\/wp-content\/uploads\/2023\/02\/transportacion.pdf\">Transportaci\u00f3n<\/a><\/div>\n<div class=\"one-fourth\"><a class=\"popup\" href=\"https:\/\/taxhelplaw.com\/sptax\/wp-content\/uploads\/2023\/01\/Costo.de_.Bolsa_.Medicospdf.pdf\">Atenci\u00f3n m\u00e9dica<\/a><\/div>\n<div class=\"clearfix\"><\/div>\n<p>Despu\u00e9s de haber completado el Formulario 433A, totalizado sus c\u00e1lculos y resumido los gastos, guarde los archivos en su computadora o impr\u00edmalos. <a href=\"https:\/\/taxhelplaw.com\/sptax\/firma\/contactenos\/cita\/\">Concierte una cita<\/a> con el abogado y env\u00edenos sus documentos.<\/p>\n<div style=\"text-align: center;\"><\/div>\n<p><script>document.write('<a href=\"' + document.referrer + '\"><< Regrese<\/a>');<\/script><\/p>\n","protected":false},"excerpt":{"rendered":"<p>Tome este Webinar para aprender a completar el Formulario 433A de la manera que el IRS quiere. Puede ser dif\u00edcil y hay que hacerlo cuidadosamente, por eso el abogado de impuestos, el Lic. Hopkins, le muestra c\u00f3mo hacerlo para ganar. Baje el Formulario 433A aqu\u00ed. Impr\u00edmalo y ll\u00e9nelo a mano con l\u00e1piz para que lo [&hellip;]<\/p>\n","protected":false},"author":1,"featured_media":0,"parent":5090,"menu_order":2,"comment_status":"closed","ping_status":"closed","template":"","meta":{"_genesis_hide_title":false,"_genesis_hide_breadcrumbs":false,"_genesis_hide_singular_image":false,"_genesis_hide_footer_widgets":false,"_genesis_custom_body_class":"","_genesis_custom_post_class":"","_genesis_layout":"full-width-content","footnotes":""},"class_list":{"0":"post-5107","1":"page","2":"type-page","3":"status-publish","5":"entry"},"yoast_head":"<!-- This site is optimized with the Yoast SEO Premium plugin v27.0 (Yoast SEO v27.4) - https:\/\/yoast.com\/product\/yoast-seo-premium-wordpress\/ -->\n<title>Webinar - Formulario 433A - J. David Hopkins, JD LLM<\/title>\n<meta name=\"robots\" content=\"index, follow, max-snippet:-1, max-image-preview:large, max-video-preview:-1\" \/>\n<link rel=\"canonical\" href=\"https:\/\/taxhelplaw.com\/sptax\/recursos-gratis\/seminarios-web-gratis\/webinar-formulario-433a\/\" \/>\n<meta property=\"og:locale\" content=\"es_MX\" \/>\n<meta property=\"og:type\" content=\"article\" \/>\n<meta property=\"og:title\" content=\"Webinar - Formulario 433A\" \/>\n<meta property=\"og:description\" content=\"Tome este Webinar para aprender a completar el Formulario 433A de la manera que el IRS quiere. Puede ser dif\u00edcil y hay que hacerlo cuidadosamente, por eso el abogado de impuestos, el Lic. Hopkins, le muestra c\u00f3mo hacerlo para ganar. Baje el Formulario 433A aqu\u00ed. Impr\u00edmalo y ll\u00e9nelo a mano con l\u00e1piz para que lo [&hellip;]\" \/>\n<meta property=\"og:url\" content=\"https:\/\/taxhelplaw.com\/sptax\/recursos-gratis\/seminarios-web-gratis\/webinar-formulario-433a\/\" \/>\n<meta property=\"og:site_name\" content=\"J. David Hopkins, JD LLM\" \/>\n<meta property=\"article:modified_time\" content=\"2023-02-24T18:47:48+00:00\" \/>\n<meta name=\"twitter:card\" content=\"summary_large_image\" \/>\n<meta name=\"twitter:label1\" content=\"Tiempo de lectura\" \/>\n\t<meta name=\"twitter:data1\" content=\"1 minuto\" \/>\n<script type=\"application\/ld+json\" class=\"yoast-schema-graph\">{\"@context\":\"https:\\\/\\\/schema.org\",\"@graph\":[{\"@type\":\"WebPage\",\"@id\":\"https:\\\/\\\/taxhelplaw.com\\\/sptax\\\/recursos-gratis\\\/seminarios-web-gratis\\\/webinar-formulario-433a\\\/\",\"url\":\"https:\\\/\\\/taxhelplaw.com\\\/sptax\\\/recursos-gratis\\\/seminarios-web-gratis\\\/webinar-formulario-433a\\\/\",\"name\":\"Webinar - Formulario 433A - J. David Hopkins, JD LLM\",\"isPartOf\":{\"@id\":\"https:\\\/\\\/taxhelplaw.com\\\/sptax\\\/#website\"},\"datePublished\":\"2023-01-06T15:46:32+00:00\",\"dateModified\":\"2023-02-24T18:47:48+00:00\",\"breadcrumb\":{\"@id\":\"https:\\\/\\\/taxhelplaw.com\\\/sptax\\\/recursos-gratis\\\/seminarios-web-gratis\\\/webinar-formulario-433a\\\/#breadcrumb\"},\"inLanguage\":\"es\",\"potentialAction\":[{\"@type\":\"ReadAction\",\"target\":[\"https:\\\/\\\/taxhelplaw.com\\\/sptax\\\/recursos-gratis\\\/seminarios-web-gratis\\\/webinar-formulario-433a\\\/\"]}]},{\"@type\":\"BreadcrumbList\",\"@id\":\"https:\\\/\\\/taxhelplaw.com\\\/sptax\\\/recursos-gratis\\\/seminarios-web-gratis\\\/webinar-formulario-433a\\\/#breadcrumb\",\"itemListElement\":[{\"@type\":\"ListItem\",\"position\":1,\"name\":\"Home\",\"item\":\"https:\\\/\\\/taxhelplaw.com\\\/sptax\\\/\"},{\"@type\":\"ListItem\",\"position\":2,\"name\":\"Recursos Gratis\",\"item\":\"https:\\\/\\\/taxhelplaw.com\\\/sptax\\\/recursos-gratis\\\/\"},{\"@type\":\"ListItem\",\"position\":3,\"name\":\"Seminarios Web Gratis\",\"item\":\"https:\\\/\\\/taxhelplaw.com\\\/sptax\\\/recursos-gratis\\\/seminarios-web-gratis\\\/\"},{\"@type\":\"ListItem\",\"position\":4,\"name\":\"Webinar &#8211; Formulario 433A\"}]},{\"@type\":\"WebSite\",\"@id\":\"https:\\\/\\\/taxhelplaw.com\\\/sptax\\\/#website\",\"url\":\"https:\\\/\\\/taxhelplaw.com\\\/sptax\\\/\",\"name\":\"J. David Hopkins, JD LLM\",\"description\":\"Maestr\u00eda en Derecho Tributario\",\"publisher\":{\"@id\":\"https:\\\/\\\/taxhelplaw.com\\\/sptax\\\/#organization\"},\"alternateName\":\"TaxHelpLaw en Espa\u00f1ol\",\"potentialAction\":[{\"@type\":\"SearchAction\",\"target\":{\"@type\":\"EntryPoint\",\"urlTemplate\":\"https:\\\/\\\/taxhelplaw.com\\\/sptax\\\/?s={search_term_string}\"},\"query-input\":{\"@type\":\"PropertyValueSpecification\",\"valueRequired\":true,\"valueName\":\"search_term_string\"}}],\"inLanguage\":\"es\"},{\"@type\":\"Organization\",\"@id\":\"https:\\\/\\\/taxhelplaw.com\\\/sptax\\\/#organization\",\"name\":\"TaxHelp, Inc.\",\"url\":\"https:\\\/\\\/taxhelplaw.com\\\/sptax\\\/\",\"logo\":{\"@type\":\"ImageObject\",\"inLanguage\":\"es\",\"@id\":\"https:\\\/\\\/taxhelplaw.com\\\/sptax\\\/#\\\/schema\\\/logo\\\/image\\\/\",\"url\":\"https:\\\/\\\/taxhelplaw.com\\\/sptax\\\/wp-content\\\/uploads\\\/2022\\\/01\\\/taxhelpenespanol.jpg\",\"contentUrl\":\"https:\\\/\\\/taxhelplaw.com\\\/sptax\\\/wp-content\\\/uploads\\\/2022\\\/01\\\/taxhelpenespanol.jpg\",\"width\":300,\"height\":101,\"caption\":\"TaxHelp, Inc.\"},\"image\":{\"@id\":\"https:\\\/\\\/taxhelplaw.com\\\/sptax\\\/#\\\/schema\\\/logo\\\/image\\\/\"}}]}<\/script>\n<!-- \/ Yoast SEO Premium plugin. -->","yoast_head_json":{"title":"Webinar - Formulario 433A - J. David Hopkins, JD LLM","robots":{"index":"index","follow":"follow","max-snippet":"max-snippet:-1","max-image-preview":"max-image-preview:large","max-video-preview":"max-video-preview:-1"},"canonical":"https:\/\/taxhelplaw.com\/sptax\/recursos-gratis\/seminarios-web-gratis\/webinar-formulario-433a\/","og_locale":"es_MX","og_type":"article","og_title":"Webinar - Formulario 433A","og_description":"Tome este Webinar para aprender a completar el Formulario 433A de la manera que el IRS quiere. Puede ser dif\u00edcil y hay que hacerlo cuidadosamente, por eso el abogado de impuestos, el Lic. Hopkins, le muestra c\u00f3mo hacerlo para ganar. Baje el Formulario 433A aqu\u00ed. Impr\u00edmalo y ll\u00e9nelo a mano con l\u00e1piz para que lo [&hellip;]","og_url":"https:\/\/taxhelplaw.com\/sptax\/recursos-gratis\/seminarios-web-gratis\/webinar-formulario-433a\/","og_site_name":"J. David Hopkins, JD LLM","article_modified_time":"2023-02-24T18:47:48+00:00","twitter_card":"summary_large_image","twitter_misc":{"Tiempo de lectura":"1 minuto"},"schema":{"@context":"https:\/\/schema.org","@graph":[{"@type":"WebPage","@id":"https:\/\/taxhelplaw.com\/sptax\/recursos-gratis\/seminarios-web-gratis\/webinar-formulario-433a\/","url":"https:\/\/taxhelplaw.com\/sptax\/recursos-gratis\/seminarios-web-gratis\/webinar-formulario-433a\/","name":"Webinar - Formulario 433A - J. David Hopkins, JD LLM","isPartOf":{"@id":"https:\/\/taxhelplaw.com\/sptax\/#website"},"datePublished":"2023-01-06T15:46:32+00:00","dateModified":"2023-02-24T18:47:48+00:00","breadcrumb":{"@id":"https:\/\/taxhelplaw.com\/sptax\/recursos-gratis\/seminarios-web-gratis\/webinar-formulario-433a\/#breadcrumb"},"inLanguage":"es","potentialAction":[{"@type":"ReadAction","target":["https:\/\/taxhelplaw.com\/sptax\/recursos-gratis\/seminarios-web-gratis\/webinar-formulario-433a\/"]}]},{"@type":"BreadcrumbList","@id":"https:\/\/taxhelplaw.com\/sptax\/recursos-gratis\/seminarios-web-gratis\/webinar-formulario-433a\/#breadcrumb","itemListElement":[{"@type":"ListItem","position":1,"name":"Home","item":"https:\/\/taxhelplaw.com\/sptax\/"},{"@type":"ListItem","position":2,"name":"Recursos Gratis","item":"https:\/\/taxhelplaw.com\/sptax\/recursos-gratis\/"},{"@type":"ListItem","position":3,"name":"Seminarios Web Gratis","item":"https:\/\/taxhelplaw.com\/sptax\/recursos-gratis\/seminarios-web-gratis\/"},{"@type":"ListItem","position":4,"name":"Webinar &#8211; Formulario 433A"}]},{"@type":"WebSite","@id":"https:\/\/taxhelplaw.com\/sptax\/#website","url":"https:\/\/taxhelplaw.com\/sptax\/","name":"J. David Hopkins, JD LLM","description":"Maestr\u00eda en Derecho Tributario","publisher":{"@id":"https:\/\/taxhelplaw.com\/sptax\/#organization"},"alternateName":"TaxHelpLaw en Espa\u00f1ol","potentialAction":[{"@type":"SearchAction","target":{"@type":"EntryPoint","urlTemplate":"https:\/\/taxhelplaw.com\/sptax\/?s={search_term_string}"},"query-input":{"@type":"PropertyValueSpecification","valueRequired":true,"valueName":"search_term_string"}}],"inLanguage":"es"},{"@type":"Organization","@id":"https:\/\/taxhelplaw.com\/sptax\/#organization","name":"TaxHelp, Inc.","url":"https:\/\/taxhelplaw.com\/sptax\/","logo":{"@type":"ImageObject","inLanguage":"es","@id":"https:\/\/taxhelplaw.com\/sptax\/#\/schema\/logo\/image\/","url":"https:\/\/taxhelplaw.com\/sptax\/wp-content\/uploads\/2022\/01\/taxhelpenespanol.jpg","contentUrl":"https:\/\/taxhelplaw.com\/sptax\/wp-content\/uploads\/2022\/01\/taxhelpenespanol.jpg","width":300,"height":101,"caption":"TaxHelp, Inc."},"image":{"@id":"https:\/\/taxhelplaw.com\/sptax\/#\/schema\/logo\/image\/"}}]}},"jetpack_sharing_enabled":true,"_links":{"self":[{"href":"https:\/\/taxhelplaw.com\/sptax\/wp-json\/wp\/v2\/pages\/5107","targetHints":{"allow":["GET"]}}],"collection":[{"href":"https:\/\/taxhelplaw.com\/sptax\/wp-json\/wp\/v2\/pages"}],"about":[{"href":"https:\/\/taxhelplaw.com\/sptax\/wp-json\/wp\/v2\/types\/page"}],"author":[{"embeddable":true,"href":"https:\/\/taxhelplaw.com\/sptax\/wp-json\/wp\/v2\/users\/1"}],"replies":[{"embeddable":true,"href":"https:\/\/taxhelplaw.com\/sptax\/wp-json\/wp\/v2\/comments?post=5107"}],"version-history":[{"count":7,"href":"https:\/\/taxhelplaw.com\/sptax\/wp-json\/wp\/v2\/pages\/5107\/revisions"}],"predecessor-version":[{"id":7385,"href":"https:\/\/taxhelplaw.com\/sptax\/wp-json\/wp\/v2\/pages\/5107\/revisions\/7385"}],"up":[{"embeddable":true,"href":"https:\/\/taxhelplaw.com\/sptax\/wp-json\/wp\/v2\/pages\/5090"}],"wp:attachment":[{"href":"https:\/\/taxhelplaw.com\/sptax\/wp-json\/wp\/v2\/media?parent=5107"}],"curies":[{"name":"wp","href":"https:\/\/api.w.org\/{rel}","templated":true}]}}