{"id":5090,"date":"2023-01-03T22:43:17","date_gmt":"2023-01-03T22:43:17","guid":{"rendered":"https:\/\/taxhelplaw.com\/sptax\/?page_id=5090"},"modified":"2023-02-24T04:23:07","modified_gmt":"2023-02-24T04:23:07","slug":"seminarios-web-gratis","status":"publish","type":"page","link":"https:\/\/taxhelplaw.com\/sptax\/recursos-gratis\/seminarios-web-gratis\/","title":{"rendered":"Seminarios Web Gratis"},"content":{"rendered":"<div>Vea la p\u00e1gina <a href=\"https:\/\/taxhelplaw.com\/sptax\/soluciones\/cobros\/\">Cobros<\/a> para m\u00e1s informaci\u00f3n.<\/div>\n<div>Elija el formulario correcto:<\/div>\n<p class=\"one-third first\"><a href=\"https:\/\/taxhelplaw.com\/sptax\/recursos-gratis\/seminarios-web-gratis\/webinar-form-433f\/\" rel=\"noopener\"><img loading=\"lazy\" decoding=\"async\" class=\"alignleft size-full wp-image-164 pulsehover\" src=\"https:\/\/taxhelplaw.com\/sptax\/wp-content\/uploads\/2023\/01\/TaxHelpLogoSmaller.jpg\" alt=\"TaxHelp-IconoTH\" width=\"49\" height=\"49\" \/><\/a><\/p>\n<p class=\"one-third\"><a href=\"https:\/\/taxhelplaw.com\/sptax\/recursos-gratis\/seminarios-web-gratis\/webinar-formulario-433a\/\" rel=\"noopener\"><img loading=\"lazy\" decoding=\"async\" class=\"alignleft size-full wp-image-164 pulsehover\" src=\"https:\/\/taxhelplaw.com\/sptax\/wp-content\/uploads\/2023\/01\/TaxHelpLogoSmaller.jpg\" alt=\"TaxHelp-IconoTH\" width=\"49\" height=\"49\" \/><\/a><\/p>\n<p class=\"one-third\"><a href=\"https:\/\/taxhelplaw.com\/sptax\/recursos-gratis\/seminarios-web-gratis\/webinar-formulario-433b\/\" rel=\"noopener\"><img loading=\"lazy\" decoding=\"async\" class=\"alignleft size-full wp-image-164 pulsehover\" src=\"https:\/\/taxhelplaw.com\/sptax\/wp-content\/uploads\/2023\/01\/TaxHelpLogoSmaller.jpg\" alt=\"TaxHelp-IconoTH\" width=\"49\" height=\"49\" \/><\/a><\/p>\n<p class=\"one-third first\">433F<\/p>\n<p class=\"one-third\">433A<\/p>\n<p class=\"one-third\">433B<\/p>\n<div class=\"one-third first\">El formulario 433F es para casos de cobro de rutina del IRS y generalmente se puede usar para establecer un acuerdo o negociar una apelaci\u00f3n. Aprenda a completar este formulario a su favor<\/div>\n<div class=\"one-third\">El Formulario 433A se usa para una divulgaci\u00f3n m\u00e1s detallada o para probar detalles espec\u00edficos de su caso para llegar a un mejor acuerdo. Aprenda c\u00f3mo completar este formulario para \u00a1la m\u00e1xima ventaja!<\/div>\n<div class=\"one-third\">Las empresas utilizan el Formulario 433B para revelar las finanzas al IRS. Utilice este formulario para un acuerdo o para negociar varias Apelaciones.<\/div>\n","protected":false},"excerpt":{"rendered":"<p>Vea la p\u00e1gina Cobros para m\u00e1s informaci\u00f3n. Elija el formulario correcto: 433F 433A 433B El formulario 433F es para casos de cobro de rutina del IRS y generalmente se puede usar para establecer un acuerdo o negociar una apelaci\u00f3n. Aprenda a completar este formulario a su favor El Formulario 433A se usa para una divulgaci\u00f3n [&hellip;]<\/p>\n","protected":false},"author":1,"featured_media":0,"parent":4399,"menu_order":19,"comment_status":"closed","ping_status":"closed","template":"","meta":{"_genesis_hide_title":false,"_genesis_hide_breadcrumbs":false,"_genesis_hide_singular_image":false,"_genesis_hide_footer_widgets":false,"_genesis_custom_body_class":"","_genesis_custom_post_class":"","_genesis_layout":"full-width-content","footnotes":""},"class_list":{"0":"post-5090","1":"page","2":"type-page","3":"status-publish","5":"entry"},"yoast_head":"<!-- This site is optimized with the Yoast SEO Premium plugin v27.0 (Yoast SEO v27.4) - https:\/\/yoast.com\/product\/yoast-seo-premium-wordpress\/ -->\n<title>Seminarios Web Gratis - J. David Hopkins, JD LLM<\/title>\n<meta name=\"robots\" content=\"index, follow, max-snippet:-1, max-image-preview:large, max-video-preview:-1\" \/>\n<link rel=\"canonical\" href=\"https:\/\/taxhelplaw.com\/sptax\/recursos-gratis\/seminarios-web-gratis\/\" \/>\n<meta property=\"og:locale\" content=\"es_MX\" \/>\n<meta property=\"og:type\" content=\"article\" \/>\n<meta property=\"og:title\" content=\"Seminarios Web Gratis\" \/>\n<meta property=\"og:description\" content=\"Vea la p\u00e1gina Cobros para m\u00e1s informaci\u00f3n. Elija el formulario correcto: 433F 433A 433B El formulario 433F es para casos de cobro de rutina del IRS y generalmente se puede usar para establecer un acuerdo o negociar una apelaci\u00f3n. Aprenda a completar este formulario a su favor El Formulario 433A se usa para una divulgaci\u00f3n [&hellip;]\" \/>\n<meta property=\"og:url\" content=\"https:\/\/taxhelplaw.com\/sptax\/recursos-gratis\/seminarios-web-gratis\/\" \/>\n<meta property=\"og:site_name\" content=\"J. David Hopkins, JD LLM\" \/>\n<meta property=\"article:modified_time\" content=\"2023-02-24T04:23:07+00:00\" \/>\n<meta property=\"og:image\" content=\"https:\/\/taxhelplaw.com\/sptax\/wp-content\/uploads\/2023\/01\/TaxHelpLogoSmaller.jpg\" \/>\n<meta name=\"twitter:card\" content=\"summary_large_image\" \/>\n<meta name=\"twitter:label1\" content=\"Tiempo de lectura\" \/>\n\t<meta name=\"twitter:data1\" content=\"2 minutos\" \/>\n<script type=\"application\/ld+json\" class=\"yoast-schema-graph\">{\"@context\":\"https:\\\/\\\/schema.org\",\"@graph\":[{\"@type\":\"WebPage\",\"@id\":\"https:\\\/\\\/taxhelplaw.com\\\/sptax\\\/recursos-gratis\\\/seminarios-web-gratis\\\/\",\"url\":\"https:\\\/\\\/taxhelplaw.com\\\/sptax\\\/recursos-gratis\\\/seminarios-web-gratis\\\/\",\"name\":\"Seminarios Web Gratis - J. David Hopkins, JD LLM\",\"isPartOf\":{\"@id\":\"https:\\\/\\\/taxhelplaw.com\\\/sptax\\\/#website\"},\"primaryImageOfPage\":{\"@id\":\"https:\\\/\\\/taxhelplaw.com\\\/sptax\\\/recursos-gratis\\\/seminarios-web-gratis\\\/#primaryimage\"},\"image\":{\"@id\":\"https:\\\/\\\/taxhelplaw.com\\\/sptax\\\/recursos-gratis\\\/seminarios-web-gratis\\\/#primaryimage\"},\"thumbnailUrl\":\"https:\\\/\\\/taxhelplaw.com\\\/sptax\\\/wp-content\\\/uploads\\\/2023\\\/01\\\/TaxHelpLogoSmaller.jpg\",\"datePublished\":\"2023-01-03T22:43:17+00:00\",\"dateModified\":\"2023-02-24T04:23:07+00:00\",\"breadcrumb\":{\"@id\":\"https:\\\/\\\/taxhelplaw.com\\\/sptax\\\/recursos-gratis\\\/seminarios-web-gratis\\\/#breadcrumb\"},\"inLanguage\":\"es\",\"potentialAction\":[{\"@type\":\"ReadAction\",\"target\":[\"https:\\\/\\\/taxhelplaw.com\\\/sptax\\\/recursos-gratis\\\/seminarios-web-gratis\\\/\"]}]},{\"@type\":\"ImageObject\",\"inLanguage\":\"es\",\"@id\":\"https:\\\/\\\/taxhelplaw.com\\\/sptax\\\/recursos-gratis\\\/seminarios-web-gratis\\\/#primaryimage\",\"url\":\"https:\\\/\\\/taxhelplaw.com\\\/sptax\\\/wp-content\\\/uploads\\\/2023\\\/01\\\/TaxHelpLogoSmaller.jpg\",\"contentUrl\":\"https:\\\/\\\/taxhelplaw.com\\\/sptax\\\/wp-content\\\/uploads\\\/2023\\\/01\\\/TaxHelpLogoSmaller.jpg\",\"width\":49,\"height\":49},{\"@type\":\"BreadcrumbList\",\"@id\":\"https:\\\/\\\/taxhelplaw.com\\\/sptax\\\/recursos-gratis\\\/seminarios-web-gratis\\\/#breadcrumb\",\"itemListElement\":[{\"@type\":\"ListItem\",\"position\":1,\"name\":\"Home\",\"item\":\"https:\\\/\\\/taxhelplaw.com\\\/sptax\\\/\"},{\"@type\":\"ListItem\",\"position\":2,\"name\":\"Recursos Gratis\",\"item\":\"https:\\\/\\\/taxhelplaw.com\\\/sptax\\\/recursos-gratis\\\/\"},{\"@type\":\"ListItem\",\"position\":3,\"name\":\"Seminarios Web Gratis\"}]},{\"@type\":\"WebSite\",\"@id\":\"https:\\\/\\\/taxhelplaw.com\\\/sptax\\\/#website\",\"url\":\"https:\\\/\\\/taxhelplaw.com\\\/sptax\\\/\",\"name\":\"J. David Hopkins, JD LLM\",\"description\":\"Maestr\u00eda en Derecho Tributario\",\"publisher\":{\"@id\":\"https:\\\/\\\/taxhelplaw.com\\\/sptax\\\/#organization\"},\"alternateName\":\"TaxHelpLaw en Espa\u00f1ol\",\"potentialAction\":[{\"@type\":\"SearchAction\",\"target\":{\"@type\":\"EntryPoint\",\"urlTemplate\":\"https:\\\/\\\/taxhelplaw.com\\\/sptax\\\/?s={search_term_string}\"},\"query-input\":{\"@type\":\"PropertyValueSpecification\",\"valueRequired\":true,\"valueName\":\"search_term_string\"}}],\"inLanguage\":\"es\"},{\"@type\":\"Organization\",\"@id\":\"https:\\\/\\\/taxhelplaw.com\\\/sptax\\\/#organization\",\"name\":\"TaxHelp, Inc.\",\"url\":\"https:\\\/\\\/taxhelplaw.com\\\/sptax\\\/\",\"logo\":{\"@type\":\"ImageObject\",\"inLanguage\":\"es\",\"@id\":\"https:\\\/\\\/taxhelplaw.com\\\/sptax\\\/#\\\/schema\\\/logo\\\/image\\\/\",\"url\":\"https:\\\/\\\/taxhelplaw.com\\\/sptax\\\/wp-content\\\/uploads\\\/2022\\\/01\\\/taxhelpenespanol.jpg\",\"contentUrl\":\"https:\\\/\\\/taxhelplaw.com\\\/sptax\\\/wp-content\\\/uploads\\\/2022\\\/01\\\/taxhelpenespanol.jpg\",\"width\":300,\"height\":101,\"caption\":\"TaxHelp, Inc.\"},\"image\":{\"@id\":\"https:\\\/\\\/taxhelplaw.com\\\/sptax\\\/#\\\/schema\\\/logo\\\/image\\\/\"}}]}<\/script>\n<!-- \/ Yoast SEO Premium plugin. -->","yoast_head_json":{"title":"Seminarios Web Gratis - J. David Hopkins, JD LLM","robots":{"index":"index","follow":"follow","max-snippet":"max-snippet:-1","max-image-preview":"max-image-preview:large","max-video-preview":"max-video-preview:-1"},"canonical":"https:\/\/taxhelplaw.com\/sptax\/recursos-gratis\/seminarios-web-gratis\/","og_locale":"es_MX","og_type":"article","og_title":"Seminarios Web Gratis","og_description":"Vea la p\u00e1gina Cobros para m\u00e1s informaci\u00f3n. Elija el formulario correcto: 433F 433A 433B El formulario 433F es para casos de cobro de rutina del IRS y generalmente se puede usar para establecer un acuerdo o negociar una apelaci\u00f3n. Aprenda a completar este formulario a su favor El Formulario 433A se usa para una divulgaci\u00f3n [&hellip;]","og_url":"https:\/\/taxhelplaw.com\/sptax\/recursos-gratis\/seminarios-web-gratis\/","og_site_name":"J. David Hopkins, JD LLM","article_modified_time":"2023-02-24T04:23:07+00:00","og_image":[{"url":"https:\/\/taxhelplaw.com\/sptax\/wp-content\/uploads\/2023\/01\/TaxHelpLogoSmaller.jpg","type":"","width":"","height":""}],"twitter_card":"summary_large_image","twitter_misc":{"Tiempo de lectura":"2 minutos"},"schema":{"@context":"https:\/\/schema.org","@graph":[{"@type":"WebPage","@id":"https:\/\/taxhelplaw.com\/sptax\/recursos-gratis\/seminarios-web-gratis\/","url":"https:\/\/taxhelplaw.com\/sptax\/recursos-gratis\/seminarios-web-gratis\/","name":"Seminarios Web Gratis - J. David Hopkins, JD LLM","isPartOf":{"@id":"https:\/\/taxhelplaw.com\/sptax\/#website"},"primaryImageOfPage":{"@id":"https:\/\/taxhelplaw.com\/sptax\/recursos-gratis\/seminarios-web-gratis\/#primaryimage"},"image":{"@id":"https:\/\/taxhelplaw.com\/sptax\/recursos-gratis\/seminarios-web-gratis\/#primaryimage"},"thumbnailUrl":"https:\/\/taxhelplaw.com\/sptax\/wp-content\/uploads\/2023\/01\/TaxHelpLogoSmaller.jpg","datePublished":"2023-01-03T22:43:17+00:00","dateModified":"2023-02-24T04:23:07+00:00","breadcrumb":{"@id":"https:\/\/taxhelplaw.com\/sptax\/recursos-gratis\/seminarios-web-gratis\/#breadcrumb"},"inLanguage":"es","potentialAction":[{"@type":"ReadAction","target":["https:\/\/taxhelplaw.com\/sptax\/recursos-gratis\/seminarios-web-gratis\/"]}]},{"@type":"ImageObject","inLanguage":"es","@id":"https:\/\/taxhelplaw.com\/sptax\/recursos-gratis\/seminarios-web-gratis\/#primaryimage","url":"https:\/\/taxhelplaw.com\/sptax\/wp-content\/uploads\/2023\/01\/TaxHelpLogoSmaller.jpg","contentUrl":"https:\/\/taxhelplaw.com\/sptax\/wp-content\/uploads\/2023\/01\/TaxHelpLogoSmaller.jpg","width":49,"height":49},{"@type":"BreadcrumbList","@id":"https:\/\/taxhelplaw.com\/sptax\/recursos-gratis\/seminarios-web-gratis\/#breadcrumb","itemListElement":[{"@type":"ListItem","position":1,"name":"Home","item":"https:\/\/taxhelplaw.com\/sptax\/"},{"@type":"ListItem","position":2,"name":"Recursos Gratis","item":"https:\/\/taxhelplaw.com\/sptax\/recursos-gratis\/"},{"@type":"ListItem","position":3,"name":"Seminarios Web Gratis"}]},{"@type":"WebSite","@id":"https:\/\/taxhelplaw.com\/sptax\/#website","url":"https:\/\/taxhelplaw.com\/sptax\/","name":"J. David Hopkins, JD LLM","description":"Maestr\u00eda en Derecho Tributario","publisher":{"@id":"https:\/\/taxhelplaw.com\/sptax\/#organization"},"alternateName":"TaxHelpLaw en Espa\u00f1ol","potentialAction":[{"@type":"SearchAction","target":{"@type":"EntryPoint","urlTemplate":"https:\/\/taxhelplaw.com\/sptax\/?s={search_term_string}"},"query-input":{"@type":"PropertyValueSpecification","valueRequired":true,"valueName":"search_term_string"}}],"inLanguage":"es"},{"@type":"Organization","@id":"https:\/\/taxhelplaw.com\/sptax\/#organization","name":"TaxHelp, Inc.","url":"https:\/\/taxhelplaw.com\/sptax\/","logo":{"@type":"ImageObject","inLanguage":"es","@id":"https:\/\/taxhelplaw.com\/sptax\/#\/schema\/logo\/image\/","url":"https:\/\/taxhelplaw.com\/sptax\/wp-content\/uploads\/2022\/01\/taxhelpenespanol.jpg","contentUrl":"https:\/\/taxhelplaw.com\/sptax\/wp-content\/uploads\/2022\/01\/taxhelpenespanol.jpg","width":300,"height":101,"caption":"TaxHelp, Inc."},"image":{"@id":"https:\/\/taxhelplaw.com\/sptax\/#\/schema\/logo\/image\/"}}]}},"jetpack_sharing_enabled":true,"_links":{"self":[{"href":"https:\/\/taxhelplaw.com\/sptax\/wp-json\/wp\/v2\/pages\/5090","targetHints":{"allow":["GET"]}}],"collection":[{"href":"https:\/\/taxhelplaw.com\/sptax\/wp-json\/wp\/v2\/pages"}],"about":[{"href":"https:\/\/taxhelplaw.com\/sptax\/wp-json\/wp\/v2\/types\/page"}],"author":[{"embeddable":true,"href":"https:\/\/taxhelplaw.com\/sptax\/wp-json\/wp\/v2\/users\/1"}],"replies":[{"embeddable":true,"href":"https:\/\/taxhelplaw.com\/sptax\/wp-json\/wp\/v2\/comments?post=5090"}],"version-history":[{"count":18,"href":"https:\/\/taxhelplaw.com\/sptax\/wp-json\/wp\/v2\/pages\/5090\/revisions"}],"predecessor-version":[{"id":7112,"href":"https:\/\/taxhelplaw.com\/sptax\/wp-json\/wp\/v2\/pages\/5090\/revisions\/7112"}],"up":[{"embeddable":true,"href":"https:\/\/taxhelplaw.com\/sptax\/wp-json\/wp\/v2\/pages\/4399"}],"wp:attachment":[{"href":"https:\/\/taxhelplaw.com\/sptax\/wp-json\/wp\/v2\/media?parent=5090"}],"curies":[{"name":"wp","href":"https:\/\/api.w.org\/{rel}","templated":true}]}}