{"id":501,"date":"2015-02-08T05:34:39","date_gmt":"2015-02-08T05:34:39","guid":{"rendered":"http:\/\/taxhelplaw.com\/sp\/?page_id=501"},"modified":"2022-12-03T09:25:11","modified_gmt":"2022-12-03T09:25:11","slug":"aviso-cp81","status":"publish","type":"page","link":"https:\/\/taxhelplaw.com\/sptax\/soluciones\/pasos-de-casos-solicitud-de-declaracion\/aviso-cp81\/","title":{"rendered":"Aviso CP81"},"content":{"rendered":"<p>El Aviso CP81 \"Nosotros no hemos recibido su declaraci\u00f3n de impuestos para el per\u00edodo tributario indicado arriba\" es similar al <a title=\"Aviso CP80\" href=\"\/\/taxhelplaw.com\/sptax\/soluciones\/pasos-de-casos-solicitud-de-declaracion\/aviso-cp80\/\"><strong>CP80<\/strong><\/a>. El <a href=\"https:\/\/www.irs.gov\/es\/individuals\/understanding-your-irs-notice-or-letter\" target=\"_blank\" rel=\"noopener\">IRS<\/a> lo invita a presentar su declaraci\u00f3n de impuestos porque usted tiene dinero en su cuenta. Implica que usted recibir\u00e1 un reembolso. Si no presenta la declaraci\u00f3n dentro del periodo de tiempo correspondiente (3 a\u00f1os), perder\u00e1 el reembolso y cr\u00e9dito por otros impuestos que deba.<\/p>\n<p>Dependiendo de los datos y periodos relacionados con el asunto, es mejor no apurarse a presentar la declaraci\u00f3n de impuesto sin revisar la informaci\u00f3n del IRS primero. Tenemos que considerar sus opciones, especialmente porque el IRS puede usar su reembolso para pagar otros impuestos, pr\u00e9stamos estudiantiles, etc.<\/p>\n<p>Llame al IRS al 1-800-829-1040 y pida las transcripciones de su cuenta y tambi\u00e9n de salario e ingreso de todos los periodos (antes, durante, y despu\u00e9s del a\u00f1o en cuesti\u00f3n). Tambi\u00e9n las transcripciones se pueden ordenar <a href=\"https:\/\/www.irs.gov\/es\/individuals\/get-transcript\" target=\"_blank\" rel=\"noopener\">online<\/a>.<\/p>\n<p>Si ha recibido el Aviso CP81 por favor vea los <a title=\"Pasos de Casos \u2013 Solicitud de declaraci\u00f3n\" href=\"\/\/taxhelplaw.com\/sptax\/soluciones\/pasos-de-casos-solicitud-de-declaracion\/\"><strong>Pasos de Casos<\/strong><\/a> y p\u00f3ngase en contacto con nuestro abogado fiscal, el Lic. Hopkins, si tiene dudas.<\/p>\n<p><a title=\"Pasos de Casos \u2013 Solicitud de declaraci\u00f3n\" href=\"\/\/taxhelplaw.com\/sptax\/soluciones\/pasos-de-casos-solicitud-de-declaracion\/\"><img loading=\"lazy\" decoding=\"async\" class=\"alignleft size-full wp-image-1341\" src=\"\/sptax\/wp-content\/uploads\/2015\/02\/Aviso-CP81-1.jpg\" alt=\"Aviso CP81\" width=\"1246\" height=\"1666\" \/><\/a><\/p>\n<p><a href=\"https:\/\/taxhelplaw.com\/sptax\/sample-page-2\/contactenos\/\"><img loading=\"lazy\" decoding=\"async\" class=\"aligncenter size-full wp-image-3464\" title=\"Aviso CP81 del IRS\" src=\"https:\/\/taxhelplaw.com\/sptax\/wp-content\/uploads\/2022\/01\/taxhelpenespanol.jpg\" alt=\"Aviso CP81 del IRS. Abogado de derecho fiscal en Colorado Springs. Abogado de impuestos en Colorado Springs\" width=\"300\" height=\"101\" \/><\/a><\/p>\n","protected":false},"excerpt":{"rendered":"<p>El Aviso CP81 &#8220;Nosotros no hemos recibido su declaraci\u00f3n de impuestos para el per\u00edodo tributario indicado arriba&#8221; es similar al CP80. El IRS lo invita a presentar su declaraci\u00f3n de impuestos porque usted tiene dinero en su cuenta. Implica que usted recibir\u00e1 un reembolso. Si no presenta la declaraci\u00f3n dentro del periodo de tiempo correspondiente [&hellip;]<\/p>\n","protected":false},"author":1,"featured_media":0,"parent":262,"menu_order":14,"comment_status":"closed","ping_status":"closed","template":"","meta":{"_genesis_hide_title":false,"_genesis_hide_breadcrumbs":false,"_genesis_hide_singular_image":false,"_genesis_hide_footer_widgets":false,"_genesis_custom_body_class":"","_genesis_custom_post_class":"","_genesis_layout":"","footnotes":""},"class_list":{"0":"post-501","1":"page","2":"type-page","3":"status-publish","5":"entry"},"yoast_head":"<!-- This site is optimized with the Yoast SEO Premium plugin v27.0 (Yoast SEO v27.4) - https:\/\/yoast.com\/product\/yoast-seo-premium-wordpress\/ -->\n<title>Aviso CP81. No pierda su reembolso por no pagar - TaxHelpLaw<\/title>\n<meta name=\"description\" content=\"Aviso CP81 del IRS: le dice que usted tiene dinero en su cuenta tributaria pero no ha presentado su declaraci\u00f3n. Consideraremos sus opciones.\" \/>\n<meta name=\"robots\" content=\"index, follow, max-snippet:-1, max-image-preview:large, max-video-preview:-1\" \/>\n<link rel=\"canonical\" href=\"https:\/\/taxhelplaw.com\/sptax\/soluciones\/pasos-de-casos-solicitud-de-declaracion\/aviso-cp81\/\" \/>\n<meta property=\"og:locale\" content=\"es_MX\" \/>\n<meta property=\"og:type\" content=\"article\" \/>\n<meta property=\"og:title\" content=\"Aviso CP81\" \/>\n<meta property=\"og:description\" content=\"Aviso CP81 del IRS: le dice que usted tiene dinero en su cuenta tributaria pero no ha presentado su declaraci\u00f3n. Consideraremos sus opciones.\" \/>\n<meta property=\"og:url\" content=\"https:\/\/taxhelplaw.com\/sptax\/soluciones\/pasos-de-casos-solicitud-de-declaracion\/aviso-cp81\/\" \/>\n<meta property=\"og:site_name\" content=\"J. David Hopkins, JD LLM\" \/>\n<meta property=\"article:modified_time\" content=\"2022-12-03T09:25:11+00:00\" \/>\n<meta property=\"og:image\" content=\"https:\/\/taxhelplaw.com\/sptax\/wp-content\/uploads\/2022\/01\/taxhelpenespanol.jpg\" \/>\n<meta name=\"twitter:card\" content=\"summary_large_image\" \/>\n<meta name=\"twitter:label1\" content=\"Tiempo de lectura\" \/>\n\t<meta name=\"twitter:data1\" content=\"2 minutos\" \/>\n<script type=\"application\/ld+json\" class=\"yoast-schema-graph\">{\"@context\":\"https:\\\/\\\/schema.org\",\"@graph\":[{\"@type\":\"WebPage\",\"@id\":\"https:\\\/\\\/taxhelplaw.com\\\/sptax\\\/soluciones\\\/pasos-de-casos-solicitud-de-declaracion\\\/aviso-cp81\\\/\",\"url\":\"https:\\\/\\\/taxhelplaw.com\\\/sptax\\\/soluciones\\\/pasos-de-casos-solicitud-de-declaracion\\\/aviso-cp81\\\/\",\"name\":\"Aviso CP81. No pierda su reembolso por no pagar - TaxHelpLaw\",\"isPartOf\":{\"@id\":\"https:\\\/\\\/taxhelplaw.com\\\/sptax\\\/#website\"},\"primaryImageOfPage\":{\"@id\":\"https:\\\/\\\/taxhelplaw.com\\\/sptax\\\/soluciones\\\/pasos-de-casos-solicitud-de-declaracion\\\/aviso-cp81\\\/#primaryimage\"},\"image\":{\"@id\":\"https:\\\/\\\/taxhelplaw.com\\\/sptax\\\/soluciones\\\/pasos-de-casos-solicitud-de-declaracion\\\/aviso-cp81\\\/#primaryimage\"},\"thumbnailUrl\":\"https:\\\/\\\/taxhelplaw.com\\\/sptax\\\/wp-content\\\/uploads\\\/2022\\\/01\\\/taxhelpenespanol.jpg\",\"datePublished\":\"2015-02-08T05:34:39+00:00\",\"dateModified\":\"2022-12-03T09:25:11+00:00\",\"description\":\"Aviso CP81 del IRS: le dice que usted tiene dinero en su cuenta tributaria pero no ha presentado su declaraci\u00f3n. Consideraremos sus opciones.\",\"breadcrumb\":{\"@id\":\"https:\\\/\\\/taxhelplaw.com\\\/sptax\\\/soluciones\\\/pasos-de-casos-solicitud-de-declaracion\\\/aviso-cp81\\\/#breadcrumb\"},\"inLanguage\":\"es\",\"potentialAction\":[{\"@type\":\"ReadAction\",\"target\":[\"https:\\\/\\\/taxhelplaw.com\\\/sptax\\\/soluciones\\\/pasos-de-casos-solicitud-de-declaracion\\\/aviso-cp81\\\/\"]}]},{\"@type\":\"ImageObject\",\"inLanguage\":\"es\",\"@id\":\"https:\\\/\\\/taxhelplaw.com\\\/sptax\\\/soluciones\\\/pasos-de-casos-solicitud-de-declaracion\\\/aviso-cp81\\\/#primaryimage\",\"url\":\"https:\\\/\\\/taxhelplaw.com\\\/sptax\\\/wp-content\\\/uploads\\\/2022\\\/01\\\/taxhelpenespanol.jpg\",\"contentUrl\":\"https:\\\/\\\/taxhelplaw.com\\\/sptax\\\/wp-content\\\/uploads\\\/2022\\\/01\\\/taxhelpenespanol.jpg\",\"width\":300,\"height\":101},{\"@type\":\"BreadcrumbList\",\"@id\":\"https:\\\/\\\/taxhelplaw.com\\\/sptax\\\/soluciones\\\/pasos-de-casos-solicitud-de-declaracion\\\/aviso-cp81\\\/#breadcrumb\",\"itemListElement\":[{\"@type\":\"ListItem\",\"position\":1,\"name\":\"Home\",\"item\":\"https:\\\/\\\/taxhelplaw.com\\\/sptax\\\/\"},{\"@type\":\"ListItem\",\"position\":2,\"name\":\"Soluciones\",\"item\":\"https:\\\/\\\/taxhelplaw.com\\\/sptax\\\/soluciones\\\/\"},{\"@type\":\"ListItem\",\"position\":3,\"name\":\"Solicitud de declaraci\u00f3n\",\"item\":\"https:\\\/\\\/taxhelplaw.com\\\/sptax\\\/soluciones\\\/pasos-de-casos-solicitud-de-declaracion\\\/\"},{\"@type\":\"ListItem\",\"position\":4,\"name\":\"Aviso CP81\"}]},{\"@type\":\"WebSite\",\"@id\":\"https:\\\/\\\/taxhelplaw.com\\\/sptax\\\/#website\",\"url\":\"https:\\\/\\\/taxhelplaw.com\\\/sptax\\\/\",\"name\":\"J. David Hopkins, JD LLM\",\"description\":\"Maestr\u00eda en Derecho Tributario\",\"publisher\":{\"@id\":\"https:\\\/\\\/taxhelplaw.com\\\/sptax\\\/#organization\"},\"alternateName\":\"TaxHelpLaw en Espa\u00f1ol\",\"potentialAction\":[{\"@type\":\"SearchAction\",\"target\":{\"@type\":\"EntryPoint\",\"urlTemplate\":\"https:\\\/\\\/taxhelplaw.com\\\/sptax\\\/?s={search_term_string}\"},\"query-input\":{\"@type\":\"PropertyValueSpecification\",\"valueRequired\":true,\"valueName\":\"search_term_string\"}}],\"inLanguage\":\"es\"},{\"@type\":\"Organization\",\"@id\":\"https:\\\/\\\/taxhelplaw.com\\\/sptax\\\/#organization\",\"name\":\"TaxHelp, Inc.\",\"url\":\"https:\\\/\\\/taxhelplaw.com\\\/sptax\\\/\",\"logo\":{\"@type\":\"ImageObject\",\"inLanguage\":\"es\",\"@id\":\"https:\\\/\\\/taxhelplaw.com\\\/sptax\\\/#\\\/schema\\\/logo\\\/image\\\/\",\"url\":\"https:\\\/\\\/taxhelplaw.com\\\/sptax\\\/wp-content\\\/uploads\\\/2022\\\/01\\\/taxhelpenespanol.jpg\",\"contentUrl\":\"https:\\\/\\\/taxhelplaw.com\\\/sptax\\\/wp-content\\\/uploads\\\/2022\\\/01\\\/taxhelpenespanol.jpg\",\"width\":300,\"height\":101,\"caption\":\"TaxHelp, Inc.\"},\"image\":{\"@id\":\"https:\\\/\\\/taxhelplaw.com\\\/sptax\\\/#\\\/schema\\\/logo\\\/image\\\/\"}}]}<\/script>\n<!-- \/ Yoast SEO Premium plugin. -->","yoast_head_json":{"title":"Aviso CP81. No pierda su reembolso por no pagar - TaxHelpLaw","description":"Aviso CP81 del IRS: le dice que usted tiene dinero en su cuenta tributaria pero no ha presentado su declaraci\u00f3n. Consideraremos sus opciones.","robots":{"index":"index","follow":"follow","max-snippet":"max-snippet:-1","max-image-preview":"max-image-preview:large","max-video-preview":"max-video-preview:-1"},"canonical":"https:\/\/taxhelplaw.com\/sptax\/soluciones\/pasos-de-casos-solicitud-de-declaracion\/aviso-cp81\/","og_locale":"es_MX","og_type":"article","og_title":"Aviso CP81","og_description":"Aviso CP81 del IRS: le dice que usted tiene dinero en su cuenta tributaria pero no ha presentado su declaraci\u00f3n. Consideraremos sus opciones.","og_url":"https:\/\/taxhelplaw.com\/sptax\/soluciones\/pasos-de-casos-solicitud-de-declaracion\/aviso-cp81\/","og_site_name":"J. David Hopkins, JD LLM","article_modified_time":"2022-12-03T09:25:11+00:00","og_image":[{"url":"https:\/\/taxhelplaw.com\/sptax\/wp-content\/uploads\/2022\/01\/taxhelpenespanol.jpg","type":"","width":"","height":""}],"twitter_card":"summary_large_image","twitter_misc":{"Tiempo de lectura":"2 minutos"},"schema":{"@context":"https:\/\/schema.org","@graph":[{"@type":"WebPage","@id":"https:\/\/taxhelplaw.com\/sptax\/soluciones\/pasos-de-casos-solicitud-de-declaracion\/aviso-cp81\/","url":"https:\/\/taxhelplaw.com\/sptax\/soluciones\/pasos-de-casos-solicitud-de-declaracion\/aviso-cp81\/","name":"Aviso CP81. No pierda su reembolso por no pagar - TaxHelpLaw","isPartOf":{"@id":"https:\/\/taxhelplaw.com\/sptax\/#website"},"primaryImageOfPage":{"@id":"https:\/\/taxhelplaw.com\/sptax\/soluciones\/pasos-de-casos-solicitud-de-declaracion\/aviso-cp81\/#primaryimage"},"image":{"@id":"https:\/\/taxhelplaw.com\/sptax\/soluciones\/pasos-de-casos-solicitud-de-declaracion\/aviso-cp81\/#primaryimage"},"thumbnailUrl":"https:\/\/taxhelplaw.com\/sptax\/wp-content\/uploads\/2022\/01\/taxhelpenespanol.jpg","datePublished":"2015-02-08T05:34:39+00:00","dateModified":"2022-12-03T09:25:11+00:00","description":"Aviso CP81 del IRS: le dice que usted tiene dinero en su cuenta tributaria pero no ha presentado su declaraci\u00f3n. Consideraremos sus opciones.","breadcrumb":{"@id":"https:\/\/taxhelplaw.com\/sptax\/soluciones\/pasos-de-casos-solicitud-de-declaracion\/aviso-cp81\/#breadcrumb"},"inLanguage":"es","potentialAction":[{"@type":"ReadAction","target":["https:\/\/taxhelplaw.com\/sptax\/soluciones\/pasos-de-casos-solicitud-de-declaracion\/aviso-cp81\/"]}]},{"@type":"ImageObject","inLanguage":"es","@id":"https:\/\/taxhelplaw.com\/sptax\/soluciones\/pasos-de-casos-solicitud-de-declaracion\/aviso-cp81\/#primaryimage","url":"https:\/\/taxhelplaw.com\/sptax\/wp-content\/uploads\/2022\/01\/taxhelpenespanol.jpg","contentUrl":"https:\/\/taxhelplaw.com\/sptax\/wp-content\/uploads\/2022\/01\/taxhelpenespanol.jpg","width":300,"height":101},{"@type":"BreadcrumbList","@id":"https:\/\/taxhelplaw.com\/sptax\/soluciones\/pasos-de-casos-solicitud-de-declaracion\/aviso-cp81\/#breadcrumb","itemListElement":[{"@type":"ListItem","position":1,"name":"Home","item":"https:\/\/taxhelplaw.com\/sptax\/"},{"@type":"ListItem","position":2,"name":"Soluciones","item":"https:\/\/taxhelplaw.com\/sptax\/soluciones\/"},{"@type":"ListItem","position":3,"name":"Solicitud de declaraci\u00f3n","item":"https:\/\/taxhelplaw.com\/sptax\/soluciones\/pasos-de-casos-solicitud-de-declaracion\/"},{"@type":"ListItem","position":4,"name":"Aviso CP81"}]},{"@type":"WebSite","@id":"https:\/\/taxhelplaw.com\/sptax\/#website","url":"https:\/\/taxhelplaw.com\/sptax\/","name":"J. David Hopkins, JD LLM","description":"Maestr\u00eda en Derecho Tributario","publisher":{"@id":"https:\/\/taxhelplaw.com\/sptax\/#organization"},"alternateName":"TaxHelpLaw en Espa\u00f1ol","potentialAction":[{"@type":"SearchAction","target":{"@type":"EntryPoint","urlTemplate":"https:\/\/taxhelplaw.com\/sptax\/?s={search_term_string}"},"query-input":{"@type":"PropertyValueSpecification","valueRequired":true,"valueName":"search_term_string"}}],"inLanguage":"es"},{"@type":"Organization","@id":"https:\/\/taxhelplaw.com\/sptax\/#organization","name":"TaxHelp, Inc.","url":"https:\/\/taxhelplaw.com\/sptax\/","logo":{"@type":"ImageObject","inLanguage":"es","@id":"https:\/\/taxhelplaw.com\/sptax\/#\/schema\/logo\/image\/","url":"https:\/\/taxhelplaw.com\/sptax\/wp-content\/uploads\/2022\/01\/taxhelpenespanol.jpg","contentUrl":"https:\/\/taxhelplaw.com\/sptax\/wp-content\/uploads\/2022\/01\/taxhelpenespanol.jpg","width":300,"height":101,"caption":"TaxHelp, Inc."},"image":{"@id":"https:\/\/taxhelplaw.com\/sptax\/#\/schema\/logo\/image\/"}}]}},"jetpack_sharing_enabled":true,"_links":{"self":[{"href":"https:\/\/taxhelplaw.com\/sptax\/wp-json\/wp\/v2\/pages\/501","targetHints":{"allow":["GET"]}}],"collection":[{"href":"https:\/\/taxhelplaw.com\/sptax\/wp-json\/wp\/v2\/pages"}],"about":[{"href":"https:\/\/taxhelplaw.com\/sptax\/wp-json\/wp\/v2\/types\/page"}],"author":[{"embeddable":true,"href":"https:\/\/taxhelplaw.com\/sptax\/wp-json\/wp\/v2\/users\/1"}],"replies":[{"embeddable":true,"href":"https:\/\/taxhelplaw.com\/sptax\/wp-json\/wp\/v2\/comments?post=501"}],"version-history":[{"count":8,"href":"https:\/\/taxhelplaw.com\/sptax\/wp-json\/wp\/v2\/pages\/501\/revisions"}],"predecessor-version":[{"id":4598,"href":"https:\/\/taxhelplaw.com\/sptax\/wp-json\/wp\/v2\/pages\/501\/revisions\/4598"}],"up":[{"embeddable":true,"href":"https:\/\/taxhelplaw.com\/sptax\/wp-json\/wp\/v2\/pages\/262"}],"wp:attachment":[{"href":"https:\/\/taxhelplaw.com\/sptax\/wp-json\/wp\/v2\/media?parent=501"}],"curies":[{"name":"wp","href":"https:\/\/api.w.org\/{rel}","templated":true}]}}