{"id":483,"date":"2015-02-08T05:18:03","date_gmt":"2015-02-08T05:18:03","guid":{"rendered":"http:\/\/taxhelplaw.com\/sp\/?page_id=483"},"modified":"2023-04-12T04:47:32","modified_gmt":"2023-04-12T04:47:32","slug":"aviso-cp16","status":"publish","type":"page","link":"https:\/\/taxhelplaw.com\/sptax\/soluciones\/pasos-de-casos-errores-de-declaracion\/aviso-cp16\/","title":{"rendered":"Aviso CP16"},"content":{"rendered":"<p>Con el Aviso CP16 el IRS le informa que ha modificado su declaraci\u00f3n de impuestos porque ten\u00eda un error. A menudo se debe a cierta informaci\u00f3n que usted les dio, u obtuvieron de terceros como por ejemplo, su <a class=\"popup\" title=\"Formulario 1099INT\" href=\"\/\/www.irs.gov\/pub\/irs-pdf\/f1099int.pdf\" rel=\"noopener noreferrer\">Banco<\/a>, <a class=\"popup\" title=\"Formulario W-2\" href=\"\/\/www.irs.gov\/pub\/irs-pdf\/fw2.pdf\" rel=\"noopener noreferrer\">Empleador<\/a>, o <a class=\"popup\" title=\"Formulario 1098\" href=\"\/\/www.irs.gov\/pub\/irs-pdf\/f1098.pdf\" rel=\"noopener noreferrer\">Prestamista<\/a>. O tal vez su n\u00famero de seguridad social no estaba correcto. Esto aviso puede significar que usted recibir\u00e1 m\u00e1s dinero de lo pensaba. Este aviso es muy similar al Aviso <a title=\"Aviso CP711\" href=\"\/\/taxhelplaw.com\/sptax\/soluciones\/pasos-de-casos-errores-de-declaracion\/aviso-cp711\/\">CP711<\/a>.<\/p>\n<p>Si el aviso indica que usted va a recibir un reembolso, no se necesita responder pero si usted debe impuestos o si su reembolso ha sido reducido, hay que enterarse por qu\u00e9 ha sucedido. Encuentre la l\u00ednea, en su declaraci\u00f3n de impuesto, que han modificado a ver si el problema es obvio.<\/p>\n<p>Si usted no est\u00e1 de acuerdo con el IRS, vea los <a title=\"Pasos de Casos \u2013 Errores de Declaraci\u00f3n\" href=\"\/\/taxhelplaw.com\/sptax\/soluciones\/pasos-de-casos-errores-de-declaracion\/\">Pasos de Casos<\/a> para el Aviso CP16 y p\u00f3ngase en contacto con el Lic. Hopkins en Colorado Springs o Pueblo. Recuerde que solamente tiene 60 d\u00edas para responder.<\/p>\n<p>\u00a1Tenga cuidado con lo que le dice al IRS ya que lo pueden usar en su contra! No se sorprenda si despu\u00e9s de responder, usted recibe la <a title=\"Carta 86C\" href=\"\/\/taxhelplaw.com\/sptax\/soluciones\/pasos-de-casos-otros-problemas\/carta-86c\/\">Carta 86C<\/a> comunic\u00e1ndole que han transferido su caso a otra oficina. Tambi\u00e9n puede recibir la <a title=\"Carta 2645C\" href=\"\/\/taxhelplaw.com\/sptax\/soluciones\/pasos-de-casos-otros-problemas\/carta-2645c\/\">Carta 2645C<\/a> donde piden una pr\u00f3rroga de tiempo. Recuerde: no dependa del IRS, usted debe dar seguimiento al caso.<\/p>\n<div class=\"one-half first\">\n<h6>Versi\u00f3n en ingl\u00e9s:<\/h6>\n<\/div>\n<div class=\"one-half\"><a href=\"https:\/\/taxhelplaw.com\/sptax\/wp-content\/uploads\/2022\/10\/Notice.CP16.jpg\" class=\"popup\">Notice CP16<\/a><\/div>\n<p>&nbsp;<\/p>\n<div>\n<h6>Nuestra traducci\u00f3n al espa\u00f1ol:<\/h6>\n<\/div>\n<p><a href=\"https:\/\/taxhelplaw.com\/sptax\/soluciones\/pasos-de-casos-errores-de-declaracion\/\"><img loading=\"lazy\" decoding=\"async\" class=\"alignleft size-full wp-image-1309\" src=\"https:\/\/taxhelplaw.com\/sptax\/wp-content\/uploads\/2023\/04\/cp16enespanol.jpg\" alt=\"Aviso CP16\" width=\"1250\" height=\"1641\" \/><\/a><\/p>\n<p>  <a href=\"https:\/\/taxhelplaw.com\/sptax\/sample-page-2\/contactenos\/\"><img loading=\"lazy\" decoding=\"async\" class=\"aligncenter size-full wp-image-3464\" title=\"Aviso CP16 del IRS\" src=\"https:\/\/taxhelplaw.com\/sptax\/wp-content\/uploads\/2022\/01\/taxhelpenespanol.jpg\" alt=\"Aviso CP16 del IRS. Abogado de derecho fiscal en Colorado Springs. Abogado de impuestos en Colorado Springs\" width=\"300\" height=\"101\" \/><\/a><\/p>\n","protected":false},"excerpt":{"rendered":"<p>Con el Aviso CP16 el IRS le informa que ha modificado su declaraci\u00f3n de impuestos porque ten\u00eda un error. A menudo se debe a cierta informaci\u00f3n que usted les dio, u obtuvieron de terceros como por ejemplo, su Banco, Empleador, o Prestamista. O tal vez su n\u00famero de seguridad social no estaba correcto. Esto aviso [&hellip;]<\/p>\n","protected":false},"author":1,"featured_media":0,"parent":256,"menu_order":6,"comment_status":"closed","ping_status":"closed","template":"","meta":{"_genesis_hide_title":false,"_genesis_hide_breadcrumbs":false,"_genesis_hide_singular_image":false,"_genesis_hide_footer_widgets":false,"_genesis_custom_body_class":"","_genesis_custom_post_class":"","_genesis_layout":"","footnotes":""},"class_list":{"0":"post-483","1":"page","2":"type-page","3":"status-publish","5":"entry"},"yoast_head":"<!-- This site is optimized with the Yoast SEO Premium plugin v27.0 (Yoast SEO v27.3) - https:\/\/yoast.com\/product\/yoast-seo-premium-wordpress\/ -->\n<title>Aviso CP16 \u00a1Tiene 60 d\u00edas para responder, no se atrase! - TaxHelpLaw<\/title>\n<meta name=\"description\" content=\"Aviso CP16 del IRS: le explican que han modificado su declaraci\u00f3n de impuestos porque ten\u00eda un error. Estamos preparados para ayudarlo.\" \/>\n<meta name=\"robots\" content=\"index, follow, max-snippet:-1, max-image-preview:large, max-video-preview:-1\" \/>\n<link rel=\"canonical\" href=\"https:\/\/taxhelplaw.com\/sptax\/soluciones\/pasos-de-casos-errores-de-declaracion\/aviso-cp16\/\" \/>\n<meta property=\"og:locale\" content=\"es_MX\" \/>\n<meta property=\"og:type\" content=\"article\" \/>\n<meta property=\"og:title\" content=\"Aviso CP16\" \/>\n<meta property=\"og:description\" content=\"Aviso CP16 del IRS: le explican que han modificado su declaraci\u00f3n de impuestos porque ten\u00eda un error. Estamos preparados para ayudarlo.\" \/>\n<meta property=\"og:url\" content=\"https:\/\/taxhelplaw.com\/sptax\/soluciones\/pasos-de-casos-errores-de-declaracion\/aviso-cp16\/\" \/>\n<meta property=\"og:site_name\" content=\"J. David Hopkins, JD LLM\" \/>\n<meta property=\"article:modified_time\" content=\"2023-04-12T04:47:32+00:00\" \/>\n<meta property=\"og:image\" content=\"https:\/\/taxhelplaw.com\/sptax\/wp-content\/uploads\/2023\/04\/cp16enespanol.jpg\" \/>\n<meta name=\"twitter:card\" content=\"summary_large_image\" \/>\n<meta name=\"twitter:label1\" content=\"Tiempo de lectura\" \/>\n\t<meta name=\"twitter:data1\" content=\"2 minutos\" \/>\n<script type=\"application\/ld+json\" class=\"yoast-schema-graph\">{\"@context\":\"https:\\\/\\\/schema.org\",\"@graph\":[{\"@type\":\"WebPage\",\"@id\":\"https:\\\/\\\/taxhelplaw.com\\\/sptax\\\/soluciones\\\/pasos-de-casos-errores-de-declaracion\\\/aviso-cp16\\\/\",\"url\":\"https:\\\/\\\/taxhelplaw.com\\\/sptax\\\/soluciones\\\/pasos-de-casos-errores-de-declaracion\\\/aviso-cp16\\\/\",\"name\":\"Aviso CP16 \u00a1Tiene 60 d\u00edas para responder, no se atrase! - TaxHelpLaw\",\"isPartOf\":{\"@id\":\"https:\\\/\\\/taxhelplaw.com\\\/sptax\\\/#website\"},\"primaryImageOfPage\":{\"@id\":\"https:\\\/\\\/taxhelplaw.com\\\/sptax\\\/soluciones\\\/pasos-de-casos-errores-de-declaracion\\\/aviso-cp16\\\/#primaryimage\"},\"image\":{\"@id\":\"https:\\\/\\\/taxhelplaw.com\\\/sptax\\\/soluciones\\\/pasos-de-casos-errores-de-declaracion\\\/aviso-cp16\\\/#primaryimage\"},\"thumbnailUrl\":\"https:\\\/\\\/taxhelplaw.com\\\/sptax\\\/wp-content\\\/uploads\\\/2023\\\/04\\\/cp16enespanol.jpg\",\"datePublished\":\"2015-02-08T05:18:03+00:00\",\"dateModified\":\"2023-04-12T04:47:32+00:00\",\"description\":\"Aviso CP16 del IRS: le explican que han modificado su declaraci\u00f3n de impuestos porque ten\u00eda un error. Estamos preparados para ayudarlo.\",\"breadcrumb\":{\"@id\":\"https:\\\/\\\/taxhelplaw.com\\\/sptax\\\/soluciones\\\/pasos-de-casos-errores-de-declaracion\\\/aviso-cp16\\\/#breadcrumb\"},\"inLanguage\":\"es\",\"potentialAction\":[{\"@type\":\"ReadAction\",\"target\":[\"https:\\\/\\\/taxhelplaw.com\\\/sptax\\\/soluciones\\\/pasos-de-casos-errores-de-declaracion\\\/aviso-cp16\\\/\"]}]},{\"@type\":\"ImageObject\",\"inLanguage\":\"es\",\"@id\":\"https:\\\/\\\/taxhelplaw.com\\\/sptax\\\/soluciones\\\/pasos-de-casos-errores-de-declaracion\\\/aviso-cp16\\\/#primaryimage\",\"url\":\"https:\\\/\\\/taxhelplaw.com\\\/sptax\\\/wp-content\\\/uploads\\\/2023\\\/04\\\/cp16enespanol.jpg\",\"contentUrl\":\"https:\\\/\\\/taxhelplaw.com\\\/sptax\\\/wp-content\\\/uploads\\\/2023\\\/04\\\/cp16enespanol.jpg\",\"width\":1700,\"height\":2200},{\"@type\":\"BreadcrumbList\",\"@id\":\"https:\\\/\\\/taxhelplaw.com\\\/sptax\\\/soluciones\\\/pasos-de-casos-errores-de-declaracion\\\/aviso-cp16\\\/#breadcrumb\",\"itemListElement\":[{\"@type\":\"ListItem\",\"position\":1,\"name\":\"Home\",\"item\":\"https:\\\/\\\/taxhelplaw.com\\\/sptax\\\/\"},{\"@type\":\"ListItem\",\"position\":2,\"name\":\"Soluciones\",\"item\":\"https:\\\/\\\/taxhelplaw.com\\\/sptax\\\/soluciones\\\/\"},{\"@type\":\"ListItem\",\"position\":3,\"name\":\"Errores de Declaraci\u00f3n\",\"item\":\"https:\\\/\\\/taxhelplaw.com\\\/sptax\\\/soluciones\\\/pasos-de-casos-errores-de-declaracion\\\/\"},{\"@type\":\"ListItem\",\"position\":4,\"name\":\"Aviso CP16\"}]},{\"@type\":\"WebSite\",\"@id\":\"https:\\\/\\\/taxhelplaw.com\\\/sptax\\\/#website\",\"url\":\"https:\\\/\\\/taxhelplaw.com\\\/sptax\\\/\",\"name\":\"J. David Hopkins, JD LLM\",\"description\":\"Maestr\u00eda en Derecho Tributario\",\"publisher\":{\"@id\":\"https:\\\/\\\/taxhelplaw.com\\\/sptax\\\/#organization\"},\"alternateName\":\"TaxHelpLaw en Espa\u00f1ol\",\"potentialAction\":[{\"@type\":\"SearchAction\",\"target\":{\"@type\":\"EntryPoint\",\"urlTemplate\":\"https:\\\/\\\/taxhelplaw.com\\\/sptax\\\/?s={search_term_string}\"},\"query-input\":{\"@type\":\"PropertyValueSpecification\",\"valueRequired\":true,\"valueName\":\"search_term_string\"}}],\"inLanguage\":\"es\"},{\"@type\":\"Organization\",\"@id\":\"https:\\\/\\\/taxhelplaw.com\\\/sptax\\\/#organization\",\"name\":\"TaxHelp, Inc.\",\"url\":\"https:\\\/\\\/taxhelplaw.com\\\/sptax\\\/\",\"logo\":{\"@type\":\"ImageObject\",\"inLanguage\":\"es\",\"@id\":\"https:\\\/\\\/taxhelplaw.com\\\/sptax\\\/#\\\/schema\\\/logo\\\/image\\\/\",\"url\":\"https:\\\/\\\/taxhelplaw.com\\\/sptax\\\/wp-content\\\/uploads\\\/2022\\\/01\\\/taxhelpenespanol.jpg\",\"contentUrl\":\"https:\\\/\\\/taxhelplaw.com\\\/sptax\\\/wp-content\\\/uploads\\\/2022\\\/01\\\/taxhelpenespanol.jpg\",\"width\":300,\"height\":101,\"caption\":\"TaxHelp, Inc.\"},\"image\":{\"@id\":\"https:\\\/\\\/taxhelplaw.com\\\/sptax\\\/#\\\/schema\\\/logo\\\/image\\\/\"}}]}<\/script>\n<!-- \/ Yoast SEO Premium plugin. -->","yoast_head_json":{"title":"Aviso CP16 \u00a1Tiene 60 d\u00edas para responder, no se atrase! - TaxHelpLaw","description":"Aviso CP16 del IRS: le explican que han modificado su declaraci\u00f3n de impuestos porque ten\u00eda un error. Estamos preparados para ayudarlo.","robots":{"index":"index","follow":"follow","max-snippet":"max-snippet:-1","max-image-preview":"max-image-preview:large","max-video-preview":"max-video-preview:-1"},"canonical":"https:\/\/taxhelplaw.com\/sptax\/soluciones\/pasos-de-casos-errores-de-declaracion\/aviso-cp16\/","og_locale":"es_MX","og_type":"article","og_title":"Aviso CP16","og_description":"Aviso CP16 del IRS: le explican que han modificado su declaraci\u00f3n de impuestos porque ten\u00eda un error. Estamos preparados para ayudarlo.","og_url":"https:\/\/taxhelplaw.com\/sptax\/soluciones\/pasos-de-casos-errores-de-declaracion\/aviso-cp16\/","og_site_name":"J. David Hopkins, JD LLM","article_modified_time":"2023-04-12T04:47:32+00:00","og_image":[{"url":"https:\/\/taxhelplaw.com\/sptax\/wp-content\/uploads\/2023\/04\/cp16enespanol.jpg","type":"","width":"","height":""}],"twitter_card":"summary_large_image","twitter_misc":{"Tiempo de lectura":"2 minutos"},"schema":{"@context":"https:\/\/schema.org","@graph":[{"@type":"WebPage","@id":"https:\/\/taxhelplaw.com\/sptax\/soluciones\/pasos-de-casos-errores-de-declaracion\/aviso-cp16\/","url":"https:\/\/taxhelplaw.com\/sptax\/soluciones\/pasos-de-casos-errores-de-declaracion\/aviso-cp16\/","name":"Aviso CP16 \u00a1Tiene 60 d\u00edas para responder, no se atrase! - TaxHelpLaw","isPartOf":{"@id":"https:\/\/taxhelplaw.com\/sptax\/#website"},"primaryImageOfPage":{"@id":"https:\/\/taxhelplaw.com\/sptax\/soluciones\/pasos-de-casos-errores-de-declaracion\/aviso-cp16\/#primaryimage"},"image":{"@id":"https:\/\/taxhelplaw.com\/sptax\/soluciones\/pasos-de-casos-errores-de-declaracion\/aviso-cp16\/#primaryimage"},"thumbnailUrl":"https:\/\/taxhelplaw.com\/sptax\/wp-content\/uploads\/2023\/04\/cp16enespanol.jpg","datePublished":"2015-02-08T05:18:03+00:00","dateModified":"2023-04-12T04:47:32+00:00","description":"Aviso CP16 del IRS: le explican que han modificado su declaraci\u00f3n de impuestos porque ten\u00eda un error. Estamos preparados para ayudarlo.","breadcrumb":{"@id":"https:\/\/taxhelplaw.com\/sptax\/soluciones\/pasos-de-casos-errores-de-declaracion\/aviso-cp16\/#breadcrumb"},"inLanguage":"es","potentialAction":[{"@type":"ReadAction","target":["https:\/\/taxhelplaw.com\/sptax\/soluciones\/pasos-de-casos-errores-de-declaracion\/aviso-cp16\/"]}]},{"@type":"ImageObject","inLanguage":"es","@id":"https:\/\/taxhelplaw.com\/sptax\/soluciones\/pasos-de-casos-errores-de-declaracion\/aviso-cp16\/#primaryimage","url":"https:\/\/taxhelplaw.com\/sptax\/wp-content\/uploads\/2023\/04\/cp16enespanol.jpg","contentUrl":"https:\/\/taxhelplaw.com\/sptax\/wp-content\/uploads\/2023\/04\/cp16enespanol.jpg","width":1700,"height":2200},{"@type":"BreadcrumbList","@id":"https:\/\/taxhelplaw.com\/sptax\/soluciones\/pasos-de-casos-errores-de-declaracion\/aviso-cp16\/#breadcrumb","itemListElement":[{"@type":"ListItem","position":1,"name":"Home","item":"https:\/\/taxhelplaw.com\/sptax\/"},{"@type":"ListItem","position":2,"name":"Soluciones","item":"https:\/\/taxhelplaw.com\/sptax\/soluciones\/"},{"@type":"ListItem","position":3,"name":"Errores de Declaraci\u00f3n","item":"https:\/\/taxhelplaw.com\/sptax\/soluciones\/pasos-de-casos-errores-de-declaracion\/"},{"@type":"ListItem","position":4,"name":"Aviso CP16"}]},{"@type":"WebSite","@id":"https:\/\/taxhelplaw.com\/sptax\/#website","url":"https:\/\/taxhelplaw.com\/sptax\/","name":"J. David Hopkins, JD LLM","description":"Maestr\u00eda en Derecho Tributario","publisher":{"@id":"https:\/\/taxhelplaw.com\/sptax\/#organization"},"alternateName":"TaxHelpLaw en Espa\u00f1ol","potentialAction":[{"@type":"SearchAction","target":{"@type":"EntryPoint","urlTemplate":"https:\/\/taxhelplaw.com\/sptax\/?s={search_term_string}"},"query-input":{"@type":"PropertyValueSpecification","valueRequired":true,"valueName":"search_term_string"}}],"inLanguage":"es"},{"@type":"Organization","@id":"https:\/\/taxhelplaw.com\/sptax\/#organization","name":"TaxHelp, Inc.","url":"https:\/\/taxhelplaw.com\/sptax\/","logo":{"@type":"ImageObject","inLanguage":"es","@id":"https:\/\/taxhelplaw.com\/sptax\/#\/schema\/logo\/image\/","url":"https:\/\/taxhelplaw.com\/sptax\/wp-content\/uploads\/2022\/01\/taxhelpenespanol.jpg","contentUrl":"https:\/\/taxhelplaw.com\/sptax\/wp-content\/uploads\/2022\/01\/taxhelpenespanol.jpg","width":300,"height":101,"caption":"TaxHelp, Inc."},"image":{"@id":"https:\/\/taxhelplaw.com\/sptax\/#\/schema\/logo\/image\/"}}]}},"jetpack_sharing_enabled":true,"_links":{"self":[{"href":"https:\/\/taxhelplaw.com\/sptax\/wp-json\/wp\/v2\/pages\/483","targetHints":{"allow":["GET"]}}],"collection":[{"href":"https:\/\/taxhelplaw.com\/sptax\/wp-json\/wp\/v2\/pages"}],"about":[{"href":"https:\/\/taxhelplaw.com\/sptax\/wp-json\/wp\/v2\/types\/page"}],"author":[{"embeddable":true,"href":"https:\/\/taxhelplaw.com\/sptax\/wp-json\/wp\/v2\/users\/1"}],"replies":[{"embeddable":true,"href":"https:\/\/taxhelplaw.com\/sptax\/wp-json\/wp\/v2\/comments?post=483"}],"version-history":[{"count":9,"href":"https:\/\/taxhelplaw.com\/sptax\/wp-json\/wp\/v2\/pages\/483\/revisions"}],"predecessor-version":[{"id":7735,"href":"https:\/\/taxhelplaw.com\/sptax\/wp-json\/wp\/v2\/pages\/483\/revisions\/7735"}],"up":[{"embeddable":true,"href":"https:\/\/taxhelplaw.com\/sptax\/wp-json\/wp\/v2\/pages\/256"}],"wp:attachment":[{"href":"https:\/\/taxhelplaw.com\/sptax\/wp-json\/wp\/v2\/media?parent=483"}],"curies":[{"name":"wp","href":"https:\/\/api.w.org\/{rel}","templated":true}]}}