{"id":475,"date":"2015-02-08T04:31:41","date_gmt":"2015-02-08T04:31:41","guid":{"rendered":"http:\/\/taxhelplaw.com\/sp\/?page_id=475"},"modified":"2023-03-26T22:31:07","modified_gmt":"2023-03-26T22:31:07","slug":"aviso-cp539","status":"publish","type":"page","link":"https:\/\/taxhelplaw.com\/sptax\/soluciones\/pasos-de-casos-otros-problemas\/aviso-cp539\/","title":{"rendered":"Aviso CP539"},"content":{"rendered":"<p>El Aviso CP539 se usa para informarle que el IRS ha pedido a los bancos e instituciones financieras que retengan una porci\u00f3n de sus pagos y se la env\u00eden a ellos.<\/p>\n<p>Esto puede pasar por varias razones. A menudo, usted ni sab\u00eda que hab\u00eda un problema hasta que recibe este aviso.<\/p>\n<p>A veces sucede que un banco o instituci\u00f3n financiera no tiene su n\u00famero de seguridad social o N\u00famero de Identificaci\u00f3n del Empleador (EIN por sus siglas en ingl\u00e9s) o no se encuentran en su sistema. Usted tiene que completar el Formulario <a class=\"popup\" title=\"Formulario W-9\" href=\"\/\/www.irs.gov\/pub\/irs-pdf\/fw9.pdf\" target=\"_blank\" rel=\"noopener\">W-9<\/a>; tambi\u00e9n la <a class=\"popup\" href=\"\/\/www.irs.gov\/pub\/irs-pdf\/p1281.pdf\" target=\"_blank\" rel=\"noopener\">Pub 1281<\/a> lo podr\u00eda ayudar.<\/p>\n<p>Usted recibe cr\u00e9dito por los pagos de impuestos de su pr\u00f3xima declaraci\u00f3n de impuesto presentada pero el IRS se queda con el dinero hasta ese entonces.<\/p>\n<p>Primero averig\u00fce si sus bancos tienen el N\u00famero de Identificaci\u00f3n del Empleador correcto, y luego hable al IRS para enterarse de la causa de la situaci\u00f3n.<\/p>\n<p>Si ha recibido el Aviso CP539 y necesita ayuda p\u00f3ngase en contacto con nuestro abogado fiscal, el Lic. Hopkins, quien investigar\u00e1 el caso.<\/p>\n<div class=\"one-half first\">\n<h6>Versi\u00f3n en ingl\u00e9s:<\/h6>\n<\/div>\n<div class=\"one-half\"><a href=\"\/sptax\/wp-content\/uploads\/2015\/02\/Carta-CP-539-1.jpg\" class=\"popup\">Notice CP-539<\/a><\/div>\n<p>&nbsp;<\/p>\n<div>\n<h6>Nuestra traducci\u00f3n al espa\u00f1ol:<\/h6>\n<\/div>\n<p><a title=\"Pasos de Casos \u2013 Otros Problemas\" href=\"\/\/taxhelplaw.com\/sptax\/soluciones\/pasos-de-casos-otros-problemas\/\"><img loading=\"lazy\" decoding=\"async\" class=\"alignleft size-full wp-image-1229\" src=\"https:\/\/taxhelplaw.com\/sptax\/wp-content\/uploads\/2023\/03\/CP-539enespanol.jpg\" alt=\"Carta CP539\" width=\"1248\" height=\"1667\" \/><\/a><\/p>\n<p><a href=\"https:\/\/taxhelplaw.com\/sptax\/sample-page-2\/contactenos\/\"><img loading=\"lazy\" decoding=\"async\" class=\"aligncenter size-full wp-image-3464\" title=\"Aviso CP539 del IRS\" src=\"https:\/\/taxhelplaw.com\/sptax\/wp-content\/uploads\/2022\/01\/taxhelpenespanol.jpg\" alt=\"Aviso CP539 del IRS. Abogado de derecho fiscal en Colorado Springs. Abogado de impuestos en Colorado Springs\" width=\"300\" height=\"101\" \/><\/a><\/p>\n","protected":false},"excerpt":{"rendered":"<p>El Aviso CP539 se usa para informarle que el IRS ha pedido a los bancos e instituciones financieras que retengan una porci\u00f3n de sus pagos y se la env\u00eden a ellos. Esto puede pasar por varias razones. A menudo, usted ni sab\u00eda que hab\u00eda un problema hasta que recibe este aviso. A veces sucede que [&hellip;]<\/p>\n","protected":false},"author":1,"featured_media":0,"parent":275,"menu_order":37,"comment_status":"closed","ping_status":"closed","template":"","meta":{"_genesis_hide_title":false,"_genesis_hide_breadcrumbs":false,"_genesis_hide_singular_image":false,"_genesis_hide_footer_widgets":false,"_genesis_custom_body_class":"","_genesis_custom_post_class":"","_genesis_layout":"","footnotes":""},"class_list":{"0":"post-475","1":"page","2":"type-page","3":"status-publish","5":"entry"},"yoast_head":"<!-- This site is optimized with the Yoast SEO Premium plugin v27.0 (Yoast SEO v27.4) - https:\/\/yoast.com\/product\/yoast-seo-premium-wordpress\/ -->\n<title>Aviso CP539 - TaxHelpLaw<\/title>\n<meta name=\"description\" content=\"Aviso CP539 del IRS: \u00bfPor qu\u00e9 est\u00e1n reteniendo sus pagos? Puede haber varias razones. Contacte a nuestro abogado quien investigar\u00e1 el caso.\" \/>\n<meta name=\"robots\" content=\"index, follow, max-snippet:-1, max-image-preview:large, max-video-preview:-1\" \/>\n<link rel=\"canonical\" href=\"https:\/\/taxhelplaw.com\/sptax\/soluciones\/pasos-de-casos-otros-problemas\/aviso-cp539\/\" \/>\n<meta property=\"og:locale\" content=\"es_MX\" \/>\n<meta property=\"og:type\" content=\"article\" \/>\n<meta property=\"og:title\" content=\"Aviso CP539\" \/>\n<meta property=\"og:description\" content=\"Aviso CP539 del IRS: \u00bfPor qu\u00e9 est\u00e1n reteniendo sus pagos? Puede haber varias razones. Contacte a nuestro abogado quien investigar\u00e1 el caso.\" \/>\n<meta property=\"og:url\" content=\"https:\/\/taxhelplaw.com\/sptax\/soluciones\/pasos-de-casos-otros-problemas\/aviso-cp539\/\" \/>\n<meta property=\"og:site_name\" content=\"J. David Hopkins, JD LLM\" \/>\n<meta property=\"article:modified_time\" content=\"2023-03-26T22:31:07+00:00\" \/>\n<meta property=\"og:image\" content=\"https:\/\/taxhelplaw.com\/sptax\/wp-content\/uploads\/2023\/03\/CP-539enespanol.jpg\" \/>\n<meta name=\"twitter:card\" content=\"summary_large_image\" \/>\n<meta name=\"twitter:label1\" content=\"Tiempo de lectura\" \/>\n\t<meta name=\"twitter:data1\" content=\"2 minutos\" \/>\n<script type=\"application\/ld+json\" class=\"yoast-schema-graph\">{\"@context\":\"https:\\\/\\\/schema.org\",\"@graph\":[{\"@type\":\"WebPage\",\"@id\":\"https:\\\/\\\/taxhelplaw.com\\\/sptax\\\/soluciones\\\/pasos-de-casos-otros-problemas\\\/aviso-cp539\\\/\",\"url\":\"https:\\\/\\\/taxhelplaw.com\\\/sptax\\\/soluciones\\\/pasos-de-casos-otros-problemas\\\/aviso-cp539\\\/\",\"name\":\"Aviso CP539 - TaxHelpLaw\",\"isPartOf\":{\"@id\":\"https:\\\/\\\/taxhelplaw.com\\\/sptax\\\/#website\"},\"primaryImageOfPage\":{\"@id\":\"https:\\\/\\\/taxhelplaw.com\\\/sptax\\\/soluciones\\\/pasos-de-casos-otros-problemas\\\/aviso-cp539\\\/#primaryimage\"},\"image\":{\"@id\":\"https:\\\/\\\/taxhelplaw.com\\\/sptax\\\/soluciones\\\/pasos-de-casos-otros-problemas\\\/aviso-cp539\\\/#primaryimage\"},\"thumbnailUrl\":\"https:\\\/\\\/taxhelplaw.com\\\/sptax\\\/wp-content\\\/uploads\\\/2023\\\/03\\\/CP-539enespanol.jpg\",\"datePublished\":\"2015-02-08T04:31:41+00:00\",\"dateModified\":\"2023-03-26T22:31:07+00:00\",\"description\":\"Aviso CP539 del IRS: \u00bfPor qu\u00e9 est\u00e1n reteniendo sus pagos? Puede haber varias razones. Contacte a nuestro abogado quien investigar\u00e1 el caso.\",\"breadcrumb\":{\"@id\":\"https:\\\/\\\/taxhelplaw.com\\\/sptax\\\/soluciones\\\/pasos-de-casos-otros-problemas\\\/aviso-cp539\\\/#breadcrumb\"},\"inLanguage\":\"es\",\"potentialAction\":[{\"@type\":\"ReadAction\",\"target\":[\"https:\\\/\\\/taxhelplaw.com\\\/sptax\\\/soluciones\\\/pasos-de-casos-otros-problemas\\\/aviso-cp539\\\/\"]}]},{\"@type\":\"ImageObject\",\"inLanguage\":\"es\",\"@id\":\"https:\\\/\\\/taxhelplaw.com\\\/sptax\\\/soluciones\\\/pasos-de-casos-otros-problemas\\\/aviso-cp539\\\/#primaryimage\",\"url\":\"https:\\\/\\\/taxhelplaw.com\\\/sptax\\\/wp-content\\\/uploads\\\/2023\\\/03\\\/CP-539enespanol.jpg\",\"contentUrl\":\"https:\\\/\\\/taxhelplaw.com\\\/sptax\\\/wp-content\\\/uploads\\\/2023\\\/03\\\/CP-539enespanol.jpg\",\"width\":1747,\"height\":2364},{\"@type\":\"BreadcrumbList\",\"@id\":\"https:\\\/\\\/taxhelplaw.com\\\/sptax\\\/soluciones\\\/pasos-de-casos-otros-problemas\\\/aviso-cp539\\\/#breadcrumb\",\"itemListElement\":[{\"@type\":\"ListItem\",\"position\":1,\"name\":\"Home\",\"item\":\"https:\\\/\\\/taxhelplaw.com\\\/sptax\\\/\"},{\"@type\":\"ListItem\",\"position\":2,\"name\":\"Soluciones\",\"item\":\"https:\\\/\\\/taxhelplaw.com\\\/sptax\\\/soluciones\\\/\"},{\"@type\":\"ListItem\",\"position\":3,\"name\":\"Otros Problemas\",\"item\":\"https:\\\/\\\/taxhelplaw.com\\\/sptax\\\/soluciones\\\/pasos-de-casos-otros-problemas\\\/\"},{\"@type\":\"ListItem\",\"position\":4,\"name\":\"Aviso CP539\"}]},{\"@type\":\"WebSite\",\"@id\":\"https:\\\/\\\/taxhelplaw.com\\\/sptax\\\/#website\",\"url\":\"https:\\\/\\\/taxhelplaw.com\\\/sptax\\\/\",\"name\":\"J. David Hopkins, JD LLM\",\"description\":\"Maestr\u00eda en Derecho Tributario\",\"publisher\":{\"@id\":\"https:\\\/\\\/taxhelplaw.com\\\/sptax\\\/#organization\"},\"alternateName\":\"TaxHelpLaw en Espa\u00f1ol\",\"potentialAction\":[{\"@type\":\"SearchAction\",\"target\":{\"@type\":\"EntryPoint\",\"urlTemplate\":\"https:\\\/\\\/taxhelplaw.com\\\/sptax\\\/?s={search_term_string}\"},\"query-input\":{\"@type\":\"PropertyValueSpecification\",\"valueRequired\":true,\"valueName\":\"search_term_string\"}}],\"inLanguage\":\"es\"},{\"@type\":\"Organization\",\"@id\":\"https:\\\/\\\/taxhelplaw.com\\\/sptax\\\/#organization\",\"name\":\"TaxHelp, Inc.\",\"url\":\"https:\\\/\\\/taxhelplaw.com\\\/sptax\\\/\",\"logo\":{\"@type\":\"ImageObject\",\"inLanguage\":\"es\",\"@id\":\"https:\\\/\\\/taxhelplaw.com\\\/sptax\\\/#\\\/schema\\\/logo\\\/image\\\/\",\"url\":\"https:\\\/\\\/taxhelplaw.com\\\/sptax\\\/wp-content\\\/uploads\\\/2022\\\/01\\\/taxhelpenespanol.jpg\",\"contentUrl\":\"https:\\\/\\\/taxhelplaw.com\\\/sptax\\\/wp-content\\\/uploads\\\/2022\\\/01\\\/taxhelpenespanol.jpg\",\"width\":300,\"height\":101,\"caption\":\"TaxHelp, Inc.\"},\"image\":{\"@id\":\"https:\\\/\\\/taxhelplaw.com\\\/sptax\\\/#\\\/schema\\\/logo\\\/image\\\/\"}}]}<\/script>\n<!-- \/ Yoast SEO Premium plugin. -->","yoast_head_json":{"title":"Aviso CP539 - TaxHelpLaw","description":"Aviso CP539 del IRS: \u00bfPor qu\u00e9 est\u00e1n reteniendo sus pagos? Puede haber varias razones. Contacte a nuestro abogado quien investigar\u00e1 el caso.","robots":{"index":"index","follow":"follow","max-snippet":"max-snippet:-1","max-image-preview":"max-image-preview:large","max-video-preview":"max-video-preview:-1"},"canonical":"https:\/\/taxhelplaw.com\/sptax\/soluciones\/pasos-de-casos-otros-problemas\/aviso-cp539\/","og_locale":"es_MX","og_type":"article","og_title":"Aviso CP539","og_description":"Aviso CP539 del IRS: \u00bfPor qu\u00e9 est\u00e1n reteniendo sus pagos? Puede haber varias razones. Contacte a nuestro abogado quien investigar\u00e1 el caso.","og_url":"https:\/\/taxhelplaw.com\/sptax\/soluciones\/pasos-de-casos-otros-problemas\/aviso-cp539\/","og_site_name":"J. David Hopkins, JD LLM","article_modified_time":"2023-03-26T22:31:07+00:00","og_image":[{"url":"https:\/\/taxhelplaw.com\/sptax\/wp-content\/uploads\/2023\/03\/CP-539enespanol.jpg","type":"","width":"","height":""}],"twitter_card":"summary_large_image","twitter_misc":{"Tiempo de lectura":"2 minutos"},"schema":{"@context":"https:\/\/schema.org","@graph":[{"@type":"WebPage","@id":"https:\/\/taxhelplaw.com\/sptax\/soluciones\/pasos-de-casos-otros-problemas\/aviso-cp539\/","url":"https:\/\/taxhelplaw.com\/sptax\/soluciones\/pasos-de-casos-otros-problemas\/aviso-cp539\/","name":"Aviso CP539 - TaxHelpLaw","isPartOf":{"@id":"https:\/\/taxhelplaw.com\/sptax\/#website"},"primaryImageOfPage":{"@id":"https:\/\/taxhelplaw.com\/sptax\/soluciones\/pasos-de-casos-otros-problemas\/aviso-cp539\/#primaryimage"},"image":{"@id":"https:\/\/taxhelplaw.com\/sptax\/soluciones\/pasos-de-casos-otros-problemas\/aviso-cp539\/#primaryimage"},"thumbnailUrl":"https:\/\/taxhelplaw.com\/sptax\/wp-content\/uploads\/2023\/03\/CP-539enespanol.jpg","datePublished":"2015-02-08T04:31:41+00:00","dateModified":"2023-03-26T22:31:07+00:00","description":"Aviso CP539 del IRS: \u00bfPor qu\u00e9 est\u00e1n reteniendo sus pagos? Puede haber varias razones. Contacte a nuestro abogado quien investigar\u00e1 el caso.","breadcrumb":{"@id":"https:\/\/taxhelplaw.com\/sptax\/soluciones\/pasos-de-casos-otros-problemas\/aviso-cp539\/#breadcrumb"},"inLanguage":"es","potentialAction":[{"@type":"ReadAction","target":["https:\/\/taxhelplaw.com\/sptax\/soluciones\/pasos-de-casos-otros-problemas\/aviso-cp539\/"]}]},{"@type":"ImageObject","inLanguage":"es","@id":"https:\/\/taxhelplaw.com\/sptax\/soluciones\/pasos-de-casos-otros-problemas\/aviso-cp539\/#primaryimage","url":"https:\/\/taxhelplaw.com\/sptax\/wp-content\/uploads\/2023\/03\/CP-539enespanol.jpg","contentUrl":"https:\/\/taxhelplaw.com\/sptax\/wp-content\/uploads\/2023\/03\/CP-539enespanol.jpg","width":1747,"height":2364},{"@type":"BreadcrumbList","@id":"https:\/\/taxhelplaw.com\/sptax\/soluciones\/pasos-de-casos-otros-problemas\/aviso-cp539\/#breadcrumb","itemListElement":[{"@type":"ListItem","position":1,"name":"Home","item":"https:\/\/taxhelplaw.com\/sptax\/"},{"@type":"ListItem","position":2,"name":"Soluciones","item":"https:\/\/taxhelplaw.com\/sptax\/soluciones\/"},{"@type":"ListItem","position":3,"name":"Otros Problemas","item":"https:\/\/taxhelplaw.com\/sptax\/soluciones\/pasos-de-casos-otros-problemas\/"},{"@type":"ListItem","position":4,"name":"Aviso CP539"}]},{"@type":"WebSite","@id":"https:\/\/taxhelplaw.com\/sptax\/#website","url":"https:\/\/taxhelplaw.com\/sptax\/","name":"J. David Hopkins, JD LLM","description":"Maestr\u00eda en Derecho Tributario","publisher":{"@id":"https:\/\/taxhelplaw.com\/sptax\/#organization"},"alternateName":"TaxHelpLaw en Espa\u00f1ol","potentialAction":[{"@type":"SearchAction","target":{"@type":"EntryPoint","urlTemplate":"https:\/\/taxhelplaw.com\/sptax\/?s={search_term_string}"},"query-input":{"@type":"PropertyValueSpecification","valueRequired":true,"valueName":"search_term_string"}}],"inLanguage":"es"},{"@type":"Organization","@id":"https:\/\/taxhelplaw.com\/sptax\/#organization","name":"TaxHelp, Inc.","url":"https:\/\/taxhelplaw.com\/sptax\/","logo":{"@type":"ImageObject","inLanguage":"es","@id":"https:\/\/taxhelplaw.com\/sptax\/#\/schema\/logo\/image\/","url":"https:\/\/taxhelplaw.com\/sptax\/wp-content\/uploads\/2022\/01\/taxhelpenespanol.jpg","contentUrl":"https:\/\/taxhelplaw.com\/sptax\/wp-content\/uploads\/2022\/01\/taxhelpenespanol.jpg","width":300,"height":101,"caption":"TaxHelp, Inc."},"image":{"@id":"https:\/\/taxhelplaw.com\/sptax\/#\/schema\/logo\/image\/"}}]}},"jetpack_sharing_enabled":true,"_links":{"self":[{"href":"https:\/\/taxhelplaw.com\/sptax\/wp-json\/wp\/v2\/pages\/475","targetHints":{"allow":["GET"]}}],"collection":[{"href":"https:\/\/taxhelplaw.com\/sptax\/wp-json\/wp\/v2\/pages"}],"about":[{"href":"https:\/\/taxhelplaw.com\/sptax\/wp-json\/wp\/v2\/types\/page"}],"author":[{"embeddable":true,"href":"https:\/\/taxhelplaw.com\/sptax\/wp-json\/wp\/v2\/users\/1"}],"replies":[{"embeddable":true,"href":"https:\/\/taxhelplaw.com\/sptax\/wp-json\/wp\/v2\/comments?post=475"}],"version-history":[{"count":8,"href":"https:\/\/taxhelplaw.com\/sptax\/wp-json\/wp\/v2\/pages\/475\/revisions"}],"predecessor-version":[{"id":7626,"href":"https:\/\/taxhelplaw.com\/sptax\/wp-json\/wp\/v2\/pages\/475\/revisions\/7626"}],"up":[{"embeddable":true,"href":"https:\/\/taxhelplaw.com\/sptax\/wp-json\/wp\/v2\/pages\/275"}],"wp:attachment":[{"href":"https:\/\/taxhelplaw.com\/sptax\/wp-json\/wp\/v2\/media?parent=475"}],"curies":[{"name":"wp","href":"https:\/\/api.w.org\/{rel}","templated":true}]}}