{"id":471,"date":"2015-02-08T04:28:46","date_gmt":"2015-02-08T04:28:46","guid":{"rendered":"http:\/\/taxhelplaw.com\/sp\/?page_id=471"},"modified":"2023-03-27T03:08:25","modified_gmt":"2023-03-27T03:08:25","slug":"aviso-cp54","status":"publish","type":"page","link":"https:\/\/taxhelplaw.com\/sptax\/soluciones\/pasos-de-casos-otros-problemas\/aviso-cp54\/","title":{"rendered":"Avisos CP54"},"content":{"rendered":"<p>El <a href=\"https:\/\/www.irs.gov\/es\" target=\"_blank\" rel=\"noopener\">IRS<\/a> usa los Avisos CP54 \u2013 <a href=\"https:\/\/www.irs.gov\/individuals\/understanding-your-cp54b-notice\" target=\"_blank\" rel=\"noopener\">CP54B<\/a>, <a href=\"https:\/\/www.irs.gov\/individuals\/understanding-your-cp54e-notice\" target=\"_blank\" rel=\"noopener\">CP54E<\/a>, <a href=\"https:\/\/www.irs.gov\/individuals\/understanding-your-cp54g-notice\" target=\"_blank\" rel=\"noopener\">CP54G<\/a>, y <a href=\"https:\/\/www.irs.gov\/individuals\/understanding-your-cp54q-notice\" target=\"_blank\" rel=\"noopener\">CP54Q<\/a> para comunicarle que no le enviar\u00e1n un reembolso porque un n\u00famero de seguridad social es diferente del que tienen en sus archivos. Los Avisos CP54B y CP54G tienen que ver con el Formulario 1040. El Aviso CP54E le comunica que su n\u00famero de seguridad social difiere del de sus archivos, para el impuesto estimado. El Aviso CP54Q es un aviso de seguimiento porque usted no ha respondido a avisos anteriores.<\/p>\n<p>Usted tendr\u00e1 que descubrir qu\u00e9 n\u00famero de seguridad social ellos piensan que est\u00e1 equivocado. Quiz\u00e1 tenga que ir a la oficina de seguridad social para pedir informaci\u00f3n. A veces, el problema surge de un cambio de apellido despu\u00e9s de contraer matrimonio. El IRS incluye un formulario para que usted les responda; tambi\u00e9n deber\u00eda enviarles todos los documentos que tiene al respecto, como por ejemplo, tarjetas de seguridad social.<\/p>\n<p>Si usted ha recibido cualquiera de los Avisos CP54, por favor vea los <a title=\"Errores de Declaraci\u00f3n\" href=\"\/\/taxhelplaw.com\/sptax\/soluciones\/pasos-de-casos-errores-de-declaracion\/\">Pasos de Casos<\/a> y p\u00f3ngase en contacto con nuestro abogado fiscal, el Lic. Hopkins, si lo considera necesario.<\/p>\n<div class=\"one-third first\"><a class=\"popup\" title=\"Aviso CP54E\" href=\"\/sptax\/wp-content\/uploads\/2015\/02\/Notice-CP54E-1.jpg\" target=\"_blank\" rel=\"noopener\"><span style=\"color: #0000ff;\">CP54E<\/span><\/a><\/div>\n<div class=\"one-third\"><a class=\"popup\" title=\"Aviso CP54G\" href=\"\/sptax\/wp-content\/uploads\/2015\/02\/Notice-CP54G-1.jpg\" target=\"_blank\" rel=\"noopener\"><span style=\"color: #0000ff;\">CP54G<\/span><\/a><\/div>\n<div class=\"one-third\"><a class=\"popup\" title=\"Aviso CP54Q\" href=\"\/sptax\/wp-content\/uploads\/2015\/02\/Notice-CP54Q-1.jpg\" target=\"_blank\" rel=\"noopener\"><span style=\"color: #0000ff;\">CP54Q<\/span><\/a><\/div>\n<p>&nbsp;<br \/>\n&nbsp;<\/p>\n<div class=\"one-half first\">\n<h6>Versi\u00f3n en ingl\u00e9s:<\/h6>\n<\/div>\n<div class=\"one-half\"><a href=\"\/sptax\/wp-content\/uploads\/2015\/02\/Aviso-CP54B-1.jpg\" class=\"popup\">Notice CP54B<\/a><\/div>\n<p>&nbsp;<\/p>\n<div>\n<h6>Nuestra traducci\u00f3n al espa\u00f1ol:<\/h6>\n<\/div>\n<p><a title=\"Pasos de Casos \u2013 Errores de Declaraci\u00f3n\" href=\"\/\/taxhelplaw.com\/sptax\/soluciones\/pasos-de-casos-errores-de-declaracion\/\"><img loading=\"lazy\" decoding=\"async\" class=\"alignleft size-full wp-image-1218\" src=\"https:\/\/taxhelplaw.com\/sptax\/wp-content\/uploads\/2023\/03\/cp54benespanol.jpg\" alt=\"Aviso CP54B\" width=\"1250\" height=\"1668\" \/><\/a><\/p>\n<p><a href=\"https:\/\/taxhelplaw.com\/sptax\/sample-page-2\/contactenos\/\"><img loading=\"lazy\" decoding=\"async\" class=\"aligncenter size-full wp-image-3464\" title=\"Avisos CP54 del IRS\" src=\"https:\/\/taxhelplaw.com\/sptax\/wp-content\/uploads\/2022\/01\/taxhelpenespanol.jpg\" alt=\"Avisos CP54 del IRS. Abogado de derecho fiscal en Colorado Springs. Abogado de impuestos en Colorado Springs\" width=\"300\" height=\"101\" \/><\/a><\/p>\n","protected":false},"excerpt":{"rendered":"<p>El IRS usa los Avisos CP54 \u2013 CP54B, CP54E, CP54G, y CP54Q para comunicarle que no le enviar\u00e1n un reembolso porque un n\u00famero de seguridad social es diferente del que tienen en sus archivos. Los Avisos CP54B y CP54G tienen que ver con el Formulario 1040. El Aviso CP54E le comunica que su n\u00famero de [&hellip;]<\/p>\n","protected":false},"author":1,"featured_media":0,"parent":275,"menu_order":35,"comment_status":"closed","ping_status":"closed","template":"","meta":{"_genesis_hide_title":false,"_genesis_hide_breadcrumbs":false,"_genesis_hide_singular_image":false,"_genesis_hide_footer_widgets":false,"_genesis_custom_body_class":"","_genesis_custom_post_class":"","_genesis_layout":"","footnotes":""},"class_list":{"0":"post-471","1":"page","2":"type-page","3":"status-publish","5":"entry"},"yoast_head":"<!-- This site is optimized with the Yoast SEO Premium plugin v27.0 (Yoast SEO v27.3) - https:\/\/yoast.com\/product\/yoast-seo-premium-wordpress\/ -->\n<title>Avisos CP54 - TaxHelpLaw<\/title>\n<meta name=\"description\" content=\"Avisos CP54 del IRS: usted no recibir\u00e1 su reembolso. Su n\u00famero de seguridad social es diferente. Nuestro abogado lo puede ayudar con su caso.\" \/>\n<meta name=\"robots\" content=\"index, follow, max-snippet:-1, max-image-preview:large, max-video-preview:-1\" \/>\n<link rel=\"canonical\" href=\"https:\/\/taxhelplaw.com\/sptax\/soluciones\/pasos-de-casos-otros-problemas\/aviso-cp54\/\" \/>\n<meta property=\"og:locale\" content=\"es_MX\" \/>\n<meta property=\"og:type\" content=\"article\" \/>\n<meta property=\"og:title\" content=\"Avisos CP54\" \/>\n<meta property=\"og:description\" content=\"Avisos CP54 del IRS: usted no recibir\u00e1 su reembolso. Su n\u00famero de seguridad social es diferente. Nuestro abogado lo puede ayudar con su caso.\" \/>\n<meta property=\"og:url\" content=\"https:\/\/taxhelplaw.com\/sptax\/soluciones\/pasos-de-casos-otros-problemas\/aviso-cp54\/\" \/>\n<meta property=\"og:site_name\" content=\"J. David Hopkins, JD LLM\" \/>\n<meta property=\"article:modified_time\" content=\"2023-03-27T03:08:25+00:00\" \/>\n<meta property=\"og:image\" content=\"https:\/\/taxhelplaw.com\/sptax\/wp-content\/uploads\/2023\/03\/cp54benespanol.jpg\" \/>\n<meta name=\"twitter:card\" content=\"summary_large_image\" \/>\n<meta name=\"twitter:label1\" content=\"Tiempo de lectura\" \/>\n\t<meta name=\"twitter:data1\" content=\"2 minutos\" \/>\n<script type=\"application\/ld+json\" class=\"yoast-schema-graph\">{\"@context\":\"https:\\\/\\\/schema.org\",\"@graph\":[{\"@type\":\"WebPage\",\"@id\":\"https:\\\/\\\/taxhelplaw.com\\\/sptax\\\/soluciones\\\/pasos-de-casos-otros-problemas\\\/aviso-cp54\\\/\",\"url\":\"https:\\\/\\\/taxhelplaw.com\\\/sptax\\\/soluciones\\\/pasos-de-casos-otros-problemas\\\/aviso-cp54\\\/\",\"name\":\"Avisos CP54 - TaxHelpLaw\",\"isPartOf\":{\"@id\":\"https:\\\/\\\/taxhelplaw.com\\\/sptax\\\/#website\"},\"primaryImageOfPage\":{\"@id\":\"https:\\\/\\\/taxhelplaw.com\\\/sptax\\\/soluciones\\\/pasos-de-casos-otros-problemas\\\/aviso-cp54\\\/#primaryimage\"},\"image\":{\"@id\":\"https:\\\/\\\/taxhelplaw.com\\\/sptax\\\/soluciones\\\/pasos-de-casos-otros-problemas\\\/aviso-cp54\\\/#primaryimage\"},\"thumbnailUrl\":\"https:\\\/\\\/taxhelplaw.com\\\/sptax\\\/wp-content\\\/uploads\\\/2023\\\/03\\\/cp54benespanol.jpg\",\"datePublished\":\"2015-02-08T04:28:46+00:00\",\"dateModified\":\"2023-03-27T03:08:25+00:00\",\"description\":\"Avisos CP54 del IRS: usted no recibir\u00e1 su reembolso. Su n\u00famero de seguridad social es diferente. Nuestro abogado lo puede ayudar con su caso.\",\"breadcrumb\":{\"@id\":\"https:\\\/\\\/taxhelplaw.com\\\/sptax\\\/soluciones\\\/pasos-de-casos-otros-problemas\\\/aviso-cp54\\\/#breadcrumb\"},\"inLanguage\":\"es\",\"potentialAction\":[{\"@type\":\"ReadAction\",\"target\":[\"https:\\\/\\\/taxhelplaw.com\\\/sptax\\\/soluciones\\\/pasos-de-casos-otros-problemas\\\/aviso-cp54\\\/\"]}]},{\"@type\":\"ImageObject\",\"inLanguage\":\"es\",\"@id\":\"https:\\\/\\\/taxhelplaw.com\\\/sptax\\\/soluciones\\\/pasos-de-casos-otros-problemas\\\/aviso-cp54\\\/#primaryimage\",\"url\":\"https:\\\/\\\/taxhelplaw.com\\\/sptax\\\/wp-content\\\/uploads\\\/2023\\\/03\\\/cp54benespanol.jpg\",\"contentUrl\":\"https:\\\/\\\/taxhelplaw.com\\\/sptax\\\/wp-content\\\/uploads\\\/2023\\\/03\\\/cp54benespanol.jpg\",\"width\":1284,\"height\":1662},{\"@type\":\"BreadcrumbList\",\"@id\":\"https:\\\/\\\/taxhelplaw.com\\\/sptax\\\/soluciones\\\/pasos-de-casos-otros-problemas\\\/aviso-cp54\\\/#breadcrumb\",\"itemListElement\":[{\"@type\":\"ListItem\",\"position\":1,\"name\":\"Home\",\"item\":\"https:\\\/\\\/taxhelplaw.com\\\/sptax\\\/\"},{\"@type\":\"ListItem\",\"position\":2,\"name\":\"Soluciones\",\"item\":\"https:\\\/\\\/taxhelplaw.com\\\/sptax\\\/soluciones\\\/\"},{\"@type\":\"ListItem\",\"position\":3,\"name\":\"Otros Problemas\",\"item\":\"https:\\\/\\\/taxhelplaw.com\\\/sptax\\\/soluciones\\\/pasos-de-casos-otros-problemas\\\/\"},{\"@type\":\"ListItem\",\"position\":4,\"name\":\"Avisos CP54\"}]},{\"@type\":\"WebSite\",\"@id\":\"https:\\\/\\\/taxhelplaw.com\\\/sptax\\\/#website\",\"url\":\"https:\\\/\\\/taxhelplaw.com\\\/sptax\\\/\",\"name\":\"J. David Hopkins, JD LLM\",\"description\":\"Maestr\u00eda en Derecho Tributario\",\"publisher\":{\"@id\":\"https:\\\/\\\/taxhelplaw.com\\\/sptax\\\/#organization\"},\"alternateName\":\"TaxHelpLaw en Espa\u00f1ol\",\"potentialAction\":[{\"@type\":\"SearchAction\",\"target\":{\"@type\":\"EntryPoint\",\"urlTemplate\":\"https:\\\/\\\/taxhelplaw.com\\\/sptax\\\/?s={search_term_string}\"},\"query-input\":{\"@type\":\"PropertyValueSpecification\",\"valueRequired\":true,\"valueName\":\"search_term_string\"}}],\"inLanguage\":\"es\"},{\"@type\":\"Organization\",\"@id\":\"https:\\\/\\\/taxhelplaw.com\\\/sptax\\\/#organization\",\"name\":\"TaxHelp, Inc.\",\"url\":\"https:\\\/\\\/taxhelplaw.com\\\/sptax\\\/\",\"logo\":{\"@type\":\"ImageObject\",\"inLanguage\":\"es\",\"@id\":\"https:\\\/\\\/taxhelplaw.com\\\/sptax\\\/#\\\/schema\\\/logo\\\/image\\\/\",\"url\":\"https:\\\/\\\/taxhelplaw.com\\\/sptax\\\/wp-content\\\/uploads\\\/2022\\\/01\\\/taxhelpenespanol.jpg\",\"contentUrl\":\"https:\\\/\\\/taxhelplaw.com\\\/sptax\\\/wp-content\\\/uploads\\\/2022\\\/01\\\/taxhelpenespanol.jpg\",\"width\":300,\"height\":101,\"caption\":\"TaxHelp, Inc.\"},\"image\":{\"@id\":\"https:\\\/\\\/taxhelplaw.com\\\/sptax\\\/#\\\/schema\\\/logo\\\/image\\\/\"}}]}<\/script>\n<!-- \/ Yoast SEO Premium plugin. -->","yoast_head_json":{"title":"Avisos CP54 - TaxHelpLaw","description":"Avisos CP54 del IRS: usted no recibir\u00e1 su reembolso. Su n\u00famero de seguridad social es diferente. Nuestro abogado lo puede ayudar con su caso.","robots":{"index":"index","follow":"follow","max-snippet":"max-snippet:-1","max-image-preview":"max-image-preview:large","max-video-preview":"max-video-preview:-1"},"canonical":"https:\/\/taxhelplaw.com\/sptax\/soluciones\/pasos-de-casos-otros-problemas\/aviso-cp54\/","og_locale":"es_MX","og_type":"article","og_title":"Avisos CP54","og_description":"Avisos CP54 del IRS: usted no recibir\u00e1 su reembolso. Su n\u00famero de seguridad social es diferente. Nuestro abogado lo puede ayudar con su caso.","og_url":"https:\/\/taxhelplaw.com\/sptax\/soluciones\/pasos-de-casos-otros-problemas\/aviso-cp54\/","og_site_name":"J. David Hopkins, JD LLM","article_modified_time":"2023-03-27T03:08:25+00:00","og_image":[{"url":"https:\/\/taxhelplaw.com\/sptax\/wp-content\/uploads\/2023\/03\/cp54benespanol.jpg","type":"","width":"","height":""}],"twitter_card":"summary_large_image","twitter_misc":{"Tiempo de lectura":"2 minutos"},"schema":{"@context":"https:\/\/schema.org","@graph":[{"@type":"WebPage","@id":"https:\/\/taxhelplaw.com\/sptax\/soluciones\/pasos-de-casos-otros-problemas\/aviso-cp54\/","url":"https:\/\/taxhelplaw.com\/sptax\/soluciones\/pasos-de-casos-otros-problemas\/aviso-cp54\/","name":"Avisos CP54 - TaxHelpLaw","isPartOf":{"@id":"https:\/\/taxhelplaw.com\/sptax\/#website"},"primaryImageOfPage":{"@id":"https:\/\/taxhelplaw.com\/sptax\/soluciones\/pasos-de-casos-otros-problemas\/aviso-cp54\/#primaryimage"},"image":{"@id":"https:\/\/taxhelplaw.com\/sptax\/soluciones\/pasos-de-casos-otros-problemas\/aviso-cp54\/#primaryimage"},"thumbnailUrl":"https:\/\/taxhelplaw.com\/sptax\/wp-content\/uploads\/2023\/03\/cp54benespanol.jpg","datePublished":"2015-02-08T04:28:46+00:00","dateModified":"2023-03-27T03:08:25+00:00","description":"Avisos CP54 del IRS: usted no recibir\u00e1 su reembolso. Su n\u00famero de seguridad social es diferente. Nuestro abogado lo puede ayudar con su caso.","breadcrumb":{"@id":"https:\/\/taxhelplaw.com\/sptax\/soluciones\/pasos-de-casos-otros-problemas\/aviso-cp54\/#breadcrumb"},"inLanguage":"es","potentialAction":[{"@type":"ReadAction","target":["https:\/\/taxhelplaw.com\/sptax\/soluciones\/pasos-de-casos-otros-problemas\/aviso-cp54\/"]}]},{"@type":"ImageObject","inLanguage":"es","@id":"https:\/\/taxhelplaw.com\/sptax\/soluciones\/pasos-de-casos-otros-problemas\/aviso-cp54\/#primaryimage","url":"https:\/\/taxhelplaw.com\/sptax\/wp-content\/uploads\/2023\/03\/cp54benespanol.jpg","contentUrl":"https:\/\/taxhelplaw.com\/sptax\/wp-content\/uploads\/2023\/03\/cp54benespanol.jpg","width":1284,"height":1662},{"@type":"BreadcrumbList","@id":"https:\/\/taxhelplaw.com\/sptax\/soluciones\/pasos-de-casos-otros-problemas\/aviso-cp54\/#breadcrumb","itemListElement":[{"@type":"ListItem","position":1,"name":"Home","item":"https:\/\/taxhelplaw.com\/sptax\/"},{"@type":"ListItem","position":2,"name":"Soluciones","item":"https:\/\/taxhelplaw.com\/sptax\/soluciones\/"},{"@type":"ListItem","position":3,"name":"Otros Problemas","item":"https:\/\/taxhelplaw.com\/sptax\/soluciones\/pasos-de-casos-otros-problemas\/"},{"@type":"ListItem","position":4,"name":"Avisos CP54"}]},{"@type":"WebSite","@id":"https:\/\/taxhelplaw.com\/sptax\/#website","url":"https:\/\/taxhelplaw.com\/sptax\/","name":"J. David Hopkins, JD LLM","description":"Maestr\u00eda en Derecho Tributario","publisher":{"@id":"https:\/\/taxhelplaw.com\/sptax\/#organization"},"alternateName":"TaxHelpLaw en Espa\u00f1ol","potentialAction":[{"@type":"SearchAction","target":{"@type":"EntryPoint","urlTemplate":"https:\/\/taxhelplaw.com\/sptax\/?s={search_term_string}"},"query-input":{"@type":"PropertyValueSpecification","valueRequired":true,"valueName":"search_term_string"}}],"inLanguage":"es"},{"@type":"Organization","@id":"https:\/\/taxhelplaw.com\/sptax\/#organization","name":"TaxHelp, Inc.","url":"https:\/\/taxhelplaw.com\/sptax\/","logo":{"@type":"ImageObject","inLanguage":"es","@id":"https:\/\/taxhelplaw.com\/sptax\/#\/schema\/logo\/image\/","url":"https:\/\/taxhelplaw.com\/sptax\/wp-content\/uploads\/2022\/01\/taxhelpenespanol.jpg","contentUrl":"https:\/\/taxhelplaw.com\/sptax\/wp-content\/uploads\/2022\/01\/taxhelpenespanol.jpg","width":300,"height":101,"caption":"TaxHelp, Inc."},"image":{"@id":"https:\/\/taxhelplaw.com\/sptax\/#\/schema\/logo\/image\/"}}]}},"jetpack_sharing_enabled":true,"_links":{"self":[{"href":"https:\/\/taxhelplaw.com\/sptax\/wp-json\/wp\/v2\/pages\/471","targetHints":{"allow":["GET"]}}],"collection":[{"href":"https:\/\/taxhelplaw.com\/sptax\/wp-json\/wp\/v2\/pages"}],"about":[{"href":"https:\/\/taxhelplaw.com\/sptax\/wp-json\/wp\/v2\/types\/page"}],"author":[{"embeddable":true,"href":"https:\/\/taxhelplaw.com\/sptax\/wp-json\/wp\/v2\/users\/1"}],"replies":[{"embeddable":true,"href":"https:\/\/taxhelplaw.com\/sptax\/wp-json\/wp\/v2\/comments?post=471"}],"version-history":[{"count":9,"href":"https:\/\/taxhelplaw.com\/sptax\/wp-json\/wp\/v2\/pages\/471\/revisions"}],"predecessor-version":[{"id":7636,"href":"https:\/\/taxhelplaw.com\/sptax\/wp-json\/wp\/v2\/pages\/471\/revisions\/7636"}],"up":[{"embeddable":true,"href":"https:\/\/taxhelplaw.com\/sptax\/wp-json\/wp\/v2\/pages\/275"}],"wp:attachment":[{"href":"https:\/\/taxhelplaw.com\/sptax\/wp-json\/wp\/v2\/media?parent=471"}],"curies":[{"name":"wp","href":"https:\/\/api.w.org\/{rel}","templated":true}]}}