{"id":452,"date":"2015-02-08T04:12:31","date_gmt":"2015-02-08T04:12:31","guid":{"rendered":"http:\/\/taxhelplaw.com\/sp\/?page_id=452"},"modified":"2023-03-27T06:07:45","modified_gmt":"2023-03-27T06:07:45","slug":"carta-3164","status":"publish","type":"page","link":"https:\/\/taxhelplaw.com\/sptax\/soluciones\/pasos-de-casos-otros-problemas\/carta-3164\/","title":{"rendered":"Cartas 3164 y Aviso ST41"},"content":{"rendered":"<p>El <a href=\"https:\/\/www.irs.gov\/es\/individuals\/understanding-your-lt40-notice\" target=\"_blank\" rel=\"noopener\">IRS<\/a> tiene 16 versiones de la Carta 3164 que acompa\u00f1an otras cartas o avisos acerca de varios procedimientos que est\u00e1n investigando. Todas son en ingl\u00e9s. El Aviso ST41 es muy similar y en castellano (abajo). El mensaje principal de estas cartas (cualquiera de sus versiones) es que van a contactar a terceros para pedir informaci\u00f3n acerca de usted.<\/p>\n<p>A menudo, esto no lo afecta ya que el IRS contacta a su banco o empleador sobre un aspecto trivial de su caso. Sin embargo, a veces esto puede ser devastador, por ejemplo si el IRS informa a los clientes de un negocio sobre las deudas del mismo.<\/p>\n<p>C\u00f3mo reaccionar depender\u00e1 del procedimiento que est\u00e1n investigando, as\u00ed como qu\u00e9 informaci\u00f3n buscan, y tambi\u00e9n a qui\u00e9n le piden la informaci\u00f3n.<\/p>\n<h6>Aqu\u00ed hay varias Cartas 3164 de acuerdo al procedimiento:<\/h6>\n<div class=\"one-half first\"><span style=\"color: #0000ff;\"><a class=\"popup\" style=\"color: #0000ff;\" title=\"Letter 3164 A opens a dangerous Trust Fund Recovery Interview!\" href=\"\/sptax\/wp-content\/uploads\/2016\/03\/Letter-3164A-1.pdf\" rel=\"noopener\">Fondo Fiduciario \u00a0- 3164A<\/a><\/span><\/div>\n<div class=\"one-half\"><span style=\"color: #0000ff;\"><a class=\"popup\" style=\"color: #0000ff;\" title=\"Letter 3164 B - To collect, the IRS will contact 3rd parties!\" href=\"\/sptax\/wp-content\/uploads\/2016\/03\/Letter-3164B-1.pdf\" rel=\"noopener\">Cobros - 3164B<\/a><\/span><\/div>\n<div class=\"one-half first\"><span style=\"color: #0000ff;\"><a class=\"popup\" style=\"color: #0000ff;\" title=\"Letter 3164 C\" href=\"\/sptax\/wp-content\/uploads\/2016\/03\/Letter-3164C-1.pdf\" rel=\"noopener\">Impuestos sin Declarar \u00a0- 3164C<\/a><\/span><\/div>\n<div class=\"one-half\"><span style=\"color: #0000ff;\"><a class=\"popup\" style=\"color: #0000ff;\" title=\"Letter 3164 D\" href=\"\/sptax\/wp-content\/uploads\/2016\/03\/Letter-3164D-1.pdf\" rel=\"noopener\">Errores en las Declaraciones - 3164D<\/a><\/span><\/div>\n<p>&nbsp;<\/p>\n<div>Auditor\u00edas -<\/div>\n<div class=\"one-half first\"><span style=\"color: #0000ff;\"><a class=\"popup\" style=\"color: #0000ff;\" title=\"Letter 3164E\" href=\"\/sptax\/wp-content\/uploads\/2016\/03\/Letter-3164E-1.pdf\" rel=\"noopener\">3164E<\/a><\/span><\/div>\n<div class=\"one-half\"><span style=\"color: #0000ff;\"><a class=\"popup\" style=\"color: #0000ff;\" title=\"Letter 3164F\" href=\"\/sptax\/wp-content\/uploads\/2016\/03\/Letter-3164F-1.pdf\" rel=\"noopener\">3164F<\/a><\/span><\/div>\n<div class=\"one-half first\"><span style=\"color: #0000ff;\"><a class=\"popup\" style=\"color: #0000ff;\" title=\"Letter 3164G\" href=\"\/sptax\/wp-content\/uploads\/2016\/03\/Letter-3164G-1.pdf\" rel=\"noopener\">3164G<\/a><\/span><\/div>\n<div class=\"one-half\"><span style=\"color: #0000ff;\"><a class=\"popup\" style=\"color: #0000ff;\" title=\"Letter 3164H\" href=\"\/sptax\/wp-content\/uploads\/2016\/03\/Letter-3164H-1.pdf\" rel=\"noopener\">3164H<\/a><\/span><\/div>\n<p>&nbsp;<\/p>\n<div class=\"one-half first\"><span style=\"color: #0000ff;\"><a class=\"popup\" style=\"color: #0000ff;\" title=\"Letter 3164 I\" href=\"\/sptax\/wp-content\/uploads\/2016\/03\/Letter-3164I-1.pdf\" rel=\"noopener\">Impuestos sin Declarar - 3164I<\/a><\/span><\/div>\n<div class=\"one-half\"><span style=\"color: #0000ff;\"><a class=\"popup\" style=\"color: #0000ff;\" title=\"Letter 3164J\" href=\"\/sptax\/wp-content\/uploads\/2016\/03\/Letter-3164J-1.pdf\" rel=\"noopener\">Defensor del Contribuyente - 3164J<\/a><\/span><\/div>\n<div class=\"one-half first\"><span style=\"color: #0000ff;\"><a class=\"popup\" style=\"color: #0000ff;\" title=\"Letter 3164 K\" href=\"\/sptax\/wp-content\/uploads\/2016\/03\/Letter-3164K-1.pdf\" rel=\"noopener\">Solicitud de Fallo 3164K<\/a><\/span><\/div>\n<div class=\"one-half\"><span style=\"color: #0000ff;\"><a class=\"popup\" style=\"color: #0000ff;\" title=\"Letter 3164L\" href=\"\/sptax\/wp-content\/uploads\/2016\/03\/Letter-3164L-1.pdf\" rel=\"noopener\">Apelaciones - 3164L<\/a><\/span><\/div>\n<div class=\"one-half first\"><span style=\"color: #0000ff;\"><a class=\"popup\" style=\"color: #0000ff;\" title=\"Letter 3164 M - To collect, the IRS will contact 3rd parties!\" href=\"\/sptax\/wp-content\/uploads\/2016\/03\/Letter-3164M-1.pdf\" rel=\"noopener\">Cobros - 3164M<\/a><\/span><\/div>\n<\/div>\n<p>Carta 3164: por favor lea los Pasos de Casos de \u00a0<a title=\"Pasos de Casos \u2013 Impuestos de Negocio\" href=\"\/\/taxhelplaw.com\/sptax\/soluciones\/impuestos-de-negocio\/\"><span style=\"color: #0000ff;\">Negocios<\/span><\/a>.<\/p>\n<p>Para las siguientes Cartas 3164B y 3164M, lea los Pasos de Casos de \u00a0<span style=\"color: #0000ff;\"><a style=\"color: #0000ff;\" title=\"Pasos de Casos \u2013 Cobros\" href=\"\/\/taxhelplaw.com\/sptax\/soluciones\/cobros\/\">Cobros<\/a><\/span>.<\/p>\n<p>Para las Cartas 3164C, 3164I y Aviso ST41, vea los Pasos de Casos de \u00a0<span style=\"color: #0000ff;\"><a style=\"color: #0000ff;\" title=\"Pasos de Casos \u2013 Solicitud de declaraci\u00f3n\" href=\"\/\/taxhelplaw.com\/sptax\/soluciones\/pasos-de-casos-solicitud-de-declaracion\/\">Solicitud de Declaraci\u00f3n<\/a><\/span>.<\/p>\n<p>Sobre la Carta 3164D, lea los Pasos de Casos de \u00a0<span style=\"color: #0000ff;\"><a style=\"color: #0000ff;\" title=\"Pasos de Casos \u2013 Errores de Declaraci\u00f3n\" href=\"\/\/taxhelplaw.com\/sptax\/soluciones\/pasos-de-casos-errores-de-declaracion\/\">Errores de Declaraci\u00f3n<\/a><\/span>.<\/p>\n<p>Para las siguientes Cartas 3164E, 3164F, 3164G y 3164H, por favor lea los Pasos de Casos de \u00a0<span style=\"color: #0000ff;\"><a style=\"color: #0000ff;\" title=\"Pasos de Casos \u2013 Auditorias\" href=\"\/\/taxhelplaw.com\/sptax\/soluciones\/pasos-de-casos-auditorias\/\">Auditor\u00edas<\/a><\/span>.<\/p>\n<p>Para la Carta 3164L, lea los Pasos de Casos de \u00a0<span style=\"color: #0000ff;\"><a style=\"color: #0000ff;\" title=\"Pasos de Casos \u2013 Apelaciones del IRS\" href=\"\/\/taxhelplaw.com\/sptax\/soluciones\/pasos-de-casos-apelaciones-del-irs\/\">Apelaciones<\/a><\/span>.<\/p>\n<h6>C\u00f3mo responder a la Carta 3164:<\/h6>\n<p>Por lo general, no hay necesidad de responder directamente al IRS acerca de esta carta pero, dependiendo de las circunstancias, quiz\u00e1 quiera alertar a sus clientes o empleados que el IRS los podr\u00eda contactar.<\/p>\n<p>El problema subyacente con el IRS debe ser disputado y resuelto as\u00ed que si tiene dudas p\u00f3ngase en contacto con nuestro abogado fiscal, el Lic. Hopkins.<\/p>\n<p>&nbsp;<\/p>\n<h5>Carta 3164A:<\/h5>\n<div class=\"one-half first\">\n<h6>Versi\u00f3n en ingl\u00e9s:<\/h6>\n<\/div>\n<div class=\"one-half\"><a href=\"\/sptax\/wp-content\/uploads\/2016\/04\/Letter-3164A-1.jpg\" class=\"popup\">Letter 3164A<\/a><\/div>\n<p>&nbsp;<\/p>\n<div>\n<h6>Nuestra traducci\u00f3n al espa\u00f1ol:<\/h6>\n<\/div>\n<p><a title=\"Pasos de Casos \u2013 Otros Problemas\" href=\"\/\/taxhelplaw.com\/sptax\/soluciones\/pasos-de-casos-otros-problemas\/\"><img loading=\"lazy\" decoding=\"async\" class=\"wp-image-3139 size-large\" src=\"https:\/\/taxhelplaw.com\/sptax\/wp-content\/uploads\/2023\/03\/Letter3164Aenespanol.jpg\" alt=\"Letter 3164A warns you the IRS may contact 3rd parties\" width=\"1228\" height=\"1658\" \/><\/a><\/p>\n<h5>Aviso ST41:<\/h5>\n<p><a style=\"display: block; z-index: 1;\" href=\"https:\/\/taxhelplaw.com\/sptax\/soluciones\/cobros\/\"><object style=\"pointer-events: none; z-index: -1; overflow: hidden; border: 0px; padding: 0px; margin: 0px; width: 700px; height: 850px;\" data=\"https:\/\/taxhelplaw.com\/sptax\/wp-content\/uploads\/2022\/10\/Aviso.ST41.jpg\" width=\"710\" height=\"850\"><\/object><\/a><\/p>\n<p><a href=\"https:\/\/taxhelplaw.com\/sptax\/sample-page-2\/contactenos\/\"><img loading=\"lazy\" decoding=\"async\" class=\"aligncenter size-full wp-image-3464\" title=\"Cartas 3164 y Aviso ST41 del IRS\" src=\"https:\/\/taxhelplaw.com\/sptax\/wp-content\/uploads\/2022\/01\/taxhelpenespanol.jpg\" alt=\"Cartas 3164 y Aviso ST41 del IRS. Abogado de derecho fiscal en Colorado Springs. Abogado de impuestos en Colorado Springs\" width=\"300\" height=\"101\" \/><\/a><\/p>\n","protected":false},"excerpt":{"rendered":"<p>El IRS tiene 16 versiones de la Carta 3164 que acompa\u00f1an otras cartas o avisos acerca de varios procedimientos que est\u00e1n investigando. Todas son en ingl\u00e9s. El Aviso ST41 es muy similar y en castellano (abajo). El mensaje principal de estas cartas (cualquiera de sus versiones) es que van a contactar a terceros para pedir [&hellip;]<\/p>\n","protected":false},"author":1,"featured_media":0,"parent":275,"menu_order":25,"comment_status":"closed","ping_status":"closed","template":"","meta":{"_genesis_hide_title":false,"_genesis_hide_breadcrumbs":false,"_genesis_hide_singular_image":false,"_genesis_hide_footer_widgets":false,"_genesis_custom_body_class":"","_genesis_custom_post_class":"","_genesis_layout":"","footnotes":""},"class_list":{"0":"post-452","1":"page","2":"type-page","3":"status-publish","5":"entry"},"yoast_head":"<!-- This site is optimized with the Yoast SEO Premium plugin v27.0 (Yoast SEO v27.4) - https:\/\/yoast.com\/product\/yoast-seo-premium-wordpress\/ -->\n<title>Cartas 3164 y Aviso ST41.Contactar\u00e1n a terceros - TaxHelpLaw<\/title>\n<meta name=\"description\" content=\"Cartas 3164 y Aviso ST41 del IRS: si tiene preguntas, contacte a nuestro abogado fiscal para resolver problemas relacionados con el IRS.\" \/>\n<meta name=\"robots\" content=\"index, follow, max-snippet:-1, max-image-preview:large, max-video-preview:-1\" \/>\n<link rel=\"canonical\" href=\"https:\/\/taxhelplaw.com\/sptax\/soluciones\/pasos-de-casos-otros-problemas\/carta-3164\/\" \/>\n<meta property=\"og:locale\" content=\"es_MX\" \/>\n<meta property=\"og:type\" content=\"article\" \/>\n<meta property=\"og:title\" content=\"Cartas 3164 y Aviso ST41\" \/>\n<meta property=\"og:description\" content=\"Cartas 3164 y Aviso ST41 del IRS: si tiene preguntas, contacte a nuestro abogado fiscal para resolver problemas relacionados con el IRS.\" \/>\n<meta property=\"og:url\" content=\"https:\/\/taxhelplaw.com\/sptax\/soluciones\/pasos-de-casos-otros-problemas\/carta-3164\/\" \/>\n<meta property=\"og:site_name\" content=\"J. David Hopkins, JD LLM\" \/>\n<meta property=\"article:modified_time\" content=\"2023-03-27T06:07:45+00:00\" \/>\n<meta property=\"og:image\" content=\"https:\/\/taxhelplaw.com\/sptax\/wp-content\/uploads\/2023\/03\/Letter3164Aenespanol.jpg\" \/>\n<meta name=\"twitter:card\" content=\"summary_large_image\" \/>\n<meta name=\"twitter:label1\" content=\"Tiempo de lectura\" \/>\n\t<meta name=\"twitter:data1\" content=\"2 minutos\" \/>\n<script type=\"application\/ld+json\" class=\"yoast-schema-graph\">{\"@context\":\"https:\\\/\\\/schema.org\",\"@graph\":[{\"@type\":\"WebPage\",\"@id\":\"https:\\\/\\\/taxhelplaw.com\\\/sptax\\\/soluciones\\\/pasos-de-casos-otros-problemas\\\/carta-3164\\\/\",\"url\":\"https:\\\/\\\/taxhelplaw.com\\\/sptax\\\/soluciones\\\/pasos-de-casos-otros-problemas\\\/carta-3164\\\/\",\"name\":\"Cartas 3164 y Aviso ST41.Contactar\u00e1n a terceros - TaxHelpLaw\",\"isPartOf\":{\"@id\":\"https:\\\/\\\/taxhelplaw.com\\\/sptax\\\/#website\"},\"primaryImageOfPage\":{\"@id\":\"https:\\\/\\\/taxhelplaw.com\\\/sptax\\\/soluciones\\\/pasos-de-casos-otros-problemas\\\/carta-3164\\\/#primaryimage\"},\"image\":{\"@id\":\"https:\\\/\\\/taxhelplaw.com\\\/sptax\\\/soluciones\\\/pasos-de-casos-otros-problemas\\\/carta-3164\\\/#primaryimage\"},\"thumbnailUrl\":\"https:\\\/\\\/taxhelplaw.com\\\/sptax\\\/wp-content\\\/uploads\\\/2023\\\/03\\\/Letter3164Aenespanol.jpg\",\"datePublished\":\"2015-02-08T04:12:31+00:00\",\"dateModified\":\"2023-03-27T06:07:45+00:00\",\"description\":\"Cartas 3164 y Aviso ST41 del IRS: si tiene preguntas, contacte a nuestro abogado fiscal para resolver problemas relacionados con el IRS.\",\"breadcrumb\":{\"@id\":\"https:\\\/\\\/taxhelplaw.com\\\/sptax\\\/soluciones\\\/pasos-de-casos-otros-problemas\\\/carta-3164\\\/#breadcrumb\"},\"inLanguage\":\"es\",\"potentialAction\":[{\"@type\":\"ReadAction\",\"target\":[\"https:\\\/\\\/taxhelplaw.com\\\/sptax\\\/soluciones\\\/pasos-de-casos-otros-problemas\\\/carta-3164\\\/\"]}]},{\"@type\":\"ImageObject\",\"inLanguage\":\"es\",\"@id\":\"https:\\\/\\\/taxhelplaw.com\\\/sptax\\\/soluciones\\\/pasos-de-casos-otros-problemas\\\/carta-3164\\\/#primaryimage\",\"url\":\"https:\\\/\\\/taxhelplaw.com\\\/sptax\\\/wp-content\\\/uploads\\\/2023\\\/03\\\/Letter3164Aenespanol.jpg\",\"contentUrl\":\"https:\\\/\\\/taxhelplaw.com\\\/sptax\\\/wp-content\\\/uploads\\\/2023\\\/03\\\/Letter3164Aenespanol.jpg\",\"width\":1700,\"height\":2200},{\"@type\":\"BreadcrumbList\",\"@id\":\"https:\\\/\\\/taxhelplaw.com\\\/sptax\\\/soluciones\\\/pasos-de-casos-otros-problemas\\\/carta-3164\\\/#breadcrumb\",\"itemListElement\":[{\"@type\":\"ListItem\",\"position\":1,\"name\":\"Home\",\"item\":\"https:\\\/\\\/taxhelplaw.com\\\/sptax\\\/\"},{\"@type\":\"ListItem\",\"position\":2,\"name\":\"Soluciones\",\"item\":\"https:\\\/\\\/taxhelplaw.com\\\/sptax\\\/soluciones\\\/\"},{\"@type\":\"ListItem\",\"position\":3,\"name\":\"Otros Problemas\",\"item\":\"https:\\\/\\\/taxhelplaw.com\\\/sptax\\\/soluciones\\\/pasos-de-casos-otros-problemas\\\/\"},{\"@type\":\"ListItem\",\"position\":4,\"name\":\"Cartas 3164 y Aviso ST41\"}]},{\"@type\":\"WebSite\",\"@id\":\"https:\\\/\\\/taxhelplaw.com\\\/sptax\\\/#website\",\"url\":\"https:\\\/\\\/taxhelplaw.com\\\/sptax\\\/\",\"name\":\"J. David Hopkins, JD LLM\",\"description\":\"Maestr\u00eda en Derecho Tributario\",\"publisher\":{\"@id\":\"https:\\\/\\\/taxhelplaw.com\\\/sptax\\\/#organization\"},\"alternateName\":\"TaxHelpLaw en Espa\u00f1ol\",\"potentialAction\":[{\"@type\":\"SearchAction\",\"target\":{\"@type\":\"EntryPoint\",\"urlTemplate\":\"https:\\\/\\\/taxhelplaw.com\\\/sptax\\\/?s={search_term_string}\"},\"query-input\":{\"@type\":\"PropertyValueSpecification\",\"valueRequired\":true,\"valueName\":\"search_term_string\"}}],\"inLanguage\":\"es\"},{\"@type\":\"Organization\",\"@id\":\"https:\\\/\\\/taxhelplaw.com\\\/sptax\\\/#organization\",\"name\":\"TaxHelp, Inc.\",\"url\":\"https:\\\/\\\/taxhelplaw.com\\\/sptax\\\/\",\"logo\":{\"@type\":\"ImageObject\",\"inLanguage\":\"es\",\"@id\":\"https:\\\/\\\/taxhelplaw.com\\\/sptax\\\/#\\\/schema\\\/logo\\\/image\\\/\",\"url\":\"https:\\\/\\\/taxhelplaw.com\\\/sptax\\\/wp-content\\\/uploads\\\/2022\\\/01\\\/taxhelpenespanol.jpg\",\"contentUrl\":\"https:\\\/\\\/taxhelplaw.com\\\/sptax\\\/wp-content\\\/uploads\\\/2022\\\/01\\\/taxhelpenespanol.jpg\",\"width\":300,\"height\":101,\"caption\":\"TaxHelp, Inc.\"},\"image\":{\"@id\":\"https:\\\/\\\/taxhelplaw.com\\\/sptax\\\/#\\\/schema\\\/logo\\\/image\\\/\"}}]}<\/script>\n<!-- \/ Yoast SEO Premium plugin. -->","yoast_head_json":{"title":"Cartas 3164 y Aviso ST41.Contactar\u00e1n a terceros - TaxHelpLaw","description":"Cartas 3164 y Aviso ST41 del IRS: si tiene preguntas, contacte a nuestro abogado fiscal para resolver problemas relacionados con el IRS.","robots":{"index":"index","follow":"follow","max-snippet":"max-snippet:-1","max-image-preview":"max-image-preview:large","max-video-preview":"max-video-preview:-1"},"canonical":"https:\/\/taxhelplaw.com\/sptax\/soluciones\/pasos-de-casos-otros-problemas\/carta-3164\/","og_locale":"es_MX","og_type":"article","og_title":"Cartas 3164 y Aviso ST41","og_description":"Cartas 3164 y Aviso ST41 del IRS: si tiene preguntas, contacte a nuestro abogado fiscal para resolver problemas relacionados con el IRS.","og_url":"https:\/\/taxhelplaw.com\/sptax\/soluciones\/pasos-de-casos-otros-problemas\/carta-3164\/","og_site_name":"J. David Hopkins, JD LLM","article_modified_time":"2023-03-27T06:07:45+00:00","og_image":[{"url":"https:\/\/taxhelplaw.com\/sptax\/wp-content\/uploads\/2023\/03\/Letter3164Aenespanol.jpg","type":"","width":"","height":""}],"twitter_card":"summary_large_image","twitter_misc":{"Tiempo de lectura":"2 minutos"},"schema":{"@context":"https:\/\/schema.org","@graph":[{"@type":"WebPage","@id":"https:\/\/taxhelplaw.com\/sptax\/soluciones\/pasos-de-casos-otros-problemas\/carta-3164\/","url":"https:\/\/taxhelplaw.com\/sptax\/soluciones\/pasos-de-casos-otros-problemas\/carta-3164\/","name":"Cartas 3164 y Aviso ST41.Contactar\u00e1n a terceros - TaxHelpLaw","isPartOf":{"@id":"https:\/\/taxhelplaw.com\/sptax\/#website"},"primaryImageOfPage":{"@id":"https:\/\/taxhelplaw.com\/sptax\/soluciones\/pasos-de-casos-otros-problemas\/carta-3164\/#primaryimage"},"image":{"@id":"https:\/\/taxhelplaw.com\/sptax\/soluciones\/pasos-de-casos-otros-problemas\/carta-3164\/#primaryimage"},"thumbnailUrl":"https:\/\/taxhelplaw.com\/sptax\/wp-content\/uploads\/2023\/03\/Letter3164Aenespanol.jpg","datePublished":"2015-02-08T04:12:31+00:00","dateModified":"2023-03-27T06:07:45+00:00","description":"Cartas 3164 y Aviso ST41 del IRS: si tiene preguntas, contacte a nuestro abogado fiscal para resolver problemas relacionados con el IRS.","breadcrumb":{"@id":"https:\/\/taxhelplaw.com\/sptax\/soluciones\/pasos-de-casos-otros-problemas\/carta-3164\/#breadcrumb"},"inLanguage":"es","potentialAction":[{"@type":"ReadAction","target":["https:\/\/taxhelplaw.com\/sptax\/soluciones\/pasos-de-casos-otros-problemas\/carta-3164\/"]}]},{"@type":"ImageObject","inLanguage":"es","@id":"https:\/\/taxhelplaw.com\/sptax\/soluciones\/pasos-de-casos-otros-problemas\/carta-3164\/#primaryimage","url":"https:\/\/taxhelplaw.com\/sptax\/wp-content\/uploads\/2023\/03\/Letter3164Aenespanol.jpg","contentUrl":"https:\/\/taxhelplaw.com\/sptax\/wp-content\/uploads\/2023\/03\/Letter3164Aenespanol.jpg","width":1700,"height":2200},{"@type":"BreadcrumbList","@id":"https:\/\/taxhelplaw.com\/sptax\/soluciones\/pasos-de-casos-otros-problemas\/carta-3164\/#breadcrumb","itemListElement":[{"@type":"ListItem","position":1,"name":"Home","item":"https:\/\/taxhelplaw.com\/sptax\/"},{"@type":"ListItem","position":2,"name":"Soluciones","item":"https:\/\/taxhelplaw.com\/sptax\/soluciones\/"},{"@type":"ListItem","position":3,"name":"Otros Problemas","item":"https:\/\/taxhelplaw.com\/sptax\/soluciones\/pasos-de-casos-otros-problemas\/"},{"@type":"ListItem","position":4,"name":"Cartas 3164 y Aviso ST41"}]},{"@type":"WebSite","@id":"https:\/\/taxhelplaw.com\/sptax\/#website","url":"https:\/\/taxhelplaw.com\/sptax\/","name":"J. David Hopkins, JD LLM","description":"Maestr\u00eda en Derecho Tributario","publisher":{"@id":"https:\/\/taxhelplaw.com\/sptax\/#organization"},"alternateName":"TaxHelpLaw en Espa\u00f1ol","potentialAction":[{"@type":"SearchAction","target":{"@type":"EntryPoint","urlTemplate":"https:\/\/taxhelplaw.com\/sptax\/?s={search_term_string}"},"query-input":{"@type":"PropertyValueSpecification","valueRequired":true,"valueName":"search_term_string"}}],"inLanguage":"es"},{"@type":"Organization","@id":"https:\/\/taxhelplaw.com\/sptax\/#organization","name":"TaxHelp, Inc.","url":"https:\/\/taxhelplaw.com\/sptax\/","logo":{"@type":"ImageObject","inLanguage":"es","@id":"https:\/\/taxhelplaw.com\/sptax\/#\/schema\/logo\/image\/","url":"https:\/\/taxhelplaw.com\/sptax\/wp-content\/uploads\/2022\/01\/taxhelpenespanol.jpg","contentUrl":"https:\/\/taxhelplaw.com\/sptax\/wp-content\/uploads\/2022\/01\/taxhelpenespanol.jpg","width":300,"height":101,"caption":"TaxHelp, Inc."},"image":{"@id":"https:\/\/taxhelplaw.com\/sptax\/#\/schema\/logo\/image\/"}}]}},"jetpack_sharing_enabled":true,"_links":{"self":[{"href":"https:\/\/taxhelplaw.com\/sptax\/wp-json\/wp\/v2\/pages\/452","targetHints":{"allow":["GET"]}}],"collection":[{"href":"https:\/\/taxhelplaw.com\/sptax\/wp-json\/wp\/v2\/pages"}],"about":[{"href":"https:\/\/taxhelplaw.com\/sptax\/wp-json\/wp\/v2\/types\/page"}],"author":[{"embeddable":true,"href":"https:\/\/taxhelplaw.com\/sptax\/wp-json\/wp\/v2\/users\/1"}],"replies":[{"embeddable":true,"href":"https:\/\/taxhelplaw.com\/sptax\/wp-json\/wp\/v2\/comments?post=452"}],"version-history":[{"count":28,"href":"https:\/\/taxhelplaw.com\/sptax\/wp-json\/wp\/v2\/pages\/452\/revisions"}],"predecessor-version":[{"id":7646,"href":"https:\/\/taxhelplaw.com\/sptax\/wp-json\/wp\/v2\/pages\/452\/revisions\/7646"}],"up":[{"embeddable":true,"href":"https:\/\/taxhelplaw.com\/sptax\/wp-json\/wp\/v2\/pages\/275"}],"wp:attachment":[{"href":"https:\/\/taxhelplaw.com\/sptax\/wp-json\/wp\/v2\/media?parent=452"}],"curies":[{"name":"wp","href":"https:\/\/api.w.org\/{rel}","templated":true}]}}