{"id":442,"date":"2015-02-08T03:56:39","date_gmt":"2015-02-08T03:56:39","guid":{"rendered":"http:\/\/taxhelplaw.com\/sp\/?page_id=442"},"modified":"2023-03-23T01:21:34","modified_gmt":"2023-03-23T01:21:34","slug":"carta-2788c","status":"publish","type":"page","link":"https:\/\/taxhelplaw.com\/sptax\/soluciones\/pasos-de-casos-otros-problemas\/carta-2788c\/","title":{"rendered":"Carta 2788C"},"content":{"rendered":"<p>Con la Carta 2788C el <a href=\"https:\/\/www.irs.gov\/es\/individuals\/understanding-your-irs-notice-or-letter\" target=\"_blank\" rel=\"noopener\">IRS<\/a> le pide que actualice su informaci\u00f3n con el Formulario <span style=\"color: #0000ff;\"><a class=\"popup\" style=\"color: #0000ff;\" title=\"Formulario 8822B\" href=\"\/\/www.irs.gov\/pub\/irs-pdf\/f8822b.pdf\" target=\"_blank\" rel=\"noopener\">8822B<\/a><\/span> o <span style=\"color: #0000ff;\"><a class=\"popup\" style=\"color: #0000ff;\" title=\"Formulario 8822 - Cambiar su direcci\u00f3n\" href=\"\/\/www.irs.gov\/pub\/irs-pdf\/f8822.pdf\">8822<\/a><\/span>. Env\u00edelo por correo certificado. Tambi\u00e9n env\u00edan esta carta a <a class=\"popup\" title=\"Aviso 2788C\" href=\"\/sptax\/wp-content\/uploads\/2015\/02\/Carta2788C-1.jpg\" target=\"_blank\" rel=\"noopener\"><span style=\"color: #0000ff;\">individuos<\/span><\/a>, (en vez de negocios).<\/p>\n<p>Es importante recibir cartas del IRS, por lo tanto usted tiene que mantenerlos actualizados, con su nueva direcci\u00f3n. Su direcci\u00f3n ser\u00e1 cambiada la pr\u00f3xima vez que presente la declaraci\u00f3n de impuestos pero mientras tanto, usted seguir\u00e1 recibiendo correspondencia de ellos.<\/p>\n<p>Si usted ha recibido la Carta 2788C y quiere hacer una cita con el Lic. Hopkins, por favor vea los <a title=\"Pasos de Casos \u2013 Otros Problemas\" href=\"\/\/taxhelplaw.com\/sptax\/soluciones\/pasos-de-casos-otros-problemas\/\"><span style=\"color: #0000ff;\">Pasos de Casos<\/span><\/a> antes de la misma para que su visita sea m\u00e1s productiva.<\/p>\n<div class=\"one-half first\">\n<h6>Versi\u00f3n en ingl\u00e9s:<\/h6>\n<\/div>\n<div class=\"one-half\"><a href=\"\/sptax\/wp-content\/uploads\/2015\/02\/Carta2788C1-1.jpg\" class=\"popup\">Letter 2788C<\/a><\/div>\n<p>&nbsp;<\/p>\n<div>\n<h6>Nuestra traducci\u00f3n al espa\u00f1ol:<\/h6>\n<\/div>\n<p><a title=\"Pasos de Casos \u2013 Otros Problemas\" href=\"\/\/taxhelplaw.com\/sptax\/soluciones\/pasos-de-casos-otros-problemas\/\"><img loading=\"lazy\" decoding=\"async\" class=\"alignleft size-full wp-image-823\" src=\"https:\/\/taxhelplaw.com\/sptax\/wp-content\/uploads\/2023\/03\/Ltr2788C.en_.espanol-scaled.jpg\" alt=\"Carta 2788C del IRS\" width=\"1243\" height=\"1668\" \/><\/a><\/p>\n<p><a href=\"https:\/\/taxhelplaw.com\/sptax\/sample-page-2\/contactenos\/\"><img loading=\"lazy\" decoding=\"async\" class=\"aligncenter size-full wp-image-3464\" title=\"Carta 2788C del IRS\" src=\"https:\/\/taxhelplaw.com\/sptax\/wp-content\/uploads\/2022\/01\/taxhelpenespanol.jpg\" alt=\"Carta 2788C del IRS. Abogado de derecho fiscal en Colorado Springs. Abogado de impuestos en Colorado Springs\" width=\"300\" height=\"101\" \/><\/a><\/p>\n","protected":false},"excerpt":{"rendered":"<p>Con la Carta 2788C el IRS le pide que actualice su informaci\u00f3n con el Formulario 8822B o 8822. Env\u00edelo por correo certificado. Tambi\u00e9n env\u00edan esta carta a individuos, (en vez de negocios). Es importante recibir cartas del IRS, por lo tanto usted tiene que mantenerlos actualizados, con su nueva direcci\u00f3n. Su direcci\u00f3n ser\u00e1 cambiada la [&hellip;]<\/p>\n","protected":false},"author":1,"featured_media":0,"parent":275,"menu_order":19,"comment_status":"closed","ping_status":"closed","template":"","meta":{"_genesis_hide_title":false,"_genesis_hide_breadcrumbs":false,"_genesis_hide_singular_image":false,"_genesis_hide_footer_widgets":false,"_genesis_custom_body_class":"","_genesis_custom_post_class":"","_genesis_layout":"","footnotes":""},"class_list":{"0":"post-442","1":"page","2":"type-page","3":"status-publish","5":"entry"},"yoast_head":"<!-- This site is optimized with the Yoast SEO Premium plugin v27.0 (Yoast SEO v27.5) - https:\/\/yoast.com\/product\/yoast-seo-premium-wordpress\/ -->\n<title>Carta 2788C. Actualice su informaci\u00f3n - TaxHelpLaw<\/title>\n<meta name=\"description\" content=\"Carta 2788C del IRS: actualice su informaci\u00f3n. Si necesita ayuda con sus impuestos, el Lic. Hopkins, abogado fiscal, est\u00e1 para servirlo.\" \/>\n<meta name=\"robots\" content=\"index, follow, max-snippet:-1, max-image-preview:large, max-video-preview:-1\" \/>\n<link rel=\"canonical\" href=\"https:\/\/taxhelplaw.com\/sptax\/soluciones\/pasos-de-casos-otros-problemas\/carta-2788c\/\" \/>\n<meta property=\"og:locale\" content=\"es_MX\" \/>\n<meta property=\"og:type\" content=\"article\" \/>\n<meta property=\"og:title\" content=\"Carta 2788C\" \/>\n<meta property=\"og:description\" content=\"Carta 2788C del IRS: actualice su informaci\u00f3n. Si necesita ayuda con sus impuestos, el Lic. Hopkins, abogado fiscal, est\u00e1 para servirlo.\" \/>\n<meta property=\"og:url\" content=\"https:\/\/taxhelplaw.com\/sptax\/soluciones\/pasos-de-casos-otros-problemas\/carta-2788c\/\" \/>\n<meta property=\"og:site_name\" content=\"J. David Hopkins, JD LLM\" \/>\n<meta property=\"article:modified_time\" content=\"2023-03-23T01:21:34+00:00\" \/>\n<meta property=\"og:image\" content=\"https:\/\/taxhelplaw.com\/sptax\/wp-content\/uploads\/2023\/03\/Ltr2788C.en_.espanol-scaled.jpg\" \/>\n<meta name=\"twitter:card\" content=\"summary_large_image\" \/>\n<meta name=\"twitter:label1\" content=\"Tiempo de lectura\" \/>\n\t<meta name=\"twitter:data1\" content=\"1 minuto\" \/>\n<script type=\"application\/ld+json\" class=\"yoast-schema-graph\">{\"@context\":\"https:\\\/\\\/schema.org\",\"@graph\":[{\"@type\":\"WebPage\",\"@id\":\"https:\\\/\\\/taxhelplaw.com\\\/sptax\\\/soluciones\\\/pasos-de-casos-otros-problemas\\\/carta-2788c\\\/\",\"url\":\"https:\\\/\\\/taxhelplaw.com\\\/sptax\\\/soluciones\\\/pasos-de-casos-otros-problemas\\\/carta-2788c\\\/\",\"name\":\"Carta 2788C. Actualice su informaci\u00f3n - TaxHelpLaw\",\"isPartOf\":{\"@id\":\"https:\\\/\\\/taxhelplaw.com\\\/sptax\\\/#website\"},\"primaryImageOfPage\":{\"@id\":\"https:\\\/\\\/taxhelplaw.com\\\/sptax\\\/soluciones\\\/pasos-de-casos-otros-problemas\\\/carta-2788c\\\/#primaryimage\"},\"image\":{\"@id\":\"https:\\\/\\\/taxhelplaw.com\\\/sptax\\\/soluciones\\\/pasos-de-casos-otros-problemas\\\/carta-2788c\\\/#primaryimage\"},\"thumbnailUrl\":\"https:\\\/\\\/taxhelplaw.com\\\/sptax\\\/wp-content\\\/uploads\\\/2023\\\/03\\\/Ltr2788C.en_.espanol-scaled.jpg\",\"datePublished\":\"2015-02-08T03:56:39+00:00\",\"dateModified\":\"2023-03-23T01:21:34+00:00\",\"description\":\"Carta 2788C del IRS: actualice su informaci\u00f3n. Si necesita ayuda con sus impuestos, el Lic. Hopkins, abogado fiscal, est\u00e1 para servirlo.\",\"breadcrumb\":{\"@id\":\"https:\\\/\\\/taxhelplaw.com\\\/sptax\\\/soluciones\\\/pasos-de-casos-otros-problemas\\\/carta-2788c\\\/#breadcrumb\"},\"inLanguage\":\"es\",\"potentialAction\":[{\"@type\":\"ReadAction\",\"target\":[\"https:\\\/\\\/taxhelplaw.com\\\/sptax\\\/soluciones\\\/pasos-de-casos-otros-problemas\\\/carta-2788c\\\/\"]}]},{\"@type\":\"ImageObject\",\"inLanguage\":\"es\",\"@id\":\"https:\\\/\\\/taxhelplaw.com\\\/sptax\\\/soluciones\\\/pasos-de-casos-otros-problemas\\\/carta-2788c\\\/#primaryimage\",\"url\":\"https:\\\/\\\/taxhelplaw.com\\\/sptax\\\/wp-content\\\/uploads\\\/2023\\\/03\\\/Ltr2788C.en_.espanol-scaled.jpg\",\"contentUrl\":\"https:\\\/\\\/taxhelplaw.com\\\/sptax\\\/wp-content\\\/uploads\\\/2023\\\/03\\\/Ltr2788C.en_.espanol-scaled.jpg\",\"width\":1978,\"height\":2560},{\"@type\":\"BreadcrumbList\",\"@id\":\"https:\\\/\\\/taxhelplaw.com\\\/sptax\\\/soluciones\\\/pasos-de-casos-otros-problemas\\\/carta-2788c\\\/#breadcrumb\",\"itemListElement\":[{\"@type\":\"ListItem\",\"position\":1,\"name\":\"Home\",\"item\":\"https:\\\/\\\/taxhelplaw.com\\\/sptax\\\/\"},{\"@type\":\"ListItem\",\"position\":2,\"name\":\"Soluciones\",\"item\":\"https:\\\/\\\/taxhelplaw.com\\\/sptax\\\/soluciones\\\/\"},{\"@type\":\"ListItem\",\"position\":3,\"name\":\"Otros Problemas\",\"item\":\"https:\\\/\\\/taxhelplaw.com\\\/sptax\\\/soluciones\\\/pasos-de-casos-otros-problemas\\\/\"},{\"@type\":\"ListItem\",\"position\":4,\"name\":\"Carta 2788C\"}]},{\"@type\":\"WebSite\",\"@id\":\"https:\\\/\\\/taxhelplaw.com\\\/sptax\\\/#website\",\"url\":\"https:\\\/\\\/taxhelplaw.com\\\/sptax\\\/\",\"name\":\"J. David Hopkins, JD LLM\",\"description\":\"Maestr\u00eda en Derecho Tributario\",\"publisher\":{\"@id\":\"https:\\\/\\\/taxhelplaw.com\\\/sptax\\\/#organization\"},\"alternateName\":\"TaxHelpLaw en Espa\u00f1ol\",\"potentialAction\":[{\"@type\":\"SearchAction\",\"target\":{\"@type\":\"EntryPoint\",\"urlTemplate\":\"https:\\\/\\\/taxhelplaw.com\\\/sptax\\\/?s={search_term_string}\"},\"query-input\":{\"@type\":\"PropertyValueSpecification\",\"valueRequired\":true,\"valueName\":\"search_term_string\"}}],\"inLanguage\":\"es\"},{\"@type\":\"Organization\",\"@id\":\"https:\\\/\\\/taxhelplaw.com\\\/sptax\\\/#organization\",\"name\":\"TaxHelp, Inc.\",\"url\":\"https:\\\/\\\/taxhelplaw.com\\\/sptax\\\/\",\"logo\":{\"@type\":\"ImageObject\",\"inLanguage\":\"es\",\"@id\":\"https:\\\/\\\/taxhelplaw.com\\\/sptax\\\/#\\\/schema\\\/logo\\\/image\\\/\",\"url\":\"https:\\\/\\\/taxhelplaw.com\\\/sptax\\\/wp-content\\\/uploads\\\/2022\\\/01\\\/taxhelpenespanol.jpg\",\"contentUrl\":\"https:\\\/\\\/taxhelplaw.com\\\/sptax\\\/wp-content\\\/uploads\\\/2022\\\/01\\\/taxhelpenespanol.jpg\",\"width\":300,\"height\":101,\"caption\":\"TaxHelp, Inc.\"},\"image\":{\"@id\":\"https:\\\/\\\/taxhelplaw.com\\\/sptax\\\/#\\\/schema\\\/logo\\\/image\\\/\"}}]}<\/script>\n<!-- \/ Yoast SEO Premium plugin. -->","yoast_head_json":{"title":"Carta 2788C. Actualice su informaci\u00f3n - TaxHelpLaw","description":"Carta 2788C del IRS: actualice su informaci\u00f3n. Si necesita ayuda con sus impuestos, el Lic. Hopkins, abogado fiscal, est\u00e1 para servirlo.","robots":{"index":"index","follow":"follow","max-snippet":"max-snippet:-1","max-image-preview":"max-image-preview:large","max-video-preview":"max-video-preview:-1"},"canonical":"https:\/\/taxhelplaw.com\/sptax\/soluciones\/pasos-de-casos-otros-problemas\/carta-2788c\/","og_locale":"es_MX","og_type":"article","og_title":"Carta 2788C","og_description":"Carta 2788C del IRS: actualice su informaci\u00f3n. Si necesita ayuda con sus impuestos, el Lic. Hopkins, abogado fiscal, est\u00e1 para servirlo.","og_url":"https:\/\/taxhelplaw.com\/sptax\/soluciones\/pasos-de-casos-otros-problemas\/carta-2788c\/","og_site_name":"J. David Hopkins, JD LLM","article_modified_time":"2023-03-23T01:21:34+00:00","og_image":[{"url":"https:\/\/taxhelplaw.com\/sptax\/wp-content\/uploads\/2023\/03\/Ltr2788C.en_.espanol-scaled.jpg","type":"","width":"","height":""}],"twitter_card":"summary_large_image","twitter_misc":{"Tiempo de lectura":"1 minuto"},"schema":{"@context":"https:\/\/schema.org","@graph":[{"@type":"WebPage","@id":"https:\/\/taxhelplaw.com\/sptax\/soluciones\/pasos-de-casos-otros-problemas\/carta-2788c\/","url":"https:\/\/taxhelplaw.com\/sptax\/soluciones\/pasos-de-casos-otros-problemas\/carta-2788c\/","name":"Carta 2788C. Actualice su informaci\u00f3n - TaxHelpLaw","isPartOf":{"@id":"https:\/\/taxhelplaw.com\/sptax\/#website"},"primaryImageOfPage":{"@id":"https:\/\/taxhelplaw.com\/sptax\/soluciones\/pasos-de-casos-otros-problemas\/carta-2788c\/#primaryimage"},"image":{"@id":"https:\/\/taxhelplaw.com\/sptax\/soluciones\/pasos-de-casos-otros-problemas\/carta-2788c\/#primaryimage"},"thumbnailUrl":"https:\/\/taxhelplaw.com\/sptax\/wp-content\/uploads\/2023\/03\/Ltr2788C.en_.espanol-scaled.jpg","datePublished":"2015-02-08T03:56:39+00:00","dateModified":"2023-03-23T01:21:34+00:00","description":"Carta 2788C del IRS: actualice su informaci\u00f3n. Si necesita ayuda con sus impuestos, el Lic. Hopkins, abogado fiscal, est\u00e1 para servirlo.","breadcrumb":{"@id":"https:\/\/taxhelplaw.com\/sptax\/soluciones\/pasos-de-casos-otros-problemas\/carta-2788c\/#breadcrumb"},"inLanguage":"es","potentialAction":[{"@type":"ReadAction","target":["https:\/\/taxhelplaw.com\/sptax\/soluciones\/pasos-de-casos-otros-problemas\/carta-2788c\/"]}]},{"@type":"ImageObject","inLanguage":"es","@id":"https:\/\/taxhelplaw.com\/sptax\/soluciones\/pasos-de-casos-otros-problemas\/carta-2788c\/#primaryimage","url":"https:\/\/taxhelplaw.com\/sptax\/wp-content\/uploads\/2023\/03\/Ltr2788C.en_.espanol-scaled.jpg","contentUrl":"https:\/\/taxhelplaw.com\/sptax\/wp-content\/uploads\/2023\/03\/Ltr2788C.en_.espanol-scaled.jpg","width":1978,"height":2560},{"@type":"BreadcrumbList","@id":"https:\/\/taxhelplaw.com\/sptax\/soluciones\/pasos-de-casos-otros-problemas\/carta-2788c\/#breadcrumb","itemListElement":[{"@type":"ListItem","position":1,"name":"Home","item":"https:\/\/taxhelplaw.com\/sptax\/"},{"@type":"ListItem","position":2,"name":"Soluciones","item":"https:\/\/taxhelplaw.com\/sptax\/soluciones\/"},{"@type":"ListItem","position":3,"name":"Otros Problemas","item":"https:\/\/taxhelplaw.com\/sptax\/soluciones\/pasos-de-casos-otros-problemas\/"},{"@type":"ListItem","position":4,"name":"Carta 2788C"}]},{"@type":"WebSite","@id":"https:\/\/taxhelplaw.com\/sptax\/#website","url":"https:\/\/taxhelplaw.com\/sptax\/","name":"J. David Hopkins, JD LLM","description":"Maestr\u00eda en Derecho Tributario","publisher":{"@id":"https:\/\/taxhelplaw.com\/sptax\/#organization"},"alternateName":"TaxHelpLaw en Espa\u00f1ol","potentialAction":[{"@type":"SearchAction","target":{"@type":"EntryPoint","urlTemplate":"https:\/\/taxhelplaw.com\/sptax\/?s={search_term_string}"},"query-input":{"@type":"PropertyValueSpecification","valueRequired":true,"valueName":"search_term_string"}}],"inLanguage":"es"},{"@type":"Organization","@id":"https:\/\/taxhelplaw.com\/sptax\/#organization","name":"TaxHelp, Inc.","url":"https:\/\/taxhelplaw.com\/sptax\/","logo":{"@type":"ImageObject","inLanguage":"es","@id":"https:\/\/taxhelplaw.com\/sptax\/#\/schema\/logo\/image\/","url":"https:\/\/taxhelplaw.com\/sptax\/wp-content\/uploads\/2022\/01\/taxhelpenespanol.jpg","contentUrl":"https:\/\/taxhelplaw.com\/sptax\/wp-content\/uploads\/2022\/01\/taxhelpenespanol.jpg","width":300,"height":101,"caption":"TaxHelp, Inc."},"image":{"@id":"https:\/\/taxhelplaw.com\/sptax\/#\/schema\/logo\/image\/"}}]}},"jetpack_sharing_enabled":true,"_links":{"self":[{"href":"https:\/\/taxhelplaw.com\/sptax\/wp-json\/wp\/v2\/pages\/442","targetHints":{"allow":["GET"]}}],"collection":[{"href":"https:\/\/taxhelplaw.com\/sptax\/wp-json\/wp\/v2\/pages"}],"about":[{"href":"https:\/\/taxhelplaw.com\/sptax\/wp-json\/wp\/v2\/types\/page"}],"author":[{"embeddable":true,"href":"https:\/\/taxhelplaw.com\/sptax\/wp-json\/wp\/v2\/users\/1"}],"replies":[{"embeddable":true,"href":"https:\/\/taxhelplaw.com\/sptax\/wp-json\/wp\/v2\/comments?post=442"}],"version-history":[{"count":10,"href":"https:\/\/taxhelplaw.com\/sptax\/wp-json\/wp\/v2\/pages\/442\/revisions"}],"predecessor-version":[{"id":7591,"href":"https:\/\/taxhelplaw.com\/sptax\/wp-json\/wp\/v2\/pages\/442\/revisions\/7591"}],"up":[{"embeddable":true,"href":"https:\/\/taxhelplaw.com\/sptax\/wp-json\/wp\/v2\/pages\/275"}],"wp:attachment":[{"href":"https:\/\/taxhelplaw.com\/sptax\/wp-json\/wp\/v2\/media?parent=442"}],"curies":[{"name":"wp","href":"https:\/\/api.w.org\/{rel}","templated":true}]}}