{"id":4403,"date":"2022-11-29T20:12:12","date_gmt":"2022-11-29T20:12:12","guid":{"rendered":"https:\/\/taxhelplaw.com\/sptax\/?page_id=4403"},"modified":"2023-01-10T15:35:24","modified_gmt":"2023-01-10T15:35:24","slug":"transcripciones","status":"publish","type":"page","link":"https:\/\/taxhelplaw.com\/sptax\/recursos-gratis\/transcripciones\/","title":{"rendered":"Transcripciones"},"content":{"rendered":"<p>Con cada problema fiscal, primero debe obtener sus transcripciones del IRS.<\/p>\n<h6>\u00bfQu\u00e9 es una transcripci\u00f3n del IRS?<\/h6>\n<p>Las transcripciones son su registro tributario.<\/p>\n<p>Hay 5 tipos de transcripciones gratuitas del IRS:<\/p>\n<ul>\n<li><strong>Transcripci\u00f3n de devoluci\u00f3n<\/strong> - Este es un resumen generado por computadora de cada l\u00ednea de su declaraci\u00f3n. Si necesita una<span id=\"page488R_mcid5\" class=\"markedContent\"><span dir=\"ltr\" role=\"presentation\"> Copia de la Declaraci\u00f3n de Impuestos<\/span><\/span>, use el <a class=\"popup\" href=\"https:\/\/www.irs.gov\/pub\/irs-pdf\/f4506sp.pdf\" target=\"_blank\" rel=\"noopener noreferrer\">Formulario 4506<\/a>.<\/li>\n<li><strong>Transcripci\u00f3n de cuenta<\/strong> - Este es un registro cronol\u00f3gico de todas las transacciones en su cuenta. Muestra la fecha de presentaci\u00f3n o evaluaci\u00f3n, las evaluaciones de multas e intereses, pagos, incautaciones y ajustes.<\/li>\n<li><strong>Transcripci\u00f3n combinada<\/strong> - Esto combina la transcripci\u00f3n de devoluci\u00f3n y la transcripci\u00f3n de la cuenta.<\/li>\n<li><strong>Transcripci\u00f3n de ingresos<\/strong> - Esto muestra todos los registros de terceros que se han presentado ante el IRS para usted. Esto incluye los formularios W-2, 1099, 1098, 5498, etc. No se trata simplemente de ingresos, sino que incluye muchos tipos de presentaciones.<\/li>\n<li><strong>Carta de declaraciones tardes<\/strong> - Proporciona prueba de que el IRS no tiene registro de una presentaci\u00f3n.<\/li>\n<\/ul>\n<h6>C\u00f3mo obtener una transcripci\u00f3n<\/h6>\n<ol>\n<li>Si est\u00e1 pasando por una <a href=\"https:\/\/taxhelplaw.com\/sptax\/soluciones\/pasos-de-casos-auditorias\/\" target=\"_blank\" rel=\"noopener noreferrer\">Auditor\u00eda<\/a> del IRS, puede pedirle al examinador de impuestos asignado todas las transcripciones. Llame o env\u00ede su solicitud por fax directamente al examinador que figura <a href=\"https:\/\/taxhelplaw.com\/sptax\/soluciones\/pasos-de-casos-auditorias\/\" target=\"_blank\" rel=\"noopener noreferrer\">en los avisos<\/a> de auditor\u00eda.<\/li>\n<li>En l\u00ednea - <a class=\"popup\" href=\"https:\/\/www.irs.gov\/es\/individuals\/get-transcript\" target=\"_blank\" rel=\"noopener noreferrer\">IRS.gov<\/a> (<em>Solo los \u00faltimos 5 a\u00f1os<\/em>) El IRS generalmente le da un \"PIN\" para que pueda acceder a su sistema en l\u00ednea libremente. Vea <a class=\"popup\" href=\"https:\/\/taxhelplaw.com\/wp-content\/uploads\/2018\/02\/Letter-2940C.pdf#toolbar=0&amp;navpanes=0&amp;scrollbar=0\">Carta 2940C<\/a><\/li>\n<li>Llame al IRS 1-800-829-7650* (<em>Por m\u00e1s de 3 a\u00f1os de r\u00e9cords<\/em>)<\/li>\n<li>Visite la <a href=\"https:\/\/taxhelplaw.com\/sptax\/recursos-gratis\/irs-en-colorado-springs\/\">oficina local del IRS<\/a>.<\/li>\n<li><span style=\"text-decoration: underline;\">Solo para residentes de Colorado Springs<\/span> DEBE llamar <strong>1-844-545-5640<\/strong> ya sea para solicitar una cita o solicitar Transcripciones, como se indica en este <a class=\"popup\" href=\"https:\/\/taxhelplaw.com\/wp-content\/uploads\/2017\/06\/ColoSprings-IRS-Phone.pdf\" target=\"_blank\" rel=\"noopener noreferrer\">Aviso<\/a>.<\/li>\n<\/ol>\n<p>*<span style=\"text-decoration: underline;\">Llamadas al IRS<\/span>: El IRS le presenta varios \"men\u00fas\" para elegir. Para hablar con un representante del IRS y solicitar sus Transcripciones, presione la opci\u00f3n que indica, \". . . para una revisi\u00f3n detallada de su cuenta . . .\". Despu\u00e9s de una espera de hasta una hora, finalmente hablar\u00e1 con alguien.<\/p>\n<h6>Qu\u00e9 hacer con la transcripciones<\/h6>\n<p>Utilice las transcripciones para compararlas con sus declaraciones de impuestos, registros de pago, pagos estimados y registros bancarios para verificar que todas las presentaciones se hayan realizado correctamente. De lo contrario, hay varios recursos disponibles, incluida la presentaci\u00f3n de una declaraci\u00f3n enmendada.<br \/>\nEl IRS tiene una p\u00e1gina dedicada al encontrar sus transcripcciones <a class=\"popup\" href=\"https:\/\/www.irsvideos.gov\/Multilingual\/es-US\/ComoVerLaInformacinDeSuCuentaDelIRS?l=en-US\"> aqu\u00ed.<\/a><br \/>\nTraiga todos estos documentos a nuestra oficina para que podamos construir un Plan de Acci\u00f3n para usted. Vea \"<a href=\"https:\/\/taxhelplaw.com\/sptax\/investiga-para-reducir-la-deuda\/\">Investigar para reducir la deuda<\/a>\".<\/p>\n<p><a href=\"https:\/\/taxhelplaw.com\/sptax\/wp-content\/uploads\/2022\/01\/taxhelpenespanol.jpg\"><img loading=\"lazy\" decoding=\"async\" class=\"aligncenter size-full wp-image-3464\" src=\"https:\/\/taxhelplaw.com\/sptax\/wp-content\/uploads\/2022\/01\/taxhelpenespanol.jpg\" alt=\"Transcripciones del IRS\" width=\"300\" height=\"101\"><\/a><\/p>\n","protected":false},"excerpt":{"rendered":"<p>Con cada problema fiscal, primero debe obtener sus transcripciones del IRS. \u00bfQu\u00e9 es una transcripci\u00f3n del IRS? Las transcripciones son su registro tributario. Hay 5 tipos de transcripciones gratuitas del IRS: Transcripci\u00f3n de devoluci\u00f3n &#8211; Este es un resumen generado por computadora de cada l\u00ednea de su declaraci\u00f3n. Si necesita una Copia de la Declaraci\u00f3n [&hellip;]<\/p>\n","protected":false},"author":1,"featured_media":0,"parent":4399,"menu_order":3,"comment_status":"closed","ping_status":"closed","template":"","meta":{"_genesis_hide_title":false,"_genesis_hide_breadcrumbs":false,"_genesis_hide_singular_image":false,"_genesis_hide_footer_widgets":false,"_genesis_custom_body_class":"","_genesis_custom_post_class":"","_genesis_layout":"full-width-content","footnotes":""},"class_list":{"0":"post-4403","1":"page","2":"type-page","3":"status-publish","5":"entry"},"yoast_head":"<!-- This site is optimized with the Yoast SEO Premium plugin v27.0 (Yoast SEO v27.4) - https:\/\/yoast.com\/product\/yoast-seo-premium-wordpress\/ -->\n<title>Transcripciones - J. David Hopkins, JD LLM<\/title>\n<meta name=\"description\" content=\"Transcripciones del IRS. Qu\u00e9 son y para qu\u00e9 sirven? El abogado de derecho tributario explica estas respuestas y c\u00f3mo obtenerlas.\" \/>\n<meta name=\"robots\" content=\"index, follow, max-snippet:-1, max-image-preview:large, max-video-preview:-1\" \/>\n<link rel=\"canonical\" href=\"https:\/\/taxhelplaw.com\/sptax\/recursos-gratis\/transcripciones\/\" \/>\n<meta property=\"og:locale\" content=\"es_MX\" \/>\n<meta property=\"og:type\" content=\"article\" \/>\n<meta property=\"og:title\" content=\"Transcripciones\" \/>\n<meta property=\"og:description\" content=\"Transcripciones del IRS. Qu\u00e9 son y para qu\u00e9 sirven? El abogado de derecho tributario explica estas respuestas y c\u00f3mo obtenerlas.\" \/>\n<meta property=\"og:url\" content=\"https:\/\/taxhelplaw.com\/sptax\/recursos-gratis\/transcripciones\/\" \/>\n<meta property=\"og:site_name\" content=\"J. David Hopkins, JD LLM\" \/>\n<meta property=\"article:modified_time\" content=\"2023-01-10T15:35:24+00:00\" \/>\n<meta property=\"og:image\" content=\"https:\/\/taxhelplaw.com\/sptax\/wp-content\/uploads\/2022\/01\/taxhelpenespanol.jpg\" \/>\n<meta name=\"twitter:card\" content=\"summary_large_image\" \/>\n<meta name=\"twitter:label1\" content=\"Tiempo de lectura\" \/>\n\t<meta name=\"twitter:data1\" content=\"3 minutos\" \/>\n<script type=\"application\/ld+json\" class=\"yoast-schema-graph\">{\"@context\":\"https:\\\/\\\/schema.org\",\"@graph\":[{\"@type\":\"WebPage\",\"@id\":\"https:\\\/\\\/taxhelplaw.com\\\/sptax\\\/recursos-gratis\\\/transcripciones\\\/\",\"url\":\"https:\\\/\\\/taxhelplaw.com\\\/sptax\\\/recursos-gratis\\\/transcripciones\\\/\",\"name\":\"Transcripciones - J. David Hopkins, JD LLM\",\"isPartOf\":{\"@id\":\"https:\\\/\\\/taxhelplaw.com\\\/sptax\\\/#website\"},\"primaryImageOfPage\":{\"@id\":\"https:\\\/\\\/taxhelplaw.com\\\/sptax\\\/recursos-gratis\\\/transcripciones\\\/#primaryimage\"},\"image\":{\"@id\":\"https:\\\/\\\/taxhelplaw.com\\\/sptax\\\/recursos-gratis\\\/transcripciones\\\/#primaryimage\"},\"thumbnailUrl\":\"https:\\\/\\\/taxhelplaw.com\\\/sptax\\\/wp-content\\\/uploads\\\/2022\\\/01\\\/taxhelpenespanol.jpg\",\"datePublished\":\"2022-11-29T20:12:12+00:00\",\"dateModified\":\"2023-01-10T15:35:24+00:00\",\"description\":\"Transcripciones del IRS. Qu\u00e9 son y para qu\u00e9 sirven? El abogado de derecho tributario explica estas respuestas y c\u00f3mo obtenerlas.\",\"breadcrumb\":{\"@id\":\"https:\\\/\\\/taxhelplaw.com\\\/sptax\\\/recursos-gratis\\\/transcripciones\\\/#breadcrumb\"},\"inLanguage\":\"es\",\"potentialAction\":[{\"@type\":\"ReadAction\",\"target\":[\"https:\\\/\\\/taxhelplaw.com\\\/sptax\\\/recursos-gratis\\\/transcripciones\\\/\"]}]},{\"@type\":\"ImageObject\",\"inLanguage\":\"es\",\"@id\":\"https:\\\/\\\/taxhelplaw.com\\\/sptax\\\/recursos-gratis\\\/transcripciones\\\/#primaryimage\",\"url\":\"https:\\\/\\\/taxhelplaw.com\\\/sptax\\\/wp-content\\\/uploads\\\/2022\\\/01\\\/taxhelpenespanol.jpg\",\"contentUrl\":\"https:\\\/\\\/taxhelplaw.com\\\/sptax\\\/wp-content\\\/uploads\\\/2022\\\/01\\\/taxhelpenespanol.jpg\",\"width\":300,\"height\":101},{\"@type\":\"BreadcrumbList\",\"@id\":\"https:\\\/\\\/taxhelplaw.com\\\/sptax\\\/recursos-gratis\\\/transcripciones\\\/#breadcrumb\",\"itemListElement\":[{\"@type\":\"ListItem\",\"position\":1,\"name\":\"Home\",\"item\":\"https:\\\/\\\/taxhelplaw.com\\\/sptax\\\/\"},{\"@type\":\"ListItem\",\"position\":2,\"name\":\"Recursos Gratis\",\"item\":\"https:\\\/\\\/taxhelplaw.com\\\/sptax\\\/recursos-gratis\\\/\"},{\"@type\":\"ListItem\",\"position\":3,\"name\":\"Transcripciones\"}]},{\"@type\":\"WebSite\",\"@id\":\"https:\\\/\\\/taxhelplaw.com\\\/sptax\\\/#website\",\"url\":\"https:\\\/\\\/taxhelplaw.com\\\/sptax\\\/\",\"name\":\"J. David Hopkins, JD LLM\",\"description\":\"Maestr\u00eda en Derecho Tributario\",\"publisher\":{\"@id\":\"https:\\\/\\\/taxhelplaw.com\\\/sptax\\\/#organization\"},\"alternateName\":\"TaxHelpLaw en Espa\u00f1ol\",\"potentialAction\":[{\"@type\":\"SearchAction\",\"target\":{\"@type\":\"EntryPoint\",\"urlTemplate\":\"https:\\\/\\\/taxhelplaw.com\\\/sptax\\\/?s={search_term_string}\"},\"query-input\":{\"@type\":\"PropertyValueSpecification\",\"valueRequired\":true,\"valueName\":\"search_term_string\"}}],\"inLanguage\":\"es\"},{\"@type\":\"Organization\",\"@id\":\"https:\\\/\\\/taxhelplaw.com\\\/sptax\\\/#organization\",\"name\":\"TaxHelp, Inc.\",\"url\":\"https:\\\/\\\/taxhelplaw.com\\\/sptax\\\/\",\"logo\":{\"@type\":\"ImageObject\",\"inLanguage\":\"es\",\"@id\":\"https:\\\/\\\/taxhelplaw.com\\\/sptax\\\/#\\\/schema\\\/logo\\\/image\\\/\",\"url\":\"https:\\\/\\\/taxhelplaw.com\\\/sptax\\\/wp-content\\\/uploads\\\/2022\\\/01\\\/taxhelpenespanol.jpg\",\"contentUrl\":\"https:\\\/\\\/taxhelplaw.com\\\/sptax\\\/wp-content\\\/uploads\\\/2022\\\/01\\\/taxhelpenespanol.jpg\",\"width\":300,\"height\":101,\"caption\":\"TaxHelp, Inc.\"},\"image\":{\"@id\":\"https:\\\/\\\/taxhelplaw.com\\\/sptax\\\/#\\\/schema\\\/logo\\\/image\\\/\"}}]}<\/script>\n<!-- \/ Yoast SEO Premium plugin. -->","yoast_head_json":{"title":"Transcripciones - J. David Hopkins, JD LLM","description":"Transcripciones del IRS. Qu\u00e9 son y para qu\u00e9 sirven? El abogado de derecho tributario explica estas respuestas y c\u00f3mo obtenerlas.","robots":{"index":"index","follow":"follow","max-snippet":"max-snippet:-1","max-image-preview":"max-image-preview:large","max-video-preview":"max-video-preview:-1"},"canonical":"https:\/\/taxhelplaw.com\/sptax\/recursos-gratis\/transcripciones\/","og_locale":"es_MX","og_type":"article","og_title":"Transcripciones","og_description":"Transcripciones del IRS. Qu\u00e9 son y para qu\u00e9 sirven? El abogado de derecho tributario explica estas respuestas y c\u00f3mo obtenerlas.","og_url":"https:\/\/taxhelplaw.com\/sptax\/recursos-gratis\/transcripciones\/","og_site_name":"J. David Hopkins, JD LLM","article_modified_time":"2023-01-10T15:35:24+00:00","og_image":[{"url":"https:\/\/taxhelplaw.com\/sptax\/wp-content\/uploads\/2022\/01\/taxhelpenespanol.jpg","type":"","width":"","height":""}],"twitter_card":"summary_large_image","twitter_misc":{"Tiempo de lectura":"3 minutos"},"schema":{"@context":"https:\/\/schema.org","@graph":[{"@type":"WebPage","@id":"https:\/\/taxhelplaw.com\/sptax\/recursos-gratis\/transcripciones\/","url":"https:\/\/taxhelplaw.com\/sptax\/recursos-gratis\/transcripciones\/","name":"Transcripciones - J. David Hopkins, JD LLM","isPartOf":{"@id":"https:\/\/taxhelplaw.com\/sptax\/#website"},"primaryImageOfPage":{"@id":"https:\/\/taxhelplaw.com\/sptax\/recursos-gratis\/transcripciones\/#primaryimage"},"image":{"@id":"https:\/\/taxhelplaw.com\/sptax\/recursos-gratis\/transcripciones\/#primaryimage"},"thumbnailUrl":"https:\/\/taxhelplaw.com\/sptax\/wp-content\/uploads\/2022\/01\/taxhelpenespanol.jpg","datePublished":"2022-11-29T20:12:12+00:00","dateModified":"2023-01-10T15:35:24+00:00","description":"Transcripciones del IRS. Qu\u00e9 son y para qu\u00e9 sirven? El abogado de derecho tributario explica estas respuestas y c\u00f3mo obtenerlas.","breadcrumb":{"@id":"https:\/\/taxhelplaw.com\/sptax\/recursos-gratis\/transcripciones\/#breadcrumb"},"inLanguage":"es","potentialAction":[{"@type":"ReadAction","target":["https:\/\/taxhelplaw.com\/sptax\/recursos-gratis\/transcripciones\/"]}]},{"@type":"ImageObject","inLanguage":"es","@id":"https:\/\/taxhelplaw.com\/sptax\/recursos-gratis\/transcripciones\/#primaryimage","url":"https:\/\/taxhelplaw.com\/sptax\/wp-content\/uploads\/2022\/01\/taxhelpenespanol.jpg","contentUrl":"https:\/\/taxhelplaw.com\/sptax\/wp-content\/uploads\/2022\/01\/taxhelpenespanol.jpg","width":300,"height":101},{"@type":"BreadcrumbList","@id":"https:\/\/taxhelplaw.com\/sptax\/recursos-gratis\/transcripciones\/#breadcrumb","itemListElement":[{"@type":"ListItem","position":1,"name":"Home","item":"https:\/\/taxhelplaw.com\/sptax\/"},{"@type":"ListItem","position":2,"name":"Recursos Gratis","item":"https:\/\/taxhelplaw.com\/sptax\/recursos-gratis\/"},{"@type":"ListItem","position":3,"name":"Transcripciones"}]},{"@type":"WebSite","@id":"https:\/\/taxhelplaw.com\/sptax\/#website","url":"https:\/\/taxhelplaw.com\/sptax\/","name":"J. David Hopkins, JD LLM","description":"Maestr\u00eda en Derecho Tributario","publisher":{"@id":"https:\/\/taxhelplaw.com\/sptax\/#organization"},"alternateName":"TaxHelpLaw en Espa\u00f1ol","potentialAction":[{"@type":"SearchAction","target":{"@type":"EntryPoint","urlTemplate":"https:\/\/taxhelplaw.com\/sptax\/?s={search_term_string}"},"query-input":{"@type":"PropertyValueSpecification","valueRequired":true,"valueName":"search_term_string"}}],"inLanguage":"es"},{"@type":"Organization","@id":"https:\/\/taxhelplaw.com\/sptax\/#organization","name":"TaxHelp, Inc.","url":"https:\/\/taxhelplaw.com\/sptax\/","logo":{"@type":"ImageObject","inLanguage":"es","@id":"https:\/\/taxhelplaw.com\/sptax\/#\/schema\/logo\/image\/","url":"https:\/\/taxhelplaw.com\/sptax\/wp-content\/uploads\/2022\/01\/taxhelpenespanol.jpg","contentUrl":"https:\/\/taxhelplaw.com\/sptax\/wp-content\/uploads\/2022\/01\/taxhelpenespanol.jpg","width":300,"height":101,"caption":"TaxHelp, Inc."},"image":{"@id":"https:\/\/taxhelplaw.com\/sptax\/#\/schema\/logo\/image\/"}}]}},"jetpack_sharing_enabled":true,"_links":{"self":[{"href":"https:\/\/taxhelplaw.com\/sptax\/wp-json\/wp\/v2\/pages\/4403","targetHints":{"allow":["GET"]}}],"collection":[{"href":"https:\/\/taxhelplaw.com\/sptax\/wp-json\/wp\/v2\/pages"}],"about":[{"href":"https:\/\/taxhelplaw.com\/sptax\/wp-json\/wp\/v2\/types\/page"}],"author":[{"embeddable":true,"href":"https:\/\/taxhelplaw.com\/sptax\/wp-json\/wp\/v2\/users\/1"}],"replies":[{"embeddable":true,"href":"https:\/\/taxhelplaw.com\/sptax\/wp-json\/wp\/v2\/comments?post=4403"}],"version-history":[{"count":10,"href":"https:\/\/taxhelplaw.com\/sptax\/wp-json\/wp\/v2\/pages\/4403\/revisions"}],"predecessor-version":[{"id":5166,"href":"https:\/\/taxhelplaw.com\/sptax\/wp-json\/wp\/v2\/pages\/4403\/revisions\/5166"}],"up":[{"embeddable":true,"href":"https:\/\/taxhelplaw.com\/sptax\/wp-json\/wp\/v2\/pages\/4399"}],"wp:attachment":[{"href":"https:\/\/taxhelplaw.com\/sptax\/wp-json\/wp\/v2\/media?parent=4403"}],"curies":[{"name":"wp","href":"https:\/\/api.w.org\/{rel}","templated":true}]}}