{"id":4401,"date":"2022-11-29T20:07:51","date_gmt":"2022-11-29T20:07:51","guid":{"rendered":"https:\/\/taxhelplaw.com\/sptax\/?page_id=4401"},"modified":"2022-12-03T07:54:40","modified_gmt":"2022-12-03T07:54:40","slug":"contribuyentes-de-bajos-ingresos","status":"publish","type":"page","link":"https:\/\/taxhelplaw.com\/sptax\/recursos-gratis\/contribuyentes-de-bajos-ingresos\/","title":{"rendered":"Ayuda para contribuyentes de bajos ingresos"},"content":{"rendered":"<p>Para aquellos contribuyentes de bajos ingresos que no pueden pagar aqu\u00ed, hay recursos gratuitos locales en el sur de Colorado:<br \/>\nVea <a class=\"popup\" href=\"https:\/\/www.irs.gov\/pub\/irs-pdf\/p4134sp.pdf#toolbar=0&amp;navpanes=0&amp;scrollbar=0\" target=\"_blank\" rel=\"noopener\">Publicaci\u00f3n 4134<\/a> <span id=\"page1652R_mcid1\" class=\"markedContent\"><span dir=\"ltr\" role=\"presentation\">Lista de las Cl\u00ednicas en todos los estados para Contribuyentes de Bajos Ingresos<\/span><\/span><span id=\"page1652R_mcid2\" class=\"markedContent\"><\/span>.<\/p>\n<h6>Cl\u00ednica<\/h6>\n<p><strong>Los abogados de impuestos locales lo representar\u00e1n en cobranzas, auditor\u00edas, apelaciones y tribunales fiscales.<\/strong><\/p>\n<div class=\"one-half first\">\n<p>Tel\u00e9fono: <strong>(719) 471-0380<\/strong><\/p>\n<p>617 S. Nevada Ave.<br \/>\nColorado Springs, CO 80903<\/p>\n<p>Horas: lunes - viernes 8:00am - 5:00pm<\/p>\n<p>Estacionamiento gratuito, accesible para discapacitados.<\/p>\n<p>Vea los folletos: <a class=\"popup\" href=\"https:\/\/taxhelplaw.com\/wp-content\/uploads\/2017\/02\/Brochure1-LITC-Spanish.pdf#toolbar=0&amp;navpanes=0&amp;scrollbar=0\" target=\"_blank\" rel=\"noopener\">Espa\u00f1ol<\/a> - - <a class=\"popup\" href=\"https:\/\/taxhelplaw.com\/wp-content\/uploads\/2017\/02\/Brochure.pdf#toolbar=0&amp;navpanes=0&amp;scrollbar=0\" target=\"_blank\" rel=\"noopener\">English<\/a><br \/>\nOficinas nacionales: <a class=\"popup\" href=\"https:\/\/www.irs.gov\/pub\/irs-pdf\/p4134sp.pdf#toolbar=0&amp;navpanes=0&amp;scrollbar=0\" target=\"_blank\" rel=\"noopener\">Espa\u00f1ol<\/a> - - <a class=\"popup\" href=\"https:\/\/www.irs.gov\/pub\/irs-pdf\/p4134.pdf#toolbar=0&amp;navpanes=0&amp;scrollbar=0\" target=\"_blank\" rel=\"noopener\">English<\/a><br \/>\nM\u00e1s Informaci\u00f3n <a href=\"https:\/\/es.taxpayeradvocate.irs.gov\/about-us\/low-income-taxpayer-clinics-litc\/\" target=\"_blank\" rel=\"noopener\">aqu\u00ed<\/a>.<\/p>\n<\/div>\n<div class=\"one-half\"><iframe loading=\"lazy\" style=\"border: 0;\" src=\"https:\/\/www.google.com\/maps\/embed?pb=!1m18!1m12!1m3!1d49752.14225206139!2d-104.82818465179477!3d38.797891484710384!2m3!1f0!2f0!3f0!3m2!1i1024!2i768!4f13.1!3m3!1m2!1s0x0%3A0x2a0d1afeea80f601!2sColorado+Legal+Services!5e0!3m2!1sen!2sus!4v1486056279543\" width=\"400\" height=\"300\" frameborder=\"0\" allowfullscreen=\"allowfullscreen\"><\/iframe><\/div>\n<p>&nbsp;<\/p>\n<h6>Busque oficinas de AARP<\/h6>\n<p>Encuentre la ubicaci\u00f3n de AARP m\u00e1s cercana con este <a href=\"https:\/\/secure.aarp.org\/applications\/VMISLocator\/searchTaxAideLocations.action\" target=\"_blank\" rel=\"noopener\">localizador de TaxAide<\/a>.<\/p>\n<p>&nbsp;<\/p>\n<h6>VITA - Preparaci\u00f3n de declaraciones gratis<\/h6>\n<p><a href=\"https:\/\/irs.treasury.gov\/freetaxprep\/jsp\/vita.jsp?zip=80904&amp;lat=38.8644663&amp;lng=-104.87465079999998&amp;radius=100\" target=\"_blank\" rel=\"noopener\">Oficinas <\/a>que ofrecen servicios gratis.<br \/>\nQu\u00e9 traer: <a class=\"popup\" href=\"https:\/\/taxhelplaw.com\/sptax\/wp-content\/uploads\/2022\/11\/p3676bsp.pdf#toolbar=0&amp;navpanes=0&amp;scrollbar=0\" target=\"_blank\" rel=\"noopener\">Espa\u00f1ol<\/a> - - <a class=\"popup\" href=\"https:\/\/taxhelplaw.com\/sptax\/wp-content\/uploads\/2022\/11\/p3676b.pdf#toolbar=0&amp;navpanes=0&amp;scrollbar=0\" target=\"_blank\" rel=\"noopener\">English<\/a><br \/>\nVea m\u00e1s <a href=\"https:\/\/www.irs.gov\/es\/individuals\/free-tax-return-preparation-for-qualifying-taxpayers\" target=\"_blank\" rel=\"noopener\">Informaci\u00f3n del IRS<\/a><br \/>\nVea m\u00e1s (en ingl\u00e9s) <a href=\"https:\/\/www.coloradovita.org\/\" target=\"_blank\" rel=\"noopener\">Informaci\u00f3n de VITA en Colorado<\/a><\/p>\n<p>&nbsp;<\/p>\n<p><a href=\"https:\/\/taxhelplaw.com\/sptax\/wp-content\/uploads\/2022\/01\/taxhelpenespanol.jpg\"><img loading=\"lazy\" decoding=\"async\" class=\"aligncenter size-full wp-image-3464\" src=\"https:\/\/taxhelplaw.com\/sptax\/wp-content\/uploads\/2022\/01\/taxhelpenespanol.jpg\" alt=\"Recursos gratuitos para contribuyentes de bajos ingresos\" width=\"300\" height=\"101\" \/><\/a><\/p>\n","protected":false},"excerpt":{"rendered":"<p>Para aquellos contribuyentes de bajos ingresos que no pueden pagar aqu\u00ed, hay recursos gratuitos locales en el sur de Colorado: Vea Publicaci\u00f3n 4134 Lista de las Cl\u00ednicas en todos los estados para Contribuyentes de Bajos Ingresos. Cl\u00ednica Los abogados de impuestos locales lo representar\u00e1n en cobranzas, auditor\u00edas, apelaciones y tribunales fiscales. Tel\u00e9fono: (719) 471-0380 617 [&hellip;]<\/p>\n","protected":false},"author":1,"featured_media":0,"parent":4399,"menu_order":1,"comment_status":"closed","ping_status":"closed","template":"","meta":{"_genesis_hide_title":false,"_genesis_hide_breadcrumbs":false,"_genesis_hide_singular_image":false,"_genesis_hide_footer_widgets":false,"_genesis_custom_body_class":"","_genesis_custom_post_class":"","_genesis_layout":"full-width-content","footnotes":""},"class_list":{"0":"post-4401","1":"page","2":"type-page","3":"status-publish","5":"entry"},"yoast_head":"<!-- This site is optimized with the Yoast SEO Premium plugin v27.0 (Yoast SEO v27.4) - https:\/\/yoast.com\/product\/yoast-seo-premium-wordpress\/ -->\n<title>Contribuyentes de bajos ingresos, hay ayuda - J. David Hopkins, JD LLM<\/title>\n<meta name=\"description\" content=\"Recursos gratuitos para contribuyentes de bajos ingresos. Informaci\u00f3n \u00fatil si est\u00e1 necesitando ayuda con su preparaci\u00f3n de impuestos, etc.\" \/>\n<meta name=\"robots\" content=\"index, follow, max-snippet:-1, max-image-preview:large, max-video-preview:-1\" \/>\n<link rel=\"canonical\" href=\"https:\/\/taxhelplaw.com\/sptax\/recursos-gratis\/contribuyentes-de-bajos-ingresos\/\" \/>\n<meta property=\"og:locale\" content=\"es_MX\" \/>\n<meta property=\"og:type\" content=\"article\" \/>\n<meta property=\"og:title\" content=\"Ayuda para contribuyentes de bajos ingresos\" \/>\n<meta property=\"og:description\" content=\"Recursos gratuitos para contribuyentes de bajos ingresos. Informaci\u00f3n \u00fatil si est\u00e1 necesitando ayuda con su preparaci\u00f3n de impuestos, etc.\" \/>\n<meta property=\"og:url\" content=\"https:\/\/taxhelplaw.com\/sptax\/recursos-gratis\/contribuyentes-de-bajos-ingresos\/\" \/>\n<meta property=\"og:site_name\" content=\"J. David Hopkins, JD LLM\" \/>\n<meta property=\"article:modified_time\" content=\"2022-12-03T07:54:40+00:00\" \/>\n<meta property=\"og:image\" content=\"https:\/\/taxhelplaw.com\/sptax\/wp-content\/uploads\/2022\/01\/taxhelpenespanol.jpg\" \/>\n<meta name=\"twitter:card\" content=\"summary_large_image\" \/>\n<meta name=\"twitter:label1\" content=\"Tiempo de lectura\" \/>\n\t<meta name=\"twitter:data1\" content=\"1 minuto\" \/>\n<script type=\"application\/ld+json\" class=\"yoast-schema-graph\">{\"@context\":\"https:\\\/\\\/schema.org\",\"@graph\":[{\"@type\":\"WebPage\",\"@id\":\"https:\\\/\\\/taxhelplaw.com\\\/sptax\\\/recursos-gratis\\\/contribuyentes-de-bajos-ingresos\\\/\",\"url\":\"https:\\\/\\\/taxhelplaw.com\\\/sptax\\\/recursos-gratis\\\/contribuyentes-de-bajos-ingresos\\\/\",\"name\":\"Contribuyentes de bajos ingresos, hay ayuda - J. David Hopkins, JD LLM\",\"isPartOf\":{\"@id\":\"https:\\\/\\\/taxhelplaw.com\\\/sptax\\\/#website\"},\"primaryImageOfPage\":{\"@id\":\"https:\\\/\\\/taxhelplaw.com\\\/sptax\\\/recursos-gratis\\\/contribuyentes-de-bajos-ingresos\\\/#primaryimage\"},\"image\":{\"@id\":\"https:\\\/\\\/taxhelplaw.com\\\/sptax\\\/recursos-gratis\\\/contribuyentes-de-bajos-ingresos\\\/#primaryimage\"},\"thumbnailUrl\":\"https:\\\/\\\/taxhelplaw.com\\\/sptax\\\/wp-content\\\/uploads\\\/2022\\\/01\\\/taxhelpenespanol.jpg\",\"datePublished\":\"2022-11-29T20:07:51+00:00\",\"dateModified\":\"2022-12-03T07:54:40+00:00\",\"description\":\"Recursos gratuitos para contribuyentes de bajos ingresos. Informaci\u00f3n \u00fatil si est\u00e1 necesitando ayuda con su preparaci\u00f3n de impuestos, etc.\",\"breadcrumb\":{\"@id\":\"https:\\\/\\\/taxhelplaw.com\\\/sptax\\\/recursos-gratis\\\/contribuyentes-de-bajos-ingresos\\\/#breadcrumb\"},\"inLanguage\":\"es\",\"potentialAction\":[{\"@type\":\"ReadAction\",\"target\":[\"https:\\\/\\\/taxhelplaw.com\\\/sptax\\\/recursos-gratis\\\/contribuyentes-de-bajos-ingresos\\\/\"]}]},{\"@type\":\"ImageObject\",\"inLanguage\":\"es\",\"@id\":\"https:\\\/\\\/taxhelplaw.com\\\/sptax\\\/recursos-gratis\\\/contribuyentes-de-bajos-ingresos\\\/#primaryimage\",\"url\":\"https:\\\/\\\/taxhelplaw.com\\\/sptax\\\/wp-content\\\/uploads\\\/2022\\\/01\\\/taxhelpenespanol.jpg\",\"contentUrl\":\"https:\\\/\\\/taxhelplaw.com\\\/sptax\\\/wp-content\\\/uploads\\\/2022\\\/01\\\/taxhelpenespanol.jpg\",\"width\":300,\"height\":101},{\"@type\":\"BreadcrumbList\",\"@id\":\"https:\\\/\\\/taxhelplaw.com\\\/sptax\\\/recursos-gratis\\\/contribuyentes-de-bajos-ingresos\\\/#breadcrumb\",\"itemListElement\":[{\"@type\":\"ListItem\",\"position\":1,\"name\":\"Home\",\"item\":\"https:\\\/\\\/taxhelplaw.com\\\/sptax\\\/\"},{\"@type\":\"ListItem\",\"position\":2,\"name\":\"Recursos Gratis\",\"item\":\"https:\\\/\\\/taxhelplaw.com\\\/sptax\\\/recursos-gratis\\\/\"},{\"@type\":\"ListItem\",\"position\":3,\"name\":\"Ayuda para contribuyentes de bajos ingresos\"}]},{\"@type\":\"WebSite\",\"@id\":\"https:\\\/\\\/taxhelplaw.com\\\/sptax\\\/#website\",\"url\":\"https:\\\/\\\/taxhelplaw.com\\\/sptax\\\/\",\"name\":\"J. David Hopkins, JD LLM\",\"description\":\"Maestr\u00eda en Derecho Tributario\",\"publisher\":{\"@id\":\"https:\\\/\\\/taxhelplaw.com\\\/sptax\\\/#organization\"},\"alternateName\":\"TaxHelpLaw en Espa\u00f1ol\",\"potentialAction\":[{\"@type\":\"SearchAction\",\"target\":{\"@type\":\"EntryPoint\",\"urlTemplate\":\"https:\\\/\\\/taxhelplaw.com\\\/sptax\\\/?s={search_term_string}\"},\"query-input\":{\"@type\":\"PropertyValueSpecification\",\"valueRequired\":true,\"valueName\":\"search_term_string\"}}],\"inLanguage\":\"es\"},{\"@type\":\"Organization\",\"@id\":\"https:\\\/\\\/taxhelplaw.com\\\/sptax\\\/#organization\",\"name\":\"TaxHelp, Inc.\",\"url\":\"https:\\\/\\\/taxhelplaw.com\\\/sptax\\\/\",\"logo\":{\"@type\":\"ImageObject\",\"inLanguage\":\"es\",\"@id\":\"https:\\\/\\\/taxhelplaw.com\\\/sptax\\\/#\\\/schema\\\/logo\\\/image\\\/\",\"url\":\"https:\\\/\\\/taxhelplaw.com\\\/sptax\\\/wp-content\\\/uploads\\\/2022\\\/01\\\/taxhelpenespanol.jpg\",\"contentUrl\":\"https:\\\/\\\/taxhelplaw.com\\\/sptax\\\/wp-content\\\/uploads\\\/2022\\\/01\\\/taxhelpenespanol.jpg\",\"width\":300,\"height\":101,\"caption\":\"TaxHelp, Inc.\"},\"image\":{\"@id\":\"https:\\\/\\\/taxhelplaw.com\\\/sptax\\\/#\\\/schema\\\/logo\\\/image\\\/\"}}]}<\/script>\n<!-- \/ Yoast SEO Premium plugin. -->","yoast_head_json":{"title":"Contribuyentes de bajos ingresos, hay ayuda - J. David Hopkins, JD LLM","description":"Recursos gratuitos para contribuyentes de bajos ingresos. Informaci\u00f3n \u00fatil si est\u00e1 necesitando ayuda con su preparaci\u00f3n de impuestos, etc.","robots":{"index":"index","follow":"follow","max-snippet":"max-snippet:-1","max-image-preview":"max-image-preview:large","max-video-preview":"max-video-preview:-1"},"canonical":"https:\/\/taxhelplaw.com\/sptax\/recursos-gratis\/contribuyentes-de-bajos-ingresos\/","og_locale":"es_MX","og_type":"article","og_title":"Ayuda para contribuyentes de bajos ingresos","og_description":"Recursos gratuitos para contribuyentes de bajos ingresos. Informaci\u00f3n \u00fatil si est\u00e1 necesitando ayuda con su preparaci\u00f3n de impuestos, etc.","og_url":"https:\/\/taxhelplaw.com\/sptax\/recursos-gratis\/contribuyentes-de-bajos-ingresos\/","og_site_name":"J. David Hopkins, JD LLM","article_modified_time":"2022-12-03T07:54:40+00:00","og_image":[{"url":"https:\/\/taxhelplaw.com\/sptax\/wp-content\/uploads\/2022\/01\/taxhelpenespanol.jpg","type":"","width":"","height":""}],"twitter_card":"summary_large_image","twitter_misc":{"Tiempo de lectura":"1 minuto"},"schema":{"@context":"https:\/\/schema.org","@graph":[{"@type":"WebPage","@id":"https:\/\/taxhelplaw.com\/sptax\/recursos-gratis\/contribuyentes-de-bajos-ingresos\/","url":"https:\/\/taxhelplaw.com\/sptax\/recursos-gratis\/contribuyentes-de-bajos-ingresos\/","name":"Contribuyentes de bajos ingresos, hay ayuda - J. David Hopkins, JD LLM","isPartOf":{"@id":"https:\/\/taxhelplaw.com\/sptax\/#website"},"primaryImageOfPage":{"@id":"https:\/\/taxhelplaw.com\/sptax\/recursos-gratis\/contribuyentes-de-bajos-ingresos\/#primaryimage"},"image":{"@id":"https:\/\/taxhelplaw.com\/sptax\/recursos-gratis\/contribuyentes-de-bajos-ingresos\/#primaryimage"},"thumbnailUrl":"https:\/\/taxhelplaw.com\/sptax\/wp-content\/uploads\/2022\/01\/taxhelpenespanol.jpg","datePublished":"2022-11-29T20:07:51+00:00","dateModified":"2022-12-03T07:54:40+00:00","description":"Recursos gratuitos para contribuyentes de bajos ingresos. Informaci\u00f3n \u00fatil si est\u00e1 necesitando ayuda con su preparaci\u00f3n de impuestos, etc.","breadcrumb":{"@id":"https:\/\/taxhelplaw.com\/sptax\/recursos-gratis\/contribuyentes-de-bajos-ingresos\/#breadcrumb"},"inLanguage":"es","potentialAction":[{"@type":"ReadAction","target":["https:\/\/taxhelplaw.com\/sptax\/recursos-gratis\/contribuyentes-de-bajos-ingresos\/"]}]},{"@type":"ImageObject","inLanguage":"es","@id":"https:\/\/taxhelplaw.com\/sptax\/recursos-gratis\/contribuyentes-de-bajos-ingresos\/#primaryimage","url":"https:\/\/taxhelplaw.com\/sptax\/wp-content\/uploads\/2022\/01\/taxhelpenespanol.jpg","contentUrl":"https:\/\/taxhelplaw.com\/sptax\/wp-content\/uploads\/2022\/01\/taxhelpenespanol.jpg","width":300,"height":101},{"@type":"BreadcrumbList","@id":"https:\/\/taxhelplaw.com\/sptax\/recursos-gratis\/contribuyentes-de-bajos-ingresos\/#breadcrumb","itemListElement":[{"@type":"ListItem","position":1,"name":"Home","item":"https:\/\/taxhelplaw.com\/sptax\/"},{"@type":"ListItem","position":2,"name":"Recursos Gratis","item":"https:\/\/taxhelplaw.com\/sptax\/recursos-gratis\/"},{"@type":"ListItem","position":3,"name":"Ayuda para contribuyentes de bajos ingresos"}]},{"@type":"WebSite","@id":"https:\/\/taxhelplaw.com\/sptax\/#website","url":"https:\/\/taxhelplaw.com\/sptax\/","name":"J. David Hopkins, JD LLM","description":"Maestr\u00eda en Derecho Tributario","publisher":{"@id":"https:\/\/taxhelplaw.com\/sptax\/#organization"},"alternateName":"TaxHelpLaw en Espa\u00f1ol","potentialAction":[{"@type":"SearchAction","target":{"@type":"EntryPoint","urlTemplate":"https:\/\/taxhelplaw.com\/sptax\/?s={search_term_string}"},"query-input":{"@type":"PropertyValueSpecification","valueRequired":true,"valueName":"search_term_string"}}],"inLanguage":"es"},{"@type":"Organization","@id":"https:\/\/taxhelplaw.com\/sptax\/#organization","name":"TaxHelp, Inc.","url":"https:\/\/taxhelplaw.com\/sptax\/","logo":{"@type":"ImageObject","inLanguage":"es","@id":"https:\/\/taxhelplaw.com\/sptax\/#\/schema\/logo\/image\/","url":"https:\/\/taxhelplaw.com\/sptax\/wp-content\/uploads\/2022\/01\/taxhelpenespanol.jpg","contentUrl":"https:\/\/taxhelplaw.com\/sptax\/wp-content\/uploads\/2022\/01\/taxhelpenespanol.jpg","width":300,"height":101,"caption":"TaxHelp, Inc."},"image":{"@id":"https:\/\/taxhelplaw.com\/sptax\/#\/schema\/logo\/image\/"}}]}},"jetpack_sharing_enabled":true,"_links":{"self":[{"href":"https:\/\/taxhelplaw.com\/sptax\/wp-json\/wp\/v2\/pages\/4401","targetHints":{"allow":["GET"]}}],"collection":[{"href":"https:\/\/taxhelplaw.com\/sptax\/wp-json\/wp\/v2\/pages"}],"about":[{"href":"https:\/\/taxhelplaw.com\/sptax\/wp-json\/wp\/v2\/types\/page"}],"author":[{"embeddable":true,"href":"https:\/\/taxhelplaw.com\/sptax\/wp-json\/wp\/v2\/users\/1"}],"replies":[{"embeddable":true,"href":"https:\/\/taxhelplaw.com\/sptax\/wp-json\/wp\/v2\/comments?post=4401"}],"version-history":[{"count":14,"href":"https:\/\/taxhelplaw.com\/sptax\/wp-json\/wp\/v2\/pages\/4401\/revisions"}],"predecessor-version":[{"id":4585,"href":"https:\/\/taxhelplaw.com\/sptax\/wp-json\/wp\/v2\/pages\/4401\/revisions\/4585"}],"up":[{"embeddable":true,"href":"https:\/\/taxhelplaw.com\/sptax\/wp-json\/wp\/v2\/pages\/4399"}],"wp:attachment":[{"href":"https:\/\/taxhelplaw.com\/sptax\/wp-json\/wp\/v2\/media?parent=4401"}],"curies":[{"name":"wp","href":"https:\/\/api.w.org\/{rel}","templated":true}]}}