{"id":4205,"date":"2022-02-06T21:32:46","date_gmt":"2022-02-06T21:32:46","guid":{"rendered":"https:\/\/taxhelplaw.com\/sptax\/?page_id=4205"},"modified":"2023-03-05T03:35:19","modified_gmt":"2023-03-05T03:35:19","slug":"aviso-de-intencion-de-emitir-un-embargo-de-colorado","status":"publish","type":"page","link":"https:\/\/taxhelplaw.com\/sptax\/soluciones\/pasos-de-casos-problemas-con-impuestos-en-colorado\/aviso-de-intencion-de-emitir-un-embargo-de-colorado\/","title":{"rendered":"Aviso de intenci\u00f3n de emitir un embargo de Colorado"},"content":{"rendered":"<p>Si no responde al Aviso de intenci\u00f3n de emitir un embargo de Colorado dentro de los 30 d\u00edas, el Departamento de Ingresos puede confiscar legalmente su salario, cuentas bancarias o propiedad. Tomar\u00e1n toda su cuenta bancaria y generalmente el 25% de su salario.<\/p>\n<p>Una vez que Colorado embargue su salario, no lo liberar\u00e1 hasta que la deuda se pague o se comprometa. Por lo general, el estado requiere que usted \"<a class=\"popup\" href=\"https:\/\/tax.colorado.gov\/sites\/tax\/files\/DR6597_2013.pdf\">renuncie<\/a>\" al estatuto de limitaciones para las colecciones para que puedan cobrar indefinidamente.<\/p>\n<p>Entonces, la forma adecuada de responder es completar el <a class=\"popup\" href=\"https:\/\/tax.colorado.gov\/sites\/tax\/files\/DR6596_2017.pdf\">formulario DR6596<\/a> y luego conectarse <a href=\"https:\/\/www.colorado.gov\/revenueonline\/_\/\" rel=\"noopener\">en l\u00ednea<\/a> para establecer una cuenta.<\/p>\n<p>Una vez que haya establecido una cuenta con Colorado Revenue Online, puede registrarse para realizar pagos. Pero tenga en cuenta que si no se da prisa, es posible que le digan que el plazo para establecer un acuerdo de pago ha vencido. Si eso sucede, deber\u00e1 completar el Formulario DR6596 y luego tratar directamente con los cobradores en las <a href=\"https:\/\/taxhelplaw.com\/sptax\/recursos-gratis\/oficina-del-estado-de-colorado\/\">Oficinas de Colorado<\/a>.<\/p>\n<p>Debe enviar al menos 2 talones de pago con el formulario DR6596 y prueba de todos los gastos de manutenci\u00f3n que enumere contra sus ingresos. Siga los <a href=\"https:\/\/taxhelplaw.com\/sptax\/soluciones\/pasos-de-casos-problemas-con-impuestos-en-colorado\/\">Pasos de Casos<\/a> para obtener m\u00e1s detalles y comun\u00edquese con nuestra oficina para obtener un plan de acci\u00f3n espec\u00edfico para sus necesidades individuales.<\/p>\n<div class=\"one-half first\">\n<h6>Versi\u00f3n en ingl\u00e9s:<\/h6>\n<\/div>\n<div class=\"one-half\"><a href=\"https:\/\/taxhelplaw.com\/sptax\/wp-content\/uploads\/2022\/02\/Colorado-Notice-Intent-Issue-Garnishment.jpg\" class=\"popup\">CO - Intent to Garnish<\/a><\/div>\n<p>&nbsp;<\/p>\n<div>\n<h6>Nuestra traducci\u00f3n al espa\u00f1ol:<\/h6>\n<\/div>\n<figure id=\"attachment_24985\" aria-describedby=\"caption-attachment-24985\" style=\"width: 1250px\" class=\"wp-caption alignleft\"><a href=\"https:\/\/taxhelplaw.com\/sptax\/soluciones\/pasos-de-casos-problemas-con-impuestos-en-colorado\/\"><img loading=\"lazy\" decoding=\"async\" class=\"size-full wp-image-24985\" src=\"https:\/\/taxhelplaw.com\/sptax\/wp-content\/uploads\/2023\/03\/COIntent.Garnish-en.espanol-scaled.jpg\" alt=\"Colorado Notice of Intent to Issue Garnishment, Aviso de intenci\u00f3n de emitir un embargo de Colorado \" width=\"1250\" height=\"1617\" \/><\/a><figcaption id=\"caption-attachment-24985\" class=\"wp-caption-text\">Intenci\u00f3n de emitir un embargo de Colorado<\/figcaption><\/figure>\n<p><a href=\"https:\/\/taxhelplaw.com\/sptax\/sample-page-2\/contactenos\/\"><img loading=\"lazy\" decoding=\"async\" class=\"aligncenter size-full wp-image-3464\" title=\"Colorado intencion de embargar\" src=\"https:\/\/taxhelplaw.com\/sptax\/wp-content\/uploads\/2022\/01\/taxhelpenespanol.jpg\" alt=\"Intencion de embargar del Colorado Abogado de derecho fiscal en Colorado Springs. Abogado de impuestos en Colorado Springs\" width=\"300\" height=\"101\" \/><\/a><\/p>\n","protected":false},"excerpt":{"rendered":"<p>Si no responde al Aviso de intenci\u00f3n de emitir un embargo de Colorado dentro de los 30 d\u00edas, el Departamento de Ingresos puede confiscar legalmente su salario, cuentas bancarias o propiedad. Tomar\u00e1n toda su cuenta bancaria y generalmente el 25% de su salario. Una vez que Colorado embargue su salario, no lo liberar\u00e1 hasta que [&hellip;]<\/p>\n","protected":false},"author":1,"featured_media":0,"parent":273,"menu_order":5,"comment_status":"closed","ping_status":"closed","template":"","meta":{"_genesis_hide_title":false,"_genesis_hide_breadcrumbs":false,"_genesis_hide_singular_image":false,"_genesis_hide_footer_widgets":false,"_genesis_custom_body_class":"","_genesis_custom_post_class":"","_genesis_layout":"","footnotes":""},"class_list":{"0":"post-4205","1":"page","2":"type-page","3":"status-publish","5":"entry"},"yoast_head":"<!-- This site is optimized with the Yoast SEO Premium plugin v27.0 (Yoast SEO v27.3) - https:\/\/yoast.com\/product\/yoast-seo-premium-wordpress\/ -->\n<title>Aviso de intenci\u00f3n de emitir un embargo de Colorado - TaxHelpLaw<\/title>\n<meta name=\"description\" content=\"Aviso de intenci\u00f3n: comun\u00edquese con nuestra oficina para obtener un plan de acci\u00f3n espec\u00edfico para sus necesidades individuales.\" \/>\n<meta name=\"robots\" content=\"index, follow, max-snippet:-1, max-image-preview:large, max-video-preview:-1\" \/>\n<link rel=\"canonical\" href=\"https:\/\/taxhelplaw.com\/sptax\/soluciones\/pasos-de-casos-problemas-con-impuestos-en-colorado\/aviso-de-intencion-de-emitir-un-embargo-de-colorado\/\" \/>\n<meta property=\"og:locale\" content=\"es_MX\" \/>\n<meta property=\"og:type\" content=\"article\" \/>\n<meta property=\"og:title\" content=\"Aviso de intenci\u00f3n de emitir un embargo de Colorado\" \/>\n<meta property=\"og:description\" content=\"Aviso de intenci\u00f3n: comun\u00edquese con nuestra oficina para obtener un plan de acci\u00f3n espec\u00edfico para sus necesidades individuales.\" \/>\n<meta property=\"og:url\" content=\"https:\/\/taxhelplaw.com\/sptax\/soluciones\/pasos-de-casos-problemas-con-impuestos-en-colorado\/aviso-de-intencion-de-emitir-un-embargo-de-colorado\/\" \/>\n<meta property=\"og:site_name\" content=\"J. David Hopkins, JD LLM\" \/>\n<meta property=\"article:modified_time\" content=\"2023-03-05T03:35:19+00:00\" \/>\n<meta property=\"og:image\" content=\"https:\/\/taxhelplaw.com\/sptax\/wp-content\/uploads\/2023\/03\/COIntent.Garnish-en.espanol-scaled.jpg\" \/>\n<meta name=\"twitter:card\" content=\"summary_large_image\" \/>\n<meta name=\"twitter:label1\" content=\"Tiempo de lectura\" \/>\n\t<meta name=\"twitter:data1\" content=\"2 minutos\" \/>\n<script type=\"application\/ld+json\" class=\"yoast-schema-graph\">{\"@context\":\"https:\\\/\\\/schema.org\",\"@graph\":[{\"@type\":\"WebPage\",\"@id\":\"https:\\\/\\\/taxhelplaw.com\\\/sptax\\\/soluciones\\\/pasos-de-casos-problemas-con-impuestos-en-colorado\\\/aviso-de-intencion-de-emitir-un-embargo-de-colorado\\\/\",\"url\":\"https:\\\/\\\/taxhelplaw.com\\\/sptax\\\/soluciones\\\/pasos-de-casos-problemas-con-impuestos-en-colorado\\\/aviso-de-intencion-de-emitir-un-embargo-de-colorado\\\/\",\"name\":\"Aviso de intenci\u00f3n de emitir un embargo de Colorado - TaxHelpLaw\",\"isPartOf\":{\"@id\":\"https:\\\/\\\/taxhelplaw.com\\\/sptax\\\/#website\"},\"primaryImageOfPage\":{\"@id\":\"https:\\\/\\\/taxhelplaw.com\\\/sptax\\\/soluciones\\\/pasos-de-casos-problemas-con-impuestos-en-colorado\\\/aviso-de-intencion-de-emitir-un-embargo-de-colorado\\\/#primaryimage\"},\"image\":{\"@id\":\"https:\\\/\\\/taxhelplaw.com\\\/sptax\\\/soluciones\\\/pasos-de-casos-problemas-con-impuestos-en-colorado\\\/aviso-de-intencion-de-emitir-un-embargo-de-colorado\\\/#primaryimage\"},\"thumbnailUrl\":\"https:\\\/\\\/taxhelplaw.com\\\/sptax\\\/wp-content\\\/uploads\\\/2023\\\/03\\\/COIntent.Garnish-en.espanol-scaled.jpg\",\"datePublished\":\"2022-02-06T21:32:46+00:00\",\"dateModified\":\"2023-03-05T03:35:19+00:00\",\"description\":\"Aviso de intenci\u00f3n: comun\u00edquese con nuestra oficina para obtener un plan de acci\u00f3n espec\u00edfico para sus necesidades individuales.\",\"breadcrumb\":{\"@id\":\"https:\\\/\\\/taxhelplaw.com\\\/sptax\\\/soluciones\\\/pasos-de-casos-problemas-con-impuestos-en-colorado\\\/aviso-de-intencion-de-emitir-un-embargo-de-colorado\\\/#breadcrumb\"},\"inLanguage\":\"es\",\"potentialAction\":[{\"@type\":\"ReadAction\",\"target\":[\"https:\\\/\\\/taxhelplaw.com\\\/sptax\\\/soluciones\\\/pasos-de-casos-problemas-con-impuestos-en-colorado\\\/aviso-de-intencion-de-emitir-un-embargo-de-colorado\\\/\"]}]},{\"@type\":\"ImageObject\",\"inLanguage\":\"es\",\"@id\":\"https:\\\/\\\/taxhelplaw.com\\\/sptax\\\/soluciones\\\/pasos-de-casos-problemas-con-impuestos-en-colorado\\\/aviso-de-intencion-de-emitir-un-embargo-de-colorado\\\/#primaryimage\",\"url\":\"https:\\\/\\\/taxhelplaw.com\\\/sptax\\\/wp-content\\\/uploads\\\/2023\\\/03\\\/COIntent.Garnish-en.espanol-scaled.jpg\",\"contentUrl\":\"https:\\\/\\\/taxhelplaw.com\\\/sptax\\\/wp-content\\\/uploads\\\/2023\\\/03\\\/COIntent.Garnish-en.espanol-scaled.jpg\",\"width\":1978,\"height\":2560},{\"@type\":\"BreadcrumbList\",\"@id\":\"https:\\\/\\\/taxhelplaw.com\\\/sptax\\\/soluciones\\\/pasos-de-casos-problemas-con-impuestos-en-colorado\\\/aviso-de-intencion-de-emitir-un-embargo-de-colorado\\\/#breadcrumb\",\"itemListElement\":[{\"@type\":\"ListItem\",\"position\":1,\"name\":\"Home\",\"item\":\"https:\\\/\\\/taxhelplaw.com\\\/sptax\\\/\"},{\"@type\":\"ListItem\",\"position\":2,\"name\":\"Soluciones\",\"item\":\"https:\\\/\\\/taxhelplaw.com\\\/sptax\\\/soluciones\\\/\"},{\"@type\":\"ListItem\",\"position\":3,\"name\":\"El estado de Colorado\",\"item\":\"https:\\\/\\\/taxhelplaw.com\\\/sptax\\\/soluciones\\\/pasos-de-casos-problemas-con-impuestos-en-colorado\\\/\"},{\"@type\":\"ListItem\",\"position\":4,\"name\":\"Aviso de intenci\u00f3n de emitir un embargo de Colorado\"}]},{\"@type\":\"WebSite\",\"@id\":\"https:\\\/\\\/taxhelplaw.com\\\/sptax\\\/#website\",\"url\":\"https:\\\/\\\/taxhelplaw.com\\\/sptax\\\/\",\"name\":\"J. David Hopkins, JD LLM\",\"description\":\"Maestr\u00eda en Derecho Tributario\",\"publisher\":{\"@id\":\"https:\\\/\\\/taxhelplaw.com\\\/sptax\\\/#organization\"},\"alternateName\":\"TaxHelpLaw en Espa\u00f1ol\",\"potentialAction\":[{\"@type\":\"SearchAction\",\"target\":{\"@type\":\"EntryPoint\",\"urlTemplate\":\"https:\\\/\\\/taxhelplaw.com\\\/sptax\\\/?s={search_term_string}\"},\"query-input\":{\"@type\":\"PropertyValueSpecification\",\"valueRequired\":true,\"valueName\":\"search_term_string\"}}],\"inLanguage\":\"es\"},{\"@type\":\"Organization\",\"@id\":\"https:\\\/\\\/taxhelplaw.com\\\/sptax\\\/#organization\",\"name\":\"TaxHelp, Inc.\",\"url\":\"https:\\\/\\\/taxhelplaw.com\\\/sptax\\\/\",\"logo\":{\"@type\":\"ImageObject\",\"inLanguage\":\"es\",\"@id\":\"https:\\\/\\\/taxhelplaw.com\\\/sptax\\\/#\\\/schema\\\/logo\\\/image\\\/\",\"url\":\"https:\\\/\\\/taxhelplaw.com\\\/sptax\\\/wp-content\\\/uploads\\\/2022\\\/01\\\/taxhelpenespanol.jpg\",\"contentUrl\":\"https:\\\/\\\/taxhelplaw.com\\\/sptax\\\/wp-content\\\/uploads\\\/2022\\\/01\\\/taxhelpenespanol.jpg\",\"width\":300,\"height\":101,\"caption\":\"TaxHelp, Inc.\"},\"image\":{\"@id\":\"https:\\\/\\\/taxhelplaw.com\\\/sptax\\\/#\\\/schema\\\/logo\\\/image\\\/\"}}]}<\/script>\n<!-- \/ Yoast SEO Premium plugin. -->","yoast_head_json":{"title":"Aviso de intenci\u00f3n de emitir un embargo de Colorado - TaxHelpLaw","description":"Aviso de intenci\u00f3n: comun\u00edquese con nuestra oficina para obtener un plan de acci\u00f3n espec\u00edfico para sus necesidades individuales.","robots":{"index":"index","follow":"follow","max-snippet":"max-snippet:-1","max-image-preview":"max-image-preview:large","max-video-preview":"max-video-preview:-1"},"canonical":"https:\/\/taxhelplaw.com\/sptax\/soluciones\/pasos-de-casos-problemas-con-impuestos-en-colorado\/aviso-de-intencion-de-emitir-un-embargo-de-colorado\/","og_locale":"es_MX","og_type":"article","og_title":"Aviso de intenci\u00f3n de emitir un embargo de Colorado","og_description":"Aviso de intenci\u00f3n: comun\u00edquese con nuestra oficina para obtener un plan de acci\u00f3n espec\u00edfico para sus necesidades individuales.","og_url":"https:\/\/taxhelplaw.com\/sptax\/soluciones\/pasos-de-casos-problemas-con-impuestos-en-colorado\/aviso-de-intencion-de-emitir-un-embargo-de-colorado\/","og_site_name":"J. David Hopkins, JD LLM","article_modified_time":"2023-03-05T03:35:19+00:00","og_image":[{"url":"https:\/\/taxhelplaw.com\/sptax\/wp-content\/uploads\/2023\/03\/COIntent.Garnish-en.espanol-scaled.jpg","type":"","width":"","height":""}],"twitter_card":"summary_large_image","twitter_misc":{"Tiempo de lectura":"2 minutos"},"schema":{"@context":"https:\/\/schema.org","@graph":[{"@type":"WebPage","@id":"https:\/\/taxhelplaw.com\/sptax\/soluciones\/pasos-de-casos-problemas-con-impuestos-en-colorado\/aviso-de-intencion-de-emitir-un-embargo-de-colorado\/","url":"https:\/\/taxhelplaw.com\/sptax\/soluciones\/pasos-de-casos-problemas-con-impuestos-en-colorado\/aviso-de-intencion-de-emitir-un-embargo-de-colorado\/","name":"Aviso de intenci\u00f3n de emitir un embargo de Colorado - TaxHelpLaw","isPartOf":{"@id":"https:\/\/taxhelplaw.com\/sptax\/#website"},"primaryImageOfPage":{"@id":"https:\/\/taxhelplaw.com\/sptax\/soluciones\/pasos-de-casos-problemas-con-impuestos-en-colorado\/aviso-de-intencion-de-emitir-un-embargo-de-colorado\/#primaryimage"},"image":{"@id":"https:\/\/taxhelplaw.com\/sptax\/soluciones\/pasos-de-casos-problemas-con-impuestos-en-colorado\/aviso-de-intencion-de-emitir-un-embargo-de-colorado\/#primaryimage"},"thumbnailUrl":"https:\/\/taxhelplaw.com\/sptax\/wp-content\/uploads\/2023\/03\/COIntent.Garnish-en.espanol-scaled.jpg","datePublished":"2022-02-06T21:32:46+00:00","dateModified":"2023-03-05T03:35:19+00:00","description":"Aviso de intenci\u00f3n: comun\u00edquese con nuestra oficina para obtener un plan de acci\u00f3n espec\u00edfico para sus necesidades individuales.","breadcrumb":{"@id":"https:\/\/taxhelplaw.com\/sptax\/soluciones\/pasos-de-casos-problemas-con-impuestos-en-colorado\/aviso-de-intencion-de-emitir-un-embargo-de-colorado\/#breadcrumb"},"inLanguage":"es","potentialAction":[{"@type":"ReadAction","target":["https:\/\/taxhelplaw.com\/sptax\/soluciones\/pasos-de-casos-problemas-con-impuestos-en-colorado\/aviso-de-intencion-de-emitir-un-embargo-de-colorado\/"]}]},{"@type":"ImageObject","inLanguage":"es","@id":"https:\/\/taxhelplaw.com\/sptax\/soluciones\/pasos-de-casos-problemas-con-impuestos-en-colorado\/aviso-de-intencion-de-emitir-un-embargo-de-colorado\/#primaryimage","url":"https:\/\/taxhelplaw.com\/sptax\/wp-content\/uploads\/2023\/03\/COIntent.Garnish-en.espanol-scaled.jpg","contentUrl":"https:\/\/taxhelplaw.com\/sptax\/wp-content\/uploads\/2023\/03\/COIntent.Garnish-en.espanol-scaled.jpg","width":1978,"height":2560},{"@type":"BreadcrumbList","@id":"https:\/\/taxhelplaw.com\/sptax\/soluciones\/pasos-de-casos-problemas-con-impuestos-en-colorado\/aviso-de-intencion-de-emitir-un-embargo-de-colorado\/#breadcrumb","itemListElement":[{"@type":"ListItem","position":1,"name":"Home","item":"https:\/\/taxhelplaw.com\/sptax\/"},{"@type":"ListItem","position":2,"name":"Soluciones","item":"https:\/\/taxhelplaw.com\/sptax\/soluciones\/"},{"@type":"ListItem","position":3,"name":"El estado de Colorado","item":"https:\/\/taxhelplaw.com\/sptax\/soluciones\/pasos-de-casos-problemas-con-impuestos-en-colorado\/"},{"@type":"ListItem","position":4,"name":"Aviso de intenci\u00f3n de emitir un embargo de Colorado"}]},{"@type":"WebSite","@id":"https:\/\/taxhelplaw.com\/sptax\/#website","url":"https:\/\/taxhelplaw.com\/sptax\/","name":"J. David Hopkins, JD LLM","description":"Maestr\u00eda en Derecho Tributario","publisher":{"@id":"https:\/\/taxhelplaw.com\/sptax\/#organization"},"alternateName":"TaxHelpLaw en Espa\u00f1ol","potentialAction":[{"@type":"SearchAction","target":{"@type":"EntryPoint","urlTemplate":"https:\/\/taxhelplaw.com\/sptax\/?s={search_term_string}"},"query-input":{"@type":"PropertyValueSpecification","valueRequired":true,"valueName":"search_term_string"}}],"inLanguage":"es"},{"@type":"Organization","@id":"https:\/\/taxhelplaw.com\/sptax\/#organization","name":"TaxHelp, Inc.","url":"https:\/\/taxhelplaw.com\/sptax\/","logo":{"@type":"ImageObject","inLanguage":"es","@id":"https:\/\/taxhelplaw.com\/sptax\/#\/schema\/logo\/image\/","url":"https:\/\/taxhelplaw.com\/sptax\/wp-content\/uploads\/2022\/01\/taxhelpenespanol.jpg","contentUrl":"https:\/\/taxhelplaw.com\/sptax\/wp-content\/uploads\/2022\/01\/taxhelpenespanol.jpg","width":300,"height":101,"caption":"TaxHelp, Inc."},"image":{"@id":"https:\/\/taxhelplaw.com\/sptax\/#\/schema\/logo\/image\/"}}]}},"jetpack_sharing_enabled":true,"_links":{"self":[{"href":"https:\/\/taxhelplaw.com\/sptax\/wp-json\/wp\/v2\/pages\/4205","targetHints":{"allow":["GET"]}}],"collection":[{"href":"https:\/\/taxhelplaw.com\/sptax\/wp-json\/wp\/v2\/pages"}],"about":[{"href":"https:\/\/taxhelplaw.com\/sptax\/wp-json\/wp\/v2\/types\/page"}],"author":[{"embeddable":true,"href":"https:\/\/taxhelplaw.com\/sptax\/wp-json\/wp\/v2\/users\/1"}],"replies":[{"embeddable":true,"href":"https:\/\/taxhelplaw.com\/sptax\/wp-json\/wp\/v2\/comments?post=4205"}],"version-history":[{"count":8,"href":"https:\/\/taxhelplaw.com\/sptax\/wp-json\/wp\/v2\/pages\/4205\/revisions"}],"predecessor-version":[{"id":7484,"href":"https:\/\/taxhelplaw.com\/sptax\/wp-json\/wp\/v2\/pages\/4205\/revisions\/7484"}],"up":[{"embeddable":true,"href":"https:\/\/taxhelplaw.com\/sptax\/wp-json\/wp\/v2\/pages\/273"}],"wp:attachment":[{"href":"https:\/\/taxhelplaw.com\/sptax\/wp-json\/wp\/v2\/media?parent=4205"}],"curies":[{"name":"wp","href":"https:\/\/api.w.org\/{rel}","templated":true}]}}