{"id":403,"date":"2015-02-08T02:20:07","date_gmt":"2015-02-08T02:20:07","guid":{"rendered":"http:\/\/taxhelplaw.com\/sp\/?page_id=403"},"modified":"2023-03-27T16:26:45","modified_gmt":"2023-03-27T16:26:45","slug":"aviso-cp128","status":"publish","type":"page","link":"https:\/\/taxhelplaw.com\/sptax\/soluciones\/impuestos-de-negocio\/aviso-cp128\/","title":{"rendered":"Aviso CP128"},"content":{"rendered":"<p>Con el Aviso CP128, el IRS le indica que est\u00e1n usando su exceso de pago para otro periodo de tiempo que tiene una deuda vencida.<\/p>\n<p>Este aviso revela que hay otro problema m\u00e1s grave. A veces los contribuyentes no deben las cantidades presuntas por el IRS, pero no saben c\u00f3mo enfrentar dichos problemas. Hay que pedirle al IRS el registro de su negocio, usted tiene que pedir las transcripciones de cuenta de todos los periodos en los que hay problemas.<\/p>\n<p>Entonces tenemos que comparar la <a href=\"https:\/\/www.irs.gov\/es\/individuals\/get-transcript\" target=\"_blank\" rel=\"noopener\">transcripci\u00f3n<\/a> de cuenta con las declaraciones de impuestos y pagos que usted hizo. Si usted ha recibido el Aviso CP128 vea los Pasos de Casos a seguir para Impuestos de <a title=\"Pasos de Casos \u2013 Impuestos de Negocio\" href=\"\/\/taxhelplaw.com\/sptax\/soluciones\/impuestos-de-negocio\/\"><span style=\"color: #0000ff;\">negocios<\/span><\/a> y los Pasos de Casos para <a title=\"Pasos de Casos \u2013 Cobros\" href=\"\/\/taxhelplaw.com\/sptax\/soluciones\/cobros\/\"><span style=\"color: #0000ff;\">Cobros<\/span><\/a> antes de ponerse en contacto con el abogado de TaxHelpLaw as\u00ed podremos hacer un Plan de Acci\u00f3n para resolver su situaci\u00f3n.<\/p>\n<p>Hay 2 tipos de CP128, primer tipo:<\/p>\n<div class=\"one-half first\">\n<h6>Versi\u00f3n en ingl\u00e9s:<\/h6>\n<\/div>\n<div class=\"one-half\"><a href=\"\/sptax\/wp-content\/uploads\/2015\/02\/Aviso-CP128-1.jpg\" class=\"popup\">Notice CP128<\/a><\/div>\n<p>&nbsp;<\/p>\n<div>\n<h6>Nuestra traducci\u00f3n al espa\u00f1ol:<\/h6>\n<\/div>\n<p><a title=\"Impuestos de Negocio\" href=\"\/\/taxhelplaw.com\/sptax\/soluciones\/impuestos-de-negocio\/\"><img loading=\"lazy\" decoding=\"async\" class=\"alignleft size-full wp-image-1474\" src=\"https:\/\/taxhelplaw.com\/sptax\/wp-content\/uploads\/2023\/03\/AvisoCP128enespanol.jpg\" alt=\"Aviso CP128\" width=\"1250\" height=\"1648\" \/><\/a><\/p>\n<p>Segundo tipo:<\/p>\n<p><a title=\"Pasos de Casos \u2013 Cobros\" href=\"\/\/taxhelplaw.com\/sptax\/soluciones\/cobros\/\"><img loading=\"lazy\" decoding=\"async\" class=\"alignleft size-full wp-image-783\" src=\"\/sptax\/wp-content\/uploads\/2015\/02\/AvisoCP128-1.jpg\" alt=\"Aviso CP128\" width=\"1246\" height=\"1636\" \/><\/a><\/p>\n<p><a href=\"https:\/\/taxhelplaw.com\/sptax\/sample-page-2\/contactenos\/\"><img loading=\"lazy\" decoding=\"async\" class=\"aligncenter size-full wp-image-3464\" title=\"Aviso CP128 del IRS\" src=\"https:\/\/taxhelplaw.com\/sptax\/wp-content\/uploads\/2022\/01\/taxhelpenespanol.jpg\" alt=\"Aviso CP128 del IRS. Abogado de derecho fiscal en Colorado Springs. Abogado de impuestos en Colorado Springs\" width=\"300\" height=\"101\" \/><\/a><\/p>\n","protected":false},"excerpt":{"rendered":"<p>Con el Aviso CP128, el IRS le indica que est\u00e1n usando su exceso de pago para otro periodo de tiempo que tiene una deuda vencida. Este aviso revela que hay otro problema m\u00e1s grave. A veces los contribuyentes no deben las cantidades presuntas por el IRS, pero no saben c\u00f3mo enfrentar dichos problemas. Hay que [&hellip;]<\/p>\n","protected":false},"author":1,"featured_media":0,"parent":294,"menu_order":3,"comment_status":"closed","ping_status":"closed","template":"","meta":{"_genesis_hide_title":false,"_genesis_hide_breadcrumbs":false,"_genesis_hide_singular_image":false,"_genesis_hide_footer_widgets":false,"_genesis_custom_body_class":"","_genesis_custom_post_class":"","_genesis_layout":"","footnotes":""},"class_list":{"0":"post-403","1":"page","2":"type-page","3":"status-publish","5":"entry"},"yoast_head":"<!-- This site is optimized with the Yoast SEO Premium plugin v27.0 (Yoast SEO v27.3) - https:\/\/yoast.com\/product\/yoast-seo-premium-wordpress\/ -->\n<title>Aviso CP128. De qu\u00e9 se trata? - J. David Hopkins, JD LLM<\/title>\n<meta name=\"description\" content=\"Aviso CP128 del IRS: indica que est\u00e1n usando su exceso de pago para otro periodo de tiempo que tiene una deuda vencida.\" \/>\n<meta name=\"robots\" content=\"index, follow, max-snippet:-1, max-image-preview:large, max-video-preview:-1\" \/>\n<link rel=\"canonical\" href=\"https:\/\/taxhelplaw.com\/sptax\/soluciones\/impuestos-de-negocio\/aviso-cp128\/\" \/>\n<meta property=\"og:locale\" content=\"es_MX\" \/>\n<meta property=\"og:type\" content=\"article\" \/>\n<meta property=\"og:title\" content=\"Aviso CP128\" \/>\n<meta property=\"og:description\" content=\"Aviso CP128 del IRS: indica que est\u00e1n usando su exceso de pago para otro periodo de tiempo que tiene una deuda vencida.\" \/>\n<meta property=\"og:url\" content=\"https:\/\/taxhelplaw.com\/sptax\/soluciones\/impuestos-de-negocio\/aviso-cp128\/\" \/>\n<meta property=\"og:site_name\" content=\"J. David Hopkins, JD LLM\" \/>\n<meta property=\"article:modified_time\" content=\"2023-03-27T16:26:45+00:00\" \/>\n<meta property=\"og:image\" content=\"https:\/\/taxhelplaw.com\/sptax\/wp-content\/uploads\/2023\/03\/AvisoCP128enespanol.jpg\" \/>\n<meta name=\"twitter:card\" content=\"summary_large_image\" \/>\n<meta name=\"twitter:label1\" content=\"Tiempo de lectura\" \/>\n\t<meta name=\"twitter:data1\" content=\"2 minutos\" \/>\n<script type=\"application\/ld+json\" class=\"yoast-schema-graph\">{\"@context\":\"https:\\\/\\\/schema.org\",\"@graph\":[{\"@type\":\"WebPage\",\"@id\":\"https:\\\/\\\/taxhelplaw.com\\\/sptax\\\/soluciones\\\/impuestos-de-negocio\\\/aviso-cp128\\\/\",\"url\":\"https:\\\/\\\/taxhelplaw.com\\\/sptax\\\/soluciones\\\/impuestos-de-negocio\\\/aviso-cp128\\\/\",\"name\":\"Aviso CP128. De qu\u00e9 se trata? - J. David Hopkins, JD LLM\",\"isPartOf\":{\"@id\":\"https:\\\/\\\/taxhelplaw.com\\\/sptax\\\/#website\"},\"primaryImageOfPage\":{\"@id\":\"https:\\\/\\\/taxhelplaw.com\\\/sptax\\\/soluciones\\\/impuestos-de-negocio\\\/aviso-cp128\\\/#primaryimage\"},\"image\":{\"@id\":\"https:\\\/\\\/taxhelplaw.com\\\/sptax\\\/soluciones\\\/impuestos-de-negocio\\\/aviso-cp128\\\/#primaryimage\"},\"thumbnailUrl\":\"https:\\\/\\\/taxhelplaw.com\\\/sptax\\\/wp-content\\\/uploads\\\/2023\\\/03\\\/AvisoCP128enespanol.jpg\",\"datePublished\":\"2015-02-08T02:20:07+00:00\",\"dateModified\":\"2023-03-27T16:26:45+00:00\",\"description\":\"Aviso CP128 del IRS: indica que est\u00e1n usando su exceso de pago para otro periodo de tiempo que tiene una deuda vencida.\",\"breadcrumb\":{\"@id\":\"https:\\\/\\\/taxhelplaw.com\\\/sptax\\\/soluciones\\\/impuestos-de-negocio\\\/aviso-cp128\\\/#breadcrumb\"},\"inLanguage\":\"es\",\"potentialAction\":[{\"@type\":\"ReadAction\",\"target\":[\"https:\\\/\\\/taxhelplaw.com\\\/sptax\\\/soluciones\\\/impuestos-de-negocio\\\/aviso-cp128\\\/\"]}]},{\"@type\":\"ImageObject\",\"inLanguage\":\"es\",\"@id\":\"https:\\\/\\\/taxhelplaw.com\\\/sptax\\\/soluciones\\\/impuestos-de-negocio\\\/aviso-cp128\\\/#primaryimage\",\"url\":\"https:\\\/\\\/taxhelplaw.com\\\/sptax\\\/wp-content\\\/uploads\\\/2023\\\/03\\\/AvisoCP128enespanol.jpg\",\"contentUrl\":\"https:\\\/\\\/taxhelplaw.com\\\/sptax\\\/wp-content\\\/uploads\\\/2023\\\/03\\\/AvisoCP128enespanol.jpg\",\"width\":1284,\"height\":1662},{\"@type\":\"BreadcrumbList\",\"@id\":\"https:\\\/\\\/taxhelplaw.com\\\/sptax\\\/soluciones\\\/impuestos-de-negocio\\\/aviso-cp128\\\/#breadcrumb\",\"itemListElement\":[{\"@type\":\"ListItem\",\"position\":1,\"name\":\"Home\",\"item\":\"https:\\\/\\\/taxhelplaw.com\\\/sptax\\\/\"},{\"@type\":\"ListItem\",\"position\":2,\"name\":\"Soluciones\",\"item\":\"https:\\\/\\\/taxhelplaw.com\\\/sptax\\\/soluciones\\\/\"},{\"@type\":\"ListItem\",\"position\":3,\"name\":\"Impuestos de Negocios\",\"item\":\"https:\\\/\\\/taxhelplaw.com\\\/sptax\\\/soluciones\\\/impuestos-de-negocio\\\/\"},{\"@type\":\"ListItem\",\"position\":4,\"name\":\"Aviso CP128\"}]},{\"@type\":\"WebSite\",\"@id\":\"https:\\\/\\\/taxhelplaw.com\\\/sptax\\\/#website\",\"url\":\"https:\\\/\\\/taxhelplaw.com\\\/sptax\\\/\",\"name\":\"J. David Hopkins, JD LLM\",\"description\":\"Maestr\u00eda en Derecho Tributario\",\"publisher\":{\"@id\":\"https:\\\/\\\/taxhelplaw.com\\\/sptax\\\/#organization\"},\"alternateName\":\"TaxHelpLaw en Espa\u00f1ol\",\"potentialAction\":[{\"@type\":\"SearchAction\",\"target\":{\"@type\":\"EntryPoint\",\"urlTemplate\":\"https:\\\/\\\/taxhelplaw.com\\\/sptax\\\/?s={search_term_string}\"},\"query-input\":{\"@type\":\"PropertyValueSpecification\",\"valueRequired\":true,\"valueName\":\"search_term_string\"}}],\"inLanguage\":\"es\"},{\"@type\":\"Organization\",\"@id\":\"https:\\\/\\\/taxhelplaw.com\\\/sptax\\\/#organization\",\"name\":\"TaxHelp, Inc.\",\"url\":\"https:\\\/\\\/taxhelplaw.com\\\/sptax\\\/\",\"logo\":{\"@type\":\"ImageObject\",\"inLanguage\":\"es\",\"@id\":\"https:\\\/\\\/taxhelplaw.com\\\/sptax\\\/#\\\/schema\\\/logo\\\/image\\\/\",\"url\":\"https:\\\/\\\/taxhelplaw.com\\\/sptax\\\/wp-content\\\/uploads\\\/2022\\\/01\\\/taxhelpenespanol.jpg\",\"contentUrl\":\"https:\\\/\\\/taxhelplaw.com\\\/sptax\\\/wp-content\\\/uploads\\\/2022\\\/01\\\/taxhelpenespanol.jpg\",\"width\":300,\"height\":101,\"caption\":\"TaxHelp, Inc.\"},\"image\":{\"@id\":\"https:\\\/\\\/taxhelplaw.com\\\/sptax\\\/#\\\/schema\\\/logo\\\/image\\\/\"}}]}<\/script>\n<!-- \/ Yoast SEO Premium plugin. -->","yoast_head_json":{"title":"Aviso CP128. De qu\u00e9 se trata? - J. David Hopkins, JD LLM","description":"Aviso CP128 del IRS: indica que est\u00e1n usando su exceso de pago para otro periodo de tiempo que tiene una deuda vencida.","robots":{"index":"index","follow":"follow","max-snippet":"max-snippet:-1","max-image-preview":"max-image-preview:large","max-video-preview":"max-video-preview:-1"},"canonical":"https:\/\/taxhelplaw.com\/sptax\/soluciones\/impuestos-de-negocio\/aviso-cp128\/","og_locale":"es_MX","og_type":"article","og_title":"Aviso CP128","og_description":"Aviso CP128 del IRS: indica que est\u00e1n usando su exceso de pago para otro periodo de tiempo que tiene una deuda vencida.","og_url":"https:\/\/taxhelplaw.com\/sptax\/soluciones\/impuestos-de-negocio\/aviso-cp128\/","og_site_name":"J. David Hopkins, JD LLM","article_modified_time":"2023-03-27T16:26:45+00:00","og_image":[{"url":"https:\/\/taxhelplaw.com\/sptax\/wp-content\/uploads\/2023\/03\/AvisoCP128enespanol.jpg","type":"","width":"","height":""}],"twitter_card":"summary_large_image","twitter_misc":{"Tiempo de lectura":"2 minutos"},"schema":{"@context":"https:\/\/schema.org","@graph":[{"@type":"WebPage","@id":"https:\/\/taxhelplaw.com\/sptax\/soluciones\/impuestos-de-negocio\/aviso-cp128\/","url":"https:\/\/taxhelplaw.com\/sptax\/soluciones\/impuestos-de-negocio\/aviso-cp128\/","name":"Aviso CP128. De qu\u00e9 se trata? - J. David Hopkins, JD LLM","isPartOf":{"@id":"https:\/\/taxhelplaw.com\/sptax\/#website"},"primaryImageOfPage":{"@id":"https:\/\/taxhelplaw.com\/sptax\/soluciones\/impuestos-de-negocio\/aviso-cp128\/#primaryimage"},"image":{"@id":"https:\/\/taxhelplaw.com\/sptax\/soluciones\/impuestos-de-negocio\/aviso-cp128\/#primaryimage"},"thumbnailUrl":"https:\/\/taxhelplaw.com\/sptax\/wp-content\/uploads\/2023\/03\/AvisoCP128enespanol.jpg","datePublished":"2015-02-08T02:20:07+00:00","dateModified":"2023-03-27T16:26:45+00:00","description":"Aviso CP128 del IRS: indica que est\u00e1n usando su exceso de pago para otro periodo de tiempo que tiene una deuda vencida.","breadcrumb":{"@id":"https:\/\/taxhelplaw.com\/sptax\/soluciones\/impuestos-de-negocio\/aviso-cp128\/#breadcrumb"},"inLanguage":"es","potentialAction":[{"@type":"ReadAction","target":["https:\/\/taxhelplaw.com\/sptax\/soluciones\/impuestos-de-negocio\/aviso-cp128\/"]}]},{"@type":"ImageObject","inLanguage":"es","@id":"https:\/\/taxhelplaw.com\/sptax\/soluciones\/impuestos-de-negocio\/aviso-cp128\/#primaryimage","url":"https:\/\/taxhelplaw.com\/sptax\/wp-content\/uploads\/2023\/03\/AvisoCP128enespanol.jpg","contentUrl":"https:\/\/taxhelplaw.com\/sptax\/wp-content\/uploads\/2023\/03\/AvisoCP128enespanol.jpg","width":1284,"height":1662},{"@type":"BreadcrumbList","@id":"https:\/\/taxhelplaw.com\/sptax\/soluciones\/impuestos-de-negocio\/aviso-cp128\/#breadcrumb","itemListElement":[{"@type":"ListItem","position":1,"name":"Home","item":"https:\/\/taxhelplaw.com\/sptax\/"},{"@type":"ListItem","position":2,"name":"Soluciones","item":"https:\/\/taxhelplaw.com\/sptax\/soluciones\/"},{"@type":"ListItem","position":3,"name":"Impuestos de Negocios","item":"https:\/\/taxhelplaw.com\/sptax\/soluciones\/impuestos-de-negocio\/"},{"@type":"ListItem","position":4,"name":"Aviso CP128"}]},{"@type":"WebSite","@id":"https:\/\/taxhelplaw.com\/sptax\/#website","url":"https:\/\/taxhelplaw.com\/sptax\/","name":"J. David Hopkins, JD LLM","description":"Maestr\u00eda en Derecho Tributario","publisher":{"@id":"https:\/\/taxhelplaw.com\/sptax\/#organization"},"alternateName":"TaxHelpLaw en Espa\u00f1ol","potentialAction":[{"@type":"SearchAction","target":{"@type":"EntryPoint","urlTemplate":"https:\/\/taxhelplaw.com\/sptax\/?s={search_term_string}"},"query-input":{"@type":"PropertyValueSpecification","valueRequired":true,"valueName":"search_term_string"}}],"inLanguage":"es"},{"@type":"Organization","@id":"https:\/\/taxhelplaw.com\/sptax\/#organization","name":"TaxHelp, Inc.","url":"https:\/\/taxhelplaw.com\/sptax\/","logo":{"@type":"ImageObject","inLanguage":"es","@id":"https:\/\/taxhelplaw.com\/sptax\/#\/schema\/logo\/image\/","url":"https:\/\/taxhelplaw.com\/sptax\/wp-content\/uploads\/2022\/01\/taxhelpenespanol.jpg","contentUrl":"https:\/\/taxhelplaw.com\/sptax\/wp-content\/uploads\/2022\/01\/taxhelpenespanol.jpg","width":300,"height":101,"caption":"TaxHelp, Inc."},"image":{"@id":"https:\/\/taxhelplaw.com\/sptax\/#\/schema\/logo\/image\/"}}]}},"jetpack_sharing_enabled":true,"_links":{"self":[{"href":"https:\/\/taxhelplaw.com\/sptax\/wp-json\/wp\/v2\/pages\/403","targetHints":{"allow":["GET"]}}],"collection":[{"href":"https:\/\/taxhelplaw.com\/sptax\/wp-json\/wp\/v2\/pages"}],"about":[{"href":"https:\/\/taxhelplaw.com\/sptax\/wp-json\/wp\/v2\/types\/page"}],"author":[{"embeddable":true,"href":"https:\/\/taxhelplaw.com\/sptax\/wp-json\/wp\/v2\/users\/1"}],"replies":[{"embeddable":true,"href":"https:\/\/taxhelplaw.com\/sptax\/wp-json\/wp\/v2\/comments?post=403"}],"version-history":[{"count":7,"href":"https:\/\/taxhelplaw.com\/sptax\/wp-json\/wp\/v2\/pages\/403\/revisions"}],"predecessor-version":[{"id":7652,"href":"https:\/\/taxhelplaw.com\/sptax\/wp-json\/wp\/v2\/pages\/403\/revisions\/7652"}],"up":[{"embeddable":true,"href":"https:\/\/taxhelplaw.com\/sptax\/wp-json\/wp\/v2\/pages\/294"}],"wp:attachment":[{"href":"https:\/\/taxhelplaw.com\/sptax\/wp-json\/wp\/v2\/media?parent=403"}],"curies":[{"name":"wp","href":"https:\/\/api.w.org\/{rel}","templated":true}]}}