{"id":401,"date":"2015-02-08T01:41:13","date_gmt":"2015-02-08T01:41:13","guid":{"rendered":"http:\/\/taxhelplaw.com\/sp\/?page_id=401"},"modified":"2023-03-29T23:37:55","modified_gmt":"2023-03-29T23:37:55","slug":"carta-98c","status":"publish","type":"page","link":"https:\/\/taxhelplaw.com\/sptax\/soluciones\/impuestos-de-negocio\/carta-98c\/","title":{"rendered":"Carta 98C"},"content":{"rendered":"<p>El <a href=\"https:\/\/www.irs.gov\/es\/individuals\/understanding-your-irs-notice-or-letter\" target=\"_blank\" rel=\"noopener\">IRS<\/a> usa la Carta 98C para detallar los errores que usted cometi\u00f3 en la declaraci\u00f3n de impuestos que present\u00f3 de su negocio.<\/p>\n<p>Cuando hay problemas con varios periodos de tiempo, el IRS toma dinero de un periodo y lo usa para otro periodo. Esta pueda ser la raz\u00f3n que ha producido la discrepancia. Lo mejor es conseguir las transcripciones de su cuenta de todos los periodos para compararlas con los registros de su negocio por llamar 1-800-829-1040. Tambi\u00e9n ser\u00eda buena idea conseguir los documentos de ingreso para ver los documentos del IRS y compararlos con los suyos.<\/p>\n<p>Es importante reunir esta informaci\u00f3n de todos los periodos de impuestos que presentan problemas para revisar los registros de su negocio y resolverlos antes de que ocurran mayores problemas. La cantidad de multas e intereses del IRS puede perjudicar a un negocio y hasta causar que cierre permanentemente.<\/p>\n<p>En el futuro usted puede designar pagos voluntarios y elegir el periodo de tiempo. Esto evitar\u00e1 que el IRS aplique su pago err\u00f3neamente.<\/p>\n<p>Si usted ha recibido la Carta 98C vea los Pasos de Casos a seguir para los <a title=\"Pasos de Casos \u2013 Impuestos de Negocio\" href=\"\/\/taxhelplaw.com\/sptax\/soluciones\/impuestos-de-negocio\/\"><span style=\"color: #0000ff;\">Impuestos de negocios<\/span><\/a> y p\u00f3ngase en contacto con el abogado de TaxHelpLaw as\u00ed podremos construir un Plan de Acci\u00f3n para ganarle al IRS.<\/p>\n<div class=\"one-half first\">\n<h6>Versi\u00f3n en ingl\u00e9s:<\/h6>\n<\/div>\n<div class=\"one-half\"><a href=\"\/sptax\/wp-content\/uploads\/2015\/02\/Carta98C-1.jpg\" class=\"popup\">Letter 98C<\/a><\/div>\n<p>&nbsp;<\/p>\n<div>\n<h6>Nuestra traducci\u00f3n al espa\u00f1ol:<\/h6>\n<\/div>\n<p><a title=\"Pasos de Casos \u2013 Impuestos de Negocio\" href=\"\/\/taxhelplaw.com\/sptax\/soluciones\/impuestos-de-negocio\/\"><img loading=\"lazy\" decoding=\"async\" class=\"alignleft size-full wp-image-236\" src=\"https:\/\/taxhelplaw.com\/sptax\/wp-content\/uploads\/2023\/03\/Carta98Cenespanol-scaled.jpg\" alt=\"Carta98C\" width=\"1240\" height=\"1680\" \/><\/a><\/p>\n<p><a href=\"https:\/\/taxhelplaw.com\/sptax\/sample-page-2\/contactenos\/\"><img loading=\"lazy\" decoding=\"async\" class=\"aligncenter size-full wp-image-3464\" title=\"Carta 98C del IRS\" src=\"https:\/\/taxhelplaw.com\/sptax\/wp-content\/uploads\/2022\/01\/taxhelpenespanol.jpg\" alt=\"Carta 98C del IRS. Abogado de derecho fiscal en Colorado Springs. Abogado de impuestos en Colorado Springs\" width=\"300\" height=\"101\" \/><\/a><\/p>\n","protected":false},"excerpt":{"rendered":"<p>El IRS usa la Carta 98C para detallar los errores que usted cometi\u00f3 en la declaraci\u00f3n de impuestos que present\u00f3 de su negocio. Cuando hay problemas con varios periodos de tiempo, el IRS toma dinero de un periodo y lo usa para otro periodo. Esta pueda ser la raz\u00f3n que ha producido la discrepancia. Lo [&hellip;]<\/p>\n","protected":false},"author":1,"featured_media":0,"parent":294,"menu_order":19,"comment_status":"closed","ping_status":"closed","template":"","meta":{"_genesis_hide_title":false,"_genesis_hide_breadcrumbs":false,"_genesis_hide_singular_image":false,"_genesis_hide_footer_widgets":false,"_genesis_custom_body_class":"","_genesis_custom_post_class":"","_genesis_layout":"","footnotes":""},"class_list":{"0":"post-401","1":"page","2":"type-page","3":"status-publish","5":"entry"},"yoast_head":"<!-- This site is optimized with the Yoast SEO Premium plugin v27.0 (Yoast SEO v27.3) - https:\/\/yoast.com\/product\/yoast-seo-premium-wordpress\/ -->\n<title>Carta 98C. Errores o discrepancias - TaxHelpLaw<\/title>\n<meta name=\"description\" content=\"Carta 98C del IRS: p\u00f3ngase en contacto con nuestro abogado de impuestos quien resolver\u00e1 sus problemas con el IRS.\" \/>\n<meta name=\"robots\" content=\"index, follow, max-snippet:-1, max-image-preview:large, max-video-preview:-1\" \/>\n<link rel=\"canonical\" href=\"https:\/\/taxhelplaw.com\/sptax\/soluciones\/impuestos-de-negocio\/carta-98c\/\" \/>\n<meta property=\"og:locale\" content=\"es_MX\" \/>\n<meta property=\"og:type\" content=\"article\" \/>\n<meta property=\"og:title\" content=\"Carta 98C\" \/>\n<meta property=\"og:description\" content=\"Carta 98C del IRS: p\u00f3ngase en contacto con nuestro abogado de impuestos quien resolver\u00e1 sus problemas con el IRS.\" \/>\n<meta property=\"og:url\" content=\"https:\/\/taxhelplaw.com\/sptax\/soluciones\/impuestos-de-negocio\/carta-98c\/\" \/>\n<meta property=\"og:site_name\" content=\"J. David Hopkins, JD LLM\" \/>\n<meta property=\"article:modified_time\" content=\"2023-03-29T23:37:55+00:00\" \/>\n<meta property=\"og:image\" content=\"https:\/\/taxhelplaw.com\/sptax\/wp-content\/uploads\/2023\/03\/Carta98Cenespanol-scaled.jpg\" \/>\n<meta name=\"twitter:card\" content=\"summary_large_image\" \/>\n<meta name=\"twitter:label1\" content=\"Tiempo de lectura\" \/>\n\t<meta name=\"twitter:data1\" content=\"2 minutos\" \/>\n<script type=\"application\/ld+json\" class=\"yoast-schema-graph\">{\"@context\":\"https:\\\/\\\/schema.org\",\"@graph\":[{\"@type\":\"WebPage\",\"@id\":\"https:\\\/\\\/taxhelplaw.com\\\/sptax\\\/soluciones\\\/impuestos-de-negocio\\\/carta-98c\\\/\",\"url\":\"https:\\\/\\\/taxhelplaw.com\\\/sptax\\\/soluciones\\\/impuestos-de-negocio\\\/carta-98c\\\/\",\"name\":\"Carta 98C. Errores o discrepancias - TaxHelpLaw\",\"isPartOf\":{\"@id\":\"https:\\\/\\\/taxhelplaw.com\\\/sptax\\\/#website\"},\"primaryImageOfPage\":{\"@id\":\"https:\\\/\\\/taxhelplaw.com\\\/sptax\\\/soluciones\\\/impuestos-de-negocio\\\/carta-98c\\\/#primaryimage\"},\"image\":{\"@id\":\"https:\\\/\\\/taxhelplaw.com\\\/sptax\\\/soluciones\\\/impuestos-de-negocio\\\/carta-98c\\\/#primaryimage\"},\"thumbnailUrl\":\"https:\\\/\\\/taxhelplaw.com\\\/sptax\\\/wp-content\\\/uploads\\\/2023\\\/03\\\/Carta98Cenespanol-scaled.jpg\",\"datePublished\":\"2015-02-08T01:41:13+00:00\",\"dateModified\":\"2023-03-29T23:37:55+00:00\",\"description\":\"Carta 98C del IRS: p\u00f3ngase en contacto con nuestro abogado de impuestos quien resolver\u00e1 sus problemas con el IRS.\",\"breadcrumb\":{\"@id\":\"https:\\\/\\\/taxhelplaw.com\\\/sptax\\\/soluciones\\\/impuestos-de-negocio\\\/carta-98c\\\/#breadcrumb\"},\"inLanguage\":\"es\",\"potentialAction\":[{\"@type\":\"ReadAction\",\"target\":[\"https:\\\/\\\/taxhelplaw.com\\\/sptax\\\/soluciones\\\/impuestos-de-negocio\\\/carta-98c\\\/\"]}]},{\"@type\":\"ImageObject\",\"inLanguage\":\"es\",\"@id\":\"https:\\\/\\\/taxhelplaw.com\\\/sptax\\\/soluciones\\\/impuestos-de-negocio\\\/carta-98c\\\/#primaryimage\",\"url\":\"https:\\\/\\\/taxhelplaw.com\\\/sptax\\\/wp-content\\\/uploads\\\/2023\\\/03\\\/Carta98Cenespanol-scaled.jpg\",\"contentUrl\":\"https:\\\/\\\/taxhelplaw.com\\\/sptax\\\/wp-content\\\/uploads\\\/2023\\\/03\\\/Carta98Cenespanol-scaled.jpg\",\"width\":1978,\"height\":2560},{\"@type\":\"BreadcrumbList\",\"@id\":\"https:\\\/\\\/taxhelplaw.com\\\/sptax\\\/soluciones\\\/impuestos-de-negocio\\\/carta-98c\\\/#breadcrumb\",\"itemListElement\":[{\"@type\":\"ListItem\",\"position\":1,\"name\":\"Home\",\"item\":\"https:\\\/\\\/taxhelplaw.com\\\/sptax\\\/\"},{\"@type\":\"ListItem\",\"position\":2,\"name\":\"Soluciones\",\"item\":\"https:\\\/\\\/taxhelplaw.com\\\/sptax\\\/soluciones\\\/\"},{\"@type\":\"ListItem\",\"position\":3,\"name\":\"Impuestos de Negocios\",\"item\":\"https:\\\/\\\/taxhelplaw.com\\\/sptax\\\/soluciones\\\/impuestos-de-negocio\\\/\"},{\"@type\":\"ListItem\",\"position\":4,\"name\":\"Carta 98C\"}]},{\"@type\":\"WebSite\",\"@id\":\"https:\\\/\\\/taxhelplaw.com\\\/sptax\\\/#website\",\"url\":\"https:\\\/\\\/taxhelplaw.com\\\/sptax\\\/\",\"name\":\"J. David Hopkins, JD LLM\",\"description\":\"Maestr\u00eda en Derecho Tributario\",\"publisher\":{\"@id\":\"https:\\\/\\\/taxhelplaw.com\\\/sptax\\\/#organization\"},\"alternateName\":\"TaxHelpLaw en Espa\u00f1ol\",\"potentialAction\":[{\"@type\":\"SearchAction\",\"target\":{\"@type\":\"EntryPoint\",\"urlTemplate\":\"https:\\\/\\\/taxhelplaw.com\\\/sptax\\\/?s={search_term_string}\"},\"query-input\":{\"@type\":\"PropertyValueSpecification\",\"valueRequired\":true,\"valueName\":\"search_term_string\"}}],\"inLanguage\":\"es\"},{\"@type\":\"Organization\",\"@id\":\"https:\\\/\\\/taxhelplaw.com\\\/sptax\\\/#organization\",\"name\":\"TaxHelp, Inc.\",\"url\":\"https:\\\/\\\/taxhelplaw.com\\\/sptax\\\/\",\"logo\":{\"@type\":\"ImageObject\",\"inLanguage\":\"es\",\"@id\":\"https:\\\/\\\/taxhelplaw.com\\\/sptax\\\/#\\\/schema\\\/logo\\\/image\\\/\",\"url\":\"https:\\\/\\\/taxhelplaw.com\\\/sptax\\\/wp-content\\\/uploads\\\/2022\\\/01\\\/taxhelpenespanol.jpg\",\"contentUrl\":\"https:\\\/\\\/taxhelplaw.com\\\/sptax\\\/wp-content\\\/uploads\\\/2022\\\/01\\\/taxhelpenespanol.jpg\",\"width\":300,\"height\":101,\"caption\":\"TaxHelp, Inc.\"},\"image\":{\"@id\":\"https:\\\/\\\/taxhelplaw.com\\\/sptax\\\/#\\\/schema\\\/logo\\\/image\\\/\"}}]}<\/script>\n<!-- \/ Yoast SEO Premium plugin. -->","yoast_head_json":{"title":"Carta 98C. Errores o discrepancias - TaxHelpLaw","description":"Carta 98C del IRS: p\u00f3ngase en contacto con nuestro abogado de impuestos quien resolver\u00e1 sus problemas con el IRS.","robots":{"index":"index","follow":"follow","max-snippet":"max-snippet:-1","max-image-preview":"max-image-preview:large","max-video-preview":"max-video-preview:-1"},"canonical":"https:\/\/taxhelplaw.com\/sptax\/soluciones\/impuestos-de-negocio\/carta-98c\/","og_locale":"es_MX","og_type":"article","og_title":"Carta 98C","og_description":"Carta 98C del IRS: p\u00f3ngase en contacto con nuestro abogado de impuestos quien resolver\u00e1 sus problemas con el IRS.","og_url":"https:\/\/taxhelplaw.com\/sptax\/soluciones\/impuestos-de-negocio\/carta-98c\/","og_site_name":"J. David Hopkins, JD LLM","article_modified_time":"2023-03-29T23:37:55+00:00","og_image":[{"url":"https:\/\/taxhelplaw.com\/sptax\/wp-content\/uploads\/2023\/03\/Carta98Cenespanol-scaled.jpg","type":"","width":"","height":""}],"twitter_card":"summary_large_image","twitter_misc":{"Tiempo de lectura":"2 minutos"},"schema":{"@context":"https:\/\/schema.org","@graph":[{"@type":"WebPage","@id":"https:\/\/taxhelplaw.com\/sptax\/soluciones\/impuestos-de-negocio\/carta-98c\/","url":"https:\/\/taxhelplaw.com\/sptax\/soluciones\/impuestos-de-negocio\/carta-98c\/","name":"Carta 98C. Errores o discrepancias - TaxHelpLaw","isPartOf":{"@id":"https:\/\/taxhelplaw.com\/sptax\/#website"},"primaryImageOfPage":{"@id":"https:\/\/taxhelplaw.com\/sptax\/soluciones\/impuestos-de-negocio\/carta-98c\/#primaryimage"},"image":{"@id":"https:\/\/taxhelplaw.com\/sptax\/soluciones\/impuestos-de-negocio\/carta-98c\/#primaryimage"},"thumbnailUrl":"https:\/\/taxhelplaw.com\/sptax\/wp-content\/uploads\/2023\/03\/Carta98Cenespanol-scaled.jpg","datePublished":"2015-02-08T01:41:13+00:00","dateModified":"2023-03-29T23:37:55+00:00","description":"Carta 98C del IRS: p\u00f3ngase en contacto con nuestro abogado de impuestos quien resolver\u00e1 sus problemas con el IRS.","breadcrumb":{"@id":"https:\/\/taxhelplaw.com\/sptax\/soluciones\/impuestos-de-negocio\/carta-98c\/#breadcrumb"},"inLanguage":"es","potentialAction":[{"@type":"ReadAction","target":["https:\/\/taxhelplaw.com\/sptax\/soluciones\/impuestos-de-negocio\/carta-98c\/"]}]},{"@type":"ImageObject","inLanguage":"es","@id":"https:\/\/taxhelplaw.com\/sptax\/soluciones\/impuestos-de-negocio\/carta-98c\/#primaryimage","url":"https:\/\/taxhelplaw.com\/sptax\/wp-content\/uploads\/2023\/03\/Carta98Cenespanol-scaled.jpg","contentUrl":"https:\/\/taxhelplaw.com\/sptax\/wp-content\/uploads\/2023\/03\/Carta98Cenespanol-scaled.jpg","width":1978,"height":2560},{"@type":"BreadcrumbList","@id":"https:\/\/taxhelplaw.com\/sptax\/soluciones\/impuestos-de-negocio\/carta-98c\/#breadcrumb","itemListElement":[{"@type":"ListItem","position":1,"name":"Home","item":"https:\/\/taxhelplaw.com\/sptax\/"},{"@type":"ListItem","position":2,"name":"Soluciones","item":"https:\/\/taxhelplaw.com\/sptax\/soluciones\/"},{"@type":"ListItem","position":3,"name":"Impuestos de Negocios","item":"https:\/\/taxhelplaw.com\/sptax\/soluciones\/impuestos-de-negocio\/"},{"@type":"ListItem","position":4,"name":"Carta 98C"}]},{"@type":"WebSite","@id":"https:\/\/taxhelplaw.com\/sptax\/#website","url":"https:\/\/taxhelplaw.com\/sptax\/","name":"J. David Hopkins, JD LLM","description":"Maestr\u00eda en Derecho Tributario","publisher":{"@id":"https:\/\/taxhelplaw.com\/sptax\/#organization"},"alternateName":"TaxHelpLaw en Espa\u00f1ol","potentialAction":[{"@type":"SearchAction","target":{"@type":"EntryPoint","urlTemplate":"https:\/\/taxhelplaw.com\/sptax\/?s={search_term_string}"},"query-input":{"@type":"PropertyValueSpecification","valueRequired":true,"valueName":"search_term_string"}}],"inLanguage":"es"},{"@type":"Organization","@id":"https:\/\/taxhelplaw.com\/sptax\/#organization","name":"TaxHelp, Inc.","url":"https:\/\/taxhelplaw.com\/sptax\/","logo":{"@type":"ImageObject","inLanguage":"es","@id":"https:\/\/taxhelplaw.com\/sptax\/#\/schema\/logo\/image\/","url":"https:\/\/taxhelplaw.com\/sptax\/wp-content\/uploads\/2022\/01\/taxhelpenespanol.jpg","contentUrl":"https:\/\/taxhelplaw.com\/sptax\/wp-content\/uploads\/2022\/01\/taxhelpenespanol.jpg","width":300,"height":101,"caption":"TaxHelp, Inc."},"image":{"@id":"https:\/\/taxhelplaw.com\/sptax\/#\/schema\/logo\/image\/"}}]}},"jetpack_sharing_enabled":true,"_links":{"self":[{"href":"https:\/\/taxhelplaw.com\/sptax\/wp-json\/wp\/v2\/pages\/401","targetHints":{"allow":["GET"]}}],"collection":[{"href":"https:\/\/taxhelplaw.com\/sptax\/wp-json\/wp\/v2\/pages"}],"about":[{"href":"https:\/\/taxhelplaw.com\/sptax\/wp-json\/wp\/v2\/types\/page"}],"author":[{"embeddable":true,"href":"https:\/\/taxhelplaw.com\/sptax\/wp-json\/wp\/v2\/users\/1"}],"replies":[{"embeddable":true,"href":"https:\/\/taxhelplaw.com\/sptax\/wp-json\/wp\/v2\/comments?post=401"}],"version-history":[{"count":9,"href":"https:\/\/taxhelplaw.com\/sptax\/wp-json\/wp\/v2\/pages\/401\/revisions"}],"predecessor-version":[{"id":7674,"href":"https:\/\/taxhelplaw.com\/sptax\/wp-json\/wp\/v2\/pages\/401\/revisions\/7674"}],"up":[{"embeddable":true,"href":"https:\/\/taxhelplaw.com\/sptax\/wp-json\/wp\/v2\/pages\/294"}],"wp:attachment":[{"href":"https:\/\/taxhelplaw.com\/sptax\/wp-json\/wp\/v2\/media?parent=401"}],"curies":[{"name":"wp","href":"https:\/\/api.w.org\/{rel}","templated":true}]}}