{"id":399,"date":"2015-02-08T01:28:52","date_gmt":"2015-02-08T01:28:52","guid":{"rendered":"http:\/\/taxhelplaw.com\/sp\/?page_id=399"},"modified":"2022-02-03T18:54:15","modified_gmt":"2022-02-03T18:54:15","slug":"aviso-cp259","status":"publish","type":"page","link":"https:\/\/taxhelplaw.com\/sptax\/soluciones\/impuestos-de-negocio\/aviso-cp259\/","title":{"rendered":"Avisos CP259 y CP959"},"content":{"rendered":"<p>El <a href=\"https:\/\/www.irs.gov\/es\/individuals\/understanding-your-cp259-notice\" target=\"_blank\" rel=\"noopener\">IRS<\/a> usa el Aviso CP259 \"Mensaje acerca de su Formulario 720 de 20- -. Usted no present\u00f3 la declaraci\u00f3n de impuestos-Formulario 720\" para informarle que no han recibido un formulario espec\u00edfico de negocios, generalmente es el Formulario 720. El Aviso CP959 se trata de Formulario 941 y dice, \"Un mensaje sobre su Formulario 941 de la [fecha] - Usted no radic\u00f3 una planilla de contribuci\u00f3n en el Formulario 941\".<\/p>\n<p>Existen varias versiones del Aviso CP259 que se usan por diferentes motivos:<\/p>\n<div class=\"one-fourth first\"><strong><a class=\"popup\" style=\"color: #0000ff;\" href=\"\/\/taxhelplaw.com\/wp-content\/uploads\/2016\/03\/cp259a_english.pdf\" target=\"_blank\" rel=\"noopener\">CP259A<\/a><\/strong><\/div>\n<div class=\"one-fourth\"><span style=\"color: #0000ff;\"><strong><a class=\"popup\" style=\"color: #0000ff;\" href=\"\/\/taxhelplaw.com\/wp-content\/uploads\/2016\/03\/cp259b_english.pdf\" target=\"_blank\" rel=\"noopener\">CP259B<\/a><\/strong><\/span><\/div>\n<div class=\"one-fourth\"><span style=\"color: #0000ff;\"><strong><a class=\"popup\" style=\"color: #0000ff;\" href=\"\/\/taxhelplaw.com\/wp-content\/uploads\/2016\/03\/cp259c_english.pdf\" target=\"_blank\" rel=\"noopener\">CP259C<\/a><\/strong><\/span><\/div>\n<div class=\"one-fourth\"><span style=\"color: #0000ff;\"><strong><a class=\"popup\" style=\"color: #0000ff;\" href=\"\/\/taxhelplaw.com\/wp-content\/uploads\/2016\/03\/cp259d_english.pdf\" target=\"_blank\" rel=\"noopener\">CP259D<\/a><\/strong><\/span><\/div>\n<p>&nbsp;<\/p>\n<div class=\"one-fourth first\"><span style=\"color: #0000ff;\"><strong><a class=\"popup\" style=\"color: #0000ff;\" href=\"\/\/taxhelplaw.com\/wp-content\/uploads\/2016\/03\/Notice-CP259E.pdf\" target=\"_blank\" rel=\"noopener\">CP259E<\/a><\/strong><\/span><\/div>\n<div class=\"one-fourth\"><span style=\"color: #0000ff;\"><strong><a class=\"popup\" style=\"color: #0000ff;\" href=\"\/\/taxhelplaw.com\/wp-content\/uploads\/2016\/03\/cp259f_english.pdf\" target=\"_blank\" rel=\"noopener\">CP259F<\/a><\/strong><\/span><\/div>\n<div class=\"one-fourth\"><span style=\"color: #0000ff;\"><strong><a class=\"popup\" style=\"color: #0000ff;\" href=\"\/\/taxhelplaw.com\/wp-content\/uploads\/2016\/03\/cp259g_english.pdf\" target=\"_blank\" rel=\"noopener\">CP259G<\/a><\/strong><\/span><\/div>\n<div class=\"one-fourth\"><span style=\"color: #0000ff;\"><strong><a class=\"popup\" style=\"color: #0000ff;\" href=\"\/\/taxhelplaw.com\/wp-content\/uploads\/2016\/03\/Notice-CP259H.jpg\" target=\"_blank\" rel=\"noopener\">CP259H<\/a><\/strong><\/span><\/div>\n<p>&nbsp;<\/p>\n<p>Tal vez usted present\u00f3 los impuestos pero el IRS no tiene sus papeles en los r\u00e9cords. Si es as\u00ed, firme el formulario con <strong>lapicera azul<\/strong> (para que sepan que es un original) y env\u00edelo. Si en el futuro se descubre que usted ha presentado la declaraci\u00f3n de impuesto, la segunda declaraci\u00f3n ser\u00e1 descartada. Mientras tanto no le cobrar\u00e1n multas por no haber presentado los impuestos.<\/p>\n<p>Debido a que usted est\u00e1 presentando una declaraci\u00f3n de impuesto nueva, tiene la oportunidad de revisarla y encontrar m\u00e1s deducciones, si es posible.<\/p>\n<p>Si usted pag\u00f3 los impuestos en su totalidad no va a tener problemas y lo m\u00e1s posible es que no tenga que pagar multas por presentar los impuestos tarde. Simplemente complete el Formulario para <strong><span style=\"color: #0000ff;\"><a class=\"popup\" style=\"color: #0000ff;\" title=\"Aviso CP259 P\u00e1gina de responder\" href=\"\/sptax\/wp-content\/uploads\/2015\/02\/cp259_spanish_Page_3-1.jpg\" target=\"_blank\" rel=\"noopener\">responder<\/a><\/span><\/strong> y env\u00edelo.<\/p>\n<p>Si usted no ha presentado los impuestos y no ha pagado, vea los Pasos de Casos a seguir para los <a title=\"Pasos de Casos \u2013 Impuestos de Negocio\" href=\"\/\/taxhelplaw.com\/sptax\/soluciones\/impuestos-de-negocio\/\"><span style=\"color: #0000ff;\"><strong>Impuestos de negocios<\/strong><\/span><\/a> y los Pasos a seguir para <a title=\"Pasos de Casos \u2013 Cobros\" href=\"\/\/taxhelplaw.com\/sptax\/soluciones\/cobros\/\"><span style=\"color: #0000ff;\"><strong>Cobros<\/strong><\/span><\/a> para prepararse para una cita con el abogado fiscal de TaxHelpLaw.<\/p>\n<h6>Aviso CP259:<\/h6>\n<p><a title=\"Pasos de Casos \u2013 Cobros\" href=\"\/\/taxhelplaw.com\/sptax\/soluciones\/cobros\/\"><img loading=\"lazy\" decoding=\"async\" class=\"alignleft size-full wp-image-736\" src=\"\/sptax\/wp-content\/uploads\/2015\/02\/AvisoCP259-1.jpg\" alt=\"IRS Aviso CP259\" width=\"1246\" height=\"1666\" \/><\/a><\/p>\n<h6>Aviso CP959:<\/h6>\n<p><a title=\"Pasos de Casos \u2013 Cobros\" href=\"\/\/taxhelplaw.com\/sptax\/soluciones\/cobros\/\"><img loading=\"lazy\" decoding=\"async\" class=\"alignleft size-full wp-image-736\" src=\"https:\/\/taxhelplaw.com\/sptax\/wp-content\/uploads\/2022\/01\/cp959.jpg\" alt=\"IRS Aviso CP259\" width=\"1246\" height=\"1666\" \/><\/a><\/p>\n<p><a href=\"https:\/\/taxhelplaw.com\/sptax\/sample-page-2\/contactenos\/\"><img loading=\"lazy\" decoding=\"async\" class=\"aligncenter size-full wp-image-3464\" title=\"Avisos CP259 y CP959 del IRS\" src=\"https:\/\/taxhelplaw.com\/sptax\/wp-content\/uploads\/2022\/01\/taxhelpenespanol.jpg\" alt=\"Avisos CP259 y CP959 del IRS. Abogado de derecho fiscal en Colorado Springs. Abogado de impuestos en Colorado Springs\" width=\"300\" height=\"101\" \/><\/a><\/p>\n","protected":false},"excerpt":{"rendered":"<p>El IRS usa el Aviso CP259 &#8220;Mensaje acerca de su Formulario 720 de 20- -. Usted no present\u00f3 la declaraci\u00f3n de impuestos-Formulario 720&#8221; para informarle que no han recibido un formulario espec\u00edfico de negocios, generalmente es el Formulario 720. El Aviso CP959 se trata de Formulario 941 y dice, &#8220;Un mensaje sobre su Formulario 941 [&hellip;]<\/p>\n","protected":false},"author":1,"featured_media":0,"parent":294,"menu_order":13,"comment_status":"closed","ping_status":"closed","template":"","meta":{"_genesis_hide_title":false,"_genesis_hide_breadcrumbs":false,"_genesis_hide_singular_image":false,"_genesis_hide_footer_widgets":false,"_genesis_custom_body_class":"","_genesis_custom_post_class":"","_genesis_layout":"","footnotes":""},"class_list":{"0":"post-399","1":"page","2":"type-page","3":"status-publish","5":"entry"},"yoast_head":"<!-- This site is optimized with the Yoast SEO Premium plugin v27.0 (Yoast SEO v27.3) - https:\/\/yoast.com\/product\/yoast-seo-premium-wordpress\/ -->\n<title>Avisos CP259 y CP959. Usted no present\u00f3 la declaraci\u00f3n - TaxHelpLaw<\/title>\n<meta name=\"description\" content=\"Avisos CP259 y CP959 del IRS: p\u00f3ngase en contacto con nuestro abogado de impuestos quien resolver\u00e1 todos sus problemas con el IRS.\" \/>\n<meta name=\"robots\" content=\"index, follow, max-snippet:-1, max-image-preview:large, max-video-preview:-1\" \/>\n<link rel=\"canonical\" href=\"https:\/\/taxhelplaw.com\/sptax\/soluciones\/impuestos-de-negocio\/aviso-cp259\/\" \/>\n<meta property=\"og:locale\" content=\"es_MX\" \/>\n<meta property=\"og:type\" content=\"article\" \/>\n<meta property=\"og:title\" content=\"Avisos CP259 y CP959\" \/>\n<meta property=\"og:description\" content=\"Avisos CP259 y CP959 del IRS: p\u00f3ngase en contacto con nuestro abogado de impuestos quien resolver\u00e1 todos sus problemas con el IRS.\" \/>\n<meta property=\"og:url\" content=\"https:\/\/taxhelplaw.com\/sptax\/soluciones\/impuestos-de-negocio\/aviso-cp259\/\" \/>\n<meta property=\"og:site_name\" content=\"J. David Hopkins, JD LLM\" \/>\n<meta property=\"article:modified_time\" content=\"2022-02-03T18:54:15+00:00\" \/>\n<meta property=\"og:image\" content=\"https:\/\/taxhelplaw.com\/sptax\/wp-content\/uploads\/2015\/02\/AvisoCP259-1.jpg\" \/>\n<meta name=\"twitter:card\" content=\"summary_large_image\" \/>\n<meta name=\"twitter:label1\" content=\"Tiempo de lectura\" \/>\n\t<meta name=\"twitter:data1\" content=\"2 minutos\" \/>\n<script type=\"application\/ld+json\" class=\"yoast-schema-graph\">{\"@context\":\"https:\\\/\\\/schema.org\",\"@graph\":[{\"@type\":\"WebPage\",\"@id\":\"https:\\\/\\\/taxhelplaw.com\\\/sptax\\\/soluciones\\\/impuestos-de-negocio\\\/aviso-cp259\\\/\",\"url\":\"https:\\\/\\\/taxhelplaw.com\\\/sptax\\\/soluciones\\\/impuestos-de-negocio\\\/aviso-cp259\\\/\",\"name\":\"Avisos CP259 y CP959. Usted no present\u00f3 la declaraci\u00f3n - TaxHelpLaw\",\"isPartOf\":{\"@id\":\"https:\\\/\\\/taxhelplaw.com\\\/sptax\\\/#website\"},\"primaryImageOfPage\":{\"@id\":\"https:\\\/\\\/taxhelplaw.com\\\/sptax\\\/soluciones\\\/impuestos-de-negocio\\\/aviso-cp259\\\/#primaryimage\"},\"image\":{\"@id\":\"https:\\\/\\\/taxhelplaw.com\\\/sptax\\\/soluciones\\\/impuestos-de-negocio\\\/aviso-cp259\\\/#primaryimage\"},\"thumbnailUrl\":\"https:\\\/\\\/taxhelplaw.com\\\/sptax\\\/wp-content\\\/uploads\\\/2022\\\/01\\\/cp959.jpg\",\"datePublished\":\"2015-02-08T01:28:52+00:00\",\"dateModified\":\"2022-02-03T18:54:15+00:00\",\"description\":\"Avisos CP259 y CP959 del IRS: p\u00f3ngase en contacto con nuestro abogado de impuestos quien resolver\u00e1 todos sus problemas con el IRS.\",\"breadcrumb\":{\"@id\":\"https:\\\/\\\/taxhelplaw.com\\\/sptax\\\/soluciones\\\/impuestos-de-negocio\\\/aviso-cp259\\\/#breadcrumb\"},\"inLanguage\":\"es\",\"potentialAction\":[{\"@type\":\"ReadAction\",\"target\":[\"https:\\\/\\\/taxhelplaw.com\\\/sptax\\\/soluciones\\\/impuestos-de-negocio\\\/aviso-cp259\\\/\"]}]},{\"@type\":\"ImageObject\",\"inLanguage\":\"es\",\"@id\":\"https:\\\/\\\/taxhelplaw.com\\\/sptax\\\/soluciones\\\/impuestos-de-negocio\\\/aviso-cp259\\\/#primaryimage\",\"url\":\"https:\\\/\\\/taxhelplaw.com\\\/sptax\\\/wp-content\\\/uploads\\\/2022\\\/01\\\/cp959.jpg\",\"contentUrl\":\"https:\\\/\\\/taxhelplaw.com\\\/sptax\\\/wp-content\\\/uploads\\\/2022\\\/01\\\/cp959.jpg\",\"width\":1700,\"height\":2200},{\"@type\":\"BreadcrumbList\",\"@id\":\"https:\\\/\\\/taxhelplaw.com\\\/sptax\\\/soluciones\\\/impuestos-de-negocio\\\/aviso-cp259\\\/#breadcrumb\",\"itemListElement\":[{\"@type\":\"ListItem\",\"position\":1,\"name\":\"Home\",\"item\":\"https:\\\/\\\/taxhelplaw.com\\\/sptax\\\/\"},{\"@type\":\"ListItem\",\"position\":2,\"name\":\"Soluciones\",\"item\":\"https:\\\/\\\/taxhelplaw.com\\\/sptax\\\/soluciones\\\/\"},{\"@type\":\"ListItem\",\"position\":3,\"name\":\"Impuestos de Negocios\",\"item\":\"https:\\\/\\\/taxhelplaw.com\\\/sptax\\\/soluciones\\\/impuestos-de-negocio\\\/\"},{\"@type\":\"ListItem\",\"position\":4,\"name\":\"Avisos CP259 y CP959\"}]},{\"@type\":\"WebSite\",\"@id\":\"https:\\\/\\\/taxhelplaw.com\\\/sptax\\\/#website\",\"url\":\"https:\\\/\\\/taxhelplaw.com\\\/sptax\\\/\",\"name\":\"J. David Hopkins, JD LLM\",\"description\":\"Maestr\u00eda en Derecho Tributario\",\"publisher\":{\"@id\":\"https:\\\/\\\/taxhelplaw.com\\\/sptax\\\/#organization\"},\"alternateName\":\"TaxHelpLaw en Espa\u00f1ol\",\"potentialAction\":[{\"@type\":\"SearchAction\",\"target\":{\"@type\":\"EntryPoint\",\"urlTemplate\":\"https:\\\/\\\/taxhelplaw.com\\\/sptax\\\/?s={search_term_string}\"},\"query-input\":{\"@type\":\"PropertyValueSpecification\",\"valueRequired\":true,\"valueName\":\"search_term_string\"}}],\"inLanguage\":\"es\"},{\"@type\":\"Organization\",\"@id\":\"https:\\\/\\\/taxhelplaw.com\\\/sptax\\\/#organization\",\"name\":\"TaxHelp, Inc.\",\"url\":\"https:\\\/\\\/taxhelplaw.com\\\/sptax\\\/\",\"logo\":{\"@type\":\"ImageObject\",\"inLanguage\":\"es\",\"@id\":\"https:\\\/\\\/taxhelplaw.com\\\/sptax\\\/#\\\/schema\\\/logo\\\/image\\\/\",\"url\":\"https:\\\/\\\/taxhelplaw.com\\\/sptax\\\/wp-content\\\/uploads\\\/2022\\\/01\\\/taxhelpenespanol.jpg\",\"contentUrl\":\"https:\\\/\\\/taxhelplaw.com\\\/sptax\\\/wp-content\\\/uploads\\\/2022\\\/01\\\/taxhelpenespanol.jpg\",\"width\":300,\"height\":101,\"caption\":\"TaxHelp, Inc.\"},\"image\":{\"@id\":\"https:\\\/\\\/taxhelplaw.com\\\/sptax\\\/#\\\/schema\\\/logo\\\/image\\\/\"}}]}<\/script>\n<!-- \/ Yoast SEO Premium plugin. -->","yoast_head_json":{"title":"Avisos CP259 y CP959. Usted no present\u00f3 la declaraci\u00f3n - TaxHelpLaw","description":"Avisos CP259 y CP959 del IRS: p\u00f3ngase en contacto con nuestro abogado de impuestos quien resolver\u00e1 todos sus problemas con el IRS.","robots":{"index":"index","follow":"follow","max-snippet":"max-snippet:-1","max-image-preview":"max-image-preview:large","max-video-preview":"max-video-preview:-1"},"canonical":"https:\/\/taxhelplaw.com\/sptax\/soluciones\/impuestos-de-negocio\/aviso-cp259\/","og_locale":"es_MX","og_type":"article","og_title":"Avisos CP259 y CP959","og_description":"Avisos CP259 y CP959 del IRS: p\u00f3ngase en contacto con nuestro abogado de impuestos quien resolver\u00e1 todos sus problemas con el IRS.","og_url":"https:\/\/taxhelplaw.com\/sptax\/soluciones\/impuestos-de-negocio\/aviso-cp259\/","og_site_name":"J. David Hopkins, JD LLM","article_modified_time":"2022-02-03T18:54:15+00:00","og_image":[{"url":"https:\/\/taxhelplaw.com\/sptax\/wp-content\/uploads\/2015\/02\/AvisoCP259-1.jpg","type":"","width":"","height":""}],"twitter_card":"summary_large_image","twitter_misc":{"Tiempo de lectura":"2 minutos"},"schema":{"@context":"https:\/\/schema.org","@graph":[{"@type":"WebPage","@id":"https:\/\/taxhelplaw.com\/sptax\/soluciones\/impuestos-de-negocio\/aviso-cp259\/","url":"https:\/\/taxhelplaw.com\/sptax\/soluciones\/impuestos-de-negocio\/aviso-cp259\/","name":"Avisos CP259 y CP959. Usted no present\u00f3 la declaraci\u00f3n - TaxHelpLaw","isPartOf":{"@id":"https:\/\/taxhelplaw.com\/sptax\/#website"},"primaryImageOfPage":{"@id":"https:\/\/taxhelplaw.com\/sptax\/soluciones\/impuestos-de-negocio\/aviso-cp259\/#primaryimage"},"image":{"@id":"https:\/\/taxhelplaw.com\/sptax\/soluciones\/impuestos-de-negocio\/aviso-cp259\/#primaryimage"},"thumbnailUrl":"https:\/\/taxhelplaw.com\/sptax\/wp-content\/uploads\/2022\/01\/cp959.jpg","datePublished":"2015-02-08T01:28:52+00:00","dateModified":"2022-02-03T18:54:15+00:00","description":"Avisos CP259 y CP959 del IRS: p\u00f3ngase en contacto con nuestro abogado de impuestos quien resolver\u00e1 todos sus problemas con el IRS.","breadcrumb":{"@id":"https:\/\/taxhelplaw.com\/sptax\/soluciones\/impuestos-de-negocio\/aviso-cp259\/#breadcrumb"},"inLanguage":"es","potentialAction":[{"@type":"ReadAction","target":["https:\/\/taxhelplaw.com\/sptax\/soluciones\/impuestos-de-negocio\/aviso-cp259\/"]}]},{"@type":"ImageObject","inLanguage":"es","@id":"https:\/\/taxhelplaw.com\/sptax\/soluciones\/impuestos-de-negocio\/aviso-cp259\/#primaryimage","url":"https:\/\/taxhelplaw.com\/sptax\/wp-content\/uploads\/2022\/01\/cp959.jpg","contentUrl":"https:\/\/taxhelplaw.com\/sptax\/wp-content\/uploads\/2022\/01\/cp959.jpg","width":1700,"height":2200},{"@type":"BreadcrumbList","@id":"https:\/\/taxhelplaw.com\/sptax\/soluciones\/impuestos-de-negocio\/aviso-cp259\/#breadcrumb","itemListElement":[{"@type":"ListItem","position":1,"name":"Home","item":"https:\/\/taxhelplaw.com\/sptax\/"},{"@type":"ListItem","position":2,"name":"Soluciones","item":"https:\/\/taxhelplaw.com\/sptax\/soluciones\/"},{"@type":"ListItem","position":3,"name":"Impuestos de Negocios","item":"https:\/\/taxhelplaw.com\/sptax\/soluciones\/impuestos-de-negocio\/"},{"@type":"ListItem","position":4,"name":"Avisos CP259 y CP959"}]},{"@type":"WebSite","@id":"https:\/\/taxhelplaw.com\/sptax\/#website","url":"https:\/\/taxhelplaw.com\/sptax\/","name":"J. David Hopkins, JD LLM","description":"Maestr\u00eda en Derecho Tributario","publisher":{"@id":"https:\/\/taxhelplaw.com\/sptax\/#organization"},"alternateName":"TaxHelpLaw en Espa\u00f1ol","potentialAction":[{"@type":"SearchAction","target":{"@type":"EntryPoint","urlTemplate":"https:\/\/taxhelplaw.com\/sptax\/?s={search_term_string}"},"query-input":{"@type":"PropertyValueSpecification","valueRequired":true,"valueName":"search_term_string"}}],"inLanguage":"es"},{"@type":"Organization","@id":"https:\/\/taxhelplaw.com\/sptax\/#organization","name":"TaxHelp, Inc.","url":"https:\/\/taxhelplaw.com\/sptax\/","logo":{"@type":"ImageObject","inLanguage":"es","@id":"https:\/\/taxhelplaw.com\/sptax\/#\/schema\/logo\/image\/","url":"https:\/\/taxhelplaw.com\/sptax\/wp-content\/uploads\/2022\/01\/taxhelpenespanol.jpg","contentUrl":"https:\/\/taxhelplaw.com\/sptax\/wp-content\/uploads\/2022\/01\/taxhelpenespanol.jpg","width":300,"height":101,"caption":"TaxHelp, Inc."},"image":{"@id":"https:\/\/taxhelplaw.com\/sptax\/#\/schema\/logo\/image\/"}}]}},"jetpack_sharing_enabled":true,"_links":{"self":[{"href":"https:\/\/taxhelplaw.com\/sptax\/wp-json\/wp\/v2\/pages\/399","targetHints":{"allow":["GET"]}}],"collection":[{"href":"https:\/\/taxhelplaw.com\/sptax\/wp-json\/wp\/v2\/pages"}],"about":[{"href":"https:\/\/taxhelplaw.com\/sptax\/wp-json\/wp\/v2\/types\/page"}],"author":[{"embeddable":true,"href":"https:\/\/taxhelplaw.com\/sptax\/wp-json\/wp\/v2\/users\/1"}],"replies":[{"embeddable":true,"href":"https:\/\/taxhelplaw.com\/sptax\/wp-json\/wp\/v2\/comments?post=399"}],"version-history":[{"count":9,"href":"https:\/\/taxhelplaw.com\/sptax\/wp-json\/wp\/v2\/pages\/399\/revisions"}],"predecessor-version":[{"id":4167,"href":"https:\/\/taxhelplaw.com\/sptax\/wp-json\/wp\/v2\/pages\/399\/revisions\/4167"}],"up":[{"embeddable":true,"href":"https:\/\/taxhelplaw.com\/sptax\/wp-json\/wp\/v2\/pages\/294"}],"wp:attachment":[{"href":"https:\/\/taxhelplaw.com\/sptax\/wp-json\/wp\/v2\/media?parent=399"}],"curies":[{"name":"wp","href":"https:\/\/api.w.org\/{rel}","templated":true}]}}