{"id":356,"date":"2015-02-07T22:15:06","date_gmt":"2015-02-07T22:15:06","guid":{"rendered":"http:\/\/taxhelplaw.com\/sp\/?page_id=356"},"modified":"2022-10-26T19:22:14","modified_gmt":"2022-10-26T19:22:14","slug":"aviso-cp618","status":"publish","type":"page","link":"https:\/\/taxhelplaw.com\/sptax\/soluciones\/pasos-de-casos-solicitud-de-declaracion\/aviso-cp618\/","title":{"rendered":"Aviso CP618"},"content":{"rendered":"<p>El <a href=\"https:\/\/www.irs.gov\/es\/individuals\/understanding-your-cp518-individuals-notice\" rel=\"noopener\" target=\"_blank\">IRS<\/a> usa este aviso \"Mensaje sobre su Formulario 940. Usted no radic\u00f3 su planilla de contribuci\u00f3n\" o \"A\u00fan no hemos recibido su Formulario 1040 del a\u00f1o 20- -. Usted tiene que presentar su declaraci\u00f3n...\" para pedirle que se ponga en contacto con ellos inmediatamente porque su declaraci\u00f3n de impuestos se ha vencido. El Aviso <a class=\"popup\" title=\"Aviso CP618B\" href=\"\/sptax\/wp-content\/uploads\/2015\/02\/Aviso-CP618B-1.pdf\" target=\"_blank\" rel=\"noopener\"><strong>CP618B<\/strong><\/a> es para negocios o empresas. (vea otra versi\u00f3n de <a class=\"popup\" title=\"Aviso CP618B\" href=\"https:\/\/www.irs.gov\/pub\/notices\/cp618b_spanish.pdf\" target=\"_blank\" rel=\"noopener\"><strong>CP618B<\/strong><\/a>). Se lo piden porque piensan que usted les debe. Tambi\u00e9n puede recibir el Aviso CP618 si ha pedido una <a title=\"Pasos de Casos \u2013 Prorrogas\" href=\"\/\/taxhelplaw.com\/sptax\/soluciones\/pasos-de-casos-prorrogas\/\"><strong><span style=\"color: #0000ff;\">pr\u00f3rroga<\/span><\/strong><\/a> y despu\u00e9s no ha presentado los impuestos o por intereses de una hipoteca de casa sin recibir salario (el IRS quiere saber de d\u00f3nde viene su dinero).<\/p>\n<p>Puede que usted haya enviado la declaraci\u00f3n de impuestos pero el IRS no lo ha recibido. Si usted tiene el recibo del correo certificado o env\u00edo de entrega inmediata, usted puede probar que ha enviado los documentos (hay un procedimiento para esto). Si no tiene el recibo, generalmente es mejor mandarlos de nuevo que discutir. Ya que usted tendr\u00e1 que enviar una declaraci\u00f3n de impuestos original, tendr\u00e1 la oportunidad de encontrar m\u00e1s deducciones.<\/p>\n<p>Puede que usted no tenga que declarar impuestos por ciertos a\u00f1os pero si los debe, hay que prepararlos cuidadosamente para sacarle ventaja a la situaci\u00f3n pero tambi\u00e9n hay que ser honesto. Mucha gente ha perdido varios documentos o tal vez todos. Nosotros somos expertos en encontrar evidencia perdida. <em>Vea<\/em> <strong><span style=\"color: #0000ff;\"><a style=\"color: #0000ff;\" title=\"Pasos de Casos \u2013 Documentos perdidos\" href=\"\/\/taxhelplaw.com\/sptax\/soluciones\/pasos-de-casos-documentos-perdidos\/\">Documentos Perdidos<\/a><\/span><\/strong>.<\/p>\n<p>Esto no es una auditor\u00eda y lo m\u00e1s posible es que usted no sea auditado. El IRS piensa que usted les debe as\u00ed que tenga cuidado y no act\u00fae precipitadamente.<\/p>\n<p>Ya que hay consecuencias legales y procesales por sus acciones lo mejor es no apresurarse a declarar los impuestos sin pensar. Tenemos que conseguir la <a href=\"https:\/\/www.irs.gov\/es\/individuals\/get-transcript\" target=\"_blank\" rel=\"noopener\">transcripci\u00f3n<\/a> del IRS y crear un <strong>Plan de Acci\u00f3n<\/strong> para su situaci\u00f3n espec\u00edfica. Por favor vea los <a title=\"Pasos de Casos \u2013 Solicitud de declaraci\u00f3n\" href=\"\/\/taxhelplaw.com\/sptax\/soluciones\/pasos-de-casos-solicitud-de-declaracion\/\"><strong><span style=\"color: #0000ff;\">Pasos de Casos<\/span><\/strong><\/a> a seguir para el Aviso CP618 y vea a nuestro abogado fiscal, el Lic. Hopkins, en Colorado Springs o Pueblo antes de continuar.<\/p>\n<h6>Los Varios Avisos CP618:<\/h6>\n<p><a title=\"Pasos de Casos \u2013 Solicitud de declaraci\u00f3n\" href=\"\/\/taxhelplaw.com\/sptax\/soluciones\/pasos-de-casos-solicitud-de-declaracion\/\"><img loading=\"lazy\" decoding=\"async\" class=\"alignleft size-full wp-image-357\" src=\"https:\/\/taxhelplaw.com\/sptax\/wp-content\/uploads\/2022\/10\/Aviso.CP618i.jpg\" alt=\"AvisoCP618i\" width=\"1245\" height=\"1635\" \/><\/a><\/p>\n<p><a title=\"Pasos de Casos \u2013 Solicitud de declaraci\u00f3n\" href=\"\/\/taxhelplaw.com\/sptax\/soluciones\/pasos-de-casos-solicitud-de-declaracion\/\"><img loading=\"lazy\" decoding=\"async\" class=\"alignleft size-full wp-image-357\" src=\"\/sptax\/wp-content\/uploads\/2015\/02\/AvisoCP618i-1.jpg\" alt=\"AvisoCP618i\" width=\"1245\" height=\"1635\" \/><\/a><\/p>\n<p><a title=\"Pasos de Casos \u2013 Solicitud de declaraci\u00f3n\" href=\"\/\/taxhelplaw.com\/sptax\/soluciones\/pasos-de-casos-solicitud-de-declaracion\/\"><img loading=\"lazy\" decoding=\"async\" class=\"alignleft size-full wp-image-357\" src=\"https:\/\/taxhelplaw.com\/sptax\/wp-content\/uploads\/2022\/10\/Aviso.CP618b.jpg\" alt=\"AvisoCP618i\" width=\"1245\" height=\"1635\" \/><\/a><\/p>\n<p> <a href=\"https:\/\/taxhelplaw.com\/sptax\/sample-page-2\/contactenos\/\"><img loading=\"lazy\" decoding=\"async\" class=\"aligncenter size-full wp-image-3464\" title=\"Aviso CP618 del IRS\" src=\"https:\/\/taxhelplaw.com\/sptax\/wp-content\/uploads\/2022\/01\/taxhelpenespanol.jpg\" alt=\"Aviso CP618 del IRS. Abogado de derecho fiscal en Colorado Springs. Abogado de impuestos en Colorado Springs\" width=\"300\" height=\"101\" \/><\/a><\/p>\n","protected":false},"excerpt":{"rendered":"<p>El IRS usa este aviso &#8220;Mensaje sobre su Formulario 940. Usted no radic\u00f3 su planilla de contribuci\u00f3n&#8221; o &#8220;A\u00fan no hemos recibido su Formulario 1040 del a\u00f1o 20- -. Usted tiene que presentar su declaraci\u00f3n&#8230;&#8221; para pedirle que se ponga en contacto con ellos inmediatamente porque su declaraci\u00f3n de impuestos se ha vencido. El Aviso [&hellip;]<\/p>\n","protected":false},"author":1,"featured_media":0,"parent":262,"menu_order":8,"comment_status":"closed","ping_status":"closed","template":"","meta":{"_genesis_hide_title":false,"_genesis_hide_breadcrumbs":false,"_genesis_hide_singular_image":false,"_genesis_hide_footer_widgets":false,"_genesis_custom_body_class":"","_genesis_custom_post_class":"","_genesis_layout":"","footnotes":""},"class_list":{"0":"post-356","1":"page","2":"type-page","3":"status-publish","5":"entry"},"yoast_head":"<!-- This site is optimized with the Yoast SEO Premium plugin v27.0 (Yoast SEO v27.4) - https:\/\/yoast.com\/product\/yoast-seo-premium-wordpress\/ -->\n<title>Aviso CP618. No han recibido su declaraci\u00f3n - TaxHelpLaw<\/title>\n<meta name=\"description\" content=\"Aviso CP618 del IRS: le comunican que no han recibido su declaraci\u00f3n de impuestos. El Lic. Hopkins est\u00e1 a su disposici\u00f3n.\" \/>\n<meta name=\"robots\" content=\"index, follow, max-snippet:-1, max-image-preview:large, max-video-preview:-1\" \/>\n<link rel=\"canonical\" href=\"https:\/\/taxhelplaw.com\/sptax\/soluciones\/pasos-de-casos-solicitud-de-declaracion\/aviso-cp618\/\" \/>\n<meta property=\"og:locale\" content=\"es_MX\" \/>\n<meta property=\"og:type\" content=\"article\" \/>\n<meta property=\"og:title\" content=\"Aviso CP618\" \/>\n<meta property=\"og:description\" content=\"Aviso CP618 del IRS: le comunican que no han recibido su declaraci\u00f3n de impuestos. El Lic. Hopkins est\u00e1 a su disposici\u00f3n.\" \/>\n<meta property=\"og:url\" content=\"https:\/\/taxhelplaw.com\/sptax\/soluciones\/pasos-de-casos-solicitud-de-declaracion\/aviso-cp618\/\" \/>\n<meta property=\"og:site_name\" content=\"J. David Hopkins, JD LLM\" \/>\n<meta property=\"article:modified_time\" content=\"2022-10-26T19:22:14+00:00\" \/>\n<meta property=\"og:image\" content=\"https:\/\/taxhelplaw.com\/sptax\/wp-content\/uploads\/2022\/10\/Aviso.CP618i.jpg\" \/>\n<meta name=\"twitter:card\" content=\"summary_large_image\" \/>\n<meta name=\"twitter:label1\" content=\"Tiempo de lectura\" \/>\n\t<meta name=\"twitter:data1\" content=\"2 minutos\" \/>\n<script type=\"application\/ld+json\" class=\"yoast-schema-graph\">{\"@context\":\"https:\\\/\\\/schema.org\",\"@graph\":[{\"@type\":\"WebPage\",\"@id\":\"https:\\\/\\\/taxhelplaw.com\\\/sptax\\\/soluciones\\\/pasos-de-casos-solicitud-de-declaracion\\\/aviso-cp618\\\/\",\"url\":\"https:\\\/\\\/taxhelplaw.com\\\/sptax\\\/soluciones\\\/pasos-de-casos-solicitud-de-declaracion\\\/aviso-cp618\\\/\",\"name\":\"Aviso CP618. No han recibido su declaraci\u00f3n - TaxHelpLaw\",\"isPartOf\":{\"@id\":\"https:\\\/\\\/taxhelplaw.com\\\/sptax\\\/#website\"},\"primaryImageOfPage\":{\"@id\":\"https:\\\/\\\/taxhelplaw.com\\\/sptax\\\/soluciones\\\/pasos-de-casos-solicitud-de-declaracion\\\/aviso-cp618\\\/#primaryimage\"},\"image\":{\"@id\":\"https:\\\/\\\/taxhelplaw.com\\\/sptax\\\/soluciones\\\/pasos-de-casos-solicitud-de-declaracion\\\/aviso-cp618\\\/#primaryimage\"},\"thumbnailUrl\":\"https:\\\/\\\/taxhelplaw.com\\\/sptax\\\/wp-content\\\/uploads\\\/2022\\\/10\\\/Aviso.CP618i.jpg\",\"datePublished\":\"2015-02-07T22:15:06+00:00\",\"dateModified\":\"2022-10-26T19:22:14+00:00\",\"description\":\"Aviso CP618 del IRS: le comunican que no han recibido su declaraci\u00f3n de impuestos. El Lic. Hopkins est\u00e1 a su disposici\u00f3n.\",\"breadcrumb\":{\"@id\":\"https:\\\/\\\/taxhelplaw.com\\\/sptax\\\/soluciones\\\/pasos-de-casos-solicitud-de-declaracion\\\/aviso-cp618\\\/#breadcrumb\"},\"inLanguage\":\"es\",\"potentialAction\":[{\"@type\":\"ReadAction\",\"target\":[\"https:\\\/\\\/taxhelplaw.com\\\/sptax\\\/soluciones\\\/pasos-de-casos-solicitud-de-declaracion\\\/aviso-cp618\\\/\"]}]},{\"@type\":\"ImageObject\",\"inLanguage\":\"es\",\"@id\":\"https:\\\/\\\/taxhelplaw.com\\\/sptax\\\/soluciones\\\/pasos-de-casos-solicitud-de-declaracion\\\/aviso-cp618\\\/#primaryimage\",\"url\":\"https:\\\/\\\/taxhelplaw.com\\\/sptax\\\/wp-content\\\/uploads\\\/2022\\\/10\\\/Aviso.CP618i.jpg\",\"contentUrl\":\"https:\\\/\\\/taxhelplaw.com\\\/sptax\\\/wp-content\\\/uploads\\\/2022\\\/10\\\/Aviso.CP618i.jpg\",\"width\":1284,\"height\":1662,\"caption\":\"Aviso CP618i del IRS\"},{\"@type\":\"BreadcrumbList\",\"@id\":\"https:\\\/\\\/taxhelplaw.com\\\/sptax\\\/soluciones\\\/pasos-de-casos-solicitud-de-declaracion\\\/aviso-cp618\\\/#breadcrumb\",\"itemListElement\":[{\"@type\":\"ListItem\",\"position\":1,\"name\":\"Home\",\"item\":\"https:\\\/\\\/taxhelplaw.com\\\/sptax\\\/\"},{\"@type\":\"ListItem\",\"position\":2,\"name\":\"Soluciones\",\"item\":\"https:\\\/\\\/taxhelplaw.com\\\/sptax\\\/soluciones\\\/\"},{\"@type\":\"ListItem\",\"position\":3,\"name\":\"Solicitud de declaraci\u00f3n\",\"item\":\"https:\\\/\\\/taxhelplaw.com\\\/sptax\\\/soluciones\\\/pasos-de-casos-solicitud-de-declaracion\\\/\"},{\"@type\":\"ListItem\",\"position\":4,\"name\":\"Aviso CP618\"}]},{\"@type\":\"WebSite\",\"@id\":\"https:\\\/\\\/taxhelplaw.com\\\/sptax\\\/#website\",\"url\":\"https:\\\/\\\/taxhelplaw.com\\\/sptax\\\/\",\"name\":\"J. David Hopkins, JD LLM\",\"description\":\"Maestr\u00eda en Derecho Tributario\",\"publisher\":{\"@id\":\"https:\\\/\\\/taxhelplaw.com\\\/sptax\\\/#organization\"},\"alternateName\":\"TaxHelpLaw en Espa\u00f1ol\",\"potentialAction\":[{\"@type\":\"SearchAction\",\"target\":{\"@type\":\"EntryPoint\",\"urlTemplate\":\"https:\\\/\\\/taxhelplaw.com\\\/sptax\\\/?s={search_term_string}\"},\"query-input\":{\"@type\":\"PropertyValueSpecification\",\"valueRequired\":true,\"valueName\":\"search_term_string\"}}],\"inLanguage\":\"es\"},{\"@type\":\"Organization\",\"@id\":\"https:\\\/\\\/taxhelplaw.com\\\/sptax\\\/#organization\",\"name\":\"TaxHelp, Inc.\",\"url\":\"https:\\\/\\\/taxhelplaw.com\\\/sptax\\\/\",\"logo\":{\"@type\":\"ImageObject\",\"inLanguage\":\"es\",\"@id\":\"https:\\\/\\\/taxhelplaw.com\\\/sptax\\\/#\\\/schema\\\/logo\\\/image\\\/\",\"url\":\"https:\\\/\\\/taxhelplaw.com\\\/sptax\\\/wp-content\\\/uploads\\\/2022\\\/01\\\/taxhelpenespanol.jpg\",\"contentUrl\":\"https:\\\/\\\/taxhelplaw.com\\\/sptax\\\/wp-content\\\/uploads\\\/2022\\\/01\\\/taxhelpenespanol.jpg\",\"width\":300,\"height\":101,\"caption\":\"TaxHelp, Inc.\"},\"image\":{\"@id\":\"https:\\\/\\\/taxhelplaw.com\\\/sptax\\\/#\\\/schema\\\/logo\\\/image\\\/\"}}]}<\/script>\n<!-- \/ Yoast SEO Premium plugin. -->","yoast_head_json":{"title":"Aviso CP618. No han recibido su declaraci\u00f3n - TaxHelpLaw","description":"Aviso CP618 del IRS: le comunican que no han recibido su declaraci\u00f3n de impuestos. El Lic. Hopkins est\u00e1 a su disposici\u00f3n.","robots":{"index":"index","follow":"follow","max-snippet":"max-snippet:-1","max-image-preview":"max-image-preview:large","max-video-preview":"max-video-preview:-1"},"canonical":"https:\/\/taxhelplaw.com\/sptax\/soluciones\/pasos-de-casos-solicitud-de-declaracion\/aviso-cp618\/","og_locale":"es_MX","og_type":"article","og_title":"Aviso CP618","og_description":"Aviso CP618 del IRS: le comunican que no han recibido su declaraci\u00f3n de impuestos. El Lic. Hopkins est\u00e1 a su disposici\u00f3n.","og_url":"https:\/\/taxhelplaw.com\/sptax\/soluciones\/pasos-de-casos-solicitud-de-declaracion\/aviso-cp618\/","og_site_name":"J. David Hopkins, JD LLM","article_modified_time":"2022-10-26T19:22:14+00:00","og_image":[{"url":"https:\/\/taxhelplaw.com\/sptax\/wp-content\/uploads\/2022\/10\/Aviso.CP618i.jpg","type":"","width":"","height":""}],"twitter_card":"summary_large_image","twitter_misc":{"Tiempo de lectura":"2 minutos"},"schema":{"@context":"https:\/\/schema.org","@graph":[{"@type":"WebPage","@id":"https:\/\/taxhelplaw.com\/sptax\/soluciones\/pasos-de-casos-solicitud-de-declaracion\/aviso-cp618\/","url":"https:\/\/taxhelplaw.com\/sptax\/soluciones\/pasos-de-casos-solicitud-de-declaracion\/aviso-cp618\/","name":"Aviso CP618. No han recibido su declaraci\u00f3n - TaxHelpLaw","isPartOf":{"@id":"https:\/\/taxhelplaw.com\/sptax\/#website"},"primaryImageOfPage":{"@id":"https:\/\/taxhelplaw.com\/sptax\/soluciones\/pasos-de-casos-solicitud-de-declaracion\/aviso-cp618\/#primaryimage"},"image":{"@id":"https:\/\/taxhelplaw.com\/sptax\/soluciones\/pasos-de-casos-solicitud-de-declaracion\/aviso-cp618\/#primaryimage"},"thumbnailUrl":"https:\/\/taxhelplaw.com\/sptax\/wp-content\/uploads\/2022\/10\/Aviso.CP618i.jpg","datePublished":"2015-02-07T22:15:06+00:00","dateModified":"2022-10-26T19:22:14+00:00","description":"Aviso CP618 del IRS: le comunican que no han recibido su declaraci\u00f3n de impuestos. El Lic. Hopkins est\u00e1 a su disposici\u00f3n.","breadcrumb":{"@id":"https:\/\/taxhelplaw.com\/sptax\/soluciones\/pasos-de-casos-solicitud-de-declaracion\/aviso-cp618\/#breadcrumb"},"inLanguage":"es","potentialAction":[{"@type":"ReadAction","target":["https:\/\/taxhelplaw.com\/sptax\/soluciones\/pasos-de-casos-solicitud-de-declaracion\/aviso-cp618\/"]}]},{"@type":"ImageObject","inLanguage":"es","@id":"https:\/\/taxhelplaw.com\/sptax\/soluciones\/pasos-de-casos-solicitud-de-declaracion\/aviso-cp618\/#primaryimage","url":"https:\/\/taxhelplaw.com\/sptax\/wp-content\/uploads\/2022\/10\/Aviso.CP618i.jpg","contentUrl":"https:\/\/taxhelplaw.com\/sptax\/wp-content\/uploads\/2022\/10\/Aviso.CP618i.jpg","width":1284,"height":1662,"caption":"Aviso CP618i del IRS"},{"@type":"BreadcrumbList","@id":"https:\/\/taxhelplaw.com\/sptax\/soluciones\/pasos-de-casos-solicitud-de-declaracion\/aviso-cp618\/#breadcrumb","itemListElement":[{"@type":"ListItem","position":1,"name":"Home","item":"https:\/\/taxhelplaw.com\/sptax\/"},{"@type":"ListItem","position":2,"name":"Soluciones","item":"https:\/\/taxhelplaw.com\/sptax\/soluciones\/"},{"@type":"ListItem","position":3,"name":"Solicitud de declaraci\u00f3n","item":"https:\/\/taxhelplaw.com\/sptax\/soluciones\/pasos-de-casos-solicitud-de-declaracion\/"},{"@type":"ListItem","position":4,"name":"Aviso CP618"}]},{"@type":"WebSite","@id":"https:\/\/taxhelplaw.com\/sptax\/#website","url":"https:\/\/taxhelplaw.com\/sptax\/","name":"J. David Hopkins, JD LLM","description":"Maestr\u00eda en Derecho Tributario","publisher":{"@id":"https:\/\/taxhelplaw.com\/sptax\/#organization"},"alternateName":"TaxHelpLaw en Espa\u00f1ol","potentialAction":[{"@type":"SearchAction","target":{"@type":"EntryPoint","urlTemplate":"https:\/\/taxhelplaw.com\/sptax\/?s={search_term_string}"},"query-input":{"@type":"PropertyValueSpecification","valueRequired":true,"valueName":"search_term_string"}}],"inLanguage":"es"},{"@type":"Organization","@id":"https:\/\/taxhelplaw.com\/sptax\/#organization","name":"TaxHelp, Inc.","url":"https:\/\/taxhelplaw.com\/sptax\/","logo":{"@type":"ImageObject","inLanguage":"es","@id":"https:\/\/taxhelplaw.com\/sptax\/#\/schema\/logo\/image\/","url":"https:\/\/taxhelplaw.com\/sptax\/wp-content\/uploads\/2022\/01\/taxhelpenespanol.jpg","contentUrl":"https:\/\/taxhelplaw.com\/sptax\/wp-content\/uploads\/2022\/01\/taxhelpenespanol.jpg","width":300,"height":101,"caption":"TaxHelp, Inc."},"image":{"@id":"https:\/\/taxhelplaw.com\/sptax\/#\/schema\/logo\/image\/"}}]}},"jetpack_sharing_enabled":false,"_links":{"self":[{"href":"https:\/\/taxhelplaw.com\/sptax\/wp-json\/wp\/v2\/pages\/356","targetHints":{"allow":["GET"]}}],"collection":[{"href":"https:\/\/taxhelplaw.com\/sptax\/wp-json\/wp\/v2\/pages"}],"about":[{"href":"https:\/\/taxhelplaw.com\/sptax\/wp-json\/wp\/v2\/types\/page"}],"author":[{"embeddable":true,"href":"https:\/\/taxhelplaw.com\/sptax\/wp-json\/wp\/v2\/users\/1"}],"replies":[{"embeddable":true,"href":"https:\/\/taxhelplaw.com\/sptax\/wp-json\/wp\/v2\/comments?post=356"}],"version-history":[{"count":14,"href":"https:\/\/taxhelplaw.com\/sptax\/wp-json\/wp\/v2\/pages\/356\/revisions"}],"predecessor-version":[{"id":4308,"href":"https:\/\/taxhelplaw.com\/sptax\/wp-json\/wp\/v2\/pages\/356\/revisions\/4308"}],"up":[{"embeddable":true,"href":"https:\/\/taxhelplaw.com\/sptax\/wp-json\/wp\/v2\/pages\/262"}],"wp:attachment":[{"href":"https:\/\/taxhelplaw.com\/sptax\/wp-json\/wp\/v2\/media?parent=356"}],"curies":[{"name":"wp","href":"https:\/\/api.w.org\/{rel}","templated":true}]}}