{"id":342,"date":"2015-02-07T20:35:57","date_gmt":"2015-02-07T20:35:57","guid":{"rendered":"http:\/\/taxhelplaw.com\/sp\/?page_id=342"},"modified":"2023-03-05T03:33:52","modified_gmt":"2023-03-05T03:33:52","slug":"aviso-cp714","status":"publish","type":"page","link":"https:\/\/taxhelplaw.com\/sptax\/soluciones\/cobros\/aviso-cp714\/","title":{"rendered":"Aviso CP714"},"content":{"rendered":"<p>El IRS usa el Aviso CP714\u00a0 \"Usted tiene contribuciones sin pagar para el 20- -\" para informarle que tiene un saldo deudor. Su situaci\u00f3n no es urgente pero debe ser corregida. El IRS le enviar\u00e1, gradualmente, cartas m\u00e1s agresivas hasta que le manden el Aviso de intenci\u00f3n de aplicar un embargo. (<span style=\"color: #0000ff;\"><a style=\"color: #0000ff;\" title=\"Aviso CP604\" href=\"\/\/taxhelplaw.com\/sptax\/soluciones\/cobros\/aviso-cp604\/\">CP604<\/a><\/span>, <span style=\"color: #0000ff;\"><a style=\"color: #0000ff;\" title=\"Aviso CP90\" href=\"\/\/taxhelplaw.com\/sptax\/soluciones\/cobros\/aviso-cp90\/\">CP90<\/a><\/span>, <span style=\"color: #0000ff;\"><a style=\"color: #0000ff;\" title=\"Aviso CP91\" href=\"\/\/taxhelplaw.com\/sptax\/soluciones\/cobros\/aviso-cp91\/\">CP91<\/a><\/span>)<\/p>\n<p>Si usted est\u00e1 de acuerdo que debe los impuestos, complete Pasos de Casos a seguir para <span style=\"color: #0000ff;\"><a style=\"color: #0000ff;\" title=\"Pasos de Casos \u2013 Cobros\" href=\"\/\/taxhelplaw.com\/sptax\/soluciones\/cobros\/\">Cobros<\/a><\/span> para resolver el caso. Si usted piensa que no debe los impuestos, contacte al Lic. Hopkins para hacer una consulta confidencial.<\/p>\n<p>Tal vez usted piensa que ser\u00e1 f\u00e1cil llamar al<a href=\"https:\/\/www.irs.gov\/es\/individuals\/understanding-your-cp14-notice\" target=\"_blank\" rel=\"noopener\"> IRS<\/a> y establecer un plan de pago a plazo pero esto puede ser complicado. El n\u00famero de tel\u00e9fono que le dan es una serie de men\u00fas que nunca se acaban y lo hacen esperar por mucho tiempo. A veces, le piden que les vuelva a hablar porque usted no est\u00e1 \"en el sistema.\"<\/p>\n<p>Si usted ha recibido el Aviso CP714 no se desanime y no se enoje. M\u00e1s vale, acost\u00fambrese ya que es inevitable. Lo mejor que puede hacer es realizar pagos voluntarios hasta que le revisen el caso.<\/p>\n<p>Cuando finalmente le revisan el caso, usted debe estar completamente preparado o su caso se puede atrasar y le costar\u00e1 m\u00e1s dinero.<\/p>\n<p>Por favor complete los <span style=\"color: #0000ff;\"><a style=\"color: #0000ff;\" title=\"Pasos de Casos \u2013 Cobros\" href=\"\/\/taxhelplaw.com\/sptax\/soluciones\/cobros\/\">Pasos de Casos<\/a><\/span> a seguir para responder al Aviso CP714 y vea al Lic. Hopkins en Colorado Springs o Pueblo antes de continuar.<\/p>\n<p><a title=\"Pasos de Casos \u2013 Cobros\" href=\"\/\/taxhelplaw.com\/sptax\/soluciones\/cobros\/\"><img loading=\"lazy\" decoding=\"async\" class=\"alignleft size-full wp-image-343\" src=\"https:\/\/taxhelplaw.com\/sptax\/wp-content\/uploads\/2022\/10\/Aviso.CP714.jpg\" alt=\"AvisoCP714\" width=\"1245\" height=\"1635\" \/><\/a><\/p>\n<p><a title=\"Pasos de Casos \u2013 Cobros\" href=\"\/\/taxhelplaw.com\/sptax\/soluciones\/cobros\/\"><img loading=\"lazy\" decoding=\"async\" class=\"alignleft size-full wp-image-343\" src=\"\/sptax\/wp-content\/uploads\/2015\/02\/AvisoCP714-1.jpg\" alt=\"AvisoCP714\" width=\"1245\" height=\"1635\" \/><\/a><\/p>\n<p><a href=\"https:\/\/taxhelplaw.com\/sptax\/sample-page-2\/contactenos\/\"><img loading=\"lazy\" decoding=\"async\" class=\"aligncenter size-full wp-image-3464\" title=\"Aviso CP714 del IRS\" src=\"https:\/\/taxhelplaw.com\/sptax\/wp-content\/uploads\/2022\/01\/taxhelpenespanol.jpg\" alt=\"Aviso CP714 del IRS Abogado de derecho fiscal en Colorado Springs. Abogado de impuestos en Colorado Springs\" width=\"300\" height=\"101\" \/><\/a><\/p>\n","protected":false},"excerpt":{"rendered":"<p>El IRS usa el Aviso CP714\u00a0 &#8220;Usted tiene contribuciones sin pagar para el 20- -&#8221; para informarle que tiene un saldo deudor. Su situaci\u00f3n no es urgente pero debe ser corregida. El IRS le enviar\u00e1, gradualmente, cartas m\u00e1s agresivas hasta que le manden el Aviso de intenci\u00f3n de aplicar un embargo. (CP604, CP90, CP91) Si [&hellip;]<\/p>\n","protected":false},"author":1,"featured_media":0,"parent":146,"menu_order":1,"comment_status":"closed","ping_status":"closed","template":"","meta":{"_genesis_hide_title":false,"_genesis_hide_breadcrumbs":false,"_genesis_hide_singular_image":false,"_genesis_hide_footer_widgets":false,"_genesis_custom_body_class":"","_genesis_custom_post_class":"","_genesis_layout":"","footnotes":""},"class_list":{"0":"post-342","1":"page","2":"type-page","3":"status-publish","5":"entry"},"yoast_head":"<!-- This site is optimized with the Yoast SEO Premium plugin v27.0 (Yoast SEO v27.5) - https:\/\/yoast.com\/product\/yoast-seo-premium-wordpress\/ -->\n<title>Aviso CP714 . Abogado ense\u00f1a como responder - TaxHelpLaw<\/title>\n<meta name=\"description\" content=\"Aviso CP714 del IRS: es una factura de impuestos. Prep\u00e1rese y aprenda a responder al IRS con nuestros formularios, ejemplos y cartas.\" \/>\n<meta name=\"robots\" content=\"index, follow, max-snippet:-1, max-image-preview:large, max-video-preview:-1\" \/>\n<link rel=\"canonical\" href=\"https:\/\/taxhelplaw.com\/sptax\/soluciones\/cobros\/aviso-cp714\/\" \/>\n<meta property=\"og:locale\" content=\"es_MX\" \/>\n<meta property=\"og:type\" content=\"article\" \/>\n<meta property=\"og:title\" content=\"Aviso CP714\" \/>\n<meta property=\"og:description\" content=\"Aviso CP714 del IRS: es una factura de impuestos. Prep\u00e1rese y aprenda a responder al IRS con nuestros formularios, ejemplos y cartas.\" \/>\n<meta property=\"og:url\" content=\"https:\/\/taxhelplaw.com\/sptax\/soluciones\/cobros\/aviso-cp714\/\" \/>\n<meta property=\"og:site_name\" content=\"J. David Hopkins, JD LLM\" \/>\n<meta property=\"article:modified_time\" content=\"2023-03-05T03:33:52+00:00\" \/>\n<meta property=\"og:image\" content=\"https:\/\/taxhelplaw.com\/sptax\/wp-content\/uploads\/2022\/10\/Aviso.CP714.jpg\" \/>\n<meta name=\"twitter:card\" content=\"summary_large_image\" \/>\n<meta name=\"twitter:label1\" content=\"Tiempo de lectura\" \/>\n\t<meta name=\"twitter:data1\" content=\"2 minutos\" \/>\n<script type=\"application\/ld+json\" class=\"yoast-schema-graph\">{\"@context\":\"https:\\\/\\\/schema.org\",\"@graph\":[{\"@type\":\"WebPage\",\"@id\":\"https:\\\/\\\/taxhelplaw.com\\\/sptax\\\/soluciones\\\/cobros\\\/aviso-cp714\\\/\",\"url\":\"https:\\\/\\\/taxhelplaw.com\\\/sptax\\\/soluciones\\\/cobros\\\/aviso-cp714\\\/\",\"name\":\"Aviso CP714 . Abogado ense\u00f1a como responder - TaxHelpLaw\",\"isPartOf\":{\"@id\":\"https:\\\/\\\/taxhelplaw.com\\\/sptax\\\/#website\"},\"primaryImageOfPage\":{\"@id\":\"https:\\\/\\\/taxhelplaw.com\\\/sptax\\\/soluciones\\\/cobros\\\/aviso-cp714\\\/#primaryimage\"},\"image\":{\"@id\":\"https:\\\/\\\/taxhelplaw.com\\\/sptax\\\/soluciones\\\/cobros\\\/aviso-cp714\\\/#primaryimage\"},\"thumbnailUrl\":\"https:\\\/\\\/taxhelplaw.com\\\/sptax\\\/wp-content\\\/uploads\\\/2022\\\/10\\\/Aviso.CP714.jpg\",\"datePublished\":\"2015-02-07T20:35:57+00:00\",\"dateModified\":\"2023-03-05T03:33:52+00:00\",\"description\":\"Aviso CP714 del IRS: es una factura de impuestos. Prep\u00e1rese y aprenda a responder al IRS con nuestros formularios, ejemplos y cartas.\",\"breadcrumb\":{\"@id\":\"https:\\\/\\\/taxhelplaw.com\\\/sptax\\\/soluciones\\\/cobros\\\/aviso-cp714\\\/#breadcrumb\"},\"inLanguage\":\"es\",\"potentialAction\":[{\"@type\":\"ReadAction\",\"target\":[\"https:\\\/\\\/taxhelplaw.com\\\/sptax\\\/soluciones\\\/cobros\\\/aviso-cp714\\\/\"]}]},{\"@type\":\"ImageObject\",\"inLanguage\":\"es\",\"@id\":\"https:\\\/\\\/taxhelplaw.com\\\/sptax\\\/soluciones\\\/cobros\\\/aviso-cp714\\\/#primaryimage\",\"url\":\"https:\\\/\\\/taxhelplaw.com\\\/sptax\\\/wp-content\\\/uploads\\\/2022\\\/10\\\/Aviso.CP714.jpg\",\"contentUrl\":\"https:\\\/\\\/taxhelplaw.com\\\/sptax\\\/wp-content\\\/uploads\\\/2022\\\/10\\\/Aviso.CP714.jpg\",\"width\":1284,\"height\":1662,\"caption\":\"Aviso CP714 del IRS\"},{\"@type\":\"BreadcrumbList\",\"@id\":\"https:\\\/\\\/taxhelplaw.com\\\/sptax\\\/soluciones\\\/cobros\\\/aviso-cp714\\\/#breadcrumb\",\"itemListElement\":[{\"@type\":\"ListItem\",\"position\":1,\"name\":\"Home\",\"item\":\"https:\\\/\\\/taxhelplaw.com\\\/sptax\\\/\"},{\"@type\":\"ListItem\",\"position\":2,\"name\":\"Soluciones\",\"item\":\"https:\\\/\\\/taxhelplaw.com\\\/sptax\\\/soluciones\\\/\"},{\"@type\":\"ListItem\",\"position\":3,\"name\":\"Cobros\",\"item\":\"https:\\\/\\\/taxhelplaw.com\\\/sptax\\\/soluciones\\\/cobros\\\/\"},{\"@type\":\"ListItem\",\"position\":4,\"name\":\"Aviso CP714\"}]},{\"@type\":\"WebSite\",\"@id\":\"https:\\\/\\\/taxhelplaw.com\\\/sptax\\\/#website\",\"url\":\"https:\\\/\\\/taxhelplaw.com\\\/sptax\\\/\",\"name\":\"J. David Hopkins, JD LLM\",\"description\":\"Maestr\u00eda en Derecho Tributario\",\"publisher\":{\"@id\":\"https:\\\/\\\/taxhelplaw.com\\\/sptax\\\/#organization\"},\"alternateName\":\"TaxHelpLaw en Espa\u00f1ol\",\"potentialAction\":[{\"@type\":\"SearchAction\",\"target\":{\"@type\":\"EntryPoint\",\"urlTemplate\":\"https:\\\/\\\/taxhelplaw.com\\\/sptax\\\/?s={search_term_string}\"},\"query-input\":{\"@type\":\"PropertyValueSpecification\",\"valueRequired\":true,\"valueName\":\"search_term_string\"}}],\"inLanguage\":\"es\"},{\"@type\":\"Organization\",\"@id\":\"https:\\\/\\\/taxhelplaw.com\\\/sptax\\\/#organization\",\"name\":\"TaxHelp, Inc.\",\"url\":\"https:\\\/\\\/taxhelplaw.com\\\/sptax\\\/\",\"logo\":{\"@type\":\"ImageObject\",\"inLanguage\":\"es\",\"@id\":\"https:\\\/\\\/taxhelplaw.com\\\/sptax\\\/#\\\/schema\\\/logo\\\/image\\\/\",\"url\":\"https:\\\/\\\/taxhelplaw.com\\\/sptax\\\/wp-content\\\/uploads\\\/2022\\\/01\\\/taxhelpenespanol.jpg\",\"contentUrl\":\"https:\\\/\\\/taxhelplaw.com\\\/sptax\\\/wp-content\\\/uploads\\\/2022\\\/01\\\/taxhelpenespanol.jpg\",\"width\":300,\"height\":101,\"caption\":\"TaxHelp, Inc.\"},\"image\":{\"@id\":\"https:\\\/\\\/taxhelplaw.com\\\/sptax\\\/#\\\/schema\\\/logo\\\/image\\\/\"}}]}<\/script>\n<!-- \/ Yoast SEO Premium plugin. -->","yoast_head_json":{"title":"Aviso CP714 . Abogado ense\u00f1a como responder - TaxHelpLaw","description":"Aviso CP714 del IRS: es una factura de impuestos. Prep\u00e1rese y aprenda a responder al IRS con nuestros formularios, ejemplos y cartas.","robots":{"index":"index","follow":"follow","max-snippet":"max-snippet:-1","max-image-preview":"max-image-preview:large","max-video-preview":"max-video-preview:-1"},"canonical":"https:\/\/taxhelplaw.com\/sptax\/soluciones\/cobros\/aviso-cp714\/","og_locale":"es_MX","og_type":"article","og_title":"Aviso CP714","og_description":"Aviso CP714 del IRS: es una factura de impuestos. Prep\u00e1rese y aprenda a responder al IRS con nuestros formularios, ejemplos y cartas.","og_url":"https:\/\/taxhelplaw.com\/sptax\/soluciones\/cobros\/aviso-cp714\/","og_site_name":"J. David Hopkins, JD LLM","article_modified_time":"2023-03-05T03:33:52+00:00","og_image":[{"url":"https:\/\/taxhelplaw.com\/sptax\/wp-content\/uploads\/2022\/10\/Aviso.CP714.jpg","type":"","width":"","height":""}],"twitter_card":"summary_large_image","twitter_misc":{"Tiempo de lectura":"2 minutos"},"schema":{"@context":"https:\/\/schema.org","@graph":[{"@type":"WebPage","@id":"https:\/\/taxhelplaw.com\/sptax\/soluciones\/cobros\/aviso-cp714\/","url":"https:\/\/taxhelplaw.com\/sptax\/soluciones\/cobros\/aviso-cp714\/","name":"Aviso CP714 . Abogado ense\u00f1a como responder - TaxHelpLaw","isPartOf":{"@id":"https:\/\/taxhelplaw.com\/sptax\/#website"},"primaryImageOfPage":{"@id":"https:\/\/taxhelplaw.com\/sptax\/soluciones\/cobros\/aviso-cp714\/#primaryimage"},"image":{"@id":"https:\/\/taxhelplaw.com\/sptax\/soluciones\/cobros\/aviso-cp714\/#primaryimage"},"thumbnailUrl":"https:\/\/taxhelplaw.com\/sptax\/wp-content\/uploads\/2022\/10\/Aviso.CP714.jpg","datePublished":"2015-02-07T20:35:57+00:00","dateModified":"2023-03-05T03:33:52+00:00","description":"Aviso CP714 del IRS: es una factura de impuestos. Prep\u00e1rese y aprenda a responder al IRS con nuestros formularios, ejemplos y cartas.","breadcrumb":{"@id":"https:\/\/taxhelplaw.com\/sptax\/soluciones\/cobros\/aviso-cp714\/#breadcrumb"},"inLanguage":"es","potentialAction":[{"@type":"ReadAction","target":["https:\/\/taxhelplaw.com\/sptax\/soluciones\/cobros\/aviso-cp714\/"]}]},{"@type":"ImageObject","inLanguage":"es","@id":"https:\/\/taxhelplaw.com\/sptax\/soluciones\/cobros\/aviso-cp714\/#primaryimage","url":"https:\/\/taxhelplaw.com\/sptax\/wp-content\/uploads\/2022\/10\/Aviso.CP714.jpg","contentUrl":"https:\/\/taxhelplaw.com\/sptax\/wp-content\/uploads\/2022\/10\/Aviso.CP714.jpg","width":1284,"height":1662,"caption":"Aviso CP714 del IRS"},{"@type":"BreadcrumbList","@id":"https:\/\/taxhelplaw.com\/sptax\/soluciones\/cobros\/aviso-cp714\/#breadcrumb","itemListElement":[{"@type":"ListItem","position":1,"name":"Home","item":"https:\/\/taxhelplaw.com\/sptax\/"},{"@type":"ListItem","position":2,"name":"Soluciones","item":"https:\/\/taxhelplaw.com\/sptax\/soluciones\/"},{"@type":"ListItem","position":3,"name":"Cobros","item":"https:\/\/taxhelplaw.com\/sptax\/soluciones\/cobros\/"},{"@type":"ListItem","position":4,"name":"Aviso CP714"}]},{"@type":"WebSite","@id":"https:\/\/taxhelplaw.com\/sptax\/#website","url":"https:\/\/taxhelplaw.com\/sptax\/","name":"J. David Hopkins, JD LLM","description":"Maestr\u00eda en Derecho Tributario","publisher":{"@id":"https:\/\/taxhelplaw.com\/sptax\/#organization"},"alternateName":"TaxHelpLaw en Espa\u00f1ol","potentialAction":[{"@type":"SearchAction","target":{"@type":"EntryPoint","urlTemplate":"https:\/\/taxhelplaw.com\/sptax\/?s={search_term_string}"},"query-input":{"@type":"PropertyValueSpecification","valueRequired":true,"valueName":"search_term_string"}}],"inLanguage":"es"},{"@type":"Organization","@id":"https:\/\/taxhelplaw.com\/sptax\/#organization","name":"TaxHelp, Inc.","url":"https:\/\/taxhelplaw.com\/sptax\/","logo":{"@type":"ImageObject","inLanguage":"es","@id":"https:\/\/taxhelplaw.com\/sptax\/#\/schema\/logo\/image\/","url":"https:\/\/taxhelplaw.com\/sptax\/wp-content\/uploads\/2022\/01\/taxhelpenespanol.jpg","contentUrl":"https:\/\/taxhelplaw.com\/sptax\/wp-content\/uploads\/2022\/01\/taxhelpenespanol.jpg","width":300,"height":101,"caption":"TaxHelp, Inc."},"image":{"@id":"https:\/\/taxhelplaw.com\/sptax\/#\/schema\/logo\/image\/"}}]}},"jetpack_sharing_enabled":false,"_links":{"self":[{"href":"https:\/\/taxhelplaw.com\/sptax\/wp-json\/wp\/v2\/pages\/342","targetHints":{"allow":["GET"]}}],"collection":[{"href":"https:\/\/taxhelplaw.com\/sptax\/wp-json\/wp\/v2\/pages"}],"about":[{"href":"https:\/\/taxhelplaw.com\/sptax\/wp-json\/wp\/v2\/types\/page"}],"author":[{"embeddable":true,"href":"https:\/\/taxhelplaw.com\/sptax\/wp-json\/wp\/v2\/users\/1"}],"replies":[{"embeddable":true,"href":"https:\/\/taxhelplaw.com\/sptax\/wp-json\/wp\/v2\/comments?post=342"}],"version-history":[{"count":11,"href":"https:\/\/taxhelplaw.com\/sptax\/wp-json\/wp\/v2\/pages\/342\/revisions"}],"predecessor-version":[{"id":7483,"href":"https:\/\/taxhelplaw.com\/sptax\/wp-json\/wp\/v2\/pages\/342\/revisions\/7483"}],"up":[{"embeddable":true,"href":"https:\/\/taxhelplaw.com\/sptax\/wp-json\/wp\/v2\/pages\/146"}],"wp:attachment":[{"href":"https:\/\/taxhelplaw.com\/sptax\/wp-json\/wp\/v2\/media?parent=342"}],"curies":[{"name":"wp","href":"https:\/\/api.w.org\/{rel}","templated":true}]}}