{"id":321,"date":"2015-02-07T20:45:06","date_gmt":"2015-02-07T20:45:06","guid":{"rendered":"http:\/\/taxhelplaw.com\/sp\/?page_id=321"},"modified":"2023-02-27T16:09:52","modified_gmt":"2023-02-27T16:09:52","slug":"aviso-cp90","status":"publish","type":"page","link":"https:\/\/taxhelplaw.com\/sptax\/soluciones\/cobros\/aviso-cp90\/","title":{"rendered":"Aviso CP90 y CP90C"},"content":{"rendered":"<p>El Aviso CP90 del IRS es un aviso de intenci\u00f3n de aplicar un embargo, o sea que tienen intenci\u00f3n de tomar sus propiedades. Este aviso es URGENTE ya que en 30 d\u00edas el IRS puede apoderarse pr\u00e1cticamente de cualquier cosa que usted posee. Este aviso es el mismo tipo de aviso que el <a title=\"Aviso CP604\" href=\"\/\/taxhelplaw.com\/sptax\/soluciones\/cobros\/aviso-cp604\/\">CP604<\/a> y la Carta <a title=\"Carta 1058\" href=\"\/\/taxhelplaw.com\/sptax\/soluciones\/cobros\/carta-1058\/\"><span style=\"color: #0000ff;\">1058<\/span><\/a>.<\/p>\n<p>El Aviso CP90C es el aviso que el IRS ya ha embargado sus pertenencias.<\/p>\n<p>Necesitamos actuar r\u00e1pidamente para prevenir embargos de su salario, cuentas bancarias o propiedad. A veces hay que presentar declaraciones de impuestos y obtener informaci\u00f3n sobre sus finanzas, lo cual puede ser dif\u00edcil pero no imposible.<\/p>\n<p>El <a href=\"https:\/\/taxhelplaw.com\/sptax\/wp-content\/uploads\/2023\/02\/p1494-en-espanol.pdf\" class=\"popup\" rel=\"noopener\">IRS<\/a> toma 90% de su salario y todas sus cuentas bancarias si no responde correctamente y con los formularios apropiados.<\/p>\n<p>Afortunadamente, nuestro abogado fiscal, el Lic. Hopkins, ha preparado <span style=\"text-decoration: underline;\"><a href=\"https:\/\/taxhelplaw.com\/sptax\/recursos-gratis\/seminarios-web-gratis\/\" target=\"_blank\" rel=\"noopener\">Webinars<\/a><\/span> que muestran en detalle c\u00f3mo completar esos formularios. Usted ahorrar\u00e1 tiempo y dinero siguiendo las instrucciones del abogado.<\/p>\n<p>Si usted a recibido el Aviso CP90, vea los <a title=\"Pasos de Casos \u2013 Cobros\" href=\"\/\/taxhelplaw.com\/sptax\/soluciones\/cobros\/\"><span style=\"color: #0000ff;\">Pasos de Casos<\/span><\/a> a seguir y haga una cita con el Lic. Hopkins.<\/p>\n<h6>Versiones en ingl\u00e9s:<\/h6>\n<div class=\"one-half first\"><a href=\"https:\/\/taxhelplaw.com\/sptax\/wp-content\/uploads\/2015\/02\/AvisoCP90-1.jpg\" class=\"popup\">Notice CP90<\/a><\/div>\n<div class=\"one-half\"><a href=\"https:\/\/taxhelplaw.com\/sptax\/wp-content\/uploads\/2015\/02\/AvisoCP90c-1.jpg\" class=\"popup\">Notice CP90C<\/a><\/div>\n<p>&nbsp;<\/p>\n<h6>Nuestra traducci\u00f3n al espa\u00f1ol:<\/h6>\n<p><a href=\"\/\/taxhelplaw.com\/sptax\/soluciones\/cobros\/\"><img loading=\"lazy\" decoding=\"async\" class=\"alignleft size-full wp-image-323\" src=\"https:\/\/taxhelplaw.com\/sptax\/wp-content\/uploads\/2023\/02\/CP90-en-espanol.jpg\" alt=\"AvisoCP90\" width=\"714\" height=\"982\" \/><\/a><\/p>\n<p><a href=\"\/\/taxhelplaw.com\/sptax\/soluciones\/cobros\/\"><img loading=\"lazy\" decoding=\"async\" class=\"alignleft size-full wp-image-322\" src=\"https:\/\/taxhelplaw.com\/sptax\/wp-content\/uploads\/2023\/02\/cp90c_en-espanol.jpg\" alt=\"AvisoCP90c\" width=\"1255\" height=\"1648\" \/><\/a><\/p>\n<p><a href=\"https:\/\/taxhelplaw.com\/sptax\/sample-page-2\/contactenos\/\"><img loading=\"lazy\" decoding=\"async\" class=\"aligncenter size-full wp-image-3464\" title=\"Aviso CP90 del IRS\" src=\"https:\/\/taxhelplaw.com\/sptax\/wp-content\/uploads\/2022\/01\/taxhelpenespanol.jpg\" alt=\"Aviso CP90 del IRS. Abogado de derecho fiscal en Colorado Springs. Abogado de impuestos en Colorado Springs\" width=\"300\" height=\"101\" \/><\/a><\/p>\n","protected":false},"excerpt":{"rendered":"<p>El Aviso CP90 del IRS es un aviso de intenci\u00f3n de aplicar un embargo, o sea que tienen intenci\u00f3n de tomar sus propiedades. Este aviso es URGENTE ya que en 30 d\u00edas el IRS puede apoderarse pr\u00e1cticamente de cualquier cosa que usted posee. Este aviso es el mismo tipo de aviso que el CP604 y [&hellip;]<\/p>\n","protected":false},"author":1,"featured_media":0,"parent":146,"menu_order":8,"comment_status":"closed","ping_status":"closed","template":"","meta":{"_genesis_hide_title":false,"_genesis_hide_breadcrumbs":false,"_genesis_hide_singular_image":false,"_genesis_hide_footer_widgets":false,"_genesis_custom_body_class":"","_genesis_custom_post_class":"","_genesis_layout":"","footnotes":""},"class_list":{"0":"post-321","1":"page","2":"type-page","3":"status-publish","5":"entry"},"yoast_head":"<!-- This site is optimized with the Yoast SEO Premium plugin v27.0 (Yoast SEO v27.4) - https:\/\/yoast.com\/product\/yoast-seo-premium-wordpress\/ -->\n<title>Aviso CP90. Hay que actuar de inmediato - J. David Hopkins, JD LLM<\/title>\n<meta name=\"description\" content=\"Aviso CP90 del IRS: es un aviso de intenci\u00f3n de aplicar un embargo. El Lic. Hopkins puede resolver sus problemas con el IRS.\" \/>\n<meta name=\"robots\" content=\"index, follow, max-snippet:-1, max-image-preview:large, max-video-preview:-1\" \/>\n<link rel=\"canonical\" href=\"https:\/\/taxhelplaw.com\/sptax\/soluciones\/cobros\/aviso-cp90\/\" \/>\n<meta property=\"og:locale\" content=\"es_MX\" \/>\n<meta property=\"og:type\" content=\"article\" \/>\n<meta property=\"og:title\" content=\"Aviso CP90 y CP90C\" \/>\n<meta property=\"og:description\" content=\"Aviso CP90 del IRS: es un aviso de intenci\u00f3n de aplicar un embargo. El Lic. Hopkins puede resolver sus problemas con el IRS.\" \/>\n<meta property=\"og:url\" content=\"https:\/\/taxhelplaw.com\/sptax\/soluciones\/cobros\/aviso-cp90\/\" \/>\n<meta property=\"og:site_name\" content=\"J. David Hopkins, JD LLM\" \/>\n<meta property=\"article:modified_time\" content=\"2023-02-27T16:09:52+00:00\" \/>\n<meta property=\"og:image\" content=\"https:\/\/taxhelplaw.com\/sptax\/wp-content\/uploads\/2023\/02\/CP90-en-espanol.jpg\" \/>\n<meta name=\"twitter:card\" content=\"summary_large_image\" \/>\n<meta name=\"twitter:label1\" content=\"Tiempo de lectura\" \/>\n\t<meta name=\"twitter:data1\" content=\"2 minutos\" \/>\n<script type=\"application\/ld+json\" class=\"yoast-schema-graph\">{\"@context\":\"https:\\\/\\\/schema.org\",\"@graph\":[{\"@type\":\"WebPage\",\"@id\":\"https:\\\/\\\/taxhelplaw.com\\\/sptax\\\/soluciones\\\/cobros\\\/aviso-cp90\\\/\",\"url\":\"https:\\\/\\\/taxhelplaw.com\\\/sptax\\\/soluciones\\\/cobros\\\/aviso-cp90\\\/\",\"name\":\"Aviso CP90. Hay que actuar de inmediato - J. David Hopkins, JD LLM\",\"isPartOf\":{\"@id\":\"https:\\\/\\\/taxhelplaw.com\\\/sptax\\\/#website\"},\"primaryImageOfPage\":{\"@id\":\"https:\\\/\\\/taxhelplaw.com\\\/sptax\\\/soluciones\\\/cobros\\\/aviso-cp90\\\/#primaryimage\"},\"image\":{\"@id\":\"https:\\\/\\\/taxhelplaw.com\\\/sptax\\\/soluciones\\\/cobros\\\/aviso-cp90\\\/#primaryimage\"},\"thumbnailUrl\":\"https:\\\/\\\/taxhelplaw.com\\\/sptax\\\/wp-content\\\/uploads\\\/2023\\\/02\\\/CP90-en-espanol.jpg\",\"datePublished\":\"2015-02-07T20:45:06+00:00\",\"dateModified\":\"2023-02-27T16:09:52+00:00\",\"description\":\"Aviso CP90 del IRS: es un aviso de intenci\u00f3n de aplicar un embargo. El Lic. Hopkins puede resolver sus problemas con el IRS.\",\"breadcrumb\":{\"@id\":\"https:\\\/\\\/taxhelplaw.com\\\/sptax\\\/soluciones\\\/cobros\\\/aviso-cp90\\\/#breadcrumb\"},\"inLanguage\":\"es\",\"potentialAction\":[{\"@type\":\"ReadAction\",\"target\":[\"https:\\\/\\\/taxhelplaw.com\\\/sptax\\\/soluciones\\\/cobros\\\/aviso-cp90\\\/\"]}]},{\"@type\":\"ImageObject\",\"inLanguage\":\"es\",\"@id\":\"https:\\\/\\\/taxhelplaw.com\\\/sptax\\\/soluciones\\\/cobros\\\/aviso-cp90\\\/#primaryimage\",\"url\":\"https:\\\/\\\/taxhelplaw.com\\\/sptax\\\/wp-content\\\/uploads\\\/2023\\\/02\\\/CP90-en-espanol.jpg\",\"contentUrl\":\"https:\\\/\\\/taxhelplaw.com\\\/sptax\\\/wp-content\\\/uploads\\\/2023\\\/02\\\/CP90-en-espanol.jpg\",\"width\":1284,\"height\":1662},{\"@type\":\"BreadcrumbList\",\"@id\":\"https:\\\/\\\/taxhelplaw.com\\\/sptax\\\/soluciones\\\/cobros\\\/aviso-cp90\\\/#breadcrumb\",\"itemListElement\":[{\"@type\":\"ListItem\",\"position\":1,\"name\":\"Home\",\"item\":\"https:\\\/\\\/taxhelplaw.com\\\/sptax\\\/\"},{\"@type\":\"ListItem\",\"position\":2,\"name\":\"Soluciones\",\"item\":\"https:\\\/\\\/taxhelplaw.com\\\/sptax\\\/soluciones\\\/\"},{\"@type\":\"ListItem\",\"position\":3,\"name\":\"Cobros\",\"item\":\"https:\\\/\\\/taxhelplaw.com\\\/sptax\\\/soluciones\\\/cobros\\\/\"},{\"@type\":\"ListItem\",\"position\":4,\"name\":\"Aviso CP90 y CP90C\"}]},{\"@type\":\"WebSite\",\"@id\":\"https:\\\/\\\/taxhelplaw.com\\\/sptax\\\/#website\",\"url\":\"https:\\\/\\\/taxhelplaw.com\\\/sptax\\\/\",\"name\":\"J. David Hopkins, JD LLM\",\"description\":\"Maestr\u00eda en Derecho Tributario\",\"publisher\":{\"@id\":\"https:\\\/\\\/taxhelplaw.com\\\/sptax\\\/#organization\"},\"alternateName\":\"TaxHelpLaw en Espa\u00f1ol\",\"potentialAction\":[{\"@type\":\"SearchAction\",\"target\":{\"@type\":\"EntryPoint\",\"urlTemplate\":\"https:\\\/\\\/taxhelplaw.com\\\/sptax\\\/?s={search_term_string}\"},\"query-input\":{\"@type\":\"PropertyValueSpecification\",\"valueRequired\":true,\"valueName\":\"search_term_string\"}}],\"inLanguage\":\"es\"},{\"@type\":\"Organization\",\"@id\":\"https:\\\/\\\/taxhelplaw.com\\\/sptax\\\/#organization\",\"name\":\"TaxHelp, Inc.\",\"url\":\"https:\\\/\\\/taxhelplaw.com\\\/sptax\\\/\",\"logo\":{\"@type\":\"ImageObject\",\"inLanguage\":\"es\",\"@id\":\"https:\\\/\\\/taxhelplaw.com\\\/sptax\\\/#\\\/schema\\\/logo\\\/image\\\/\",\"url\":\"https:\\\/\\\/taxhelplaw.com\\\/sptax\\\/wp-content\\\/uploads\\\/2022\\\/01\\\/taxhelpenespanol.jpg\",\"contentUrl\":\"https:\\\/\\\/taxhelplaw.com\\\/sptax\\\/wp-content\\\/uploads\\\/2022\\\/01\\\/taxhelpenespanol.jpg\",\"width\":300,\"height\":101,\"caption\":\"TaxHelp, Inc.\"},\"image\":{\"@id\":\"https:\\\/\\\/taxhelplaw.com\\\/sptax\\\/#\\\/schema\\\/logo\\\/image\\\/\"}}]}<\/script>\n<!-- \/ Yoast SEO Premium plugin. -->","yoast_head_json":{"title":"Aviso CP90. Hay que actuar de inmediato - J. David Hopkins, JD LLM","description":"Aviso CP90 del IRS: es un aviso de intenci\u00f3n de aplicar un embargo. El Lic. Hopkins puede resolver sus problemas con el IRS.","robots":{"index":"index","follow":"follow","max-snippet":"max-snippet:-1","max-image-preview":"max-image-preview:large","max-video-preview":"max-video-preview:-1"},"canonical":"https:\/\/taxhelplaw.com\/sptax\/soluciones\/cobros\/aviso-cp90\/","og_locale":"es_MX","og_type":"article","og_title":"Aviso CP90 y CP90C","og_description":"Aviso CP90 del IRS: es un aviso de intenci\u00f3n de aplicar un embargo. El Lic. Hopkins puede resolver sus problemas con el IRS.","og_url":"https:\/\/taxhelplaw.com\/sptax\/soluciones\/cobros\/aviso-cp90\/","og_site_name":"J. David Hopkins, JD LLM","article_modified_time":"2023-02-27T16:09:52+00:00","og_image":[{"url":"https:\/\/taxhelplaw.com\/sptax\/wp-content\/uploads\/2023\/02\/CP90-en-espanol.jpg","type":"","width":"","height":""}],"twitter_card":"summary_large_image","twitter_misc":{"Tiempo de lectura":"2 minutos"},"schema":{"@context":"https:\/\/schema.org","@graph":[{"@type":"WebPage","@id":"https:\/\/taxhelplaw.com\/sptax\/soluciones\/cobros\/aviso-cp90\/","url":"https:\/\/taxhelplaw.com\/sptax\/soluciones\/cobros\/aviso-cp90\/","name":"Aviso CP90. Hay que actuar de inmediato - J. David Hopkins, JD LLM","isPartOf":{"@id":"https:\/\/taxhelplaw.com\/sptax\/#website"},"primaryImageOfPage":{"@id":"https:\/\/taxhelplaw.com\/sptax\/soluciones\/cobros\/aviso-cp90\/#primaryimage"},"image":{"@id":"https:\/\/taxhelplaw.com\/sptax\/soluciones\/cobros\/aviso-cp90\/#primaryimage"},"thumbnailUrl":"https:\/\/taxhelplaw.com\/sptax\/wp-content\/uploads\/2023\/02\/CP90-en-espanol.jpg","datePublished":"2015-02-07T20:45:06+00:00","dateModified":"2023-02-27T16:09:52+00:00","description":"Aviso CP90 del IRS: es un aviso de intenci\u00f3n de aplicar un embargo. El Lic. Hopkins puede resolver sus problemas con el IRS.","breadcrumb":{"@id":"https:\/\/taxhelplaw.com\/sptax\/soluciones\/cobros\/aviso-cp90\/#breadcrumb"},"inLanguage":"es","potentialAction":[{"@type":"ReadAction","target":["https:\/\/taxhelplaw.com\/sptax\/soluciones\/cobros\/aviso-cp90\/"]}]},{"@type":"ImageObject","inLanguage":"es","@id":"https:\/\/taxhelplaw.com\/sptax\/soluciones\/cobros\/aviso-cp90\/#primaryimage","url":"https:\/\/taxhelplaw.com\/sptax\/wp-content\/uploads\/2023\/02\/CP90-en-espanol.jpg","contentUrl":"https:\/\/taxhelplaw.com\/sptax\/wp-content\/uploads\/2023\/02\/CP90-en-espanol.jpg","width":1284,"height":1662},{"@type":"BreadcrumbList","@id":"https:\/\/taxhelplaw.com\/sptax\/soluciones\/cobros\/aviso-cp90\/#breadcrumb","itemListElement":[{"@type":"ListItem","position":1,"name":"Home","item":"https:\/\/taxhelplaw.com\/sptax\/"},{"@type":"ListItem","position":2,"name":"Soluciones","item":"https:\/\/taxhelplaw.com\/sptax\/soluciones\/"},{"@type":"ListItem","position":3,"name":"Cobros","item":"https:\/\/taxhelplaw.com\/sptax\/soluciones\/cobros\/"},{"@type":"ListItem","position":4,"name":"Aviso CP90 y CP90C"}]},{"@type":"WebSite","@id":"https:\/\/taxhelplaw.com\/sptax\/#website","url":"https:\/\/taxhelplaw.com\/sptax\/","name":"J. David Hopkins, JD LLM","description":"Maestr\u00eda en Derecho Tributario","publisher":{"@id":"https:\/\/taxhelplaw.com\/sptax\/#organization"},"alternateName":"TaxHelpLaw en Espa\u00f1ol","potentialAction":[{"@type":"SearchAction","target":{"@type":"EntryPoint","urlTemplate":"https:\/\/taxhelplaw.com\/sptax\/?s={search_term_string}"},"query-input":{"@type":"PropertyValueSpecification","valueRequired":true,"valueName":"search_term_string"}}],"inLanguage":"es"},{"@type":"Organization","@id":"https:\/\/taxhelplaw.com\/sptax\/#organization","name":"TaxHelp, Inc.","url":"https:\/\/taxhelplaw.com\/sptax\/","logo":{"@type":"ImageObject","inLanguage":"es","@id":"https:\/\/taxhelplaw.com\/sptax\/#\/schema\/logo\/image\/","url":"https:\/\/taxhelplaw.com\/sptax\/wp-content\/uploads\/2022\/01\/taxhelpenespanol.jpg","contentUrl":"https:\/\/taxhelplaw.com\/sptax\/wp-content\/uploads\/2022\/01\/taxhelpenespanol.jpg","width":300,"height":101,"caption":"TaxHelp, Inc."},"image":{"@id":"https:\/\/taxhelplaw.com\/sptax\/#\/schema\/logo\/image\/"}}]}},"jetpack_sharing_enabled":true,"_links":{"self":[{"href":"https:\/\/taxhelplaw.com\/sptax\/wp-json\/wp\/v2\/pages\/321","targetHints":{"allow":["GET"]}}],"collection":[{"href":"https:\/\/taxhelplaw.com\/sptax\/wp-json\/wp\/v2\/pages"}],"about":[{"href":"https:\/\/taxhelplaw.com\/sptax\/wp-json\/wp\/v2\/types\/page"}],"author":[{"embeddable":true,"href":"https:\/\/taxhelplaw.com\/sptax\/wp-json\/wp\/v2\/users\/1"}],"replies":[{"embeddable":true,"href":"https:\/\/taxhelplaw.com\/sptax\/wp-json\/wp\/v2\/comments?post=321"}],"version-history":[{"count":10,"href":"https:\/\/taxhelplaw.com\/sptax\/wp-json\/wp\/v2\/pages\/321\/revisions"}],"predecessor-version":[{"id":7423,"href":"https:\/\/taxhelplaw.com\/sptax\/wp-json\/wp\/v2\/pages\/321\/revisions\/7423"}],"up":[{"embeddable":true,"href":"https:\/\/taxhelplaw.com\/sptax\/wp-json\/wp\/v2\/pages\/146"}],"wp:attachment":[{"href":"https:\/\/taxhelplaw.com\/sptax\/wp-json\/wp\/v2\/media?parent=321"}],"curies":[{"name":"wp","href":"https:\/\/api.w.org\/{rel}","templated":true}]}}