{"id":315,"date":"2015-02-07T20:43:24","date_gmt":"2015-02-07T20:43:24","guid":{"rendered":"http:\/\/taxhelplaw.com\/sp\/?page_id=315"},"modified":"2022-02-03T02:01:59","modified_gmt":"2022-02-03T02:01:59","slug":"aviso-cp771","status":"publish","type":"page","link":"https:\/\/taxhelplaw.com\/sptax\/soluciones\/cobros\/aviso-cp771\/","title":{"rendered":"Aviso CP771, CP772, CP773 y CP774"},"content":{"rendered":"<p>El <a href=\"https:\/\/www.irs.gov\/es\/individuals\/understanding-your-cp71-notice\" target=\"_blank\" rel=\"noopener\">IRS<\/a> usa el Aviso CP771 \"Recordatorio anual de saldo de contribuciones adeudado para el a\u00f1o contributivo de 20- -\" o \"Recordatorio de las contribuciones atrasadas para el 20- -\" para recordarle que debe impuestos. El CP771 es el m\u00e1s usado pero los Avisos <a class=\"popup\" title=\"Aviso CP772\" href=\"https:\/\/www.irs.gov\/pub\/notices\/cp772_spanish.pdf\" target=\"_blank\" rel=\"noopener\"><strong><span style=\"color: #0000ff;\">CP772<\/span><\/strong><\/a>, <a class=\"popup\" title=\"Aviso CP773\" href=\"https:\/\/www.irs.gov\/pub\/notices\/cp773_spanish.pdf\" target=\"_blank\" rel=\"noopener\"><strong><span style=\"color: #0000ff;\">CP773<\/span><\/strong><\/a> y <a class=\"popup\" title=\"Aviso CP774\" href=\"https:\/\/taxhelplaw.com\/sptax\/wp-content\/uploads\/2022\/01\/cp774_spanish.pdf\" target=\"_blank\" rel=\"noopener\"><strong><span style=\"color: #0000ff;\">CP774<\/span><\/strong><\/a> tambi\u00e9n se usan. Su situaci\u00f3n no es urgente todav\u00eda pero debe ser corregida inmediatamente.<\/p>\n<p>Es posible que usted ya haya recibido la Notificaci\u00f3n de intenci\u00f3n de aplicar embargo as\u00ed que el IRS podr\u00eda incautar su propiedad en cualquier momento. Esta notificaci\u00f3n es un aviso y no significa que empezar\u00e1n los cobros, entonces hay tiempo para crear un buen caso para usted. Esperar a que el IRS confisque su propiedad hace el caso m\u00e1s dif\u00edcil.<\/p>\n<p>A veces el paso del tiempo, de hecho,\u00a0 lo puede beneficiar. Cuando la ley de prescripci\u00f3n se vence, sus opciones de escapar la responsabilidad de pagar se expanden. En una consulta, TaxHelpLaw puede identificar los l\u00edmites de tiempo y determinaciones y planear el m\u00e9todo m\u00e1s seguro para ganar su caso.<\/p>\n<p>Si usted ha recibido el Aviso CP771, por favor siga los <a title=\"Pasos de Casos \u2013 Cobros\" href=\"\/\/taxhelplaw.com\/sptax\/soluciones\/cobros\/\"><strong><span style=\"color: #0000ff;\">Pasos de Casos<\/span><\/strong><\/a> para prepararse para esta notificaci\u00f3n y vea al Lic. Hopkins en Colorado Springs\u00a0 o Pueblo antes de continuar.<\/p>\n<p><img decoding=\"async\" src=\"https:\/\/taxhelplaw.com\/sptax\/wp-content\/uploads\/2022\/01\/cp771_spanish.1stpg.jpg\" alt=\"Aviso CP771\" \/><\/p>\n<p><a style=\"display: block; z-index: 1;\" href=\"https:\/\/taxhelplaw.com\/sptax\/soluciones\/cobros\/\"><object style=\"pointer-events: none; z-index: -1; overflow: hidden; border: 0px; padding: 0px; margin: 0px; width: 700px; height: 850px;\" data=\"https:\/\/www.irs.gov\/pub\/notices\/cp771_spanish.pdf#toolbar=0&amp;navpanes=0&amp;scrollbar=0\" width=\"710\" height=\"850\"><\/object><\/a><\/p>\n<p><a title=\"Pasos de Casos \u2013 Cobros\" href=\"\/\/taxhelplaw.com\/sptax\/soluciones\/cobros\/\"><img loading=\"lazy\" decoding=\"async\" class=\"alignleft size-full wp-image-316\" src=\"\/sptax\/wp-content\/uploads\/2015\/02\/AvisoCP771-1.jpg\" alt=\"AvisoCP771\" width=\"1225\" height=\"1635\" \/><\/a><\/p>\n<p><a href=\"https:\/\/taxhelplaw.com\/sptax\/sample-page-2\/contactenos\/\"><img loading=\"lazy\" decoding=\"async\" class=\"aligncenter size-full wp-image-3464\" title=\"Aviso CP771 del IRS\" src=\"https:\/\/taxhelplaw.com\/sptax\/wp-content\/uploads\/2022\/01\/taxhelpenespanol.jpg\" alt=\"Aviso CP771 del IRS. Abogado de derecho fiscal en Colorado Springs. Abogado de impuestos en Colorado Springs\" width=\"300\" height=\"101\" \/><\/a><\/p>\n","protected":false},"excerpt":{"rendered":"<p>El IRS usa el Aviso CP771 &#8220;Recordatorio anual de saldo de contribuciones adeudado para el a\u00f1o contributivo de 20- -&#8221; o &#8220;Recordatorio de las contribuciones atrasadas para el 20- -&#8221; para recordarle que debe impuestos. El CP771 es el m\u00e1s usado pero los Avisos CP772, CP773 y CP774 tambi\u00e9n se usan. Su situaci\u00f3n no es [&hellip;]<\/p>\n","protected":false},"author":1,"featured_media":0,"parent":146,"menu_order":6,"comment_status":"closed","ping_status":"closed","template":"","meta":{"_genesis_hide_title":false,"_genesis_hide_breadcrumbs":false,"_genesis_hide_singular_image":false,"_genesis_hide_footer_widgets":false,"_genesis_custom_body_class":"","_genesis_custom_post_class":"","_genesis_layout":"","footnotes":""},"class_list":{"0":"post-315","1":"page","2":"type-page","3":"status-publish","5":"entry"},"yoast_head":"<!-- This site is optimized with the Yoast SEO Premium plugin v27.0 (Yoast SEO v27.3) - https:\/\/yoast.com\/product\/yoast-seo-premium-wordpress\/ -->\n<title>Aviso CP771. Parece que usted tiene un saldo deudor - TaxHelpLaw<\/title>\n<meta name=\"description\" content=\"Aviso CP771 del IRS: le recuerdan que usted debe impuestos (Los CP71A y CP71D tambi\u00e9n se usan). Su situaci\u00f3n no es urgente.\" \/>\n<meta name=\"robots\" content=\"index, follow, max-snippet:-1, max-image-preview:large, max-video-preview:-1\" \/>\n<link rel=\"canonical\" href=\"https:\/\/taxhelplaw.com\/sptax\/soluciones\/cobros\/aviso-cp771\/\" \/>\n<meta property=\"og:locale\" content=\"es_MX\" \/>\n<meta property=\"og:type\" content=\"article\" \/>\n<meta property=\"og:title\" content=\"Aviso CP771, CP772, CP773 y CP774\" \/>\n<meta property=\"og:description\" content=\"Aviso CP771 del IRS: le recuerdan que usted debe impuestos (Los CP71A y CP71D tambi\u00e9n se usan). Su situaci\u00f3n no es urgente.\" \/>\n<meta property=\"og:url\" content=\"https:\/\/taxhelplaw.com\/sptax\/soluciones\/cobros\/aviso-cp771\/\" \/>\n<meta property=\"og:site_name\" content=\"J. David Hopkins, JD LLM\" \/>\n<meta property=\"article:modified_time\" content=\"2022-02-03T02:01:59+00:00\" \/>\n<meta property=\"og:image\" content=\"https:\/\/taxhelplaw.com\/sptax\/wp-content\/uploads\/2022\/01\/cp771_spanish.1stpg.jpg\" \/>\n<meta name=\"twitter:card\" content=\"summary_large_image\" \/>\n<meta name=\"twitter:label1\" content=\"Tiempo de lectura\" \/>\n\t<meta name=\"twitter:data1\" content=\"1 minuto\" \/>\n<script type=\"application\/ld+json\" class=\"yoast-schema-graph\">{\"@context\":\"https:\\\/\\\/schema.org\",\"@graph\":[{\"@type\":\"WebPage\",\"@id\":\"https:\\\/\\\/taxhelplaw.com\\\/sptax\\\/soluciones\\\/cobros\\\/aviso-cp771\\\/\",\"url\":\"https:\\\/\\\/taxhelplaw.com\\\/sptax\\\/soluciones\\\/cobros\\\/aviso-cp771\\\/\",\"name\":\"Aviso CP771. Parece que usted tiene un saldo deudor - TaxHelpLaw\",\"isPartOf\":{\"@id\":\"https:\\\/\\\/taxhelplaw.com\\\/sptax\\\/#website\"},\"primaryImageOfPage\":{\"@id\":\"https:\\\/\\\/taxhelplaw.com\\\/sptax\\\/soluciones\\\/cobros\\\/aviso-cp771\\\/#primaryimage\"},\"image\":{\"@id\":\"https:\\\/\\\/taxhelplaw.com\\\/sptax\\\/soluciones\\\/cobros\\\/aviso-cp771\\\/#primaryimage\"},\"thumbnailUrl\":\"https:\\\/\\\/taxhelplaw.com\\\/sptax\\\/wp-content\\\/uploads\\\/2022\\\/01\\\/cp771_spanish.1stpg.jpg\",\"datePublished\":\"2015-02-07T20:43:24+00:00\",\"dateModified\":\"2022-02-03T02:01:59+00:00\",\"description\":\"Aviso CP771 del IRS: le recuerdan que usted debe impuestos (Los CP71A y CP71D tambi\u00e9n se usan). Su situaci\u00f3n no es urgente.\",\"breadcrumb\":{\"@id\":\"https:\\\/\\\/taxhelplaw.com\\\/sptax\\\/soluciones\\\/cobros\\\/aviso-cp771\\\/#breadcrumb\"},\"inLanguage\":\"es\",\"potentialAction\":[{\"@type\":\"ReadAction\",\"target\":[\"https:\\\/\\\/taxhelplaw.com\\\/sptax\\\/soluciones\\\/cobros\\\/aviso-cp771\\\/\"]}]},{\"@type\":\"ImageObject\",\"inLanguage\":\"es\",\"@id\":\"https:\\\/\\\/taxhelplaw.com\\\/sptax\\\/soluciones\\\/cobros\\\/aviso-cp771\\\/#primaryimage\",\"url\":\"https:\\\/\\\/taxhelplaw.com\\\/sptax\\\/wp-content\\\/uploads\\\/2022\\\/01\\\/cp771_spanish.1stpg.jpg\",\"contentUrl\":\"https:\\\/\\\/taxhelplaw.com\\\/sptax\\\/wp-content\\\/uploads\\\/2022\\\/01\\\/cp771_spanish.1stpg.jpg\",\"width\":1284,\"height\":1662},{\"@type\":\"BreadcrumbList\",\"@id\":\"https:\\\/\\\/taxhelplaw.com\\\/sptax\\\/soluciones\\\/cobros\\\/aviso-cp771\\\/#breadcrumb\",\"itemListElement\":[{\"@type\":\"ListItem\",\"position\":1,\"name\":\"Home\",\"item\":\"https:\\\/\\\/taxhelplaw.com\\\/sptax\\\/\"},{\"@type\":\"ListItem\",\"position\":2,\"name\":\"Soluciones\",\"item\":\"https:\\\/\\\/taxhelplaw.com\\\/sptax\\\/soluciones\\\/\"},{\"@type\":\"ListItem\",\"position\":3,\"name\":\"Cobros\",\"item\":\"https:\\\/\\\/taxhelplaw.com\\\/sptax\\\/soluciones\\\/cobros\\\/\"},{\"@type\":\"ListItem\",\"position\":4,\"name\":\"Aviso CP771, CP772, CP773 y CP774\"}]},{\"@type\":\"WebSite\",\"@id\":\"https:\\\/\\\/taxhelplaw.com\\\/sptax\\\/#website\",\"url\":\"https:\\\/\\\/taxhelplaw.com\\\/sptax\\\/\",\"name\":\"J. David Hopkins, JD LLM\",\"description\":\"Maestr\u00eda en Derecho Tributario\",\"publisher\":{\"@id\":\"https:\\\/\\\/taxhelplaw.com\\\/sptax\\\/#organization\"},\"alternateName\":\"TaxHelpLaw en Espa\u00f1ol\",\"potentialAction\":[{\"@type\":\"SearchAction\",\"target\":{\"@type\":\"EntryPoint\",\"urlTemplate\":\"https:\\\/\\\/taxhelplaw.com\\\/sptax\\\/?s={search_term_string}\"},\"query-input\":{\"@type\":\"PropertyValueSpecification\",\"valueRequired\":true,\"valueName\":\"search_term_string\"}}],\"inLanguage\":\"es\"},{\"@type\":\"Organization\",\"@id\":\"https:\\\/\\\/taxhelplaw.com\\\/sptax\\\/#organization\",\"name\":\"TaxHelp, Inc.\",\"url\":\"https:\\\/\\\/taxhelplaw.com\\\/sptax\\\/\",\"logo\":{\"@type\":\"ImageObject\",\"inLanguage\":\"es\",\"@id\":\"https:\\\/\\\/taxhelplaw.com\\\/sptax\\\/#\\\/schema\\\/logo\\\/image\\\/\",\"url\":\"https:\\\/\\\/taxhelplaw.com\\\/sptax\\\/wp-content\\\/uploads\\\/2022\\\/01\\\/taxhelpenespanol.jpg\",\"contentUrl\":\"https:\\\/\\\/taxhelplaw.com\\\/sptax\\\/wp-content\\\/uploads\\\/2022\\\/01\\\/taxhelpenespanol.jpg\",\"width\":300,\"height\":101,\"caption\":\"TaxHelp, Inc.\"},\"image\":{\"@id\":\"https:\\\/\\\/taxhelplaw.com\\\/sptax\\\/#\\\/schema\\\/logo\\\/image\\\/\"}}]}<\/script>\n<!-- \/ Yoast SEO Premium plugin. -->","yoast_head_json":{"title":"Aviso CP771. Parece que usted tiene un saldo deudor - TaxHelpLaw","description":"Aviso CP771 del IRS: le recuerdan que usted debe impuestos (Los CP71A y CP71D tambi\u00e9n se usan). Su situaci\u00f3n no es urgente.","robots":{"index":"index","follow":"follow","max-snippet":"max-snippet:-1","max-image-preview":"max-image-preview:large","max-video-preview":"max-video-preview:-1"},"canonical":"https:\/\/taxhelplaw.com\/sptax\/soluciones\/cobros\/aviso-cp771\/","og_locale":"es_MX","og_type":"article","og_title":"Aviso CP771, CP772, CP773 y CP774","og_description":"Aviso CP771 del IRS: le recuerdan que usted debe impuestos (Los CP71A y CP71D tambi\u00e9n se usan). Su situaci\u00f3n no es urgente.","og_url":"https:\/\/taxhelplaw.com\/sptax\/soluciones\/cobros\/aviso-cp771\/","og_site_name":"J. David Hopkins, JD LLM","article_modified_time":"2022-02-03T02:01:59+00:00","og_image":[{"url":"https:\/\/taxhelplaw.com\/sptax\/wp-content\/uploads\/2022\/01\/cp771_spanish.1stpg.jpg","type":"","width":"","height":""}],"twitter_card":"summary_large_image","twitter_misc":{"Tiempo de lectura":"1 minuto"},"schema":{"@context":"https:\/\/schema.org","@graph":[{"@type":"WebPage","@id":"https:\/\/taxhelplaw.com\/sptax\/soluciones\/cobros\/aviso-cp771\/","url":"https:\/\/taxhelplaw.com\/sptax\/soluciones\/cobros\/aviso-cp771\/","name":"Aviso CP771. Parece que usted tiene un saldo deudor - TaxHelpLaw","isPartOf":{"@id":"https:\/\/taxhelplaw.com\/sptax\/#website"},"primaryImageOfPage":{"@id":"https:\/\/taxhelplaw.com\/sptax\/soluciones\/cobros\/aviso-cp771\/#primaryimage"},"image":{"@id":"https:\/\/taxhelplaw.com\/sptax\/soluciones\/cobros\/aviso-cp771\/#primaryimage"},"thumbnailUrl":"https:\/\/taxhelplaw.com\/sptax\/wp-content\/uploads\/2022\/01\/cp771_spanish.1stpg.jpg","datePublished":"2015-02-07T20:43:24+00:00","dateModified":"2022-02-03T02:01:59+00:00","description":"Aviso CP771 del IRS: le recuerdan que usted debe impuestos (Los CP71A y CP71D tambi\u00e9n se usan). Su situaci\u00f3n no es urgente.","breadcrumb":{"@id":"https:\/\/taxhelplaw.com\/sptax\/soluciones\/cobros\/aviso-cp771\/#breadcrumb"},"inLanguage":"es","potentialAction":[{"@type":"ReadAction","target":["https:\/\/taxhelplaw.com\/sptax\/soluciones\/cobros\/aviso-cp771\/"]}]},{"@type":"ImageObject","inLanguage":"es","@id":"https:\/\/taxhelplaw.com\/sptax\/soluciones\/cobros\/aviso-cp771\/#primaryimage","url":"https:\/\/taxhelplaw.com\/sptax\/wp-content\/uploads\/2022\/01\/cp771_spanish.1stpg.jpg","contentUrl":"https:\/\/taxhelplaw.com\/sptax\/wp-content\/uploads\/2022\/01\/cp771_spanish.1stpg.jpg","width":1284,"height":1662},{"@type":"BreadcrumbList","@id":"https:\/\/taxhelplaw.com\/sptax\/soluciones\/cobros\/aviso-cp771\/#breadcrumb","itemListElement":[{"@type":"ListItem","position":1,"name":"Home","item":"https:\/\/taxhelplaw.com\/sptax\/"},{"@type":"ListItem","position":2,"name":"Soluciones","item":"https:\/\/taxhelplaw.com\/sptax\/soluciones\/"},{"@type":"ListItem","position":3,"name":"Cobros","item":"https:\/\/taxhelplaw.com\/sptax\/soluciones\/cobros\/"},{"@type":"ListItem","position":4,"name":"Aviso CP771, CP772, CP773 y CP774"}]},{"@type":"WebSite","@id":"https:\/\/taxhelplaw.com\/sptax\/#website","url":"https:\/\/taxhelplaw.com\/sptax\/","name":"J. David Hopkins, JD LLM","description":"Maestr\u00eda en Derecho Tributario","publisher":{"@id":"https:\/\/taxhelplaw.com\/sptax\/#organization"},"alternateName":"TaxHelpLaw en Espa\u00f1ol","potentialAction":[{"@type":"SearchAction","target":{"@type":"EntryPoint","urlTemplate":"https:\/\/taxhelplaw.com\/sptax\/?s={search_term_string}"},"query-input":{"@type":"PropertyValueSpecification","valueRequired":true,"valueName":"search_term_string"}}],"inLanguage":"es"},{"@type":"Organization","@id":"https:\/\/taxhelplaw.com\/sptax\/#organization","name":"TaxHelp, Inc.","url":"https:\/\/taxhelplaw.com\/sptax\/","logo":{"@type":"ImageObject","inLanguage":"es","@id":"https:\/\/taxhelplaw.com\/sptax\/#\/schema\/logo\/image\/","url":"https:\/\/taxhelplaw.com\/sptax\/wp-content\/uploads\/2022\/01\/taxhelpenespanol.jpg","contentUrl":"https:\/\/taxhelplaw.com\/sptax\/wp-content\/uploads\/2022\/01\/taxhelpenespanol.jpg","width":300,"height":101,"caption":"TaxHelp, Inc."},"image":{"@id":"https:\/\/taxhelplaw.com\/sptax\/#\/schema\/logo\/image\/"}}]}},"jetpack_sharing_enabled":true,"_links":{"self":[{"href":"https:\/\/taxhelplaw.com\/sptax\/wp-json\/wp\/v2\/pages\/315","targetHints":{"allow":["GET"]}}],"collection":[{"href":"https:\/\/taxhelplaw.com\/sptax\/wp-json\/wp\/v2\/pages"}],"about":[{"href":"https:\/\/taxhelplaw.com\/sptax\/wp-json\/wp\/v2\/types\/page"}],"author":[{"embeddable":true,"href":"https:\/\/taxhelplaw.com\/sptax\/wp-json\/wp\/v2\/users\/1"}],"replies":[{"embeddable":true,"href":"https:\/\/taxhelplaw.com\/sptax\/wp-json\/wp\/v2\/comments?post=315"}],"version-history":[{"count":19,"href":"https:\/\/taxhelplaw.com\/sptax\/wp-json\/wp\/v2\/pages\/315\/revisions"}],"predecessor-version":[{"id":3972,"href":"https:\/\/taxhelplaw.com\/sptax\/wp-json\/wp\/v2\/pages\/315\/revisions\/3972"}],"up":[{"embeddable":true,"href":"https:\/\/taxhelplaw.com\/sptax\/wp-json\/wp\/v2\/pages\/146"}],"wp:attachment":[{"href":"https:\/\/taxhelplaw.com\/sptax\/wp-json\/wp\/v2\/media?parent=315"}],"curies":[{"name":"wp","href":"https:\/\/api.w.org\/{rel}","templated":true}]}}