{"id":297,"date":"2015-02-08T00:39:01","date_gmt":"2015-02-08T00:39:01","guid":{"rendered":"http:\/\/taxhelplaw.com\/sp\/?page_id=297"},"modified":"2023-03-03T05:59:08","modified_gmt":"2023-03-03T05:59:08","slug":"aviso-cp712","status":"publish","type":"page","link":"https:\/\/taxhelplaw.com\/sptax\/soluciones\/pasos-de-casos-errores-de-declaracion\/aviso-cp712\/","title":{"rendered":"Avisos CP712 y CP812"},"content":{"rendered":"<p>Los Avisos CP712 y CP812 empiezan de la siguiente manera ...\"Cambios en su Formulario 1040PR del 20- -\"... le informan que puede haber un error de c\u00e1lculo en su declaraci\u00f3n de impuestos aunque este error tambi\u00e9n puede ser informaci\u00f3n incorrecta. Compare sus documentos con los del <a href=\"https:\/\/www.irs.gov\/es\/individuals\/understanding-your-cp12-notice\" target=\"_blank\" rel=\"noopener\">IRS<\/a> y vea si hay un error matem\u00e1tico.<\/p>\n<p>Otros avisos:<\/p>\n<p>El IRS usa el\u00a0 <a class=\"popup\" title=\"Aviso CP801\" href=\"https:\/\/taxhelplaw.com\/sptax\/wp-content\/uploads\/2022\/01\/cp801.pdf\" rel=\"noopener\"><span style=\"color: #0000ff;\">Aviso CP801<\/span><\/a> para notificar a un negocio que han cambiado su cuenta con el impuesto de Formulario 940 o 941, diciendo, \"Hemos hecho cambios a su Formulario [n\u00famero] para el periodo contributivo que termina el [fecha]\".<\/p>\n<p>La notificaci\u00f3n <a class=\"popup\" title=\"Aviso CP12A\" href=\"\/sptax\/wp-content\/uploads\/2015\/02\/CP12A-1.jpg\" rel=\"noopener\"><span style=\"color: #0000ff;\">CP12A<\/span><\/a> generalmente se usa para hacer cambios en el Cr\u00e9dito por Ingreso del Trabajo. La notificaci\u00f3n <a class=\"popup\" title=\"Aviso CP12E\" href=\"\/sptax\/wp-content\/uploads\/2015\/02\/cp12e_pg1-1.jpg\" rel=\"noopener\"><span style=\"color: #0000ff;\">CP12E<\/span><\/a> es para hacer cambios de los Gastos de Negocios de los Empleados.<\/p>\n<p>La notificaci\u00f3n <span style=\"color: #0000ff;\"><a class=\"popup\" style=\"color: #0000ff;\" title=\"Aviso CP12M\" href=\"\/sptax\/wp-content\/uploads\/2015\/02\/cp12m_pg1-1.jpg\" rel=\"noopener\">CP12M<\/a><\/span> es para hacer cambios en el Cr\u00e9dito \u201cHacer que el Trabajo Pague\u201d o el Cr\u00e9dito Jubilados del Gobierno.<\/p>\n<p>La notificaci\u00f3n <a class=\"popup\" title=\"Aviso CP12R\" href=\"\/sptax\/wp-content\/uploads\/2015\/02\/cp12r_pg1-1.jpg\" rel=\"noopener\"><span style=\"color: #0000ff;\">CP12R<\/span><\/a> es para hacer cambios en el Cr\u00e9dito por Recuperaci\u00f3n de la Devoluci\u00f3n de Est\u00edmulo Econ\u00f3mico.<\/p>\n<p>El problema puede ser 1) documentos que no convinan, 2) descripci\u00f3n equivocada, 3) informaci\u00f3n confusa o falta de informaci\u00f3n 4) error de c\u00e1lculo.<\/p>\n<p>Primero determine si hay un error de c\u00e1lculo. Si no hay, determine si usted tiene evidencia para responderle al <a href=\"https:\/\/www.irs.gov\/es\/individuals\/understanding-your-cp112-notice\" target=\"_blank\" rel=\"noopener\">IRS<\/a>. Use el sitio <a href=\"https:\/\/taxhelplaw.com\/sptax\/autodefensa-contra-una-auditoria-del-irs\/\" target=\"_blank\" rel=\"noopener\"><span style=\"color: #0000ff;\">TaxHelp<\/span><\/a> para preparar su caso.<\/p>\n<p>Si los documentos no convinan, <a class=\"popup\" href=\"https:\/\/taxhelpreturns.com\" target=\"_blank\" rel=\"noopener\"><span style=\"color: #0000ff;\">TaxHelpReturns<\/span><\/a> puede ayudar a poner en orden las cuentas.<\/p>\n<p>Si usted ha recibido los Avisos CP712 y CP812 u otros,\u00a0 h\u00e1blele al Lic. Hopkins para ver si el <a href=\"https:\/\/www.irs.gov\/es\" target=\"_blank\" rel=\"noopener\">IRS<\/a> tiene raz\u00f3n o no.<\/p>\n<h6>Varios Avisos CP712 y CP812<\/h6>\n<p><a title=\"Pasos de Casos \u2013 Errores de Declaraci\u00f3n\" href=\"\/\/taxhelplaw.com\/sptax\/soluciones\/pasos-de-casos-errores-de-declaracion\/\"><img loading=\"lazy\" decoding=\"async\" class=\" size-full wp-image-298 alignleft\" src=\"https:\/\/taxhelplaw.com\/sptax\/wp-content\/uploads\/2022\/10\/Aviso.CP712.jpg\" alt=\"AvisoCP712\" width=\"1245\" height=\"1635\" \/><\/a><\/p>\n<p><a title=\"Pasos de Casos \u2013 Errores de Declaraci\u00f3n\" href=\"\/\/taxhelplaw.com\/sptax\/soluciones\/pasos-de-casos-errores-de-declaracion\/\"><img loading=\"lazy\" decoding=\"async\" class=\" size-full wp-image-298 alignleft\" src=\"\/sptax\/wp-content\/uploads\/2015\/02\/AvisoCP712-1.jpg\" alt=\"AvisoCP712\" width=\"1245\" height=\"1635\" \/><\/a><\/p>\n<p><a style=\"display: block; z-index: 1;\" href=\"https:\/\/taxhelplaw.com\/sptax\/soluciones\/cobros\/\"><object style=\"pointer-events: none; z-index: -1; overflow: hidden; border: 0px; padding: 0px; margin: 0px; width: 700px; height: 850px;\" data=\"https:\/\/taxhelplaw.com\/sptax\/wp-content\/uploads\/2022\/10\/Aviso.CP812.jpg\" width=\"710\" height=\"850\"><\/object><\/a><\/p>\n<p><a href=\"https:\/\/taxhelplaw.com\/sptax\/sample-page-2\/contactenos\/\"><img loading=\"lazy\" decoding=\"async\" class=\"aligncenter size-full wp-image-3464\" title=\"Avisos CP712 y CP812 del IRS\" src=\"https:\/\/taxhelplaw.com\/sptax\/wp-content\/uploads\/2022\/01\/taxhelpenespanol.jpg\" alt=\"Avisos CP712 y CP812 del IRS. Abogado de derecho fiscal en Colorado Springs. Abogado de impuestos en Colorado Springs\" width=\"300\" height=\"101\" \/><\/a><\/p>\n","protected":false},"excerpt":{"rendered":"<p>Los Avisos CP712 y CP812 empiezan de la siguiente manera &#8230;&#8221;Cambios en su Formulario 1040PR del 20- -&#8220;&#8230; le informan que puede haber un error de c\u00e1lculo en su declaraci\u00f3n de impuestos aunque este error tambi\u00e9n puede ser informaci\u00f3n incorrecta. Compare sus documentos con los del IRS y vea si hay un error matem\u00e1tico. Otros [&hellip;]<\/p>\n","protected":false},"author":1,"featured_media":0,"parent":256,"menu_order":5,"comment_status":"closed","ping_status":"closed","template":"","meta":{"_genesis_hide_title":false,"_genesis_hide_breadcrumbs":false,"_genesis_hide_singular_image":false,"_genesis_hide_footer_widgets":false,"_genesis_custom_body_class":"","_genesis_custom_post_class":"","_genesis_layout":"","footnotes":""},"class_list":{"0":"post-297","1":"page","2":"type-page","3":"status-publish","5":"entry"},"yoast_head":"<!-- This site is optimized with the Yoast SEO Premium plugin v27.0 (Yoast SEO v27.3) - https:\/\/yoast.com\/product\/yoast-seo-premium-wordpress\/ -->\n<title>Avisos CP712 y CP812. Errores de c\u00e1lculo o informaci\u00f3n - TaxHelpLaw<\/title>\n<meta name=\"description\" content=\"Avisos CP712 y CP812 del IRS: le informan que hay un error. Nuestro abogado fiscal, el Lic. Hopkins, lo puede ayudar con su caso.\" \/>\n<meta name=\"robots\" content=\"index, follow, max-snippet:-1, max-image-preview:large, max-video-preview:-1\" \/>\n<link rel=\"canonical\" href=\"https:\/\/taxhelplaw.com\/sptax\/soluciones\/pasos-de-casos-errores-de-declaracion\/aviso-cp712\/\" \/>\n<meta property=\"og:locale\" content=\"es_MX\" \/>\n<meta property=\"og:type\" content=\"article\" \/>\n<meta property=\"og:title\" content=\"Avisos CP712 y CP812\" \/>\n<meta property=\"og:description\" content=\"Avisos CP712 y CP812 del IRS: le informan que hay un error. Nuestro abogado fiscal, el Lic. Hopkins, lo puede ayudar con su caso.\" \/>\n<meta property=\"og:url\" content=\"https:\/\/taxhelplaw.com\/sptax\/soluciones\/pasos-de-casos-errores-de-declaracion\/aviso-cp712\/\" \/>\n<meta property=\"og:site_name\" content=\"J. David Hopkins, JD LLM\" \/>\n<meta property=\"article:modified_time\" content=\"2023-03-03T05:59:08+00:00\" \/>\n<meta property=\"og:image\" content=\"https:\/\/taxhelplaw.com\/sptax\/wp-content\/uploads\/2022\/10\/Aviso.CP712.jpg\" \/>\n<meta name=\"twitter:card\" content=\"summary_large_image\" \/>\n<meta name=\"twitter:label1\" content=\"Tiempo de lectura\" \/>\n\t<meta name=\"twitter:data1\" content=\"2 minutos\" \/>\n<script type=\"application\/ld+json\" class=\"yoast-schema-graph\">{\"@context\":\"https:\\\/\\\/schema.org\",\"@graph\":[{\"@type\":\"WebPage\",\"@id\":\"https:\\\/\\\/taxhelplaw.com\\\/sptax\\\/soluciones\\\/pasos-de-casos-errores-de-declaracion\\\/aviso-cp712\\\/\",\"url\":\"https:\\\/\\\/taxhelplaw.com\\\/sptax\\\/soluciones\\\/pasos-de-casos-errores-de-declaracion\\\/aviso-cp712\\\/\",\"name\":\"Avisos CP712 y CP812. Errores de c\u00e1lculo o informaci\u00f3n - TaxHelpLaw\",\"isPartOf\":{\"@id\":\"https:\\\/\\\/taxhelplaw.com\\\/sptax\\\/#website\"},\"primaryImageOfPage\":{\"@id\":\"https:\\\/\\\/taxhelplaw.com\\\/sptax\\\/soluciones\\\/pasos-de-casos-errores-de-declaracion\\\/aviso-cp712\\\/#primaryimage\"},\"image\":{\"@id\":\"https:\\\/\\\/taxhelplaw.com\\\/sptax\\\/soluciones\\\/pasos-de-casos-errores-de-declaracion\\\/aviso-cp712\\\/#primaryimage\"},\"thumbnailUrl\":\"https:\\\/\\\/taxhelplaw.com\\\/sptax\\\/wp-content\\\/uploads\\\/2022\\\/10\\\/Aviso.CP712.jpg\",\"datePublished\":\"2015-02-08T00:39:01+00:00\",\"dateModified\":\"2023-03-03T05:59:08+00:00\",\"description\":\"Avisos CP712 y CP812 del IRS: le informan que hay un error. Nuestro abogado fiscal, el Lic. Hopkins, lo puede ayudar con su caso.\",\"breadcrumb\":{\"@id\":\"https:\\\/\\\/taxhelplaw.com\\\/sptax\\\/soluciones\\\/pasos-de-casos-errores-de-declaracion\\\/aviso-cp712\\\/#breadcrumb\"},\"inLanguage\":\"es\",\"potentialAction\":[{\"@type\":\"ReadAction\",\"target\":[\"https:\\\/\\\/taxhelplaw.com\\\/sptax\\\/soluciones\\\/pasos-de-casos-errores-de-declaracion\\\/aviso-cp712\\\/\"]}]},{\"@type\":\"ImageObject\",\"inLanguage\":\"es\",\"@id\":\"https:\\\/\\\/taxhelplaw.com\\\/sptax\\\/soluciones\\\/pasos-de-casos-errores-de-declaracion\\\/aviso-cp712\\\/#primaryimage\",\"url\":\"https:\\\/\\\/taxhelplaw.com\\\/sptax\\\/wp-content\\\/uploads\\\/2022\\\/10\\\/Aviso.CP712.jpg\",\"contentUrl\":\"https:\\\/\\\/taxhelplaw.com\\\/sptax\\\/wp-content\\\/uploads\\\/2022\\\/10\\\/Aviso.CP712.jpg\",\"width\":1284,\"height\":1662,\"caption\":\"Aviso CP712 del IRS\"},{\"@type\":\"BreadcrumbList\",\"@id\":\"https:\\\/\\\/taxhelplaw.com\\\/sptax\\\/soluciones\\\/pasos-de-casos-errores-de-declaracion\\\/aviso-cp712\\\/#breadcrumb\",\"itemListElement\":[{\"@type\":\"ListItem\",\"position\":1,\"name\":\"Home\",\"item\":\"https:\\\/\\\/taxhelplaw.com\\\/sptax\\\/\"},{\"@type\":\"ListItem\",\"position\":2,\"name\":\"Soluciones\",\"item\":\"https:\\\/\\\/taxhelplaw.com\\\/sptax\\\/soluciones\\\/\"},{\"@type\":\"ListItem\",\"position\":3,\"name\":\"Errores de Declaraci\u00f3n\",\"item\":\"https:\\\/\\\/taxhelplaw.com\\\/sptax\\\/soluciones\\\/pasos-de-casos-errores-de-declaracion\\\/\"},{\"@type\":\"ListItem\",\"position\":4,\"name\":\"Avisos CP712 y CP812\"}]},{\"@type\":\"WebSite\",\"@id\":\"https:\\\/\\\/taxhelplaw.com\\\/sptax\\\/#website\",\"url\":\"https:\\\/\\\/taxhelplaw.com\\\/sptax\\\/\",\"name\":\"J. David Hopkins, JD LLM\",\"description\":\"Maestr\u00eda en Derecho Tributario\",\"publisher\":{\"@id\":\"https:\\\/\\\/taxhelplaw.com\\\/sptax\\\/#organization\"},\"alternateName\":\"TaxHelpLaw en Espa\u00f1ol\",\"potentialAction\":[{\"@type\":\"SearchAction\",\"target\":{\"@type\":\"EntryPoint\",\"urlTemplate\":\"https:\\\/\\\/taxhelplaw.com\\\/sptax\\\/?s={search_term_string}\"},\"query-input\":{\"@type\":\"PropertyValueSpecification\",\"valueRequired\":true,\"valueName\":\"search_term_string\"}}],\"inLanguage\":\"es\"},{\"@type\":\"Organization\",\"@id\":\"https:\\\/\\\/taxhelplaw.com\\\/sptax\\\/#organization\",\"name\":\"TaxHelp, Inc.\",\"url\":\"https:\\\/\\\/taxhelplaw.com\\\/sptax\\\/\",\"logo\":{\"@type\":\"ImageObject\",\"inLanguage\":\"es\",\"@id\":\"https:\\\/\\\/taxhelplaw.com\\\/sptax\\\/#\\\/schema\\\/logo\\\/image\\\/\",\"url\":\"https:\\\/\\\/taxhelplaw.com\\\/sptax\\\/wp-content\\\/uploads\\\/2022\\\/01\\\/taxhelpenespanol.jpg\",\"contentUrl\":\"https:\\\/\\\/taxhelplaw.com\\\/sptax\\\/wp-content\\\/uploads\\\/2022\\\/01\\\/taxhelpenespanol.jpg\",\"width\":300,\"height\":101,\"caption\":\"TaxHelp, Inc.\"},\"image\":{\"@id\":\"https:\\\/\\\/taxhelplaw.com\\\/sptax\\\/#\\\/schema\\\/logo\\\/image\\\/\"}}]}<\/script>\n<!-- \/ Yoast SEO Premium plugin. -->","yoast_head_json":{"title":"Avisos CP712 y CP812. Errores de c\u00e1lculo o informaci\u00f3n - TaxHelpLaw","description":"Avisos CP712 y CP812 del IRS: le informan que hay un error. Nuestro abogado fiscal, el Lic. Hopkins, lo puede ayudar con su caso.","robots":{"index":"index","follow":"follow","max-snippet":"max-snippet:-1","max-image-preview":"max-image-preview:large","max-video-preview":"max-video-preview:-1"},"canonical":"https:\/\/taxhelplaw.com\/sptax\/soluciones\/pasos-de-casos-errores-de-declaracion\/aviso-cp712\/","og_locale":"es_MX","og_type":"article","og_title":"Avisos CP712 y CP812","og_description":"Avisos CP712 y CP812 del IRS: le informan que hay un error. Nuestro abogado fiscal, el Lic. Hopkins, lo puede ayudar con su caso.","og_url":"https:\/\/taxhelplaw.com\/sptax\/soluciones\/pasos-de-casos-errores-de-declaracion\/aviso-cp712\/","og_site_name":"J. David Hopkins, JD LLM","article_modified_time":"2023-03-03T05:59:08+00:00","og_image":[{"url":"https:\/\/taxhelplaw.com\/sptax\/wp-content\/uploads\/2022\/10\/Aviso.CP712.jpg","type":"","width":"","height":""}],"twitter_card":"summary_large_image","twitter_misc":{"Tiempo de lectura":"2 minutos"},"schema":{"@context":"https:\/\/schema.org","@graph":[{"@type":"WebPage","@id":"https:\/\/taxhelplaw.com\/sptax\/soluciones\/pasos-de-casos-errores-de-declaracion\/aviso-cp712\/","url":"https:\/\/taxhelplaw.com\/sptax\/soluciones\/pasos-de-casos-errores-de-declaracion\/aviso-cp712\/","name":"Avisos CP712 y CP812. Errores de c\u00e1lculo o informaci\u00f3n - TaxHelpLaw","isPartOf":{"@id":"https:\/\/taxhelplaw.com\/sptax\/#website"},"primaryImageOfPage":{"@id":"https:\/\/taxhelplaw.com\/sptax\/soluciones\/pasos-de-casos-errores-de-declaracion\/aviso-cp712\/#primaryimage"},"image":{"@id":"https:\/\/taxhelplaw.com\/sptax\/soluciones\/pasos-de-casos-errores-de-declaracion\/aviso-cp712\/#primaryimage"},"thumbnailUrl":"https:\/\/taxhelplaw.com\/sptax\/wp-content\/uploads\/2022\/10\/Aviso.CP712.jpg","datePublished":"2015-02-08T00:39:01+00:00","dateModified":"2023-03-03T05:59:08+00:00","description":"Avisos CP712 y CP812 del IRS: le informan que hay un error. Nuestro abogado fiscal, el Lic. Hopkins, lo puede ayudar con su caso.","breadcrumb":{"@id":"https:\/\/taxhelplaw.com\/sptax\/soluciones\/pasos-de-casos-errores-de-declaracion\/aviso-cp712\/#breadcrumb"},"inLanguage":"es","potentialAction":[{"@type":"ReadAction","target":["https:\/\/taxhelplaw.com\/sptax\/soluciones\/pasos-de-casos-errores-de-declaracion\/aviso-cp712\/"]}]},{"@type":"ImageObject","inLanguage":"es","@id":"https:\/\/taxhelplaw.com\/sptax\/soluciones\/pasos-de-casos-errores-de-declaracion\/aviso-cp712\/#primaryimage","url":"https:\/\/taxhelplaw.com\/sptax\/wp-content\/uploads\/2022\/10\/Aviso.CP712.jpg","contentUrl":"https:\/\/taxhelplaw.com\/sptax\/wp-content\/uploads\/2022\/10\/Aviso.CP712.jpg","width":1284,"height":1662,"caption":"Aviso CP712 del IRS"},{"@type":"BreadcrumbList","@id":"https:\/\/taxhelplaw.com\/sptax\/soluciones\/pasos-de-casos-errores-de-declaracion\/aviso-cp712\/#breadcrumb","itemListElement":[{"@type":"ListItem","position":1,"name":"Home","item":"https:\/\/taxhelplaw.com\/sptax\/"},{"@type":"ListItem","position":2,"name":"Soluciones","item":"https:\/\/taxhelplaw.com\/sptax\/soluciones\/"},{"@type":"ListItem","position":3,"name":"Errores de Declaraci\u00f3n","item":"https:\/\/taxhelplaw.com\/sptax\/soluciones\/pasos-de-casos-errores-de-declaracion\/"},{"@type":"ListItem","position":4,"name":"Avisos CP712 y CP812"}]},{"@type":"WebSite","@id":"https:\/\/taxhelplaw.com\/sptax\/#website","url":"https:\/\/taxhelplaw.com\/sptax\/","name":"J. David Hopkins, JD LLM","description":"Maestr\u00eda en Derecho Tributario","publisher":{"@id":"https:\/\/taxhelplaw.com\/sptax\/#organization"},"alternateName":"TaxHelpLaw en Espa\u00f1ol","potentialAction":[{"@type":"SearchAction","target":{"@type":"EntryPoint","urlTemplate":"https:\/\/taxhelplaw.com\/sptax\/?s={search_term_string}"},"query-input":{"@type":"PropertyValueSpecification","valueRequired":true,"valueName":"search_term_string"}}],"inLanguage":"es"},{"@type":"Organization","@id":"https:\/\/taxhelplaw.com\/sptax\/#organization","name":"TaxHelp, Inc.","url":"https:\/\/taxhelplaw.com\/sptax\/","logo":{"@type":"ImageObject","inLanguage":"es","@id":"https:\/\/taxhelplaw.com\/sptax\/#\/schema\/logo\/image\/","url":"https:\/\/taxhelplaw.com\/sptax\/wp-content\/uploads\/2022\/01\/taxhelpenespanol.jpg","contentUrl":"https:\/\/taxhelplaw.com\/sptax\/wp-content\/uploads\/2022\/01\/taxhelpenespanol.jpg","width":300,"height":101,"caption":"TaxHelp, Inc."},"image":{"@id":"https:\/\/taxhelplaw.com\/sptax\/#\/schema\/logo\/image\/"}}]}},"jetpack_sharing_enabled":true,"_links":{"self":[{"href":"https:\/\/taxhelplaw.com\/sptax\/wp-json\/wp\/v2\/pages\/297","targetHints":{"allow":["GET"]}}],"collection":[{"href":"https:\/\/taxhelplaw.com\/sptax\/wp-json\/wp\/v2\/pages"}],"about":[{"href":"https:\/\/taxhelplaw.com\/sptax\/wp-json\/wp\/v2\/types\/page"}],"author":[{"embeddable":true,"href":"https:\/\/taxhelplaw.com\/sptax\/wp-json\/wp\/v2\/users\/1"}],"replies":[{"embeddable":true,"href":"https:\/\/taxhelplaw.com\/sptax\/wp-json\/wp\/v2\/comments?post=297"}],"version-history":[{"count":16,"href":"https:\/\/taxhelplaw.com\/sptax\/wp-json\/wp\/v2\/pages\/297\/revisions"}],"predecessor-version":[{"id":7461,"href":"https:\/\/taxhelplaw.com\/sptax\/wp-json\/wp\/v2\/pages\/297\/revisions\/7461"}],"up":[{"embeddable":true,"href":"https:\/\/taxhelplaw.com\/sptax\/wp-json\/wp\/v2\/pages\/256"}],"wp:attachment":[{"href":"https:\/\/taxhelplaw.com\/sptax\/wp-json\/wp\/v2\/media?parent=297"}],"curies":[{"name":"wp","href":"https:\/\/api.w.org\/{rel}","templated":true}]}}