{"id":294,"date":"2015-02-07T06:35:03","date_gmt":"2015-02-07T06:35:03","guid":{"rendered":"http:\/\/taxhelplaw.com\/sp\/?page_id=294"},"modified":"2023-02-08T19:08:01","modified_gmt":"2023-02-08T19:08:01","slug":"impuestos-de-negocio","status":"publish","type":"page","link":"https:\/\/taxhelplaw.com\/sptax\/soluciones\/impuestos-de-negocio\/","title":{"rendered":"Impuestos de Negocios"},"content":{"rendered":"<p><strong>PASOS DE CASOS A SEGUIR PARA IMPUESTOS DE NEGOCIOS:<\/strong><\/p>\n<ol>\n<li>Obtenga todos los avisos que el IRS le ha enviado acerca del problema.<\/li>\n<li>Consiga todas las declaraciones de impuestos (Formularios <span style=\"color: #0000ff;\"><strong><a class=\"popup\" style=\"color: #0000ff;\" title=\"Formulario 941\" href=\"\/\/www.irs.gov\/pub\/irs-pdf\/f941.pdf\" target=\"_blank\" rel=\"noopener noreferrer\">941<\/a>, <span style=\"color: #0000ff;\"><a class=\"popup\" style=\"color: #0000ff;\" title=\"Formulario 944\" href=\"\/\/www.irs.gov\/pub\/irs-pdf\/f944sp.pdf\" target=\"_blank\" rel=\"noopener noreferrer\">944<\/a><\/span><\/strong><\/span> o <strong><span style=\"color: #0000ff;\"><a class=\"popup\" style=\"color: #0000ff;\" title=\"Formulario 940\" href=\"\/\/www.irs.gov\/pub\/irs-pdf\/f940.pdf\" target=\"_blank\" rel=\"noopener noreferrer\">940<\/a><\/span><\/strong>), si las tiene.<\/li>\n<li>Obtenga las disoluciones corporativas.<\/li>\n<li>Si el IRS le est\u00e1 incautando su dinero, consiga el aviso de <a title=\"Aviso CP604B\" href=\"\/\/taxhelplaw.com\/sptax\/soluciones\/impuestos-de-negocio\/aviso-cp604b\/\" target=\"_blank\" rel=\"noopener noreferrer\"><strong><span style=\"color: #0000ff;\">embargo<\/span><\/strong><\/a>.<\/li>\n<li>H\u00e1blele al Lic. Hopkins en Colorado Springs o Pueblo para hacer una cita o env\u00edale un recado por marcar clic <a class=\"popup\" title=\"Mensaje\" href=\"https:\/\/taxhelplaw.com\/sptax\/firma\/contactenos\/cita\/\">aqu\u00ed<\/a>.<\/li>\n<li>Traiga estos documentos a la cita.<br \/>\n\u00a1Nos vemos!<\/li>\n<\/ol>\n<p>Claro que negocios sufren la misma suerte como individuales, es decir, hay auditorias, errores de las declaraciones y presentaciones tardes. Pero, dado que muchos negocios son corporaciones \"S\" o asociaciones \"LLC\", las ganancias del negocio fluye a la declaraci\u00f3n personal de los due\u00f1os y la corporaci\u00f3n no le debe impuestos de la renta, el problema m\u00e1s com\u00fan es faltar pagar la retenci\u00f3n de FICA de los empleados. Cuando el empleador retiene impuestos federales y de FICA (siglas en ingl\u00e9s de Federal Insurance Contributions Act) sobre el ingreso de los empleados y no entrega ese dinero al IRS con el Formulario <span style=\"color: #0000ff;\"><a class=\"popup\" style=\"color: #0000ff;\" title=\"Formulario 941\" href=\"\/\/www.irs.gov\/pub\/irs-pdf\/f941.pdf\" target=\"_blank\" rel=\"noopener noreferrer\">941<\/a><\/span>, los due\u00f1os o alguien responsable de entregar el dinero puede ser sancionado por el IRS. El empleador tiene la obligaci\u00f3n fiduciaria de entregar el dinero al IRS y si no lo hace, cualquier persona responsable en la compa\u00f1\u00eda, lo tiene que hacer.<\/p>\n<p>Generalmente, la persona responsable es el due\u00f1o del negocio o cualquier otra persona que tenga control de las cuentas bancarias. Esta multa es evaluada unilateralmente por el IRS. Ellos investigan y eval\u00faan y no ofrecen derecho a una audiencia.<\/p>\n<p>El IRS entrevista a todas las personas que pueden ser responsables. <em>Vea<\/em> el Formulario <a class=\"popup\" title=\"Formulario 4180\" href=\"\/sptax\/wp-content\/uploads\/2015\/02\/4180-Fillable-Rev-Aug-2012-1.pdf\" target=\"_blank\" rel=\"noopener noreferrer\"><strong><span style=\"color: #0000ff;\">4180<\/span><\/strong><\/a>.<\/p>\n<p>Le pueden pedir que admita que usted es personalmente responsable con el Formulario <a class=\"popup\" title=\"Formulario 2751\" href=\"\/sptax\/wp-content\/uploads\/2015\/02\/Form2751-1.pdf\" target=\"_blank\" rel=\"noopener noreferrer\"><strong><span style=\"color: #0000ff;\">2751<\/span><\/strong><\/a>. \u00a1No firme este documento sin ayuda legal!<\/p>\n<p>Usted puede <strong><span style=\"color: #0000ff;\"><a style=\"color: #0000ff;\" title=\"Pasos de Casos \u2013 Apelaciones del IRS\" href=\"\/\/taxhelplaw.com\/sptax\/soluciones\/pasos-de-casos-apelaciones-del-irs\/\" target=\"_blank\" rel=\"noopener noreferrer\">apelar<\/a><\/span><\/strong> la determinaci\u00f3n del impuesto pero generalmente es in\u00fatil. Adem\u00e1s, reconocer la raz\u00f3n exacta por la cual la multa existe puede ser dif\u00edcil.<\/p>\n<p>A veces hay que solicitar la Ley de Libertad de Informaci\u00f3n (FOIS son las siglas en ingl\u00e9s de Freedom of Information Act). <em>Vea<\/em> las <a class=\"popup\" title=\"FOIA Instrucci\u00f3nes\" href=\"\/sptax\/wp-content\/uploads\/2015\/02\/irs_foia_guide-1.pdf\" target=\"_blank\" rel=\"noopener noreferrer\"><strong><span style=\"color: #0000ff;\">Guias<\/span><\/strong><\/a> y <a class=\"popup\" title=\"FOIA Gu\u00eda\" href=\"\/sptax\/wp-content\/uploads\/2015\/02\/FOIAInstructions-1.pdf\" target=\"_blank\" rel=\"noopener noreferrer\"><strong><span style=\"color: #0000ff;\">Requisitos<\/span><\/strong><\/a>.<\/p>\n<p>Este es el peor problema con los impuestos. A pesar de que la Ley de Prescripci\u00f3n del cobro es aplicable, la deuda no se cancela durante la bancarrota y el IRS tiende a no aceptar una Oferta de Transacci\u00f3n.<\/p>\n<p>La investigaci\u00f3n inicial del IRS se enfoca en los bienes del negocio que se pueden liquidar para pagar los impuestos. Despu\u00e9s, el IRS se enfoca en la propiedad de los due\u00f1os. Usted est\u00e1 obligado a obedecer las demandas del IRS (Formulario <a class=\"popup\" title=\"Formulario 9297\" href=\"\/sptax\/wp-content\/uploads\/2015\/02\/Form-9297-1.pdf\" target=\"_blank\" rel=\"noopener noreferrer\"><strong><span style=\"color: #0000ff;\">9297<\/span><\/strong><\/a>) o arriesgar que le cierren el negocio.<\/p>\n<p>Si usted coopera con la investigaci\u00f3n del IRS o no lo hace, ellos van a evaluar los impuestos unilateralmente.<\/p>\n<p>Por lo tanto, su situaci\u00f3n requiere un abogado fiscal que conoce t\u00e1cticas y negociaciones delicadas, para ayudarlo a confrontar al IRS. Su situaci\u00f3n personal variar\u00e1 con el tiempo as\u00ed que se necesita tener paciencia. Usted tiene que tener una estrategia clara pero flexible dise\u00f1ada por el abogado.<\/p>\n<p>Por favor NO complete ning\u00fan cuestionario del IRS hasta que haya hablado con el Lic. Hopkins. \u00a1Lo que usted dice en escrito ser\u00e1 usado en su contra!<\/p>\n<p>Si el IRS ha emitido un embargo contra su compa\u00f1\u00eda, salario o cuentas bancarias, por favor siga los Pasos de Casos de arriba y los Pasos de Casos a seguir para los <a title=\"Pasos de Casos \u2013 Cobros\" href=\"\/\/taxhelplaw.com\/sptax\/soluciones\/cobros\/\" target=\"_blank\" rel=\"noopener noreferrer\"><strong><span style=\"color: #0000ff;\">Cobros<\/span><\/strong><\/a> del IRS.<\/p>\n<p>&nbsp;<\/p>\n<p><a href=\"https:\/\/taxhelplaw.com\/sptax\/sample-page-2\/contactenos\/\"><img loading=\"lazy\" decoding=\"async\" class=\"aligncenter size-full wp-image-3464\" title=\"Impuestos de negocios\" src=\"https:\/\/taxhelplaw.com\/sptax\/wp-content\/uploads\/2022\/01\/taxhelpenespanol.jpg\" alt=\" Impuestos de negocios. Abogado de derecho fiscal en Colorado Springs. Abogado de impuestos en Colorado Springs\" width=\"300\" height=\"101\" \/><\/a><\/p>\n","protected":false},"excerpt":{"rendered":"<p>PASOS DE CASOS A SEGUIR PARA IMPUESTOS DE NEGOCIOS: Obtenga todos los avisos que el IRS le ha enviado acerca del problema. Consiga todas las declaraciones de impuestos (Formularios 941, 944 o 940), si las tiene. Obtenga las disoluciones corporativas. Si el IRS le est\u00e1 incautando su dinero, consiga el aviso de embargo. H\u00e1blele al [&hellip;]<\/p>\n","protected":false},"author":1,"featured_media":0,"parent":94,"menu_order":5,"comment_status":"closed","ping_status":"closed","template":"","meta":{"_genesis_hide_title":false,"_genesis_hide_breadcrumbs":false,"_genesis_hide_singular_image":false,"_genesis_hide_footer_widgets":false,"_genesis_custom_body_class":"","_genesis_custom_post_class":"","_genesis_layout":"","footnotes":""},"class_list":{"0":"post-294","1":"page","2":"type-page","3":"status-publish","5":"entry"},"yoast_head":"<!-- This site is optimized with the Yoast SEO Premium plugin v27.0 (Yoast SEO v27.4) - https:\/\/yoast.com\/product\/yoast-seo-premium-wordpress\/ -->\n<title>Impuestos de negocios. El abogado lo asiste - TaxHelpLaw<\/title>\n<meta name=\"description\" content=\"Impuestos de negocios: Problemas? El Lic. Hopkins, abogado experto en impuestos, ha creado pasos a seguir para ayudarlo.\" \/>\n<meta name=\"robots\" content=\"index, follow, max-snippet:-1, max-image-preview:large, max-video-preview:-1\" \/>\n<link rel=\"canonical\" href=\"https:\/\/taxhelplaw.com\/sptax\/soluciones\/impuestos-de-negocio\/\" \/>\n<meta property=\"og:locale\" content=\"es_MX\" \/>\n<meta property=\"og:type\" content=\"article\" \/>\n<meta property=\"og:title\" content=\"Impuestos de Negocios\" \/>\n<meta property=\"og:description\" content=\"Impuestos de negocios: Problemas? El Lic. Hopkins, abogado experto en impuestos, ha creado pasos a seguir para ayudarlo.\" \/>\n<meta property=\"og:url\" content=\"https:\/\/taxhelplaw.com\/sptax\/soluciones\/impuestos-de-negocio\/\" \/>\n<meta property=\"og:site_name\" content=\"J. David Hopkins, JD LLM\" \/>\n<meta property=\"article:modified_time\" content=\"2023-02-08T19:08:01+00:00\" \/>\n<meta property=\"og:image\" content=\"https:\/\/taxhelplaw.com\/sptax\/wp-content\/uploads\/2022\/01\/taxhelpenespanol.jpg\" \/>\n<meta name=\"twitter:card\" content=\"summary_large_image\" \/>\n<meta name=\"twitter:label1\" content=\"Tiempo de lectura\" \/>\n\t<meta name=\"twitter:data1\" content=\"3 minutos\" \/>\n<script type=\"application\/ld+json\" class=\"yoast-schema-graph\">{\"@context\":\"https:\\\/\\\/schema.org\",\"@graph\":[{\"@type\":\"WebPage\",\"@id\":\"https:\\\/\\\/taxhelplaw.com\\\/sptax\\\/soluciones\\\/impuestos-de-negocio\\\/\",\"url\":\"https:\\\/\\\/taxhelplaw.com\\\/sptax\\\/soluciones\\\/impuestos-de-negocio\\\/\",\"name\":\"Impuestos de negocios. El abogado lo asiste - TaxHelpLaw\",\"isPartOf\":{\"@id\":\"https:\\\/\\\/taxhelplaw.com\\\/sptax\\\/#website\"},\"primaryImageOfPage\":{\"@id\":\"https:\\\/\\\/taxhelplaw.com\\\/sptax\\\/soluciones\\\/impuestos-de-negocio\\\/#primaryimage\"},\"image\":{\"@id\":\"https:\\\/\\\/taxhelplaw.com\\\/sptax\\\/soluciones\\\/impuestos-de-negocio\\\/#primaryimage\"},\"thumbnailUrl\":\"https:\\\/\\\/taxhelplaw.com\\\/sptax\\\/wp-content\\\/uploads\\\/2022\\\/01\\\/taxhelpenespanol.jpg\",\"datePublished\":\"2015-02-07T06:35:03+00:00\",\"dateModified\":\"2023-02-08T19:08:01+00:00\",\"description\":\"Impuestos de negocios: Problemas? El Lic. Hopkins, abogado experto en impuestos, ha creado pasos a seguir para ayudarlo.\",\"breadcrumb\":{\"@id\":\"https:\\\/\\\/taxhelplaw.com\\\/sptax\\\/soluciones\\\/impuestos-de-negocio\\\/#breadcrumb\"},\"inLanguage\":\"es\",\"potentialAction\":[{\"@type\":\"ReadAction\",\"target\":[\"https:\\\/\\\/taxhelplaw.com\\\/sptax\\\/soluciones\\\/impuestos-de-negocio\\\/\"]}]},{\"@type\":\"ImageObject\",\"inLanguage\":\"es\",\"@id\":\"https:\\\/\\\/taxhelplaw.com\\\/sptax\\\/soluciones\\\/impuestos-de-negocio\\\/#primaryimage\",\"url\":\"https:\\\/\\\/taxhelplaw.com\\\/sptax\\\/wp-content\\\/uploads\\\/2022\\\/01\\\/taxhelpenespanol.jpg\",\"contentUrl\":\"https:\\\/\\\/taxhelplaw.com\\\/sptax\\\/wp-content\\\/uploads\\\/2022\\\/01\\\/taxhelpenespanol.jpg\",\"width\":300,\"height\":101},{\"@type\":\"BreadcrumbList\",\"@id\":\"https:\\\/\\\/taxhelplaw.com\\\/sptax\\\/soluciones\\\/impuestos-de-negocio\\\/#breadcrumb\",\"itemListElement\":[{\"@type\":\"ListItem\",\"position\":1,\"name\":\"Home\",\"item\":\"https:\\\/\\\/taxhelplaw.com\\\/sptax\\\/\"},{\"@type\":\"ListItem\",\"position\":2,\"name\":\"Soluciones\",\"item\":\"https:\\\/\\\/taxhelplaw.com\\\/sptax\\\/soluciones\\\/\"},{\"@type\":\"ListItem\",\"position\":3,\"name\":\"Impuestos de Negocios\"}]},{\"@type\":\"WebSite\",\"@id\":\"https:\\\/\\\/taxhelplaw.com\\\/sptax\\\/#website\",\"url\":\"https:\\\/\\\/taxhelplaw.com\\\/sptax\\\/\",\"name\":\"J. David Hopkins, JD LLM\",\"description\":\"Maestr\u00eda en Derecho Tributario\",\"publisher\":{\"@id\":\"https:\\\/\\\/taxhelplaw.com\\\/sptax\\\/#organization\"},\"alternateName\":\"TaxHelpLaw en Espa\u00f1ol\",\"potentialAction\":[{\"@type\":\"SearchAction\",\"target\":{\"@type\":\"EntryPoint\",\"urlTemplate\":\"https:\\\/\\\/taxhelplaw.com\\\/sptax\\\/?s={search_term_string}\"},\"query-input\":{\"@type\":\"PropertyValueSpecification\",\"valueRequired\":true,\"valueName\":\"search_term_string\"}}],\"inLanguage\":\"es\"},{\"@type\":\"Organization\",\"@id\":\"https:\\\/\\\/taxhelplaw.com\\\/sptax\\\/#organization\",\"name\":\"TaxHelp, Inc.\",\"url\":\"https:\\\/\\\/taxhelplaw.com\\\/sptax\\\/\",\"logo\":{\"@type\":\"ImageObject\",\"inLanguage\":\"es\",\"@id\":\"https:\\\/\\\/taxhelplaw.com\\\/sptax\\\/#\\\/schema\\\/logo\\\/image\\\/\",\"url\":\"https:\\\/\\\/taxhelplaw.com\\\/sptax\\\/wp-content\\\/uploads\\\/2022\\\/01\\\/taxhelpenespanol.jpg\",\"contentUrl\":\"https:\\\/\\\/taxhelplaw.com\\\/sptax\\\/wp-content\\\/uploads\\\/2022\\\/01\\\/taxhelpenespanol.jpg\",\"width\":300,\"height\":101,\"caption\":\"TaxHelp, Inc.\"},\"image\":{\"@id\":\"https:\\\/\\\/taxhelplaw.com\\\/sptax\\\/#\\\/schema\\\/logo\\\/image\\\/\"}}]}<\/script>\n<!-- \/ Yoast SEO Premium plugin. -->","yoast_head_json":{"title":"Impuestos de negocios. El abogado lo asiste - TaxHelpLaw","description":"Impuestos de negocios: Problemas? El Lic. Hopkins, abogado experto en impuestos, ha creado pasos a seguir para ayudarlo.","robots":{"index":"index","follow":"follow","max-snippet":"max-snippet:-1","max-image-preview":"max-image-preview:large","max-video-preview":"max-video-preview:-1"},"canonical":"https:\/\/taxhelplaw.com\/sptax\/soluciones\/impuestos-de-negocio\/","og_locale":"es_MX","og_type":"article","og_title":"Impuestos de Negocios","og_description":"Impuestos de negocios: Problemas? El Lic. Hopkins, abogado experto en impuestos, ha creado pasos a seguir para ayudarlo.","og_url":"https:\/\/taxhelplaw.com\/sptax\/soluciones\/impuestos-de-negocio\/","og_site_name":"J. David Hopkins, JD LLM","article_modified_time":"2023-02-08T19:08:01+00:00","og_image":[{"url":"https:\/\/taxhelplaw.com\/sptax\/wp-content\/uploads\/2022\/01\/taxhelpenespanol.jpg","type":"","width":"","height":""}],"twitter_card":"summary_large_image","twitter_misc":{"Tiempo de lectura":"3 minutos"},"schema":{"@context":"https:\/\/schema.org","@graph":[{"@type":"WebPage","@id":"https:\/\/taxhelplaw.com\/sptax\/soluciones\/impuestos-de-negocio\/","url":"https:\/\/taxhelplaw.com\/sptax\/soluciones\/impuestos-de-negocio\/","name":"Impuestos de negocios. El abogado lo asiste - TaxHelpLaw","isPartOf":{"@id":"https:\/\/taxhelplaw.com\/sptax\/#website"},"primaryImageOfPage":{"@id":"https:\/\/taxhelplaw.com\/sptax\/soluciones\/impuestos-de-negocio\/#primaryimage"},"image":{"@id":"https:\/\/taxhelplaw.com\/sptax\/soluciones\/impuestos-de-negocio\/#primaryimage"},"thumbnailUrl":"https:\/\/taxhelplaw.com\/sptax\/wp-content\/uploads\/2022\/01\/taxhelpenespanol.jpg","datePublished":"2015-02-07T06:35:03+00:00","dateModified":"2023-02-08T19:08:01+00:00","description":"Impuestos de negocios: Problemas? El Lic. Hopkins, abogado experto en impuestos, ha creado pasos a seguir para ayudarlo.","breadcrumb":{"@id":"https:\/\/taxhelplaw.com\/sptax\/soluciones\/impuestos-de-negocio\/#breadcrumb"},"inLanguage":"es","potentialAction":[{"@type":"ReadAction","target":["https:\/\/taxhelplaw.com\/sptax\/soluciones\/impuestos-de-negocio\/"]}]},{"@type":"ImageObject","inLanguage":"es","@id":"https:\/\/taxhelplaw.com\/sptax\/soluciones\/impuestos-de-negocio\/#primaryimage","url":"https:\/\/taxhelplaw.com\/sptax\/wp-content\/uploads\/2022\/01\/taxhelpenespanol.jpg","contentUrl":"https:\/\/taxhelplaw.com\/sptax\/wp-content\/uploads\/2022\/01\/taxhelpenespanol.jpg","width":300,"height":101},{"@type":"BreadcrumbList","@id":"https:\/\/taxhelplaw.com\/sptax\/soluciones\/impuestos-de-negocio\/#breadcrumb","itemListElement":[{"@type":"ListItem","position":1,"name":"Home","item":"https:\/\/taxhelplaw.com\/sptax\/"},{"@type":"ListItem","position":2,"name":"Soluciones","item":"https:\/\/taxhelplaw.com\/sptax\/soluciones\/"},{"@type":"ListItem","position":3,"name":"Impuestos de Negocios"}]},{"@type":"WebSite","@id":"https:\/\/taxhelplaw.com\/sptax\/#website","url":"https:\/\/taxhelplaw.com\/sptax\/","name":"J. David Hopkins, JD LLM","description":"Maestr\u00eda en Derecho Tributario","publisher":{"@id":"https:\/\/taxhelplaw.com\/sptax\/#organization"},"alternateName":"TaxHelpLaw en Espa\u00f1ol","potentialAction":[{"@type":"SearchAction","target":{"@type":"EntryPoint","urlTemplate":"https:\/\/taxhelplaw.com\/sptax\/?s={search_term_string}"},"query-input":{"@type":"PropertyValueSpecification","valueRequired":true,"valueName":"search_term_string"}}],"inLanguage":"es"},{"@type":"Organization","@id":"https:\/\/taxhelplaw.com\/sptax\/#organization","name":"TaxHelp, Inc.","url":"https:\/\/taxhelplaw.com\/sptax\/","logo":{"@type":"ImageObject","inLanguage":"es","@id":"https:\/\/taxhelplaw.com\/sptax\/#\/schema\/logo\/image\/","url":"https:\/\/taxhelplaw.com\/sptax\/wp-content\/uploads\/2022\/01\/taxhelpenespanol.jpg","contentUrl":"https:\/\/taxhelplaw.com\/sptax\/wp-content\/uploads\/2022\/01\/taxhelpenespanol.jpg","width":300,"height":101,"caption":"TaxHelp, Inc."},"image":{"@id":"https:\/\/taxhelplaw.com\/sptax\/#\/schema\/logo\/image\/"}}]}},"jetpack_sharing_enabled":true,"_links":{"self":[{"href":"https:\/\/taxhelplaw.com\/sptax\/wp-json\/wp\/v2\/pages\/294","targetHints":{"allow":["GET"]}}],"collection":[{"href":"https:\/\/taxhelplaw.com\/sptax\/wp-json\/wp\/v2\/pages"}],"about":[{"href":"https:\/\/taxhelplaw.com\/sptax\/wp-json\/wp\/v2\/types\/page"}],"author":[{"embeddable":true,"href":"https:\/\/taxhelplaw.com\/sptax\/wp-json\/wp\/v2\/users\/1"}],"replies":[{"embeddable":true,"href":"https:\/\/taxhelplaw.com\/sptax\/wp-json\/wp\/v2\/comments?post=294"}],"version-history":[{"count":10,"href":"https:\/\/taxhelplaw.com\/sptax\/wp-json\/wp\/v2\/pages\/294\/revisions"}],"predecessor-version":[{"id":6639,"href":"https:\/\/taxhelplaw.com\/sptax\/wp-json\/wp\/v2\/pages\/294\/revisions\/6639"}],"up":[{"embeddable":true,"href":"https:\/\/taxhelplaw.com\/sptax\/wp-json\/wp\/v2\/pages\/94"}],"wp:attachment":[{"href":"https:\/\/taxhelplaw.com\/sptax\/wp-json\/wp\/v2\/media?parent=294"}],"curies":[{"name":"wp","href":"https:\/\/api.w.org\/{rel}","templated":true}]}}