{"id":289,"date":"2015-02-08T00:24:26","date_gmt":"2015-02-08T00:24:26","guid":{"rendered":"http:\/\/taxhelplaw.com\/sp\/?page_id=289"},"modified":"2023-03-06T01:13:58","modified_gmt":"2023-03-06T01:13:58","slug":"colorado-aviso-de-deficiencia","status":"publish","type":"page","link":"https:\/\/taxhelplaw.com\/sptax\/soluciones\/pasos-de-casos-problemas-con-impuestos-en-colorado\/colorado-aviso-de-deficiencia\/","title":{"rendered":"Colorado &#8211; Aviso de deficiencia"},"content":{"rendered":"<p>Aviso de deficiencia o rechazo del reclamo de reembolso de Colorado. El estado de Colorado usa este aviso para notificarle de una posible deuda. Usted tiene solamente 30 d\u00edas para contestar. Esencialmente, el estado le avisa que quieren cambiar su cuenta seg\u00fan lo que ellos han calculado o seg\u00fan una declaraci\u00f3n que usted ha presentado tarde.<\/p>\n<p>La raz\u00f3n por la cual han enviado este aviso est\u00e1 en las p\u00e1ginas 2-3. Si es incorrecta es generalmente por alg\u00fan error en la declaraci\u00f3n de impuesto federal.<\/p>\n<h6>Si est\u00e1 de acuerdo con los cambios<\/h6>\n<p>Vea su declaraci\u00f3n y comp\u00e1rela con el c\u00e1lculo del impuesto que el estado ha determinado. Si la declaraci\u00f3n coincide con el c\u00e1lculo del estado solo tendr\u00e1 que pagar la deuda. Hay varios modos de pagar y dependen de la condici\u00f3n econ\u00f3mica que usted se halla. Vea <a title=\"Pasos de Casos - Colorado\" href=\"https:\/\/taxhelplaw.com\/sptax\/soluciones\/pasos-de-casos-problemas-con-impuestos-en-colorado\/\"><span style=\"color: #0000ff;\">Pasos de Casos - Colorado<\/span><\/a><\/p>\n<h6>Si no est\u00e1 de acuerdo con los cambios<\/h6>\n<p>En este caso tendr\u00e1 que recoger las evidencias para contestarle al estado. Puede ser que su declaraci\u00f3n Federal haya cambiado. Entonces tendr\u00e1 que enviar la declaraci\u00f3n federal al estado con la prueba que el gobierno federal ha aceptado su declaraci\u00f3n.<\/p>\n<p>Tal vez el estado tiene informaci\u00f3n de otros recursos, tal como W-2's, formularios 1099 o cosas similares, que usted no ha recibido y no puso en su declaraci\u00f3n. Para descubrir lo que es, vea las p\u00e1ginas que indican de donde han sacado los n\u00fameros. Si no es aparente, tendr\u00e1 que pedir la informaci\u00f3n del gobierno federal ya que el gobierno federal es el repositorio de documentos y de donde el estado ha sacado los n\u00fameros para imponerlos a usted. Estos son solo unos ejemplos de los problemas que pueden aparecer.<\/p>\n<p>Los reclamos de reembolso son rechazados, generalmente, por haber sido presentados tarde. La pr\u00f3xima carta que usted recibir\u00e1 es el Aviso de <a title=\"Colorado \u2013 Aviso de Determinaci\u00f3n final y Demanda de pago\" href=\"https:\/\/taxhelplaw.com\/sptax\/soluciones\/pasos-de-casos-problemas-con-impuestos-en-colorado\/\"><span style=\"color: #0000ff;\">Determinaci\u00f3n final<\/span><\/a>.<\/p>\n<p>Esto es un proceso legal en su contra. Si usted no responde a tiempo y adecuadamente, perder\u00e1 el caso. Mucha gente no responde porque no sabe c\u00f3mo hacerlo. El estado tiene una <a title=\"Protesta - Colorado\" href=\"https:\/\/tax.colorado.gov\/file-a-protest\"><span style=\"color: #0000ff;\">p\u00e1gina web<\/span><\/a> para registrar su protesta y presentar sus disputas. El Lic. Hopkins de TaxHelpLaw le mostrar\u00e1 los pasos y c\u00f3mo recoger las evidencias para presentar el mejor caso posible.<\/p>\n<p>Haga clic para los <span style=\"color: #0000ff;\"><a style=\"color: #0000ff;\" title=\"Pasos de Casos \u2013 Problemas con impuestos en Colorado\" href=\"\/\/taxhelplaw.com\/sptax\/soluciones\/pasos-de-casos-problemas-con-impuestos-en-colorado\/\">Pasos de Casos<\/a><\/span> a seguir para el Aviso de deficiencia o rechazo del reclamo de reembolso.<\/p>\n<div class=\"one-half first\">\n<h6>Versi\u00f3n en ingl\u00e9s:<\/h6>\n<\/div>\n<div class=\"one-half\"><a href=\"\/sptax\/wp-content\/uploads\/2015\/02\/Notice-Deficiency-Reject-Refund-Claim-1.jpg\" class=\"popup\">Deficiency<\/a><\/div>\n<p>&nbsp;<\/p>\n<div>\n<h6>Nuestra traducci\u00f3n al espa\u00f1ol:<\/h6>\n<\/div>\n<p><a title=\"Pasos de Casos \u2013 Problemas con impuestos en Colorado\" href=\"\/\/taxhelplaw.com\/sptax\/soluciones\/pasos-de-casos-problemas-con-impuestos-en-colorado\/\"><img loading=\"lazy\" decoding=\"async\" class=\"alignleft size-full wp-image-389\" src=\"https:\/\/taxhelplaw.com\/sptax\/wp-content\/uploads\/2023\/03\/NoticeDeficiency-RefundClaim.en_.espanol-scaled.jpg\" alt=\"Notice-Deficiency-Reject-Refund-Claim\" width=\"1248\" height=\"1667\" \/><\/a><\/p>\n<p><a href=\"https:\/\/taxhelplaw.com\/sptax\/sample-page-2\/contactenos\/\"><img loading=\"lazy\" decoding=\"async\" class=\"aligncenter size-full wp-image-3464\" title=\"Aviso de deficiencia o rechazo del reclamo de reembolso de Colorado\" src=\"https:\/\/taxhelplaw.com\/sptax\/wp-content\/uploads\/2022\/01\/taxhelpenespanol.jpg\" alt=\"Aviso de deficiencia o rechazo del reclamo de reembolso de Colorado. Abogado de derecho fiscal en Colorado Springs. Abogado de impuestos en Colorado Springs\" width=\"300\" height=\"101\" \/><\/a><\/p>\n","protected":false},"excerpt":{"rendered":"<p>Aviso de deficiencia o rechazo del reclamo de reembolso de Colorado. El estado de Colorado usa este aviso para notificarle de una posible deuda. Usted tiene solamente 30 d\u00edas para contestar. Esencialmente, el estado le avisa que quieren cambiar su cuenta seg\u00fan lo que ellos han calculado o seg\u00fan una declaraci\u00f3n que usted ha presentado [&hellip;]<\/p>\n","protected":false},"author":1,"featured_media":0,"parent":273,"menu_order":1,"comment_status":"closed","ping_status":"closed","template":"","meta":{"_genesis_hide_title":false,"_genesis_hide_breadcrumbs":false,"_genesis_hide_singular_image":false,"_genesis_hide_footer_widgets":false,"_genesis_custom_body_class":"","_genesis_custom_post_class":"","_genesis_layout":"","footnotes":""},"class_list":{"0":"post-289","1":"page","2":"type-page","3":"status-publish","5":"entry"},"yoast_head":"<!-- This site is optimized with the Yoast SEO Premium plugin v27.0 (Yoast SEO v27.3) - https:\/\/yoast.com\/product\/yoast-seo-premium-wordpress\/ -->\n<title>Aviso de deficiencia - J. David Hopkins, JD LLM<\/title>\n<meta name=\"description\" content=\"El aviso de deficiencia es un proceso legal en su contra. El Lic. Hopkins de TaxHelpLaw le mostrar\u00e1 los pasos a seguir.\" \/>\n<meta name=\"robots\" content=\"index, follow, max-snippet:-1, max-image-preview:large, max-video-preview:-1\" \/>\n<link rel=\"canonical\" href=\"https:\/\/taxhelplaw.com\/sptax\/soluciones\/pasos-de-casos-problemas-con-impuestos-en-colorado\/colorado-aviso-de-deficiencia\/\" \/>\n<meta property=\"og:locale\" content=\"es_MX\" \/>\n<meta property=\"og:type\" content=\"article\" \/>\n<meta property=\"og:title\" content=\"Colorado - Aviso de deficiencia\" \/>\n<meta property=\"og:description\" content=\"El aviso de deficiencia es un proceso legal en su contra. El Lic. Hopkins de TaxHelpLaw le mostrar\u00e1 los pasos a seguir.\" \/>\n<meta property=\"og:url\" content=\"https:\/\/taxhelplaw.com\/sptax\/soluciones\/pasos-de-casos-problemas-con-impuestos-en-colorado\/colorado-aviso-de-deficiencia\/\" \/>\n<meta property=\"og:site_name\" content=\"J. David Hopkins, JD LLM\" \/>\n<meta property=\"article:modified_time\" content=\"2023-03-06T01:13:58+00:00\" \/>\n<meta property=\"og:image\" content=\"https:\/\/taxhelplaw.com\/sptax\/wp-content\/uploads\/2023\/03\/NoticeDeficiency-RefundClaim.en_.espanol-scaled.jpg\" \/>\n<meta name=\"twitter:card\" content=\"summary_large_image\" \/>\n<meta name=\"twitter:label1\" content=\"Tiempo de lectura\" \/>\n\t<meta name=\"twitter:data1\" content=\"3 minutos\" \/>\n<script type=\"application\/ld+json\" class=\"yoast-schema-graph\">{\"@context\":\"https:\\\/\\\/schema.org\",\"@graph\":[{\"@type\":\"WebPage\",\"@id\":\"https:\\\/\\\/taxhelplaw.com\\\/sptax\\\/soluciones\\\/pasos-de-casos-problemas-con-impuestos-en-colorado\\\/colorado-aviso-de-deficiencia\\\/\",\"url\":\"https:\\\/\\\/taxhelplaw.com\\\/sptax\\\/soluciones\\\/pasos-de-casos-problemas-con-impuestos-en-colorado\\\/colorado-aviso-de-deficiencia\\\/\",\"name\":\"Aviso de deficiencia - J. David Hopkins, JD LLM\",\"isPartOf\":{\"@id\":\"https:\\\/\\\/taxhelplaw.com\\\/sptax\\\/#website\"},\"primaryImageOfPage\":{\"@id\":\"https:\\\/\\\/taxhelplaw.com\\\/sptax\\\/soluciones\\\/pasos-de-casos-problemas-con-impuestos-en-colorado\\\/colorado-aviso-de-deficiencia\\\/#primaryimage\"},\"image\":{\"@id\":\"https:\\\/\\\/taxhelplaw.com\\\/sptax\\\/soluciones\\\/pasos-de-casos-problemas-con-impuestos-en-colorado\\\/colorado-aviso-de-deficiencia\\\/#primaryimage\"},\"thumbnailUrl\":\"https:\\\/\\\/taxhelplaw.com\\\/sptax\\\/wp-content\\\/uploads\\\/2023\\\/03\\\/NoticeDeficiency-RefundClaim.en_.espanol-scaled.jpg\",\"datePublished\":\"2015-02-08T00:24:26+00:00\",\"dateModified\":\"2023-03-06T01:13:58+00:00\",\"description\":\"El aviso de deficiencia es un proceso legal en su contra. El Lic. Hopkins de TaxHelpLaw le mostrar\u00e1 los pasos a seguir.\",\"breadcrumb\":{\"@id\":\"https:\\\/\\\/taxhelplaw.com\\\/sptax\\\/soluciones\\\/pasos-de-casos-problemas-con-impuestos-en-colorado\\\/colorado-aviso-de-deficiencia\\\/#breadcrumb\"},\"inLanguage\":\"es\",\"potentialAction\":[{\"@type\":\"ReadAction\",\"target\":[\"https:\\\/\\\/taxhelplaw.com\\\/sptax\\\/soluciones\\\/pasos-de-casos-problemas-con-impuestos-en-colorado\\\/colorado-aviso-de-deficiencia\\\/\"]}]},{\"@type\":\"ImageObject\",\"inLanguage\":\"es\",\"@id\":\"https:\\\/\\\/taxhelplaw.com\\\/sptax\\\/soluciones\\\/pasos-de-casos-problemas-con-impuestos-en-colorado\\\/colorado-aviso-de-deficiencia\\\/#primaryimage\",\"url\":\"https:\\\/\\\/taxhelplaw.com\\\/sptax\\\/wp-content\\\/uploads\\\/2023\\\/03\\\/NoticeDeficiency-RefundClaim.en_.espanol-scaled.jpg\",\"contentUrl\":\"https:\\\/\\\/taxhelplaw.com\\\/sptax\\\/wp-content\\\/uploads\\\/2023\\\/03\\\/NoticeDeficiency-RefundClaim.en_.espanol-scaled.jpg\",\"width\":1891,\"height\":2560},{\"@type\":\"BreadcrumbList\",\"@id\":\"https:\\\/\\\/taxhelplaw.com\\\/sptax\\\/soluciones\\\/pasos-de-casos-problemas-con-impuestos-en-colorado\\\/colorado-aviso-de-deficiencia\\\/#breadcrumb\",\"itemListElement\":[{\"@type\":\"ListItem\",\"position\":1,\"name\":\"Home\",\"item\":\"https:\\\/\\\/taxhelplaw.com\\\/sptax\\\/\"},{\"@type\":\"ListItem\",\"position\":2,\"name\":\"Soluciones\",\"item\":\"https:\\\/\\\/taxhelplaw.com\\\/sptax\\\/soluciones\\\/\"},{\"@type\":\"ListItem\",\"position\":3,\"name\":\"El estado de Colorado\",\"item\":\"https:\\\/\\\/taxhelplaw.com\\\/sptax\\\/soluciones\\\/pasos-de-casos-problemas-con-impuestos-en-colorado\\\/\"},{\"@type\":\"ListItem\",\"position\":4,\"name\":\"Colorado &#8211; Aviso de deficiencia\"}]},{\"@type\":\"WebSite\",\"@id\":\"https:\\\/\\\/taxhelplaw.com\\\/sptax\\\/#website\",\"url\":\"https:\\\/\\\/taxhelplaw.com\\\/sptax\\\/\",\"name\":\"J. David Hopkins, JD LLM\",\"description\":\"Maestr\u00eda en Derecho Tributario\",\"publisher\":{\"@id\":\"https:\\\/\\\/taxhelplaw.com\\\/sptax\\\/#organization\"},\"alternateName\":\"TaxHelpLaw en Espa\u00f1ol\",\"potentialAction\":[{\"@type\":\"SearchAction\",\"target\":{\"@type\":\"EntryPoint\",\"urlTemplate\":\"https:\\\/\\\/taxhelplaw.com\\\/sptax\\\/?s={search_term_string}\"},\"query-input\":{\"@type\":\"PropertyValueSpecification\",\"valueRequired\":true,\"valueName\":\"search_term_string\"}}],\"inLanguage\":\"es\"},{\"@type\":\"Organization\",\"@id\":\"https:\\\/\\\/taxhelplaw.com\\\/sptax\\\/#organization\",\"name\":\"TaxHelp, Inc.\",\"url\":\"https:\\\/\\\/taxhelplaw.com\\\/sptax\\\/\",\"logo\":{\"@type\":\"ImageObject\",\"inLanguage\":\"es\",\"@id\":\"https:\\\/\\\/taxhelplaw.com\\\/sptax\\\/#\\\/schema\\\/logo\\\/image\\\/\",\"url\":\"https:\\\/\\\/taxhelplaw.com\\\/sptax\\\/wp-content\\\/uploads\\\/2022\\\/01\\\/taxhelpenespanol.jpg\",\"contentUrl\":\"https:\\\/\\\/taxhelplaw.com\\\/sptax\\\/wp-content\\\/uploads\\\/2022\\\/01\\\/taxhelpenespanol.jpg\",\"width\":300,\"height\":101,\"caption\":\"TaxHelp, Inc.\"},\"image\":{\"@id\":\"https:\\\/\\\/taxhelplaw.com\\\/sptax\\\/#\\\/schema\\\/logo\\\/image\\\/\"}}]}<\/script>\n<!-- \/ Yoast SEO Premium plugin. -->","yoast_head_json":{"title":"Aviso de deficiencia - J. David Hopkins, JD LLM","description":"El aviso de deficiencia es un proceso legal en su contra. El Lic. Hopkins de TaxHelpLaw le mostrar\u00e1 los pasos a seguir.","robots":{"index":"index","follow":"follow","max-snippet":"max-snippet:-1","max-image-preview":"max-image-preview:large","max-video-preview":"max-video-preview:-1"},"canonical":"https:\/\/taxhelplaw.com\/sptax\/soluciones\/pasos-de-casos-problemas-con-impuestos-en-colorado\/colorado-aviso-de-deficiencia\/","og_locale":"es_MX","og_type":"article","og_title":"Colorado - Aviso de deficiencia","og_description":"El aviso de deficiencia es un proceso legal en su contra. El Lic. Hopkins de TaxHelpLaw le mostrar\u00e1 los pasos a seguir.","og_url":"https:\/\/taxhelplaw.com\/sptax\/soluciones\/pasos-de-casos-problemas-con-impuestos-en-colorado\/colorado-aviso-de-deficiencia\/","og_site_name":"J. David Hopkins, JD LLM","article_modified_time":"2023-03-06T01:13:58+00:00","og_image":[{"url":"https:\/\/taxhelplaw.com\/sptax\/wp-content\/uploads\/2023\/03\/NoticeDeficiency-RefundClaim.en_.espanol-scaled.jpg","type":"","width":"","height":""}],"twitter_card":"summary_large_image","twitter_misc":{"Tiempo de lectura":"3 minutos"},"schema":{"@context":"https:\/\/schema.org","@graph":[{"@type":"WebPage","@id":"https:\/\/taxhelplaw.com\/sptax\/soluciones\/pasos-de-casos-problemas-con-impuestos-en-colorado\/colorado-aviso-de-deficiencia\/","url":"https:\/\/taxhelplaw.com\/sptax\/soluciones\/pasos-de-casos-problemas-con-impuestos-en-colorado\/colorado-aviso-de-deficiencia\/","name":"Aviso de deficiencia - J. David Hopkins, JD LLM","isPartOf":{"@id":"https:\/\/taxhelplaw.com\/sptax\/#website"},"primaryImageOfPage":{"@id":"https:\/\/taxhelplaw.com\/sptax\/soluciones\/pasos-de-casos-problemas-con-impuestos-en-colorado\/colorado-aviso-de-deficiencia\/#primaryimage"},"image":{"@id":"https:\/\/taxhelplaw.com\/sptax\/soluciones\/pasos-de-casos-problemas-con-impuestos-en-colorado\/colorado-aviso-de-deficiencia\/#primaryimage"},"thumbnailUrl":"https:\/\/taxhelplaw.com\/sptax\/wp-content\/uploads\/2023\/03\/NoticeDeficiency-RefundClaim.en_.espanol-scaled.jpg","datePublished":"2015-02-08T00:24:26+00:00","dateModified":"2023-03-06T01:13:58+00:00","description":"El aviso de deficiencia es un proceso legal en su contra. El Lic. Hopkins de TaxHelpLaw le mostrar\u00e1 los pasos a seguir.","breadcrumb":{"@id":"https:\/\/taxhelplaw.com\/sptax\/soluciones\/pasos-de-casos-problemas-con-impuestos-en-colorado\/colorado-aviso-de-deficiencia\/#breadcrumb"},"inLanguage":"es","potentialAction":[{"@type":"ReadAction","target":["https:\/\/taxhelplaw.com\/sptax\/soluciones\/pasos-de-casos-problemas-con-impuestos-en-colorado\/colorado-aviso-de-deficiencia\/"]}]},{"@type":"ImageObject","inLanguage":"es","@id":"https:\/\/taxhelplaw.com\/sptax\/soluciones\/pasos-de-casos-problemas-con-impuestos-en-colorado\/colorado-aviso-de-deficiencia\/#primaryimage","url":"https:\/\/taxhelplaw.com\/sptax\/wp-content\/uploads\/2023\/03\/NoticeDeficiency-RefundClaim.en_.espanol-scaled.jpg","contentUrl":"https:\/\/taxhelplaw.com\/sptax\/wp-content\/uploads\/2023\/03\/NoticeDeficiency-RefundClaim.en_.espanol-scaled.jpg","width":1891,"height":2560},{"@type":"BreadcrumbList","@id":"https:\/\/taxhelplaw.com\/sptax\/soluciones\/pasos-de-casos-problemas-con-impuestos-en-colorado\/colorado-aviso-de-deficiencia\/#breadcrumb","itemListElement":[{"@type":"ListItem","position":1,"name":"Home","item":"https:\/\/taxhelplaw.com\/sptax\/"},{"@type":"ListItem","position":2,"name":"Soluciones","item":"https:\/\/taxhelplaw.com\/sptax\/soluciones\/"},{"@type":"ListItem","position":3,"name":"El estado de Colorado","item":"https:\/\/taxhelplaw.com\/sptax\/soluciones\/pasos-de-casos-problemas-con-impuestos-en-colorado\/"},{"@type":"ListItem","position":4,"name":"Colorado &#8211; Aviso de deficiencia"}]},{"@type":"WebSite","@id":"https:\/\/taxhelplaw.com\/sptax\/#website","url":"https:\/\/taxhelplaw.com\/sptax\/","name":"J. David Hopkins, JD LLM","description":"Maestr\u00eda en Derecho Tributario","publisher":{"@id":"https:\/\/taxhelplaw.com\/sptax\/#organization"},"alternateName":"TaxHelpLaw en Espa\u00f1ol","potentialAction":[{"@type":"SearchAction","target":{"@type":"EntryPoint","urlTemplate":"https:\/\/taxhelplaw.com\/sptax\/?s={search_term_string}"},"query-input":{"@type":"PropertyValueSpecification","valueRequired":true,"valueName":"search_term_string"}}],"inLanguage":"es"},{"@type":"Organization","@id":"https:\/\/taxhelplaw.com\/sptax\/#organization","name":"TaxHelp, Inc.","url":"https:\/\/taxhelplaw.com\/sptax\/","logo":{"@type":"ImageObject","inLanguage":"es","@id":"https:\/\/taxhelplaw.com\/sptax\/#\/schema\/logo\/image\/","url":"https:\/\/taxhelplaw.com\/sptax\/wp-content\/uploads\/2022\/01\/taxhelpenespanol.jpg","contentUrl":"https:\/\/taxhelplaw.com\/sptax\/wp-content\/uploads\/2022\/01\/taxhelpenespanol.jpg","width":300,"height":101,"caption":"TaxHelp, Inc."},"image":{"@id":"https:\/\/taxhelplaw.com\/sptax\/#\/schema\/logo\/image\/"}}]}},"jetpack_sharing_enabled":true,"_links":{"self":[{"href":"https:\/\/taxhelplaw.com\/sptax\/wp-json\/wp\/v2\/pages\/289","targetHints":{"allow":["GET"]}}],"collection":[{"href":"https:\/\/taxhelplaw.com\/sptax\/wp-json\/wp\/v2\/pages"}],"about":[{"href":"https:\/\/taxhelplaw.com\/sptax\/wp-json\/wp\/v2\/types\/page"}],"author":[{"embeddable":true,"href":"https:\/\/taxhelplaw.com\/sptax\/wp-json\/wp\/v2\/users\/1"}],"replies":[{"embeddable":true,"href":"https:\/\/taxhelplaw.com\/sptax\/wp-json\/wp\/v2\/comments?post=289"}],"version-history":[{"count":11,"href":"https:\/\/taxhelplaw.com\/sptax\/wp-json\/wp\/v2\/pages\/289\/revisions"}],"predecessor-version":[{"id":7488,"href":"https:\/\/taxhelplaw.com\/sptax\/wp-json\/wp\/v2\/pages\/289\/revisions\/7488"}],"up":[{"embeddable":true,"href":"https:\/\/taxhelplaw.com\/sptax\/wp-json\/wp\/v2\/pages\/273"}],"wp:attachment":[{"href":"https:\/\/taxhelplaw.com\/sptax\/wp-json\/wp\/v2\/media?parent=289"}],"curies":[{"name":"wp","href":"https:\/\/api.w.org\/{rel}","templated":true}]}}