{"id":285,"date":"2015-02-07T06:20:54","date_gmt":"2015-02-07T06:20:54","guid":{"rendered":"http:\/\/taxhelplaw.com\/sp\/?page_id=285"},"modified":"2023-03-06T03:40:03","modified_gmt":"2023-03-06T03:40:03","slug":"colorado-gravamen-y-embargos","status":"publish","type":"page","link":"https:\/\/taxhelplaw.com\/sptax\/soluciones\/pasos-de-casos-problemas-con-impuestos-en-colorado\/colorado-gravamen-y-embargos\/","title":{"rendered":"Colorado &#8211; Grav\u00e1menes y Embargos"},"content":{"rendered":"<p>Este aviso sobre grav\u00e1menes y embargos es usado por el estado de Colorado para notificar a los empleadores que van a embargar salarios. La ley de Colorado permite al Estado tomar hasta 50% de los salarios pero en a\u00f1os recientes han empezado a tomar 25%. Este porcentaje es demasiado para mucha gente.<\/p>\n<p>Puede ser que usted est\u00e9 sorprendido y que este sea el primer aviso de que usted tiene problemas de impuestos. Colorado puede ser m\u00e1s agresivo que el <a href=\"https:\/\/www.irs.gov\/es\" target=\"_blank\" rel=\"noopener\">IRS<\/a> en varios sentidos. La soluci\u00f3n consiste en reunir y presentar los documentos necesarios para parar el embargo.<\/p>\n<p>Pero aqu\u00ed no se acaba el caso. Despu\u00e9s de liberar el embargo tenemos que crear un <strong>Plan de Acci\u00f3n<\/strong> espec\u00edficamente para usted, para deshacerse de la deuda permanentemente. Cada soluci\u00f3n tiene sus ventajas y desventajas y necesitan ser analizadas por el abogado fiscal.<br \/>\nHaga clic para los Pasos de Casos a seguir para <a title=\"Pasos de Casos \u2013 Problemas con impuestos en Colorado\" href=\"\/\/taxhelplaw.com\/sptax\/soluciones\/pasos-de-casos-problemas-con-impuestos-en-colorado\/\"><span style=\"color: #0000ff;\">Grav\u00e1menes y embargos<\/span><\/a> de Colorado y haga una cita con el Lic. Hopkins lo m\u00e1s pronto posible.<\/p>\n<div class=\"one-half first\">\n<h6>Versi\u00f3n en ingl\u00e9s:<\/h6>\n<\/div>\n<div class=\"one-half\"><a href=\"\/sptax\/wp-content\/uploads\/2015\/02\/Colorado-Lien-Garnishment-1.jpg\" class=\"popup\">Lien &amp Garnishment<\/a><\/div>\n<p>&nbsp;<\/p>\n<div>\n<h6>Nuestra traducci\u00f3n al espa\u00f1ol:<\/h6>\n<\/div>\n<p><a title=\"Pasos de Casos \u2013 Problemas con impuestos en Colorado\" href=\"\/\/taxhelplaw.com\/sptax\/soluciones\/pasos-de-casos-problemas-con-impuestos-en-colorado\/\"><img loading=\"lazy\" decoding=\"async\" class=\"alignleft size-full wp-image-381\" src=\"https:\/\/taxhelplaw.com\/sptax\/wp-content\/uploads\/2023\/03\/Colorado.Lien_.Garnishment.en_.espanol-scaled.jpg\" alt=\"Colorado-Lien-Garnishment\" width=\"1249\" height=\"1666\" \/><\/a><\/p>\n<p><a href=\"https:\/\/taxhelplaw.com\/sptax\/sample-page-2\/contactenos\/\"><img loading=\"lazy\" decoding=\"async\" class=\"aligncenter size-full wp-image-3464\" title=\"Colorado - Grav\u00e1menes y Embargos\" src=\"https:\/\/taxhelplaw.com\/sptax\/wp-content\/uploads\/2022\/01\/taxhelpenespanol.jpg\" alt=\"Colorado - Grav\u00e1menes y Embargos. Abogado de derecho fiscal en Colorado Springs. Abogado de impuestos en Colorado Springs\" width=\"300\" height=\"101\" \/><\/a><\/p>\n","protected":false},"excerpt":{"rendered":"<p>Este aviso sobre grav\u00e1menes y embargos es usado por el estado de Colorado para notificar a los empleadores que van a embargar salarios. La ley de Colorado permite al Estado tomar hasta 50% de los salarios pero en a\u00f1os recientes han empezado a tomar 25%. Este porcentaje es demasiado para mucha gente. Puede ser que [&hellip;]<\/p>\n","protected":false},"author":1,"featured_media":0,"parent":273,"menu_order":3,"comment_status":"closed","ping_status":"closed","template":"","meta":{"_genesis_hide_title":false,"_genesis_hide_breadcrumbs":false,"_genesis_hide_singular_image":false,"_genesis_hide_footer_widgets":false,"_genesis_custom_body_class":"","_genesis_custom_post_class":"","_genesis_layout":"","footnotes":""},"class_list":{"0":"post-285","1":"page","2":"type-page","3":"status-publish","5":"entry"},"yoast_head":"<!-- This site is optimized with the Yoast SEO Premium plugin v27.0 (Yoast SEO v27.3) - https:\/\/yoast.com\/product\/yoast-seo-premium-wordpress\/ -->\n<title>Grav\u00e1menes y embargos en Colorado - J. David Hopkins, JD LLM<\/title>\n<meta name=\"description\" content=\"Grav\u00e1menes y embargos: p\u00f3ngase en contacto con nuestro abogado de impuestos quien resolver\u00e1 su problema lo antes posible.\" \/>\n<meta name=\"robots\" content=\"index, follow, max-snippet:-1, max-image-preview:large, max-video-preview:-1\" \/>\n<link rel=\"canonical\" href=\"https:\/\/taxhelplaw.com\/sptax\/soluciones\/pasos-de-casos-problemas-con-impuestos-en-colorado\/colorado-gravamen-y-embargos\/\" \/>\n<meta property=\"og:locale\" content=\"es_MX\" \/>\n<meta property=\"og:type\" content=\"article\" \/>\n<meta property=\"og:title\" content=\"Colorado - Grav\u00e1menes y Embargos\" \/>\n<meta property=\"og:description\" content=\"Grav\u00e1menes y embargos: p\u00f3ngase en contacto con nuestro abogado de impuestos quien resolver\u00e1 su problema lo antes posible.\" \/>\n<meta property=\"og:url\" content=\"https:\/\/taxhelplaw.com\/sptax\/soluciones\/pasos-de-casos-problemas-con-impuestos-en-colorado\/colorado-gravamen-y-embargos\/\" \/>\n<meta property=\"og:site_name\" content=\"J. David Hopkins, JD LLM\" \/>\n<meta property=\"article:modified_time\" content=\"2023-03-06T03:40:03+00:00\" \/>\n<meta property=\"og:image\" content=\"https:\/\/taxhelplaw.com\/sptax\/wp-content\/uploads\/2023\/03\/Colorado.Lien_.Garnishment.en_.espanol-scaled.jpg\" \/>\n<meta name=\"twitter:card\" content=\"summary_large_image\" \/>\n<meta name=\"twitter:label1\" content=\"Tiempo de lectura\" \/>\n\t<meta name=\"twitter:data1\" content=\"2 minutos\" \/>\n<script type=\"application\/ld+json\" class=\"yoast-schema-graph\">{\"@context\":\"https:\\\/\\\/schema.org\",\"@graph\":[{\"@type\":\"WebPage\",\"@id\":\"https:\\\/\\\/taxhelplaw.com\\\/sptax\\\/soluciones\\\/pasos-de-casos-problemas-con-impuestos-en-colorado\\\/colorado-gravamen-y-embargos\\\/\",\"url\":\"https:\\\/\\\/taxhelplaw.com\\\/sptax\\\/soluciones\\\/pasos-de-casos-problemas-con-impuestos-en-colorado\\\/colorado-gravamen-y-embargos\\\/\",\"name\":\"Grav\u00e1menes y embargos en Colorado - J. David Hopkins, JD LLM\",\"isPartOf\":{\"@id\":\"https:\\\/\\\/taxhelplaw.com\\\/sptax\\\/#website\"},\"primaryImageOfPage\":{\"@id\":\"https:\\\/\\\/taxhelplaw.com\\\/sptax\\\/soluciones\\\/pasos-de-casos-problemas-con-impuestos-en-colorado\\\/colorado-gravamen-y-embargos\\\/#primaryimage\"},\"image\":{\"@id\":\"https:\\\/\\\/taxhelplaw.com\\\/sptax\\\/soluciones\\\/pasos-de-casos-problemas-con-impuestos-en-colorado\\\/colorado-gravamen-y-embargos\\\/#primaryimage\"},\"thumbnailUrl\":\"https:\\\/\\\/taxhelplaw.com\\\/sptax\\\/wp-content\\\/uploads\\\/2023\\\/03\\\/Colorado.Lien_.Garnishment.en_.espanol-scaled.jpg\",\"datePublished\":\"2015-02-07T06:20:54+00:00\",\"dateModified\":\"2023-03-06T03:40:03+00:00\",\"description\":\"Grav\u00e1menes y embargos: p\u00f3ngase en contacto con nuestro abogado de impuestos quien resolver\u00e1 su problema lo antes posible.\",\"breadcrumb\":{\"@id\":\"https:\\\/\\\/taxhelplaw.com\\\/sptax\\\/soluciones\\\/pasos-de-casos-problemas-con-impuestos-en-colorado\\\/colorado-gravamen-y-embargos\\\/#breadcrumb\"},\"inLanguage\":\"es\",\"potentialAction\":[{\"@type\":\"ReadAction\",\"target\":[\"https:\\\/\\\/taxhelplaw.com\\\/sptax\\\/soluciones\\\/pasos-de-casos-problemas-con-impuestos-en-colorado\\\/colorado-gravamen-y-embargos\\\/\"]}]},{\"@type\":\"ImageObject\",\"inLanguage\":\"es\",\"@id\":\"https:\\\/\\\/taxhelplaw.com\\\/sptax\\\/soluciones\\\/pasos-de-casos-problemas-con-impuestos-en-colorado\\\/colorado-gravamen-y-embargos\\\/#primaryimage\",\"url\":\"https:\\\/\\\/taxhelplaw.com\\\/sptax\\\/wp-content\\\/uploads\\\/2023\\\/03\\\/Colorado.Lien_.Garnishment.en_.espanol-scaled.jpg\",\"contentUrl\":\"https:\\\/\\\/taxhelplaw.com\\\/sptax\\\/wp-content\\\/uploads\\\/2023\\\/03\\\/Colorado.Lien_.Garnishment.en_.espanol-scaled.jpg\",\"width\":1861,\"height\":2560},{\"@type\":\"BreadcrumbList\",\"@id\":\"https:\\\/\\\/taxhelplaw.com\\\/sptax\\\/soluciones\\\/pasos-de-casos-problemas-con-impuestos-en-colorado\\\/colorado-gravamen-y-embargos\\\/#breadcrumb\",\"itemListElement\":[{\"@type\":\"ListItem\",\"position\":1,\"name\":\"Home\",\"item\":\"https:\\\/\\\/taxhelplaw.com\\\/sptax\\\/\"},{\"@type\":\"ListItem\",\"position\":2,\"name\":\"Soluciones\",\"item\":\"https:\\\/\\\/taxhelplaw.com\\\/sptax\\\/soluciones\\\/\"},{\"@type\":\"ListItem\",\"position\":3,\"name\":\"El estado de Colorado\",\"item\":\"https:\\\/\\\/taxhelplaw.com\\\/sptax\\\/soluciones\\\/pasos-de-casos-problemas-con-impuestos-en-colorado\\\/\"},{\"@type\":\"ListItem\",\"position\":4,\"name\":\"Colorado &#8211; Grav\u00e1menes y Embargos\"}]},{\"@type\":\"WebSite\",\"@id\":\"https:\\\/\\\/taxhelplaw.com\\\/sptax\\\/#website\",\"url\":\"https:\\\/\\\/taxhelplaw.com\\\/sptax\\\/\",\"name\":\"J. David Hopkins, JD LLM\",\"description\":\"Maestr\u00eda en Derecho Tributario\",\"publisher\":{\"@id\":\"https:\\\/\\\/taxhelplaw.com\\\/sptax\\\/#organization\"},\"alternateName\":\"TaxHelpLaw en Espa\u00f1ol\",\"potentialAction\":[{\"@type\":\"SearchAction\",\"target\":{\"@type\":\"EntryPoint\",\"urlTemplate\":\"https:\\\/\\\/taxhelplaw.com\\\/sptax\\\/?s={search_term_string}\"},\"query-input\":{\"@type\":\"PropertyValueSpecification\",\"valueRequired\":true,\"valueName\":\"search_term_string\"}}],\"inLanguage\":\"es\"},{\"@type\":\"Organization\",\"@id\":\"https:\\\/\\\/taxhelplaw.com\\\/sptax\\\/#organization\",\"name\":\"TaxHelp, Inc.\",\"url\":\"https:\\\/\\\/taxhelplaw.com\\\/sptax\\\/\",\"logo\":{\"@type\":\"ImageObject\",\"inLanguage\":\"es\",\"@id\":\"https:\\\/\\\/taxhelplaw.com\\\/sptax\\\/#\\\/schema\\\/logo\\\/image\\\/\",\"url\":\"https:\\\/\\\/taxhelplaw.com\\\/sptax\\\/wp-content\\\/uploads\\\/2022\\\/01\\\/taxhelpenespanol.jpg\",\"contentUrl\":\"https:\\\/\\\/taxhelplaw.com\\\/sptax\\\/wp-content\\\/uploads\\\/2022\\\/01\\\/taxhelpenespanol.jpg\",\"width\":300,\"height\":101,\"caption\":\"TaxHelp, Inc.\"},\"image\":{\"@id\":\"https:\\\/\\\/taxhelplaw.com\\\/sptax\\\/#\\\/schema\\\/logo\\\/image\\\/\"}}]}<\/script>\n<!-- \/ Yoast SEO Premium plugin. -->","yoast_head_json":{"title":"Grav\u00e1menes y embargos en Colorado - J. David Hopkins, JD LLM","description":"Grav\u00e1menes y embargos: p\u00f3ngase en contacto con nuestro abogado de impuestos quien resolver\u00e1 su problema lo antes posible.","robots":{"index":"index","follow":"follow","max-snippet":"max-snippet:-1","max-image-preview":"max-image-preview:large","max-video-preview":"max-video-preview:-1"},"canonical":"https:\/\/taxhelplaw.com\/sptax\/soluciones\/pasos-de-casos-problemas-con-impuestos-en-colorado\/colorado-gravamen-y-embargos\/","og_locale":"es_MX","og_type":"article","og_title":"Colorado - Grav\u00e1menes y Embargos","og_description":"Grav\u00e1menes y embargos: p\u00f3ngase en contacto con nuestro abogado de impuestos quien resolver\u00e1 su problema lo antes posible.","og_url":"https:\/\/taxhelplaw.com\/sptax\/soluciones\/pasos-de-casos-problemas-con-impuestos-en-colorado\/colorado-gravamen-y-embargos\/","og_site_name":"J. David Hopkins, JD LLM","article_modified_time":"2023-03-06T03:40:03+00:00","og_image":[{"url":"https:\/\/taxhelplaw.com\/sptax\/wp-content\/uploads\/2023\/03\/Colorado.Lien_.Garnishment.en_.espanol-scaled.jpg","type":"","width":"","height":""}],"twitter_card":"summary_large_image","twitter_misc":{"Tiempo de lectura":"2 minutos"},"schema":{"@context":"https:\/\/schema.org","@graph":[{"@type":"WebPage","@id":"https:\/\/taxhelplaw.com\/sptax\/soluciones\/pasos-de-casos-problemas-con-impuestos-en-colorado\/colorado-gravamen-y-embargos\/","url":"https:\/\/taxhelplaw.com\/sptax\/soluciones\/pasos-de-casos-problemas-con-impuestos-en-colorado\/colorado-gravamen-y-embargos\/","name":"Grav\u00e1menes y embargos en Colorado - J. David Hopkins, JD LLM","isPartOf":{"@id":"https:\/\/taxhelplaw.com\/sptax\/#website"},"primaryImageOfPage":{"@id":"https:\/\/taxhelplaw.com\/sptax\/soluciones\/pasos-de-casos-problemas-con-impuestos-en-colorado\/colorado-gravamen-y-embargos\/#primaryimage"},"image":{"@id":"https:\/\/taxhelplaw.com\/sptax\/soluciones\/pasos-de-casos-problemas-con-impuestos-en-colorado\/colorado-gravamen-y-embargos\/#primaryimage"},"thumbnailUrl":"https:\/\/taxhelplaw.com\/sptax\/wp-content\/uploads\/2023\/03\/Colorado.Lien_.Garnishment.en_.espanol-scaled.jpg","datePublished":"2015-02-07T06:20:54+00:00","dateModified":"2023-03-06T03:40:03+00:00","description":"Grav\u00e1menes y embargos: p\u00f3ngase en contacto con nuestro abogado de impuestos quien resolver\u00e1 su problema lo antes posible.","breadcrumb":{"@id":"https:\/\/taxhelplaw.com\/sptax\/soluciones\/pasos-de-casos-problemas-con-impuestos-en-colorado\/colorado-gravamen-y-embargos\/#breadcrumb"},"inLanguage":"es","potentialAction":[{"@type":"ReadAction","target":["https:\/\/taxhelplaw.com\/sptax\/soluciones\/pasos-de-casos-problemas-con-impuestos-en-colorado\/colorado-gravamen-y-embargos\/"]}]},{"@type":"ImageObject","inLanguage":"es","@id":"https:\/\/taxhelplaw.com\/sptax\/soluciones\/pasos-de-casos-problemas-con-impuestos-en-colorado\/colorado-gravamen-y-embargos\/#primaryimage","url":"https:\/\/taxhelplaw.com\/sptax\/wp-content\/uploads\/2023\/03\/Colorado.Lien_.Garnishment.en_.espanol-scaled.jpg","contentUrl":"https:\/\/taxhelplaw.com\/sptax\/wp-content\/uploads\/2023\/03\/Colorado.Lien_.Garnishment.en_.espanol-scaled.jpg","width":1861,"height":2560},{"@type":"BreadcrumbList","@id":"https:\/\/taxhelplaw.com\/sptax\/soluciones\/pasos-de-casos-problemas-con-impuestos-en-colorado\/colorado-gravamen-y-embargos\/#breadcrumb","itemListElement":[{"@type":"ListItem","position":1,"name":"Home","item":"https:\/\/taxhelplaw.com\/sptax\/"},{"@type":"ListItem","position":2,"name":"Soluciones","item":"https:\/\/taxhelplaw.com\/sptax\/soluciones\/"},{"@type":"ListItem","position":3,"name":"El estado de Colorado","item":"https:\/\/taxhelplaw.com\/sptax\/soluciones\/pasos-de-casos-problemas-con-impuestos-en-colorado\/"},{"@type":"ListItem","position":4,"name":"Colorado &#8211; Grav\u00e1menes y Embargos"}]},{"@type":"WebSite","@id":"https:\/\/taxhelplaw.com\/sptax\/#website","url":"https:\/\/taxhelplaw.com\/sptax\/","name":"J. David Hopkins, JD LLM","description":"Maestr\u00eda en Derecho Tributario","publisher":{"@id":"https:\/\/taxhelplaw.com\/sptax\/#organization"},"alternateName":"TaxHelpLaw en Espa\u00f1ol","potentialAction":[{"@type":"SearchAction","target":{"@type":"EntryPoint","urlTemplate":"https:\/\/taxhelplaw.com\/sptax\/?s={search_term_string}"},"query-input":{"@type":"PropertyValueSpecification","valueRequired":true,"valueName":"search_term_string"}}],"inLanguage":"es"},{"@type":"Organization","@id":"https:\/\/taxhelplaw.com\/sptax\/#organization","name":"TaxHelp, Inc.","url":"https:\/\/taxhelplaw.com\/sptax\/","logo":{"@type":"ImageObject","inLanguage":"es","@id":"https:\/\/taxhelplaw.com\/sptax\/#\/schema\/logo\/image\/","url":"https:\/\/taxhelplaw.com\/sptax\/wp-content\/uploads\/2022\/01\/taxhelpenespanol.jpg","contentUrl":"https:\/\/taxhelplaw.com\/sptax\/wp-content\/uploads\/2022\/01\/taxhelpenespanol.jpg","width":300,"height":101,"caption":"TaxHelp, Inc."},"image":{"@id":"https:\/\/taxhelplaw.com\/sptax\/#\/schema\/logo\/image\/"}}]}},"jetpack_sharing_enabled":true,"_links":{"self":[{"href":"https:\/\/taxhelplaw.com\/sptax\/wp-json\/wp\/v2\/pages\/285","targetHints":{"allow":["GET"]}}],"collection":[{"href":"https:\/\/taxhelplaw.com\/sptax\/wp-json\/wp\/v2\/pages"}],"about":[{"href":"https:\/\/taxhelplaw.com\/sptax\/wp-json\/wp\/v2\/types\/page"}],"author":[{"embeddable":true,"href":"https:\/\/taxhelplaw.com\/sptax\/wp-json\/wp\/v2\/users\/1"}],"replies":[{"embeddable":true,"href":"https:\/\/taxhelplaw.com\/sptax\/wp-json\/wp\/v2\/comments?post=285"}],"version-history":[{"count":10,"href":"https:\/\/taxhelplaw.com\/sptax\/wp-json\/wp\/v2\/pages\/285\/revisions"}],"predecessor-version":[{"id":7498,"href":"https:\/\/taxhelplaw.com\/sptax\/wp-json\/wp\/v2\/pages\/285\/revisions\/7498"}],"up":[{"embeddable":true,"href":"https:\/\/taxhelplaw.com\/sptax\/wp-json\/wp\/v2\/pages\/273"}],"wp:attachment":[{"href":"https:\/\/taxhelplaw.com\/sptax\/wp-json\/wp\/v2\/media?parent=285"}],"curies":[{"name":"wp","href":"https:\/\/api.w.org\/{rel}","templated":true}]}}