{"id":283,"date":"2015-02-07T21:51:15","date_gmt":"2015-02-07T21:51:15","guid":{"rendered":"http:\/\/taxhelplaw.com\/sp\/?page_id=283"},"modified":"2023-03-19T05:04:04","modified_gmt":"2023-03-19T05:04:04","slug":"carta-105c-y-carta-106c","status":"publish","type":"page","link":"https:\/\/taxhelplaw.com\/sptax\/soluciones\/pasos-de-casos-errores-de-declaracion\/carta-105c-y-carta-106c\/","title":{"rendered":"Carta 105C y Carta 106C"},"content":{"rendered":"<p>Cartas 105C y 106C. El IRS usa la Carta 105C para informarle que le han negado el Reclamo del reembolso. En este reclamo usted le ha pedido al IRS que le reembolse dinero pero si no presenta las declaraciones a tiempo,\u00a0 pierde el derecho a dicho reembolso.<\/p>\n<p>Este reclamo debe ser presentado dentro de los tres a\u00f1os de la fecha de vencimiento o dentro de dos a\u00f1os de la fecha de pago. La Carta 105C le comunica que el reclamo ha sido negado mientras que la Carta 106C le comunica que el reclamo ha sido negado parcialmente.<\/p>\n<p>Si usted admite que el periodo de tiempo se ha vencido, ser\u00eda in\u00fatil continuar con el caso pero si su caso vale la pena es posible apelar. Sin embargo, la mejor opci\u00f3n es hacer juicio en el Tribunal Federal de Primera Instancia ya que la negaci\u00f3n de este reclamo (la Carta 105C o 106C) agota las soluciones administrativas.<\/p>\n<p>No tenga miedo del tribunal. Los procedimientos son estrictos pero el foro es justo y generalmente m\u00e1s econ\u00f3mico que apelar al <a href=\"https:\/\/www.irs.gov\/es\/individuals\/understanding-your-irs-notice-or-letter\" target=\"_blank\" rel=\"noopener\">IRS<\/a>. Usted tiene solamente 2 a\u00f1os de la fecha de pago para reclamar su dinero. \u00a1P\u00f3ngase en contacto con el Lic. Hopkins en Colorado Springs o Pueblo para recibir ayuda!<br \/>\nHaga clic para los <a title=\"Pasos de Casos \u2013 Corte\" href=\"\/\/taxhelplaw.com\/sptax\/soluciones\/pasos-de-casos-corte\/\"><strong><span style=\"color: #0000ff;\">Pasos de Casos<\/span><\/strong><\/a> a seguir para la Carta 105C.<\/p>\n<p>Carta 105C:<\/p>\n<div class=\"one-half first\">\n<h6>Versi\u00f3n en ingl\u00e9s:<\/h6>\n<\/div\n\n<div class=\"one-half\"><a href=\"\/sptax\/wp-content\/uploads\/2015\/02\/Carta105C-1.jpg\" class=\"popup\">Letter 105C<\/a><\/div>\n<p>&nbsp;<\/p>\n<div>\n<h6>Nuestra traducci\u00f3n al espa\u00f1ol:<\/h6>\n<\/div>\n<p><a title=\"Pasos de Casos \u2013 Corte\" href=\"\/\/taxhelplaw.com\/sptax\/soluciones\/pasos-de-casos-corte\/\"><img loading=\"lazy\" decoding=\"async\" class=\"alignleft size-full wp-image-367\" src=\"https:\/\/taxhelplaw.com\/sptax\/wp-content\/uploads\/2023\/03\/ReturnsL105Cenespanol-scaled.jpg\" alt=\"Carta 105C\" width=\"1249\" height=\"1662\"\/><\/a><\/p>\n<p>&nbsp;<\/p>\n<p>Carta 106C:<\/p>\n<div class=\"one-half first\">\n<h6>Versi\u00f3n en ingl\u00e9s:<\/h6>\n<\/div>\n<div class=\"one-half\"><a href=\"\/sptax\/wp-content\/uploads\/2015\/02\/Carta106C-1.jpg\" class=\"popup\">Letter 106C<\/a><\/div>\n<p>&nbsp;<\/p>\n<div>\n<h6>Nuestra traducci\u00f3n al espa\u00f1ol:<\/h6>\n<\/div>\n<p><a title=\"Pasos de Casos \u2013 Corte\" href=\"\/\/taxhelplaw.com\/sptax\/soluciones\/pasos-de-casos-corte\/\"><img loading=\"lazy\" decoding=\"async\" class=\"alignleft size-full wp-image-366\" src=\"https:\/\/taxhelplaw.com\/sptax\/wp-content\/uploads\/2023\/03\/LTR106C.en_.espanol-scaled.jpg\" alt=\"Carta106C\" width=\"1250\" height=\"1663\"\/><\/a><\/p>\n<p><a href=\"https:\/\/taxhelplaw.com\/sptax\/sample-page-2\/contactenos\/\"><img loading=\"lazy\" decoding=\"async\" class=\"aligncenter size-full wp-image-3464\" title=\"Carta 105C y Carta 106C del IRS\" src=\"https:\/\/taxhelplaw.com\/sptax\/wp-content\/uploads\/2022\/01\/taxhelpenespanol.jpg\" alt=\"Carta 105C y Carta 106C del IRS. Abogado de derecho fiscal en Colorado Springs. Abogado de impuestos en Colorado Springs\" width=\"300\" height=\"101\"\/><\/a><\/p>\n","protected":false},"excerpt":{"rendered":"<p>Cartas 105C y 106C. El IRS usa la Carta 105C para informarle que le han negado el Reclamo del reembolso. En este reclamo usted le ha pedido al IRS que le reembolse dinero pero si no presenta las declaraciones a tiempo,\u00a0 pierde el derecho a dicho reembolso. Este reclamo debe ser presentado dentro de los [&hellip;]<\/p>\n","protected":false},"author":1,"featured_media":0,"parent":256,"menu_order":17,"comment_status":"closed","ping_status":"closed","template":"","meta":{"_genesis_hide_title":false,"_genesis_hide_breadcrumbs":false,"_genesis_hide_singular_image":false,"_genesis_hide_footer_widgets":false,"_genesis_custom_body_class":"","_genesis_custom_post_class":"","_genesis_layout":"","footnotes":""},"class_list":{"0":"post-283","1":"page","2":"type-page","3":"status-publish","5":"entry"},"yoast_head":"<!-- This site is optimized with the Yoast SEO Premium plugin v27.0 (Yoast SEO v27.3) - https:\/\/yoast.com\/product\/yoast-seo-premium-wordpress\/ -->\n<title>Carta 105C y Carta 106C. El IRS dijo &quot;NO&quot; - TaxHelpLaw<\/title>\n<meta name=\"description\" content=\"Carta 105C y Carta 106C del IRS: le han negado el Reclamo del reembolso. \u00bfQu\u00e9 se puede hacer ahora? Nuestro abogado le explica.\" \/>\n<meta name=\"robots\" content=\"index, follow, max-snippet:-1, max-image-preview:large, max-video-preview:-1\" \/>\n<link rel=\"canonical\" href=\"https:\/\/taxhelplaw.com\/sptax\/soluciones\/pasos-de-casos-errores-de-declaracion\/carta-105c-y-carta-106c\/\" \/>\n<meta property=\"og:locale\" content=\"es_MX\" \/>\n<meta property=\"og:type\" content=\"article\" \/>\n<meta property=\"og:title\" content=\"Carta 105C y Carta 106C\" \/>\n<meta property=\"og:description\" content=\"Carta 105C y Carta 106C del IRS: le han negado el Reclamo del reembolso. \u00bfQu\u00e9 se puede hacer ahora? Nuestro abogado le explica.\" \/>\n<meta property=\"og:url\" content=\"https:\/\/taxhelplaw.com\/sptax\/soluciones\/pasos-de-casos-errores-de-declaracion\/carta-105c-y-carta-106c\/\" \/>\n<meta property=\"og:site_name\" content=\"J. David Hopkins, JD LLM\" \/>\n<meta property=\"article:modified_time\" content=\"2023-03-19T05:04:04+00:00\" \/>\n<meta property=\"og:image\" content=\"https:\/\/taxhelplaw.com\/sptax\/wp-content\/uploads\/2023\/03\/ReturnsL105Cenespanol-scaled.jpg\" \/>\n<meta name=\"twitter:card\" content=\"summary_large_image\" \/>\n<meta name=\"twitter:label1\" content=\"Tiempo de lectura\" \/>\n\t<meta name=\"twitter:data1\" content=\"2 minutos\" \/>\n<script type=\"application\/ld+json\" class=\"yoast-schema-graph\">{\"@context\":\"https:\\\/\\\/schema.org\",\"@graph\":[{\"@type\":\"WebPage\",\"@id\":\"https:\\\/\\\/taxhelplaw.com\\\/sptax\\\/soluciones\\\/pasos-de-casos-errores-de-declaracion\\\/carta-105c-y-carta-106c\\\/\",\"url\":\"https:\\\/\\\/taxhelplaw.com\\\/sptax\\\/soluciones\\\/pasos-de-casos-errores-de-declaracion\\\/carta-105c-y-carta-106c\\\/\",\"name\":\"Carta 105C y Carta 106C. El IRS dijo \\\"NO\\\" - TaxHelpLaw\",\"isPartOf\":{\"@id\":\"https:\\\/\\\/taxhelplaw.com\\\/sptax\\\/#website\"},\"primaryImageOfPage\":{\"@id\":\"https:\\\/\\\/taxhelplaw.com\\\/sptax\\\/soluciones\\\/pasos-de-casos-errores-de-declaracion\\\/carta-105c-y-carta-106c\\\/#primaryimage\"},\"image\":{\"@id\":\"https:\\\/\\\/taxhelplaw.com\\\/sptax\\\/soluciones\\\/pasos-de-casos-errores-de-declaracion\\\/carta-105c-y-carta-106c\\\/#primaryimage\"},\"thumbnailUrl\":\"https:\\\/\\\/taxhelplaw.com\\\/sptax\\\/wp-content\\\/uploads\\\/2023\\\/03\\\/ReturnsL105Cenespanol-scaled.jpg\",\"datePublished\":\"2015-02-07T21:51:15+00:00\",\"dateModified\":\"2023-03-19T05:04:04+00:00\",\"description\":\"Carta 105C y Carta 106C del IRS: le han negado el Reclamo del reembolso. \u00bfQu\u00e9 se puede hacer ahora? Nuestro abogado le explica.\",\"breadcrumb\":{\"@id\":\"https:\\\/\\\/taxhelplaw.com\\\/sptax\\\/soluciones\\\/pasos-de-casos-errores-de-declaracion\\\/carta-105c-y-carta-106c\\\/#breadcrumb\"},\"inLanguage\":\"es\",\"potentialAction\":[{\"@type\":\"ReadAction\",\"target\":[\"https:\\\/\\\/taxhelplaw.com\\\/sptax\\\/soluciones\\\/pasos-de-casos-errores-de-declaracion\\\/carta-105c-y-carta-106c\\\/\"]}]},{\"@type\":\"ImageObject\",\"inLanguage\":\"es\",\"@id\":\"https:\\\/\\\/taxhelplaw.com\\\/sptax\\\/soluciones\\\/pasos-de-casos-errores-de-declaracion\\\/carta-105c-y-carta-106c\\\/#primaryimage\",\"url\":\"https:\\\/\\\/taxhelplaw.com\\\/sptax\\\/wp-content\\\/uploads\\\/2023\\\/03\\\/ReturnsL105Cenespanol-scaled.jpg\",\"contentUrl\":\"https:\\\/\\\/taxhelplaw.com\\\/sptax\\\/wp-content\\\/uploads\\\/2023\\\/03\\\/ReturnsL105Cenespanol-scaled.jpg\",\"width\":1861,\"height\":2560},{\"@type\":\"BreadcrumbList\",\"@id\":\"https:\\\/\\\/taxhelplaw.com\\\/sptax\\\/soluciones\\\/pasos-de-casos-errores-de-declaracion\\\/carta-105c-y-carta-106c\\\/#breadcrumb\",\"itemListElement\":[{\"@type\":\"ListItem\",\"position\":1,\"name\":\"Home\",\"item\":\"https:\\\/\\\/taxhelplaw.com\\\/sptax\\\/\"},{\"@type\":\"ListItem\",\"position\":2,\"name\":\"Soluciones\",\"item\":\"https:\\\/\\\/taxhelplaw.com\\\/sptax\\\/soluciones\\\/\"},{\"@type\":\"ListItem\",\"position\":3,\"name\":\"Errores de Declaraci\u00f3n\",\"item\":\"https:\\\/\\\/taxhelplaw.com\\\/sptax\\\/soluciones\\\/pasos-de-casos-errores-de-declaracion\\\/\"},{\"@type\":\"ListItem\",\"position\":4,\"name\":\"Carta 105C y Carta 106C\"}]},{\"@type\":\"WebSite\",\"@id\":\"https:\\\/\\\/taxhelplaw.com\\\/sptax\\\/#website\",\"url\":\"https:\\\/\\\/taxhelplaw.com\\\/sptax\\\/\",\"name\":\"J. David Hopkins, JD LLM\",\"description\":\"Maestr\u00eda en Derecho Tributario\",\"publisher\":{\"@id\":\"https:\\\/\\\/taxhelplaw.com\\\/sptax\\\/#organization\"},\"alternateName\":\"TaxHelpLaw en Espa\u00f1ol\",\"potentialAction\":[{\"@type\":\"SearchAction\",\"target\":{\"@type\":\"EntryPoint\",\"urlTemplate\":\"https:\\\/\\\/taxhelplaw.com\\\/sptax\\\/?s={search_term_string}\"},\"query-input\":{\"@type\":\"PropertyValueSpecification\",\"valueRequired\":true,\"valueName\":\"search_term_string\"}}],\"inLanguage\":\"es\"},{\"@type\":\"Organization\",\"@id\":\"https:\\\/\\\/taxhelplaw.com\\\/sptax\\\/#organization\",\"name\":\"TaxHelp, Inc.\",\"url\":\"https:\\\/\\\/taxhelplaw.com\\\/sptax\\\/\",\"logo\":{\"@type\":\"ImageObject\",\"inLanguage\":\"es\",\"@id\":\"https:\\\/\\\/taxhelplaw.com\\\/sptax\\\/#\\\/schema\\\/logo\\\/image\\\/\",\"url\":\"https:\\\/\\\/taxhelplaw.com\\\/sptax\\\/wp-content\\\/uploads\\\/2022\\\/01\\\/taxhelpenespanol.jpg\",\"contentUrl\":\"https:\\\/\\\/taxhelplaw.com\\\/sptax\\\/wp-content\\\/uploads\\\/2022\\\/01\\\/taxhelpenespanol.jpg\",\"width\":300,\"height\":101,\"caption\":\"TaxHelp, Inc.\"},\"image\":{\"@id\":\"https:\\\/\\\/taxhelplaw.com\\\/sptax\\\/#\\\/schema\\\/logo\\\/image\\\/\"}}]}<\/script>\n<!-- \/ Yoast SEO Premium plugin. -->","yoast_head_json":{"title":"Carta 105C y Carta 106C. El IRS dijo \"NO\" - TaxHelpLaw","description":"Carta 105C y Carta 106C del IRS: le han negado el Reclamo del reembolso. \u00bfQu\u00e9 se puede hacer ahora? Nuestro abogado le explica.","robots":{"index":"index","follow":"follow","max-snippet":"max-snippet:-1","max-image-preview":"max-image-preview:large","max-video-preview":"max-video-preview:-1"},"canonical":"https:\/\/taxhelplaw.com\/sptax\/soluciones\/pasos-de-casos-errores-de-declaracion\/carta-105c-y-carta-106c\/","og_locale":"es_MX","og_type":"article","og_title":"Carta 105C y Carta 106C","og_description":"Carta 105C y Carta 106C del IRS: le han negado el Reclamo del reembolso. \u00bfQu\u00e9 se puede hacer ahora? Nuestro abogado le explica.","og_url":"https:\/\/taxhelplaw.com\/sptax\/soluciones\/pasos-de-casos-errores-de-declaracion\/carta-105c-y-carta-106c\/","og_site_name":"J. David Hopkins, JD LLM","article_modified_time":"2023-03-19T05:04:04+00:00","og_image":[{"url":"https:\/\/taxhelplaw.com\/sptax\/wp-content\/uploads\/2023\/03\/ReturnsL105Cenespanol-scaled.jpg","type":"","width":"","height":""}],"twitter_card":"summary_large_image","twitter_misc":{"Tiempo de lectura":"2 minutos"},"schema":{"@context":"https:\/\/schema.org","@graph":[{"@type":"WebPage","@id":"https:\/\/taxhelplaw.com\/sptax\/soluciones\/pasos-de-casos-errores-de-declaracion\/carta-105c-y-carta-106c\/","url":"https:\/\/taxhelplaw.com\/sptax\/soluciones\/pasos-de-casos-errores-de-declaracion\/carta-105c-y-carta-106c\/","name":"Carta 105C y Carta 106C. El IRS dijo \"NO\" - TaxHelpLaw","isPartOf":{"@id":"https:\/\/taxhelplaw.com\/sptax\/#website"},"primaryImageOfPage":{"@id":"https:\/\/taxhelplaw.com\/sptax\/soluciones\/pasos-de-casos-errores-de-declaracion\/carta-105c-y-carta-106c\/#primaryimage"},"image":{"@id":"https:\/\/taxhelplaw.com\/sptax\/soluciones\/pasos-de-casos-errores-de-declaracion\/carta-105c-y-carta-106c\/#primaryimage"},"thumbnailUrl":"https:\/\/taxhelplaw.com\/sptax\/wp-content\/uploads\/2023\/03\/ReturnsL105Cenespanol-scaled.jpg","datePublished":"2015-02-07T21:51:15+00:00","dateModified":"2023-03-19T05:04:04+00:00","description":"Carta 105C y Carta 106C del IRS: le han negado el Reclamo del reembolso. \u00bfQu\u00e9 se puede hacer ahora? Nuestro abogado le explica.","breadcrumb":{"@id":"https:\/\/taxhelplaw.com\/sptax\/soluciones\/pasos-de-casos-errores-de-declaracion\/carta-105c-y-carta-106c\/#breadcrumb"},"inLanguage":"es","potentialAction":[{"@type":"ReadAction","target":["https:\/\/taxhelplaw.com\/sptax\/soluciones\/pasos-de-casos-errores-de-declaracion\/carta-105c-y-carta-106c\/"]}]},{"@type":"ImageObject","inLanguage":"es","@id":"https:\/\/taxhelplaw.com\/sptax\/soluciones\/pasos-de-casos-errores-de-declaracion\/carta-105c-y-carta-106c\/#primaryimage","url":"https:\/\/taxhelplaw.com\/sptax\/wp-content\/uploads\/2023\/03\/ReturnsL105Cenespanol-scaled.jpg","contentUrl":"https:\/\/taxhelplaw.com\/sptax\/wp-content\/uploads\/2023\/03\/ReturnsL105Cenespanol-scaled.jpg","width":1861,"height":2560},{"@type":"BreadcrumbList","@id":"https:\/\/taxhelplaw.com\/sptax\/soluciones\/pasos-de-casos-errores-de-declaracion\/carta-105c-y-carta-106c\/#breadcrumb","itemListElement":[{"@type":"ListItem","position":1,"name":"Home","item":"https:\/\/taxhelplaw.com\/sptax\/"},{"@type":"ListItem","position":2,"name":"Soluciones","item":"https:\/\/taxhelplaw.com\/sptax\/soluciones\/"},{"@type":"ListItem","position":3,"name":"Errores de Declaraci\u00f3n","item":"https:\/\/taxhelplaw.com\/sptax\/soluciones\/pasos-de-casos-errores-de-declaracion\/"},{"@type":"ListItem","position":4,"name":"Carta 105C y Carta 106C"}]},{"@type":"WebSite","@id":"https:\/\/taxhelplaw.com\/sptax\/#website","url":"https:\/\/taxhelplaw.com\/sptax\/","name":"J. David Hopkins, JD LLM","description":"Maestr\u00eda en Derecho Tributario","publisher":{"@id":"https:\/\/taxhelplaw.com\/sptax\/#organization"},"alternateName":"TaxHelpLaw en Espa\u00f1ol","potentialAction":[{"@type":"SearchAction","target":{"@type":"EntryPoint","urlTemplate":"https:\/\/taxhelplaw.com\/sptax\/?s={search_term_string}"},"query-input":{"@type":"PropertyValueSpecification","valueRequired":true,"valueName":"search_term_string"}}],"inLanguage":"es"},{"@type":"Organization","@id":"https:\/\/taxhelplaw.com\/sptax\/#organization","name":"TaxHelp, Inc.","url":"https:\/\/taxhelplaw.com\/sptax\/","logo":{"@type":"ImageObject","inLanguage":"es","@id":"https:\/\/taxhelplaw.com\/sptax\/#\/schema\/logo\/image\/","url":"https:\/\/taxhelplaw.com\/sptax\/wp-content\/uploads\/2022\/01\/taxhelpenespanol.jpg","contentUrl":"https:\/\/taxhelplaw.com\/sptax\/wp-content\/uploads\/2022\/01\/taxhelpenespanol.jpg","width":300,"height":101,"caption":"TaxHelp, Inc."},"image":{"@id":"https:\/\/taxhelplaw.com\/sptax\/#\/schema\/logo\/image\/"}}]}},"jetpack_sharing_enabled":false,"_links":{"self":[{"href":"https:\/\/taxhelplaw.com\/sptax\/wp-json\/wp\/v2\/pages\/283","targetHints":{"allow":["GET"]}}],"collection":[{"href":"https:\/\/taxhelplaw.com\/sptax\/wp-json\/wp\/v2\/pages"}],"about":[{"href":"https:\/\/taxhelplaw.com\/sptax\/wp-json\/wp\/v2\/types\/page"}],"author":[{"embeddable":true,"href":"https:\/\/taxhelplaw.com\/sptax\/wp-json\/wp\/v2\/users\/1"}],"replies":[{"embeddable":true,"href":"https:\/\/taxhelplaw.com\/sptax\/wp-json\/wp\/v2\/comments?post=283"}],"version-history":[{"count":8,"href":"https:\/\/taxhelplaw.com\/sptax\/wp-json\/wp\/v2\/pages\/283\/revisions"}],"predecessor-version":[{"id":7583,"href":"https:\/\/taxhelplaw.com\/sptax\/wp-json\/wp\/v2\/pages\/283\/revisions\/7583"}],"up":[{"embeddable":true,"href":"https:\/\/taxhelplaw.com\/sptax\/wp-json\/wp\/v2\/pages\/256"}],"wp:attachment":[{"href":"https:\/\/taxhelplaw.com\/sptax\/wp-json\/wp\/v2\/media?parent=283"}],"curies":[{"name":"wp","href":"https:\/\/api.w.org\/{rel}","templated":true}]}}