{"id":273,"date":"2015-02-07T06:02:47","date_gmt":"2015-02-07T06:02:47","guid":{"rendered":"http:\/\/taxhelplaw.com\/sp\/?page_id=273"},"modified":"2022-11-29T03:29:25","modified_gmt":"2022-11-29T03:29:25","slug":"pasos-de-casos-problemas-con-impuestos-en-colorado","status":"publish","type":"page","link":"https:\/\/taxhelplaw.com\/sptax\/soluciones\/pasos-de-casos-problemas-con-impuestos-en-colorado\/","title":{"rendered":"El estado de Colorado"},"content":{"rendered":"<p><strong>PASOS DE CASOS PARA PROBLEMAS CON IMPUESTOS EN EL ESTADO DE COLORADO:<\/strong><\/p>\n<ol>\n<li>Obtenga el Aviso de embargo de bienes y otras notificaciones que haya recibido.<\/li>\n<li>Obtenga el n\u00famero de fax de la oficina de n\u00f3mina de su trabajo.<\/li>\n<li>Consiga las declaraciones de impuestos federal y de Colorado.<\/li>\n<li>Llame al IRS al 1-800-829-1040 y solicite la transcripci\u00f3n de su cuenta y la transcripci\u00f3n de salario e ingresos de los \u00faltimos diez a\u00f1os. O p\u00eddala <a href=\"https:\/\/www.irs.gov\/es\/individuals\/get-transcript\" target=\"_blank\" rel=\"noopener\">online<\/a>.<\/li>\n<li>Traiga todos los documentos a la consulta con el abogado o env\u00edale un mensaje por haga clic <a class=\"popup\" title=\"Mensaje\" href=\"https:\/\/taxhelplaw.com\/sptax\/firma\/contactenos\/cita\/\">aqu\u00ed<\/a>.<br \/>\n\u00a1Nos vemos!<\/li>\n<\/ol>\n<p>El Depto. de Ingresos del estado de Colorado ha estado muy agresivo con sus cobros de impuestos en los \u00faltimos dos a\u00f1os. Han enviado un n\u00famero r\u00e9cord de embargos de sueldos e incautaciones. Y debido a recortes presupuestarios puede ser muy dif\u00edcil ponerse en contacto con los empleados de Colorado para parar estos embargos.<\/p>\n<p>Por lo tanto, hay que ser persistente para parar los embargos de sueldo o cuentas bancarias. El abogado de TaxHelpLaw habla por tel\u00e9fono, env\u00eda faxes, correos electr\u00f3nicos y va en persona a las oficinas hasta que contesten.<\/p>\n<p><span style=\"text-decoration: underline;\"><strong>Embargo<\/strong><\/span>: Generalmente un embargo de sueldo en Colorado es 25% y puede ser hasta 50% de su sueldo. Necesitamos actuar r\u00e1pidamente antes de que tomen su salario.<\/p>\n<p>Si el estado de Colorado ha embargado su sueldo o cuentas, por favor siga los Pasos de arriba y complete en su totalidad el Formulario <a class=\"popup\" title=\"Formulario DR6596 del estado de Colorado\" href=\"https:\/\/tax.colorado.gov\/sites\/tax\/files\/DR6596_2017.pdf\" target=\"_blank\" rel=\"noopener\"><strong>DR6596<\/strong><\/a> antes de su cita con el Lic. Hopkins.<\/p>\n<p>El estado de Colorado es famoso por tomar reembolsos para pagar impuestos, pr\u00e9stamos de estudiantes y mantenimiento. Generalmente lo que toman para pagar pr\u00e9stamos de estudiantes y mantenimiento no se puede recuperar pero los impuestos se pueden recuperar usando una solicitud de reembolsos. \u00a1El Lic. Hopkins le ense\u00f1ar\u00e1 c\u00f3mo hacerlo!<\/p>\n<p><strong><span style=\"text-decoration: underline;\">No residentes<\/span><\/strong>: Colorado y otros estados como California y Nueva York son tristemente famosos y agresivos por acosar a ciertas personas que no deben impuestos, que no han vivido o trabajado en ese estado.<\/p>\n<p>En este caso, usted debe probar que no le debe al estado porque ha declarado sus impuestos en otro estado y su registro de votante, su licencia de conducir y domicilio est\u00e1n en el otro estado. Tal vez tenga que presentar una declaraci\u00f3n de impuestos y reclamar cr\u00e9dito por los impuestos pagados en el otro estado.<\/p>\n<p><strong><span style=\"text-decoration: underline;\">Resoluciones<\/span><\/strong>: Su caso no se acaba cuando el embargo es liberado. La mejor soluci\u00f3n para muchos de los casos de impuestos en Colorado depende de los ajustes hechos en la cuenta del IRS federal. Los dos impuestos est\u00e1n interrelacionados y se afectan mutuamente. Puede ser que el estado de Colorado sea el primero en ponerse en contacto con usted pero generalmente hay un problema federal, y tambi\u00e9n una soluci\u00f3n.<\/p>\n<p>Afortunadamente ya que el impuesto de Colorado est\u00e1 interrelacionado con el impuesto federal, cuando el IRS le otorga reclamos como <a title=\"Cobros\" href=\"\/\/taxhelplaw.com\/sptax\/soluciones\/cobros\/\"><strong>C\u00f3nyuge Inocente<\/strong><\/a>, <a title=\"Multas e Intereses\" href=\"\/\/taxhelplaw.com\/sptax\/soluciones\/pasos-de-casos-multas-e-intereses\/\"><strong>Rebaja de Multas<\/strong><\/a>, etc., el estado de Colorado tambi\u00e9n lo hace.<\/p>\n<p>D\u00e9jenos preparar un <strong>Plan de Acci\u00f3n<\/strong> espec\u00edfico para sus necesidades y circunstancias.<\/p>\n<p><a href=\"https:\/\/taxhelplaw.com\/sptax\/sample-page-2\/contactenos\/\"><img loading=\"lazy\" decoding=\"async\" class=\"aligncenter wp-image-3464 size-full\" title=\"IMPUESTOS EN EL ESTADO DE COLORADO\" src=\"https:\/\/taxhelplaw.com\/sptax\/wp-content\/uploads\/2022\/01\/taxhelpenespanol.jpg\" alt=\"IMPUESTOS EN EL ESTADO DE COLORADO. Abogado de derecho fiscal en Colorado Springs. Abogado de impuestos en Colorado Springs\" width=\"300\" height=\"101\" \/><\/a><\/p>\n","protected":false},"excerpt":{"rendered":"<p>PASOS DE CASOS PARA PROBLEMAS CON IMPUESTOS EN EL ESTADO DE COLORADO: Obtenga el Aviso de embargo de bienes y otras notificaciones que haya recibido. Obtenga el n\u00famero de fax de la oficina de n\u00f3mina de su trabajo. Consiga las declaraciones de impuestos federal y de Colorado. Llame al IRS al 1-800-829-1040 y solicite la [&hellip;]<\/p>\n","protected":false},"author":1,"featured_media":0,"parent":94,"menu_order":13,"comment_status":"closed","ping_status":"closed","template":"","meta":{"_genesis_hide_title":false,"_genesis_hide_breadcrumbs":false,"_genesis_hide_singular_image":false,"_genesis_hide_footer_widgets":false,"_genesis_custom_body_class":"","_genesis_custom_post_class":"","_genesis_layout":"","footnotes":""},"class_list":{"0":"post-273","1":"page","2":"type-page","3":"status-publish","5":"entry"},"yoast_head":"<!-- This site is optimized with the Yoast SEO Premium plugin v27.0 (Yoast SEO v27.3) - https:\/\/yoast.com\/product\/yoast-seo-premium-wordpress\/ -->\n<title>Problemas de impuestos en el estado de Colorado - TaxHelpLaw<\/title>\n<meta name=\"description\" content=\"IMPUESTOS EN EL ESTADO DE COLORADO: si tiene problemas, nuestro abogado, el Lic. Hopkins, est\u00e1 a su servicio.\" \/>\n<meta name=\"robots\" content=\"index, follow, max-snippet:-1, max-image-preview:large, max-video-preview:-1\" \/>\n<link rel=\"canonical\" href=\"https:\/\/taxhelplaw.com\/sptax\/soluciones\/pasos-de-casos-problemas-con-impuestos-en-colorado\/\" \/>\n<meta property=\"og:locale\" content=\"es_MX\" \/>\n<meta property=\"og:type\" content=\"article\" \/>\n<meta property=\"og:title\" content=\"El estado de Colorado\" \/>\n<meta property=\"og:description\" content=\"IMPUESTOS EN EL ESTADO DE COLORADO: si tiene problemas, nuestro abogado, el Lic. Hopkins, est\u00e1 a su servicio.\" \/>\n<meta property=\"og:url\" content=\"https:\/\/taxhelplaw.com\/sptax\/soluciones\/pasos-de-casos-problemas-con-impuestos-en-colorado\/\" \/>\n<meta property=\"og:site_name\" content=\"J. David Hopkins, JD LLM\" \/>\n<meta property=\"article:modified_time\" content=\"2022-11-29T03:29:25+00:00\" \/>\n<meta property=\"og:image\" content=\"https:\/\/taxhelplaw.com\/sptax\/wp-content\/uploads\/2022\/01\/taxhelpenespanol.jpg\" \/>\n<meta name=\"twitter:card\" content=\"summary_large_image\" \/>\n<meta name=\"twitter:label1\" content=\"Tiempo de lectura\" \/>\n\t<meta name=\"twitter:data1\" content=\"3 minutos\" \/>\n<script type=\"application\/ld+json\" class=\"yoast-schema-graph\">{\"@context\":\"https:\\\/\\\/schema.org\",\"@graph\":[{\"@type\":\"WebPage\",\"@id\":\"https:\\\/\\\/taxhelplaw.com\\\/sptax\\\/soluciones\\\/pasos-de-casos-problemas-con-impuestos-en-colorado\\\/\",\"url\":\"https:\\\/\\\/taxhelplaw.com\\\/sptax\\\/soluciones\\\/pasos-de-casos-problemas-con-impuestos-en-colorado\\\/\",\"name\":\"Problemas de impuestos en el estado de Colorado - TaxHelpLaw\",\"isPartOf\":{\"@id\":\"https:\\\/\\\/taxhelplaw.com\\\/sptax\\\/#website\"},\"primaryImageOfPage\":{\"@id\":\"https:\\\/\\\/taxhelplaw.com\\\/sptax\\\/soluciones\\\/pasos-de-casos-problemas-con-impuestos-en-colorado\\\/#primaryimage\"},\"image\":{\"@id\":\"https:\\\/\\\/taxhelplaw.com\\\/sptax\\\/soluciones\\\/pasos-de-casos-problemas-con-impuestos-en-colorado\\\/#primaryimage\"},\"thumbnailUrl\":\"https:\\\/\\\/taxhelplaw.com\\\/sptax\\\/wp-content\\\/uploads\\\/2022\\\/01\\\/taxhelpenespanol.jpg\",\"datePublished\":\"2015-02-07T06:02:47+00:00\",\"dateModified\":\"2022-11-29T03:29:25+00:00\",\"description\":\"IMPUESTOS EN EL ESTADO DE COLORADO: si tiene problemas, nuestro abogado, el Lic. Hopkins, est\u00e1 a su servicio.\",\"breadcrumb\":{\"@id\":\"https:\\\/\\\/taxhelplaw.com\\\/sptax\\\/soluciones\\\/pasos-de-casos-problemas-con-impuestos-en-colorado\\\/#breadcrumb\"},\"inLanguage\":\"es\",\"potentialAction\":[{\"@type\":\"ReadAction\",\"target\":[\"https:\\\/\\\/taxhelplaw.com\\\/sptax\\\/soluciones\\\/pasos-de-casos-problemas-con-impuestos-en-colorado\\\/\"]}]},{\"@type\":\"ImageObject\",\"inLanguage\":\"es\",\"@id\":\"https:\\\/\\\/taxhelplaw.com\\\/sptax\\\/soluciones\\\/pasos-de-casos-problemas-con-impuestos-en-colorado\\\/#primaryimage\",\"url\":\"https:\\\/\\\/taxhelplaw.com\\\/sptax\\\/wp-content\\\/uploads\\\/2022\\\/01\\\/taxhelpenespanol.jpg\",\"contentUrl\":\"https:\\\/\\\/taxhelplaw.com\\\/sptax\\\/wp-content\\\/uploads\\\/2022\\\/01\\\/taxhelpenespanol.jpg\",\"width\":300,\"height\":101},{\"@type\":\"BreadcrumbList\",\"@id\":\"https:\\\/\\\/taxhelplaw.com\\\/sptax\\\/soluciones\\\/pasos-de-casos-problemas-con-impuestos-en-colorado\\\/#breadcrumb\",\"itemListElement\":[{\"@type\":\"ListItem\",\"position\":1,\"name\":\"Home\",\"item\":\"https:\\\/\\\/taxhelplaw.com\\\/sptax\\\/\"},{\"@type\":\"ListItem\",\"position\":2,\"name\":\"Soluciones\",\"item\":\"https:\\\/\\\/taxhelplaw.com\\\/sptax\\\/soluciones\\\/\"},{\"@type\":\"ListItem\",\"position\":3,\"name\":\"El estado de Colorado\"}]},{\"@type\":\"WebSite\",\"@id\":\"https:\\\/\\\/taxhelplaw.com\\\/sptax\\\/#website\",\"url\":\"https:\\\/\\\/taxhelplaw.com\\\/sptax\\\/\",\"name\":\"J. David Hopkins, JD LLM\",\"description\":\"Maestr\u00eda en Derecho Tributario\",\"publisher\":{\"@id\":\"https:\\\/\\\/taxhelplaw.com\\\/sptax\\\/#organization\"},\"alternateName\":\"TaxHelpLaw en Espa\u00f1ol\",\"potentialAction\":[{\"@type\":\"SearchAction\",\"target\":{\"@type\":\"EntryPoint\",\"urlTemplate\":\"https:\\\/\\\/taxhelplaw.com\\\/sptax\\\/?s={search_term_string}\"},\"query-input\":{\"@type\":\"PropertyValueSpecification\",\"valueRequired\":true,\"valueName\":\"search_term_string\"}}],\"inLanguage\":\"es\"},{\"@type\":\"Organization\",\"@id\":\"https:\\\/\\\/taxhelplaw.com\\\/sptax\\\/#organization\",\"name\":\"TaxHelp, Inc.\",\"url\":\"https:\\\/\\\/taxhelplaw.com\\\/sptax\\\/\",\"logo\":{\"@type\":\"ImageObject\",\"inLanguage\":\"es\",\"@id\":\"https:\\\/\\\/taxhelplaw.com\\\/sptax\\\/#\\\/schema\\\/logo\\\/image\\\/\",\"url\":\"https:\\\/\\\/taxhelplaw.com\\\/sptax\\\/wp-content\\\/uploads\\\/2022\\\/01\\\/taxhelpenespanol.jpg\",\"contentUrl\":\"https:\\\/\\\/taxhelplaw.com\\\/sptax\\\/wp-content\\\/uploads\\\/2022\\\/01\\\/taxhelpenespanol.jpg\",\"width\":300,\"height\":101,\"caption\":\"TaxHelp, Inc.\"},\"image\":{\"@id\":\"https:\\\/\\\/taxhelplaw.com\\\/sptax\\\/#\\\/schema\\\/logo\\\/image\\\/\"}}]}<\/script>\n<!-- \/ Yoast SEO Premium plugin. -->","yoast_head_json":{"title":"Problemas de impuestos en el estado de Colorado - TaxHelpLaw","description":"IMPUESTOS EN EL ESTADO DE COLORADO: si tiene problemas, nuestro abogado, el Lic. Hopkins, est\u00e1 a su servicio.","robots":{"index":"index","follow":"follow","max-snippet":"max-snippet:-1","max-image-preview":"max-image-preview:large","max-video-preview":"max-video-preview:-1"},"canonical":"https:\/\/taxhelplaw.com\/sptax\/soluciones\/pasos-de-casos-problemas-con-impuestos-en-colorado\/","og_locale":"es_MX","og_type":"article","og_title":"El estado de Colorado","og_description":"IMPUESTOS EN EL ESTADO DE COLORADO: si tiene problemas, nuestro abogado, el Lic. Hopkins, est\u00e1 a su servicio.","og_url":"https:\/\/taxhelplaw.com\/sptax\/soluciones\/pasos-de-casos-problemas-con-impuestos-en-colorado\/","og_site_name":"J. David Hopkins, JD LLM","article_modified_time":"2022-11-29T03:29:25+00:00","og_image":[{"url":"https:\/\/taxhelplaw.com\/sptax\/wp-content\/uploads\/2022\/01\/taxhelpenespanol.jpg","type":"","width":"","height":""}],"twitter_card":"summary_large_image","twitter_misc":{"Tiempo de lectura":"3 minutos"},"schema":{"@context":"https:\/\/schema.org","@graph":[{"@type":"WebPage","@id":"https:\/\/taxhelplaw.com\/sptax\/soluciones\/pasos-de-casos-problemas-con-impuestos-en-colorado\/","url":"https:\/\/taxhelplaw.com\/sptax\/soluciones\/pasos-de-casos-problemas-con-impuestos-en-colorado\/","name":"Problemas de impuestos en el estado de Colorado - TaxHelpLaw","isPartOf":{"@id":"https:\/\/taxhelplaw.com\/sptax\/#website"},"primaryImageOfPage":{"@id":"https:\/\/taxhelplaw.com\/sptax\/soluciones\/pasos-de-casos-problemas-con-impuestos-en-colorado\/#primaryimage"},"image":{"@id":"https:\/\/taxhelplaw.com\/sptax\/soluciones\/pasos-de-casos-problemas-con-impuestos-en-colorado\/#primaryimage"},"thumbnailUrl":"https:\/\/taxhelplaw.com\/sptax\/wp-content\/uploads\/2022\/01\/taxhelpenespanol.jpg","datePublished":"2015-02-07T06:02:47+00:00","dateModified":"2022-11-29T03:29:25+00:00","description":"IMPUESTOS EN EL ESTADO DE COLORADO: si tiene problemas, nuestro abogado, el Lic. Hopkins, est\u00e1 a su servicio.","breadcrumb":{"@id":"https:\/\/taxhelplaw.com\/sptax\/soluciones\/pasos-de-casos-problemas-con-impuestos-en-colorado\/#breadcrumb"},"inLanguage":"es","potentialAction":[{"@type":"ReadAction","target":["https:\/\/taxhelplaw.com\/sptax\/soluciones\/pasos-de-casos-problemas-con-impuestos-en-colorado\/"]}]},{"@type":"ImageObject","inLanguage":"es","@id":"https:\/\/taxhelplaw.com\/sptax\/soluciones\/pasos-de-casos-problemas-con-impuestos-en-colorado\/#primaryimage","url":"https:\/\/taxhelplaw.com\/sptax\/wp-content\/uploads\/2022\/01\/taxhelpenespanol.jpg","contentUrl":"https:\/\/taxhelplaw.com\/sptax\/wp-content\/uploads\/2022\/01\/taxhelpenespanol.jpg","width":300,"height":101},{"@type":"BreadcrumbList","@id":"https:\/\/taxhelplaw.com\/sptax\/soluciones\/pasos-de-casos-problemas-con-impuestos-en-colorado\/#breadcrumb","itemListElement":[{"@type":"ListItem","position":1,"name":"Home","item":"https:\/\/taxhelplaw.com\/sptax\/"},{"@type":"ListItem","position":2,"name":"Soluciones","item":"https:\/\/taxhelplaw.com\/sptax\/soluciones\/"},{"@type":"ListItem","position":3,"name":"El estado de Colorado"}]},{"@type":"WebSite","@id":"https:\/\/taxhelplaw.com\/sptax\/#website","url":"https:\/\/taxhelplaw.com\/sptax\/","name":"J. David Hopkins, JD LLM","description":"Maestr\u00eda en Derecho Tributario","publisher":{"@id":"https:\/\/taxhelplaw.com\/sptax\/#organization"},"alternateName":"TaxHelpLaw en Espa\u00f1ol","potentialAction":[{"@type":"SearchAction","target":{"@type":"EntryPoint","urlTemplate":"https:\/\/taxhelplaw.com\/sptax\/?s={search_term_string}"},"query-input":{"@type":"PropertyValueSpecification","valueRequired":true,"valueName":"search_term_string"}}],"inLanguage":"es"},{"@type":"Organization","@id":"https:\/\/taxhelplaw.com\/sptax\/#organization","name":"TaxHelp, Inc.","url":"https:\/\/taxhelplaw.com\/sptax\/","logo":{"@type":"ImageObject","inLanguage":"es","@id":"https:\/\/taxhelplaw.com\/sptax\/#\/schema\/logo\/image\/","url":"https:\/\/taxhelplaw.com\/sptax\/wp-content\/uploads\/2022\/01\/taxhelpenespanol.jpg","contentUrl":"https:\/\/taxhelplaw.com\/sptax\/wp-content\/uploads\/2022\/01\/taxhelpenespanol.jpg","width":300,"height":101,"caption":"TaxHelp, Inc."},"image":{"@id":"https:\/\/taxhelplaw.com\/sptax\/#\/schema\/logo\/image\/"}}]}},"jetpack_sharing_enabled":true,"_links":{"self":[{"href":"https:\/\/taxhelplaw.com\/sptax\/wp-json\/wp\/v2\/pages\/273","targetHints":{"allow":["GET"]}}],"collection":[{"href":"https:\/\/taxhelplaw.com\/sptax\/wp-json\/wp\/v2\/pages"}],"about":[{"href":"https:\/\/taxhelplaw.com\/sptax\/wp-json\/wp\/v2\/types\/page"}],"author":[{"embeddable":true,"href":"https:\/\/taxhelplaw.com\/sptax\/wp-json\/wp\/v2\/users\/1"}],"replies":[{"embeddable":true,"href":"https:\/\/taxhelplaw.com\/sptax\/wp-json\/wp\/v2\/comments?post=273"}],"version-history":[{"count":8,"href":"https:\/\/taxhelplaw.com\/sptax\/wp-json\/wp\/v2\/pages\/273\/revisions"}],"predecessor-version":[{"id":4354,"href":"https:\/\/taxhelplaw.com\/sptax\/wp-json\/wp\/v2\/pages\/273\/revisions\/4354"}],"up":[{"embeddable":true,"href":"https:\/\/taxhelplaw.com\/sptax\/wp-json\/wp\/v2\/pages\/94"}],"wp:attachment":[{"href":"https:\/\/taxhelplaw.com\/sptax\/wp-json\/wp\/v2\/media?parent=273"}],"curies":[{"name":"wp","href":"https:\/\/api.w.org\/{rel}","templated":true}]}}