{"id":268,"date":"2015-02-07T18:48:42","date_gmt":"2015-02-07T18:48:42","guid":{"rendered":"http:\/\/taxhelplaw.com\/sp\/?page_id=268"},"modified":"2022-12-05T00:46:40","modified_gmt":"2022-12-05T00:46:40","slug":"pasos-de-casos-corte","status":"publish","type":"page","link":"https:\/\/taxhelplaw.com\/sptax\/soluciones\/pasos-de-casos-corte\/","title":{"rendered":"Corte"},"content":{"rendered":"<p><strong>PASOS DE CASOS A SEGUIR PARA LOS PROCESOS JUDICIALES:<\/strong><\/p>\n<ol>\n<li>Obtenga el aviso de deficiencia y documentos de la corte.<\/li>\n<li>Conserve su declaraci\u00f3n de impuesto, si la tiene.<\/li>\n<li>Guarde los documentos de auditor\u00eda del IRS, si los tiene.<\/li>\n<li>Conserve todos los avisos del IRS que tenga.<\/li>\n<li>Haga una cita con el Lic. Hopkins o haga clic <a class=\"popup\" title=\"Mensaje\" href=\"https:\/\/taxhelplaw.com\/sptax\/firma\/contactenos\/cita\/\">aqu\u00ed<\/a> para enviar un mensaje.<\/li>\n<li>Traiga todos los documentos a la consulta con TaxHelpLaw. \u00a1Nos vemos!<\/li>\n<\/ol>\n<h6><strong>Aviso de deficiencia \u2013 Tribunal tributario<\/strong><\/h6>\n<p>Si el <a title=\"Carta 3219 y Carta 531 \u2013 Aviso de Deficiencia\" href=\"\/\/taxhelplaw.com\/sptax\/soluciones\/pasos-de-casos-auditorias\/carta-3219-y-carta-531-aviso-de-deficiencia\/\" target=\"_blank\" rel=\"noopener\"><strong>aviso de deficiencia<\/strong><\/a> es el primero que ha recibido del IRS y no ha presentado sus impuestos, podr\u00edamos resolver su problema simplemente presentando la declaraci\u00f3n de impuestos. \u00a1Para asesoramiento p\u00f3ngase en contacto con el Lic. Hopkins! Con este aviso comienzan una serie de procedimientos en su contra.<\/p>\n<p>El aviso de deficiencia del IRS indica que usted debe impuestos y usualmente un abogado fiscal o usted deben reclamar al tribunal tributario dentro de noventa d\u00edas desde que la correspondencia fue enviada para evitar incumplimiento.<\/p>\n<p>Antes de que el periodo de 90 d\u00edas termine, el IRS no puede imponer un gravamen entonces todav\u00eda no hay peligro de embargo. Pero despu\u00e9s de los noventa d\u00edas, el IRS har\u00e1 una determinaci\u00f3n del impuesto y comenzar\u00e1 el proceso de recolecci\u00f3n.<\/p>\n<p>Un <strong>grave<\/strong> error que a veces la gente comete cuando recibe el aviso de deficiencia es ponerse en contacto con el IRS o el defensor de los contribuyentes. De hecho, este aviso invita a la gente a hacerle preguntas al IRS y hasta puede que incluyan un sobre con destinatario impreso para que usted les responda.<\/p>\n<p>No se ponga en contacto con el IRS ya que no tienen la capacidad o poder de revertir su determinaci\u00f3n. \u00a1Ellos permiten intencionalmente que los noventa d\u00edas se venzan y usted pierde el caso! El \u00fanico lugar para encontrar asistencia es el <a class=\"popup\" href=\"\/\/www.ustaxcourt.gov\/\" target=\"_blank\" rel=\"noopener\"><strong>tribunal tributario<\/strong><\/a>.<\/p>\n<p>El IRS siempre quiere que firme un documento en el cual usted acepta que les debe dinero. Vea el Formulario <a class=\"popup\" title=\"Formulario 4089-B\" href=\"\/sptax\/wp-content\/uploads\/2015\/02\/WaiverDeficiencyForm4089-B-1.jpg\" target=\"_blank\" rel=\"noopener\"><strong>4089-B<\/strong><\/a>.\u00a0 \u00a1Por favor obtenga asesoramiento legal antes de firmar este documento!<\/p>\n<p>Nosotros casi nunca estamos de acuerdo con esto.<\/p>\n<p>Para presentar su caso en el tribunal tributario, se necesitan $60, la demanda, y la solicitud para el lugar del juicio. (<em>Vea<\/em> el <a class=\"popup\" href=\"https:\/\/www.ustaxcourt.gov\/resources\/taxpayer\/Guidance_for_Petitioners.pdf\" target=\"_blank\" rel=\"noopener\"><strong>kit para este reclamo<\/strong><\/a>).<\/p>\n<p>El IRS puede esperar hasta 60 d\u00edas para responder a su solicitud y luego la mayor\u00eda de los casos son transferidos a <a title=\"Pasos de Casos \u2013 Apelaciones del IRS\" href=\"\/\/taxhelplaw.com\/sptax\/soluciones\/pasos-de-casos-apelaciones-del-irs\/\" target=\"_blank\" rel=\"noopener\"><strong>Apelaciones<\/strong><\/a> para tratar de resolver el problema antes de ir a juicio.<\/p>\n<p>Si usted va al tribunal tributario debe tener todos los documentos y evidencia totalmente en orden o perder\u00e1 el caso. Usted puede contratar a un tenedor de libros, contador p\u00fablico o a nosotros para organizar sus expedientes. Pero usted lo podr\u00eda hacer m\u00e1s r\u00e1pidamente, ya que entiende mejor sus asuntos, con un poco de asesoramiento.<\/p>\n<p>En su caso en el tribunal,\u00a0 usted se podr\u00eda representar a usted mismo pero deber\u00eda por lo menos buscar un poco de ayuda de un abogado fiscal antes y durante el proceso en el tribunal.\u00a0 Hay que seguir las reglas del tribunal para preservar sus derechos. Si usted se prepara con el abogado tendr\u00e1 m\u00e1s posibilidades de ganar en contra del IRS.<\/p>\n<p>En la corte, el abogado y el juez se aseguran de que el IRS lo trate con justicia ya que usted tiene el derecho de debido proceso (juicio justo).<\/p>\n<p>Si usted dej\u00f3 vencer los 90 d\u00edas y no present\u00f3 una demanda al tribunal tributario, perdi\u00f3 una valiosa oportunidad pero hay dos opciones m\u00e1s: el recurso de <a class=\"popup\" title=\"Publicaci\u00f3n 3598\" href=\"\/\/www.irs.gov\/pub\/irs-pdf\/p3598.pdf\" target=\"_blank\" rel=\"noopener\"><strong>reconsideraci\u00f3n<\/strong><\/a>, o pagar los impuestos y presentar un <a class=\"popup\" title=\"Formulario 843\" href=\"\/\/www.irs.gov\/pub\/irs-pdf\/f843.pdf\" target=\"_blank\" rel=\"noopener\"><strong>reclamo<\/strong><\/a> de reembolso o <a class=\"popup\" title=\"Formulario 1040X\" href=\"\/\/www.irs.gov\/pub\/irs-pdf\/f1040x.pdf\" target=\"_blank\" rel=\"noopener\"><strong>1040X<\/strong><\/a>. Estas dos opciones son m\u00e1s costosas y dificultosas que el tribunal tributario.<\/p>\n<p>El Tribunal Federal de Primera Instancia y el Tribunal de Reclamaciones est\u00e1n a cargo de los procesos judiciales. El abogado fiscal tiene que presentar su caso al IRS antes de ir a las cortes y no puede reclamar nada que no haya sido presentado al IRS primero.<\/p>\n<p>\u00a1Usted se puede poner en contacto en cualquier momento con el Lic. Hopkins para recibir asesoramiento legal!<br \/>\nPodemos preparar un <strong>Plan de Acci\u00f3n<\/strong> espec\u00edfico para sus necesidades y circunstancias.<\/p>\n<p>&nbsp;<\/p>\n<p><a href=\"https:\/\/taxhelplaw.com\/sptax\/sample-page-2\/contactenos\/\"><img loading=\"lazy\" decoding=\"async\" class=\"aligncenter size-full wp-image-3464\" title=\"Corte.PASOS DE CASOS A SEGUIR PARA LOS PROCESOS JUDICIALES\" src=\"https:\/\/taxhelplaw.com\/sptax\/wp-content\/uploads\/2022\/01\/taxhelpenespanol.jpg\" alt=\"Corte.PASOS DE CASOS A SEGUIR PARA LOS PROCESOS JUDICIALES. Abogado de derecho fiscal en Colorado Springs. Abogado de impuestos en Colorado Springs\" width=\"300\" height=\"101\" \/><\/a><\/p>\n","protected":false},"excerpt":{"rendered":"<p>PASOS DE CASOS A SEGUIR PARA LOS PROCESOS JUDICIALES: Obtenga el aviso de deficiencia y documentos de la corte. Conserve su declaraci\u00f3n de impuesto, si la tiene. Guarde los documentos de auditor\u00eda del IRS, si los tiene. Conserve todos los avisos del IRS que tenga. Haga una cita con el Lic. Hopkins o haga clic [&hellip;]<\/p>\n","protected":false},"author":1,"featured_media":0,"parent":94,"menu_order":8,"comment_status":"closed","ping_status":"closed","template":"","meta":{"_genesis_hide_title":false,"_genesis_hide_breadcrumbs":false,"_genesis_hide_singular_image":false,"_genesis_hide_footer_widgets":false,"_genesis_custom_body_class":"","_genesis_custom_post_class":"","_genesis_layout":"","footnotes":""},"class_list":{"0":"post-268","1":"page","2":"type-page","3":"status-publish","5":"entry"},"yoast_head":"<!-- This site is optimized with the Yoast SEO Premium plugin v27.0 (Yoast SEO v27.3) - https:\/\/yoast.com\/product\/yoast-seo-premium-wordpress\/ -->\n<title>Corte. Prep\u00e1rese para los procesos judiciales - J. David Hopkins, JD LLM<\/title>\n<meta name=\"description\" content=\"Corte: no cometa errores; nuestro abogado fiscal, el Lic. Hopkins, preparar\u00e1 un Plan de Acci\u00f3n para que gane su caso.\" \/>\n<meta name=\"robots\" content=\"index, follow, max-snippet:-1, max-image-preview:large, max-video-preview:-1\" \/>\n<link rel=\"canonical\" href=\"https:\/\/taxhelplaw.com\/sptax\/soluciones\/pasos-de-casos-corte\/\" \/>\n<meta property=\"og:locale\" content=\"es_MX\" \/>\n<meta property=\"og:type\" content=\"article\" \/>\n<meta property=\"og:title\" content=\"Corte\" \/>\n<meta property=\"og:description\" content=\"Corte: no cometa errores; nuestro abogado fiscal, el Lic. Hopkins, preparar\u00e1 un Plan de Acci\u00f3n para que gane su caso.\" \/>\n<meta property=\"og:url\" content=\"https:\/\/taxhelplaw.com\/sptax\/soluciones\/pasos-de-casos-corte\/\" \/>\n<meta property=\"og:site_name\" content=\"J. David Hopkins, JD LLM\" \/>\n<meta property=\"article:modified_time\" content=\"2022-12-05T00:46:40+00:00\" \/>\n<meta property=\"og:image\" content=\"https:\/\/taxhelplaw.com\/sptax\/wp-content\/uploads\/2022\/01\/taxhelpenespanol.jpg\" \/>\n<meta name=\"twitter:card\" content=\"summary_large_image\" \/>\n<meta name=\"twitter:label1\" content=\"Tiempo de lectura\" \/>\n\t<meta name=\"twitter:data1\" content=\"4 minutos\" \/>\n<script type=\"application\/ld+json\" class=\"yoast-schema-graph\">{\"@context\":\"https:\\\/\\\/schema.org\",\"@graph\":[{\"@type\":\"WebPage\",\"@id\":\"https:\\\/\\\/taxhelplaw.com\\\/sptax\\\/soluciones\\\/pasos-de-casos-corte\\\/\",\"url\":\"https:\\\/\\\/taxhelplaw.com\\\/sptax\\\/soluciones\\\/pasos-de-casos-corte\\\/\",\"name\":\"Corte. Prep\u00e1rese para los procesos judiciales - J. David Hopkins, JD LLM\",\"isPartOf\":{\"@id\":\"https:\\\/\\\/taxhelplaw.com\\\/sptax\\\/#website\"},\"primaryImageOfPage\":{\"@id\":\"https:\\\/\\\/taxhelplaw.com\\\/sptax\\\/soluciones\\\/pasos-de-casos-corte\\\/#primaryimage\"},\"image\":{\"@id\":\"https:\\\/\\\/taxhelplaw.com\\\/sptax\\\/soluciones\\\/pasos-de-casos-corte\\\/#primaryimage\"},\"thumbnailUrl\":\"https:\\\/\\\/taxhelplaw.com\\\/sptax\\\/wp-content\\\/uploads\\\/2022\\\/01\\\/taxhelpenespanol.jpg\",\"datePublished\":\"2015-02-07T18:48:42+00:00\",\"dateModified\":\"2022-12-05T00:46:40+00:00\",\"description\":\"Corte: no cometa errores; nuestro abogado fiscal, el Lic. Hopkins, preparar\u00e1 un Plan de Acci\u00f3n para que gane su caso.\",\"breadcrumb\":{\"@id\":\"https:\\\/\\\/taxhelplaw.com\\\/sptax\\\/soluciones\\\/pasos-de-casos-corte\\\/#breadcrumb\"},\"inLanguage\":\"es\",\"potentialAction\":[{\"@type\":\"ReadAction\",\"target\":[\"https:\\\/\\\/taxhelplaw.com\\\/sptax\\\/soluciones\\\/pasos-de-casos-corte\\\/\"]}]},{\"@type\":\"ImageObject\",\"inLanguage\":\"es\",\"@id\":\"https:\\\/\\\/taxhelplaw.com\\\/sptax\\\/soluciones\\\/pasos-de-casos-corte\\\/#primaryimage\",\"url\":\"https:\\\/\\\/taxhelplaw.com\\\/sptax\\\/wp-content\\\/uploads\\\/2022\\\/01\\\/taxhelpenespanol.jpg\",\"contentUrl\":\"https:\\\/\\\/taxhelplaw.com\\\/sptax\\\/wp-content\\\/uploads\\\/2022\\\/01\\\/taxhelpenespanol.jpg\",\"width\":300,\"height\":101},{\"@type\":\"BreadcrumbList\",\"@id\":\"https:\\\/\\\/taxhelplaw.com\\\/sptax\\\/soluciones\\\/pasos-de-casos-corte\\\/#breadcrumb\",\"itemListElement\":[{\"@type\":\"ListItem\",\"position\":1,\"name\":\"Home\",\"item\":\"https:\\\/\\\/taxhelplaw.com\\\/sptax\\\/\"},{\"@type\":\"ListItem\",\"position\":2,\"name\":\"Soluciones\",\"item\":\"https:\\\/\\\/taxhelplaw.com\\\/sptax\\\/soluciones\\\/\"},{\"@type\":\"ListItem\",\"position\":3,\"name\":\"Corte\"}]},{\"@type\":\"WebSite\",\"@id\":\"https:\\\/\\\/taxhelplaw.com\\\/sptax\\\/#website\",\"url\":\"https:\\\/\\\/taxhelplaw.com\\\/sptax\\\/\",\"name\":\"J. David Hopkins, JD LLM\",\"description\":\"Maestr\u00eda en Derecho Tributario\",\"publisher\":{\"@id\":\"https:\\\/\\\/taxhelplaw.com\\\/sptax\\\/#organization\"},\"alternateName\":\"TaxHelpLaw en Espa\u00f1ol\",\"potentialAction\":[{\"@type\":\"SearchAction\",\"target\":{\"@type\":\"EntryPoint\",\"urlTemplate\":\"https:\\\/\\\/taxhelplaw.com\\\/sptax\\\/?s={search_term_string}\"},\"query-input\":{\"@type\":\"PropertyValueSpecification\",\"valueRequired\":true,\"valueName\":\"search_term_string\"}}],\"inLanguage\":\"es\"},{\"@type\":\"Organization\",\"@id\":\"https:\\\/\\\/taxhelplaw.com\\\/sptax\\\/#organization\",\"name\":\"TaxHelp, Inc.\",\"url\":\"https:\\\/\\\/taxhelplaw.com\\\/sptax\\\/\",\"logo\":{\"@type\":\"ImageObject\",\"inLanguage\":\"es\",\"@id\":\"https:\\\/\\\/taxhelplaw.com\\\/sptax\\\/#\\\/schema\\\/logo\\\/image\\\/\",\"url\":\"https:\\\/\\\/taxhelplaw.com\\\/sptax\\\/wp-content\\\/uploads\\\/2022\\\/01\\\/taxhelpenespanol.jpg\",\"contentUrl\":\"https:\\\/\\\/taxhelplaw.com\\\/sptax\\\/wp-content\\\/uploads\\\/2022\\\/01\\\/taxhelpenespanol.jpg\",\"width\":300,\"height\":101,\"caption\":\"TaxHelp, Inc.\"},\"image\":{\"@id\":\"https:\\\/\\\/taxhelplaw.com\\\/sptax\\\/#\\\/schema\\\/logo\\\/image\\\/\"}}]}<\/script>\n<!-- \/ Yoast SEO Premium plugin. -->","yoast_head_json":{"title":"Corte. Prep\u00e1rese para los procesos judiciales - J. David Hopkins, JD LLM","description":"Corte: no cometa errores; nuestro abogado fiscal, el Lic. Hopkins, preparar\u00e1 un Plan de Acci\u00f3n para que gane su caso.","robots":{"index":"index","follow":"follow","max-snippet":"max-snippet:-1","max-image-preview":"max-image-preview:large","max-video-preview":"max-video-preview:-1"},"canonical":"https:\/\/taxhelplaw.com\/sptax\/soluciones\/pasos-de-casos-corte\/","og_locale":"es_MX","og_type":"article","og_title":"Corte","og_description":"Corte: no cometa errores; nuestro abogado fiscal, el Lic. Hopkins, preparar\u00e1 un Plan de Acci\u00f3n para que gane su caso.","og_url":"https:\/\/taxhelplaw.com\/sptax\/soluciones\/pasos-de-casos-corte\/","og_site_name":"J. David Hopkins, JD LLM","article_modified_time":"2022-12-05T00:46:40+00:00","og_image":[{"url":"https:\/\/taxhelplaw.com\/sptax\/wp-content\/uploads\/2022\/01\/taxhelpenespanol.jpg","type":"","width":"","height":""}],"twitter_card":"summary_large_image","twitter_misc":{"Tiempo de lectura":"4 minutos"},"schema":{"@context":"https:\/\/schema.org","@graph":[{"@type":"WebPage","@id":"https:\/\/taxhelplaw.com\/sptax\/soluciones\/pasos-de-casos-corte\/","url":"https:\/\/taxhelplaw.com\/sptax\/soluciones\/pasos-de-casos-corte\/","name":"Corte. Prep\u00e1rese para los procesos judiciales - J. David Hopkins, JD LLM","isPartOf":{"@id":"https:\/\/taxhelplaw.com\/sptax\/#website"},"primaryImageOfPage":{"@id":"https:\/\/taxhelplaw.com\/sptax\/soluciones\/pasos-de-casos-corte\/#primaryimage"},"image":{"@id":"https:\/\/taxhelplaw.com\/sptax\/soluciones\/pasos-de-casos-corte\/#primaryimage"},"thumbnailUrl":"https:\/\/taxhelplaw.com\/sptax\/wp-content\/uploads\/2022\/01\/taxhelpenespanol.jpg","datePublished":"2015-02-07T18:48:42+00:00","dateModified":"2022-12-05T00:46:40+00:00","description":"Corte: no cometa errores; nuestro abogado fiscal, el Lic. Hopkins, preparar\u00e1 un Plan de Acci\u00f3n para que gane su caso.","breadcrumb":{"@id":"https:\/\/taxhelplaw.com\/sptax\/soluciones\/pasos-de-casos-corte\/#breadcrumb"},"inLanguage":"es","potentialAction":[{"@type":"ReadAction","target":["https:\/\/taxhelplaw.com\/sptax\/soluciones\/pasos-de-casos-corte\/"]}]},{"@type":"ImageObject","inLanguage":"es","@id":"https:\/\/taxhelplaw.com\/sptax\/soluciones\/pasos-de-casos-corte\/#primaryimage","url":"https:\/\/taxhelplaw.com\/sptax\/wp-content\/uploads\/2022\/01\/taxhelpenespanol.jpg","contentUrl":"https:\/\/taxhelplaw.com\/sptax\/wp-content\/uploads\/2022\/01\/taxhelpenespanol.jpg","width":300,"height":101},{"@type":"BreadcrumbList","@id":"https:\/\/taxhelplaw.com\/sptax\/soluciones\/pasos-de-casos-corte\/#breadcrumb","itemListElement":[{"@type":"ListItem","position":1,"name":"Home","item":"https:\/\/taxhelplaw.com\/sptax\/"},{"@type":"ListItem","position":2,"name":"Soluciones","item":"https:\/\/taxhelplaw.com\/sptax\/soluciones\/"},{"@type":"ListItem","position":3,"name":"Corte"}]},{"@type":"WebSite","@id":"https:\/\/taxhelplaw.com\/sptax\/#website","url":"https:\/\/taxhelplaw.com\/sptax\/","name":"J. David Hopkins, JD LLM","description":"Maestr\u00eda en Derecho Tributario","publisher":{"@id":"https:\/\/taxhelplaw.com\/sptax\/#organization"},"alternateName":"TaxHelpLaw en Espa\u00f1ol","potentialAction":[{"@type":"SearchAction","target":{"@type":"EntryPoint","urlTemplate":"https:\/\/taxhelplaw.com\/sptax\/?s={search_term_string}"},"query-input":{"@type":"PropertyValueSpecification","valueRequired":true,"valueName":"search_term_string"}}],"inLanguage":"es"},{"@type":"Organization","@id":"https:\/\/taxhelplaw.com\/sptax\/#organization","name":"TaxHelp, Inc.","url":"https:\/\/taxhelplaw.com\/sptax\/","logo":{"@type":"ImageObject","inLanguage":"es","@id":"https:\/\/taxhelplaw.com\/sptax\/#\/schema\/logo\/image\/","url":"https:\/\/taxhelplaw.com\/sptax\/wp-content\/uploads\/2022\/01\/taxhelpenespanol.jpg","contentUrl":"https:\/\/taxhelplaw.com\/sptax\/wp-content\/uploads\/2022\/01\/taxhelpenespanol.jpg","width":300,"height":101,"caption":"TaxHelp, Inc."},"image":{"@id":"https:\/\/taxhelplaw.com\/sptax\/#\/schema\/logo\/image\/"}}]}},"jetpack_sharing_enabled":true,"_links":{"self":[{"href":"https:\/\/taxhelplaw.com\/sptax\/wp-json\/wp\/v2\/pages\/268","targetHints":{"allow":["GET"]}}],"collection":[{"href":"https:\/\/taxhelplaw.com\/sptax\/wp-json\/wp\/v2\/pages"}],"about":[{"href":"https:\/\/taxhelplaw.com\/sptax\/wp-json\/wp\/v2\/types\/page"}],"author":[{"embeddable":true,"href":"https:\/\/taxhelplaw.com\/sptax\/wp-json\/wp\/v2\/users\/1"}],"replies":[{"embeddable":true,"href":"https:\/\/taxhelplaw.com\/sptax\/wp-json\/wp\/v2\/comments?post=268"}],"version-history":[{"count":12,"href":"https:\/\/taxhelplaw.com\/sptax\/wp-json\/wp\/v2\/pages\/268\/revisions"}],"predecessor-version":[{"id":4682,"href":"https:\/\/taxhelplaw.com\/sptax\/wp-json\/wp\/v2\/pages\/268\/revisions\/4682"}],"up":[{"embeddable":true,"href":"https:\/\/taxhelplaw.com\/sptax\/wp-json\/wp\/v2\/pages\/94"}],"wp:attachment":[{"href":"https:\/\/taxhelplaw.com\/sptax\/wp-json\/wp\/v2\/media?parent=268"}],"curies":[{"name":"wp","href":"https:\/\/api.w.org\/{rel}","templated":true}]}}