{"id":266,"date":"2015-02-07T18:46:33","date_gmt":"2015-02-07T18:46:33","guid":{"rendered":"http:\/\/taxhelplaw.com\/sp\/?page_id=266"},"modified":"2022-11-29T03:24:54","modified_gmt":"2022-11-29T03:24:54","slug":"pasos-de-casos-apelaciones-del-irs","status":"publish","type":"page","link":"https:\/\/taxhelplaw.com\/sptax\/soluciones\/pasos-de-casos-apelaciones-del-irs\/","title":{"rendered":"Apelaciones del IRS"},"content":{"rendered":"<p><strong>PASOS DE CASOS A SEGUIR PARA LAS APELACIONES:<\/strong><\/p>\n<ol>\n<li>Conserve el aviso del IRS otorg\u00e1ndole derecho a la apelaci\u00f3n.<\/li>\n<li>Obtenga todos los documentos que usted ha enviado al IRS.<\/li>\n<li>Conserve todas las cartas que el IRS le ha enviado.<\/li>\n<li>Obtenga una copia de su declaraci\u00f3n de impuestos.<\/li>\n<li>Llame al IRS al 1-800-829-1040 y pida su transcripci\u00f3n de cuenta y su transcripci\u00f3n de salario e ingresos correspondientes a los a\u00f1os que representan un problema. Tambi\u00e9n se puede pedir la transcripci\u00f3n <a href=\"https:\/\/www.irs.gov\/es\/individuals\/get-transcript\" target=\"_blank\" rel=\"noopener\">online<\/a>.<\/li>\n<li>Llame al Lic. Hopkins en Colorado Springs o Pueblo para hacer una cita o haga clic <a class=\"popup\" title=\"Mensaje\" href=\"https:\/\/taxhelplaw.com\/sptax\/firma\/contactenos\/cita\/\">aqu\u00ed<\/a>.<\/li>\n<li>Traiga todos los documentos a la consulta con el abogado.<br \/>\n\u00a1Nos vemos!<\/li>\n<\/ol>\n<p><em><span style=\"font-size: 10pt;\">*Su cita con el abogado ser\u00e1 m\u00e1s\u00a0 productiva si llama al IRS al 1-800-829-1040 y pide una transcripci\u00f3n de cuenta y una transcripci\u00f3n de salario e ingresos. Vea abajo.<\/span><\/em><\/p>\n<p>Las apelaciones del IRS pueden ser muy lentas pero convenientemente \u00fatiles. Si usted piensa que tiene un buen caso, una apelaci\u00f3n ser\u00eda apropiada.<\/p>\n<p>Si usted anticipa problemas, la <a title=\"Pasos de Casos \u2013 Corte\" href=\"\/\/taxhelplaw.com\/sptax\/soluciones\/pasos-de-casos-corte\/\"><strong>Corte<\/strong><\/a> ser\u00eda una mejor opci\u00f3n. Tal vez no necesite un abogado fiscal, solamente ayuda legal.<\/p>\n<p>Hay varios tipos de apelaciones y muchas razones para apelar. Usted podr\u00eda apelar una auditor\u00eda desfavorable, una recaudaci\u00f3n de impuestos dificultosa, un gravamen o embargo, una resoluci\u00f3n negativa, o rechazo de beneficios.<\/p>\n<p>El proceso es lento en el IRS y no tienen incentivo para invalidar la decisi\u00f3n de su empleado.<\/p>\n<p><strong>Apelar una auditor\u00eda<\/strong>:<\/p>\n<p>Si usted est\u00e1 apelando una auditor\u00eda del IRS, podr\u00eda completar el Formulario <a class=\"popup\" title=\"Formulario 12203\" href=\"\/\/www.irs.gov\/pub\/irs-pdf\/f12203.pdf\" target=\"_blank\" rel=\"noopener\"><strong>12203<\/strong><\/a> si la cantidad es menos de $25.000. Tambi\u00e9n se puede hacer una Protesta Formal pero no hay formulario para \u00e9sta. Hay que mandar la apelaci\u00f3n a la oficina del IRS con la siguiente informaci\u00f3n:<\/p>\n<ul>\n<li>Su nombre, direcci\u00f3n y n\u00famero de tel\u00e9fono diurno.<\/li>\n<li>Una declaraci\u00f3n diciendo que usted quiere apelar.<\/li>\n<li>Una copia de la carta que muestre los cambios propuestos, con los que usted no est\u00e1 de acuerdo.<\/li>\n<li>Los impuestos de los a\u00f1os en cuesti\u00f3n.<\/li>\n<li>Una lista de los cambios con los que usted no est\u00e1 de acuerdo y por qu\u00e9 no est\u00e1 de acuerdo.<\/li>\n<li>Los hechos que apoye su posici\u00f3n.<\/li>\n<li>La ley o autoridad en la que usted se est\u00e1 basando, si existe.<\/li>\n<li>Su firma en la declaraci\u00f3n diciendo que lo escrito es cierto bajo pena de perjurio, como sigue:<br \/>\n<em>\u201cBajo pena de perjurio, declaro que he examinado los datos expresados en este documento y los documentos que lo acompa\u00f1an, y que de acuerdo a mi mejor saber y entender, son verdaderos, correctos y completos.\u201d<\/em><\/li>\n<\/ul>\n<p><strong>Apelar responsabilidad conjunta<\/strong>:<\/p>\n<p>Si usted firm\u00f3 una declaraci\u00f3n de impuesto con el estado civil de casado y presentando conjuntamente, y piensa que no debe ser responsable por el impuesto atribuible a su esposa\/esposo, podr\u00eda presentar una solicitud de Alivio para el C\u00f3nyuge Inocente con el Formulario <a class=\"popup\" title=\"Formulario 8857\" href=\"\/\/www.irs.gov\/pub\/irs-pdf\/f8857sp.pdf\" target=\"_blank\" rel=\"noopener\"><strong>8857<\/strong><\/a>.<\/p>\n<p>Si ya solicit\u00f3 esta ayuda pero la negaron, se puede apelar usando el Formulario <a class=\"popup\" title=\"Formulario 12509\" href=\"\/\/www.irs.gov\/pub\/irs-pdf\/f12509.pdf\" target=\"_blank\" rel=\"noopener\"><strong>12509<\/strong><\/a>.<\/p>\n<p><strong>Apelar los cobros<\/strong>:<\/p>\n<p>Para la apelaci\u00f3n de proceso debido para cobro se usa el Formulario <a class=\"popup\" title=\"Formulario 12153\" href=\"\/\/www.irs.gov\/pub\/irs-pdf\/f12153sp.pdf\" target=\"_blank\" rel=\"noopener\"><strong>12153<\/strong><\/a>.<\/p>\n<p>Si el IRS le est\u00e1 confiscando sus bienes, una apelaci\u00f3n es la \u00fanica soluci\u00f3n ya que, por ley, la Corte no puede parar al IRS.<\/p>\n<p>Tambi\u00e9n se puede apelar con el defensor de los contribuyentes usando el Formulario <a class=\"popup\" title=\"Formulario 911\" href=\"\/\/www.irs.gov\/pub\/irs-pdf\/f911.pdf\" target=\"_blank\" rel=\"noopener\"><strong>911<\/strong><\/a>. Pero solamente otorgan ayuda en casos de adversidad y donde los procesos regulares del IRS han fallado. El defensor de los contribuyentes es capaz de retrasar y cuestionar los cobros pero no puede invalidar el mandato de cobro obligatorio.<\/p>\n<p>Con cualquiera de estas apelaciones, el m\u00e9todo y la manera usados para responder los formularios y preguntas son esenciales para que la apelaci\u00f3n sea exitosa. Con cualquiera de estas apelaciones, usted extiende la ley de prescripci\u00f3n simplemente con el hecho de apelar.<\/p>\n<p>Por favor no complete ning\u00fan cuestionario del IRS hasta que haya hablado con el Lic. Hopkins. \u00a1Lo que usted declara en escrito ser\u00e1 usado en su contra!<\/p>\n<p>&nbsp;<\/p>\n<p><a href=\"https:\/\/taxhelplaw.com\/sptax\/sample-page-2\/contactenos\/\"><img loading=\"lazy\" decoding=\"async\" class=\"aligncenter size-full wp-image-3464\" title=\"Apelaciones del IRS\" src=\"https:\/\/taxhelplaw.com\/sptax\/wp-content\/uploads\/2022\/01\/taxhelpenespanol.jpg\" alt=\"Apelaciones del IRS. Abogado de derecho fiscal en Colorado Springs. Abogado de impuestos en Colorado Springs\" width=\"300\" height=\"101\" \/><\/a><\/p>\n<p>&nbsp;<\/p>\n<p><span style=\"font-size: 10pt;\"><em>* Las transcripciones de salario e ingresos son expedientes generados por computadoras del IRS basados en su trabajo, banco, compa\u00f1\u00eda de hipoteca, etc. y muestran en detalle su cuenta con el IRS. Si a usted le da nervios hablarles, entonces traiga todo lo que m\u00e1s pueda a la entrevista con el abogado. Si le habla al IRS, puede ser que sean r\u00edgidos pero no se preocupe, usted necesita las transcripciones de salario e ingresos y la transcripci\u00f3n de su cuenta con el IRS. D\u00edgales que no est\u00e1 preparado para hablar todav\u00eda y necesita esos documentos para obtener ayuda legal. \u00a1No discuta!<\/em><\/span><\/p>\n<p>&nbsp;<\/p>\n","protected":false},"excerpt":{"rendered":"<p>PASOS DE CASOS A SEGUIR PARA LAS APELACIONES: Conserve el aviso del IRS otorg\u00e1ndole derecho a la apelaci\u00f3n. Obtenga todos los documentos que usted ha enviado al IRS. Conserve todas las cartas que el IRS le ha enviado. Obtenga una copia de su declaraci\u00f3n de impuestos. Llame al IRS al 1-800-829-1040 y pida su transcripci\u00f3n [&hellip;]<\/p>\n","protected":false},"author":1,"featured_media":0,"parent":94,"menu_order":7,"comment_status":"closed","ping_status":"closed","template":"","meta":{"_genesis_hide_title":false,"_genesis_hide_breadcrumbs":false,"_genesis_hide_singular_image":false,"_genesis_hide_footer_widgets":false,"_genesis_custom_body_class":"","_genesis_custom_post_class":"","_genesis_layout":"","footnotes":""},"class_list":{"0":"post-266","1":"page","2":"type-page","3":"status-publish","5":"entry"},"yoast_head":"<!-- This site is optimized with the Yoast SEO Premium plugin v27.0 (Yoast SEO v27.4) - https:\/\/yoast.com\/product\/yoast-seo-premium-wordpress\/ -->\n<title>Apelaciones del IRS. C\u00f3mo prepararse - TaxHelpLaw<\/title>\n<meta name=\"description\" content=\"Apelaciones del IRS: pasos a seguir. Consejos del Lic. Hopkins, abogado fiscal, con muchos a\u00f1os de experiencia.\" \/>\n<meta name=\"robots\" content=\"index, follow, max-snippet:-1, max-image-preview:large, max-video-preview:-1\" \/>\n<link rel=\"canonical\" href=\"https:\/\/taxhelplaw.com\/sptax\/soluciones\/pasos-de-casos-apelaciones-del-irs\/\" \/>\n<meta property=\"og:locale\" content=\"es_MX\" \/>\n<meta property=\"og:type\" content=\"article\" \/>\n<meta property=\"og:title\" content=\"Apelaciones del IRS\" \/>\n<meta property=\"og:description\" content=\"Apelaciones del IRS: pasos a seguir. Consejos del Lic. Hopkins, abogado fiscal, con muchos a\u00f1os de experiencia.\" \/>\n<meta property=\"og:url\" content=\"https:\/\/taxhelplaw.com\/sptax\/soluciones\/pasos-de-casos-apelaciones-del-irs\/\" \/>\n<meta property=\"og:site_name\" content=\"J. David Hopkins, JD LLM\" \/>\n<meta property=\"article:modified_time\" content=\"2022-11-29T03:24:54+00:00\" \/>\n<meta property=\"og:image\" content=\"https:\/\/taxhelplaw.com\/sptax\/wp-content\/uploads\/2022\/01\/taxhelpenespanol.jpg\" \/>\n<meta name=\"twitter:card\" content=\"summary_large_image\" \/>\n<meta name=\"twitter:label1\" content=\"Tiempo de lectura\" \/>\n\t<meta name=\"twitter:data1\" content=\"4 minutos\" \/>\n<script type=\"application\/ld+json\" class=\"yoast-schema-graph\">{\"@context\":\"https:\\\/\\\/schema.org\",\"@graph\":[{\"@type\":\"WebPage\",\"@id\":\"https:\\\/\\\/taxhelplaw.com\\\/sptax\\\/soluciones\\\/pasos-de-casos-apelaciones-del-irs\\\/\",\"url\":\"https:\\\/\\\/taxhelplaw.com\\\/sptax\\\/soluciones\\\/pasos-de-casos-apelaciones-del-irs\\\/\",\"name\":\"Apelaciones del IRS. C\u00f3mo prepararse - TaxHelpLaw\",\"isPartOf\":{\"@id\":\"https:\\\/\\\/taxhelplaw.com\\\/sptax\\\/#website\"},\"primaryImageOfPage\":{\"@id\":\"https:\\\/\\\/taxhelplaw.com\\\/sptax\\\/soluciones\\\/pasos-de-casos-apelaciones-del-irs\\\/#primaryimage\"},\"image\":{\"@id\":\"https:\\\/\\\/taxhelplaw.com\\\/sptax\\\/soluciones\\\/pasos-de-casos-apelaciones-del-irs\\\/#primaryimage\"},\"thumbnailUrl\":\"https:\\\/\\\/taxhelplaw.com\\\/sptax\\\/wp-content\\\/uploads\\\/2022\\\/01\\\/taxhelpenespanol.jpg\",\"datePublished\":\"2015-02-07T18:46:33+00:00\",\"dateModified\":\"2022-11-29T03:24:54+00:00\",\"description\":\"Apelaciones del IRS: pasos a seguir. Consejos del Lic. Hopkins, abogado fiscal, con muchos a\u00f1os de experiencia.\",\"breadcrumb\":{\"@id\":\"https:\\\/\\\/taxhelplaw.com\\\/sptax\\\/soluciones\\\/pasos-de-casos-apelaciones-del-irs\\\/#breadcrumb\"},\"inLanguage\":\"es\",\"potentialAction\":[{\"@type\":\"ReadAction\",\"target\":[\"https:\\\/\\\/taxhelplaw.com\\\/sptax\\\/soluciones\\\/pasos-de-casos-apelaciones-del-irs\\\/\"]}]},{\"@type\":\"ImageObject\",\"inLanguage\":\"es\",\"@id\":\"https:\\\/\\\/taxhelplaw.com\\\/sptax\\\/soluciones\\\/pasos-de-casos-apelaciones-del-irs\\\/#primaryimage\",\"url\":\"https:\\\/\\\/taxhelplaw.com\\\/sptax\\\/wp-content\\\/uploads\\\/2022\\\/01\\\/taxhelpenespanol.jpg\",\"contentUrl\":\"https:\\\/\\\/taxhelplaw.com\\\/sptax\\\/wp-content\\\/uploads\\\/2022\\\/01\\\/taxhelpenespanol.jpg\",\"width\":300,\"height\":101},{\"@type\":\"BreadcrumbList\",\"@id\":\"https:\\\/\\\/taxhelplaw.com\\\/sptax\\\/soluciones\\\/pasos-de-casos-apelaciones-del-irs\\\/#breadcrumb\",\"itemListElement\":[{\"@type\":\"ListItem\",\"position\":1,\"name\":\"Home\",\"item\":\"https:\\\/\\\/taxhelplaw.com\\\/sptax\\\/\"},{\"@type\":\"ListItem\",\"position\":2,\"name\":\"Soluciones\",\"item\":\"https:\\\/\\\/taxhelplaw.com\\\/sptax\\\/soluciones\\\/\"},{\"@type\":\"ListItem\",\"position\":3,\"name\":\"Apelaciones del IRS\"}]},{\"@type\":\"WebSite\",\"@id\":\"https:\\\/\\\/taxhelplaw.com\\\/sptax\\\/#website\",\"url\":\"https:\\\/\\\/taxhelplaw.com\\\/sptax\\\/\",\"name\":\"J. David Hopkins, JD LLM\",\"description\":\"Maestr\u00eda en Derecho Tributario\",\"publisher\":{\"@id\":\"https:\\\/\\\/taxhelplaw.com\\\/sptax\\\/#organization\"},\"alternateName\":\"TaxHelpLaw en Espa\u00f1ol\",\"potentialAction\":[{\"@type\":\"SearchAction\",\"target\":{\"@type\":\"EntryPoint\",\"urlTemplate\":\"https:\\\/\\\/taxhelplaw.com\\\/sptax\\\/?s={search_term_string}\"},\"query-input\":{\"@type\":\"PropertyValueSpecification\",\"valueRequired\":true,\"valueName\":\"search_term_string\"}}],\"inLanguage\":\"es\"},{\"@type\":\"Organization\",\"@id\":\"https:\\\/\\\/taxhelplaw.com\\\/sptax\\\/#organization\",\"name\":\"TaxHelp, Inc.\",\"url\":\"https:\\\/\\\/taxhelplaw.com\\\/sptax\\\/\",\"logo\":{\"@type\":\"ImageObject\",\"inLanguage\":\"es\",\"@id\":\"https:\\\/\\\/taxhelplaw.com\\\/sptax\\\/#\\\/schema\\\/logo\\\/image\\\/\",\"url\":\"https:\\\/\\\/taxhelplaw.com\\\/sptax\\\/wp-content\\\/uploads\\\/2022\\\/01\\\/taxhelpenespanol.jpg\",\"contentUrl\":\"https:\\\/\\\/taxhelplaw.com\\\/sptax\\\/wp-content\\\/uploads\\\/2022\\\/01\\\/taxhelpenespanol.jpg\",\"width\":300,\"height\":101,\"caption\":\"TaxHelp, Inc.\"},\"image\":{\"@id\":\"https:\\\/\\\/taxhelplaw.com\\\/sptax\\\/#\\\/schema\\\/logo\\\/image\\\/\"}}]}<\/script>\n<!-- \/ Yoast SEO Premium plugin. -->","yoast_head_json":{"title":"Apelaciones del IRS. C\u00f3mo prepararse - TaxHelpLaw","description":"Apelaciones del IRS: pasos a seguir. Consejos del Lic. Hopkins, abogado fiscal, con muchos a\u00f1os de experiencia.","robots":{"index":"index","follow":"follow","max-snippet":"max-snippet:-1","max-image-preview":"max-image-preview:large","max-video-preview":"max-video-preview:-1"},"canonical":"https:\/\/taxhelplaw.com\/sptax\/soluciones\/pasos-de-casos-apelaciones-del-irs\/","og_locale":"es_MX","og_type":"article","og_title":"Apelaciones del IRS","og_description":"Apelaciones del IRS: pasos a seguir. Consejos del Lic. Hopkins, abogado fiscal, con muchos a\u00f1os de experiencia.","og_url":"https:\/\/taxhelplaw.com\/sptax\/soluciones\/pasos-de-casos-apelaciones-del-irs\/","og_site_name":"J. David Hopkins, JD LLM","article_modified_time":"2022-11-29T03:24:54+00:00","og_image":[{"url":"https:\/\/taxhelplaw.com\/sptax\/wp-content\/uploads\/2022\/01\/taxhelpenespanol.jpg","type":"","width":"","height":""}],"twitter_card":"summary_large_image","twitter_misc":{"Tiempo de lectura":"4 minutos"},"schema":{"@context":"https:\/\/schema.org","@graph":[{"@type":"WebPage","@id":"https:\/\/taxhelplaw.com\/sptax\/soluciones\/pasos-de-casos-apelaciones-del-irs\/","url":"https:\/\/taxhelplaw.com\/sptax\/soluciones\/pasos-de-casos-apelaciones-del-irs\/","name":"Apelaciones del IRS. C\u00f3mo prepararse - TaxHelpLaw","isPartOf":{"@id":"https:\/\/taxhelplaw.com\/sptax\/#website"},"primaryImageOfPage":{"@id":"https:\/\/taxhelplaw.com\/sptax\/soluciones\/pasos-de-casos-apelaciones-del-irs\/#primaryimage"},"image":{"@id":"https:\/\/taxhelplaw.com\/sptax\/soluciones\/pasos-de-casos-apelaciones-del-irs\/#primaryimage"},"thumbnailUrl":"https:\/\/taxhelplaw.com\/sptax\/wp-content\/uploads\/2022\/01\/taxhelpenespanol.jpg","datePublished":"2015-02-07T18:46:33+00:00","dateModified":"2022-11-29T03:24:54+00:00","description":"Apelaciones del IRS: pasos a seguir. Consejos del Lic. Hopkins, abogado fiscal, con muchos a\u00f1os de experiencia.","breadcrumb":{"@id":"https:\/\/taxhelplaw.com\/sptax\/soluciones\/pasos-de-casos-apelaciones-del-irs\/#breadcrumb"},"inLanguage":"es","potentialAction":[{"@type":"ReadAction","target":["https:\/\/taxhelplaw.com\/sptax\/soluciones\/pasos-de-casos-apelaciones-del-irs\/"]}]},{"@type":"ImageObject","inLanguage":"es","@id":"https:\/\/taxhelplaw.com\/sptax\/soluciones\/pasos-de-casos-apelaciones-del-irs\/#primaryimage","url":"https:\/\/taxhelplaw.com\/sptax\/wp-content\/uploads\/2022\/01\/taxhelpenespanol.jpg","contentUrl":"https:\/\/taxhelplaw.com\/sptax\/wp-content\/uploads\/2022\/01\/taxhelpenespanol.jpg","width":300,"height":101},{"@type":"BreadcrumbList","@id":"https:\/\/taxhelplaw.com\/sptax\/soluciones\/pasos-de-casos-apelaciones-del-irs\/#breadcrumb","itemListElement":[{"@type":"ListItem","position":1,"name":"Home","item":"https:\/\/taxhelplaw.com\/sptax\/"},{"@type":"ListItem","position":2,"name":"Soluciones","item":"https:\/\/taxhelplaw.com\/sptax\/soluciones\/"},{"@type":"ListItem","position":3,"name":"Apelaciones del IRS"}]},{"@type":"WebSite","@id":"https:\/\/taxhelplaw.com\/sptax\/#website","url":"https:\/\/taxhelplaw.com\/sptax\/","name":"J. David Hopkins, JD LLM","description":"Maestr\u00eda en Derecho Tributario","publisher":{"@id":"https:\/\/taxhelplaw.com\/sptax\/#organization"},"alternateName":"TaxHelpLaw en Espa\u00f1ol","potentialAction":[{"@type":"SearchAction","target":{"@type":"EntryPoint","urlTemplate":"https:\/\/taxhelplaw.com\/sptax\/?s={search_term_string}"},"query-input":{"@type":"PropertyValueSpecification","valueRequired":true,"valueName":"search_term_string"}}],"inLanguage":"es"},{"@type":"Organization","@id":"https:\/\/taxhelplaw.com\/sptax\/#organization","name":"TaxHelp, Inc.","url":"https:\/\/taxhelplaw.com\/sptax\/","logo":{"@type":"ImageObject","inLanguage":"es","@id":"https:\/\/taxhelplaw.com\/sptax\/#\/schema\/logo\/image\/","url":"https:\/\/taxhelplaw.com\/sptax\/wp-content\/uploads\/2022\/01\/taxhelpenespanol.jpg","contentUrl":"https:\/\/taxhelplaw.com\/sptax\/wp-content\/uploads\/2022\/01\/taxhelpenespanol.jpg","width":300,"height":101,"caption":"TaxHelp, Inc."},"image":{"@id":"https:\/\/taxhelplaw.com\/sptax\/#\/schema\/logo\/image\/"}}]}},"jetpack_sharing_enabled":true,"_links":{"self":[{"href":"https:\/\/taxhelplaw.com\/sptax\/wp-json\/wp\/v2\/pages\/266","targetHints":{"allow":["GET"]}}],"collection":[{"href":"https:\/\/taxhelplaw.com\/sptax\/wp-json\/wp\/v2\/pages"}],"about":[{"href":"https:\/\/taxhelplaw.com\/sptax\/wp-json\/wp\/v2\/types\/page"}],"author":[{"embeddable":true,"href":"https:\/\/taxhelplaw.com\/sptax\/wp-json\/wp\/v2\/users\/1"}],"replies":[{"embeddable":true,"href":"https:\/\/taxhelplaw.com\/sptax\/wp-json\/wp\/v2\/comments?post=266"}],"version-history":[{"count":11,"href":"https:\/\/taxhelplaw.com\/sptax\/wp-json\/wp\/v2\/pages\/266\/revisions"}],"predecessor-version":[{"id":4349,"href":"https:\/\/taxhelplaw.com\/sptax\/wp-json\/wp\/v2\/pages\/266\/revisions\/4349"}],"up":[{"embeddable":true,"href":"https:\/\/taxhelplaw.com\/sptax\/wp-json\/wp\/v2\/pages\/94"}],"wp:attachment":[{"href":"https:\/\/taxhelplaw.com\/sptax\/wp-json\/wp\/v2\/media?parent=266"}],"curies":[{"name":"wp","href":"https:\/\/api.w.org\/{rel}","templated":true}]}}