{"id":256,"date":"2015-02-07T05:39:55","date_gmt":"2015-02-07T05:39:55","guid":{"rendered":"http:\/\/taxhelplaw.com\/sp\/?page_id=256"},"modified":"2022-11-29T02:59:42","modified_gmt":"2022-11-29T02:59:42","slug":"pasos-de-casos-errores-de-declaracion","status":"publish","type":"page","link":"https:\/\/taxhelplaw.com\/sptax\/soluciones\/pasos-de-casos-errores-de-declaracion\/","title":{"rendered":"Errores de Declaraci\u00f3n"},"content":{"rendered":"<p><strong>PASOS DE CASOS A SEGUIR SI HAY ERRORES EN LAS DECLARACIONES:<\/strong><\/p>\n<ol>\n<li>Obtenga el aviso que el IRS le envi\u00f3.<\/li>\n<li>Obtenga la declaraci\u00f3n de impuestos.<\/li>\n<li>Si est\u00e1n f\u00e1cilmente disponibles, haga una copia de bancarrotas o divorcios de los \u00faltimos tres a\u00f1os.<\/li>\n<li>Haga copias de cualquier documento que usted considere\u00a0 de importancia. Llame al Lic. Hopkins en Colorado Springs o Pueblo para hacer una cita o haga clic <a class=\"popup\" title=\"Mensaje\" href=\"https:\/\/taxhelplaw.com\/sptax\/firma\/contactenos\/cita\/\">aqu\u00ed<\/a>.<\/li>\n<li>Traiga todos los documentos a la cita. \u00a1Nos vemos!<\/li>\n<\/ol>\n<p>En los siguientes avisos el IRS quiere que usted sepa que ha cometido un error en su declaraci\u00f3n de impuestos, ya sea un error matem\u00e1tico, se olvid\u00f3 de algo o present\u00f3 la declaraci\u00f3n tarde.<\/p>\n<p>Cada aviso requiere una respuesta diferente pero espec\u00edfica dependiendo de su circunstancia y evidencia.<br \/>\nSi usted completa los Pasos a seguir de arriba, su consulta con el Lic. Hopkins ser\u00e1 m\u00e1s productiva y sus problemas probablemente se resolver\u00e1n de una vez.<\/p>\n<p>D\u00f3nde responder: en la parte de arriba a la izquierda de cada documento est\u00e1 la direcci\u00f3n del IRS. Por favor env\u00ede todos los documentos por correo certificado o entrega al d\u00eda siguiente para que le den el recibo.<\/p>\n<p>Avisos <strong><span style=\"color: #0000ff;\"><a style=\"color: #0000ff;\" title=\"Aviso CP2000\" href=\"\/\/taxhelplaw.com\/sptax\/soluciones\/pasos-de-casos-errores-de-declaracion\/aviso-cp2000\/\">CP2000<\/a><\/span><\/strong> y <strong><span style=\"color: #0000ff;\"><a style=\"color: #0000ff;\" title=\"Aviso CP711\" href=\"\/\/taxhelplaw.com\/sptax\/soluciones\/pasos-de-casos-errores-de-declaracion\/aviso-cp711\/\">CP711<\/a><\/span><\/strong>; <strong><span style=\"color: #0000ff;\"><a style=\"color: #0000ff;\" title=\"Aviso CP10\" href=\"\/\/taxhelplaw.com\/sptax\/soluciones\/pasos-de-casos-errores-de-declaracion\/aviso-cp10\/\">CP10<\/a><\/span><\/strong>, <strong><span style=\"color: #0000ff;\"><a style=\"color: #0000ff;\" title=\"Aviso CP712\" href=\"\/\/taxhelplaw.com\/sptax\/soluciones\/pasos-de-casos-errores-de-declaracion\/aviso-cp712\/\">CP712<\/a><\/span><\/strong> y <strong><span style=\"color: #0000ff;\"><a style=\"color: #0000ff;\" title=\"Aviso CP16\" href=\"\/\/taxhelplaw.com\/sptax\/soluciones\/pasos-de-casos-errores-de-declaracion\/aviso-cp16\/\">CP16<\/a><\/span><\/strong>:<\/p>\n<p>El IRS usa estos formularios para proponer cambios en su declaraci\u00f3n de impuestos cuando sus archivos son diferentes de lo que usted declar\u00f3. Ellos tienen por lo menos un documento que no combina y necesitan una explicaci\u00f3n.<br \/>\nEl IRS tiene todos sus archivos y nosotros tambi\u00e9n los podemos obtener.<\/p>\n<p>Como el abogado le explicar\u00e1, su estrategia para disputar el aviso del IRS depender\u00e1 del problema mismo y de la evidencia que usted tiene. A esta altura, el IRS no le puede cobrar as\u00ed que no se preocupe.<\/p>\n<p>Sin embargo, usted tiene solamente 60 d\u00edas para solucionar esta disputa as\u00ed que por favor haga una cita lo m\u00e1s pronto posible. Usted simplemente necesita conciliar los archivos con los de ellos, por lo tanto una sola cita generalmente es suficiente. El abogado fiscal le puede preparar un Plan de Acci\u00f3n.<\/p>\n<p>Anda cautelosamente si recibe un <a class=\"popup\" title=\"Aviso CP713\" href=\"https:\/\/www.irs.gov\/pub\/notices\/cp713_spanish.pdf\" target=\"_blank\" rel=\"noopener\"><strong><span style=\"color: #0000ff;\">CP713<\/span><\/strong><\/a>. Parece que no hay un problema porque no hay una cantidad adeudada. Pero, el IRS ha cambiado su planilla y tal vez ellos le debe un reembolso. Siga las mismas instrucciones: 1) Obtenga las transcripcciones y 2) Traigalas a nuestra oficina para que podamos revisarlas y contruir un plan para usted.<\/p>\n<p>Igual con el <a class=\"popup\" href=\"https:\/\/www.irs.gov\/pub\/notices\/cp51c_spanish.pdf\"><strong><span style=\"color: #0000ff;\">Aviso CP51C<\/span><\/strong><\/a>. Mant\u00e9ngase alerta y comprobar su planilla con los cambios que el IRS hizo. Verific\u00e1rlas con las transcripcciones de su cuenta con el IRS.<\/p>\n<p>Avisos <strong><span style=\"color: #0000ff;\"><a style=\"color: #0000ff;\" title=\"Aviso CP721\" href=\"\/\/taxhelplaw.com\/sptax\/soluciones\/pasos-de-casos-errores-de-declaracion\/aviso-cp721\/\">CP721<\/a><\/span><\/strong> y <strong><span style=\"color: #0000ff;\"><a style=\"color: #0000ff;\" title=\"Aviso CP722\" href=\"\/\/taxhelplaw.com\/sptax\/soluciones\/pasos-de-casos-errores-de-declaracion\/aviso-cp722\/\">CP722<\/a><\/span><\/strong>:<\/p>\n<p>El Aviso CP721A y CP722A son para hacer correcciones que usted provey\u00f3 con una declaraci\u00f3n enmendada, o con informaci\u00f3n que usted mand\u00f3.<\/p>\n<p>Los Avisos CP721E y CP722E son para hacer correcciones basadas en una auditor\u00eda. Despu\u00e9s de revisar los documentos, usted puede estar de acuerdo con el IRS pero si no est\u00e1 de acuerdo, o est\u00e1 confundido, p\u00f3ngase en contacto con nosotros.<\/p>\n<p>Si usted le escribe al IRS y no le contestan, puede que tenga que Apelar la decisi\u00f3n o buscar ayuda de un Defensor del Contribuyente.<\/p>\n<p>Avisos <span style=\"color: #0000ff;\"><strong><a style=\"color: #0000ff;\" title=\"Aviso CP23\" href=\"\/\/taxhelplaw.com\/sptax\/soluciones\/pasos-de-casos-errores-de-declaracion\/aviso-cp23\/\">CP23<\/a><\/strong><\/span> y <strong><span style=\"color: #0000ff;\"><a style=\"color: #0000ff;\" title=\"Avisos CP20 y CP24\" href=\"https:\/\/taxhelplaw.com\/sptax\/soluciones\/pasos-de-casos-errores-de-declaracion\/aviso-cp24-y-cp20\/\">CP24<\/a><\/span><\/strong>:<\/p>\n<p>Estos avisos le informan que, seg\u00fan el IRS,\u00a0 sus impuestos estimados son diferentes de lo que usted report\u00f3 en su declaraci\u00f3n de impuestos. Esto puede pasar si el IRS us\u00f3 su pago para pagar impuestos atrasados en vez de los actuales.<\/p>\n<p>Obtenga sus expedientes de pago y nosotros obtendremos el expediente del IRS. Comparando encontraremos la soluci\u00f3n.<\/p>\n<p>Cartas <strong><span style=\"color: #0000ff;\"><a style=\"color: #0000ff;\" title=\"Carta 105C y Carta 106C\" href=\"\/\/taxhelplaw.com\/sptax\/soluciones\/pasos-de-casos-errores-de-declaracion\/carta-105c-y-carta-106c\/\">105C y 106C<\/a><\/span><\/strong>:<\/p>\n<p>Estas cartas son para negarle un reclamo de reembolsos. Cuando usted presenta una declaraci\u00f3n de impuestos, usted declara los impuestos y reembolsos que le correspondan. Esto es un reclamo de reembolsos.<\/p>\n<p>El IRS niega la mayor\u00eda de los reclamos debido al per\u00edodo de espera de 3 a\u00f1os. Usan la Carta 106C si le est\u00e1n negando parcialmente el reclamo.<\/p>\n<p>Si la raz\u00f3n por la cual le niegan el reclamo no es clara o si tiene un caso que usted piensa que vale la pena, p\u00f3ngase en contacto con nosotros\u00a0 para hablar de una posible apelaci\u00f3n o un caso en el Tribunal Federal de Primera Instancia.<\/p>\n<p>Por favor, no complete formularios o responda en forma escrita al IRS hasta que haya hablado con el Lic. Hopkins ya que lo que usted declara en escrito puede ser usado en su contra.<\/p>\n<p>Si usted est\u00e1 teniendo un problema de errores en las declaraciones de impuestos, nosotros le prepararemos un <strong>Plan de Acci\u00f3n<\/strong> espec\u00edficamente para sus necesidades y circunstancias.<\/p>\n<p>&nbsp;<\/p>\n<p><a href=\"https:\/\/taxhelplaw.com\/sptax\/sample-page-2\/contactenos\/\"><img loading=\"lazy\" decoding=\"async\" class=\"aligncenter size-full wp-image-3464\" title=\"Errores en las declaraciones de impuestos\" src=\"https:\/\/taxhelplaw.com\/sptax\/wp-content\/uploads\/2022\/01\/taxhelpenespanol.jpg\" alt=\"Errores en las declaraciones de impuestos. Abogado de derecho fiscal en Colorado Springs. Abogado de impuestos en Colorado Springs\" width=\"300\" height=\"101\" \/><\/a><\/p>\n","protected":false},"excerpt":{"rendered":"<p>PASOS DE CASOS A SEGUIR SI HAY ERRORES EN LAS DECLARACIONES: Obtenga el aviso que el IRS le envi\u00f3. Obtenga la declaraci\u00f3n de impuestos. Si est\u00e1n f\u00e1cilmente disponibles, haga una copia de bancarrotas o divorcios de los \u00faltimos tres a\u00f1os. Haga copias de cualquier documento que usted considere\u00a0 de importancia. Llame al Lic. Hopkins en [&hellip;]<\/p>\n","protected":false},"author":1,"featured_media":0,"parent":94,"menu_order":2,"comment_status":"closed","ping_status":"closed","template":"","meta":{"_genesis_hide_title":false,"_genesis_hide_breadcrumbs":false,"_genesis_hide_singular_image":false,"_genesis_hide_footer_widgets":false,"_genesis_custom_body_class":"","_genesis_custom_post_class":"","_genesis_layout":"","footnotes":""},"class_list":{"0":"post-256","1":"page","2":"type-page","3":"status-publish","5":"entry"},"yoast_head":"<!-- This site is optimized with the Yoast SEO Premium plugin v27.0 (Yoast SEO v27.4) - https:\/\/yoast.com\/product\/yoast-seo-premium-wordpress\/ -->\n<title>Errores en las declaraciones de impuestos - TaxHelpLaw<\/title>\n<meta name=\"description\" content=\"Errores en las declaraciones de impuestos: nuestro abogado fiscal, el Lic. Hopkins, explica. Hay Pasos a seguir para ayudarlo a organizarse.\" \/>\n<meta name=\"robots\" content=\"index, follow, max-snippet:-1, max-image-preview:large, max-video-preview:-1\" \/>\n<link rel=\"canonical\" href=\"https:\/\/taxhelplaw.com\/sptax\/soluciones\/pasos-de-casos-errores-de-declaracion\/\" \/>\n<meta property=\"og:locale\" content=\"es_MX\" \/>\n<meta property=\"og:type\" content=\"article\" \/>\n<meta property=\"og:title\" content=\"Errores de Declaraci\u00f3n\" \/>\n<meta property=\"og:description\" content=\"Errores en las declaraciones de impuestos: nuestro abogado fiscal, el Lic. Hopkins, explica. Hay Pasos a seguir para ayudarlo a organizarse.\" \/>\n<meta property=\"og:url\" content=\"https:\/\/taxhelplaw.com\/sptax\/soluciones\/pasos-de-casos-errores-de-declaracion\/\" \/>\n<meta property=\"og:site_name\" content=\"J. David Hopkins, JD LLM\" \/>\n<meta property=\"article:modified_time\" content=\"2022-11-29T02:59:42+00:00\" \/>\n<meta property=\"og:image\" content=\"https:\/\/taxhelplaw.com\/sptax\/wp-content\/uploads\/2022\/01\/taxhelpenespanol.jpg\" \/>\n<meta name=\"twitter:card\" content=\"summary_large_image\" \/>\n<meta name=\"twitter:label1\" content=\"Tiempo de lectura\" \/>\n\t<meta name=\"twitter:data1\" content=\"4 minutos\" \/>\n<script type=\"application\/ld+json\" class=\"yoast-schema-graph\">{\"@context\":\"https:\\\/\\\/schema.org\",\"@graph\":[{\"@type\":\"WebPage\",\"@id\":\"https:\\\/\\\/taxhelplaw.com\\\/sptax\\\/soluciones\\\/pasos-de-casos-errores-de-declaracion\\\/\",\"url\":\"https:\\\/\\\/taxhelplaw.com\\\/sptax\\\/soluciones\\\/pasos-de-casos-errores-de-declaracion\\\/\",\"name\":\"Errores en las declaraciones de impuestos - TaxHelpLaw\",\"isPartOf\":{\"@id\":\"https:\\\/\\\/taxhelplaw.com\\\/sptax\\\/#website\"},\"primaryImageOfPage\":{\"@id\":\"https:\\\/\\\/taxhelplaw.com\\\/sptax\\\/soluciones\\\/pasos-de-casos-errores-de-declaracion\\\/#primaryimage\"},\"image\":{\"@id\":\"https:\\\/\\\/taxhelplaw.com\\\/sptax\\\/soluciones\\\/pasos-de-casos-errores-de-declaracion\\\/#primaryimage\"},\"thumbnailUrl\":\"https:\\\/\\\/taxhelplaw.com\\\/sptax\\\/wp-content\\\/uploads\\\/2022\\\/01\\\/taxhelpenespanol.jpg\",\"datePublished\":\"2015-02-07T05:39:55+00:00\",\"dateModified\":\"2022-11-29T02:59:42+00:00\",\"description\":\"Errores en las declaraciones de impuestos: nuestro abogado fiscal, el Lic. Hopkins, explica. Hay Pasos a seguir para ayudarlo a organizarse.\",\"breadcrumb\":{\"@id\":\"https:\\\/\\\/taxhelplaw.com\\\/sptax\\\/soluciones\\\/pasos-de-casos-errores-de-declaracion\\\/#breadcrumb\"},\"inLanguage\":\"es\",\"potentialAction\":[{\"@type\":\"ReadAction\",\"target\":[\"https:\\\/\\\/taxhelplaw.com\\\/sptax\\\/soluciones\\\/pasos-de-casos-errores-de-declaracion\\\/\"]}]},{\"@type\":\"ImageObject\",\"inLanguage\":\"es\",\"@id\":\"https:\\\/\\\/taxhelplaw.com\\\/sptax\\\/soluciones\\\/pasos-de-casos-errores-de-declaracion\\\/#primaryimage\",\"url\":\"https:\\\/\\\/taxhelplaw.com\\\/sptax\\\/wp-content\\\/uploads\\\/2022\\\/01\\\/taxhelpenespanol.jpg\",\"contentUrl\":\"https:\\\/\\\/taxhelplaw.com\\\/sptax\\\/wp-content\\\/uploads\\\/2022\\\/01\\\/taxhelpenespanol.jpg\",\"width\":300,\"height\":101},{\"@type\":\"BreadcrumbList\",\"@id\":\"https:\\\/\\\/taxhelplaw.com\\\/sptax\\\/soluciones\\\/pasos-de-casos-errores-de-declaracion\\\/#breadcrumb\",\"itemListElement\":[{\"@type\":\"ListItem\",\"position\":1,\"name\":\"Home\",\"item\":\"https:\\\/\\\/taxhelplaw.com\\\/sptax\\\/\"},{\"@type\":\"ListItem\",\"position\":2,\"name\":\"Soluciones\",\"item\":\"https:\\\/\\\/taxhelplaw.com\\\/sptax\\\/soluciones\\\/\"},{\"@type\":\"ListItem\",\"position\":3,\"name\":\"Errores de Declaraci\u00f3n\"}]},{\"@type\":\"WebSite\",\"@id\":\"https:\\\/\\\/taxhelplaw.com\\\/sptax\\\/#website\",\"url\":\"https:\\\/\\\/taxhelplaw.com\\\/sptax\\\/\",\"name\":\"J. David Hopkins, JD LLM\",\"description\":\"Maestr\u00eda en Derecho Tributario\",\"publisher\":{\"@id\":\"https:\\\/\\\/taxhelplaw.com\\\/sptax\\\/#organization\"},\"alternateName\":\"TaxHelpLaw en Espa\u00f1ol\",\"potentialAction\":[{\"@type\":\"SearchAction\",\"target\":{\"@type\":\"EntryPoint\",\"urlTemplate\":\"https:\\\/\\\/taxhelplaw.com\\\/sptax\\\/?s={search_term_string}\"},\"query-input\":{\"@type\":\"PropertyValueSpecification\",\"valueRequired\":true,\"valueName\":\"search_term_string\"}}],\"inLanguage\":\"es\"},{\"@type\":\"Organization\",\"@id\":\"https:\\\/\\\/taxhelplaw.com\\\/sptax\\\/#organization\",\"name\":\"TaxHelp, Inc.\",\"url\":\"https:\\\/\\\/taxhelplaw.com\\\/sptax\\\/\",\"logo\":{\"@type\":\"ImageObject\",\"inLanguage\":\"es\",\"@id\":\"https:\\\/\\\/taxhelplaw.com\\\/sptax\\\/#\\\/schema\\\/logo\\\/image\\\/\",\"url\":\"https:\\\/\\\/taxhelplaw.com\\\/sptax\\\/wp-content\\\/uploads\\\/2022\\\/01\\\/taxhelpenespanol.jpg\",\"contentUrl\":\"https:\\\/\\\/taxhelplaw.com\\\/sptax\\\/wp-content\\\/uploads\\\/2022\\\/01\\\/taxhelpenespanol.jpg\",\"width\":300,\"height\":101,\"caption\":\"TaxHelp, Inc.\"},\"image\":{\"@id\":\"https:\\\/\\\/taxhelplaw.com\\\/sptax\\\/#\\\/schema\\\/logo\\\/image\\\/\"}}]}<\/script>\n<!-- \/ Yoast SEO Premium plugin. -->","yoast_head_json":{"title":"Errores en las declaraciones de impuestos - TaxHelpLaw","description":"Errores en las declaraciones de impuestos: nuestro abogado fiscal, el Lic. Hopkins, explica. Hay Pasos a seguir para ayudarlo a organizarse.","robots":{"index":"index","follow":"follow","max-snippet":"max-snippet:-1","max-image-preview":"max-image-preview:large","max-video-preview":"max-video-preview:-1"},"canonical":"https:\/\/taxhelplaw.com\/sptax\/soluciones\/pasos-de-casos-errores-de-declaracion\/","og_locale":"es_MX","og_type":"article","og_title":"Errores de Declaraci\u00f3n","og_description":"Errores en las declaraciones de impuestos: nuestro abogado fiscal, el Lic. Hopkins, explica. Hay Pasos a seguir para ayudarlo a organizarse.","og_url":"https:\/\/taxhelplaw.com\/sptax\/soluciones\/pasos-de-casos-errores-de-declaracion\/","og_site_name":"J. David Hopkins, JD LLM","article_modified_time":"2022-11-29T02:59:42+00:00","og_image":[{"url":"https:\/\/taxhelplaw.com\/sptax\/wp-content\/uploads\/2022\/01\/taxhelpenespanol.jpg","type":"","width":"","height":""}],"twitter_card":"summary_large_image","twitter_misc":{"Tiempo de lectura":"4 minutos"},"schema":{"@context":"https:\/\/schema.org","@graph":[{"@type":"WebPage","@id":"https:\/\/taxhelplaw.com\/sptax\/soluciones\/pasos-de-casos-errores-de-declaracion\/","url":"https:\/\/taxhelplaw.com\/sptax\/soluciones\/pasos-de-casos-errores-de-declaracion\/","name":"Errores en las declaraciones de impuestos - TaxHelpLaw","isPartOf":{"@id":"https:\/\/taxhelplaw.com\/sptax\/#website"},"primaryImageOfPage":{"@id":"https:\/\/taxhelplaw.com\/sptax\/soluciones\/pasos-de-casos-errores-de-declaracion\/#primaryimage"},"image":{"@id":"https:\/\/taxhelplaw.com\/sptax\/soluciones\/pasos-de-casos-errores-de-declaracion\/#primaryimage"},"thumbnailUrl":"https:\/\/taxhelplaw.com\/sptax\/wp-content\/uploads\/2022\/01\/taxhelpenespanol.jpg","datePublished":"2015-02-07T05:39:55+00:00","dateModified":"2022-11-29T02:59:42+00:00","description":"Errores en las declaraciones de impuestos: nuestro abogado fiscal, el Lic. Hopkins, explica. Hay Pasos a seguir para ayudarlo a organizarse.","breadcrumb":{"@id":"https:\/\/taxhelplaw.com\/sptax\/soluciones\/pasos-de-casos-errores-de-declaracion\/#breadcrumb"},"inLanguage":"es","potentialAction":[{"@type":"ReadAction","target":["https:\/\/taxhelplaw.com\/sptax\/soluciones\/pasos-de-casos-errores-de-declaracion\/"]}]},{"@type":"ImageObject","inLanguage":"es","@id":"https:\/\/taxhelplaw.com\/sptax\/soluciones\/pasos-de-casos-errores-de-declaracion\/#primaryimage","url":"https:\/\/taxhelplaw.com\/sptax\/wp-content\/uploads\/2022\/01\/taxhelpenespanol.jpg","contentUrl":"https:\/\/taxhelplaw.com\/sptax\/wp-content\/uploads\/2022\/01\/taxhelpenespanol.jpg","width":300,"height":101},{"@type":"BreadcrumbList","@id":"https:\/\/taxhelplaw.com\/sptax\/soluciones\/pasos-de-casos-errores-de-declaracion\/#breadcrumb","itemListElement":[{"@type":"ListItem","position":1,"name":"Home","item":"https:\/\/taxhelplaw.com\/sptax\/"},{"@type":"ListItem","position":2,"name":"Soluciones","item":"https:\/\/taxhelplaw.com\/sptax\/soluciones\/"},{"@type":"ListItem","position":3,"name":"Errores de Declaraci\u00f3n"}]},{"@type":"WebSite","@id":"https:\/\/taxhelplaw.com\/sptax\/#website","url":"https:\/\/taxhelplaw.com\/sptax\/","name":"J. David Hopkins, JD LLM","description":"Maestr\u00eda en Derecho Tributario","publisher":{"@id":"https:\/\/taxhelplaw.com\/sptax\/#organization"},"alternateName":"TaxHelpLaw en Espa\u00f1ol","potentialAction":[{"@type":"SearchAction","target":{"@type":"EntryPoint","urlTemplate":"https:\/\/taxhelplaw.com\/sptax\/?s={search_term_string}"},"query-input":{"@type":"PropertyValueSpecification","valueRequired":true,"valueName":"search_term_string"}}],"inLanguage":"es"},{"@type":"Organization","@id":"https:\/\/taxhelplaw.com\/sptax\/#organization","name":"TaxHelp, Inc.","url":"https:\/\/taxhelplaw.com\/sptax\/","logo":{"@type":"ImageObject","inLanguage":"es","@id":"https:\/\/taxhelplaw.com\/sptax\/#\/schema\/logo\/image\/","url":"https:\/\/taxhelplaw.com\/sptax\/wp-content\/uploads\/2022\/01\/taxhelpenespanol.jpg","contentUrl":"https:\/\/taxhelplaw.com\/sptax\/wp-content\/uploads\/2022\/01\/taxhelpenespanol.jpg","width":300,"height":101,"caption":"TaxHelp, Inc."},"image":{"@id":"https:\/\/taxhelplaw.com\/sptax\/#\/schema\/logo\/image\/"}}]}},"jetpack_sharing_enabled":true,"_links":{"self":[{"href":"https:\/\/taxhelplaw.com\/sptax\/wp-json\/wp\/v2\/pages\/256","targetHints":{"allow":["GET"]}}],"collection":[{"href":"https:\/\/taxhelplaw.com\/sptax\/wp-json\/wp\/v2\/pages"}],"about":[{"href":"https:\/\/taxhelplaw.com\/sptax\/wp-json\/wp\/v2\/types\/page"}],"author":[{"embeddable":true,"href":"https:\/\/taxhelplaw.com\/sptax\/wp-json\/wp\/v2\/users\/1"}],"replies":[{"embeddable":true,"href":"https:\/\/taxhelplaw.com\/sptax\/wp-json\/wp\/v2\/comments?post=256"}],"version-history":[{"count":8,"href":"https:\/\/taxhelplaw.com\/sptax\/wp-json\/wp\/v2\/pages\/256\/revisions"}],"predecessor-version":[{"id":4342,"href":"https:\/\/taxhelplaw.com\/sptax\/wp-json\/wp\/v2\/pages\/256\/revisions\/4342"}],"up":[{"embeddable":true,"href":"https:\/\/taxhelplaw.com\/sptax\/wp-json\/wp\/v2\/pages\/94"}],"wp:attachment":[{"href":"https:\/\/taxhelplaw.com\/sptax\/wp-json\/wp\/v2\/media?parent=256"}],"curies":[{"name":"wp","href":"https:\/\/api.w.org\/{rel}","templated":true}]}}