{"id":244,"date":"2015-02-07T04:56:35","date_gmt":"2015-02-07T04:56:35","guid":{"rendered":"http:\/\/taxhelplaw.com\/sp\/?page_id=244"},"modified":"2023-03-08T04:26:20","modified_gmt":"2023-03-08T04:26:20","slug":"formulario-4564","status":"publish","type":"page","link":"https:\/\/taxhelplaw.com\/sptax\/soluciones\/pasos-de-casos-auditorias\/formulario-4564\/","title":{"rendered":"Formulario 4564"},"content":{"rendered":"<p>El IRS usa el Formulario 4564 para solicitar informaci\u00f3n para una auditor\u00eda. Hay varias versiones de este formulario, por lo tanto, la suya puede ser diferente que la del ejemplo. Tambi\u00e9n, el IRS puede pedir diferente informaci\u00f3n.<\/p>\n<p>El Formulario 4564 generalmente se usa para investigaciones m\u00e1s serias y a veces piden m\u00e1s informaci\u00f3n de la que necesitan. Usted puede probar su caso con el m\u00ednimo esfuerzo y evidencia.<\/p>\n<p>Lea cuidadosamente las preguntas del IRS especialmente lo que est\u00e1n examinando. Tal vez la gu\u00eda o representaci\u00f3n de un abogado ser\u00eda lo mejor para usted ya que, despu\u00e9s de todo, una auditor\u00eda del IRS es un proceso legal en su contra. Usted debe responderles correctamente o lo rechazar\u00e1n.<\/p>\n<p>Para aconsejarle sobre los documentos que hay que revisar, hemos creado los <a title=\"Pasos de Casos \u2013 Auditorias\" href=\"\/\/taxhelplaw.com\/sptax\/soluciones\/pasos-de-casos-auditorias\/\"><span style=\"color: #0000ff;\">Pasos de Casos<\/span><\/a> a seguir para prepararse para la cita confidencial con el abogado. Vamos a preparar un Plan de Acci\u00f3n para solucionar este problema por el menor costo posible.<\/p>\n<p>Alguien tiene que poner sus documentos en orden o el IRS ni siquiera los mirar\u00e1. Lo puede hacer usted mismo o pagarle a un contador p\u00fablico, tenedor de libros o un abogado.<\/p>\n<p><span style=\"text-decoration: underline;\">Prep\u00e1rese solo<\/span>: Si quiere prepararse para el <a href=\"https:\/\/www.irs.gov\/es\/businesses\/small-businesses-self-employed\/irs-audits\" target=\"_blank\" rel=\"noopener\">IRS<\/a> y ahorrar dinero, se puede hacer miembro de <a href=\"https:\/\/taxhelplaw.com\/sptax\/autodefensa-contra-una-auditoria-del-irs\/\" target=\"_blank\" rel=\"noopener\"><span style=\"color: #0000ff;\"><strong>TaxHelpLaw.com<\/strong><\/span><\/a>\u00a0 donde le mostramos con texto, audio y video c\u00f3mo organizar sus expedientes y prepararse para la auditor\u00eda. Tambi\u00e9n hay estrategias usadas por los abogados y explicaciones de las \"trampitas\" del IRS.<\/p>\n<p>Es buena idea que usted mismo prepare sus expedientes ya que usted conoce sus asuntos y puede obtener los documentos y tabular los gastos mas eficientemente.<\/p>\n<p><span style=\"text-decoration: underline;\">Consulte a un abogado<\/span>: Si usted se prepara solo, igual deber\u00eda conseguir ayuda legal. Para ayudar a prepararlo para una cita productiva con el abogado, hemos creado estos <a title=\"Pasos de Casos \u2013 Auditorias\" href=\"\/\/taxhelplaw.com\/sptax\/soluciones\/pasos-de-casos-auditorias\/\"><strong><span style=\"color: #0000ff;\">Pasos de Casos<\/span><\/strong><\/a> a seguir. Usted\u00a0 ahorrar\u00e1 tiempo y dinero si junta todos los documentos que el abogado necesita. Si usted ha recibido el Formulario 4564 y hace una cita con nosotros, el Lic. Hopkins le preparar\u00e1 un Plan de Acci\u00f3n usando t\u00e1cticas espec\u00edficas para su caso.<\/p>\n<div class=\"one-half first\">\n<h6>Versi\u00f3n en ingl\u00e9s:<\/h6>\n<\/div>\n<div class=\"one-half\"><a href=\"\/sptax\/wp-content\/uploads\/2015\/02\/Formulario4564SchC-1.jpg\" class=\"popup\">Form 4564<\/a><\/div>\n<p>&nbsp;<\/p>\n<div>\n<h6>Nuestra traducci\u00f3n al espa\u00f1ol:<\/h6>\n<\/div>\n<p><a title=\"Pasos de Casos \u2013 Auditorias\" href=\"\/\/taxhelplaw.com\/sptax\/soluciones\/pasos-de-casos-auditorias\/\"><img loading=\"lazy\" decoding=\"async\" class=\"alignleft size-full wp-image-245\" src=\"https:\/\/taxhelplaw.com\/sptax\/wp-content\/uploads\/2023\/03\/IRS.Form_.4564.Sch_.C.en_.espanol.jpg\" alt=\"Formulario 4564 Anexo C\" width=\"1246\" height=\"1658\" \/><\/a><\/p>\n<p><a href=\"https:\/\/taxhelplaw.com\/sptax\/sample-page-2\/contactenos\/\"><img loading=\"lazy\" decoding=\"async\" class=\"aligncenter size-full wp-image-3464\" title=\"Formulario 4564 del IRS\" src=\"https:\/\/taxhelplaw.com\/sptax\/wp-content\/uploads\/2022\/01\/taxhelpenespanol.jpg\" alt=\"Formulario 4564 del IRS Abogado de derecho fiscal en Colorado Springs. Abogado de impuestos en Colorado Springs\" width=\"300\" height=\"101\" \/><\/a><\/p>\n","protected":false},"excerpt":{"rendered":"<p>El IRS usa el Formulario 4564 para solicitar informaci\u00f3n para una auditor\u00eda. Hay varias versiones de este formulario, por lo tanto, la suya puede ser diferente que la del ejemplo. Tambi\u00e9n, el IRS puede pedir diferente informaci\u00f3n. El Formulario 4564 generalmente se usa para investigaciones m\u00e1s serias y a veces piden m\u00e1s informaci\u00f3n de la [&hellip;]<\/p>\n","protected":false},"author":1,"featured_media":0,"parent":164,"menu_order":0,"comment_status":"closed","ping_status":"closed","template":"","meta":{"_genesis_hide_title":false,"_genesis_hide_breadcrumbs":false,"_genesis_hide_singular_image":false,"_genesis_hide_footer_widgets":false,"_genesis_custom_body_class":"","_genesis_custom_post_class":"","_genesis_layout":"","footnotes":""},"class_list":{"0":"post-244","1":"page","2":"type-page","3":"status-publish","5":"entry"},"yoast_head":"<!-- This site is optimized with the Yoast SEO Premium plugin v27.0 (Yoast SEO v27.4) - https:\/\/yoast.com\/product\/yoast-seo-premium-wordpress\/ -->\n<title>Formulario 4564 del IRS \u00bfHa sido auditado? - J. David Hopkins, JD LLM<\/title>\n<meta name=\"description\" content=\"Formulario 4564: se usa para solicitar informaci\u00f3n para una auditor\u00eda. \u00bfQui\u00e9n lo puede ayudar? \u00a1Nuestro abogado de impuestos!\" \/>\n<meta name=\"robots\" content=\"index, follow, max-snippet:-1, max-image-preview:large, max-video-preview:-1\" \/>\n<link rel=\"canonical\" href=\"https:\/\/taxhelplaw.com\/sptax\/soluciones\/pasos-de-casos-auditorias\/formulario-4564\/\" \/>\n<meta property=\"og:locale\" content=\"es_MX\" \/>\n<meta property=\"og:type\" content=\"article\" \/>\n<meta property=\"og:title\" content=\"Formulario 4564\" \/>\n<meta property=\"og:description\" content=\"Formulario 4564: se usa para solicitar informaci\u00f3n para una auditor\u00eda. \u00bfQui\u00e9n lo puede ayudar? \u00a1Nuestro abogado de impuestos!\" \/>\n<meta property=\"og:url\" content=\"https:\/\/taxhelplaw.com\/sptax\/soluciones\/pasos-de-casos-auditorias\/formulario-4564\/\" \/>\n<meta property=\"og:site_name\" content=\"J. David Hopkins, JD LLM\" \/>\n<meta property=\"article:modified_time\" content=\"2023-03-08T04:26:20+00:00\" \/>\n<meta property=\"og:image\" content=\"https:\/\/taxhelplaw.com\/sptax\/wp-content\/uploads\/2023\/03\/IRS.Form_.4564.Sch_.C.en_.espanol.jpg\" \/>\n<meta name=\"twitter:card\" content=\"summary_large_image\" \/>\n<meta name=\"twitter:label1\" content=\"Tiempo de lectura\" \/>\n\t<meta name=\"twitter:data1\" content=\"2 minutos\" \/>\n<script type=\"application\/ld+json\" class=\"yoast-schema-graph\">{\"@context\":\"https:\\\/\\\/schema.org\",\"@graph\":[{\"@type\":\"WebPage\",\"@id\":\"https:\\\/\\\/taxhelplaw.com\\\/sptax\\\/soluciones\\\/pasos-de-casos-auditorias\\\/formulario-4564\\\/\",\"url\":\"https:\\\/\\\/taxhelplaw.com\\\/sptax\\\/soluciones\\\/pasos-de-casos-auditorias\\\/formulario-4564\\\/\",\"name\":\"Formulario 4564 del IRS \u00bfHa sido auditado? - J. David Hopkins, JD LLM\",\"isPartOf\":{\"@id\":\"https:\\\/\\\/taxhelplaw.com\\\/sptax\\\/#website\"},\"primaryImageOfPage\":{\"@id\":\"https:\\\/\\\/taxhelplaw.com\\\/sptax\\\/soluciones\\\/pasos-de-casos-auditorias\\\/formulario-4564\\\/#primaryimage\"},\"image\":{\"@id\":\"https:\\\/\\\/taxhelplaw.com\\\/sptax\\\/soluciones\\\/pasos-de-casos-auditorias\\\/formulario-4564\\\/#primaryimage\"},\"thumbnailUrl\":\"https:\\\/\\\/taxhelplaw.com\\\/sptax\\\/wp-content\\\/uploads\\\/2023\\\/03\\\/IRS.Form_.4564.Sch_.C.en_.espanol.jpg\",\"datePublished\":\"2015-02-07T04:56:35+00:00\",\"dateModified\":\"2023-03-08T04:26:20+00:00\",\"description\":\"Formulario 4564: se usa para solicitar informaci\u00f3n para una auditor\u00eda. \u00bfQui\u00e9n lo puede ayudar? \u00a1Nuestro abogado de impuestos!\",\"breadcrumb\":{\"@id\":\"https:\\\/\\\/taxhelplaw.com\\\/sptax\\\/soluciones\\\/pasos-de-casos-auditorias\\\/formulario-4564\\\/#breadcrumb\"},\"inLanguage\":\"es\",\"potentialAction\":[{\"@type\":\"ReadAction\",\"target\":[\"https:\\\/\\\/taxhelplaw.com\\\/sptax\\\/soluciones\\\/pasos-de-casos-auditorias\\\/formulario-4564\\\/\"]}]},{\"@type\":\"ImageObject\",\"inLanguage\":\"es\",\"@id\":\"https:\\\/\\\/taxhelplaw.com\\\/sptax\\\/soluciones\\\/pasos-de-casos-auditorias\\\/formulario-4564\\\/#primaryimage\",\"url\":\"https:\\\/\\\/taxhelplaw.com\\\/sptax\\\/wp-content\\\/uploads\\\/2023\\\/03\\\/IRS.Form_.4564.Sch_.C.en_.espanol.jpg\",\"contentUrl\":\"https:\\\/\\\/taxhelplaw.com\\\/sptax\\\/wp-content\\\/uploads\\\/2023\\\/03\\\/IRS.Form_.4564.Sch_.C.en_.espanol.jpg\",\"width\":1275,\"height\":1650},{\"@type\":\"BreadcrumbList\",\"@id\":\"https:\\\/\\\/taxhelplaw.com\\\/sptax\\\/soluciones\\\/pasos-de-casos-auditorias\\\/formulario-4564\\\/#breadcrumb\",\"itemListElement\":[{\"@type\":\"ListItem\",\"position\":1,\"name\":\"Home\",\"item\":\"https:\\\/\\\/taxhelplaw.com\\\/sptax\\\/\"},{\"@type\":\"ListItem\",\"position\":2,\"name\":\"Soluciones\",\"item\":\"https:\\\/\\\/taxhelplaw.com\\\/sptax\\\/soluciones\\\/\"},{\"@type\":\"ListItem\",\"position\":3,\"name\":\"Auditor\u00edas\",\"item\":\"https:\\\/\\\/taxhelplaw.com\\\/sptax\\\/soluciones\\\/pasos-de-casos-auditorias\\\/\"},{\"@type\":\"ListItem\",\"position\":4,\"name\":\"Formulario 4564\"}]},{\"@type\":\"WebSite\",\"@id\":\"https:\\\/\\\/taxhelplaw.com\\\/sptax\\\/#website\",\"url\":\"https:\\\/\\\/taxhelplaw.com\\\/sptax\\\/\",\"name\":\"J. David Hopkins, JD LLM\",\"description\":\"Maestr\u00eda en Derecho Tributario\",\"publisher\":{\"@id\":\"https:\\\/\\\/taxhelplaw.com\\\/sptax\\\/#organization\"},\"alternateName\":\"TaxHelpLaw en Espa\u00f1ol\",\"potentialAction\":[{\"@type\":\"SearchAction\",\"target\":{\"@type\":\"EntryPoint\",\"urlTemplate\":\"https:\\\/\\\/taxhelplaw.com\\\/sptax\\\/?s={search_term_string}\"},\"query-input\":{\"@type\":\"PropertyValueSpecification\",\"valueRequired\":true,\"valueName\":\"search_term_string\"}}],\"inLanguage\":\"es\"},{\"@type\":\"Organization\",\"@id\":\"https:\\\/\\\/taxhelplaw.com\\\/sptax\\\/#organization\",\"name\":\"TaxHelp, Inc.\",\"url\":\"https:\\\/\\\/taxhelplaw.com\\\/sptax\\\/\",\"logo\":{\"@type\":\"ImageObject\",\"inLanguage\":\"es\",\"@id\":\"https:\\\/\\\/taxhelplaw.com\\\/sptax\\\/#\\\/schema\\\/logo\\\/image\\\/\",\"url\":\"https:\\\/\\\/taxhelplaw.com\\\/sptax\\\/wp-content\\\/uploads\\\/2022\\\/01\\\/taxhelpenespanol.jpg\",\"contentUrl\":\"https:\\\/\\\/taxhelplaw.com\\\/sptax\\\/wp-content\\\/uploads\\\/2022\\\/01\\\/taxhelpenespanol.jpg\",\"width\":300,\"height\":101,\"caption\":\"TaxHelp, Inc.\"},\"image\":{\"@id\":\"https:\\\/\\\/taxhelplaw.com\\\/sptax\\\/#\\\/schema\\\/logo\\\/image\\\/\"}}]}<\/script>\n<!-- \/ Yoast SEO Premium plugin. -->","yoast_head_json":{"title":"Formulario 4564 del IRS \u00bfHa sido auditado? - J. David Hopkins, JD LLM","description":"Formulario 4564: se usa para solicitar informaci\u00f3n para una auditor\u00eda. \u00bfQui\u00e9n lo puede ayudar? \u00a1Nuestro abogado de impuestos!","robots":{"index":"index","follow":"follow","max-snippet":"max-snippet:-1","max-image-preview":"max-image-preview:large","max-video-preview":"max-video-preview:-1"},"canonical":"https:\/\/taxhelplaw.com\/sptax\/soluciones\/pasos-de-casos-auditorias\/formulario-4564\/","og_locale":"es_MX","og_type":"article","og_title":"Formulario 4564","og_description":"Formulario 4564: se usa para solicitar informaci\u00f3n para una auditor\u00eda. \u00bfQui\u00e9n lo puede ayudar? \u00a1Nuestro abogado de impuestos!","og_url":"https:\/\/taxhelplaw.com\/sptax\/soluciones\/pasos-de-casos-auditorias\/formulario-4564\/","og_site_name":"J. David Hopkins, JD LLM","article_modified_time":"2023-03-08T04:26:20+00:00","og_image":[{"url":"https:\/\/taxhelplaw.com\/sptax\/wp-content\/uploads\/2023\/03\/IRS.Form_.4564.Sch_.C.en_.espanol.jpg","type":"","width":"","height":""}],"twitter_card":"summary_large_image","twitter_misc":{"Tiempo de lectura":"2 minutos"},"schema":{"@context":"https:\/\/schema.org","@graph":[{"@type":"WebPage","@id":"https:\/\/taxhelplaw.com\/sptax\/soluciones\/pasos-de-casos-auditorias\/formulario-4564\/","url":"https:\/\/taxhelplaw.com\/sptax\/soluciones\/pasos-de-casos-auditorias\/formulario-4564\/","name":"Formulario 4564 del IRS \u00bfHa sido auditado? - J. David Hopkins, JD LLM","isPartOf":{"@id":"https:\/\/taxhelplaw.com\/sptax\/#website"},"primaryImageOfPage":{"@id":"https:\/\/taxhelplaw.com\/sptax\/soluciones\/pasos-de-casos-auditorias\/formulario-4564\/#primaryimage"},"image":{"@id":"https:\/\/taxhelplaw.com\/sptax\/soluciones\/pasos-de-casos-auditorias\/formulario-4564\/#primaryimage"},"thumbnailUrl":"https:\/\/taxhelplaw.com\/sptax\/wp-content\/uploads\/2023\/03\/IRS.Form_.4564.Sch_.C.en_.espanol.jpg","datePublished":"2015-02-07T04:56:35+00:00","dateModified":"2023-03-08T04:26:20+00:00","description":"Formulario 4564: se usa para solicitar informaci\u00f3n para una auditor\u00eda. \u00bfQui\u00e9n lo puede ayudar? \u00a1Nuestro abogado de impuestos!","breadcrumb":{"@id":"https:\/\/taxhelplaw.com\/sptax\/soluciones\/pasos-de-casos-auditorias\/formulario-4564\/#breadcrumb"},"inLanguage":"es","potentialAction":[{"@type":"ReadAction","target":["https:\/\/taxhelplaw.com\/sptax\/soluciones\/pasos-de-casos-auditorias\/formulario-4564\/"]}]},{"@type":"ImageObject","inLanguage":"es","@id":"https:\/\/taxhelplaw.com\/sptax\/soluciones\/pasos-de-casos-auditorias\/formulario-4564\/#primaryimage","url":"https:\/\/taxhelplaw.com\/sptax\/wp-content\/uploads\/2023\/03\/IRS.Form_.4564.Sch_.C.en_.espanol.jpg","contentUrl":"https:\/\/taxhelplaw.com\/sptax\/wp-content\/uploads\/2023\/03\/IRS.Form_.4564.Sch_.C.en_.espanol.jpg","width":1275,"height":1650},{"@type":"BreadcrumbList","@id":"https:\/\/taxhelplaw.com\/sptax\/soluciones\/pasos-de-casos-auditorias\/formulario-4564\/#breadcrumb","itemListElement":[{"@type":"ListItem","position":1,"name":"Home","item":"https:\/\/taxhelplaw.com\/sptax\/"},{"@type":"ListItem","position":2,"name":"Soluciones","item":"https:\/\/taxhelplaw.com\/sptax\/soluciones\/"},{"@type":"ListItem","position":3,"name":"Auditor\u00edas","item":"https:\/\/taxhelplaw.com\/sptax\/soluciones\/pasos-de-casos-auditorias\/"},{"@type":"ListItem","position":4,"name":"Formulario 4564"}]},{"@type":"WebSite","@id":"https:\/\/taxhelplaw.com\/sptax\/#website","url":"https:\/\/taxhelplaw.com\/sptax\/","name":"J. David Hopkins, JD LLM","description":"Maestr\u00eda en Derecho Tributario","publisher":{"@id":"https:\/\/taxhelplaw.com\/sptax\/#organization"},"alternateName":"TaxHelpLaw en Espa\u00f1ol","potentialAction":[{"@type":"SearchAction","target":{"@type":"EntryPoint","urlTemplate":"https:\/\/taxhelplaw.com\/sptax\/?s={search_term_string}"},"query-input":{"@type":"PropertyValueSpecification","valueRequired":true,"valueName":"search_term_string"}}],"inLanguage":"es"},{"@type":"Organization","@id":"https:\/\/taxhelplaw.com\/sptax\/#organization","name":"TaxHelp, Inc.","url":"https:\/\/taxhelplaw.com\/sptax\/","logo":{"@type":"ImageObject","inLanguage":"es","@id":"https:\/\/taxhelplaw.com\/sptax\/#\/schema\/logo\/image\/","url":"https:\/\/taxhelplaw.com\/sptax\/wp-content\/uploads\/2022\/01\/taxhelpenespanol.jpg","contentUrl":"https:\/\/taxhelplaw.com\/sptax\/wp-content\/uploads\/2022\/01\/taxhelpenespanol.jpg","width":300,"height":101,"caption":"TaxHelp, Inc."},"image":{"@id":"https:\/\/taxhelplaw.com\/sptax\/#\/schema\/logo\/image\/"}}]}},"jetpack_sharing_enabled":true,"_links":{"self":[{"href":"https:\/\/taxhelplaw.com\/sptax\/wp-json\/wp\/v2\/pages\/244","targetHints":{"allow":["GET"]}}],"collection":[{"href":"https:\/\/taxhelplaw.com\/sptax\/wp-json\/wp\/v2\/pages"}],"about":[{"href":"https:\/\/taxhelplaw.com\/sptax\/wp-json\/wp\/v2\/types\/page"}],"author":[{"embeddable":true,"href":"https:\/\/taxhelplaw.com\/sptax\/wp-json\/wp\/v2\/users\/1"}],"replies":[{"embeddable":true,"href":"https:\/\/taxhelplaw.com\/sptax\/wp-json\/wp\/v2\/comments?post=244"}],"version-history":[{"count":9,"href":"https:\/\/taxhelplaw.com\/sptax\/wp-json\/wp\/v2\/pages\/244\/revisions"}],"predecessor-version":[{"id":7506,"href":"https:\/\/taxhelplaw.com\/sptax\/wp-json\/wp\/v2\/pages\/244\/revisions\/7506"}],"up":[{"embeddable":true,"href":"https:\/\/taxhelplaw.com\/sptax\/wp-json\/wp\/v2\/pages\/164"}],"wp:attachment":[{"href":"https:\/\/taxhelplaw.com\/sptax\/wp-json\/wp\/v2\/media?parent=244"}],"curies":[{"name":"wp","href":"https:\/\/api.w.org\/{rel}","templated":true}]}}