{"id":198,"date":"2015-02-07T22:56:24","date_gmt":"2015-02-07T22:56:24","guid":{"rendered":"http:\/\/taxhelplaw.com\/sp\/?page_id=198"},"modified":"2023-03-13T20:19:51","modified_gmt":"2023-03-13T20:19:51","slug":"carta-2645c","status":"publish","type":"page","link":"https:\/\/taxhelplaw.com\/sptax\/soluciones\/pasos-de-casos-otros-problemas\/carta-2645c\/","title":{"rendered":"Carta 2645C"},"content":{"rendered":"<p>La Carta 2645C es un aviso de que el IRS est\u00e1 retrasando su caso. Es extremadamente irritante. Suelen enviar varias de estas cartas repetidamente. Es posible presionar al IRS con el <a class=\"popup\" title=\"IRS Taxpayer Advocate\" href=\"https:\/\/www.irs.gov\/es\/advocate\/local-taxpayer-advocate\" target=\"_blank\" rel=\"noopener\">Defensor del Contribuyente<\/a>, pero toma mucho tiempo y pueden negarse a revisar el caso, ya que se est\u00e1n siguiendo los procedimientos normales.<\/p>\n<p>Sin embargo, este tipo de demora podr\u00eda ser una raz\u00f3n para escapar del pago de intereses, si usted puede demostrar que fue un acto ministerial que retras\u00f3 el caso. Pero, no discuta eso ya que es un procedimiento separado.<\/p>\n<p>Pero, aun as\u00ed, la resoluci\u00f3n final depende de la acci\u00f3n del IRS. Cuando no se est\u00e1n ocupando de su caso, no se consigue nada. D\u00e9 seguimiento al caso, no dependa de ellos.<\/p>\n<p>El abogado de impuestos de TaxHelpLaw, Lic. Hopkins,\u00a0 puede ocuparse de su caso inmediatamente y obtener respuestas r\u00e1pidamente. Para obtener informaci\u00f3n m\u00e1s detallada, por vea los <a title=\"Pasos de Casos \u2013 Otros Problemas\" href=\"\/\/taxhelplaw.com\/sptax\/soluciones\/pasos-de-casos-otros-problemas\/\" target=\"_blank\" rel=\"noopener\"><span style=\"color: #0000ff;\">Pasos de Casos<\/span><\/a> a seguir. Si usted ha recibido la Carta 2645C y necesita asesoramiento p\u00f3ngase en contacto con el Lic. Hopkins!<\/p>\n<div class=\"one-half first\">\n<h6>Versi\u00f3n en ingl\u00e9s:<\/h6>\n<\/div>\n<div class=\"one-half\"><a href=\"\/sptax\/wp-content\/uploads\/2015\/02\/Carta2645C-1.jpg\" class=\"popup\">Letter 2645C<\/a><\/div>\n<p>&nbsp;<\/p>\n<div>\n<h6>Nuestra traducci\u00f3n al espa\u00f1ol:<\/h6>\n<\/div>\n<p><a title=\"Pasos de Casos \u2013 Otros Problemas\" href=\"\/\/taxhelplaw.com\/sptax\/soluciones\/pasos-de-casos-otros-problemas\/\"><img loading=\"lazy\" decoding=\"async\" class=\"alignleft size-full wp-image-232\" src=\"https:\/\/taxhelplaw.com\/sptax\/wp-content\/uploads\/2023\/03\/Letter2645Cenespanol.jpg\" alt=\"Carta2645C\" width=\"1240\" height=\"1663\" \/><\/a><\/p>\n<p><a href=\"https:\/\/taxhelplaw.com\/sptax\/sample-page-2\/contactenos\/\"><img loading=\"lazy\" decoding=\"async\" class=\"aligncenter size-full wp-image-3464\" title=\"Carta 2645C del IRS\" src=\"https:\/\/taxhelplaw.com\/sptax\/wp-content\/uploads\/2022\/01\/taxhelpenespanol.jpg\" alt=\"Carta 2645C del IRS. Abogado de derecho fiscal en Colorado Springs. Abogado de impuestos en Colorado Springs\" width=\"300\" height=\"101\" \/><\/a><\/p>\n","protected":false},"excerpt":{"rendered":"<p>La Carta 2645C es un aviso de que el IRS est\u00e1 retrasando su caso. Es extremadamente irritante. Suelen enviar varias de estas cartas repetidamente. Es posible presionar al IRS con el Defensor del Contribuyente, pero toma mucho tiempo y pueden negarse a revisar el caso, ya que se est\u00e1n siguiendo los procedimientos normales. Sin embargo, [&hellip;]<\/p>\n","protected":false},"author":1,"featured_media":0,"parent":275,"menu_order":18,"comment_status":"closed","ping_status":"closed","template":"","meta":{"_genesis_hide_title":false,"_genesis_hide_breadcrumbs":false,"_genesis_hide_singular_image":false,"_genesis_hide_footer_widgets":false,"_genesis_custom_body_class":"","_genesis_custom_post_class":"","_genesis_layout":"","footnotes":""},"class_list":{"0":"post-198","1":"page","2":"type-page","3":"status-publish","5":"entry"},"yoast_head":"<!-- This site is optimized with the Yoast SEO Premium plugin v27.0 (Yoast SEO v27.4) - https:\/\/yoast.com\/product\/yoast-seo-premium-wordpress\/ -->\n<title>Carta 2645C. Est\u00e1n retrasando su caso - TaxHelpLaw<\/title>\n<meta name=\"description\" content=\"Carta 2645C del IRS: El abogado de impuestos, Lic. Hopkins, puede ocuparse del asunto inmediatamente y obtener respuestas.\" \/>\n<meta name=\"robots\" content=\"index, follow, max-snippet:-1, max-image-preview:large, max-video-preview:-1\" \/>\n<link rel=\"canonical\" href=\"https:\/\/taxhelplaw.com\/sptax\/soluciones\/pasos-de-casos-otros-problemas\/carta-2645c\/\" \/>\n<meta property=\"og:locale\" content=\"es_MX\" \/>\n<meta property=\"og:type\" content=\"article\" \/>\n<meta property=\"og:title\" content=\"Carta 2645C\" \/>\n<meta property=\"og:description\" content=\"Carta 2645C del IRS: El abogado de impuestos, Lic. Hopkins, puede ocuparse del asunto inmediatamente y obtener respuestas.\" \/>\n<meta property=\"og:url\" content=\"https:\/\/taxhelplaw.com\/sptax\/soluciones\/pasos-de-casos-otros-problemas\/carta-2645c\/\" \/>\n<meta property=\"og:site_name\" content=\"J. David Hopkins, JD LLM\" \/>\n<meta property=\"article:modified_time\" content=\"2023-03-13T20:19:51+00:00\" \/>\n<meta property=\"og:image\" content=\"https:\/\/taxhelplaw.com\/sptax\/wp-content\/uploads\/2023\/03\/Letter2645Cenespanol.jpg\" \/>\n<meta name=\"twitter:card\" content=\"summary_large_image\" \/>\n<meta name=\"twitter:label1\" content=\"Tiempo de lectura\" \/>\n\t<meta name=\"twitter:data1\" content=\"2 minutos\" \/>\n<script type=\"application\/ld+json\" class=\"yoast-schema-graph\">{\"@context\":\"https:\\\/\\\/schema.org\",\"@graph\":[{\"@type\":\"WebPage\",\"@id\":\"https:\\\/\\\/taxhelplaw.com\\\/sptax\\\/soluciones\\\/pasos-de-casos-otros-problemas\\\/carta-2645c\\\/\",\"url\":\"https:\\\/\\\/taxhelplaw.com\\\/sptax\\\/soluciones\\\/pasos-de-casos-otros-problemas\\\/carta-2645c\\\/\",\"name\":\"Carta 2645C. Est\u00e1n retrasando su caso - TaxHelpLaw\",\"isPartOf\":{\"@id\":\"https:\\\/\\\/taxhelplaw.com\\\/sptax\\\/#website\"},\"primaryImageOfPage\":{\"@id\":\"https:\\\/\\\/taxhelplaw.com\\\/sptax\\\/soluciones\\\/pasos-de-casos-otros-problemas\\\/carta-2645c\\\/#primaryimage\"},\"image\":{\"@id\":\"https:\\\/\\\/taxhelplaw.com\\\/sptax\\\/soluciones\\\/pasos-de-casos-otros-problemas\\\/carta-2645c\\\/#primaryimage\"},\"thumbnailUrl\":\"https:\\\/\\\/taxhelplaw.com\\\/sptax\\\/wp-content\\\/uploads\\\/2023\\\/03\\\/Letter2645Cenespanol.jpg\",\"datePublished\":\"2015-02-07T22:56:24+00:00\",\"dateModified\":\"2023-03-13T20:19:51+00:00\",\"description\":\"Carta 2645C del IRS: El abogado de impuestos, Lic. Hopkins, puede ocuparse del asunto inmediatamente y obtener respuestas.\",\"breadcrumb\":{\"@id\":\"https:\\\/\\\/taxhelplaw.com\\\/sptax\\\/soluciones\\\/pasos-de-casos-otros-problemas\\\/carta-2645c\\\/#breadcrumb\"},\"inLanguage\":\"es\",\"potentialAction\":[{\"@type\":\"ReadAction\",\"target\":[\"https:\\\/\\\/taxhelplaw.com\\\/sptax\\\/soluciones\\\/pasos-de-casos-otros-problemas\\\/carta-2645c\\\/\"]}]},{\"@type\":\"ImageObject\",\"inLanguage\":\"es\",\"@id\":\"https:\\\/\\\/taxhelplaw.com\\\/sptax\\\/soluciones\\\/pasos-de-casos-otros-problemas\\\/carta-2645c\\\/#primaryimage\",\"url\":\"https:\\\/\\\/taxhelplaw.com\\\/sptax\\\/wp-content\\\/uploads\\\/2023\\\/03\\\/Letter2645Cenespanol.jpg\",\"contentUrl\":\"https:\\\/\\\/taxhelplaw.com\\\/sptax\\\/wp-content\\\/uploads\\\/2023\\\/03\\\/Letter2645Cenespanol.jpg\",\"width\":1274,\"height\":1649},{\"@type\":\"BreadcrumbList\",\"@id\":\"https:\\\/\\\/taxhelplaw.com\\\/sptax\\\/soluciones\\\/pasos-de-casos-otros-problemas\\\/carta-2645c\\\/#breadcrumb\",\"itemListElement\":[{\"@type\":\"ListItem\",\"position\":1,\"name\":\"Home\",\"item\":\"https:\\\/\\\/taxhelplaw.com\\\/sptax\\\/\"},{\"@type\":\"ListItem\",\"position\":2,\"name\":\"Soluciones\",\"item\":\"https:\\\/\\\/taxhelplaw.com\\\/sptax\\\/soluciones\\\/\"},{\"@type\":\"ListItem\",\"position\":3,\"name\":\"Otros Problemas\",\"item\":\"https:\\\/\\\/taxhelplaw.com\\\/sptax\\\/soluciones\\\/pasos-de-casos-otros-problemas\\\/\"},{\"@type\":\"ListItem\",\"position\":4,\"name\":\"Carta 2645C\"}]},{\"@type\":\"WebSite\",\"@id\":\"https:\\\/\\\/taxhelplaw.com\\\/sptax\\\/#website\",\"url\":\"https:\\\/\\\/taxhelplaw.com\\\/sptax\\\/\",\"name\":\"J. David Hopkins, JD LLM\",\"description\":\"Maestr\u00eda en Derecho Tributario\",\"publisher\":{\"@id\":\"https:\\\/\\\/taxhelplaw.com\\\/sptax\\\/#organization\"},\"alternateName\":\"TaxHelpLaw en Espa\u00f1ol\",\"potentialAction\":[{\"@type\":\"SearchAction\",\"target\":{\"@type\":\"EntryPoint\",\"urlTemplate\":\"https:\\\/\\\/taxhelplaw.com\\\/sptax\\\/?s={search_term_string}\"},\"query-input\":{\"@type\":\"PropertyValueSpecification\",\"valueRequired\":true,\"valueName\":\"search_term_string\"}}],\"inLanguage\":\"es\"},{\"@type\":\"Organization\",\"@id\":\"https:\\\/\\\/taxhelplaw.com\\\/sptax\\\/#organization\",\"name\":\"TaxHelp, Inc.\",\"url\":\"https:\\\/\\\/taxhelplaw.com\\\/sptax\\\/\",\"logo\":{\"@type\":\"ImageObject\",\"inLanguage\":\"es\",\"@id\":\"https:\\\/\\\/taxhelplaw.com\\\/sptax\\\/#\\\/schema\\\/logo\\\/image\\\/\",\"url\":\"https:\\\/\\\/taxhelplaw.com\\\/sptax\\\/wp-content\\\/uploads\\\/2022\\\/01\\\/taxhelpenespanol.jpg\",\"contentUrl\":\"https:\\\/\\\/taxhelplaw.com\\\/sptax\\\/wp-content\\\/uploads\\\/2022\\\/01\\\/taxhelpenespanol.jpg\",\"width\":300,\"height\":101,\"caption\":\"TaxHelp, Inc.\"},\"image\":{\"@id\":\"https:\\\/\\\/taxhelplaw.com\\\/sptax\\\/#\\\/schema\\\/logo\\\/image\\\/\"}}]}<\/script>\n<!-- \/ Yoast SEO Premium plugin. -->","yoast_head_json":{"title":"Carta 2645C. Est\u00e1n retrasando su caso - TaxHelpLaw","description":"Carta 2645C del IRS: El abogado de impuestos, Lic. Hopkins, puede ocuparse del asunto inmediatamente y obtener respuestas.","robots":{"index":"index","follow":"follow","max-snippet":"max-snippet:-1","max-image-preview":"max-image-preview:large","max-video-preview":"max-video-preview:-1"},"canonical":"https:\/\/taxhelplaw.com\/sptax\/soluciones\/pasos-de-casos-otros-problemas\/carta-2645c\/","og_locale":"es_MX","og_type":"article","og_title":"Carta 2645C","og_description":"Carta 2645C del IRS: El abogado de impuestos, Lic. Hopkins, puede ocuparse del asunto inmediatamente y obtener respuestas.","og_url":"https:\/\/taxhelplaw.com\/sptax\/soluciones\/pasos-de-casos-otros-problemas\/carta-2645c\/","og_site_name":"J. David Hopkins, JD LLM","article_modified_time":"2023-03-13T20:19:51+00:00","og_image":[{"url":"https:\/\/taxhelplaw.com\/sptax\/wp-content\/uploads\/2023\/03\/Letter2645Cenespanol.jpg","type":"","width":"","height":""}],"twitter_card":"summary_large_image","twitter_misc":{"Tiempo de lectura":"2 minutos"},"schema":{"@context":"https:\/\/schema.org","@graph":[{"@type":"WebPage","@id":"https:\/\/taxhelplaw.com\/sptax\/soluciones\/pasos-de-casos-otros-problemas\/carta-2645c\/","url":"https:\/\/taxhelplaw.com\/sptax\/soluciones\/pasos-de-casos-otros-problemas\/carta-2645c\/","name":"Carta 2645C. Est\u00e1n retrasando su caso - TaxHelpLaw","isPartOf":{"@id":"https:\/\/taxhelplaw.com\/sptax\/#website"},"primaryImageOfPage":{"@id":"https:\/\/taxhelplaw.com\/sptax\/soluciones\/pasos-de-casos-otros-problemas\/carta-2645c\/#primaryimage"},"image":{"@id":"https:\/\/taxhelplaw.com\/sptax\/soluciones\/pasos-de-casos-otros-problemas\/carta-2645c\/#primaryimage"},"thumbnailUrl":"https:\/\/taxhelplaw.com\/sptax\/wp-content\/uploads\/2023\/03\/Letter2645Cenespanol.jpg","datePublished":"2015-02-07T22:56:24+00:00","dateModified":"2023-03-13T20:19:51+00:00","description":"Carta 2645C del IRS: El abogado de impuestos, Lic. Hopkins, puede ocuparse del asunto inmediatamente y obtener respuestas.","breadcrumb":{"@id":"https:\/\/taxhelplaw.com\/sptax\/soluciones\/pasos-de-casos-otros-problemas\/carta-2645c\/#breadcrumb"},"inLanguage":"es","potentialAction":[{"@type":"ReadAction","target":["https:\/\/taxhelplaw.com\/sptax\/soluciones\/pasos-de-casos-otros-problemas\/carta-2645c\/"]}]},{"@type":"ImageObject","inLanguage":"es","@id":"https:\/\/taxhelplaw.com\/sptax\/soluciones\/pasos-de-casos-otros-problemas\/carta-2645c\/#primaryimage","url":"https:\/\/taxhelplaw.com\/sptax\/wp-content\/uploads\/2023\/03\/Letter2645Cenespanol.jpg","contentUrl":"https:\/\/taxhelplaw.com\/sptax\/wp-content\/uploads\/2023\/03\/Letter2645Cenespanol.jpg","width":1274,"height":1649},{"@type":"BreadcrumbList","@id":"https:\/\/taxhelplaw.com\/sptax\/soluciones\/pasos-de-casos-otros-problemas\/carta-2645c\/#breadcrumb","itemListElement":[{"@type":"ListItem","position":1,"name":"Home","item":"https:\/\/taxhelplaw.com\/sptax\/"},{"@type":"ListItem","position":2,"name":"Soluciones","item":"https:\/\/taxhelplaw.com\/sptax\/soluciones\/"},{"@type":"ListItem","position":3,"name":"Otros Problemas","item":"https:\/\/taxhelplaw.com\/sptax\/soluciones\/pasos-de-casos-otros-problemas\/"},{"@type":"ListItem","position":4,"name":"Carta 2645C"}]},{"@type":"WebSite","@id":"https:\/\/taxhelplaw.com\/sptax\/#website","url":"https:\/\/taxhelplaw.com\/sptax\/","name":"J. David Hopkins, JD LLM","description":"Maestr\u00eda en Derecho Tributario","publisher":{"@id":"https:\/\/taxhelplaw.com\/sptax\/#organization"},"alternateName":"TaxHelpLaw en Espa\u00f1ol","potentialAction":[{"@type":"SearchAction","target":{"@type":"EntryPoint","urlTemplate":"https:\/\/taxhelplaw.com\/sptax\/?s={search_term_string}"},"query-input":{"@type":"PropertyValueSpecification","valueRequired":true,"valueName":"search_term_string"}}],"inLanguage":"es"},{"@type":"Organization","@id":"https:\/\/taxhelplaw.com\/sptax\/#organization","name":"TaxHelp, Inc.","url":"https:\/\/taxhelplaw.com\/sptax\/","logo":{"@type":"ImageObject","inLanguage":"es","@id":"https:\/\/taxhelplaw.com\/sptax\/#\/schema\/logo\/image\/","url":"https:\/\/taxhelplaw.com\/sptax\/wp-content\/uploads\/2022\/01\/taxhelpenespanol.jpg","contentUrl":"https:\/\/taxhelplaw.com\/sptax\/wp-content\/uploads\/2022\/01\/taxhelpenespanol.jpg","width":300,"height":101,"caption":"TaxHelp, Inc."},"image":{"@id":"https:\/\/taxhelplaw.com\/sptax\/#\/schema\/logo\/image\/"}}]}},"jetpack_sharing_enabled":true,"_links":{"self":[{"href":"https:\/\/taxhelplaw.com\/sptax\/wp-json\/wp\/v2\/pages\/198","targetHints":{"allow":["GET"]}}],"collection":[{"href":"https:\/\/taxhelplaw.com\/sptax\/wp-json\/wp\/v2\/pages"}],"about":[{"href":"https:\/\/taxhelplaw.com\/sptax\/wp-json\/wp\/v2\/types\/page"}],"author":[{"embeddable":true,"href":"https:\/\/taxhelplaw.com\/sptax\/wp-json\/wp\/v2\/users\/1"}],"replies":[{"embeddable":true,"href":"https:\/\/taxhelplaw.com\/sptax\/wp-json\/wp\/v2\/comments?post=198"}],"version-history":[{"count":9,"href":"https:\/\/taxhelplaw.com\/sptax\/wp-json\/wp\/v2\/pages\/198\/revisions"}],"predecessor-version":[{"id":7546,"href":"https:\/\/taxhelplaw.com\/sptax\/wp-json\/wp\/v2\/pages\/198\/revisions\/7546"}],"up":[{"embeddable":true,"href":"https:\/\/taxhelplaw.com\/sptax\/wp-json\/wp\/v2\/pages\/275"}],"wp:attachment":[{"href":"https:\/\/taxhelplaw.com\/sptax\/wp-json\/wp\/v2\/media?parent=198"}],"curies":[{"name":"wp","href":"https:\/\/api.w.org\/{rel}","templated":true}]}}