{"id":191,"date":"2015-02-07T03:02:59","date_gmt":"2015-02-07T03:02:59","guid":{"rendered":"http:\/\/taxhelplaw.com\/sp\/?page_id=191"},"modified":"2023-03-12T02:50:17","modified_gmt":"2023-03-12T02:50:17","slug":"aviso-cp87a","status":"publish","type":"page","link":"https:\/\/taxhelplaw.com\/sptax\/soluciones\/pasos-de-casos-errores-de-declaracion\/aviso-cp87a\/","title":{"rendered":"Aviso CP87A"},"content":{"rendered":"<p>Con el Aviso CP87A el IRS est\u00e1 poniendo en duda su derecho a agregar a alguien como dependiente. Por lo tanto los beneficios asociados con los dependientes como el cr\u00e9dito por ingreso del trabajo, cr\u00e9dito tributario por hijos y jefe de familia.<\/p>\n<p>La causa m\u00e1s probable de recibir este aviso es que alguien (por ejemplo: ex c\u00f3nyuge, abuelos, etc.) carg\u00f3 con la exenci\u00f3n por el dependiente en su declaraci\u00f3n as\u00ed que el IRS tiene dos declaraciones de impuestos que reclaman al mismo dependiente como una exenci\u00f3n. Si es posible, averig\u00fce si alguien reclam\u00f3 al dependiente.<\/p>\n<p>Si un ex c\u00f3nyuge reclam\u00f3 al dependiente, entonces una batalla podr\u00eda surgir en cualquier Tribunal del estado donde se concedi\u00f3 la orden de manutenci\u00f3n. Puede ser una violaci\u00f3n de la orden judicial. Por favor hable con un abogado de derecho de familia en su \u00e1rea. Una declaraci\u00f3n <a class=\"popup\" title=\"Formulario 1040X\" href=\"\/\/www.irs.gov\/pub\/irs-pdf\/f1040x.pdf\" rel=\"noopener\">enmendada<\/a> puede ser recomendada.<\/p>\n<p>El IRS no se fija en las \u00f3rdenes de los tribunales. En la mayor\u00eda de los casos, la exenci\u00f3n se otorga a quien ha alojado f\u00edsicamente al dependiente la mayor parte del a\u00f1o. (Vea la <a class=\"popup\" title=\"Publicaci\u00f3n 501\" href=\"\/\/www.irs.gov\/publications\/p501\/index.html\" rel=\"noopener\"><span style=\"color: #0000ff;\">Pub. 501<\/span><\/a>, <a class=\"popup\" title=\"Publicaci\u00f3n 504\" href=\"\/\/www.irs.gov\/publications\/p504\/index.html\" rel=\"noopener\"><span style=\"color: #0000ff;\">Pub. 504<\/span><\/a>). Esto puede ser muy evidente o puede complicarse m\u00e1s si dos (o m\u00e1s) de los contribuyentes afirman haber mantenido al dependiente. El nivel de la prueba necesaria var\u00eda con la situaci\u00f3n.<\/p>\n<p>Si usted tiene derecho a la deducci\u00f3n (o el otro contribuyente modifica su declaraci\u00f3n de impuesto), no es necesario responder. Pero el IRS podr\u00eda enviarle el Aviso <a title=\"Aviso CP75\" href=\"\/\/taxhelplaw.com\/sptax\/soluciones\/pasos-de-casos-auditorias\/aviso-cp75\/\" target=\"_blank\" rel=\"noopener\">CP75<\/a> exigiendo una respuesta. Hay que investigar los hechos y organizar su evidencia en caso de que el IRS la pida.<\/p>\n<h6>Este aviso no es una factura y no es una auditor\u00eda<\/h6>\n<p>Basado en su respuesta, o falta de ella, dar\u00e1 lugar a un ajuste matem\u00e1tico. Al responder al IRS sea muy cuidadoso con lo que diga y lo que env\u00ede ya que \u00a1puede ser usado en su contra! El IRS pedir\u00e1 prueba de registros escolares, registros m\u00e9dicos, gastos del hogar, cuidado de ni\u00f1os, de manutenci\u00f3n, etc.<\/p>\n<p>Si usted no responde exactamente como el IRS requiere, se le negar\u00e1 la exenci\u00f3n este a\u00f1o y los a\u00f1os siguientes. Adem\u00e1s, es muy posible que el IRS imponga penalidades contra usted relacionadas con imprecisi\u00f3n o negligencia de mantenimiento de registros.<\/p>\n<h6>Nuestro sitio web, <a href=\"https:\/\/taxhelplaw.com\/sptax\/autodefensa-contra-una-auditoria-del-irs\/\" target=\"_blank\" rel=\"noopener\"><span style=\"color: #0000ff;\">TaxHelpAudit.com<\/span><\/a> tiene instrucciones espec\u00edficas<\/h6>\n<p>Estas instrucciones le muestran c\u00f3mo manejar los ajustes del IRS para las exenciones personales y cr\u00e9ditos, as\u00ed como los diversos cr\u00e9ditos: cr\u00e9dito por ingreso de trabajo, cr\u00e9dito fiscal por hijo, adicionales cr\u00e9ditos tributarios por hijo, etc.<\/p>\n<p>Si usted ha recibido el Aviso CP87A vea los <a title=\"Pasos de Casos \u2013 Errores de Declaraci\u00f3n\" href=\"\/\/taxhelplaw.com\/sptax\/soluciones\/pasos-de-casos-errores-de-declaracion\/\"><span style=\"color: #0000ff;\">Pasos de Casos<\/span><\/a> a seguir para obtener m\u00e1s informaci\u00f3n, formularios e instrucciones y p\u00f3ngase en contacto con nuestras oficinas para hacer una cita y analizar su caso particular en detalle.<\/p>\n<div class=\"one-half first\">\n<h6>Versi\u00f3n en ingl\u00e9s:<\/h6>\n<\/div>\n<div class=\"one-half\"><a href=\"https:\/\/taxhelplaw.com\/sptax\/wp-content\/uploads\/2022\/10\/Notice.CP87A.jpg\" class=\"popup\">Notice 87A<\/a><\/div>\n<p>&nbsp;<\/p>\n<div>\n<h6>Nuestra traducci\u00f3n al espa\u00f1ol:<\/h6>\n<\/div>\n<p><a title=\"Pasos de Casos \u2013 Errores de Declaraci\u00f3n\" href=\"\/\/taxhelplaw.com\/sptax\/soluciones\/pasos-de-casos-errores-de-declaracion\/\"><img loading=\"lazy\" decoding=\"async\" class=\"alignleft size-large wp-image-220\" src=\"https:\/\/taxhelplaw.com\/sptax\/wp-content\/uploads\/2023\/03\/cp87aenespanol_Page_1.jpg\" alt=\"CP87A\" width=\"1241\" height=\"1664\" \/><\/a><\/p>\n<p><a href=\"https:\/\/taxhelplaw.com\/sptax\/sample-page-2\/contactenos\/\"><img loading=\"lazy\" decoding=\"async\" class=\"aligncenter size-full wp-image-3464\" title=\"Aviso CP87A del IRS\" src=\"https:\/\/taxhelplaw.com\/sptax\/wp-content\/uploads\/2022\/01\/taxhelpenespanol.jpg\" alt=\"Aviso CP87A del IRS. Abogado de derecho fiscal en Colorado Springs. Abogado de impuestos en Colorado Springs\" width=\"300\" height=\"101\" \/><\/a><\/p>\n","protected":false},"excerpt":{"rendered":"<p>Con el Aviso CP87A el IRS est\u00e1 poniendo en duda su derecho a agregar a alguien como dependiente. Por lo tanto los beneficios asociados con los dependientes como el cr\u00e9dito por ingreso del trabajo, cr\u00e9dito tributario por hijos y jefe de familia. La causa m\u00e1s probable de recibir este aviso es que alguien (por ejemplo: [&hellip;]<\/p>\n","protected":false},"author":1,"featured_media":0,"parent":256,"menu_order":14,"comment_status":"closed","ping_status":"closed","template":"","meta":{"_genesis_hide_title":false,"_genesis_hide_breadcrumbs":false,"_genesis_hide_singular_image":false,"_genesis_hide_footer_widgets":false,"_genesis_custom_body_class":"","_genesis_custom_post_class":"","_genesis_layout":"","footnotes":""},"class_list":{"0":"post-191","1":"page","2":"type-page","3":"status-publish","5":"entry"},"yoast_head":"<!-- This site is optimized with the Yoast SEO Premium plugin v27.0 (Yoast SEO v27.4) - https:\/\/yoast.com\/product\/yoast-seo-premium-wordpress\/ -->\n<title>Aviso CP87A. Reclamo de dependientes - TaxHelpLaw<\/title>\n<meta name=\"description\" content=\"Aviso CP87A del IRS: est\u00e1n poniendo en duda su derecho a agregar a alguien como dependiente. Le explicamos qu\u00e9 ha pasado y qu\u00e9 hacer.\" \/>\n<meta name=\"robots\" content=\"index, follow, max-snippet:-1, max-image-preview:large, max-video-preview:-1\" \/>\n<link rel=\"canonical\" href=\"https:\/\/taxhelplaw.com\/sptax\/soluciones\/pasos-de-casos-errores-de-declaracion\/aviso-cp87a\/\" \/>\n<meta property=\"og:locale\" content=\"es_MX\" \/>\n<meta property=\"og:type\" content=\"article\" \/>\n<meta property=\"og:title\" content=\"Aviso CP87A\" \/>\n<meta property=\"og:description\" content=\"Aviso CP87A del IRS: est\u00e1n poniendo en duda su derecho a agregar a alguien como dependiente. Le explicamos qu\u00e9 ha pasado y qu\u00e9 hacer.\" \/>\n<meta property=\"og:url\" content=\"https:\/\/taxhelplaw.com\/sptax\/soluciones\/pasos-de-casos-errores-de-declaracion\/aviso-cp87a\/\" \/>\n<meta property=\"og:site_name\" content=\"J. David Hopkins, JD LLM\" \/>\n<meta property=\"article:modified_time\" content=\"2023-03-12T02:50:17+00:00\" \/>\n<meta property=\"og:image\" content=\"https:\/\/taxhelplaw.com\/sptax\/wp-content\/uploads\/2023\/03\/cp87aenespanol_Page_1.jpg\" \/>\n<meta name=\"twitter:card\" content=\"summary_large_image\" \/>\n<meta name=\"twitter:label1\" content=\"Tiempo de lectura\" \/>\n\t<meta name=\"twitter:data1\" content=\"3 minutos\" \/>\n<script type=\"application\/ld+json\" class=\"yoast-schema-graph\">{\"@context\":\"https:\\\/\\\/schema.org\",\"@graph\":[{\"@type\":\"WebPage\",\"@id\":\"https:\\\/\\\/taxhelplaw.com\\\/sptax\\\/soluciones\\\/pasos-de-casos-errores-de-declaracion\\\/aviso-cp87a\\\/\",\"url\":\"https:\\\/\\\/taxhelplaw.com\\\/sptax\\\/soluciones\\\/pasos-de-casos-errores-de-declaracion\\\/aviso-cp87a\\\/\",\"name\":\"Aviso CP87A. Reclamo de dependientes - TaxHelpLaw\",\"isPartOf\":{\"@id\":\"https:\\\/\\\/taxhelplaw.com\\\/sptax\\\/#website\"},\"primaryImageOfPage\":{\"@id\":\"https:\\\/\\\/taxhelplaw.com\\\/sptax\\\/soluciones\\\/pasos-de-casos-errores-de-declaracion\\\/aviso-cp87a\\\/#primaryimage\"},\"image\":{\"@id\":\"https:\\\/\\\/taxhelplaw.com\\\/sptax\\\/soluciones\\\/pasos-de-casos-errores-de-declaracion\\\/aviso-cp87a\\\/#primaryimage\"},\"thumbnailUrl\":\"https:\\\/\\\/taxhelplaw.com\\\/sptax\\\/wp-content\\\/uploads\\\/2023\\\/03\\\/cp87aenespanol_Page_1.jpg\",\"datePublished\":\"2015-02-07T03:02:59+00:00\",\"dateModified\":\"2023-03-12T02:50:17+00:00\",\"description\":\"Aviso CP87A del IRS: est\u00e1n poniendo en duda su derecho a agregar a alguien como dependiente. Le explicamos qu\u00e9 ha pasado y qu\u00e9 hacer.\",\"breadcrumb\":{\"@id\":\"https:\\\/\\\/taxhelplaw.com\\\/sptax\\\/soluciones\\\/pasos-de-casos-errores-de-declaracion\\\/aviso-cp87a\\\/#breadcrumb\"},\"inLanguage\":\"es\",\"potentialAction\":[{\"@type\":\"ReadAction\",\"target\":[\"https:\\\/\\\/taxhelplaw.com\\\/sptax\\\/soluciones\\\/pasos-de-casos-errores-de-declaracion\\\/aviso-cp87a\\\/\"]}]},{\"@type\":\"ImageObject\",\"inLanguage\":\"es\",\"@id\":\"https:\\\/\\\/taxhelplaw.com\\\/sptax\\\/soluciones\\\/pasos-de-casos-errores-de-declaracion\\\/aviso-cp87a\\\/#primaryimage\",\"url\":\"https:\\\/\\\/taxhelplaw.com\\\/sptax\\\/wp-content\\\/uploads\\\/2023\\\/03\\\/cp87aenespanol_Page_1.jpg\",\"contentUrl\":\"https:\\\/\\\/taxhelplaw.com\\\/sptax\\\/wp-content\\\/uploads\\\/2023\\\/03\\\/cp87aenespanol_Page_1.jpg\",\"width\":1284,\"height\":1662},{\"@type\":\"BreadcrumbList\",\"@id\":\"https:\\\/\\\/taxhelplaw.com\\\/sptax\\\/soluciones\\\/pasos-de-casos-errores-de-declaracion\\\/aviso-cp87a\\\/#breadcrumb\",\"itemListElement\":[{\"@type\":\"ListItem\",\"position\":1,\"name\":\"Home\",\"item\":\"https:\\\/\\\/taxhelplaw.com\\\/sptax\\\/\"},{\"@type\":\"ListItem\",\"position\":2,\"name\":\"Soluciones\",\"item\":\"https:\\\/\\\/taxhelplaw.com\\\/sptax\\\/soluciones\\\/\"},{\"@type\":\"ListItem\",\"position\":3,\"name\":\"Errores de Declaraci\u00f3n\",\"item\":\"https:\\\/\\\/taxhelplaw.com\\\/sptax\\\/soluciones\\\/pasos-de-casos-errores-de-declaracion\\\/\"},{\"@type\":\"ListItem\",\"position\":4,\"name\":\"Aviso CP87A\"}]},{\"@type\":\"WebSite\",\"@id\":\"https:\\\/\\\/taxhelplaw.com\\\/sptax\\\/#website\",\"url\":\"https:\\\/\\\/taxhelplaw.com\\\/sptax\\\/\",\"name\":\"J. David Hopkins, JD LLM\",\"description\":\"Maestr\u00eda en Derecho Tributario\",\"publisher\":{\"@id\":\"https:\\\/\\\/taxhelplaw.com\\\/sptax\\\/#organization\"},\"alternateName\":\"TaxHelpLaw en Espa\u00f1ol\",\"potentialAction\":[{\"@type\":\"SearchAction\",\"target\":{\"@type\":\"EntryPoint\",\"urlTemplate\":\"https:\\\/\\\/taxhelplaw.com\\\/sptax\\\/?s={search_term_string}\"},\"query-input\":{\"@type\":\"PropertyValueSpecification\",\"valueRequired\":true,\"valueName\":\"search_term_string\"}}],\"inLanguage\":\"es\"},{\"@type\":\"Organization\",\"@id\":\"https:\\\/\\\/taxhelplaw.com\\\/sptax\\\/#organization\",\"name\":\"TaxHelp, Inc.\",\"url\":\"https:\\\/\\\/taxhelplaw.com\\\/sptax\\\/\",\"logo\":{\"@type\":\"ImageObject\",\"inLanguage\":\"es\",\"@id\":\"https:\\\/\\\/taxhelplaw.com\\\/sptax\\\/#\\\/schema\\\/logo\\\/image\\\/\",\"url\":\"https:\\\/\\\/taxhelplaw.com\\\/sptax\\\/wp-content\\\/uploads\\\/2022\\\/01\\\/taxhelpenespanol.jpg\",\"contentUrl\":\"https:\\\/\\\/taxhelplaw.com\\\/sptax\\\/wp-content\\\/uploads\\\/2022\\\/01\\\/taxhelpenespanol.jpg\",\"width\":300,\"height\":101,\"caption\":\"TaxHelp, Inc.\"},\"image\":{\"@id\":\"https:\\\/\\\/taxhelplaw.com\\\/sptax\\\/#\\\/schema\\\/logo\\\/image\\\/\"}}]}<\/script>\n<!-- \/ Yoast SEO Premium plugin. -->","yoast_head_json":{"title":"Aviso CP87A. Reclamo de dependientes - TaxHelpLaw","description":"Aviso CP87A del IRS: est\u00e1n poniendo en duda su derecho a agregar a alguien como dependiente. Le explicamos qu\u00e9 ha pasado y qu\u00e9 hacer.","robots":{"index":"index","follow":"follow","max-snippet":"max-snippet:-1","max-image-preview":"max-image-preview:large","max-video-preview":"max-video-preview:-1"},"canonical":"https:\/\/taxhelplaw.com\/sptax\/soluciones\/pasos-de-casos-errores-de-declaracion\/aviso-cp87a\/","og_locale":"es_MX","og_type":"article","og_title":"Aviso CP87A","og_description":"Aviso CP87A del IRS: est\u00e1n poniendo en duda su derecho a agregar a alguien como dependiente. Le explicamos qu\u00e9 ha pasado y qu\u00e9 hacer.","og_url":"https:\/\/taxhelplaw.com\/sptax\/soluciones\/pasos-de-casos-errores-de-declaracion\/aviso-cp87a\/","og_site_name":"J. David Hopkins, JD LLM","article_modified_time":"2023-03-12T02:50:17+00:00","og_image":[{"url":"https:\/\/taxhelplaw.com\/sptax\/wp-content\/uploads\/2023\/03\/cp87aenespanol_Page_1.jpg","type":"","width":"","height":""}],"twitter_card":"summary_large_image","twitter_misc":{"Tiempo de lectura":"3 minutos"},"schema":{"@context":"https:\/\/schema.org","@graph":[{"@type":"WebPage","@id":"https:\/\/taxhelplaw.com\/sptax\/soluciones\/pasos-de-casos-errores-de-declaracion\/aviso-cp87a\/","url":"https:\/\/taxhelplaw.com\/sptax\/soluciones\/pasos-de-casos-errores-de-declaracion\/aviso-cp87a\/","name":"Aviso CP87A. Reclamo de dependientes - TaxHelpLaw","isPartOf":{"@id":"https:\/\/taxhelplaw.com\/sptax\/#website"},"primaryImageOfPage":{"@id":"https:\/\/taxhelplaw.com\/sptax\/soluciones\/pasos-de-casos-errores-de-declaracion\/aviso-cp87a\/#primaryimage"},"image":{"@id":"https:\/\/taxhelplaw.com\/sptax\/soluciones\/pasos-de-casos-errores-de-declaracion\/aviso-cp87a\/#primaryimage"},"thumbnailUrl":"https:\/\/taxhelplaw.com\/sptax\/wp-content\/uploads\/2023\/03\/cp87aenespanol_Page_1.jpg","datePublished":"2015-02-07T03:02:59+00:00","dateModified":"2023-03-12T02:50:17+00:00","description":"Aviso CP87A del IRS: est\u00e1n poniendo en duda su derecho a agregar a alguien como dependiente. Le explicamos qu\u00e9 ha pasado y qu\u00e9 hacer.","breadcrumb":{"@id":"https:\/\/taxhelplaw.com\/sptax\/soluciones\/pasos-de-casos-errores-de-declaracion\/aviso-cp87a\/#breadcrumb"},"inLanguage":"es","potentialAction":[{"@type":"ReadAction","target":["https:\/\/taxhelplaw.com\/sptax\/soluciones\/pasos-de-casos-errores-de-declaracion\/aviso-cp87a\/"]}]},{"@type":"ImageObject","inLanguage":"es","@id":"https:\/\/taxhelplaw.com\/sptax\/soluciones\/pasos-de-casos-errores-de-declaracion\/aviso-cp87a\/#primaryimage","url":"https:\/\/taxhelplaw.com\/sptax\/wp-content\/uploads\/2023\/03\/cp87aenespanol_Page_1.jpg","contentUrl":"https:\/\/taxhelplaw.com\/sptax\/wp-content\/uploads\/2023\/03\/cp87aenespanol_Page_1.jpg","width":1284,"height":1662},{"@type":"BreadcrumbList","@id":"https:\/\/taxhelplaw.com\/sptax\/soluciones\/pasos-de-casos-errores-de-declaracion\/aviso-cp87a\/#breadcrumb","itemListElement":[{"@type":"ListItem","position":1,"name":"Home","item":"https:\/\/taxhelplaw.com\/sptax\/"},{"@type":"ListItem","position":2,"name":"Soluciones","item":"https:\/\/taxhelplaw.com\/sptax\/soluciones\/"},{"@type":"ListItem","position":3,"name":"Errores de Declaraci\u00f3n","item":"https:\/\/taxhelplaw.com\/sptax\/soluciones\/pasos-de-casos-errores-de-declaracion\/"},{"@type":"ListItem","position":4,"name":"Aviso CP87A"}]},{"@type":"WebSite","@id":"https:\/\/taxhelplaw.com\/sptax\/#website","url":"https:\/\/taxhelplaw.com\/sptax\/","name":"J. David Hopkins, JD LLM","description":"Maestr\u00eda en Derecho Tributario","publisher":{"@id":"https:\/\/taxhelplaw.com\/sptax\/#organization"},"alternateName":"TaxHelpLaw en Espa\u00f1ol","potentialAction":[{"@type":"SearchAction","target":{"@type":"EntryPoint","urlTemplate":"https:\/\/taxhelplaw.com\/sptax\/?s={search_term_string}"},"query-input":{"@type":"PropertyValueSpecification","valueRequired":true,"valueName":"search_term_string"}}],"inLanguage":"es"},{"@type":"Organization","@id":"https:\/\/taxhelplaw.com\/sptax\/#organization","name":"TaxHelp, Inc.","url":"https:\/\/taxhelplaw.com\/sptax\/","logo":{"@type":"ImageObject","inLanguage":"es","@id":"https:\/\/taxhelplaw.com\/sptax\/#\/schema\/logo\/image\/","url":"https:\/\/taxhelplaw.com\/sptax\/wp-content\/uploads\/2022\/01\/taxhelpenespanol.jpg","contentUrl":"https:\/\/taxhelplaw.com\/sptax\/wp-content\/uploads\/2022\/01\/taxhelpenespanol.jpg","width":300,"height":101,"caption":"TaxHelp, Inc."},"image":{"@id":"https:\/\/taxhelplaw.com\/sptax\/#\/schema\/logo\/image\/"}}]}},"jetpack_sharing_enabled":true,"_links":{"self":[{"href":"https:\/\/taxhelplaw.com\/sptax\/wp-json\/wp\/v2\/pages\/191","targetHints":{"allow":["GET"]}}],"collection":[{"href":"https:\/\/taxhelplaw.com\/sptax\/wp-json\/wp\/v2\/pages"}],"about":[{"href":"https:\/\/taxhelplaw.com\/sptax\/wp-json\/wp\/v2\/types\/page"}],"author":[{"embeddable":true,"href":"https:\/\/taxhelplaw.com\/sptax\/wp-json\/wp\/v2\/users\/1"}],"replies":[{"embeddable":true,"href":"https:\/\/taxhelplaw.com\/sptax\/wp-json\/wp\/v2\/comments?post=191"}],"version-history":[{"count":12,"href":"https:\/\/taxhelplaw.com\/sptax\/wp-json\/wp\/v2\/pages\/191\/revisions"}],"predecessor-version":[{"id":7517,"href":"https:\/\/taxhelplaw.com\/sptax\/wp-json\/wp\/v2\/pages\/191\/revisions\/7517"}],"up":[{"embeddable":true,"href":"https:\/\/taxhelplaw.com\/sptax\/wp-json\/wp\/v2\/pages\/256"}],"wp:attachment":[{"href":"https:\/\/taxhelplaw.com\/sptax\/wp-json\/wp\/v2\/media?parent=191"}],"curies":[{"name":"wp","href":"https:\/\/api.w.org\/{rel}","templated":true}]}}