{"id":187,"date":"2015-02-07T02:39:23","date_gmt":"2015-02-07T02:39:23","guid":{"rendered":"http:\/\/taxhelplaw.com\/sp\/?page_id=187"},"modified":"2023-03-13T17:19:04","modified_gmt":"2023-03-13T17:19:04","slug":"carta-3572","status":"publish","type":"page","link":"https:\/\/taxhelplaw.com\/sptax\/soluciones\/pasos-de-casos-auditorias\/carta-3572\/","title":{"rendered":"Carta 3572"},"content":{"rendered":"<p>El IRS usa la Carta 3572 para informarle de una auditor\u00eda. Le quieren hacer preguntas ya sea en su casa, oficina o la oficina del IRS. Una auditor\u00eda es un proceso legal en su contra por lo tanto le recomendamos que consiga ayuda legal.<\/p>\n<p>Generalmente el IRS solicita m\u00e1s informaci\u00f3n de la que necesitan y usted tiene la obligaci\u00f3n de ofrecer evidencia organizada correctamente para ganar el caso.<\/p>\n<p>A veces, en la Carta 3572 hay una descripci\u00f3n breve de los problemas pero generalmente env\u00edan el Formulario <a title=\"Formulario 4564\" href=\"\/\/taxhelplaw.com\/sptax\/soluciones\/pasos-de-casos-auditorias\/formulario-4564\/\"><span style=\"color: #0000ff;\">4564<\/span><\/a> o el Formulario <a title=\"Formulario 886A\" href=\"\/\/taxhelplaw.com\/sptax\/soluciones\/pasos-de-casos-auditorias\/formulario-886a\/\"><span style=\"color: #0000ff;\">886A<\/span><\/a> para hacer preguntas. Estos formularios son m\u00e1s importantes porque si no responde correctamente,\u00a0 pierde el caso.<\/p>\n<p>Es importante obtener ayuda legal durante este proceso. Para ofrecerle una consulta confidencial lo mas productiva posible, hemos creado estos <a title=\"Pasos de Casos \u2013 Auditorias\" href=\"\/\/taxhelplaw.com\/sptax\/soluciones\/pasos-de-casos-auditorias\/\"><span style=\"color: #0000ff;\">Pasos de Casos<\/span><\/a> para que usted siga antes de la cita con el abogado. Despu\u00e9s podemos hacer un Plan de Acci\u00f3n para combatir al <a href=\"https:\/\/www.irs.gov\/es\" target=\"_blank\" rel=\"noopener\">IRS<\/a> al menor costo posible.<\/p>\n<p>Pero, alguien tiene que organizar sus documentos.<\/p>\n<p>Le puede pagar a un contador p\u00fablico, tenedor de libros o a un abogado para que lo hagan. Si quiere ahorrar dinero y prepararse solo, hemos creado el sitio <a href=\"https:\/\/taxhelplaw.com\/sptax\/autodefensa-contra-una-auditoria-del-irs\/\"><span style=\"color: #0000ff;\">TaxHelpLaw.com<\/span><\/a> que le ofrece todas las herramientas y t\u00e1cticas para prepararse para la auditor\u00eda.<\/p>\n<p>Aunque nos contrate para representarlo, es buena idea prepararse solo ya que usted conoce sus asuntos y sabe d\u00f3nde tiene los documentos.<\/p>\n<p>Si ha recibido la Carta 3572 y necesita ayuda legal, p\u00f3ngase en contacto con el Lic. Hopkins.<\/p>\n<div class=\"one-half first\">\n<h6>Versi\u00f3n en ingl\u00e9s:<\/h6>\n<\/div>\n<div class=\"one-half\"><a href=\"\/sptax\/wp-content\/uploads\/2015\/02\/Audit-LTR-3572.-jpeg-1.jpg\" class=\"popup\">Letter 3572<\/a><\/div>\n<p>&nbsp;<\/p>\n<div>\n<h6>Nuestra traducci\u00f3n al espa\u00f1ol:<\/h6>\n<\/div>\n<p><a title=\"Pasos de Casos \u2013 Auditorias\" href=\"\/\/taxhelplaw.com\/sptax\/soluciones\/pasos-de-casos-auditorias\/\"><img loading=\"lazy\" decoding=\"async\" class=\"alignnone size-full wp-image-208\" src=\"https:\/\/taxhelplaw.com\/sptax\/wp-content\/uploads\/2023\/03\/AuditLTR3572enespanol.jpg\" alt=\"Carta3572.jpeg\" width=\"1247\" height=\"1631\"\/><\/a><\/p>\n<p><a href=\"https:\/\/taxhelplaw.com\/sptax\/sample-page-2\/contactenos\/\"><img loading=\"lazy\" decoding=\"async\" class=\"aligncenter size-full wp-image-3464\" title=\"Carta 3572 del IRS\" src=\"https:\/\/taxhelplaw.com\/sptax\/wp-content\/uploads\/2022\/01\/taxhelpenespanol.jpg\" alt=\"Carta 3572 del IRS. Abogado de derecho fiscal en Colorado Springs. Abogado de impuestos en Colorado Springs\" width=\"300\" height=\"101\" \/><\/a><\/p>\n","protected":false},"excerpt":{"rendered":"<p>El IRS usa la Carta 3572 para informarle de una auditor\u00eda. Le quieren hacer preguntas ya sea en su casa, oficina o la oficina del IRS. Una auditor\u00eda es un proceso legal en su contra por lo tanto le recomendamos que consiga ayuda legal. Generalmente el IRS solicita m\u00e1s informaci\u00f3n de la que necesitan y [&hellip;]<\/p>\n","protected":false},"author":1,"featured_media":0,"parent":164,"menu_order":0,"comment_status":"closed","ping_status":"closed","template":"","meta":{"_genesis_hide_title":false,"_genesis_hide_breadcrumbs":false,"_genesis_hide_singular_image":false,"_genesis_hide_footer_widgets":false,"_genesis_custom_body_class":"","_genesis_custom_post_class":"","_genesis_layout":"","footnotes":""},"class_list":{"0":"post-187","1":"page","2":"type-page","3":"status-publish","5":"entry"},"yoast_head":"<!-- This site is optimized with the Yoast SEO Premium plugin v27.0 (Yoast SEO v27.4) - https:\/\/yoast.com\/product\/yoast-seo-premium-wordpress\/ -->\n<title>Carta 3572 del IRS - No pierda su caso - J. David Hopkins, JD LLM<\/title>\n<meta name=\"description\" content=\"El IRS usa la Carta 3572 para informarle de una auditor\u00eda que es un proceso legal en su contra. Nosotros lo ayudaremos.\" \/>\n<meta name=\"robots\" content=\"index, follow, max-snippet:-1, max-image-preview:large, max-video-preview:-1\" \/>\n<link rel=\"canonical\" href=\"https:\/\/taxhelplaw.com\/sptax\/soluciones\/pasos-de-casos-auditorias\/carta-3572\/\" \/>\n<meta property=\"og:locale\" content=\"es_MX\" \/>\n<meta property=\"og:type\" content=\"article\" \/>\n<meta property=\"og:title\" content=\"Carta 3572\" \/>\n<meta property=\"og:description\" content=\"El IRS usa la Carta 3572 para informarle de una auditor\u00eda que es un proceso legal en su contra. Nosotros lo ayudaremos.\" \/>\n<meta property=\"og:url\" content=\"https:\/\/taxhelplaw.com\/sptax\/soluciones\/pasos-de-casos-auditorias\/carta-3572\/\" \/>\n<meta property=\"og:site_name\" content=\"J. David Hopkins, JD LLM\" \/>\n<meta property=\"article:modified_time\" content=\"2023-03-13T17:19:04+00:00\" \/>\n<meta property=\"og:image\" content=\"https:\/\/taxhelplaw.com\/sptax\/wp-content\/uploads\/2023\/03\/AuditLTR3572enespanol.jpg\" \/>\n<meta name=\"twitter:card\" content=\"summary_large_image\" \/>\n<meta name=\"twitter:label1\" content=\"Tiempo de lectura\" \/>\n\t<meta name=\"twitter:data1\" content=\"2 minutos\" \/>\n<script type=\"application\/ld+json\" class=\"yoast-schema-graph\">{\"@context\":\"https:\\\/\\\/schema.org\",\"@graph\":[{\"@type\":\"WebPage\",\"@id\":\"https:\\\/\\\/taxhelplaw.com\\\/sptax\\\/soluciones\\\/pasos-de-casos-auditorias\\\/carta-3572\\\/\",\"url\":\"https:\\\/\\\/taxhelplaw.com\\\/sptax\\\/soluciones\\\/pasos-de-casos-auditorias\\\/carta-3572\\\/\",\"name\":\"Carta 3572 del IRS - No pierda su caso - J. David Hopkins, JD LLM\",\"isPartOf\":{\"@id\":\"https:\\\/\\\/taxhelplaw.com\\\/sptax\\\/#website\"},\"primaryImageOfPage\":{\"@id\":\"https:\\\/\\\/taxhelplaw.com\\\/sptax\\\/soluciones\\\/pasos-de-casos-auditorias\\\/carta-3572\\\/#primaryimage\"},\"image\":{\"@id\":\"https:\\\/\\\/taxhelplaw.com\\\/sptax\\\/soluciones\\\/pasos-de-casos-auditorias\\\/carta-3572\\\/#primaryimage\"},\"thumbnailUrl\":\"https:\\\/\\\/taxhelplaw.com\\\/sptax\\\/wp-content\\\/uploads\\\/2023\\\/03\\\/AuditLTR3572enespanol.jpg\",\"datePublished\":\"2015-02-07T02:39:23+00:00\",\"dateModified\":\"2023-03-13T17:19:04+00:00\",\"description\":\"El IRS usa la Carta 3572 para informarle de una auditor\u00eda que es un proceso legal en su contra. Nosotros lo ayudaremos.\",\"breadcrumb\":{\"@id\":\"https:\\\/\\\/taxhelplaw.com\\\/sptax\\\/soluciones\\\/pasos-de-casos-auditorias\\\/carta-3572\\\/#breadcrumb\"},\"inLanguage\":\"es\",\"potentialAction\":[{\"@type\":\"ReadAction\",\"target\":[\"https:\\\/\\\/taxhelplaw.com\\\/sptax\\\/soluciones\\\/pasos-de-casos-auditorias\\\/carta-3572\\\/\"]}]},{\"@type\":\"ImageObject\",\"inLanguage\":\"es\",\"@id\":\"https:\\\/\\\/taxhelplaw.com\\\/sptax\\\/soluciones\\\/pasos-de-casos-auditorias\\\/carta-3572\\\/#primaryimage\",\"url\":\"https:\\\/\\\/taxhelplaw.com\\\/sptax\\\/wp-content\\\/uploads\\\/2023\\\/03\\\/AuditLTR3572enespanol.jpg\",\"contentUrl\":\"https:\\\/\\\/taxhelplaw.com\\\/sptax\\\/wp-content\\\/uploads\\\/2023\\\/03\\\/AuditLTR3572enespanol.jpg\",\"width\":1725,\"height\":2235},{\"@type\":\"BreadcrumbList\",\"@id\":\"https:\\\/\\\/taxhelplaw.com\\\/sptax\\\/soluciones\\\/pasos-de-casos-auditorias\\\/carta-3572\\\/#breadcrumb\",\"itemListElement\":[{\"@type\":\"ListItem\",\"position\":1,\"name\":\"Home\",\"item\":\"https:\\\/\\\/taxhelplaw.com\\\/sptax\\\/\"},{\"@type\":\"ListItem\",\"position\":2,\"name\":\"Soluciones\",\"item\":\"https:\\\/\\\/taxhelplaw.com\\\/sptax\\\/soluciones\\\/\"},{\"@type\":\"ListItem\",\"position\":3,\"name\":\"Auditor\u00edas\",\"item\":\"https:\\\/\\\/taxhelplaw.com\\\/sptax\\\/soluciones\\\/pasos-de-casos-auditorias\\\/\"},{\"@type\":\"ListItem\",\"position\":4,\"name\":\"Carta 3572\"}]},{\"@type\":\"WebSite\",\"@id\":\"https:\\\/\\\/taxhelplaw.com\\\/sptax\\\/#website\",\"url\":\"https:\\\/\\\/taxhelplaw.com\\\/sptax\\\/\",\"name\":\"J. David Hopkins, JD LLM\",\"description\":\"Maestr\u00eda en Derecho Tributario\",\"publisher\":{\"@id\":\"https:\\\/\\\/taxhelplaw.com\\\/sptax\\\/#organization\"},\"alternateName\":\"TaxHelpLaw en Espa\u00f1ol\",\"potentialAction\":[{\"@type\":\"SearchAction\",\"target\":{\"@type\":\"EntryPoint\",\"urlTemplate\":\"https:\\\/\\\/taxhelplaw.com\\\/sptax\\\/?s={search_term_string}\"},\"query-input\":{\"@type\":\"PropertyValueSpecification\",\"valueRequired\":true,\"valueName\":\"search_term_string\"}}],\"inLanguage\":\"es\"},{\"@type\":\"Organization\",\"@id\":\"https:\\\/\\\/taxhelplaw.com\\\/sptax\\\/#organization\",\"name\":\"TaxHelp, Inc.\",\"url\":\"https:\\\/\\\/taxhelplaw.com\\\/sptax\\\/\",\"logo\":{\"@type\":\"ImageObject\",\"inLanguage\":\"es\",\"@id\":\"https:\\\/\\\/taxhelplaw.com\\\/sptax\\\/#\\\/schema\\\/logo\\\/image\\\/\",\"url\":\"https:\\\/\\\/taxhelplaw.com\\\/sptax\\\/wp-content\\\/uploads\\\/2022\\\/01\\\/taxhelpenespanol.jpg\",\"contentUrl\":\"https:\\\/\\\/taxhelplaw.com\\\/sptax\\\/wp-content\\\/uploads\\\/2022\\\/01\\\/taxhelpenespanol.jpg\",\"width\":300,\"height\":101,\"caption\":\"TaxHelp, Inc.\"},\"image\":{\"@id\":\"https:\\\/\\\/taxhelplaw.com\\\/sptax\\\/#\\\/schema\\\/logo\\\/image\\\/\"}}]}<\/script>\n<!-- \/ Yoast SEO Premium plugin. -->","yoast_head_json":{"title":"Carta 3572 del IRS - No pierda su caso - J. David Hopkins, JD LLM","description":"El IRS usa la Carta 3572 para informarle de una auditor\u00eda que es un proceso legal en su contra. Nosotros lo ayudaremos.","robots":{"index":"index","follow":"follow","max-snippet":"max-snippet:-1","max-image-preview":"max-image-preview:large","max-video-preview":"max-video-preview:-1"},"canonical":"https:\/\/taxhelplaw.com\/sptax\/soluciones\/pasos-de-casos-auditorias\/carta-3572\/","og_locale":"es_MX","og_type":"article","og_title":"Carta 3572","og_description":"El IRS usa la Carta 3572 para informarle de una auditor\u00eda que es un proceso legal en su contra. Nosotros lo ayudaremos.","og_url":"https:\/\/taxhelplaw.com\/sptax\/soluciones\/pasos-de-casos-auditorias\/carta-3572\/","og_site_name":"J. David Hopkins, JD LLM","article_modified_time":"2023-03-13T17:19:04+00:00","og_image":[{"url":"https:\/\/taxhelplaw.com\/sptax\/wp-content\/uploads\/2023\/03\/AuditLTR3572enespanol.jpg","type":"","width":"","height":""}],"twitter_card":"summary_large_image","twitter_misc":{"Tiempo de lectura":"2 minutos"},"schema":{"@context":"https:\/\/schema.org","@graph":[{"@type":"WebPage","@id":"https:\/\/taxhelplaw.com\/sptax\/soluciones\/pasos-de-casos-auditorias\/carta-3572\/","url":"https:\/\/taxhelplaw.com\/sptax\/soluciones\/pasos-de-casos-auditorias\/carta-3572\/","name":"Carta 3572 del IRS - No pierda su caso - J. David Hopkins, JD LLM","isPartOf":{"@id":"https:\/\/taxhelplaw.com\/sptax\/#website"},"primaryImageOfPage":{"@id":"https:\/\/taxhelplaw.com\/sptax\/soluciones\/pasos-de-casos-auditorias\/carta-3572\/#primaryimage"},"image":{"@id":"https:\/\/taxhelplaw.com\/sptax\/soluciones\/pasos-de-casos-auditorias\/carta-3572\/#primaryimage"},"thumbnailUrl":"https:\/\/taxhelplaw.com\/sptax\/wp-content\/uploads\/2023\/03\/AuditLTR3572enespanol.jpg","datePublished":"2015-02-07T02:39:23+00:00","dateModified":"2023-03-13T17:19:04+00:00","description":"El IRS usa la Carta 3572 para informarle de una auditor\u00eda que es un proceso legal en su contra. Nosotros lo ayudaremos.","breadcrumb":{"@id":"https:\/\/taxhelplaw.com\/sptax\/soluciones\/pasos-de-casos-auditorias\/carta-3572\/#breadcrumb"},"inLanguage":"es","potentialAction":[{"@type":"ReadAction","target":["https:\/\/taxhelplaw.com\/sptax\/soluciones\/pasos-de-casos-auditorias\/carta-3572\/"]}]},{"@type":"ImageObject","inLanguage":"es","@id":"https:\/\/taxhelplaw.com\/sptax\/soluciones\/pasos-de-casos-auditorias\/carta-3572\/#primaryimage","url":"https:\/\/taxhelplaw.com\/sptax\/wp-content\/uploads\/2023\/03\/AuditLTR3572enespanol.jpg","contentUrl":"https:\/\/taxhelplaw.com\/sptax\/wp-content\/uploads\/2023\/03\/AuditLTR3572enespanol.jpg","width":1725,"height":2235},{"@type":"BreadcrumbList","@id":"https:\/\/taxhelplaw.com\/sptax\/soluciones\/pasos-de-casos-auditorias\/carta-3572\/#breadcrumb","itemListElement":[{"@type":"ListItem","position":1,"name":"Home","item":"https:\/\/taxhelplaw.com\/sptax\/"},{"@type":"ListItem","position":2,"name":"Soluciones","item":"https:\/\/taxhelplaw.com\/sptax\/soluciones\/"},{"@type":"ListItem","position":3,"name":"Auditor\u00edas","item":"https:\/\/taxhelplaw.com\/sptax\/soluciones\/pasos-de-casos-auditorias\/"},{"@type":"ListItem","position":4,"name":"Carta 3572"}]},{"@type":"WebSite","@id":"https:\/\/taxhelplaw.com\/sptax\/#website","url":"https:\/\/taxhelplaw.com\/sptax\/","name":"J. David Hopkins, JD LLM","description":"Maestr\u00eda en Derecho Tributario","publisher":{"@id":"https:\/\/taxhelplaw.com\/sptax\/#organization"},"alternateName":"TaxHelpLaw en Espa\u00f1ol","potentialAction":[{"@type":"SearchAction","target":{"@type":"EntryPoint","urlTemplate":"https:\/\/taxhelplaw.com\/sptax\/?s={search_term_string}"},"query-input":{"@type":"PropertyValueSpecification","valueRequired":true,"valueName":"search_term_string"}}],"inLanguage":"es"},{"@type":"Organization","@id":"https:\/\/taxhelplaw.com\/sptax\/#organization","name":"TaxHelp, Inc.","url":"https:\/\/taxhelplaw.com\/sptax\/","logo":{"@type":"ImageObject","inLanguage":"es","@id":"https:\/\/taxhelplaw.com\/sptax\/#\/schema\/logo\/image\/","url":"https:\/\/taxhelplaw.com\/sptax\/wp-content\/uploads\/2022\/01\/taxhelpenespanol.jpg","contentUrl":"https:\/\/taxhelplaw.com\/sptax\/wp-content\/uploads\/2022\/01\/taxhelpenespanol.jpg","width":300,"height":101,"caption":"TaxHelp, Inc."},"image":{"@id":"https:\/\/taxhelplaw.com\/sptax\/#\/schema\/logo\/image\/"}}]}},"jetpack_sharing_enabled":true,"_links":{"self":[{"href":"https:\/\/taxhelplaw.com\/sptax\/wp-json\/wp\/v2\/pages\/187","targetHints":{"allow":["GET"]}}],"collection":[{"href":"https:\/\/taxhelplaw.com\/sptax\/wp-json\/wp\/v2\/pages"}],"about":[{"href":"https:\/\/taxhelplaw.com\/sptax\/wp-json\/wp\/v2\/types\/page"}],"author":[{"embeddable":true,"href":"https:\/\/taxhelplaw.com\/sptax\/wp-json\/wp\/v2\/users\/1"}],"replies":[{"embeddable":true,"href":"https:\/\/taxhelplaw.com\/sptax\/wp-json\/wp\/v2\/comments?post=187"}],"version-history":[{"count":11,"href":"https:\/\/taxhelplaw.com\/sptax\/wp-json\/wp\/v2\/pages\/187\/revisions"}],"predecessor-version":[{"id":7541,"href":"https:\/\/taxhelplaw.com\/sptax\/wp-json\/wp\/v2\/pages\/187\/revisions\/7541"}],"up":[{"embeddable":true,"href":"https:\/\/taxhelplaw.com\/sptax\/wp-json\/wp\/v2\/pages\/164"}],"wp:attachment":[{"href":"https:\/\/taxhelplaw.com\/sptax\/wp-json\/wp\/v2\/media?parent=187"}],"curies":[{"name":"wp","href":"https:\/\/api.w.org\/{rel}","templated":true}]}}