{"id":162,"date":"2015-02-07T06:01:07","date_gmt":"2015-02-07T06:01:07","guid":{"rendered":"http:\/\/taxhelplaw.com\/sp\/?page_id=162"},"modified":"2022-11-29T03:35:40","modified_gmt":"2022-11-29T03:35:40","slug":"pasos-de-casos-prorrogas","status":"publish","type":"page","link":"https:\/\/taxhelplaw.com\/sptax\/soluciones\/pasos-de-casos-prorrogas\/","title":{"rendered":"Pr\u00f3rrogas"},"content":{"rendered":"<p><strong>PASOS DE CASOS A SEGUIR PARA LAS PR\u00d3RROGAS DE TIEMPO:<\/strong><\/p>\n<ol>\n<li>Obtenga su declaraci\u00f3n de impuesto, si ha sido presentada.<\/li>\n<li>Obtenga los avisos que el IRS le envi\u00f3.<\/li>\n<li>Llame al Lic. Hopkins en Colorado Springs o Pueblo para hacer una cita o haga clic <a class=\"popup\" title=\"Mensaje\" href=\"https:\/\/taxhelplaw.com\/sptax\/firma\/contactenos\/cita\/\">aqu\u00ed<\/a> y enviarle un mensaje privado.<\/li>\n<li>Traiga todos los documentos a la consulta con el abogado.<br \/>\n\u00a1Nos vemos!<\/li>\n<\/ol>\n<p>Usted puede necesitar una pr\u00f3rroga para responderle al IRS ya sea para obtener los documentos necesarios o por otra raz\u00f3n. El IRS puede otorgar la pr\u00f3rroga o no dependiendo del departamento del IRS donde usted solicit\u00f3 la pr\u00f3rroga y de qu\u00e9 proceso tengan en su contra.<\/p>\n<p><strong><span style=\"text-decoration: underline;\">Error de c\u00e1lculo<\/span><\/strong>: Si usted ha recibido una carta sobre un <strong><a title=\"Errores de Declaraci\u00f3n\" href=\"\/\/taxhelplaw.com\/sptax\/soluciones\/pasos-de-casos-errores-de-declaracion\/\">Error de C\u00e1lculo<\/a><\/strong>, le puede hablar al IRS al n\u00famero que aparece en la carta y pedir una pr\u00f3rroga, les debe decir por qu\u00e9 necesita m\u00e1s tiempo y demostrarles qu\u00e9 est\u00e1 haciendo para responder lo m\u00e1s pronto posible.<\/p>\n<p>Si no le contesta al IRS a tiempo y correctamente, ellos simplemente procesan su caso y le env\u00edan un Aviso de Ajuste (<a title=\"Aviso CP721\" href=\"\/\/taxhelplaw.com\/sptax\/soluciones\/pasos-de-casos-errores-de-declaracion\/aviso-cp721\/\"><strong>CP721-E<\/strong><\/a>).<\/p>\n<p>Usted debe presentar al IRS la informaci\u00f3n y evidencia necesarias para que acepten su declaraci\u00f3n sin cuestionarlo. Es el momento oportuno tambi\u00e9n para presentar su argumento y su caso correctamente organizado y un abogado puede ser un consejero valioso.<\/p>\n<p><span style=\"text-decoration: underline;\"><strong>Auditor\u00edas<\/strong><\/span>: Si est\u00e1 siendo <a title=\"Auditor\u00edas\" href=\"\/\/taxhelplaw.com\/sptax\/soluciones\/pasos-de-casos-auditorias\/\"><strong>auditado<\/strong><\/a>, los agentes esperan que usted cumpla. Ellos otorgan pr\u00f3rrogas cortas de tiempo pero no est\u00e1n dispuestos a esperar mucho tiempo. D\u00edgale al agente por qu\u00e9 necesita m\u00e1s tiempo y cuanto tiempo necesita. Le permitir\u00e1n m\u00e1s tiempo para buscar ayuda legal.<\/p>\n<p>A pesar de que los agentes del IRS pueden emitir un <a class=\"popup\" title=\"Emplazamiento\" href=\"\/sptax\/wp-content\/uploads\/2016\/03\/Summons-1.jpg\"><strong>Emplazamiento<\/strong><\/a> para forzar el cumplimiento, generalmente no lo hacen. En cambio, simplemente le niegan todas las deducciones y le env\u00edan el Aviso <a title=\"Formulario 4549\" href=\"\/\/taxhelplaw.com\/sptax\/soluciones\/pasos-de-casos-auditorias\/formulario-4549\/\"><strong>4549<\/strong><\/a>.<\/p>\n<p><span style=\"text-decoration: underline;\"><strong>Cobros<\/strong><\/span>: Si usted tiene este tipo de <a title=\"Cobros\" href=\"\/\/taxhelplaw.com\/sptax\/soluciones\/cobros\/\"><strong>problema<\/strong><\/a> puede depender de qu\u00e9 oficina del IRS est\u00e1 involucrada y de qu\u00e9 proceso se trata. Si ha recibido una factura de ellos, solamente les puede hablar por tel\u00e9fono. Ellos le pueden ofrecer un plan de pago o una fecha de vencimiento para que usted cumpla con los requisitos.<\/p>\n<p>En realidad no tienen el poder de ejecuci\u00f3n hasta que le env\u00eden la Notificaci\u00f3n de intenci\u00f3n de aplicar embargo (<a title=\"Aviso CP604\" href=\"\/\/taxhelplaw.com\/sptax\/soluciones\/cobros\/aviso-cp604\/\"><strong>CP604<\/strong><\/a>). Luego de este aviso las pr\u00f3rrogas son m\u00e1s dif\u00edciles de obtener.<\/p>\n<p>Si un funcionario local del IRS est\u00e1 involucrado, el caso es m\u00e1s serio y usted deber\u00eda considerar contratar a un abogado fiscal. Ellos esperan que usted cumpla y si no tiene una buena raz\u00f3n para no acatar las reglas, podr\u00edan ordenar un <a title=\"Formulario 668-W(c)\" href=\"\/\/taxhelplaw.com\/sptax\/soluciones\/cobros\/formulario-668-wc\/\"><strong>embargo<\/strong><\/a>.<\/p>\n<p>Tambi\u00e9n, si no cumple, pueden ordenar un Emplazamiento y remitirlo al Tribunal Federal de Primera Instancia por orden de desacato.<\/p>\n<p>Si usted piensa apelar, o alguien se lo ha aconsejado, (debido proceso de cobro, Formulario <a class=\"popup\" title=\"Formulario 12153\" href=\"\/\/www.irs.gov\/pub\/irs-pdf\/f12153sp.pdf\"><strong>12153<\/strong><\/a>) para obtener m\u00e1s tiempo, tenga cuidado porque estos tipos de apelaciones extienden la ley de prescripci\u00f3n.<\/p>\n<p>Cada situaci\u00f3n y cada agente son distintos as\u00ed que lo mejor es solicitar una pr\u00f3rroga y buscar asesoramiento legal del abogado de TaxHelpLaw antes de hablar con el IRS.<\/p>\n<p>Nosotros le prepararemos un <strong>Plan de Acci\u00f3n<\/strong> espec\u00edfico para sus necesidades y circunstancias.<\/p>\n<p>  <a href=\"https:\/\/taxhelplaw.com\/sptax\/sample-page-2\/contactenos\/\"><img loading=\"lazy\" decoding=\"async\" class=\"aligncenter size-full wp-image-3464\" title=\"Pr\u00f3rrogas del IRS\" src=\"https:\/\/taxhelplaw.com\/sptax\/wp-content\/uploads\/2022\/01\/taxhelpenespanol.jpg\" alt=\"Pr\u00f3rrogas del IRS. Abogado de derecho fiscal en Colorado Springs. Abogado de impuestos en Colorado Springs\" width=\"300\" height=\"101\" \/><\/a><\/p>\n","protected":false},"excerpt":{"rendered":"<p>PASOS DE CASOS A SEGUIR PARA LAS PR\u00d3RROGAS DE TIEMPO: Obtenga su declaraci\u00f3n de impuesto, si ha sido presentada. Obtenga los avisos que el IRS le envi\u00f3. Llame al Lic. Hopkins en Colorado Springs o Pueblo para hacer una cita o haga clic aqu\u00ed y enviarle un mensaje privado. Traiga todos los documentos a la [&hellip;]<\/p>\n","protected":false},"author":1,"featured_media":0,"parent":94,"menu_order":10,"comment_status":"closed","ping_status":"closed","template":"","meta":{"_genesis_hide_title":false,"_genesis_hide_breadcrumbs":false,"_genesis_hide_singular_image":false,"_genesis_hide_footer_widgets":false,"_genesis_custom_body_class":"","_genesis_custom_post_class":"","_genesis_layout":"","footnotes":""},"class_list":{"0":"post-162","1":"page","2":"type-page","3":"status-publish","5":"entry"},"yoast_head":"<!-- This site is optimized with the Yoast SEO Premium plugin v27.0 (Yoast SEO v27.4) - https:\/\/yoast.com\/product\/yoast-seo-premium-wordpress\/ -->\n<title>Pr\u00f3rrogas del IRS. Pasos a seguir para estar preparado - TaxHelpLaw<\/title>\n<meta name=\"description\" content=\"Tenemos pasos a seguir para ayudarlo a prepararse con sus problemas de pr\u00f3rrogas. El abogado le preparar\u00e1 un plan espec\u00edfico para su caso.\" \/>\n<meta name=\"robots\" content=\"index, follow, max-snippet:-1, max-image-preview:large, max-video-preview:-1\" \/>\n<link rel=\"canonical\" href=\"https:\/\/taxhelplaw.com\/sptax\/soluciones\/pasos-de-casos-prorrogas\/\" \/>\n<meta property=\"og:locale\" content=\"es_MX\" \/>\n<meta property=\"og:type\" content=\"article\" \/>\n<meta property=\"og:title\" content=\"Pr\u00f3rrogas\" \/>\n<meta property=\"og:description\" content=\"Tenemos pasos a seguir para ayudarlo a prepararse con sus problemas de pr\u00f3rrogas. El abogado le preparar\u00e1 un plan espec\u00edfico para su caso.\" \/>\n<meta property=\"og:url\" content=\"https:\/\/taxhelplaw.com\/sptax\/soluciones\/pasos-de-casos-prorrogas\/\" \/>\n<meta property=\"og:site_name\" content=\"J. David Hopkins, JD LLM\" \/>\n<meta property=\"article:modified_time\" content=\"2022-11-29T03:35:40+00:00\" \/>\n<meta property=\"og:image\" content=\"https:\/\/taxhelplaw.com\/sptax\/wp-content\/uploads\/2022\/01\/taxhelpenespanol.jpg\" \/>\n<meta name=\"twitter:card\" content=\"summary_large_image\" \/>\n<meta name=\"twitter:label1\" content=\"Tiempo de lectura\" \/>\n\t<meta name=\"twitter:data1\" content=\"3 minutos\" \/>\n<script type=\"application\/ld+json\" class=\"yoast-schema-graph\">{\"@context\":\"https:\\\/\\\/schema.org\",\"@graph\":[{\"@type\":\"WebPage\",\"@id\":\"https:\\\/\\\/taxhelplaw.com\\\/sptax\\\/soluciones\\\/pasos-de-casos-prorrogas\\\/\",\"url\":\"https:\\\/\\\/taxhelplaw.com\\\/sptax\\\/soluciones\\\/pasos-de-casos-prorrogas\\\/\",\"name\":\"Pr\u00f3rrogas del IRS. Pasos a seguir para estar preparado - TaxHelpLaw\",\"isPartOf\":{\"@id\":\"https:\\\/\\\/taxhelplaw.com\\\/sptax\\\/#website\"},\"primaryImageOfPage\":{\"@id\":\"https:\\\/\\\/taxhelplaw.com\\\/sptax\\\/soluciones\\\/pasos-de-casos-prorrogas\\\/#primaryimage\"},\"image\":{\"@id\":\"https:\\\/\\\/taxhelplaw.com\\\/sptax\\\/soluciones\\\/pasos-de-casos-prorrogas\\\/#primaryimage\"},\"thumbnailUrl\":\"https:\\\/\\\/taxhelplaw.com\\\/sptax\\\/wp-content\\\/uploads\\\/2022\\\/01\\\/taxhelpenespanol.jpg\",\"datePublished\":\"2015-02-07T06:01:07+00:00\",\"dateModified\":\"2022-11-29T03:35:40+00:00\",\"description\":\"Tenemos pasos a seguir para ayudarlo a prepararse con sus problemas de pr\u00f3rrogas. El abogado le preparar\u00e1 un plan espec\u00edfico para su caso.\",\"breadcrumb\":{\"@id\":\"https:\\\/\\\/taxhelplaw.com\\\/sptax\\\/soluciones\\\/pasos-de-casos-prorrogas\\\/#breadcrumb\"},\"inLanguage\":\"es\",\"potentialAction\":[{\"@type\":\"ReadAction\",\"target\":[\"https:\\\/\\\/taxhelplaw.com\\\/sptax\\\/soluciones\\\/pasos-de-casos-prorrogas\\\/\"]}]},{\"@type\":\"ImageObject\",\"inLanguage\":\"es\",\"@id\":\"https:\\\/\\\/taxhelplaw.com\\\/sptax\\\/soluciones\\\/pasos-de-casos-prorrogas\\\/#primaryimage\",\"url\":\"https:\\\/\\\/taxhelplaw.com\\\/sptax\\\/wp-content\\\/uploads\\\/2022\\\/01\\\/taxhelpenespanol.jpg\",\"contentUrl\":\"https:\\\/\\\/taxhelplaw.com\\\/sptax\\\/wp-content\\\/uploads\\\/2022\\\/01\\\/taxhelpenespanol.jpg\",\"width\":300,\"height\":101},{\"@type\":\"BreadcrumbList\",\"@id\":\"https:\\\/\\\/taxhelplaw.com\\\/sptax\\\/soluciones\\\/pasos-de-casos-prorrogas\\\/#breadcrumb\",\"itemListElement\":[{\"@type\":\"ListItem\",\"position\":1,\"name\":\"Home\",\"item\":\"https:\\\/\\\/taxhelplaw.com\\\/sptax\\\/\"},{\"@type\":\"ListItem\",\"position\":2,\"name\":\"Soluciones\",\"item\":\"https:\\\/\\\/taxhelplaw.com\\\/sptax\\\/soluciones\\\/\"},{\"@type\":\"ListItem\",\"position\":3,\"name\":\"Pr\u00f3rrogas\"}]},{\"@type\":\"WebSite\",\"@id\":\"https:\\\/\\\/taxhelplaw.com\\\/sptax\\\/#website\",\"url\":\"https:\\\/\\\/taxhelplaw.com\\\/sptax\\\/\",\"name\":\"J. David Hopkins, JD LLM\",\"description\":\"Maestr\u00eda en Derecho Tributario\",\"publisher\":{\"@id\":\"https:\\\/\\\/taxhelplaw.com\\\/sptax\\\/#organization\"},\"alternateName\":\"TaxHelpLaw en Espa\u00f1ol\",\"potentialAction\":[{\"@type\":\"SearchAction\",\"target\":{\"@type\":\"EntryPoint\",\"urlTemplate\":\"https:\\\/\\\/taxhelplaw.com\\\/sptax\\\/?s={search_term_string}\"},\"query-input\":{\"@type\":\"PropertyValueSpecification\",\"valueRequired\":true,\"valueName\":\"search_term_string\"}}],\"inLanguage\":\"es\"},{\"@type\":\"Organization\",\"@id\":\"https:\\\/\\\/taxhelplaw.com\\\/sptax\\\/#organization\",\"name\":\"TaxHelp, Inc.\",\"url\":\"https:\\\/\\\/taxhelplaw.com\\\/sptax\\\/\",\"logo\":{\"@type\":\"ImageObject\",\"inLanguage\":\"es\",\"@id\":\"https:\\\/\\\/taxhelplaw.com\\\/sptax\\\/#\\\/schema\\\/logo\\\/image\\\/\",\"url\":\"https:\\\/\\\/taxhelplaw.com\\\/sptax\\\/wp-content\\\/uploads\\\/2022\\\/01\\\/taxhelpenespanol.jpg\",\"contentUrl\":\"https:\\\/\\\/taxhelplaw.com\\\/sptax\\\/wp-content\\\/uploads\\\/2022\\\/01\\\/taxhelpenespanol.jpg\",\"width\":300,\"height\":101,\"caption\":\"TaxHelp, Inc.\"},\"image\":{\"@id\":\"https:\\\/\\\/taxhelplaw.com\\\/sptax\\\/#\\\/schema\\\/logo\\\/image\\\/\"}}]}<\/script>\n<!-- \/ Yoast SEO Premium plugin. -->","yoast_head_json":{"title":"Pr\u00f3rrogas del IRS. Pasos a seguir para estar preparado - TaxHelpLaw","description":"Tenemos pasos a seguir para ayudarlo a prepararse con sus problemas de pr\u00f3rrogas. El abogado le preparar\u00e1 un plan espec\u00edfico para su caso.","robots":{"index":"index","follow":"follow","max-snippet":"max-snippet:-1","max-image-preview":"max-image-preview:large","max-video-preview":"max-video-preview:-1"},"canonical":"https:\/\/taxhelplaw.com\/sptax\/soluciones\/pasos-de-casos-prorrogas\/","og_locale":"es_MX","og_type":"article","og_title":"Pr\u00f3rrogas","og_description":"Tenemos pasos a seguir para ayudarlo a prepararse con sus problemas de pr\u00f3rrogas. El abogado le preparar\u00e1 un plan espec\u00edfico para su caso.","og_url":"https:\/\/taxhelplaw.com\/sptax\/soluciones\/pasos-de-casos-prorrogas\/","og_site_name":"J. David Hopkins, JD LLM","article_modified_time":"2022-11-29T03:35:40+00:00","og_image":[{"url":"https:\/\/taxhelplaw.com\/sptax\/wp-content\/uploads\/2022\/01\/taxhelpenespanol.jpg","type":"","width":"","height":""}],"twitter_card":"summary_large_image","twitter_misc":{"Tiempo de lectura":"3 minutos"},"schema":{"@context":"https:\/\/schema.org","@graph":[{"@type":"WebPage","@id":"https:\/\/taxhelplaw.com\/sptax\/soluciones\/pasos-de-casos-prorrogas\/","url":"https:\/\/taxhelplaw.com\/sptax\/soluciones\/pasos-de-casos-prorrogas\/","name":"Pr\u00f3rrogas del IRS. Pasos a seguir para estar preparado - TaxHelpLaw","isPartOf":{"@id":"https:\/\/taxhelplaw.com\/sptax\/#website"},"primaryImageOfPage":{"@id":"https:\/\/taxhelplaw.com\/sptax\/soluciones\/pasos-de-casos-prorrogas\/#primaryimage"},"image":{"@id":"https:\/\/taxhelplaw.com\/sptax\/soluciones\/pasos-de-casos-prorrogas\/#primaryimage"},"thumbnailUrl":"https:\/\/taxhelplaw.com\/sptax\/wp-content\/uploads\/2022\/01\/taxhelpenespanol.jpg","datePublished":"2015-02-07T06:01:07+00:00","dateModified":"2022-11-29T03:35:40+00:00","description":"Tenemos pasos a seguir para ayudarlo a prepararse con sus problemas de pr\u00f3rrogas. El abogado le preparar\u00e1 un plan espec\u00edfico para su caso.","breadcrumb":{"@id":"https:\/\/taxhelplaw.com\/sptax\/soluciones\/pasos-de-casos-prorrogas\/#breadcrumb"},"inLanguage":"es","potentialAction":[{"@type":"ReadAction","target":["https:\/\/taxhelplaw.com\/sptax\/soluciones\/pasos-de-casos-prorrogas\/"]}]},{"@type":"ImageObject","inLanguage":"es","@id":"https:\/\/taxhelplaw.com\/sptax\/soluciones\/pasos-de-casos-prorrogas\/#primaryimage","url":"https:\/\/taxhelplaw.com\/sptax\/wp-content\/uploads\/2022\/01\/taxhelpenespanol.jpg","contentUrl":"https:\/\/taxhelplaw.com\/sptax\/wp-content\/uploads\/2022\/01\/taxhelpenespanol.jpg","width":300,"height":101},{"@type":"BreadcrumbList","@id":"https:\/\/taxhelplaw.com\/sptax\/soluciones\/pasos-de-casos-prorrogas\/#breadcrumb","itemListElement":[{"@type":"ListItem","position":1,"name":"Home","item":"https:\/\/taxhelplaw.com\/sptax\/"},{"@type":"ListItem","position":2,"name":"Soluciones","item":"https:\/\/taxhelplaw.com\/sptax\/soluciones\/"},{"@type":"ListItem","position":3,"name":"Pr\u00f3rrogas"}]},{"@type":"WebSite","@id":"https:\/\/taxhelplaw.com\/sptax\/#website","url":"https:\/\/taxhelplaw.com\/sptax\/","name":"J. David Hopkins, JD LLM","description":"Maestr\u00eda en Derecho Tributario","publisher":{"@id":"https:\/\/taxhelplaw.com\/sptax\/#organization"},"alternateName":"TaxHelpLaw en Espa\u00f1ol","potentialAction":[{"@type":"SearchAction","target":{"@type":"EntryPoint","urlTemplate":"https:\/\/taxhelplaw.com\/sptax\/?s={search_term_string}"},"query-input":{"@type":"PropertyValueSpecification","valueRequired":true,"valueName":"search_term_string"}}],"inLanguage":"es"},{"@type":"Organization","@id":"https:\/\/taxhelplaw.com\/sptax\/#organization","name":"TaxHelp, Inc.","url":"https:\/\/taxhelplaw.com\/sptax\/","logo":{"@type":"ImageObject","inLanguage":"es","@id":"https:\/\/taxhelplaw.com\/sptax\/#\/schema\/logo\/image\/","url":"https:\/\/taxhelplaw.com\/sptax\/wp-content\/uploads\/2022\/01\/taxhelpenespanol.jpg","contentUrl":"https:\/\/taxhelplaw.com\/sptax\/wp-content\/uploads\/2022\/01\/taxhelpenespanol.jpg","width":300,"height":101,"caption":"TaxHelp, Inc."},"image":{"@id":"https:\/\/taxhelplaw.com\/sptax\/#\/schema\/logo\/image\/"}}]}},"jetpack_sharing_enabled":true,"_links":{"self":[{"href":"https:\/\/taxhelplaw.com\/sptax\/wp-json\/wp\/v2\/pages\/162","targetHints":{"allow":["GET"]}}],"collection":[{"href":"https:\/\/taxhelplaw.com\/sptax\/wp-json\/wp\/v2\/pages"}],"about":[{"href":"https:\/\/taxhelplaw.com\/sptax\/wp-json\/wp\/v2\/types\/page"}],"author":[{"embeddable":true,"href":"https:\/\/taxhelplaw.com\/sptax\/wp-json\/wp\/v2\/users\/1"}],"replies":[{"embeddable":true,"href":"https:\/\/taxhelplaw.com\/sptax\/wp-json\/wp\/v2\/comments?post=162"}],"version-history":[{"count":7,"href":"https:\/\/taxhelplaw.com\/sptax\/wp-json\/wp\/v2\/pages\/162\/revisions"}],"predecessor-version":[{"id":4358,"href":"https:\/\/taxhelplaw.com\/sptax\/wp-json\/wp\/v2\/pages\/162\/revisions\/4358"}],"up":[{"embeddable":true,"href":"https:\/\/taxhelplaw.com\/sptax\/wp-json\/wp\/v2\/pages\/94"}],"wp:attachment":[{"href":"https:\/\/taxhelplaw.com\/sptax\/wp-json\/wp\/v2\/media?parent=162"}],"curies":[{"name":"wp","href":"https:\/\/api.w.org\/{rel}","templated":true}]}}