{"id":1583,"date":"2015-02-23T05:28:54","date_gmt":"2015-02-23T05:28:54","guid":{"rendered":"http:\/\/taxhelplaw.com\/sp\/?page_id=1583"},"modified":"2022-02-07T16:07:25","modified_gmt":"2022-02-07T16:07:25","slug":"10-errores-mas-comunes-con-el-irs","status":"publish","type":"page","link":"https:\/\/taxhelplaw.com\/sptax\/firma\/enlaces-vitales-y-recursos\/10-errores-mas-comunes-con-el-irs\/","title":{"rendered":"10 Errores m\u00e1s Comunes"},"content":{"rendered":"<p><strong><span style=\"font-size: 14pt;\">ERRORES QUE SE DEBEN EVITAR CON EL IRS<\/span><\/strong><\/p>\n<p><span style=\"font-size: 12pt;\">Se requiere mucha determinaci\u00f3n para resistir el interrogatorio del IRS<\/span><br \/>\n<span style=\"font-size: 14pt;\"><strong><em>\u00a1No reaccione exageradamente!<\/em><\/strong><\/span><\/p>\n<p><strong><span style=\"font-size: 12pt;\">Sea consciente de sus errores cuando contacte al IRS:<\/span><\/strong><\/p>\n<p>1. <strong><span style=\"text-decoration: underline;\">Usted no est\u00e1 bien organizado.<\/span><\/strong> La investigaci\u00f3n del IRS de usted se basa en su organizaci\u00f3n. Si usted est\u00e1 organizado y sabe exactamente d\u00f3nde encontrar toda la evidencia, tienden a dejarlo en paz pero si no, tienden a indagar m\u00e1s.<\/p>\n<p>&nbsp;<\/p>\n<p>2.<strong> <span style=\"text-decoration: underline;\">Usted no tiene el registro del millaje<\/span><\/strong>. El registro del millaje (o kilometraje) es la evidencia m\u00e1s importante en cualquier auditor\u00eda. Usted est\u00e1 obligado a mantener un registro pero mucha gente no lo hace. Por lo tanto, si usted tiene sus anotaciones, ya ha establecido credibilidad con el agente del IRS.<\/p>\n<p>&nbsp;<\/p>\n<p>3. <strong><span style=\"text-decoration: underline;\">Usted<\/span><span style=\"text-decoration: underline;\"> es discutidor y argumentador<\/span><\/strong>. La auditor\u00eda del IRS no es el momento apropiado para argumentar. Usted debe defender su caso por escrito a trav\u00e9s de los canales adecuados. Una actitud contenciosa har\u00e1 menos probable que el IRS responda a sus necesidades.<\/p>\n<p>&nbsp;<\/p>\n<p>4. <strong><span style=\"text-decoration: underline;\">Usted discute con su representante en frente del agente del IRS<\/span><\/strong>. Cuando el preparador de impuestos y el contribuyente empiezan a acusarse mutuamente, el agente del IRS toma notas y puede subir al estrado y testificar acerca de lo que escuch\u00f3. Evite discutir con su representante.<\/p>\n<p>&nbsp;<\/p>\n<p>5.<strong> <span style=\"text-decoration: underline;\">Usted discute posiciones insostenibles<\/span><\/strong>. No intente construir un caso que no existe. Reconozca cuando su posici\u00f3n es d\u00e9bil pero no lo admita al IRS. No diga nada, en cambio refuerce sus puntos fuertes.<\/p>\n<p>&nbsp;<\/p>\n<p>6.<strong> <span style=\"text-decoration: underline;\">Usted trata al IRS como a un amigo<\/span><\/strong>. No trate de ganarse el favor del agente hablando de cosas sin importancias. Trate la situaci\u00f3n con extrema formalidad y empiece y termine el dialogo r\u00e1pidamente y oportunamente.<\/p>\n<p>&nbsp;<\/p>\n<p>7. <strong><span style=\"text-decoration: underline;\">Usted no ha obtenido los archivos del IRS<\/span><\/strong>. Cuando el IRS lo investiga, tiene archivos con su informaci\u00f3n y el agente toma notas a medida que el caso se desarrolla. Tambi\u00e9n hay documentos que el IRS recibe acerca de usted de terceros. Usted tiene derecho a saber qu\u00e9 hay en ese archivo aunque tenga que hacer una solicitud en la Ley de Libertad de Informaci\u00f3n (FOIA por sus siglas en ingl\u00e9s).<\/p>\n<p>&nbsp;<\/p>\n<p>8.<strong> <span style=\"text-decoration: underline;\">Usted no le ha respondido al IRS adecuadamente<\/span><\/strong>. Cada paso del proceso tiene l\u00edmites de tiempo para proteger sus derechos as\u00ed como varios m\u00e9todos para resolver cada caso. Preste atenci\u00f3n a las fechas de vencimiento de cada proceso y siempre responda a tiempo.<\/p>\n<p>&nbsp;<\/p>\n<p>9. <strong><span style=\"text-decoration: underline;\">Usted contacta al IRS inapropiadamente<\/span><\/strong>. Escribir cartas al IRS que no han sido solicitadas o responderles cuando se debe guardar silencio puede ser desastroso. Busque asesoramiento legal si tiene dudas y sepa que hablar en exceso puede causarle problemas con el IRS.<\/p>\n<p>&nbsp;<\/p>\n<p><strong><strong>10.<\/strong> <span style=\"text-decoration: underline;\">Usted le da evidencia inadecuada al IRS<\/span><\/strong>. Solamente entregue al <a href=\"https:\/\/www.irs.gov\/es\" target=\"_blank\" rel=\"noopener\">IRS<\/a> lo que piden y es apropiado. Cuanto m\u00e1s da, m\u00e1s indagan.<\/p>\n<p><a href=\"https:\/\/taxhelplaw.com\/sptax\/sample-page-2\/contactenos\/\"><img loading=\"lazy\" decoding=\"async\" class=\"aligncenter size-full wp-image-3464\" title=\"Evite los errores m\u00e1s comunes con el IRS\" src=\"https:\/\/taxhelplaw.com\/sptax\/wp-content\/uploads\/2022\/01\/taxhelpenespanol.jpg\" alt=\" Errores con el IRS. Abogado de derecho fiscal en Colorado Springs. Abogado de impuestos en Colorado Springs\" width=\"300\" height=\"101\" \/><\/a><\/p>\n","protected":false},"excerpt":{"rendered":"<p>ERRORES QUE SE DEBEN EVITAR CON EL IRS Se requiere mucha determinaci\u00f3n para resistir el interrogatorio del IRS \u00a1No reaccione exageradamente! Sea consciente de sus errores cuando contacte al IRS: 1. Usted no est\u00e1 bien organizado. La investigaci\u00f3n del IRS de usted se basa en su organizaci\u00f3n. Si usted est\u00e1 organizado y sabe exactamente d\u00f3nde [&hellip;]<\/p>\n","protected":false},"author":1,"featured_media":0,"parent":674,"menu_order":0,"comment_status":"open","ping_status":"open","template":"","meta":{"_genesis_hide_title":false,"_genesis_hide_breadcrumbs":false,"_genesis_hide_singular_image":false,"_genesis_hide_footer_widgets":false,"_genesis_custom_body_class":"","_genesis_custom_post_class":"","_genesis_layout":"full-width-content","footnotes":""},"class_list":{"0":"post-1583","1":"page","2":"type-page","3":"status-publish","5":"entry"},"yoast_head":"<!-- This site is optimized with the Yoast SEO Premium plugin v27.0 (Yoast SEO v27.4) - https:\/\/yoast.com\/product\/yoast-seo-premium-wordpress\/ -->\n<title>Errores con el IRS, los 10 m\u00e1s comunes - TaxHelpLaw<\/title>\n<meta name=\"description\" content=\"Errores con el IRS: C\u00f3mo prepararse y actuar durante la entrevista con el IRS. C\u00f3mo prepararse para confrontar sus problemas de impuestos.\" \/>\n<meta name=\"robots\" content=\"index, follow, max-snippet:-1, max-image-preview:large, max-video-preview:-1\" \/>\n<link rel=\"canonical\" href=\"https:\/\/taxhelplaw.com\/sptax\/firma\/enlaces-vitales-y-recursos\/10-errores-mas-comunes-con-el-irs\/\" \/>\n<meta property=\"og:locale\" content=\"es_MX\" \/>\n<meta property=\"og:type\" content=\"article\" \/>\n<meta property=\"og:title\" content=\"10 Errores m\u00e1s Comunes\" \/>\n<meta property=\"og:description\" content=\"Errores con el IRS: C\u00f3mo prepararse y actuar durante la entrevista con el IRS. C\u00f3mo prepararse para confrontar sus problemas de impuestos.\" \/>\n<meta property=\"og:url\" content=\"https:\/\/taxhelplaw.com\/sptax\/firma\/enlaces-vitales-y-recursos\/10-errores-mas-comunes-con-el-irs\/\" \/>\n<meta property=\"og:site_name\" content=\"J. David Hopkins, JD LLM\" \/>\n<meta property=\"article:modified_time\" content=\"2022-02-07T16:07:25+00:00\" \/>\n<meta property=\"og:image\" content=\"https:\/\/taxhelplaw.com\/sptax\/wp-content\/uploads\/2022\/01\/taxhelpenespanol.jpg\" \/>\n<meta name=\"twitter:card\" content=\"summary_large_image\" \/>\n<meta name=\"twitter:label1\" content=\"Tiempo de lectura\" \/>\n\t<meta name=\"twitter:data1\" content=\"3 minutos\" \/>\n<script type=\"application\/ld+json\" class=\"yoast-schema-graph\">{\"@context\":\"https:\\\/\\\/schema.org\",\"@graph\":[{\"@type\":\"WebPage\",\"@id\":\"https:\\\/\\\/taxhelplaw.com\\\/sptax\\\/firma\\\/enlaces-vitales-y-recursos\\\/10-errores-mas-comunes-con-el-irs\\\/\",\"url\":\"https:\\\/\\\/taxhelplaw.com\\\/sptax\\\/firma\\\/enlaces-vitales-y-recursos\\\/10-errores-mas-comunes-con-el-irs\\\/\",\"name\":\"Errores con el IRS, los 10 m\u00e1s comunes - TaxHelpLaw\",\"isPartOf\":{\"@id\":\"https:\\\/\\\/taxhelplaw.com\\\/sptax\\\/#website\"},\"primaryImageOfPage\":{\"@id\":\"https:\\\/\\\/taxhelplaw.com\\\/sptax\\\/firma\\\/enlaces-vitales-y-recursos\\\/10-errores-mas-comunes-con-el-irs\\\/#primaryimage\"},\"image\":{\"@id\":\"https:\\\/\\\/taxhelplaw.com\\\/sptax\\\/firma\\\/enlaces-vitales-y-recursos\\\/10-errores-mas-comunes-con-el-irs\\\/#primaryimage\"},\"thumbnailUrl\":\"https:\\\/\\\/taxhelplaw.com\\\/sptax\\\/wp-content\\\/uploads\\\/2022\\\/01\\\/taxhelpenespanol.jpg\",\"datePublished\":\"2015-02-23T05:28:54+00:00\",\"dateModified\":\"2022-02-07T16:07:25+00:00\",\"description\":\"Errores con el IRS: C\u00f3mo prepararse y actuar durante la entrevista con el IRS. C\u00f3mo prepararse para confrontar sus problemas de impuestos.\",\"breadcrumb\":{\"@id\":\"https:\\\/\\\/taxhelplaw.com\\\/sptax\\\/firma\\\/enlaces-vitales-y-recursos\\\/10-errores-mas-comunes-con-el-irs\\\/#breadcrumb\"},\"inLanguage\":\"es\",\"potentialAction\":[{\"@type\":\"ReadAction\",\"target\":[\"https:\\\/\\\/taxhelplaw.com\\\/sptax\\\/firma\\\/enlaces-vitales-y-recursos\\\/10-errores-mas-comunes-con-el-irs\\\/\"]}]},{\"@type\":\"ImageObject\",\"inLanguage\":\"es\",\"@id\":\"https:\\\/\\\/taxhelplaw.com\\\/sptax\\\/firma\\\/enlaces-vitales-y-recursos\\\/10-errores-mas-comunes-con-el-irs\\\/#primaryimage\",\"url\":\"https:\\\/\\\/taxhelplaw.com\\\/sptax\\\/wp-content\\\/uploads\\\/2022\\\/01\\\/taxhelpenespanol.jpg\",\"contentUrl\":\"https:\\\/\\\/taxhelplaw.com\\\/sptax\\\/wp-content\\\/uploads\\\/2022\\\/01\\\/taxhelpenespanol.jpg\",\"width\":300,\"height\":101},{\"@type\":\"BreadcrumbList\",\"@id\":\"https:\\\/\\\/taxhelplaw.com\\\/sptax\\\/firma\\\/enlaces-vitales-y-recursos\\\/10-errores-mas-comunes-con-el-irs\\\/#breadcrumb\",\"itemListElement\":[{\"@type\":\"ListItem\",\"position\":1,\"name\":\"Home\",\"item\":\"https:\\\/\\\/taxhelplaw.com\\\/sptax\\\/\"},{\"@type\":\"ListItem\",\"position\":2,\"name\":\"Firma\",\"item\":\"https:\\\/\\\/taxhelplaw.com\\\/sptax\\\/firma\\\/\"},{\"@type\":\"ListItem\",\"position\":3,\"name\":\"Enlaces Vitales y Recursos\",\"item\":\"https:\\\/\\\/taxhelplaw.com\\\/sptax\\\/firma\\\/enlaces-vitales-y-recursos\\\/\"},{\"@type\":\"ListItem\",\"position\":4,\"name\":\"10 Errores m\u00e1s Comunes\"}]},{\"@type\":\"WebSite\",\"@id\":\"https:\\\/\\\/taxhelplaw.com\\\/sptax\\\/#website\",\"url\":\"https:\\\/\\\/taxhelplaw.com\\\/sptax\\\/\",\"name\":\"J. David Hopkins, JD LLM\",\"description\":\"Maestr\u00eda en Derecho Tributario\",\"publisher\":{\"@id\":\"https:\\\/\\\/taxhelplaw.com\\\/sptax\\\/#organization\"},\"alternateName\":\"TaxHelpLaw en Espa\u00f1ol\",\"potentialAction\":[{\"@type\":\"SearchAction\",\"target\":{\"@type\":\"EntryPoint\",\"urlTemplate\":\"https:\\\/\\\/taxhelplaw.com\\\/sptax\\\/?s={search_term_string}\"},\"query-input\":{\"@type\":\"PropertyValueSpecification\",\"valueRequired\":true,\"valueName\":\"search_term_string\"}}],\"inLanguage\":\"es\"},{\"@type\":\"Organization\",\"@id\":\"https:\\\/\\\/taxhelplaw.com\\\/sptax\\\/#organization\",\"name\":\"TaxHelp, Inc.\",\"url\":\"https:\\\/\\\/taxhelplaw.com\\\/sptax\\\/\",\"logo\":{\"@type\":\"ImageObject\",\"inLanguage\":\"es\",\"@id\":\"https:\\\/\\\/taxhelplaw.com\\\/sptax\\\/#\\\/schema\\\/logo\\\/image\\\/\",\"url\":\"https:\\\/\\\/taxhelplaw.com\\\/sptax\\\/wp-content\\\/uploads\\\/2022\\\/01\\\/taxhelpenespanol.jpg\",\"contentUrl\":\"https:\\\/\\\/taxhelplaw.com\\\/sptax\\\/wp-content\\\/uploads\\\/2022\\\/01\\\/taxhelpenespanol.jpg\",\"width\":300,\"height\":101,\"caption\":\"TaxHelp, Inc.\"},\"image\":{\"@id\":\"https:\\\/\\\/taxhelplaw.com\\\/sptax\\\/#\\\/schema\\\/logo\\\/image\\\/\"}}]}<\/script>\n<!-- \/ Yoast SEO Premium plugin. -->","yoast_head_json":{"title":"Errores con el IRS, los 10 m\u00e1s comunes - TaxHelpLaw","description":"Errores con el IRS: C\u00f3mo prepararse y actuar durante la entrevista con el IRS. C\u00f3mo prepararse para confrontar sus problemas de impuestos.","robots":{"index":"index","follow":"follow","max-snippet":"max-snippet:-1","max-image-preview":"max-image-preview:large","max-video-preview":"max-video-preview:-1"},"canonical":"https:\/\/taxhelplaw.com\/sptax\/firma\/enlaces-vitales-y-recursos\/10-errores-mas-comunes-con-el-irs\/","og_locale":"es_MX","og_type":"article","og_title":"10 Errores m\u00e1s Comunes","og_description":"Errores con el IRS: C\u00f3mo prepararse y actuar durante la entrevista con el IRS. C\u00f3mo prepararse para confrontar sus problemas de impuestos.","og_url":"https:\/\/taxhelplaw.com\/sptax\/firma\/enlaces-vitales-y-recursos\/10-errores-mas-comunes-con-el-irs\/","og_site_name":"J. David Hopkins, JD LLM","article_modified_time":"2022-02-07T16:07:25+00:00","og_image":[{"url":"https:\/\/taxhelplaw.com\/sptax\/wp-content\/uploads\/2022\/01\/taxhelpenespanol.jpg","type":"","width":"","height":""}],"twitter_card":"summary_large_image","twitter_misc":{"Tiempo de lectura":"3 minutos"},"schema":{"@context":"https:\/\/schema.org","@graph":[{"@type":"WebPage","@id":"https:\/\/taxhelplaw.com\/sptax\/firma\/enlaces-vitales-y-recursos\/10-errores-mas-comunes-con-el-irs\/","url":"https:\/\/taxhelplaw.com\/sptax\/firma\/enlaces-vitales-y-recursos\/10-errores-mas-comunes-con-el-irs\/","name":"Errores con el IRS, los 10 m\u00e1s comunes - TaxHelpLaw","isPartOf":{"@id":"https:\/\/taxhelplaw.com\/sptax\/#website"},"primaryImageOfPage":{"@id":"https:\/\/taxhelplaw.com\/sptax\/firma\/enlaces-vitales-y-recursos\/10-errores-mas-comunes-con-el-irs\/#primaryimage"},"image":{"@id":"https:\/\/taxhelplaw.com\/sptax\/firma\/enlaces-vitales-y-recursos\/10-errores-mas-comunes-con-el-irs\/#primaryimage"},"thumbnailUrl":"https:\/\/taxhelplaw.com\/sptax\/wp-content\/uploads\/2022\/01\/taxhelpenespanol.jpg","datePublished":"2015-02-23T05:28:54+00:00","dateModified":"2022-02-07T16:07:25+00:00","description":"Errores con el IRS: C\u00f3mo prepararse y actuar durante la entrevista con el IRS. C\u00f3mo prepararse para confrontar sus problemas de impuestos.","breadcrumb":{"@id":"https:\/\/taxhelplaw.com\/sptax\/firma\/enlaces-vitales-y-recursos\/10-errores-mas-comunes-con-el-irs\/#breadcrumb"},"inLanguage":"es","potentialAction":[{"@type":"ReadAction","target":["https:\/\/taxhelplaw.com\/sptax\/firma\/enlaces-vitales-y-recursos\/10-errores-mas-comunes-con-el-irs\/"]}]},{"@type":"ImageObject","inLanguage":"es","@id":"https:\/\/taxhelplaw.com\/sptax\/firma\/enlaces-vitales-y-recursos\/10-errores-mas-comunes-con-el-irs\/#primaryimage","url":"https:\/\/taxhelplaw.com\/sptax\/wp-content\/uploads\/2022\/01\/taxhelpenespanol.jpg","contentUrl":"https:\/\/taxhelplaw.com\/sptax\/wp-content\/uploads\/2022\/01\/taxhelpenespanol.jpg","width":300,"height":101},{"@type":"BreadcrumbList","@id":"https:\/\/taxhelplaw.com\/sptax\/firma\/enlaces-vitales-y-recursos\/10-errores-mas-comunes-con-el-irs\/#breadcrumb","itemListElement":[{"@type":"ListItem","position":1,"name":"Home","item":"https:\/\/taxhelplaw.com\/sptax\/"},{"@type":"ListItem","position":2,"name":"Firma","item":"https:\/\/taxhelplaw.com\/sptax\/firma\/"},{"@type":"ListItem","position":3,"name":"Enlaces Vitales y Recursos","item":"https:\/\/taxhelplaw.com\/sptax\/firma\/enlaces-vitales-y-recursos\/"},{"@type":"ListItem","position":4,"name":"10 Errores m\u00e1s Comunes"}]},{"@type":"WebSite","@id":"https:\/\/taxhelplaw.com\/sptax\/#website","url":"https:\/\/taxhelplaw.com\/sptax\/","name":"J. David Hopkins, JD LLM","description":"Maestr\u00eda en Derecho Tributario","publisher":{"@id":"https:\/\/taxhelplaw.com\/sptax\/#organization"},"alternateName":"TaxHelpLaw en Espa\u00f1ol","potentialAction":[{"@type":"SearchAction","target":{"@type":"EntryPoint","urlTemplate":"https:\/\/taxhelplaw.com\/sptax\/?s={search_term_string}"},"query-input":{"@type":"PropertyValueSpecification","valueRequired":true,"valueName":"search_term_string"}}],"inLanguage":"es"},{"@type":"Organization","@id":"https:\/\/taxhelplaw.com\/sptax\/#organization","name":"TaxHelp, Inc.","url":"https:\/\/taxhelplaw.com\/sptax\/","logo":{"@type":"ImageObject","inLanguage":"es","@id":"https:\/\/taxhelplaw.com\/sptax\/#\/schema\/logo\/image\/","url":"https:\/\/taxhelplaw.com\/sptax\/wp-content\/uploads\/2022\/01\/taxhelpenespanol.jpg","contentUrl":"https:\/\/taxhelplaw.com\/sptax\/wp-content\/uploads\/2022\/01\/taxhelpenespanol.jpg","width":300,"height":101,"caption":"TaxHelp, Inc."},"image":{"@id":"https:\/\/taxhelplaw.com\/sptax\/#\/schema\/logo\/image\/"}}]}},"jetpack_sharing_enabled":true,"_links":{"self":[{"href":"https:\/\/taxhelplaw.com\/sptax\/wp-json\/wp\/v2\/pages\/1583","targetHints":{"allow":["GET"]}}],"collection":[{"href":"https:\/\/taxhelplaw.com\/sptax\/wp-json\/wp\/v2\/pages"}],"about":[{"href":"https:\/\/taxhelplaw.com\/sptax\/wp-json\/wp\/v2\/types\/page"}],"author":[{"embeddable":true,"href":"https:\/\/taxhelplaw.com\/sptax\/wp-json\/wp\/v2\/users\/1"}],"replies":[{"embeddable":true,"href":"https:\/\/taxhelplaw.com\/sptax\/wp-json\/wp\/v2\/comments?post=1583"}],"version-history":[{"count":4,"href":"https:\/\/taxhelplaw.com\/sptax\/wp-json\/wp\/v2\/pages\/1583\/revisions"}],"predecessor-version":[{"id":4193,"href":"https:\/\/taxhelplaw.com\/sptax\/wp-json\/wp\/v2\/pages\/1583\/revisions\/4193"}],"up":[{"embeddable":true,"href":"https:\/\/taxhelplaw.com\/sptax\/wp-json\/wp\/v2\/pages\/674"}],"wp:attachment":[{"href":"https:\/\/taxhelplaw.com\/sptax\/wp-json\/wp\/v2\/media?parent=1583"}],"curies":[{"name":"wp","href":"https:\/\/api.w.org\/{rel}","templated":true}]}}