{"id":108,"date":"2014-08-06T18:11:55","date_gmt":"2014-08-06T18:11:55","guid":{"rendered":"http:\/\/taxhelplaw.com\/SP\/?page_id=108"},"modified":"2022-12-16T07:59:05","modified_gmt":"2022-12-16T07:59:05","slug":"contactenos","status":"publish","type":"page","link":"https:\/\/taxhelplaw.com\/sptax\/firma\/contactenos\/","title":{"rendered":"Cont\u00e1ctenos"},"content":{"rendered":"<p><strong>Comun\u00edquese con el Lic. Hopkins:<\/strong><\/p>\n<h6><strong>Llame:<\/strong><\/h6>\n<ul>\n<li><span style=\"font-size:20px\"><strong>(719) 232-2587 Colorado Springs<\/strong><\/span>, L-V 8-17 hs.<\/li>\n<li><span style=\"font-size:20px\"><strong>(719) 250-0729 Pueblo<\/strong><\/span>, L-V 8-17 hs.<\/li>\n<li><span style=\"font-size:20px\"><strong>1-855-829-5465 N\u00famero gratis nacional<\/strong><\/span><\/li>\n<\/ul>\n<div class=\"one-half first\"><strong>Pueblo:<\/strong><\/div>\n<div class=\"one-half\"><strong>Colorado Springs:<\/strong><\/div>\n<div class=\"one-half first\"><a class=\"popup1\" href=\"https:\/\/www.google.com\/maps\/place\/311+W+24th+St,+Pueblo,+CO+81003\/@38.2914836,-104.6137967,17z\/data=!3m1!4b1!4m2!3m1!1s0x8713a3b3502c8d3f:0x53c3d7ef41d81776\" target=\"_blank\" rel=\"noopener noreferrer\"><img loading=\"lazy\" decoding=\"async\" class=\"alignleft size-full wp-image-18166\" src=\"\/wp-content\/uploads\/2016\/04\/Pueblo.jpg\" alt=\"Pueblo\" width=\"250\" height=\"333\"><\/a><\/div>\n<div class=\"one-half\"><a class=\"popup1\" href=\"https:\/\/www.google.com\/maps\/place\/1501+W+Kiowa+St,+Colorado+Springs,+CO+80904\/@38.840431,-104.8492987,17z\/data=!3m1!4b1!4m2!3m1!1s0x87135acae6529fd3:0x3960f392f3059626?z=16&amp;q=1501+w.+kiowa+st.+\" target=\"_blank\" rel=\"noopener noreferrer\"><img loading=\"lazy\" decoding=\"async\" class=\"alignleft size-full wp-image-18165\" src=\"\/wp-content\/uploads\/2016\/04\/ColoradoSprings.jpg\" alt=\"ColoradoSprings\" width=\"250\" height=\"324\"><\/a><\/div>\n<p>&nbsp;<br \/>\n<span style=\"font-size: 10pt;\"><em><strong>Nuestras oficinas est\u00e1n abiertas y son accesibles para que nos pueda contactar f\u00e1cilmente.<\/strong><\/em><em><strong> Estamos ubicados en Colorado pero ya que el IRS, el Tribunal Tributario y el Tribunal Federal de Primera Instancia son agencias federales, podemos aconsejar y representar a los contribuyentes de todo el pa\u00eds.<\/strong><\/em><\/span><br \/>\n<span style=\"font-size: 8pt;\"><em> La cita con el abogado puede ser en persona, por video o por tel\u00e9fono. Por favor no env\u00ede materiales que no hemos solicitado ya que ser\u00e1n destruidos. Una reuni\u00f3n con el cliente es necesaria para establecer una relaci\u00f3n entre el abogado y el cliente. No podemos responder preguntas legales o aceptar materiales que no hemos solicitado. Cont\u00e1ctenos.<br \/>\n<\/em><\/span><\/p>\n<p>\n<div class=\"wpcf7 no-js\" id=\"wpcf7-f1908-o1\" lang=\"en-US\" dir=\"ltr\" data-wpcf7-id=\"1908\">\n<div class=\"screen-reader-response\"><p role=\"status\" aria-live=\"polite\" aria-atomic=\"true\"><\/p> <ul><\/ul><\/div>\n<form action=\"\/sptax\/wp-json\/wp\/v2\/pages\/108#wpcf7-f1908-o1\" method=\"post\" class=\"wpcf7-form init\" aria-label=\"Contact form\" novalidate=\"novalidate\" data-status=\"init\">\n<fieldset class=\"hidden-fields-container\"><input type=\"hidden\" name=\"_wpcf7\" value=\"1908\" \/><input type=\"hidden\" name=\"_wpcf7_version\" value=\"6.1.5\" \/><input type=\"hidden\" name=\"_wpcf7_locale\" value=\"en_US\" \/><input type=\"hidden\" name=\"_wpcf7_unit_tag\" value=\"wpcf7-f1908-o1\" \/><input type=\"hidden\" name=\"_wpcf7_container_post\" value=\"0\" \/><input type=\"hidden\" name=\"_wpcf7_posted_data_hash\" value=\"\" \/><input type=\"hidden\" name=\"_cf_logic\" value=\"\" \/><input type=\"hidden\" name=\"_wpcf7_recaptcha_response\" value=\"\" \/>\n<\/fieldset>\n<p>Su Nombre: (requerido)\n<\/p>\n<p><span class=\"wpcf7-form-control-wrap\" data-name=\"your-name\"><input size=\"40\" maxlength=\"400\" class=\"wpcf7-form-control wpcf7-text wpcf7-validates-as-required\" aria-required=\"true\" aria-invalid=\"false\" placeholder=\"Su nombre aqui\" value=\"\" type=\"text\" name=\"your-name\" \/><\/span>\n<\/p>\n<p>Su correo electr\u00f3nico: (requerido)\n<\/p>\n<p><span class=\"wpcf7-form-control-wrap\" data-name=\"your-email\"><input size=\"40\" maxlength=\"400\" class=\"wpcf7-form-control wpcf7-email wpcf7-validates-as-required wpcf7-text wpcf7-validates-as-email\" aria-required=\"true\" aria-invalid=\"false\" placeholder=\"Su correo electr\u00f3nico\" value=\"\" type=\"email\" name=\"your-email\" \/><\/span>\n<\/p>\n<p>Su n\u00famero de tel\u00e9fono: (requerido)\n<\/p>\n<p><span class=\"wpcf7-form-control-wrap\" data-name=\"your-tel\"><input size=\"40\" maxlength=\"400\" class=\"wpcf7-form-control wpcf7-tel wpcf7-validates-as-required wpcf7-text wpcf7-validates-as-tel\" aria-required=\"true\" aria-invalid=\"false\" placeholder=\"Su n\u00famero de tel\u00e9fono\" value=\"\" type=\"tel\" name=\"your-tel\" \/><\/span>\n<\/p>\n<p> Si usted quiere una cita:\n<\/p>\n<ol>\n\t<li>\n\t\t<p>Tipo de Cita:\n\t\t<\/p>\n\t\t<p><span class=\"wpcf7-form-control-wrap\" data-name=\"your-cita\"><span class=\"wpcf7-form-control wpcf7-radio\"><span class=\"wpcf7-list-item first\"><input type=\"radio\" name=\"your-cita\" value=\"por Tel\u00e9fono\" checked=\"checked\" \/><span class=\"wpcf7-list-item-label\">por Tel\u00e9fono<\/span><\/span><span class=\"wpcf7-list-item last\"><input type=\"radio\" name=\"your-cita\" value=\"en Persona\" \/><span class=\"wpcf7-list-item-label\">en Persona<\/span><\/span><\/span><\/span>\n\t\t<\/p>\n\t<\/li>\n\t<li>\n\t\t<p>Fecha:\n\t\t<\/p>\n\t\t<p><span class=\"wpcf7-form-control-wrap\" data-name=\"your-date\"><input size=\"40\" maxlength=\"400\" class=\"wpcf7-form-control wpcf7-text\" aria-invalid=\"false\" placeholder=\"La fecha que quiere\" value=\"\" type=\"text\" name=\"your-date\" \/><\/span>\n\t\t<\/p>\n\t<\/li>\n\t<li>\n\t\t<p>Hora:\n\t\t<\/p>\n\t\t<p><span class=\"wpcf7-form-control-wrap\" data-name=\"your-hour\"><input size=\"40\" maxlength=\"400\" class=\"wpcf7-form-control wpcf7-text\" aria-invalid=\"false\" placeholder=\"La hora que quiere\" value=\"\" type=\"text\" name=\"your-hour\" \/><\/span>\n\t\t<\/p>\n\t<\/li>\n<\/ol>\n<p>Tema:\n<\/p>\n<p><span class=\"wpcf7-form-control-wrap\" data-name=\"your-subject\"><input size=\"40\" maxlength=\"400\" class=\"wpcf7-form-control wpcf7-text\" aria-invalid=\"false\" placeholder=\"Tema\" value=\"\" type=\"text\" name=\"your-subject\" \/><\/span>\n<\/p>\n<p>Su Pregunta:\n<\/p>\n<p><span class=\"wpcf7-form-control-wrap\" data-name=\"your-message\"><textarea cols=\"40\" rows=\"10\" maxlength=\"2000\" class=\"wpcf7-form-control wpcf7-textarea\" aria-invalid=\"false\" placeholder=\"Su mensaje confidencial . . .\" name=\"your-message\"><\/textarea><\/span>\n<\/p>\n<p>\n<span class=\"wpcf7-form-control-wrap recaptcha\" data-name=\"recaptcha\"><span data-sitekey=\"6LeE2RYTAAAAAIhj3sJzY_l778iELCDjFpyfyKiO\" class=\"wpcf7-form-control wpcf7-recaptcha g-recaptcha\"><\/span>\r\n<noscript>\r\n\t<div class=\"grecaptcha-noscript\">\r\n\t\t<iframe loading=\"lazy\" src=\"https:\/\/www.google.com\/recaptcha\/api\/fallback?k=6LeE2RYTAAAAAIhj3sJzY_l778iELCDjFpyfyKiO\" frameborder=\"0\" scrolling=\"no\" width=\"310\" height=\"430\">\r\n\t\t<\/iframe>\r\n\t\t<textarea name=\"g-recaptcha-response\" rows=\"3\" cols=\"40\" placeholder=\"reCaptcha Response Here\">\r\n\t\t<\/textarea>\r\n\t<\/div>\r\n<\/noscript>\r\n<\/span>\n<\/p>\n<p><input class=\"wpcf7-form-control wpcf7-submit has-spinner\" type=\"submit\" value=\"Enviar\" \/>\n<\/p><div class=\"wpcf7-response-output\" aria-hidden=\"true\"><\/div><input type=\"hidden\" value=\"\" class=\"cf7-thankyou-page-failed\" ><input type=\"hidden\" value=\"\" class=\"cf7-thankyou-page-success\" ><script type=\"text\/javascript\">var cf7_paypal = {\"price_field\":\"0\",\"price\":\"0\",\"quantity_field\":\"0\",\"quantity\":\"1\",\"currencies\":\"USD\",\"email\":\"\",\"tax_type\":\"0\",\"tax\":\"0\",\"shipping_type\":\"0\",\"shipping\":\"0\",\"success\":\"\",\"cancel\":\"\",\"paypal_name\":\"PayPal\",\"paypal_des\":\"Pay via PayPal; you can pay with your credit card if you don't have a PayPal account.\",\"bank_name\":\"Direct bank transfer\",\"bank_des\":\"Make your payment directly into our bank account. Please use your email as the payment reference.\",\"default\":\"0\",\"name\":\"Contact form 1\",\"charset\":\"UTF-8\",\"cbt\":\"J. David Hopkins, JD LLM\",\"id\":1908,\"home\":\"https:\\\/\\\/taxhelplaw.com\\\/sptax\"};<\/script><style>ul.cf7-method {\r\n    margin: 0;\r\n    padding: 0;\r\n    list-style: none;\r\n}\r\nul.cf7-method label {\r\n  display: inline-block;\r\n}\r\n.cf7_payment_box{\r\n  margin-left: 15px;\r\n}\r\n<\/style>\n<\/form>\n<\/div>\n<br \/>\n<a href=\"https:\/\/taxhelplaw.com\/sptax\/sample-page-2\/contactenos\/\"><img loading=\"lazy\" decoding=\"async\" class=\"aligncenter size-full wp-image-3464\" title=\"Comun\u00edquese con el Lic. Hopkins, abogado de impuestos en Colorado. Cont\u00e1ctenos\" src=\"https:\/\/taxhelplaw.com\/sptax\/wp-content\/uploads\/2022\/01\/taxhelpenespanol.jpg\" alt=\"Comun\u00edquese con el Lic. Hopkins, abogado de impuestos en Colorado. Cont\u00e1ctenos. Abogado de derecho fiscal en Colorado Springs.\" width=\"300\" height=\"101\"><\/a><\/p>\n","protected":false},"excerpt":{"rendered":"<p>Comun\u00edquese con el Lic. Hopkins: Llame: (719) 232-2587 Colorado Springs, L-V 8-17 hs. (719) 250-0729 Pueblo, L-V 8-17 hs. 1-855-829-5465 N\u00famero gratis nacional Pueblo: Colorado Springs: &nbsp; Nuestras oficinas est\u00e1n abiertas y son accesibles para que nos pueda contactar f\u00e1cilmente. Estamos ubicados en Colorado pero ya que el IRS, el Tribunal Tributario y el Tribunal [&hellip;]<\/p>\n","protected":false},"author":1,"featured_media":0,"parent":1866,"menu_order":4,"comment_status":"closed","ping_status":"closed","template":"page_landing.php","meta":{"_genesis_hide_title":false,"_genesis_hide_breadcrumbs":false,"_genesis_hide_singular_image":false,"_genesis_hide_footer_widgets":false,"_genesis_custom_body_class":"","_genesis_custom_post_class":"","_genesis_layout":"full-width-content","footnotes":""},"class_list":{"0":"post-108","1":"page","2":"type-page","3":"status-publish","5":"entry"},"yoast_head":"<!-- This site is optimized with the Yoast SEO Premium plugin v27.0 (Yoast SEO v27.4) - https:\/\/yoast.com\/product\/yoast-seo-premium-wordpress\/ -->\n<title>Cont\u00e1ctenos por sus problemas fiscales - J. David Hopkins, JD LLM<\/title>\n<meta name=\"description\" content=\"Cont\u00e1ctenos! Comun\u00edquese con el Lic. Hopkins, abogado de impuestos de TaxHelpLaw, con oficinas en Colorado Springs y Pueblo, Colorado.\" \/>\n<meta name=\"robots\" content=\"index, follow, max-snippet:-1, max-image-preview:large, max-video-preview:-1\" \/>\n<link rel=\"canonical\" href=\"https:\/\/taxhelplaw.com\/sptax\/firma\/contactenos\/\" \/>\n<meta property=\"og:locale\" content=\"es_MX\" \/>\n<meta property=\"og:type\" content=\"article\" \/>\n<meta property=\"og:title\" content=\"Cont\u00e1ctenos\" \/>\n<meta property=\"og:description\" content=\"Cont\u00e1ctenos! Comun\u00edquese con el Lic. Hopkins, abogado de impuestos de TaxHelpLaw, con oficinas en Colorado Springs y Pueblo, Colorado.\" \/>\n<meta property=\"og:url\" content=\"https:\/\/taxhelplaw.com\/sptax\/firma\/contactenos\/\" \/>\n<meta property=\"og:site_name\" content=\"J. David Hopkins, JD LLM\" \/>\n<meta property=\"article:modified_time\" content=\"2022-12-16T07:59:05+00:00\" \/>\n<meta property=\"og:image\" content=\"https:\/\/taxhelplaw.com\/sptax\/wp-content\/uploads\/2022\/01\/taxhelpenespanol.jpg\" \/>\n<meta name=\"twitter:card\" content=\"summary_large_image\" \/>\n<meta name=\"twitter:label1\" content=\"Tiempo de lectura\" \/>\n\t<meta name=\"twitter:data1\" content=\"2 minutos\" \/>\n<script type=\"application\/ld+json\" class=\"yoast-schema-graph\">{\"@context\":\"https:\\\/\\\/schema.org\",\"@graph\":[{\"@type\":\"WebPage\",\"@id\":\"https:\\\/\\\/taxhelplaw.com\\\/sptax\\\/firma\\\/contactenos\\\/\",\"url\":\"https:\\\/\\\/taxhelplaw.com\\\/sptax\\\/firma\\\/contactenos\\\/\",\"name\":\"Cont\u00e1ctenos por sus problemas fiscales - J. David Hopkins, JD LLM\",\"isPartOf\":{\"@id\":\"https:\\\/\\\/taxhelplaw.com\\\/sptax\\\/#website\"},\"primaryImageOfPage\":{\"@id\":\"https:\\\/\\\/taxhelplaw.com\\\/sptax\\\/firma\\\/contactenos\\\/#primaryimage\"},\"image\":{\"@id\":\"https:\\\/\\\/taxhelplaw.com\\\/sptax\\\/firma\\\/contactenos\\\/#primaryimage\"},\"thumbnailUrl\":\"https:\\\/\\\/taxhelplaw.com\\\/sptax\\\/wp-content\\\/uploads\\\/2022\\\/01\\\/taxhelpenespanol.jpg\",\"datePublished\":\"2014-08-06T18:11:55+00:00\",\"dateModified\":\"2022-12-16T07:59:05+00:00\",\"description\":\"Cont\u00e1ctenos! Comun\u00edquese con el Lic. Hopkins, abogado de impuestos de TaxHelpLaw, con oficinas en Colorado Springs y Pueblo, Colorado.\",\"breadcrumb\":{\"@id\":\"https:\\\/\\\/taxhelplaw.com\\\/sptax\\\/firma\\\/contactenos\\\/#breadcrumb\"},\"inLanguage\":\"es\",\"potentialAction\":[{\"@type\":\"ReadAction\",\"target\":[\"https:\\\/\\\/taxhelplaw.com\\\/sptax\\\/firma\\\/contactenos\\\/\"]}]},{\"@type\":\"ImageObject\",\"inLanguage\":\"es\",\"@id\":\"https:\\\/\\\/taxhelplaw.com\\\/sptax\\\/firma\\\/contactenos\\\/#primaryimage\",\"url\":\"https:\\\/\\\/taxhelplaw.com\\\/sptax\\\/wp-content\\\/uploads\\\/2022\\\/01\\\/taxhelpenespanol.jpg\",\"contentUrl\":\"https:\\\/\\\/taxhelplaw.com\\\/sptax\\\/wp-content\\\/uploads\\\/2022\\\/01\\\/taxhelpenespanol.jpg\",\"width\":300,\"height\":101},{\"@type\":\"BreadcrumbList\",\"@id\":\"https:\\\/\\\/taxhelplaw.com\\\/sptax\\\/firma\\\/contactenos\\\/#breadcrumb\",\"itemListElement\":[{\"@type\":\"ListItem\",\"position\":1,\"name\":\"Home\",\"item\":\"https:\\\/\\\/taxhelplaw.com\\\/sptax\\\/\"},{\"@type\":\"ListItem\",\"position\":2,\"name\":\"Firma\",\"item\":\"https:\\\/\\\/taxhelplaw.com\\\/sptax\\\/firma\\\/\"},{\"@type\":\"ListItem\",\"position\":3,\"name\":\"Cont\u00e1ctenos\"}]},{\"@type\":\"WebSite\",\"@id\":\"https:\\\/\\\/taxhelplaw.com\\\/sptax\\\/#website\",\"url\":\"https:\\\/\\\/taxhelplaw.com\\\/sptax\\\/\",\"name\":\"J. David Hopkins, JD LLM\",\"description\":\"Maestr\u00eda en Derecho Tributario\",\"publisher\":{\"@id\":\"https:\\\/\\\/taxhelplaw.com\\\/sptax\\\/#organization\"},\"alternateName\":\"TaxHelpLaw en Espa\u00f1ol\",\"potentialAction\":[{\"@type\":\"SearchAction\",\"target\":{\"@type\":\"EntryPoint\",\"urlTemplate\":\"https:\\\/\\\/taxhelplaw.com\\\/sptax\\\/?s={search_term_string}\"},\"query-input\":{\"@type\":\"PropertyValueSpecification\",\"valueRequired\":true,\"valueName\":\"search_term_string\"}}],\"inLanguage\":\"es\"},{\"@type\":\"Organization\",\"@id\":\"https:\\\/\\\/taxhelplaw.com\\\/sptax\\\/#organization\",\"name\":\"TaxHelp, Inc.\",\"url\":\"https:\\\/\\\/taxhelplaw.com\\\/sptax\\\/\",\"logo\":{\"@type\":\"ImageObject\",\"inLanguage\":\"es\",\"@id\":\"https:\\\/\\\/taxhelplaw.com\\\/sptax\\\/#\\\/schema\\\/logo\\\/image\\\/\",\"url\":\"https:\\\/\\\/taxhelplaw.com\\\/sptax\\\/wp-content\\\/uploads\\\/2022\\\/01\\\/taxhelpenespanol.jpg\",\"contentUrl\":\"https:\\\/\\\/taxhelplaw.com\\\/sptax\\\/wp-content\\\/uploads\\\/2022\\\/01\\\/taxhelpenespanol.jpg\",\"width\":300,\"height\":101,\"caption\":\"TaxHelp, Inc.\"},\"image\":{\"@id\":\"https:\\\/\\\/taxhelplaw.com\\\/sptax\\\/#\\\/schema\\\/logo\\\/image\\\/\"}}]}<\/script>\n<!-- \/ Yoast SEO Premium plugin. -->","yoast_head_json":{"title":"Cont\u00e1ctenos por sus problemas fiscales - J. David Hopkins, JD LLM","description":"Cont\u00e1ctenos! Comun\u00edquese con el Lic. Hopkins, abogado de impuestos de TaxHelpLaw, con oficinas en Colorado Springs y Pueblo, Colorado.","robots":{"index":"index","follow":"follow","max-snippet":"max-snippet:-1","max-image-preview":"max-image-preview:large","max-video-preview":"max-video-preview:-1"},"canonical":"https:\/\/taxhelplaw.com\/sptax\/firma\/contactenos\/","og_locale":"es_MX","og_type":"article","og_title":"Cont\u00e1ctenos","og_description":"Cont\u00e1ctenos! Comun\u00edquese con el Lic. Hopkins, abogado de impuestos de TaxHelpLaw, con oficinas en Colorado Springs y Pueblo, Colorado.","og_url":"https:\/\/taxhelplaw.com\/sptax\/firma\/contactenos\/","og_site_name":"J. David Hopkins, JD LLM","article_modified_time":"2022-12-16T07:59:05+00:00","og_image":[{"url":"https:\/\/taxhelplaw.com\/sptax\/wp-content\/uploads\/2022\/01\/taxhelpenespanol.jpg","type":"","width":"","height":""}],"twitter_card":"summary_large_image","twitter_misc":{"Tiempo de lectura":"2 minutos"},"schema":{"@context":"https:\/\/schema.org","@graph":[{"@type":"WebPage","@id":"https:\/\/taxhelplaw.com\/sptax\/firma\/contactenos\/","url":"https:\/\/taxhelplaw.com\/sptax\/firma\/contactenos\/","name":"Cont\u00e1ctenos por sus problemas fiscales - J. David Hopkins, JD LLM","isPartOf":{"@id":"https:\/\/taxhelplaw.com\/sptax\/#website"},"primaryImageOfPage":{"@id":"https:\/\/taxhelplaw.com\/sptax\/firma\/contactenos\/#primaryimage"},"image":{"@id":"https:\/\/taxhelplaw.com\/sptax\/firma\/contactenos\/#primaryimage"},"thumbnailUrl":"https:\/\/taxhelplaw.com\/sptax\/wp-content\/uploads\/2022\/01\/taxhelpenespanol.jpg","datePublished":"2014-08-06T18:11:55+00:00","dateModified":"2022-12-16T07:59:05+00:00","description":"Cont\u00e1ctenos! Comun\u00edquese con el Lic. Hopkins, abogado de impuestos de TaxHelpLaw, con oficinas en Colorado Springs y Pueblo, Colorado.","breadcrumb":{"@id":"https:\/\/taxhelplaw.com\/sptax\/firma\/contactenos\/#breadcrumb"},"inLanguage":"es","potentialAction":[{"@type":"ReadAction","target":["https:\/\/taxhelplaw.com\/sptax\/firma\/contactenos\/"]}]},{"@type":"ImageObject","inLanguage":"es","@id":"https:\/\/taxhelplaw.com\/sptax\/firma\/contactenos\/#primaryimage","url":"https:\/\/taxhelplaw.com\/sptax\/wp-content\/uploads\/2022\/01\/taxhelpenespanol.jpg","contentUrl":"https:\/\/taxhelplaw.com\/sptax\/wp-content\/uploads\/2022\/01\/taxhelpenespanol.jpg","width":300,"height":101},{"@type":"BreadcrumbList","@id":"https:\/\/taxhelplaw.com\/sptax\/firma\/contactenos\/#breadcrumb","itemListElement":[{"@type":"ListItem","position":1,"name":"Home","item":"https:\/\/taxhelplaw.com\/sptax\/"},{"@type":"ListItem","position":2,"name":"Firma","item":"https:\/\/taxhelplaw.com\/sptax\/firma\/"},{"@type":"ListItem","position":3,"name":"Cont\u00e1ctenos"}]},{"@type":"WebSite","@id":"https:\/\/taxhelplaw.com\/sptax\/#website","url":"https:\/\/taxhelplaw.com\/sptax\/","name":"J. David Hopkins, JD LLM","description":"Maestr\u00eda en Derecho Tributario","publisher":{"@id":"https:\/\/taxhelplaw.com\/sptax\/#organization"},"alternateName":"TaxHelpLaw en Espa\u00f1ol","potentialAction":[{"@type":"SearchAction","target":{"@type":"EntryPoint","urlTemplate":"https:\/\/taxhelplaw.com\/sptax\/?s={search_term_string}"},"query-input":{"@type":"PropertyValueSpecification","valueRequired":true,"valueName":"search_term_string"}}],"inLanguage":"es"},{"@type":"Organization","@id":"https:\/\/taxhelplaw.com\/sptax\/#organization","name":"TaxHelp, Inc.","url":"https:\/\/taxhelplaw.com\/sptax\/","logo":{"@type":"ImageObject","inLanguage":"es","@id":"https:\/\/taxhelplaw.com\/sptax\/#\/schema\/logo\/image\/","url":"https:\/\/taxhelplaw.com\/sptax\/wp-content\/uploads\/2022\/01\/taxhelpenespanol.jpg","contentUrl":"https:\/\/taxhelplaw.com\/sptax\/wp-content\/uploads\/2022\/01\/taxhelpenespanol.jpg","width":300,"height":101,"caption":"TaxHelp, Inc."},"image":{"@id":"https:\/\/taxhelplaw.com\/sptax\/#\/schema\/logo\/image\/"}}]}},"jetpack_sharing_enabled":true,"_links":{"self":[{"href":"https:\/\/taxhelplaw.com\/sptax\/wp-json\/wp\/v2\/pages\/108","targetHints":{"allow":["GET"]}}],"collection":[{"href":"https:\/\/taxhelplaw.com\/sptax\/wp-json\/wp\/v2\/pages"}],"about":[{"href":"https:\/\/taxhelplaw.com\/sptax\/wp-json\/wp\/v2\/types\/page"}],"author":[{"embeddable":true,"href":"https:\/\/taxhelplaw.com\/sptax\/wp-json\/wp\/v2\/users\/1"}],"replies":[{"embeddable":true,"href":"https:\/\/taxhelplaw.com\/sptax\/wp-json\/wp\/v2\/comments?post=108"}],"version-history":[{"count":18,"href":"https:\/\/taxhelplaw.com\/sptax\/wp-json\/wp\/v2\/pages\/108\/revisions"}],"predecessor-version":[{"id":5032,"href":"https:\/\/taxhelplaw.com\/sptax\/wp-json\/wp\/v2\/pages\/108\/revisions\/5032"}],"up":[{"embeddable":true,"href":"https:\/\/taxhelplaw.com\/sptax\/wp-json\/wp\/v2\/pages\/1866"}],"wp:attachment":[{"href":"https:\/\/taxhelplaw.com\/sptax\/wp-json\/wp\/v2\/media?parent=108"}],"curies":[{"name":"wp","href":"https:\/\/api.w.org\/{rel}","templated":true}]}}